{"id":3256,"date":"2022-04-09T15:42:01","date_gmt":"2022-04-09T13:42:01","guid":{"rendered":"https:\/\/therefore.net\/?page_id=3256"},"modified":"2026-01-06T23:56:24","modified_gmt":"2026-01-06T22:56:24","slug":"home","status":"publish","type":"page","link":"https:\/\/therefore.net\/de\/","title":{"rendered":"Home"},"content":{"rendered":"<section class=\"custom-block hero-slider\">\n    <div class=\"hero-slider swiper-container\" data-timer=\"5000\">\n        <div class=\"swiper-wrapper swiper-wrapper--p-t\">\n                                                        <div class=\"swiper-slide\" data-swiper-autoplay=\"5000\">\n                    <div class=\"container hero-slider__container\">\n                        <div class=\"hero-slider__slide\">\n                            <div class=\"hero-slider__slide-left\">\n                                <h4 class=\"hero-slider__title\">\n                                    Jetzt erh\u00e4ltlich: Therefore\u2122 Online v34\n                                <\/h4>\n                                <p class=\"hero-slider__text text-light\">\n                                    Entdecken Sie unsere Integration mit Microsoft Copilot, unseren eInvoice-Konnektor und vieles mehr.\n                                <\/p>\n                                                                <a class=\"main-button main-button--with-arrow\" target=\"\"\n                                    href=\"https:\/\/therefore.net\/blog\/coming-soon-therefore-online-v34\/\">Mehr lesen (auf Englisch)<\/a>\n                                                            <\/div>\n                                                        <div class=\"hero-slider__slide-right\">\n                                <img fetchpriority=\"high\" decoding=\"async\" width=\"1280\" height=\"1040\" src=\"https:\/\/therefore.net\/wp\/..\/app\/uploads\/2026\/01\/v34-Launch-Hero-Animated1.gif\" class=\"attachment-full size-full\" alt=\"\" loading=\"eager\" \/>\n                            <\/div>\n                                                    <\/div>\n                    <\/div>\n                <\/div>\n                                            <div class=\"swiper-slide\" data-swiper-autoplay=\"5000\">\n                    <div class=\"container hero-slider__container\">\n                        <div class=\"hero-slider__slide\">\n                            <div class=\"hero-slider__slide-left\">\n                                <h2 class=\"hero-slider__title\">\n                                    ECM-Marktf\u00fchrer und Nummer 1 bei der Workflow-Automatisierung\n                                <\/h2>\n                                <p class=\"hero-slider__text text-light\">\n                                    Therefore\u2122 wurde von SoftwareReviews als f\u00fchrend in der ECM-Branche und als Nummer 1 f\u00fcr Workflow-Automatisierung eingestuft.\n                                <\/p>\n                                                                <a class=\"main-button main-button--with-arrow\" target=\"\"\n                                    href=\"https:\/\/therefore.net\/de\/auszeichnungen-zertifizierungen\/software-review-awards-2022\/\">Mehr lesen<\/a>\n                                                            <\/div>\n                                                        <div class=\"hero-slider__slide-right\">\n                                <img decoding=\"async\" width=\"1280\" height=\"1040\" src=\"https:\/\/therefore.net\/wp\/..\/app\/uploads\/2026\/01\/ITRG-Hero-Banner-2025-Animated.gif\" class=\"attachment-full size-full\" alt=\"Ein komplett schwarzes Bild ohne sichtbare Objekte, Formen oder Farben.\" loading=\"eager\" \/>\n                            <\/div>\n                                                    <\/div>\n                    <\/div>\n                <\/div>\n                                            <div class=\"swiper-slide\" data-swiper-autoplay=\"5000\">\n                    <div class=\"container hero-slider__container\">\n                        <div class=\"hero-slider__slide\">\n                            <div class=\"hero-slider__slide-left\">\n                                <h2 class=\"hero-slider__title\">\n                                    Speichern, verwalten und verarbeiten Sie Ihre Informationen.\n                                <\/h2>\n                                <p class=\"hero-slider__text text-light\">\n                                    Was auch immer Ihre Anforderungen an das Informationsmanagement sind, Therefore\u2122 erf\u00fcllt sie.\n                                <\/p>\n                                                                <a class=\"main-button main-button--with-arrow\" target=\"\"\n                                    href=\"https:\/\/therefore.net\/de\/ueber-uns\/produkte\/\">Mehr lesen<\/a>\n                                                            <\/div>\n                                                        <div class=\"hero-slider__slide-right\">\n                                <img decoding=\"async\" width=\"1280\" height=\"1040\" src=\"https:\/\/therefore.net\/wp\/..\/app\/uploads\/2026\/01\/General-Hero-Animated.gif\" class=\"attachment-full size-full\" alt=\"\" loading=\"eager\" \/>\n                            <\/div>\n                                                    <\/div>\n                    <\/div>\n                <\/div>\n                                <\/div>\n        <div class=\"swiper-pagination\"><\/div>\n    <\/div>\n<\/section>\n\n\n<div class=\"custom-block simple-paragraph\">\n    <div class=\"container\">\n        <div class=\"blog-post__content blog-post__content--wide\">\n            <p><img decoding=\"async\" class=\"alignnone size-large wp-image-10403\" src=\"https:\/\/therefore.net\/wp\/..\/app\/uploads\/2025\/12\/ITRG2025-Banner-DE-1024x481.png\" alt=\"Werbegrafik f\u00fcr Therefore als 2025 SoftwareReviews Champion, mit Auszeichnungen in den Bereichen Workflow-Automatisierung, Funktionsumfang, Gesch\u00e4ftswert und mehr, dargestellt mit blauen und goldenen Abzeichen-Symbolen. Text in Deutsch und Englisch.\" width=\"1024\" height=\"481\" srcset=\"https:\/\/therefore.net\/wp\/..\/app\/uploads\/2025\/12\/ITRG2025-Banner-DE-1024x481.png 1024w, https:\/\/therefore.net\/wp\/..\/app\/uploads\/2025\/12\/ITRG2025-Banner-DE-300x141.png 300w, https:\/\/therefore.net\/wp\/..\/app\/uploads\/2025\/12\/ITRG2025-Banner-DE-768x361.png 768w, https:\/\/therefore.net\/wp\/..\/app\/uploads\/2025\/12\/ITRG2025-Banner-DE-1536x721.png 1536w, https:\/\/therefore.net\/wp\/..\/app\/uploads\/2025\/12\/ITRG2025-Banner-DE-2048x962.png 2048w\" sizes=\"(max-width: 1024px) 100vw, 1024px\" \/><\/p>\n\n        <\/div>\n\n                    <a class=\"blog-post__content__link main-button\" href=\"https:\/\/therefore.net\/de\/auszeichnungen-zertifizierungen\/software-review-awards\/\" target=\"_blank\">Erfahren Sie, warum Therefore\u2122 als die Nr. 1 unter den Workflow-Automatisierungsl\u00f6sungen auf dem Markt bewertet wurde<\/a>\n            <\/div>\n<\/div>\n\n\n\n<section class=\"custom-block left-image-right-text\">\n    <div class=\"container  left-image-right-text__container\">\n        <div class=\"left-image-right-text__inner\">\n            <div class=\"left-image-right-text__image-wrapper\">\n                                    <img decoding=\"async\" width=\"1410\" height=\"880\" src=\"https:\/\/therefore.net\/wp\/..\/app\/uploads\/2026\/01\/What-is-Therefore-DE.png\" class=\"attachment-full size-full\" alt=\"Ein Screenshot der Therefore-Plattform zeigt eine digitale Ordnerstruktur f\u00fcr Personalakten. Vier beschriftete Icons mit illustrierten Personen heben die einzelnen Schritte hervor: &quot;Erfassen&quot;, &quot;Suchen&quot;, &quot;Verarbeiten&quot; und &quot;Analysieren&quot;.\" loading=\"eager\" srcset=\"https:\/\/therefore.net\/wp\/..\/app\/uploads\/2026\/01\/What-is-Therefore-DE.png 1410w, https:\/\/therefore.net\/wp\/..\/app\/uploads\/2026\/01\/What-is-Therefore-DE-300x187.png 300w, https:\/\/therefore.net\/wp\/..\/app\/uploads\/2026\/01\/What-is-Therefore-DE-1024x639.png 1024w, https:\/\/therefore.net\/wp\/..\/app\/uploads\/2026\/01\/What-is-Therefore-DE-768x479.png 768w\" sizes=\"(max-width: 1410px) 100vw, 1410px\" \/>\n                            <\/div>\n            <div class=\"left-image-right-text__text-wrapper\">\n                <h2 class=\"left-image-right-text__title\">\n                    Was ist Therefore\u2122?\n                <\/h2>\n                <div class=\"left-image-right-text__text\">Ob Sie nun Dokumente importieren und integrieren, gemeinsam nutzen und vergleichen, speichern und abrufen oder verteilen und drucken, Therefore\u2122 gibt Ihnen und Ihren Mitarbeitern die M\u00f6glichkeit, einfach und schnell auf ben\u00f6tigte Informationen zuzugreifen und damit zu arbeiten.<br \/>\r\n<br \/>\r\nTherefore\u2122 revolutioniert die Art und Weise, wie Informationen in Ihrem Unternehmen verwaltet und gemeinsam genutzt werden. Keine fehlenden Informationen mehr. Keine Zeitverschwendung bei der Suche nach Dokumenten. Nur ein schneller, effizienter Informationsfluss, der Ihnen einen produktiven Gesch\u00e4ftsvorteil verschafft.<\/div>\n                                <a class=\"main-button main-button--with-arrow\" target=\"\"\n                    href=\"https:\/\/therefore.net\/de\/loesungen\/\">Alle Therefore\u2122-L\u00f6sungen<\/a>\n                            <\/div>\n        <\/div>\n    <\/div>\n<\/section>\n\n\n\n<section class=\"custom-block video-img-section  video-img-section--reversed\">\n    <div class=\"container video-img-section__container\">\n\n        <div class=\"video-img-section__row\">\n            <div class=\"video-img-section__media video-img-section__media\">\n                                <div class=\"video-img-section__media__item video-img-section__media__item--video\">\n                                            <video src=\"https:\/\/therefore.net\/wp\/..\/app\/uploads\/2023\/06\/WhatIsTf-1min-Site-DE.mp4\" name=\"whatistf-1min-site-de\" controls><\/video>\n                                    <\/div>\n                            <\/div>\n\n            <div class=\"video-img-section__content\">\n                                                        <h2 class=\"video-img-section__title\">Es dauert weniger als eine Minute, um zu sehen, wie Therefore\u2122 Ihr Unternehmen unterst\u00fctzen kann!<\/h2>\n                \n                            <\/div>\n        <\/div>\n\n\n    <\/div>\n\n<\/section>\n\n\n<section class=\"custom-block case-studies-block\">\n    <div class=\"container case-studies-block__container\">\n        <h2 class=\"case-studies-block__title\">\n            Fallstudien\n        <\/h2>\n\n                        <div class=\"case-studies-block__footer\">\n            <p class=\"case-studies-block__footer-text\">Therefore\u2122 hat <strong>Tausenden<\/strong> von Kunden auf der ganzen Welt geholfen, ihre wichtigen Gesch\u00e4ftsinformationen zu verwalten. <br \/>\r\nKlicken Sie hier, um unsere Seite \u201eFallstudien\u201c auf Englisch zu besuchen, und filtern Sie nach Deutsch als Sprache, um relevante F\u00e4lle anzuzeigen.<\/p>\n            <a href=\"https:\/\/therefore.net\/case-studies\" class=\"round-arrow-button\"><\/a>\n        <\/div>\n            <\/div>\n<\/section>\n\n\n<section class=\"custom-block capabilities-block\">\n    <div class=\"container  capabilities-block__container\">\n        <div class=\"capabilities-block__inner\">\n            <div class=\"capabilities-block__left\">\n                <h2 class=\"capabilities-block__title\">\n                    Funktionen\n                <\/h2>\n                <p class=\"capabilities-block__text\">Modernste Funktionen und ein ansprechendes Benutzererlebnis heben Therefore\u2122 von der Masse ab.<\/p>\n                                <a href=\"https:\/\/therefore.net\/de\/funktionen\/\" target=\"\"\n                    class=\"capabilities-block__link main-button main-button--with-arrow\">Alle Funktionen ansehen<\/a>\n                                <div class=\"capabilities-block__blue-block-img\">\n                    <img decoding=\"async\" loading=\"lazy\" src=\"https:\/\/therefore.net\/app\/themes\/osom-theme\/src\/img\/\/blue.svg\" alt=\"\">\n                <\/div>\n            <\/div>\n            <div class=\"capabilities-block__right\">\n                <div class=\"capabilities-block__bg-image\">\n                    <img decoding=\"async\" loading=\"lazy\" src=\"https:\/\/therefore.net\/app\/themes\/osom-theme\/src\/img\/\/capa-bg.png\" alt=\"\">\n                <\/div>\n                                <div class=\"capabilities-block__capability-list\">\n                                                                    <div class=\"capabilities-block__cabability-item capability-item\">\n                            <div class=\"capability-item__inner\">\n                                <h2 class=\"capability-item__title\">\n                                    Workflow\n                                <\/h2>\n                                <p class=\"capability-item__text\">Mit Therefore\u2122 Workflow k\u00f6nnen Sie Ihre Gesch\u00e4ftsprozesse digitalisieren.<\/p>\n                                                                <a href=\"https:\/\/therefore.net\/de\/funktionen\/workflow\/\" target=\"\"\n                                    class=\"capability-item__link arrow-link link-accent\">Mehr lesen<\/a>\n                                                            <\/div>\n                                                    <\/div>\n                                                                    <div class=\"capabilities-block__cabability-item capability-item\">\n                            <div class=\"capability-item__inner\">\n                                <h2 class=\"capability-item__title\">\n                                    Erfassung\n                                <\/h2>\n                                <p class=\"capability-item__text\">Befreien Sie Ihr Unternehmen von Papier und erm\u00f6glichen Sie die digitale Abwicklung Ihrer Gesch\u00e4ftsprozesse.<\/p>\n                                                                <a href=\"https:\/\/therefore.net\/de\/funktionen\/erfassung\/\" target=\"\"\n                                    class=\"capability-item__link arrow-link link-accent\">Mehr lesen<\/a>\n                                                            <\/div>\n                                                    <\/div>\n                                                                    <div class=\"capabilities-block__cabability-item capability-item\">\n                            <div class=\"capability-item__inner\">\n                                <h2 class=\"capability-item__title\">\n                                    Berichte\n                                <\/h2>\n                                <p class=\"capability-item__text\">Mit Therefore\u2122 ist es einfacher denn je, auf die wichtigsten Analysen Ihres Unternehmens zuzugreifen.<\/p>\n                                                                <a href=\"https:\/\/therefore.net\/de\/funktionen\/berichterstattung\/\" target=\"\"\n                                    class=\"capability-item__link arrow-link link-accent\">Mehr lesen<\/a>\n                                                            <\/div>\n                                                    <\/div>\n                                                                    <div class=\"capabilities-block__cabability-item capability-item\">\n                            <div class=\"capability-item__inner\">\n                                <h2 class=\"capability-item__title\">\n                                    Archivierung\n                                <\/h2>\n                                <p class=\"capability-item__text\">Die sichere Aufbewahrung von Gesch\u00e4ftsdokumenten ist f\u00fcr jedes Unternehmen unerl\u00e4sslich.<\/p>\n                                                                <a href=\"https:\/\/therefore.net\/de\/funktionen\/archivierung\/\" target=\"\"\n                                    class=\"capability-item__link arrow-link link-accent\">Mehr lesen<\/a>\n                                                            <\/div>\n                                                        <div class=\"capability-item__number-wrapper\">\n                                <p class=\"capability-item__number-count\">Hunderte <\/p>\n                                <p class=\"capability-item__number-desc\">einzigartigen Funktionen und M\u00f6glichkeiten, die das Informationsmanagement zum Kinderspiel machen.<\/p>\n                            <\/div>\n                                                    <\/div>\n                                    <\/div>\n                            <\/div>\n        <\/div>\n    <\/div>\n<\/section>\n\n\n<section class=\"custom-block about-us-block\">\n    <div class=\"container about-us-block__container\">\n        <div class=\"about-us-block__inner\">\n            <div class=\"about-us-block__left\">\n                <img decoding=\"async\" width=\"1840\" height=\"980\" src=\"https:\/\/therefore.net\/wp\/..\/app\/uploads\/2023\/03\/1840x980-8.png\" class=\"about-us-block__image\" alt=\"Eine Gruppe von Menschen steht zusammen, l\u00e4chelt und stapelt ihre H\u00e4nde in der Mitte, was Teamwork und Einigkeit symbolisiert. Sie tragen legere Business-Kleidung.\" srcset=\"https:\/\/therefore.net\/wp\/..\/app\/uploads\/2023\/03\/1840x980-8.png 1840w, https:\/\/therefore.net\/wp\/..\/app\/uploads\/2023\/03\/1840x980-8-300x160.png 300w, https:\/\/therefore.net\/wp\/..\/app\/uploads\/2023\/03\/1840x980-8-1024x545.png 1024w, https:\/\/therefore.net\/wp\/..\/app\/uploads\/2023\/03\/1840x980-8-768x409.png 768w, https:\/\/therefore.net\/wp\/..\/app\/uploads\/2023\/03\/1840x980-8-1536x818.png 1536w\" sizes=\"(max-width: 1840px) 100vw, 1840px\" \/>\n                <p class=\"about-us-block__text\">Therefore Corporation bietet Informationsmanagement-Software f\u00fcr Unternehmen jeder Gr\u00f6\u00dfe, Branche und Abteilung. Unsere L\u00f6sungen tragen dazu bei, die Sicherheit zu erh\u00f6hen, den Zugang zu Dokumenten zu erleichtern, die Sichtbarkeit von \u00c4nderungen zu verbessern und die Mitarbeiter dabei zu unterst\u00fctzen, effizienter und produktiver zu werden.<br \/>\r\n<br \/>\r\nUm diese Ziele zu erreichen, bieten wir eine breite Palette von Tools an, die von einem flexiblen Workflow-Modul \u00fcber die Integration in Ihre bestehenden Systeme bis hin zu Case Management, mobilem Zugriff und Erfassungstools reichen.<\/p>\n            <\/div>\n            <div class=\"about-us-block__box\">\n                <h2 class=\"about-us-block__title\">\n                    \u00dcber uns\n                <\/h2>\n                <p class=\"about-us-block__box-text\">Wir haben unseren Sitz im sch\u00f6nen \u00d6sterreich und arbeiten leidenschaftlich an der Entwicklung von Technologien f\u00fcr Menschen.<\/p>\n                                <a href=\"https:\/\/therefore.net\/de\/ueber-uns\/\" target=\"\"\n                    class=\"main-button main-button--with-arrow\">Mehr \u00fcber uns<\/a>\n                            <\/div>\n        <\/div>\n    <\/div>\n<\/section>\n\n\n<section class=\"custom-block webinars\">\n    <div class=\"container\">\n        <div class=\"webinars__inner\">\n                        <div class=\"webinars__image-wrapper\">\n                <img decoding=\"async\" width=\"339\" height=\"280\" src=\"https:\/\/therefore.net\/wp\/..\/app\/uploads\/2022\/04\/weinar-image.png\" class=\"attachment-full size-full\" alt=\"Illustration eines blauen, ge\u00f6ffneten Umschlags mit einem wei\u00dfen, teilweise sichtbaren Brief im Inneren vor einem hellen Hintergrund.\" srcset=\"https:\/\/therefore.net\/wp\/..\/app\/uploads\/2022\/04\/weinar-image.png 339w, https:\/\/therefore.net\/wp\/..\/app\/uploads\/2022\/04\/weinar-image-300x248.png 300w\" sizes=\"(max-width: 339px) 100vw, 339px\" \/>\n            <\/div>\n                        <div class=\"webinars__text-wrapper\">\n                <h2 class=\"webinars__title\">\n                    Kontakt\n                <\/h2>\n                <p class=\"webinars__text\">Haben Sie Fragen zu unseren Produkten und Dienstleistungen? Lassen Sie uns wissen, wie wir helfen k\u00f6nnen!<\/p>\n                                    <a href=\"https:\/\/therefore.net\/de\/kontakt\/\" class=\"main-button main-button--with-arrow main-button--white\" target=\"\">Kontaktieren Sie uns<\/a>\n                            <\/div>\n        <\/div>\n    <\/div>\n<\/section>\n","protected":false},"excerpt":{"rendered":"","protected":false},"author":5,"featured_media":0,"parent":0,"menu_order":0,"comment_status":"closed","ping_status":"closed","template":"","meta":{"_acf_changed":false,"inline_featured_image":false,"footnotes":""},"class_list":["post-3256","page","type-page","status-publish","hentry"],"acf":[],"yoast_head":"<!-- This site is optimized with the Yoast SEO plugin v27.3 - https:\/\/yoast.com\/product\/yoast-seo-wordpress\/ -->\n<title>Home - Therefore<\/title>\n<meta name=\"robots\" content=\"index, follow, max-snippet:-1, max-image-preview:large, max-video-preview:-1\" \/>\n<link rel=\"canonical\" href=\"https:\/\/therefore.net\/de\/\" \/>\n<script type=\"application\/ld+json\" class=\"yoast-schema-graph\">{\"@context\":\"https:\\\/\\\/schema.org\",\"@graph\":[{\"@type\":\"WebPage\",\"@id\":\"https:\\\/\\\/therefore.net\\\/de\\\/\",\"url\":\"https:\\\/\\\/therefore.net\\\/de\\\/\",\"name\":\"Home - Therefore\",\"isPartOf\":{\"@id\":\"https:\\\/\\\/therefore.net\\\/de\\\/#website\"},\"datePublished\":\"2022-04-09T13:42:01+00:00\",\"dateModified\":\"2026-01-06T22:56:24+00:00\",\"breadcrumb\":{\"@id\":\"https:\\\/\\\/therefore.net\\\/de\\\/#breadcrumb\"},\"inLanguage\":\"de-DE\",\"potentialAction\":[{\"@type\":\"ReadAction\",\"target\":[\"https:\\\/\\\/therefore.net\\\/de\\\/\"]}]},{\"@type\":\"BreadcrumbList\",\"@id\":\"https:\\\/\\\/therefore.net\\\/de\\\/#breadcrumb\",\"itemListElement\":[{\"@type\":\"ListItem\",\"position\":1,\"name\":\"Home\",\"item\":\"https:\\\/\\\/therefore.net\\\/de\\\/\"},{\"@type\":\"ListItem\",\"position\":2,\"name\":\"Home\"}]},{\"@type\":\"WebSite\",\"@id\":\"https:\\\/\\\/therefore.net\\\/de\\\/#website\",\"url\":\"https:\\\/\\\/therefore.net\\\/de\\\/\",\"name\":\"Therefore\",\"description\":\"\",\"publisher\":{\"@id\":\"https:\\\/\\\/therefore.net\\\/de\\\/#organization\"},\"potentialAction\":[{\"@type\":\"SearchAction\",\"target\":{\"@type\":\"EntryPoint\",\"urlTemplate\":\"https:\\\/\\\/therefore.net\\\/de\\\/?s={search_term_string}\"},\"query-input\":{\"@type\":\"PropertyValueSpecification\",\"valueRequired\":true,\"valueName\":\"search_term_string\"}}],\"inLanguage\":\"de-DE\"},{\"@type\":\"Organization\",\"@id\":\"https:\\\/\\\/therefore.net\\\/de\\\/#organization\",\"name\":\"Therefore\",\"url\":\"https:\\\/\\\/therefore.net\\\/de\\\/\",\"logo\":{\"@type\":\"ImageObject\",\"inLanguage\":\"de-DE\",\"@id\":\"https:\\\/\\\/therefore.net\\\/de\\\/#\\\/schema\\\/logo\\\/image\\\/\",\"url\":\"https:\\\/\\\/therefore.net\\\/wp\\\/..\\\/app\\\/uploads\\\/2022\\\/04\\\/logo.png\",\"contentUrl\":\"https:\\\/\\\/therefore.net\\\/wp\\\/..\\\/app\\\/uploads\\\/2022\\\/04\\\/logo.png\",\"width\":176,\"height\":48,\"caption\":\"Therefore\"},\"image\":{\"@id\":\"https:\\\/\\\/therefore.net\\\/de\\\/#\\\/schema\\\/logo\\\/image\\\/\"},\"sameAs\":[\"https:\\\/\\\/www.linkedin.com\\\/company\\\/therefore-corporation\\\/\",\"https:\\\/\\\/www.youtube.com\\\/user\\\/ThereforeTV\"]}]}<\/script>\n<!-- \/ Yoast SEO plugin. -->","yoast_head_json":{"title":"Home - Therefore","robots":{"index":"index","follow":"follow","max-snippet":"max-snippet:-1","max-image-preview":"max-image-preview:large","max-video-preview":"max-video-preview:-1"},"canonical":"https:\/\/therefore.net\/de\/","schema":{"@context":"https:\/\/schema.org","@graph":[{"@type":"WebPage","@id":"https:\/\/therefore.net\/de\/","url":"https:\/\/therefore.net\/de\/","name":"Home - Therefore","isPartOf":{"@id":"https:\/\/therefore.net\/de\/#website"},"datePublished":"2022-04-09T13:42:01+00:00","dateModified":"2026-01-06T22:56:24+00:00","breadcrumb":{"@id":"https:\/\/therefore.net\/de\/#breadcrumb"},"inLanguage":"de-DE","potentialAction":[{"@type":"ReadAction","target":["https:\/\/therefore.net\/de\/"]}]},{"@type":"BreadcrumbList","@id":"https:\/\/therefore.net\/de\/#breadcrumb","itemListElement":[{"@type":"ListItem","position":1,"name":"Home","item":"https:\/\/therefore.net\/de\/"},{"@type":"ListItem","position":2,"name":"Home"}]},{"@type":"WebSite","@id":"https:\/\/therefore.net\/de\/#website","url":"https:\/\/therefore.net\/de\/","name":"Therefore","description":"","publisher":{"@id":"https:\/\/therefore.net\/de\/#organization"},"potentialAction":[{"@type":"SearchAction","target":{"@type":"EntryPoint","urlTemplate":"https:\/\/therefore.net\/de\/?s={search_term_string}"},"query-input":{"@type":"PropertyValueSpecification","valueRequired":true,"valueName":"search_term_string"}}],"inLanguage":"de-DE"},{"@type":"Organization","@id":"https:\/\/therefore.net\/de\/#organization","name":"Therefore","url":"https:\/\/therefore.net\/de\/","logo":{"@type":"ImageObject","inLanguage":"de-DE","@id":"https:\/\/therefore.net\/de\/#\/schema\/logo\/image\/","url":"https:\/\/therefore.net\/wp\/..\/app\/uploads\/2022\/04\/logo.png","contentUrl":"https:\/\/therefore.net\/wp\/..\/app\/uploads\/2022\/04\/logo.png","width":176,"height":48,"caption":"Therefore"},"image":{"@id":"https:\/\/therefore.net\/de\/#\/schema\/logo\/image\/"},"sameAs":["https:\/\/www.linkedin.com\/company\/therefore-corporation\/","https:\/\/www.youtube.com\/user\/ThereforeTV"]}]}},"_links":{"self":[{"href":"https:\/\/therefore.net\/de\/wp-json\/wp\/v2\/pages\/3256","targetHints":{"allow":["GET"]}}],"collection":[{"href":"https:\/\/therefore.net\/de\/wp-json\/wp\/v2\/pages"}],"about":[{"href":"https:\/\/therefore.net\/de\/wp-json\/wp\/v2\/types\/page"}],"author":[{"embeddable":true,"href":"https:\/\/therefore.net\/de\/wp-json\/wp\/v2\/users\/5"}],"replies":[{"embeddable":true,"href":"https:\/\/therefore.net\/de\/wp-json\/wp\/v2\/comments?post=3256"}],"version-history":[{"count":40,"href":"https:\/\/therefore.net\/de\/wp-json\/wp\/v2\/pages\/3256\/revisions"}],"predecessor-version":[{"id":10853,"href":"https:\/\/therefore.net\/de\/wp-json\/wp\/v2\/pages\/3256\/revisions\/10853"}],"wp:attachment":[{"href":"https:\/\/therefore.net\/de\/wp-json\/wp\/v2\/media?parent=3256"}],"curies":[{"name":"wp","href":"https:\/\/api.w.org\/{rel}","templated":true}]}}