{"id":3296,"date":"2022-06-01T09:21:35","date_gmt":"2022-06-01T07:21:35","guid":{"rendered":"https:\/\/therefore.net\/ueber-uns\/"},"modified":"2025-12-04T22:31:07","modified_gmt":"2025-12-04T21:31:07","slug":"ueber-uns","status":"publish","type":"page","link":"https:\/\/therefore.net\/de\/ueber-uns\/","title":{"rendered":"\u00dcber uns"},"content":{"rendered":"<section class=\"custom-block benefits-left-image about-us-top-block\">\n    <div class=\"container  benefits-left-image__container\">\n        <div class=\"benefits-left-image__inner\">\n            <div class=\"benefits-left-image__image-wrapper \">\n                                    <img decoding=\"async\" width=\"1600\" height=\"1300\" src=\"https:\/\/therefore.net\/wp\/..\/app\/uploads\/2023\/03\/1600x1300-6.png\" class=\"attachment-full size-full\" alt=\"Five people in casual clothes sit and stand around desks in a modern office, smiling at the camera. Some have coffee cups, and computer monitors and office chairs are visible in the background.\" srcset=\"https:\/\/therefore.net\/wp\/..\/app\/uploads\/2023\/03\/1600x1300-6.png 1600w, https:\/\/therefore.net\/wp\/..\/app\/uploads\/2023\/03\/1600x1300-6-300x244.png 300w, https:\/\/therefore.net\/wp\/..\/app\/uploads\/2023\/03\/1600x1300-6-1024x832.png 1024w, https:\/\/therefore.net\/wp\/..\/app\/uploads\/2023\/03\/1600x1300-6-768x624.png 768w, https:\/\/therefore.net\/wp\/..\/app\/uploads\/2023\/03\/1600x1300-6-1536x1248.png 1536w\" sizes=\"(max-width: 1600px) 100vw, 1600px\" \/>\n                            <\/div>\n            <div class=\"benefits-left-image__text-wrapper\">\n                                \n                    <div class=\"benefits-left-image__paragraph-wrapper\">\n                                                <h2 class=\"benefits-left-image__title\">\n                            Wer wir sind\n                        <\/h2>\n                        <div class=\"benefits-left-image__text\"><p>Wir sind im sch\u00f6nen \u00d6sterreich ans\u00e4ssig und entwickeln mit Leidenschaft Technologien f\u00fcr Menschen. Der Eckpfeiler unserer Entwicklung ist unser Engagement, unseren Kunden zuzuh\u00f6ren. Wir werden von den Investoren Canon und Equity 51 unterst\u00fctzt und sind ein dynamisches Unternehmen.<\/p>\n<\/div>\n                    <\/div>\n\n                \n                    <div class=\"benefits-left-image__paragraph-wrapper\">\n                                                <h2 class=\"benefits-left-image__title\">\n                            Was wir tun\n                        <\/h2>\n                        <div class=\"benefits-left-image__text\"><div class=\"wpb_text_column wpb_content_element \">\n<div class=\"wpb_wrapper\">\n<p>Therefore Corporation bietet Informationsmanagement-Software f\u00fcr Unternehmen jeder Gr\u00f6\u00dfe, Branche und Abteilung. Unsere L\u00f6sungen tragen dazu bei, die Sicherheit zu erh\u00f6hen, den Zugang zu Dokumenten zu erleichtern, die Sichtbarkeit von \u00c4nderungen zu verbessern und die Mitarbeiter dabei zu unterst\u00fctzen, effizienter und produktiver zu werden.<\/p>\n<p>&nbsp;<\/p>\n<p>Um diese Ziele zu erreichen, bieten wir eine breite Palette von Tools an, die von einem flexiblen Workflow-Modul \u00fcber die Integration in Ihre bestehenden Systeme bis hin zu Case Management, mobilem Zugriff und Erfassungstools reichen.<\/p>\n<\/div>\n<\/div>\n<\/div>\n                    <\/div>\n\n                                \n                                    <a class=\"benefits-left-image__link main-button\" href=\"https:\/\/therefore.net\/de\/ueber-uns\/produkte\/\" target=\"\">Unser Produkt<\/a>\n                            <\/div>\n        <\/div>\n    <\/div>\n<\/section>\n\n\n<section class=\"custom-block our-team accordion-item\">\n    <div class=\"container our-team__container\">\n                                <h2 class=\"our-team__title\">Unser Management-Team<\/h2>\n        \n                <div class=\"our-team__members our-team__members--visible\">\n                            <div class=\"our-team__member\">\n    <div class=\"our-team__member__person\">\n        <div class=\"our-team__member__image-wrapper\">\n            <img decoding=\"async\" src=\"https:\/\/therefore.net\/wp\/..\/app\/uploads\/2025\/12\/Michael-Heitz-CEO-150x150.png\" alt=\"Michael&#x20;Heitz\" loading=\"lazy\">\n        <\/div>\n        <div class=\"our-team__member__signature\">\n                            <span class=\"our-team__member__name\">Michael Heitz<\/span>\n                                        <span class=\"our-team__member__position\">Chief Executive Officer<\/span>\n                    <\/div>\n    <\/div>\n    <p class=\"our-team__member__text\">\n        Michael Heitz ist ein weltweit t\u00e4tiger Unternehmensleiter, der sich leidenschaftlich f\u00fcr den Aufbau von Unternehmen einsetzt, die Technologie, Menschen und Ziele miteinander verbinden. Als CEO von Therefore konzentriert er sich darauf, durch Innovation und au\u00dfergew\u00f6hnliche Kundenerlebnisse eine nachhaltige Wirkung zu erzielen. \n    <\/p>\n<\/div>\n                            <div class=\"our-team__member our-team__member--reversed\">\n    <div class=\"our-team__member__person\">\n        <div class=\"our-team__member__image-wrapper\">\n            <img decoding=\"async\" src=\"https:\/\/therefore.net\/wp\/..\/app\/uploads\/2022\/06\/about-us-stephan-barth-150x150.png\" alt=\"Stephan&#x20;Barth\" loading=\"lazy\">\n        <\/div>\n        <div class=\"our-team__member__signature\">\n                            <span class=\"our-team__member__name\">Stephan Barth<\/span>\n                                        <span class=\"our-team__member__position\">Chief Technical Officer<\/span>\n                    <\/div>\n    <\/div>\n    <p class=\"our-team__member__text\">\n        Stephan Barth verf\u00fcgt \u00fcber mehr als 20 Jahre Erfahrung in der Entwicklung von Informationsmanagement-Software und hat seit der Gr\u00fcndung des Unternehmens eine wichtige Rolle bei dessen Entwicklung gespielt. Stephan Barth ist verantwortlich f\u00fcr die gesamte Entwicklung und Implementierung der Therefore\u2122 Informationsmanagement-Software.\n    <\/p>\n<\/div>\n                    <\/div>\n                \n    <\/div>\n<\/section>\n\n\n<section class=\"custom-block join-therefore\">\n    <div class=\"container\">\n        <div class=\"join-therefore__inner\">\n                        <div class=\"join-therefore__title-wrapper\">\n                                <h4 class=\"join-therefore__title\">\n                    Werden Sie Teil unseres Teams!\n                <\/h4>\n            <\/div>\n                        <div class=\"join-therefore__text-wrapper\">\n                <p class=\"join-therefore__text\">Bei Therefore dreht sich alles um den Menschen. Das hei\u00dft, wenn Sie zu unserem Team sto\u00dfen, denken wir daran, die Stelle an Ihre Interessen und Talente anzupassen, anstatt zu versuchen, Sie in eine vorgefertigte Position zu pressen.<\/p>\n                                    <a href=\"https:\/\/therefore.net\/de\/karriere\/\" class=\"main-button main-button--with-arrow main-button--white\" target=\"\">Wir erweitern unser Team<\/a>\n                            <\/div>\n        <\/div>\n    <\/div>\n<\/section>\n\n\n\n<section class=\"custom-block video-img-section video-img-section--shape \">\n    <div class=\"container video-img-section__container\">\n\n        <div class=\"video-img-section__row\">\n            <div class=\"video-img-section__media video-img-section__media\">\n                                <div class=\"video-img-section__media__item video-img-section__media__item--video\">\n                                            <video src=\"https:\/\/therefore.net\/wp\/..\/app\/uploads\/2023\/06\/WhatIsTf-4min-Site-DE.mp4\" name=\"whatistf-4min-site-de\" controls><\/video>\n                                    <\/div>\n                            <\/div>\n\n            <div class=\"video-img-section__content\">\n                                                        <h2 class=\"video-img-section__title\">Was ist Therefore\u2122?<\/h2>\n                \n                                    <div class=\"video-img-section__text\"><p>Einfach ausgedr\u00fcckt: Mit Therefore\u2122-Software haben Sie die vollst\u00e4ndige Kontrolle \u00fcber Ihre Informationen. Erfolgreiche Planung setzt voraus, dass Sie zur richtigen Zeit \u00fcber die richtigen Informationen verf\u00fcgen &#8211; lassen Sie uns Ihnen dabei helfen.<\/p>\n<p>Erfahren Sie mehr auf unserer <a href=\"https:\/\/therefore.net\/de\/ueber-uns\/produkte\/\"><span style=\"text-decoration: underline;\"><strong>Produktseite<\/strong><\/span><\/a>.<\/p>\n<\/div>\n                            <\/div>\n        <\/div>\n\n\n    <\/div>\n\n<\/section>\n\n\n\n","protected":false},"excerpt":{"rendered":"","protected":false},"author":1,"featured_media":0,"parent":0,"menu_order":0,"comment_status":"closed","ping_status":"closed","template":"","meta":{"_acf_changed":false,"inline_featured_image":false,"footnotes":""},"class_list":["post-3296","page","type-page","status-publish","hentry"],"acf":[],"yoast_head":"<!-- This site is optimized with the Yoast SEO plugin v27.3 - https:\/\/yoast.com\/product\/yoast-seo-wordpress\/ -->\n<title>\u00dcber uns - Therefore<\/title>\n<meta name=\"description\" content=\"\u00dcber uns: Therefore Corporation bietet Informationsmanagement-Software f\u00fcr Unternehmen jeder Gr\u00f6\u00dfe, Branche und Abteilung.\" \/>\n<meta name=\"robots\" content=\"index, follow, max-snippet:-1, max-image-preview:large, max-video-preview:-1\" \/>\n<link rel=\"canonical\" href=\"https:\/\/therefore.net\/de\/ueber-uns\/\" \/>\n<script type=\"application\/ld+json\" class=\"yoast-schema-graph\">{\"@context\":\"https:\\\/\\\/schema.org\",\"@graph\":[{\"@type\":\"WebPage\",\"@id\":\"https:\\\/\\\/therefore.net\\\/de\\\/ueber-uns\\\/\",\"url\":\"https:\\\/\\\/therefore.net\\\/de\\\/ueber-uns\\\/\",\"name\":\"\u00dcber uns - Therefore\",\"isPartOf\":{\"@id\":\"https:\\\/\\\/therefore.net\\\/de\\\/#website\"},\"datePublished\":\"2022-06-01T07:21:35+00:00\",\"dateModified\":\"2025-12-04T21:31:07+00:00\",\"description\":\"\u00dcber uns: Therefore Corporation bietet Informationsmanagement-Software f\u00fcr Unternehmen jeder Gr\u00f6\u00dfe, Branche und Abteilung.\",\"breadcrumb\":{\"@id\":\"https:\\\/\\\/therefore.net\\\/de\\\/ueber-uns\\\/#breadcrumb\"},\"inLanguage\":\"de-DE\",\"potentialAction\":[{\"@type\":\"ReadAction\",\"target\":[\"https:\\\/\\\/therefore.net\\\/de\\\/ueber-uns\\\/\"]}]},{\"@type\":\"BreadcrumbList\",\"@id\":\"https:\\\/\\\/therefore.net\\\/de\\\/ueber-uns\\\/#breadcrumb\",\"itemListElement\":[{\"@type\":\"ListItem\",\"position\":1,\"name\":\"Home\",\"item\":\"https:\\\/\\\/therefore.net\\\/de\\\/\"},{\"@type\":\"ListItem\",\"position\":2,\"name\":\"\u00dcber uns\"}]},{\"@type\":\"WebSite\",\"@id\":\"https:\\\/\\\/therefore.net\\\/de\\\/#website\",\"url\":\"https:\\\/\\\/therefore.net\\\/de\\\/\",\"name\":\"Therefore\",\"description\":\"\",\"publisher\":{\"@id\":\"https:\\\/\\\/therefore.net\\\/de\\\/#organization\"},\"potentialAction\":[{\"@type\":\"SearchAction\",\"target\":{\"@type\":\"EntryPoint\",\"urlTemplate\":\"https:\\\/\\\/therefore.net\\\/de\\\/?s={search_term_string}\"},\"query-input\":{\"@type\":\"PropertyValueSpecification\",\"valueRequired\":true,\"valueName\":\"search_term_string\"}}],\"inLanguage\":\"de-DE\"},{\"@type\":\"Organization\",\"@id\":\"https:\\\/\\\/therefore.net\\\/de\\\/#organization\",\"name\":\"Therefore\",\"url\":\"https:\\\/\\\/therefore.net\\\/de\\\/\",\"logo\":{\"@type\":\"ImageObject\",\"inLanguage\":\"de-DE\",\"@id\":\"https:\\\/\\\/therefore.net\\\/de\\\/#\\\/schema\\\/logo\\\/image\\\/\",\"url\":\"https:\\\/\\\/therefore.net\\\/wp\\\/..\\\/app\\\/uploads\\\/2022\\\/04\\\/logo.png\",\"contentUrl\":\"https:\\\/\\\/therefore.net\\\/wp\\\/..\\\/app\\\/uploads\\\/2022\\\/04\\\/logo.png\",\"width\":176,\"height\":48,\"caption\":\"Therefore\"},\"image\":{\"@id\":\"https:\\\/\\\/therefore.net\\\/de\\\/#\\\/schema\\\/logo\\\/image\\\/\"},\"sameAs\":[\"https:\\\/\\\/www.linkedin.com\\\/company\\\/therefore-corporation\\\/\",\"https:\\\/\\\/www.youtube.com\\\/user\\\/ThereforeTV\"]}]}<\/script>\n<!-- \/ Yoast SEO plugin. -->","yoast_head_json":{"title":"\u00dcber uns - Therefore","description":"\u00dcber uns: Therefore Corporation bietet Informationsmanagement-Software f\u00fcr Unternehmen jeder Gr\u00f6\u00dfe, Branche und Abteilung.","robots":{"index":"index","follow":"follow","max-snippet":"max-snippet:-1","max-image-preview":"max-image-preview:large","max-video-preview":"max-video-preview:-1"},"canonical":"https:\/\/therefore.net\/de\/ueber-uns\/","schema":{"@context":"https:\/\/schema.org","@graph":[{"@type":"WebPage","@id":"https:\/\/therefore.net\/de\/ueber-uns\/","url":"https:\/\/therefore.net\/de\/ueber-uns\/","name":"\u00dcber uns - Therefore","isPartOf":{"@id":"https:\/\/therefore.net\/de\/#website"},"datePublished":"2022-06-01T07:21:35+00:00","dateModified":"2025-12-04T21:31:07+00:00","description":"\u00dcber uns: Therefore Corporation bietet Informationsmanagement-Software f\u00fcr Unternehmen jeder Gr\u00f6\u00dfe, Branche und Abteilung.","breadcrumb":{"@id":"https:\/\/therefore.net\/de\/ueber-uns\/#breadcrumb"},"inLanguage":"de-DE","potentialAction":[{"@type":"ReadAction","target":["https:\/\/therefore.net\/de\/ueber-uns\/"]}]},{"@type":"BreadcrumbList","@id":"https:\/\/therefore.net\/de\/ueber-uns\/#breadcrumb","itemListElement":[{"@type":"ListItem","position":1,"name":"Home","item":"https:\/\/therefore.net\/de\/"},{"@type":"ListItem","position":2,"name":"\u00dcber uns"}]},{"@type":"WebSite","@id":"https:\/\/therefore.net\/de\/#website","url":"https:\/\/therefore.net\/de\/","name":"Therefore","description":"","publisher":{"@id":"https:\/\/therefore.net\/de\/#organization"},"potentialAction":[{"@type":"SearchAction","target":{"@type":"EntryPoint","urlTemplate":"https:\/\/therefore.net\/de\/?s={search_term_string}"},"query-input":{"@type":"PropertyValueSpecification","valueRequired":true,"valueName":"search_term_string"}}],"inLanguage":"de-DE"},{"@type":"Organization","@id":"https:\/\/therefore.net\/de\/#organization","name":"Therefore","url":"https:\/\/therefore.net\/de\/","logo":{"@type":"ImageObject","inLanguage":"de-DE","@id":"https:\/\/therefore.net\/de\/#\/schema\/logo\/image\/","url":"https:\/\/therefore.net\/wp\/..\/app\/uploads\/2022\/04\/logo.png","contentUrl":"https:\/\/therefore.net\/wp\/..\/app\/uploads\/2022\/04\/logo.png","width":176,"height":48,"caption":"Therefore"},"image":{"@id":"https:\/\/therefore.net\/de\/#\/schema\/logo\/image\/"},"sameAs":["https:\/\/www.linkedin.com\/company\/therefore-corporation\/","https:\/\/www.youtube.com\/user\/ThereforeTV"]}]}},"_links":{"self":[{"href":"https:\/\/therefore.net\/de\/wp-json\/wp\/v2\/pages\/3296","targetHints":{"allow":["GET"]}}],"collection":[{"href":"https:\/\/therefore.net\/de\/wp-json\/wp\/v2\/pages"}],"about":[{"href":"https:\/\/therefore.net\/de\/wp-json\/wp\/v2\/types\/page"}],"author":[{"embeddable":true,"href":"https:\/\/therefore.net\/de\/wp-json\/wp\/v2\/users\/1"}],"replies":[{"embeddable":true,"href":"https:\/\/therefore.net\/de\/wp-json\/wp\/v2\/comments?post=3296"}],"version-history":[{"count":8,"href":"https:\/\/therefore.net\/de\/wp-json\/wp\/v2\/pages\/3296\/revisions"}],"predecessor-version":[{"id":10041,"href":"https:\/\/therefore.net\/de\/wp-json\/wp\/v2\/pages\/3296\/revisions\/10041"}],"wp:attachment":[{"href":"https:\/\/therefore.net\/de\/wp-json\/wp\/v2\/media?parent=3296"}],"curies":[{"name":"wp","href":"https:\/\/api.w.org\/{rel}","templated":true}]}}