{"id":3343,"date":"2022-04-09T14:47:26","date_gmt":"2022-04-09T12:47:26","guid":{"rendered":"https:\/\/therefore.net\/datenschutzerklaerung\/"},"modified":"2023-06-02T14:54:59","modified_gmt":"2023-06-02T12:54:59","slug":"datenschutzerklaerung","status":"publish","type":"page","link":"https:\/\/therefore.net\/de\/datenschutzerklaerung\/","title":{"rendered":"Datenschutzerkl\u00e4rung"},"content":{"rendered":"<div class=\"custom-block simple-paragraph\">\n    <div class=\"container\">\n        <div class=\"blog-post__content blog-post__content--wide\">\n            <div class=\"wpb_column vc_column_container vc_col-sm-3\">\n<div class=\"vc_column-inner\">\n<div class=\"wpb_wrapper\">\n<div class=\"wpb_single_image wpb_content_element vc_align_left wpb_animate_when_almost_visible wpb_appear appear wpb_start_animation animated\">\n<div class=\"wpb_wrapper\">\n<div class=\"vc_single_image-wrapper vc_box_border_grey\">\n<div class=\"vc_column-inner\">\n<div class=\"wpb_wrapper\">\n<div class=\"wpb_text_column wpb_content_element margin_bottom_35\">\n<div class=\"wpb_wrapper\">\n<h1>Wir respektieren Ihr Recht auf Datenschutz<\/h1>\n<div class=\"wpb_text_column wpb_content_element vc_custom_1527490288774\">\n<div class=\"wpb_wrapper\">\n<p>&nbsp;<\/p>\n<p><strong>Datenschutzerkl\u00e4rung<\/strong><br \/>\nWir hoffen, dass die folgende Erkl\u00e4rung Ihnen dabei hilft zu verstehen, wie die Therefore Corporation die pers\u00f6nlichen Daten, die Sie uns auf unserer Website und in der mobilen App zur Verf\u00fcgung stellen, sammelt, verwendet und sch\u00fctzt. Bitte beachten Sie, dass, wenn Sie auf externe Links klicken, die Datenschutzrichtlinien dieser Websites gelten und die Therefore Corporation nicht daf\u00fcr verantwortlich ist.<\/p>\n<p>&nbsp;<\/p>\n<p><strong>Therefore\u2122 Mobile App<\/strong><br \/>\nDiese Anwendung gibt keine pers\u00f6nlichen Informationen an Dritte weiter und teilt auch keine Informationen \u00fcber Sie.<\/p>\n<p>Die Anwendung kann auf die Kamera oder das Dateisystem Ihres Ger\u00e4ts zugreifen, wenn sie von Ihnen, dem Benutzer, initiiert wird.<\/p>\n<p>Ihre Daten werden nicht verkauft, ausgetauscht, \u00fcbertragen oder an ein anderes Unternehmen weitergegeben, aus welchem Grund auch immer, ohne Ihre Zustimmung, au\u00dfer f\u00fcr den ausdr\u00fccklichen Zweck der Lieferung des gekauften Produkts oder der angeforderten Dienstleistung.<\/p>\n<p>&nbsp;<\/p>\n<p><strong>Website-Datenschutzerkl\u00e4rung<\/strong><br \/>\nWir verwenden keine der pers\u00f6nlichen Daten, die beim einfachen Besuch unserer Website <a href=\"https:\/\/therefore.net\/de\/\">www.therefore.net<\/a> gesammelt werden. Wir verfolgen keine pers\u00f6nlich identifizierbaren Informationen von Website-Besuchern oder -Nutzern.<\/p>\n<p>Bei der Verwendung unserer Kontaktformulare sind bestimmte pers\u00f6nliche Angaben erforderlich. Diese Informationen werden nur zur Beantwortung der Kontaktanfrage und zu keinem anderen Zweck verwendet.<\/p>\n<p>&nbsp;<\/p>\n<p><strong>Newsletter-Datenschutzerkl\u00e4rung<\/strong><\/p>\n<p>Wir verwenden die Informationen, die Sie bei der Anmeldung zu unseren Newslettern angeben, um mit Ihnen in Kontakt zu bleiben und Ihnen Aktualisierungen und Marketingmaterial zukommen zu lassen. Sie k\u00f6nnen Ihre Meinung jederzeit \u00e4ndern, indem Sie auf den Link zum Abbestellen in der Fu\u00dfzeile jeder E-Mail klicken, die Sie von uns erhalten, oder indem Sie uns unter media@therefore.net kontaktieren. In \u00dcbereinstimmung mit der Allgemeinen Datenschutzverordnung werden Ihre Daten streng vertraulich behandelt. Wir werden Ihre Daten niemals verkaufen, tauschen oder aus irgendeinem Grund an Dritte weitergeben. Mit Ihrer Anmeldung erkl\u00e4ren Sie sich damit einverstanden, dass wir Ihre Daten in \u00dcbereinstimmung mit diesen Bedingungen verarbeiten.<\/p>\n<p>&nbsp;<\/p>\n<p><strong>\u00c4nderungen an unserer Datenschutzerkl\u00e4rung<\/strong><br \/>\nWenn Sie unseren Newsletter abonniert haben, werden wir Sie unverz\u00fcglich \u00fcber alle \u00c4nderungen unserer Datenschutzpolitik oder der Art und Weise, wie wir Ihre Daten verwenden, informieren.  Die aktuelle Version finden Sie in diesem Dokument.<\/p>\n<p>Wenn Sie Fragen zu dieser Richtlinie haben, wenden Sie sich bitte an <a href=\"mailto:webmaster@therefore.net\">webmaster@therefore.net<\/a>.<\/p>\n<\/div>\n<\/div>\n<\/div>\n<\/div>\n<\/div>\n<\/div>\n<\/div>\n<\/div>\n<\/div>\n<\/div>\n<\/div>\n<\/div>\n\n        <\/div>\n\n            <\/div>\n<\/div>\n\n","protected":false},"excerpt":{"rendered":"","protected":false},"author":1,"featured_media":0,"parent":0,"menu_order":0,"comment_status":"closed","ping_status":"open","template":"","meta":{"_acf_changed":false,"inline_featured_image":false,"footnotes":""},"class_list":["post-3343","page","type-page","status-publish","hentry"],"acf":[],"yoast_head":"<!-- This site is optimized with the Yoast SEO plugin v27.4 - https:\/\/yoast.com\/product\/yoast-seo-wordpress\/ -->\n<title>Datenschutzerkl\u00e4rung - Therefore<\/title>\n<meta name=\"description\" content=\"Unsere Datenschutzrichtlinien helfen Ihnen zu verstehen, wie die Therefore Corporation die pers\u00f6nlichen Daten, die Sie uns auf unserer Website und in der mobilen App zur Verf\u00fcgung stellen, sammelt, verwendet und sch\u00fctzt.\" \/>\n<meta name=\"robots\" content=\"index, follow, max-snippet:-1, max-image-preview:large, max-video-preview:-1\" \/>\n<link rel=\"canonical\" href=\"https:\/\/therefore.net\/de\/datenschutzerklaerung\/\" \/>\n<script type=\"application\/ld+json\" class=\"yoast-schema-graph\">{\"@context\":\"https:\\\/\\\/schema.org\",\"@graph\":[{\"@type\":\"WebPage\",\"@id\":\"https:\\\/\\\/therefore.net\\\/de\\\/datenschutzerklaerung\\\/\",\"url\":\"https:\\\/\\\/therefore.net\\\/de\\\/datenschutzerklaerung\\\/\",\"name\":\"Datenschutzerkl\u00e4rung - Therefore\",\"isPartOf\":{\"@id\":\"https:\\\/\\\/therefore.net\\\/de\\\/#website\"},\"datePublished\":\"2022-04-09T12:47:26+00:00\",\"dateModified\":\"2023-06-02T12:54:59+00:00\",\"description\":\"Unsere Datenschutzrichtlinien helfen Ihnen zu verstehen, wie die Therefore Corporation die pers\u00f6nlichen Daten, die Sie uns auf unserer Website und in der mobilen App zur Verf\u00fcgung stellen, sammelt, verwendet und sch\u00fctzt.\",\"breadcrumb\":{\"@id\":\"https:\\\/\\\/therefore.net\\\/de\\\/datenschutzerklaerung\\\/#breadcrumb\"},\"inLanguage\":\"de-DE\",\"potentialAction\":[{\"@type\":\"ReadAction\",\"target\":[\"https:\\\/\\\/therefore.net\\\/de\\\/datenschutzerklaerung\\\/\"]}]},{\"@type\":\"BreadcrumbList\",\"@id\":\"https:\\\/\\\/therefore.net\\\/de\\\/datenschutzerklaerung\\\/#breadcrumb\",\"itemListElement\":[{\"@type\":\"ListItem\",\"position\":1,\"name\":\"Home\",\"item\":\"https:\\\/\\\/therefore.net\\\/de\\\/\"},{\"@type\":\"ListItem\",\"position\":2,\"name\":\"Datenschutzerkl\u00e4rung\"}]},{\"@type\":\"WebSite\",\"@id\":\"https:\\\/\\\/therefore.net\\\/de\\\/#website\",\"url\":\"https:\\\/\\\/therefore.net\\\/de\\\/\",\"name\":\"Therefore\",\"description\":\"\",\"publisher\":{\"@id\":\"https:\\\/\\\/therefore.net\\\/de\\\/#organization\"},\"potentialAction\":[{\"@type\":\"SearchAction\",\"target\":{\"@type\":\"EntryPoint\",\"urlTemplate\":\"https:\\\/\\\/therefore.net\\\/de\\\/?s={search_term_string}\"},\"query-input\":{\"@type\":\"PropertyValueSpecification\",\"valueRequired\":true,\"valueName\":\"search_term_string\"}}],\"inLanguage\":\"de-DE\"},{\"@type\":\"Organization\",\"@id\":\"https:\\\/\\\/therefore.net\\\/de\\\/#organization\",\"name\":\"Therefore\",\"url\":\"https:\\\/\\\/therefore.net\\\/de\\\/\",\"logo\":{\"@type\":\"ImageObject\",\"inLanguage\":\"de-DE\",\"@id\":\"https:\\\/\\\/therefore.net\\\/de\\\/#\\\/schema\\\/logo\\\/image\\\/\",\"url\":\"https:\\\/\\\/therefore.net\\\/wp\\\/..\\\/app\\\/uploads\\\/2022\\\/04\\\/logo.png\",\"contentUrl\":\"https:\\\/\\\/therefore.net\\\/wp\\\/..\\\/app\\\/uploads\\\/2022\\\/04\\\/logo.png\",\"width\":176,\"height\":48,\"caption\":\"Therefore\"},\"image\":{\"@id\":\"https:\\\/\\\/therefore.net\\\/de\\\/#\\\/schema\\\/logo\\\/image\\\/\"},\"sameAs\":[\"https:\\\/\\\/www.linkedin.com\\\/company\\\/therefore-corporation\\\/\",\"https:\\\/\\\/www.youtube.com\\\/user\\\/ThereforeTV\"]}]}<\/script>\n<!-- \/ Yoast SEO plugin. -->","yoast_head_json":{"title":"Datenschutzerkl\u00e4rung - Therefore","description":"Unsere Datenschutzrichtlinien helfen Ihnen zu verstehen, wie die Therefore Corporation die pers\u00f6nlichen Daten, die Sie uns auf unserer Website und in der mobilen App zur Verf\u00fcgung stellen, sammelt, verwendet und sch\u00fctzt.","robots":{"index":"index","follow":"follow","max-snippet":"max-snippet:-1","max-image-preview":"max-image-preview:large","max-video-preview":"max-video-preview:-1"},"canonical":"https:\/\/therefore.net\/de\/datenschutzerklaerung\/","schema":{"@context":"https:\/\/schema.org","@graph":[{"@type":"WebPage","@id":"https:\/\/therefore.net\/de\/datenschutzerklaerung\/","url":"https:\/\/therefore.net\/de\/datenschutzerklaerung\/","name":"Datenschutzerkl\u00e4rung - Therefore","isPartOf":{"@id":"https:\/\/therefore.net\/de\/#website"},"datePublished":"2022-04-09T12:47:26+00:00","dateModified":"2023-06-02T12:54:59+00:00","description":"Unsere Datenschutzrichtlinien helfen Ihnen zu verstehen, wie die Therefore Corporation die pers\u00f6nlichen Daten, die Sie uns auf unserer Website und in der mobilen App zur Verf\u00fcgung stellen, sammelt, verwendet und sch\u00fctzt.","breadcrumb":{"@id":"https:\/\/therefore.net\/de\/datenschutzerklaerung\/#breadcrumb"},"inLanguage":"de-DE","potentialAction":[{"@type":"ReadAction","target":["https:\/\/therefore.net\/de\/datenschutzerklaerung\/"]}]},{"@type":"BreadcrumbList","@id":"https:\/\/therefore.net\/de\/datenschutzerklaerung\/#breadcrumb","itemListElement":[{"@type":"ListItem","position":1,"name":"Home","item":"https:\/\/therefore.net\/de\/"},{"@type":"ListItem","position":2,"name":"Datenschutzerkl\u00e4rung"}]},{"@type":"WebSite","@id":"https:\/\/therefore.net\/de\/#website","url":"https:\/\/therefore.net\/de\/","name":"Therefore","description":"","publisher":{"@id":"https:\/\/therefore.net\/de\/#organization"},"potentialAction":[{"@type":"SearchAction","target":{"@type":"EntryPoint","urlTemplate":"https:\/\/therefore.net\/de\/?s={search_term_string}"},"query-input":{"@type":"PropertyValueSpecification","valueRequired":true,"valueName":"search_term_string"}}],"inLanguage":"de-DE"},{"@type":"Organization","@id":"https:\/\/therefore.net\/de\/#organization","name":"Therefore","url":"https:\/\/therefore.net\/de\/","logo":{"@type":"ImageObject","inLanguage":"de-DE","@id":"https:\/\/therefore.net\/de\/#\/schema\/logo\/image\/","url":"https:\/\/therefore.net\/wp\/..\/app\/uploads\/2022\/04\/logo.png","contentUrl":"https:\/\/therefore.net\/wp\/..\/app\/uploads\/2022\/04\/logo.png","width":176,"height":48,"caption":"Therefore"},"image":{"@id":"https:\/\/therefore.net\/de\/#\/schema\/logo\/image\/"},"sameAs":["https:\/\/www.linkedin.com\/company\/therefore-corporation\/","https:\/\/www.youtube.com\/user\/ThereforeTV"]}]}},"_links":{"self":[{"href":"https:\/\/therefore.net\/de\/wp-json\/wp\/v2\/pages\/3343","targetHints":{"allow":["GET"]}}],"collection":[{"href":"https:\/\/therefore.net\/de\/wp-json\/wp\/v2\/pages"}],"about":[{"href":"https:\/\/therefore.net\/de\/wp-json\/wp\/v2\/types\/page"}],"author":[{"embeddable":true,"href":"https:\/\/therefore.net\/de\/wp-json\/wp\/v2\/users\/1"}],"replies":[{"embeddable":true,"href":"https:\/\/therefore.net\/de\/wp-json\/wp\/v2\/comments?post=3343"}],"version-history":[{"count":1,"href":"https:\/\/therefore.net\/de\/wp-json\/wp\/v2\/pages\/3343\/revisions"}],"predecessor-version":[{"id":3344,"href":"https:\/\/therefore.net\/de\/wp-json\/wp\/v2\/pages\/3343\/revisions\/3344"}],"wp:attachment":[{"href":"https:\/\/therefore.net\/de\/wp-json\/wp\/v2\/media?parent=3343"}],"curies":[{"name":"wp","href":"https:\/\/api.w.org\/{rel}","templated":true}]}}