{"id":3345,"date":"2022-07-29T23:14:05","date_gmt":"2022-07-29T21:14:05","guid":{"rendered":"https:\/\/therefore.net\/ueber-uns\/produkte\/"},"modified":"2023-06-05T06:10:26","modified_gmt":"2023-06-05T04:10:26","slug":"produkte","status":"publish","type":"page","link":"https:\/\/therefore.net\/de\/ueber-uns\/produkte\/","title":{"rendered":"Produkte"},"content":{"rendered":"<div class=\"custom-block simple-paragraph\">\n    <div class=\"container\">\n        <div class=\"blog-post__content blog-post__content--wide\">\n            <h1 style=\"text-align: center;\">Therefore\u2122 Informationsmanagement<\/h1>\n\n        <\/div>\n\n            <\/div>\n<\/div>\n\n\n\n\n<section class=\"custom-block video-img-section  \">\n    <div class=\"container video-img-section__container\">\n\n        <div class=\"video-img-section__row\">\n            <div class=\"video-img-section__media video-img-section__media\">\n                                <div class=\"video-img-section__media__item video-img-section__media__item--video\">\n                                            <video src=\"https:\/\/therefore.net\/wp\/..\/app\/uploads\/2023\/06\/WhatIsTf-4min-Site-DE.mp4\" name=\"whatistf-4min-site-de\" controls><\/video>\n                                    <\/div>\n                            <\/div>\n\n            <div class=\"video-img-section__content\">\n                                                        <h2 class=\"video-img-section__title\">Was ist Therefore\u2122?<\/h2>\n                \n                                    <div class=\"video-img-section__text\"><p><strong>Einfach ausgedr\u00fcckt: Mit Therefore\u2122-Software haben Sie die vollst\u00e4ndige Kontrolle \u00fcber Ihre Informationen. Erfolgreiche Planung setzt voraus, dass Sie zur richtigen Zeit \u00fcber die richtigen Informationen verf\u00fcgen &#8211; wir helfen Ihnen, erfolgreich zu sein.<\/strong><\/p>\n<\/div>\n                            <\/div>\n        <\/div>\n\n\n    <\/div>\n\n<\/section>\n\n\n<section class=\"custom-block our-team accordion-item\">\n    <div class=\"container our-team__container\">\n                                <h2 class=\"our-team__title\">Mit Therefore\u2122 k\u00f6nnen Sie:<\/h2>\n        \n                <div class=\"our-team__members our-team__members--visible\">\n                            <div class=\"our-team__member\">\n    <div class=\"our-team__member__person\">\n        <div class=\"our-team__member__image-wrapper\">\n            <img decoding=\"async\" src=\"https:\/\/therefore.net\/wp\/..\/app\/uploads\/2023\/04\/sol-icon-capture.png\" alt=\"Erfassen\" loading=\"lazy\">\n        <\/div>\n        <div class=\"our-team__member__signature\">\n                            <span class=\"our-team__member__name\">Erfassen<\/span>\n                                <\/div>\n    <\/div>\n    <p class=\"our-team__member__text\">\n        Erfassen Sie Ihre Gesch\u00e4ftsinformationen, unabh\u00e4ngig von ihrem Format. Importieren und indexieren Sie m\u00fchelos. Organisieren Sie Informationen in einem metadatengesteuerten Repository, um sie sp\u00e4ter leicht wiederzufinden.\n    <\/p>\n<\/div>\n                            <div class=\"our-team__member our-team__member--reversed\">\n    <div class=\"our-team__member__person\">\n        <div class=\"our-team__member__image-wrapper\">\n            <img decoding=\"async\" src=\"https:\/\/therefore.net\/wp\/..\/app\/uploads\/2023\/04\/sol-icon-archiving.png\" alt=\"Sichern\" loading=\"lazy\">\n        <\/div>\n        <div class=\"our-team__member__signature\">\n                            <span class=\"our-team__member__name\">Sichern<\/span>\n                                <\/div>\n    <\/div>\n    <p class=\"our-team__member__text\">\n        Die Sicherheit von Daten und Informationen ist f\u00fcr Ihre Gesch\u00e4ftsabl\u00e4ufe von entscheidender Bedeutung. Therefore\u2122 gibt Ihnen die Werkzeuge an die Hand, mit denen Sie sicherstellen k\u00f6nnen, dass nur befugtes Personal auf Ihre Informationen zugreifen kann, dass sie vor externen Bedrohungen gesch\u00fctzt sind und dass sie sicher gesichert werden. \n    <\/p>\n<\/div>\n                    <\/div>\n                            <div class=\"our-team__members our-team__members--hidden accordion-item__content\">\n                                    <div class=\"our-team__member\">\n    <div class=\"our-team__member__person\">\n        <div class=\"our-team__member__image-wrapper\">\n            <img decoding=\"async\" src=\"https:\/\/therefore.net\/wp\/..\/app\/uploads\/2023\/04\/sol-icon-case.png\" alt=\"Zugreifen\" loading=\"lazy\">\n        <\/div>\n        <div class=\"our-team__member__signature\">\n                            <span class=\"our-team__member__name\">Zugreifen<\/span>\n                                <\/div>\n    <\/div>\n    <p class=\"our-team__member__text\">\n        Ihre Informationen m\u00fcssen mit Ihnen gehen. Mit Therefore\u2122 k\u00f6nnen Sie immer auf Ihre Informationen zugreifen, auch wenn Sie unterwegs sind oder an einem anderen Ort arbeiten.\n    <\/p>\n<\/div>\n                                    <div class=\"our-team__member our-team__member--reversed\">\n    <div class=\"our-team__member__person\">\n        <div class=\"our-team__member__image-wrapper\">\n            <img decoding=\"async\" src=\"https:\/\/therefore.net\/wp\/..\/app\/uploads\/2023\/04\/sol-icon-workflow.png\" alt=\"Automatisieren\" loading=\"lazy\">\n        <\/div>\n        <div class=\"our-team__member__signature\">\n                            <span class=\"our-team__member__name\">Automatisieren<\/span>\n                                <\/div>\n    <\/div>\n    <p class=\"our-team__member__text\">\n        Rationalisieren Sie Abl\u00e4ufe und steigern Sie die Produktivit\u00e4t durch die Automatisierung Ihrer wichtigsten Gesch\u00e4ftsprozesse. Gewinnen Sie mehr Effizienz, Transparenz und Konsistenz.\n    <\/p>\n<\/div>\n                                    <div class=\"our-team__member\">\n    <div class=\"our-team__member__person\">\n        <div class=\"our-team__member__image-wrapper\">\n            <img decoding=\"async\" src=\"https:\/\/therefore.net\/wp\/..\/app\/uploads\/2023\/04\/Analytics.png\" alt=\"Analysieren\" loading=\"lazy\">\n        <\/div>\n        <div class=\"our-team__member__signature\">\n                            <span class=\"our-team__member__name\">Analysieren<\/span>\n                                <\/div>\n    <\/div>\n    <p class=\"our-team__member__text\">\n        Analytische Informationen sind entscheidend f\u00fcr den Erfolg Ihres Unternehmens. Behalten Sie die f\u00fcr Sie wichtigsten Kennzahlen im Blick und reagieren Sie sofort auf Ver\u00e4nderungen in der Leistung oder im Betrieb.\n    <\/p>\n<\/div>\n                            <\/div>\n\n            <div class=\"our-team__button-wrapper\">\n                <button class=\"main-button our-team__button accordion-item__title\"\n                   data-expand-text=\"Mehr sehen\"\n                   data-hide-text=\"Weniger sehen\"\n                   title=\"Toggle members visibility\"\n                ><\/button>\n            <\/div>\n\n        \n    <\/div>\n<\/section>\n\n\n<section class=\"custom-block webinars\">\n    <div class=\"container\">\n        <div class=\"webinars__inner\">\n                        <div class=\"webinars__image-wrapper\">\n                <img decoding=\"async\" width=\"680\" height=\"500\" src=\"https:\/\/therefore.net\/wp\/..\/app\/uploads\/2023\/05\/Awards-1.png\" class=\"attachment-full size-full\" alt=\"Eine goldene, facettenreiche Troph\u00e4e mit dem Wort &quot;Therefore&quot; in fetten Buchstaben, gefolgt von zwei gr\u00fcnen Punkten. Darunter ist in kleinerer Schrift der Schriftzug &quot;Produkte People Process Information&quot; zu lesen.\" srcset=\"https:\/\/therefore.net\/wp\/..\/app\/uploads\/2023\/05\/Awards-1.png 680w, https:\/\/therefore.net\/wp\/..\/app\/uploads\/2023\/05\/Awards-1-300x221.png 300w\" sizes=\"(max-width: 680px) 100vw, 680px\" \/>\n            <\/div>\n                        <div class=\"webinars__text-wrapper\">\n                <h2 class=\"webinars__title\">\n                    Ausgezeichnete L\u00f6sungen\n                <\/h2>\n                <p class=\"webinars__text\">Therefore\u2122-Software ist Tr\u00e4ger zahlreicher Auszeichnungen und Zertifizierungen im Bereich Informationsmanagement. Von Preisen f\u00fcr herausragende Plattformf\u00e4higkeiten bis hin zur Einhaltung internationaler Standards &#8211; Therefore\u2122 hat weltweit Anerkennung und Lob erhalten.<\/p>\n                                    <a href=\"https:\/\/therefore.net\/de\/auszeichnungen-zertifizierungen\/\" class=\"main-button main-button--with-arrow main-button--white\" target=\"\">Siehe unsere Auszeichnungen<\/a>\n                            <\/div>\n        <\/div>\n    <\/div>\n<\/section>\n\n\n<div class=\"custom-block simple-paragraph\">\n    <div class=\"container\">\n        <div class=\"blog-post__content blog-post__content--wide\">\n            <h1 style=\"text-align: center;\">Therefore\u2122 bietet sowohl Cloud- als auch On-Premises-L\u00f6sungen an.<\/h1>\n<h3 style=\"text-align: center;\">Welche L\u00f6sung ist die richtige f\u00fcr Sie?<\/h3>\n\n        <\/div>\n\n            <\/div>\n<\/div>\n\n\n\n<section class=\"custom-block left-image-right-text\">\n    <div class=\"container  left-image-right-text__container\">\n        <div class=\"left-image-right-text__inner\">\n            <div class=\"left-image-right-text__image-wrapper\">\n                                    <img fetchpriority=\"high\" decoding=\"async\" width=\"1410\" height=\"600\" src=\"https:\/\/therefore.net\/wp\/..\/app\/uploads\/2023\/04\/ThereforeOnline.png\" class=\"attachment-full size-full\" alt=\"Logo mit dem Wort &quot;Therefore&quot; in fetten grauen Buchstaben, darunter &quot;online&quot; in d\u00fcnner grauer Schrift und zwei sich \u00fcberlappende Kreise mit einem blauen Himmel und Wolkenmuster, die das &quot;o&quot; in &quot;online&quot; ersetzen - ideal f\u00fcr Produkte in digitalen Diensten.\" loading=\"eager\" srcset=\"https:\/\/therefore.net\/wp\/..\/app\/uploads\/2023\/04\/ThereforeOnline.png 1410w, https:\/\/therefore.net\/wp\/..\/app\/uploads\/2023\/04\/ThereforeOnline-300x128.png 300w, https:\/\/therefore.net\/wp\/..\/app\/uploads\/2023\/04\/ThereforeOnline-1024x436.png 1024w, https:\/\/therefore.net\/wp\/..\/app\/uploads\/2023\/04\/ThereforeOnline-768x327.png 768w\" sizes=\"(max-width: 1410px) 100vw, 1410px\" \/>\n                            <\/div>\n            <div class=\"left-image-right-text__text-wrapper\">\n                <h2 class=\"left-image-right-text__title\">\n                    Therefore\u2122 Online\n                <\/h2>\n                <div class=\"left-image-right-text__text\"><span class=\"ILfuVd\" lang=\"en\"><span class=\"hgKElc\">Die intelligente Wahl f\u00fcr Unternehmen jeder Gr\u00f6\u00dfe, die eine skalierbare Cloud-L\u00f6sung suchen, die leistungsstarkes Informationsmanagement zu kalkulierbaren Kosten bietet.<\/span><\/span><\/div>\n                                <a class=\"main-button main-button--with-arrow\" target=\"\"\n                    href=\"https:\/\/therefore.net\/de\/ueber-uns\/produkte\/therefore-online\/\">Erfahren Sie mehr \u00fcber Therefore\u2122 Online<\/a>\n                            <\/div>\n        <\/div>\n    <\/div>\n<\/section>\n\n\n<section class=\"custom-block left-image-right-text\">\n    <div class=\"container  left-image-right-text__container\">\n        <div class=\"left-image-right-text__inner\">\n            <div class=\"left-image-right-text__image-wrapper\">\n                                    <img decoding=\"async\" width=\"1410\" height=\"600\" src=\"https:\/\/therefore.net\/wp\/..\/app\/uploads\/2023\/04\/ThereforeOnPremises.png\" class=\"attachment-full size-full\" alt=\"Logo f\u00fcr &quot;Therefore on-premises&quot; in grauem Text, mit zwei gr\u00fcnen Punkten in den Buchstaben &quot;o&quot; und &quot;e&quot; von &quot;Therefore&quot; sowie zwei zus\u00e4tzlichen gr\u00fcnen Punkten unter dem Wort &quot;premises&quot; - ideal zur Pr\u00e4sentation von Produkten.\" loading=\"eager\" srcset=\"https:\/\/therefore.net\/wp\/..\/app\/uploads\/2023\/04\/ThereforeOnPremises.png 1410w, https:\/\/therefore.net\/wp\/..\/app\/uploads\/2023\/04\/ThereforeOnPremises-300x128.png 300w, https:\/\/therefore.net\/wp\/..\/app\/uploads\/2023\/04\/ThereforeOnPremises-1024x436.png 1024w, https:\/\/therefore.net\/wp\/..\/app\/uploads\/2023\/04\/ThereforeOnPremises-768x327.png 768w\" sizes=\"(max-width: 1410px) 100vw, 1410px\" \/>\n                            <\/div>\n            <div class=\"left-image-right-text__text-wrapper\">\n                <h2 class=\"left-image-right-text__title\">\n                    Therefore\u2122 On-Premises\n                <\/h2>\n                <div class=\"left-image-right-text__text\"><span class=\"ILfuVd\" lang=\"en\"><span class=\"hgKElc\">Die beste L\u00f6sung f\u00fcr die kompromisslose Integration eines leistungsstarken Informationsmanagements in den bestehenden IT-Stack Ihres Unternehmens. Vollst\u00e4ndig anpassbar von A bis Z, legt eine On-Premises-Implementierung die volle Leistung von Therefore\u2122 in Ihre H\u00e4nde.<\/span><\/span><\/div>\n                                <a class=\"main-button main-button--with-arrow\" target=\"\"\n                    href=\"https:\/\/therefore.net\/de\/ueber-uns\/produkte\/therefore-on-premises\/\">Erfahren Sie mehr \u00fcber Therefore\u2122 On-Premises<\/a>\n                            <\/div>\n        <\/div>\n    <\/div>\n<\/section>\n","protected":false},"excerpt":{"rendered":"","protected":false},"author":1,"featured_media":0,"parent":3296,"menu_order":0,"comment_status":"closed","ping_status":"closed","template":"","meta":{"_acf_changed":false,"inline_featured_image":false,"footnotes":""},"class_list":["post-3345","page","type-page","status-publish","hentry"],"acf":[],"yoast_head":"<!-- This site is optimized with the Yoast SEO plugin v27.2 - https:\/\/yoast.com\/product\/yoast-seo-wordpress\/ -->\n<title>Produkt - Therefore\u2122 Informationsmanagement<\/title>\n<meta name=\"description\" content=\"Einfach ausgedr\u00fcckt, gibt Ihnen das Therefore\u2122-Produkt die vollst\u00e4ndige Kontrolle \u00fcber Ihre Informationen.\" \/>\n<meta name=\"robots\" content=\"index, follow, max-snippet:-1, max-image-preview:large, max-video-preview:-1\" \/>\n<link rel=\"canonical\" href=\"https:\/\/therefore.net\/de\/ueber-uns\/produkte\/\" \/>\n<script type=\"application\/ld+json\" class=\"yoast-schema-graph\">{\"@context\":\"https:\/\/schema.org\",\"@graph\":[{\"@type\":\"WebPage\",\"@id\":\"https:\/\/therefore.net\/de\/ueber-uns\/produkte\/\",\"url\":\"https:\/\/therefore.net\/de\/ueber-uns\/produkte\/\",\"name\":\"Produkt - Therefore\u2122 Informationsmanagement\",\"isPartOf\":{\"@id\":\"https:\/\/therefore.net\/de\/#website\"},\"datePublished\":\"2022-07-29T21:14:05+00:00\",\"dateModified\":\"2023-06-05T04:10:26+00:00\",\"description\":\"Einfach ausgedr\u00fcckt, gibt Ihnen das Therefore\u2122-Produkt die vollst\u00e4ndige Kontrolle \u00fcber Ihre Informationen.\",\"breadcrumb\":{\"@id\":\"https:\/\/therefore.net\/de\/ueber-uns\/produkte\/#breadcrumb\"},\"inLanguage\":\"de-DE\",\"potentialAction\":[{\"@type\":\"ReadAction\",\"target\":[\"https:\/\/therefore.net\/de\/ueber-uns\/produkte\/\"]}]},{\"@type\":\"BreadcrumbList\",\"@id\":\"https:\/\/therefore.net\/de\/ueber-uns\/produkte\/#breadcrumb\",\"itemListElement\":[{\"@type\":\"ListItem\",\"position\":1,\"name\":\"Home\",\"item\":\"https:\/\/therefore.net\/de\/\"},{\"@type\":\"ListItem\",\"position\":2,\"name\":\"\u00dcber uns\",\"item\":\"https:\/\/therefore.net\/de\/ueber-uns\/\"},{\"@type\":\"ListItem\",\"position\":3,\"name\":\"Produkte\"}]},{\"@type\":\"WebSite\",\"@id\":\"https:\/\/therefore.net\/de\/#website\",\"url\":\"https:\/\/therefore.net\/de\/\",\"name\":\"Therefore\",\"description\":\"\",\"publisher\":{\"@id\":\"https:\/\/therefore.net\/de\/#organization\"},\"potentialAction\":[{\"@type\":\"SearchAction\",\"target\":{\"@type\":\"EntryPoint\",\"urlTemplate\":\"https:\/\/therefore.net\/de\/?s={search_term_string}\"},\"query-input\":{\"@type\":\"PropertyValueSpecification\",\"valueRequired\":true,\"valueName\":\"search_term_string\"}}],\"inLanguage\":\"de-DE\"},{\"@type\":\"Organization\",\"@id\":\"https:\/\/therefore.net\/de\/#organization\",\"name\":\"Therefore\",\"url\":\"https:\/\/therefore.net\/de\/\",\"logo\":{\"@type\":\"ImageObject\",\"inLanguage\":\"de-DE\",\"@id\":\"https:\/\/therefore.net\/de\/#\/schema\/logo\/image\/\",\"url\":\"https:\/\/therefore.net\/wp\/..\/app\/uploads\/2022\/04\/logo.png\",\"contentUrl\":\"https:\/\/therefore.net\/wp\/..\/app\/uploads\/2022\/04\/logo.png\",\"width\":176,\"height\":48,\"caption\":\"Therefore\"},\"image\":{\"@id\":\"https:\/\/therefore.net\/de\/#\/schema\/logo\/image\/\"},\"sameAs\":[\"https:\/\/www.linkedin.com\/company\/therefore-corporation\/\",\"https:\/\/www.youtube.com\/user\/ThereforeTV\"]}]}<\/script>\n<!-- \/ Yoast SEO plugin. -->","yoast_head_json":{"title":"Produkt - Therefore\u2122 Informationsmanagement","description":"Einfach ausgedr\u00fcckt, gibt Ihnen das Therefore\u2122-Produkt die vollst\u00e4ndige Kontrolle \u00fcber Ihre Informationen.","robots":{"index":"index","follow":"follow","max-snippet":"max-snippet:-1","max-image-preview":"max-image-preview:large","max-video-preview":"max-video-preview:-1"},"canonical":"https:\/\/therefore.net\/de\/ueber-uns\/produkte\/","schema":{"@context":"https:\/\/schema.org","@graph":[{"@type":"WebPage","@id":"https:\/\/therefore.net\/de\/ueber-uns\/produkte\/","url":"https:\/\/therefore.net\/de\/ueber-uns\/produkte\/","name":"Produkt - Therefore\u2122 Informationsmanagement","isPartOf":{"@id":"https:\/\/therefore.net\/de\/#website"},"datePublished":"2022-07-29T21:14:05+00:00","dateModified":"2023-06-05T04:10:26+00:00","description":"Einfach ausgedr\u00fcckt, gibt Ihnen das Therefore\u2122-Produkt die vollst\u00e4ndige Kontrolle \u00fcber Ihre Informationen.","breadcrumb":{"@id":"https:\/\/therefore.net\/de\/ueber-uns\/produkte\/#breadcrumb"},"inLanguage":"de-DE","potentialAction":[{"@type":"ReadAction","target":["https:\/\/therefore.net\/de\/ueber-uns\/produkte\/"]}]},{"@type":"BreadcrumbList","@id":"https:\/\/therefore.net\/de\/ueber-uns\/produkte\/#breadcrumb","itemListElement":[{"@type":"ListItem","position":1,"name":"Home","item":"https:\/\/therefore.net\/de\/"},{"@type":"ListItem","position":2,"name":"\u00dcber uns","item":"https:\/\/therefore.net\/de\/ueber-uns\/"},{"@type":"ListItem","position":3,"name":"Produkte"}]},{"@type":"WebSite","@id":"https:\/\/therefore.net\/de\/#website","url":"https:\/\/therefore.net\/de\/","name":"Therefore","description":"","publisher":{"@id":"https:\/\/therefore.net\/de\/#organization"},"potentialAction":[{"@type":"SearchAction","target":{"@type":"EntryPoint","urlTemplate":"https:\/\/therefore.net\/de\/?s={search_term_string}"},"query-input":{"@type":"PropertyValueSpecification","valueRequired":true,"valueName":"search_term_string"}}],"inLanguage":"de-DE"},{"@type":"Organization","@id":"https:\/\/therefore.net\/de\/#organization","name":"Therefore","url":"https:\/\/therefore.net\/de\/","logo":{"@type":"ImageObject","inLanguage":"de-DE","@id":"https:\/\/therefore.net\/de\/#\/schema\/logo\/image\/","url":"https:\/\/therefore.net\/wp\/..\/app\/uploads\/2022\/04\/logo.png","contentUrl":"https:\/\/therefore.net\/wp\/..\/app\/uploads\/2022\/04\/logo.png","width":176,"height":48,"caption":"Therefore"},"image":{"@id":"https:\/\/therefore.net\/de\/#\/schema\/logo\/image\/"},"sameAs":["https:\/\/www.linkedin.com\/company\/therefore-corporation\/","https:\/\/www.youtube.com\/user\/ThereforeTV"]}]}},"_links":{"self":[{"href":"https:\/\/therefore.net\/de\/wp-json\/wp\/v2\/pages\/3345","targetHints":{"allow":["GET"]}}],"collection":[{"href":"https:\/\/therefore.net\/de\/wp-json\/wp\/v2\/pages"}],"about":[{"href":"https:\/\/therefore.net\/de\/wp-json\/wp\/v2\/types\/page"}],"author":[{"embeddable":true,"href":"https:\/\/therefore.net\/de\/wp-json\/wp\/v2\/users\/1"}],"replies":[{"embeddable":true,"href":"https:\/\/therefore.net\/de\/wp-json\/wp\/v2\/comments?post=3345"}],"version-history":[{"count":7,"href":"https:\/\/therefore.net\/de\/wp-json\/wp\/v2\/pages\/3345\/revisions"}],"predecessor-version":[{"id":5008,"href":"https:\/\/therefore.net\/de\/wp-json\/wp\/v2\/pages\/3345\/revisions\/5008"}],"up":[{"embeddable":true,"href":"https:\/\/therefore.net\/de\/wp-json\/wp\/v2\/pages\/3296"}],"wp:attachment":[{"href":"https:\/\/therefore.net\/de\/wp-json\/wp\/v2\/media?parent=3345"}],"curies":[{"name":"wp","href":"https:\/\/api.w.org\/{rel}","templated":true}]}}