{"id":3377,"date":"2023-05-05T15:31:51","date_gmt":"2023-05-05T13:31:51","guid":{"rendered":"https:\/\/therefore.net\/ueber-uns\/produkte\/therefore-on-premises\/"},"modified":"2026-01-08T23:27:45","modified_gmt":"2026-01-08T22:27:45","slug":"therefore-on-premises","status":"publish","type":"page","link":"https:\/\/therefore.net\/de\/ueber-uns\/produkte\/therefore-on-premises\/","title":{"rendered":"Therefore\u2122 On-Premises"},"content":{"rendered":"<div class=\"custom-block simple-paragraph\">\n    <div class=\"container\">\n        <div class=\"blog-post__content blog-post__content--wide\">\n            <h1 style=\"text-align: center;\"><span class=\"ILfuVd\" lang=\"en\"><span class=\"hgKElc\">Kompromisslose Integration eines leistungsstarken Informationsmanagements in den bestehenden IT-Stack Ihres Unternehmens.<\/span><\/span><\/h1>\n<p><img decoding=\"async\" class=\"size-large wp-image-3349 aligncenter\" src=\"https:\/\/therefore.net\/app\/uploads\/2023\/04\/ThereforeOnPremises-1024x436.png\" alt=\"\" width=\"1024\" height=\"436\" srcset=\"https:\/\/therefore.net\/wp\/..\/app\/uploads\/2023\/04\/ThereforeOnPremises-1024x436.png 1024w, https:\/\/therefore.net\/wp\/..\/app\/uploads\/2023\/04\/ThereforeOnPremises-300x128.png 300w, https:\/\/therefore.net\/wp\/..\/app\/uploads\/2023\/04\/ThereforeOnPremises-768x327.png 768w, https:\/\/therefore.net\/wp\/..\/app\/uploads\/2023\/04\/ThereforeOnPremises.png 1410w\" sizes=\"(max-width: 1024px) 100vw, 1024px\" \/><\/p>\n\n        <\/div>\n\n            <\/div>\n<\/div>\n\n\n\n<section class=\"custom-block our-team accordion-item\">\n    <div class=\"container our-team__container\">\n                                <h2 class=\"our-team__title\">Vorteile<\/h2>\n        \n                <div class=\"our-team__members our-team__members--visible\">\n                            <div class=\"our-team__member\">\n    <div class=\"our-team__member__person\">\n        <div class=\"our-team__member__image-wrapper\">\n            <img decoding=\"async\" src=\"https:\/\/therefore.net\/wp\/..\/app\/uploads\/2023\/05\/Improved-Security-150x150.png\" alt=\"Sicherheit&#x20;zu&#x20;Ihren&#x20;Bedingungen\" loading=\"lazy\">\n        <\/div>\n        <div class=\"our-team__member__signature\">\n                            <span class=\"our-team__member__name\">Sicherheit zu Ihren Bedingungen<\/span>\n                                <\/div>\n    <\/div>\n    <p class=\"our-team__member__text\">\n        \u00dcbernehmen Sie die vollst\u00e4ndige Kontrolle \u00fcber die Sicherheit Ihrer Informationen. Nutzen Sie das Fachwissen Ihres IT-Teams \u00fcber die Anforderungen Ihres Unternehmens, um Firewalls, Zugangskontrollen und andere Sicherheitsma\u00dfnahmen einzurichten, die die Vertraulichkeit, Integrit\u00e4t und Verf\u00fcgbarkeit Ihrer Daten gew\u00e4hrleisten.\n    <\/p>\n<\/div>\n                            <div class=\"our-team__member our-team__member--reversed\">\n    <div class=\"our-team__member__person\">\n        <div class=\"our-team__member__image-wrapper\">\n            <img decoding=\"async\" src=\"https:\/\/therefore.net\/wp\/..\/app\/uploads\/2023\/05\/Customization-150x150.png\" alt=\"Personalisierung\" loading=\"lazy\">\n        <\/div>\n        <div class=\"our-team__member__signature\">\n                            <span class=\"our-team__member__name\">Personalisierung<\/span>\n                                <\/div>\n    <\/div>\n    <p class=\"our-team__member__text\">\n        Therefore\u2122 ist offen f\u00fcr die Integration. Eine lokale Bereitstellung bietet Ihnen die M\u00f6glichkeit, Standardkonnektoren f\u00fcr die Integration mit Systemen von Drittanbietern zu verwenden, schaltet aber auch die volle Leistungsf\u00e4higkeit der Therefore\u2122-API frei. Bringen Sie Ihre Experten mit &#8211; der Himmel ist die Grenze.\n    <\/p>\n<\/div>\n                    <\/div>\n                            <div class=\"our-team__members our-team__members--hidden accordion-item__content\">\n                                    <div class=\"our-team__member\">\n    <div class=\"our-team__member__person\">\n        <div class=\"our-team__member__image-wrapper\">\n            <img decoding=\"async\" src=\"https:\/\/therefore.net\/wp\/..\/app\/uploads\/2023\/05\/Performance-150x150.png\" alt=\"Leistung\" loading=\"lazy\">\n        <\/div>\n        <div class=\"our-team__member__signature\">\n                            <span class=\"our-team__member__name\">Leistung<\/span>\n                                <\/div>\n    <\/div>\n    <p class=\"our-team__member__text\">\n        Bei einer lokalen Bereitstellung w\u00e4hlen Sie genau die Hardware, die Ihre Therefore\u2122-L\u00f6sung betreibt. So k\u00f6nnen Sie nicht nur die Konfiguration w\u00e4hlen, die f\u00fcr Sie am besten geeignet ist, sondern auch die Systemleistung entsprechend Ihren Anforderungen optimieren oder bei Bedarf erweitern.\n    <\/p>\n<\/div>\n                                    <div class=\"our-team__member our-team__member--reversed\">\n    <div class=\"our-team__member__person\">\n        <div class=\"our-team__member__image-wrapper\">\n            <img decoding=\"async\" src=\"https:\/\/therefore.net\/wp\/..\/app\/uploads\/2023\/05\/Compliance-150x150.png\" alt=\"Compliance\" loading=\"lazy\">\n        <\/div>\n        <div class=\"our-team__member__signature\">\n                            <span class=\"our-team__member__name\">Compliance<\/span>\n                                <\/div>\n    <\/div>\n    <p class=\"our-team__member__text\">\n        Eine lokale Bereitstellung ist eine gute Wahl f\u00fcr L\u00e4nder oder Branchen mit spezifischen Anforderungen an die Datenspeicherung. Wenn Sie Daten an einem bestimmten Ort speichern m\u00fcssen, sei es in Ihrer eigenen IT-Umgebung oder in einer bestimmten Region, bietet Therefore\u2122 On-Premises Ihnen die Flexibilit\u00e4t, die Sie brauchen. \n    <\/p>\n<\/div>\n                                    <div class=\"our-team__member\">\n    <div class=\"our-team__member__person\">\n        <div class=\"our-team__member__image-wrapper\">\n            <img decoding=\"async\" src=\"https:\/\/therefore.net\/wp\/..\/app\/uploads\/2023\/05\/ROI-150x150.png\" alt=\"Berechenbarer&#x20;ROI\" loading=\"lazy\">\n        <\/div>\n        <div class=\"our-team__member__signature\">\n                            <span class=\"our-team__member__name\">Berechenbarer ROI<\/span>\n                                <\/div>\n    <\/div>\n    <p class=\"our-team__member__text\">\n        Auf lange Sicht kann Therefore\u2122 On-Premises die kosteng\u00fcnstigste L\u00f6sung f\u00fcr Ihr Unternehmen sein. Durch eine h\u00f6here Anfangsinvestition k\u00f6nnen Sie laufende Abonnementgeb\u00fchren vermeiden. Die Amortisierung der Kosten f\u00fcr Ihre Hardware und Infrastruktur \u00fcber einen l\u00e4ngeren Zeitraum kann auch Ihre Gesamtbetriebskosten senken und einen schnelleren ROI erm\u00f6glichen. Therefore\u2122 bietet viele Optionen, mit denen Sie sowohl Zeit als auch Geld sparen k\u00f6nnen.\n    <\/p>\n<\/div>\n                            <\/div>\n\n            <div class=\"our-team__button-wrapper\">\n                <button class=\"main-button our-team__button accordion-item__title\"\n                   data-expand-text=\"Mehr anzeigen\"\n                   data-hide-text=\"Weniger anzeigen\"\n                   title=\"Toggle members visibility\"\n                ><\/button>\n            <\/div>\n\n        \n    <\/div>\n<\/section>\n\n\n<section class=\"custom-block webinars\">\n    <div class=\"container\">\n        <div class=\"webinars__inner\">\n                        <div class=\"webinars__image-wrapper\">\n                <img decoding=\"async\" width=\"680\" height=\"500\" src=\"https:\/\/therefore.net\/wp\/..\/app\/uploads\/2023\/05\/TFO-Application.png\" class=\"attachment-full size-full\" alt=\"Ein vereinfachtes, hellgraues Symbol eines Laptops mit einem Webbrowser-Fenster und einem Zahnradsymbol, das Technologie- oder Softwareeinstellungen und die Entwicklung mit Therefore\u2122 Online darstellt.\" srcset=\"https:\/\/therefore.net\/wp\/..\/app\/uploads\/2023\/05\/TFO-Application.png 680w, https:\/\/therefore.net\/wp\/..\/app\/uploads\/2023\/05\/TFO-Application-300x221.png 300w\" sizes=\"(max-width: 680px) 100vw, 680px\" \/>\n            <\/div>\n                        <div class=\"webinars__text-wrapper\">\n                <h2 class=\"webinars__title\">\n                    Robuste Service-Plattform\n                <\/h2>\n                <p class=\"webinars__text\">Therefore\u2122 On-Premises ist eine umfassende Informationsmanagementl\u00f6sung, die Ihnen modernste Software direkt in die Hand gibt.<\/p>\n                            <\/div>\n        <\/div>\n    <\/div>\n<\/section>\n\n\n<section class=\"custom-block benefits-save-money\">\n    <div class=\"container benefits-save-money__container\">\n        <div class=\"benefits-save-money__inner\">\n\n            <div class=\"benefits-save-money__text-wrapper\">\n                <h2 class=\"benefits-save-money__title\">\n                    Lizenzierung\n                <\/h2>\n                                    <div class=\"benefits-save-money__text\"><p>Therefore\u2122 On-Premises ist in mehreren Editionen erh\u00e4ltlich, die genau auf Ihre Bed\u00fcrfnisse zugeschnitten sind. Starter-Editionen wie <strong>Workgroup<\/strong> und <strong>Essentials<\/strong> bieten kleineren Unternehmen einen leistungsstarken Funktionsumfang, w\u00e4hrend Sie mit der hochwertigen <strong>Business-Edition<\/strong> die volle Leistung von Therefore\u2122 nutzen k\u00f6nnen.<\/p>\n<p>&nbsp;<\/p>\n<p>Die <strong>Workgroup-<\/strong> und <strong>Essentials-Editionen<\/strong> lassen sich mit einer einfachen Lizenz\u00e4nderung nahtlos auf die <strong>Business-Edition<\/strong> hochskalieren, so dass Sie das volle Potenzial Ihres Therefore\u2122-Systems aussch\u00f6pfen k\u00f6nnen.<\/p>\n<\/div>\n                \n            <\/div>\n\n            <div class=\"benefits-save-money__image-wrapper\">\n                                    <img decoding=\"async\" width=\"1410\" height=\"880\" src=\"https:\/\/therefore.net\/wp\/..\/app\/uploads\/2023\/03\/1410x880-5.png\" class=\"attachment-full size-full\" alt=\"Three young people work in a casual office space; one listens to headphones while looking at a phone, another types on a laptop, and the third writes in a notebook, all near large windows with greenery outside.\" srcset=\"https:\/\/therefore.net\/wp\/..\/app\/uploads\/2023\/03\/1410x880-5.png 1410w, https:\/\/therefore.net\/wp\/..\/app\/uploads\/2023\/03\/1410x880-5-300x187.png 300w, https:\/\/therefore.net\/wp\/..\/app\/uploads\/2023\/03\/1410x880-5-1024x639.png 1024w, https:\/\/therefore.net\/wp\/..\/app\/uploads\/2023\/03\/1410x880-5-768x479.png 768w\" sizes=\"(max-width: 1410px) 100vw, 1410px\" \/>\n                                                    <div class=\"benefits-save-money__link-wrapper\">\n                        <a class=\"main-button main-button--with-arrow\" target=\"\"\n                           href=\"https:\/\/therefore.net\/de\/ueber-uns\/produkte\/lizenzierung\/\">Erfahren Sie mehr \u00fcber Benutzerlizenzen<\/a>\n                    <\/div>\n\n                            <\/div>\n\n        <\/div>\n    <\/div>\n<\/section>\n\n\n<section class=\"custom-block benefits-left-image \">\n    <div class=\"container  benefits-left-image__container\">\n        <div class=\"benefits-left-image__inner\">\n            <div class=\"benefits-left-image__image-wrapper \">\n                                    <img decoding=\"async\" width=\"1220\" height=\"1630\" src=\"https:\/\/therefore.net\/wp\/..\/app\/uploads\/2023\/05\/Small-Business.png\" class=\"attachment-full size-full\" alt=\"Eine Frau mit lockigem Haar und Brille sitzt an einem Tisch in einem modernen B\u00fcro, arbeitet an ihrem Laptop mit Therefore\u2122 On-Premises und h\u00e4lt Dokumente in der Hand, konzentriert und besch\u00e4ftigt mit ihrer Aufgabe.\" srcset=\"https:\/\/therefore.net\/wp\/..\/app\/uploads\/2023\/05\/Small-Business.png 1220w, https:\/\/therefore.net\/wp\/..\/app\/uploads\/2023\/05\/Small-Business-225x300.png 225w, https:\/\/therefore.net\/wp\/..\/app\/uploads\/2023\/05\/Small-Business-766x1024.png 766w, https:\/\/therefore.net\/wp\/..\/app\/uploads\/2023\/05\/Small-Business-768x1026.png 768w, https:\/\/therefore.net\/wp\/..\/app\/uploads\/2023\/05\/Small-Business-1150x1536.png 1150w\" sizes=\"(max-width: 1220px) 100vw, 1220px\" \/>\n                            <\/div>\n            <div class=\"benefits-left-image__text-wrapper\">\n                                \n                    <div class=\"benefits-left-image__paragraph-wrapper\">\n                                                <h2 class=\"benefits-left-image__title\">\n                            Workgroup Edition\n                        <\/h2>\n                        <div class=\"benefits-left-image__text\"><p><strong>Workgroup<\/strong> ist eine kleinere, einfachere Therefore\u2122-Edition, die f\u00fcr den Einsatz als Repository in kleineren Unternehmen konzipiert ist. Die Serverlizenz ist inbegriffen und benannte Benutzerlizenzen k\u00f6nnen in 5er-Paketen erworben werden. Das System unterst\u00fctzt insgesamt 50 Lizenzen.<\/p>\n<p>Diese Edition ist erh\u00e4ltlich in: <strong>EMEA, Nord- und S\u00fcdamerika, Asien<\/strong>.<\/p>\n<\/div>\n                    <\/div>\n\n                \n                    <div class=\"benefits-left-image__paragraph-wrapper\">\n                                                <h2 class=\"benefits-left-image__title\">\n                            Essentials Edition\n                        <\/h2>\n                        <div class=\"benefits-left-image__text\"><p><strong>Essentials<\/strong> enth\u00e4lt alles, was in Workgroup enthalten ist, plus:<\/p>\n<p>\u2022 Workflow<\/p>\n<p>\u2022 Gleichzeitige Benutzer<\/p>\n<p>Diese Edition ist verf\u00fcgbar in: <strong>Nord- und S\u00fcdamerika, Asien, Australien.<\/strong><\/p>\n<\/div>\n                    <\/div>\n\n                                \n                            <\/div>\n        <\/div>\n    <\/div>\n<\/section>\n\n\n<section class=\"custom-block benefits-save-money\">\n    <div class=\"container benefits-save-money__container\">\n        <div class=\"benefits-save-money__inner\">\n\n            <div class=\"benefits-save-money__text-wrapper\">\n                <h2 class=\"benefits-save-money__title\">\n                    Business Edition\n                <\/h2>\n                                    <div class=\"benefits-save-money__text\"><p><strong>Business<\/strong> ist die ultimative Version von Therefore\u2122 On-Premises. Diese Edition enth\u00e4lt alle Produktfunktionen und unterst\u00fctzt alle <span style=\"text-decoration: underline;\"><a href=\"https:\/\/therefore.net\/de\/funktionen\/integration\/\">Connector-Lizenzen<\/a><\/span>. Es kann eine unbegrenzte Anzahl von Benutzerlizenzen in beliebiger Anzahl hinzugef\u00fcgt werden. Es k\u00f6nnen mehrere Serverlizenzen erworben werden, um diese Therefore\u2122-Edition in ein Multi-Server-System zu verwandeln.<\/p>\n<\/div>\n                \n            <\/div>\n\n            <div class=\"benefits-save-money__image-wrapper\">\n                                    <img decoding=\"async\" width=\"1410\" height=\"1060\" src=\"https:\/\/therefore.net\/wp\/..\/app\/uploads\/2023\/05\/CityOfficeBuilding.png\" class=\"attachment-full size-full\" alt=\"Wolkenkratzer mit Glasfassaden ragen in den blauen Himmel, von unten betrachtet. Eine moderne Fu\u00dfg\u00e4ngerbr\u00fccke mit Glaspaneelen - wie die Verbindung von Therefore\u2122 On-Premises - schl\u00e4ngelt sich zwischen den gesch\u00e4ftigen, st\u00e4dtischen Geb\u00e4uden hindurch.\" srcset=\"https:\/\/therefore.net\/wp\/..\/app\/uploads\/2023\/05\/CityOfficeBuilding.png 1410w, https:\/\/therefore.net\/wp\/..\/app\/uploads\/2023\/05\/CityOfficeBuilding-300x226.png 300w, https:\/\/therefore.net\/wp\/..\/app\/uploads\/2023\/05\/CityOfficeBuilding-1024x770.png 1024w, https:\/\/therefore.net\/wp\/..\/app\/uploads\/2023\/05\/CityOfficeBuilding-768x577.png 768w\" sizes=\"(max-width: 1410px) 100vw, 1410px\" \/>\n                                                    <div class=\"benefits-save-money__link-wrapper\">\n                        <a class=\"main-button main-button--with-arrow\" target=\"\"\n                           href=\"https:\/\/therefore.net\/de\/fallstudien\/\">Entdecken Sie Erfolgsgeschichten von Kunden<\/a>\n                    <\/div>\n\n                            <\/div>\n\n        <\/div>\n    <\/div>\n<\/section>\n\n\n<section class=\"custom-block webinars\">\n    <div class=\"container\">\n        <div class=\"webinars__inner\">\n                        <div class=\"webinars__image-wrapper\">\n                <img decoding=\"async\" width=\"680\" height=\"500\" src=\"https:\/\/therefore.net\/wp\/..\/app\/uploads\/2023\/05\/Data-Management.png\" class=\"attachment-full size-full\" alt=\"Wei\u00df umrandete Symbole auf hellem Hintergrund, darunter zwei Zahnr\u00e4der, ein Kuchendiagramm und ein Balkendiagramm, die durch d\u00fcnne Linien verbunden sind und die Datenanalyse und Prozessoptimierung mit Therefore\u2122 Online darstellen.\" srcset=\"https:\/\/therefore.net\/wp\/..\/app\/uploads\/2023\/05\/Data-Management.png 680w, https:\/\/therefore.net\/wp\/..\/app\/uploads\/2023\/05\/Data-Management-300x221.png 300w\" sizes=\"(max-width: 680px) 100vw, 680px\" \/>\n            <\/div>\n                        <div class=\"webinars__text-wrapper\">\n                <h2 class=\"webinars__title\">\n                    Datenverwaltung\n                <\/h2>\n                <p class=\"webinars__text\">Therefore\u2122 bietet Ihnen die Tools, die Sie bei der Verwaltung, Sicherung und dem Backup Ihrer Daten unterst\u00fctzen.<\/p>\n                                    <a href=\"https:\/\/therefore.net\/de\/funktionen\/sicherheit\/\" class=\"main-button main-button--with-arrow main-button--white\" target=\"\">Erfahren Sie mehr \u00fcber Sicherheit<\/a>\n                            <\/div>\n        <\/div>\n    <\/div>\n<\/section>\n","protected":false},"excerpt":{"rendered":"","protected":false},"author":5,"featured_media":0,"parent":3345,"menu_order":0,"comment_status":"closed","ping_status":"closed","template":"","meta":{"_acf_changed":false,"inline_featured_image":false,"footnotes":""},"class_list":["post-3377","page","type-page","status-publish","hentry"],"acf":[],"yoast_head":"<!-- This site is optimized with the Yoast SEO plugin v27.4 - https:\/\/yoast.com\/product\/yoast-seo-wordpress\/ -->\n<title>Therefore\u2122 On-Premises<\/title>\n<meta name=\"description\" content=\"Therefore\u2122 On-Premises - Kompromisslose Integration eines leistungsstarken Informationsmanagements in den bestehenden IT-Stack Ihres Unternehmens.\" \/>\n<meta name=\"robots\" content=\"index, follow, max-snippet:-1, max-image-preview:large, max-video-preview:-1\" \/>\n<link rel=\"canonical\" href=\"https:\/\/therefore.net\/de\/ueber-uns\/produkte\/therefore-on-premises\/\" \/>\n<script type=\"application\/ld+json\" class=\"yoast-schema-graph\">{\"@context\":\"https:\\\/\\\/schema.org\",\"@graph\":[{\"@type\":\"WebPage\",\"@id\":\"https:\\\/\\\/therefore.net\\\/de\\\/ueber-uns\\\/produkte\\\/therefore-on-premises\\\/\",\"url\":\"https:\\\/\\\/therefore.net\\\/de\\\/ueber-uns\\\/produkte\\\/therefore-on-premises\\\/\",\"name\":\"Therefore\u2122 On-Premises\",\"isPartOf\":{\"@id\":\"https:\\\/\\\/therefore.net\\\/de\\\/#website\"},\"datePublished\":\"2023-05-05T13:31:51+00:00\",\"dateModified\":\"2026-01-08T22:27:45+00:00\",\"description\":\"Therefore\u2122 On-Premises - Kompromisslose Integration eines leistungsstarken Informationsmanagements in den bestehenden IT-Stack Ihres Unternehmens.\",\"breadcrumb\":{\"@id\":\"https:\\\/\\\/therefore.net\\\/de\\\/ueber-uns\\\/produkte\\\/therefore-on-premises\\\/#breadcrumb\"},\"inLanguage\":\"de-DE\",\"potentialAction\":[{\"@type\":\"ReadAction\",\"target\":[\"https:\\\/\\\/therefore.net\\\/de\\\/ueber-uns\\\/produkte\\\/therefore-on-premises\\\/\"]}]},{\"@type\":\"BreadcrumbList\",\"@id\":\"https:\\\/\\\/therefore.net\\\/de\\\/ueber-uns\\\/produkte\\\/therefore-on-premises\\\/#breadcrumb\",\"itemListElement\":[{\"@type\":\"ListItem\",\"position\":1,\"name\":\"Home\",\"item\":\"https:\\\/\\\/therefore.net\\\/de\\\/\"},{\"@type\":\"ListItem\",\"position\":2,\"name\":\"\u00dcber uns\",\"item\":\"https:\\\/\\\/therefore.net\\\/de\\\/ueber-uns\\\/\"},{\"@type\":\"ListItem\",\"position\":3,\"name\":\"Produkte\",\"item\":\"https:\\\/\\\/therefore.net\\\/de\\\/ueber-uns\\\/produkte\\\/\"},{\"@type\":\"ListItem\",\"position\":4,\"name\":\"Therefore\u2122 On-Premises\"}]},{\"@type\":\"WebSite\",\"@id\":\"https:\\\/\\\/therefore.net\\\/de\\\/#website\",\"url\":\"https:\\\/\\\/therefore.net\\\/de\\\/\",\"name\":\"Therefore\",\"description\":\"\",\"publisher\":{\"@id\":\"https:\\\/\\\/therefore.net\\\/de\\\/#organization\"},\"potentialAction\":[{\"@type\":\"SearchAction\",\"target\":{\"@type\":\"EntryPoint\",\"urlTemplate\":\"https:\\\/\\\/therefore.net\\\/de\\\/?s={search_term_string}\"},\"query-input\":{\"@type\":\"PropertyValueSpecification\",\"valueRequired\":true,\"valueName\":\"search_term_string\"}}],\"inLanguage\":\"de-DE\"},{\"@type\":\"Organization\",\"@id\":\"https:\\\/\\\/therefore.net\\\/de\\\/#organization\",\"name\":\"Therefore\",\"url\":\"https:\\\/\\\/therefore.net\\\/de\\\/\",\"logo\":{\"@type\":\"ImageObject\",\"inLanguage\":\"de-DE\",\"@id\":\"https:\\\/\\\/therefore.net\\\/de\\\/#\\\/schema\\\/logo\\\/image\\\/\",\"url\":\"https:\\\/\\\/therefore.net\\\/wp\\\/..\\\/app\\\/uploads\\\/2022\\\/04\\\/logo.png\",\"contentUrl\":\"https:\\\/\\\/therefore.net\\\/wp\\\/..\\\/app\\\/uploads\\\/2022\\\/04\\\/logo.png\",\"width\":176,\"height\":48,\"caption\":\"Therefore\"},\"image\":{\"@id\":\"https:\\\/\\\/therefore.net\\\/de\\\/#\\\/schema\\\/logo\\\/image\\\/\"},\"sameAs\":[\"https:\\\/\\\/www.linkedin.com\\\/company\\\/therefore-corporation\\\/\",\"https:\\\/\\\/www.youtube.com\\\/user\\\/ThereforeTV\"]}]}<\/script>\n<!-- \/ Yoast SEO plugin. -->","yoast_head_json":{"title":"Therefore\u2122 On-Premises","description":"Therefore\u2122 On-Premises - Kompromisslose Integration eines leistungsstarken Informationsmanagements in den bestehenden IT-Stack Ihres Unternehmens.","robots":{"index":"index","follow":"follow","max-snippet":"max-snippet:-1","max-image-preview":"max-image-preview:large","max-video-preview":"max-video-preview:-1"},"canonical":"https:\/\/therefore.net\/de\/ueber-uns\/produkte\/therefore-on-premises\/","schema":{"@context":"https:\/\/schema.org","@graph":[{"@type":"WebPage","@id":"https:\/\/therefore.net\/de\/ueber-uns\/produkte\/therefore-on-premises\/","url":"https:\/\/therefore.net\/de\/ueber-uns\/produkte\/therefore-on-premises\/","name":"Therefore\u2122 On-Premises","isPartOf":{"@id":"https:\/\/therefore.net\/de\/#website"},"datePublished":"2023-05-05T13:31:51+00:00","dateModified":"2026-01-08T22:27:45+00:00","description":"Therefore\u2122 On-Premises - Kompromisslose Integration eines leistungsstarken Informationsmanagements in den bestehenden IT-Stack Ihres Unternehmens.","breadcrumb":{"@id":"https:\/\/therefore.net\/de\/ueber-uns\/produkte\/therefore-on-premises\/#breadcrumb"},"inLanguage":"de-DE","potentialAction":[{"@type":"ReadAction","target":["https:\/\/therefore.net\/de\/ueber-uns\/produkte\/therefore-on-premises\/"]}]},{"@type":"BreadcrumbList","@id":"https:\/\/therefore.net\/de\/ueber-uns\/produkte\/therefore-on-premises\/#breadcrumb","itemListElement":[{"@type":"ListItem","position":1,"name":"Home","item":"https:\/\/therefore.net\/de\/"},{"@type":"ListItem","position":2,"name":"\u00dcber uns","item":"https:\/\/therefore.net\/de\/ueber-uns\/"},{"@type":"ListItem","position":3,"name":"Produkte","item":"https:\/\/therefore.net\/de\/ueber-uns\/produkte\/"},{"@type":"ListItem","position":4,"name":"Therefore\u2122 On-Premises"}]},{"@type":"WebSite","@id":"https:\/\/therefore.net\/de\/#website","url":"https:\/\/therefore.net\/de\/","name":"Therefore","description":"","publisher":{"@id":"https:\/\/therefore.net\/de\/#organization"},"potentialAction":[{"@type":"SearchAction","target":{"@type":"EntryPoint","urlTemplate":"https:\/\/therefore.net\/de\/?s={search_term_string}"},"query-input":{"@type":"PropertyValueSpecification","valueRequired":true,"valueName":"search_term_string"}}],"inLanguage":"de-DE"},{"@type":"Organization","@id":"https:\/\/therefore.net\/de\/#organization","name":"Therefore","url":"https:\/\/therefore.net\/de\/","logo":{"@type":"ImageObject","inLanguage":"de-DE","@id":"https:\/\/therefore.net\/de\/#\/schema\/logo\/image\/","url":"https:\/\/therefore.net\/wp\/..\/app\/uploads\/2022\/04\/logo.png","contentUrl":"https:\/\/therefore.net\/wp\/..\/app\/uploads\/2022\/04\/logo.png","width":176,"height":48,"caption":"Therefore"},"image":{"@id":"https:\/\/therefore.net\/de\/#\/schema\/logo\/image\/"},"sameAs":["https:\/\/www.linkedin.com\/company\/therefore-corporation\/","https:\/\/www.youtube.com\/user\/ThereforeTV"]}]}},"_links":{"self":[{"href":"https:\/\/therefore.net\/de\/wp-json\/wp\/v2\/pages\/3377","targetHints":{"allow":["GET"]}}],"collection":[{"href":"https:\/\/therefore.net\/de\/wp-json\/wp\/v2\/pages"}],"about":[{"href":"https:\/\/therefore.net\/de\/wp-json\/wp\/v2\/types\/page"}],"author":[{"embeddable":true,"href":"https:\/\/therefore.net\/de\/wp-json\/wp\/v2\/users\/5"}],"replies":[{"embeddable":true,"href":"https:\/\/therefore.net\/de\/wp-json\/wp\/v2\/comments?post=3377"}],"version-history":[{"count":9,"href":"https:\/\/therefore.net\/de\/wp-json\/wp\/v2\/pages\/3377\/revisions"}],"predecessor-version":[{"id":4828,"href":"https:\/\/therefore.net\/de\/wp-json\/wp\/v2\/pages\/3377\/revisions\/4828"}],"up":[{"embeddable":true,"href":"https:\/\/therefore.net\/de\/wp-json\/wp\/v2\/pages\/3345"}],"wp:attachment":[{"href":"https:\/\/therefore.net\/de\/wp-json\/wp\/v2\/media?parent=3377"}],"curies":[{"name":"wp","href":"https:\/\/api.w.org\/{rel}","templated":true}]}}