{"id":3407,"date":"2022-08-03T22:58:47","date_gmt":"2022-08-03T20:58:47","guid":{"rendered":"https:\/\/therefore.net\/ueber-uns\/produkte\/lizenzierung\/"},"modified":"2023-06-02T19:45:25","modified_gmt":"2023-06-02T17:45:25","slug":"lizenzierung","status":"publish","type":"page","link":"https:\/\/therefore.net\/de\/ueber-uns\/produkte\/lizenzierung\/","title":{"rendered":"Lizenzierung"},"content":{"rendered":"<section class=\"custom-block left-image-right-text-long\">\n    <div class=\"container  left-image-right-text-long__container\">\n        <div class=\"left-image-right-text-long__inner\">\n            <div class=\"left-image-right-text-long__image-wrapper\">\n                                    <img decoding=\"async\" width=\"1410\" height=\"880\" src=\"https:\/\/therefore.net\/wp\/..\/app\/uploads\/2023\/03\/1410x880-1.png\" class=\"attachment-full size-full\" alt=\"A diverse group of six colleagues gather around a laptop in a bright office, smiling and engaged in a collaborative discussion about Licensing in Therefore\u2122.\" srcset=\"https:\/\/therefore.net\/wp\/..\/app\/uploads\/2023\/03\/1410x880-1.png 1410w, https:\/\/therefore.net\/wp\/..\/app\/uploads\/2023\/03\/1410x880-1-300x187.png 300w, https:\/\/therefore.net\/wp\/..\/app\/uploads\/2023\/03\/1410x880-1-1024x639.png 1024w, https:\/\/therefore.net\/wp\/..\/app\/uploads\/2023\/03\/1410x880-1-768x479.png 768w\" sizes=\"(max-width: 1410px) 100vw, 1410px\" \/>\n                            <\/div>\n            <div class=\"left-image-right-text-long__text-wrapper\">\n                <h2 class=\"left-image-right-text-long__title\">\n                    Lizenzierung in Therefore\u2122\n                <\/h2>\n                <div class=\"left-image-right-text-long__text\">\n                    <p>Therefore\u2122 eignet sich f\u00fcr Unternehmen jeder Gr\u00f6\u00dfe, von Einzelplatzumgebungen bis hin zu Unternehmenskonfigurationen mit Tausenden von Benutzern und zahlreichen Servern.<\/p>\n\n                <\/div>\n                            <\/div>\n        <\/div>\n    <\/div>\n<\/section>\n\n\n<div class=\"custom-block simple-paragraph\">\n    <div class=\"container\">\n        <div class=\"blog-post__content blog-post__content--wide\">\n            <h1 style=\"text-align: left;\"><span style=\"color: #bed500;\"><strong>Benutzerlizenzen<\/strong><\/span><\/h1>\n<p>Wir bieten 3 Arten von Benutzerlizenzen an, die alle Ihre gesch\u00e4ftlichen Anforderungen abdecken:<\/p>\n\n        <\/div>\n\n            <\/div>\n<\/div>\n\n\n\n<section class=\"custom-block bullet-shape \">\n    <div class=\"container bullet-shape__container\">\n                        <h1 class=\"bullet-shape__title\">Arten von Benutzerlizenzen<\/h1>\n        <div class=\"bullet-shape__row\">\n                    <ul class=\"bullet-shape__items bullet-shape__items--left\">\n                                    <li><p><strong>Named-User-Lizenzen<\/strong><\/p>\n<\/li>\n                                    <li><p><strong>Lizenzen f\u00fcr gleichzeitige Benutzer (Concurrent)<\/strong><\/p>\n<\/li>\n                                    <li><p><strong>Schreibgesch\u00fctzte Lizenzen (Read-only) <\/strong><\/p>\n<\/li>\n                            <\/ul>\n        \n                    <ul class=\"bullet-shape__items bullet-shape__items--right\">\n                                    <li><p><strong>Named-User-Lizenzen<\/strong> sind an einen einzelnen Benutzer gebunden, der h\u00e4ufig auf das Therefore\u2122-System zugreift.<\/p>\n<\/li>\n                                    <li><p><strong>Gleichzeitige Lizenzen<\/strong> geh\u00f6ren zu einem Lizenzpool, auf den zahlreiche Benutzer zugreifen k\u00f6nnen. Sobald sich der Benutzer von Therefore\u2122 abmeldet, wird die Lizenz an den Lizenzpool zur\u00fcckgegeben, und ein anderer Benutzer kann mit demselben Lizenzpunkt auf das Therefore\u2122-System zugreifen.<\/p>\n<\/li>\n                                    <li><p><strong>Schreibgesch\u00fctzte Lizenzen<\/strong> bieten bestimmten Benutzern nur Lesezugriff. Schreibgesch\u00fctzte Lizenzen sind Teil eines Lizenzpools. Wenn sich ein solcher Benutzer von Therefore\u2122 abmeldet, kann sich ein anderer Benutzer mit demselben Lizenzpunkt am System anmelden.<\/p>\n<\/li>\n                            <\/ul>\n            <\/div>\n    <\/div>\n<\/section>\n\n\n<div class=\"custom-block simple-paragraph\">\n    <div class=\"container\">\n        <div class=\"blog-post__content blog-post__content--wide\">\n            <h1 style=\"text-align: left;\"><span style=\"color: #bed500;\"><strong>Client-Anwendungen<\/strong><\/span><\/h1>\n<p>Alle Versionen von Therefore\u2122 enthalten zahlreiche Module und Funktionen, die ohne zus\u00e4tzliche Kosten sofort einsatzbereit sind. Zus\u00e4tzliche Lizenzen f\u00fcr die Erfassung von Dokumenten und die Integration mit Systemen von Drittanbietern sind erh\u00e4ltlich.<\/p>\n\n        <\/div>\n\n            <\/div>\n<\/div>\n\n\n\n<section class=\"custom-block view-pages-process\">\n    <div class=\"container view-pages-process__container\">\n        \n                <div class=\"view-pages-process__steps\">\n                        <div class=\"view-pages-process__step\">\n                <div class=\"view-pages-process__step__inner\">\n                    <div class=\"view-pages-process__step__content\">\n                        \n                                                                                <h4 class=\"view-pages-process__step__subtitle\">Therefore\u2122 Navigator<\/h4>\n                        \n                                                    <dv class=\"view-pages-process__step__text\"><p>Der Therefore\u2122 Navigator ist der Ausgangspunkt f\u00fcr die Suche, Bearbeitung und Verarbeitung von Dokumenten. Die Suche kann je nach Vorliebe des Benutzers mit verschiedenen Methoden durchgef\u00fchrt werden. <\/p>\n<\/dv>\n                                            <\/div>\n                <\/div>\n\n            <\/div>\n                        <div class=\"view-pages-process__step\">\n                <div class=\"view-pages-process__step__inner\">\n                    <div class=\"view-pages-process__step__content\">\n                        \n                                                                                <h4 class=\"view-pages-process__step__subtitle\">Therefore\u2122 Viewer<\/h4>\n                        \n                                                    <dv class=\"view-pages-process__step__text\"><p>Sobald das gew\u00fcnschte Dokument gefunden wurde, k\u00f6nnen mit dem Therefore\u2122 Viewer \u00fcber 400 Dokumenttypen angezeigt werden, auch wenn die entsprechende Anwendung nicht auf dem PC des Benutzers installiert ist. Der Therefore\u2122 Viewer erleichtert die Zusammenarbeit dank einer Check-in-Check-out-Funktion, die verhindert, dass mehrere Benutzer gleichzeitig \u00c4nderungen an einem Dokument vornehmen. W\u00e4hrend eine Person ein Dokument bearbeitet, k\u00f6nnen andere es nat\u00fcrlich weiterhin einsehen.<\/p>\n<\/dv>\n                                            <\/div>\n                <\/div>\n\n            <\/div>\n                        <div class=\"view-pages-process__step\">\n                <div class=\"view-pages-process__step__inner\">\n                    <div class=\"view-pages-process__step__content\">\n                        \n                                                                                <h4 class=\"view-pages-process__step__subtitle\">Therefore\u2122 Case Manager<\/h4>\n                        \n                                                    <dv class=\"view-pages-process__step__text\"><p>Der Therefore\u2122 Case Manager erm\u00f6glicht die gemeinsame Bearbeitung von Gruppen zusammengeh\u00f6riger Dokumente, die nicht einzeln gespeichert und verwaltet werden. Der Case Manager erm\u00f6glicht es, verschiedene Therefore\u2122-Kategorien unter einem Case-Header miteinander zu verkn\u00fcpfen und gemeinsam in Workflows und Aufbewahrungsrichtlinien zu integrieren.<\/p>\n<\/dv>\n                                            <\/div>\n                <\/div>\n\n            <\/div>\n                        <div class=\"view-pages-process__step\">\n                <div class=\"view-pages-process__step__inner\">\n                    <div class=\"view-pages-process__step__content\">\n                        \n                                                                                <h4 class=\"view-pages-process__step__subtitle\">Therefore\u2122 Web Access<\/h4>\n                        \n                                                    <dv class=\"view-pages-process__step__text\"><p>Therefore\u2122 Web Access erm\u00f6glicht den Benutzern den Zugriff auf das Therefore\u2122-Repository \u00fcber einen Webbrowser. Es ist keine Installation erforderlich! Alle modernen Browser (Edge, Firefox, Chrome, Safari) werden unterst\u00fctzt.<\/p>\n<\/dv>\n                                            <\/div>\n                <\/div>\n\n            <\/div>\n                        <div class=\"view-pages-process__step\">\n                <div class=\"view-pages-process__step__inner\">\n                    <div class=\"view-pages-process__step__content\">\n                        \n                                                                                <h4 class=\"view-pages-process__step__subtitle\">Therefore\u2122 Go App<\/h4>\n                        \n                                                    <dv class=\"view-pages-process__step__text\"><p>Therefore\u2122 Go ist die offizielle Therefore\u2122-App, mit der Benutzer in Therefore\u2122 gespeicherte Dokumente auf mobilen Ger\u00e4ten suchen, anzeigen und bearbeiten k\u00f6nnen. Fotos k\u00f6nnen mit der App aufgenommen und direkt in Therefore\u2122 gespeichert werden, und Workflow-Aufgaben k\u00f6nnen genehmigt und bearbeitet werden. Die mobile App ist f\u00fcr iOS und Android ohne zus\u00e4tzliche Kosten erh\u00e4ltlich.<\/p>\n<\/dv>\n                                            <\/div>\n                <\/div>\n\n            <\/div>\n                        <div class=\"view-pages-process__step\">\n                <div class=\"view-pages-process__step__inner\">\n                    <div class=\"view-pages-process__step__content\">\n                        \n                                                                                <h4 class=\"view-pages-process__step__subtitle\">Therefore\u2122 Portal<\/h4>\n                        \n                                                    <dv class=\"view-pages-process__step__text\"><p>Das Therefore\u2122 Portal ist so konzipiert, dass externe Benutzer Lesezugriff auf das Therefore\u2122 Repository erhalten. Durch den Erwerb dieser zus\u00e4tzlichen Connector-Lizenz erh\u00e4lt eine unbegrenzte Anzahl von Benutzern Lesezugriff auf die vom Systemadministrator definierten Dokumente.<\/p>\n<\/dv>\n                                            <\/div>\n                <\/div>\n\n            <\/div>\n                    <\/div>\n        \n    <\/div>\n<\/section>\n\n\n<section class=\"custom-block benefits-left-image about-us-top-block\">\n    <div class=\"container  benefits-left-image__container\">\n        <div class=\"benefits-left-image__inner\">\n            <div class=\"benefits-left-image__image-wrapper \">\n                                    <img decoding=\"async\" width=\"1600\" height=\"1300\" src=\"https:\/\/therefore.net\/wp\/..\/app\/uploads\/2023\/03\/1600x1300-6.png\" class=\"attachment-full size-full\" alt=\"Five people in casual clothes sit and stand around desks in a modern office, smiling at the camera. Some have coffee cups, and computer monitors and office chairs are visible in the background.\" srcset=\"https:\/\/therefore.net\/wp\/..\/app\/uploads\/2023\/03\/1600x1300-6.png 1600w, https:\/\/therefore.net\/wp\/..\/app\/uploads\/2023\/03\/1600x1300-6-300x244.png 300w, https:\/\/therefore.net\/wp\/..\/app\/uploads\/2023\/03\/1600x1300-6-1024x832.png 1024w, https:\/\/therefore.net\/wp\/..\/app\/uploads\/2023\/03\/1600x1300-6-768x624.png 768w, https:\/\/therefore.net\/wp\/..\/app\/uploads\/2023\/03\/1600x1300-6-1536x1248.png 1536w\" sizes=\"(max-width: 1600px) 100vw, 1600px\" \/>\n                            <\/div>\n            <div class=\"benefits-left-image__text-wrapper\">\n                                \n                    <div class=\"benefits-left-image__paragraph-wrapper\">\n                                                <h2 class=\"benefits-left-image__title\">\n                            Zus\u00e4tzliche Erfassungslizenzen\n                        <\/h2>\n                        <div class=\"benefits-left-image__text\"><ul>\n<li>Therefore\u2122 Content Connector<\/li>\n<li>Therefore\u2122 Capture Client<\/li>\n<li>Therefore\u2122 MFP Application<\/li>\n<\/ul>\n<\/div>\n                    <\/div>\n\n                \n                    <div class=\"benefits-left-image__paragraph-wrapper\">\n                                                <h2 class=\"benefits-left-image__title\">\n                            Zus\u00e4tzliche Lizenzen f\u00fcr Software von Drittanbietern\n                        <\/h2>\n                        <div class=\"benefits-left-image__text\"><ul>\n<li>Therefore\u2122 Connector f\u00fcr SAP<\/li>\n<li>Therefore\u2122 Connector f\u00fcr Microsoft Dynamics 365 Business Central und Dynamics NAV<\/li>\n<li>Therefore\u2122 Connector f\u00fcr Microsoft SharePoint<\/li>\n<li>Therefore\u2122 Universal Connector<\/li>\n<\/ul>\n<\/div>\n                    <\/div>\n\n                                \n                            <\/div>\n        <\/div>\n    <\/div>\n<\/section>\n","protected":false},"excerpt":{"rendered":"","protected":false},"author":5,"featured_media":0,"parent":3345,"menu_order":0,"comment_status":"closed","ping_status":"closed","template":"","meta":{"_acf_changed":false,"inline_featured_image":false,"footnotes":""},"class_list":["post-3407","page","type-page","status-publish","hentry"],"acf":[],"yoast_head":"<!-- This site is optimized with the Yoast SEO plugin v27.3 - https:\/\/yoast.com\/product\/yoast-seo-wordpress\/ -->\n<title>Lizenzierung in Therefore\u2122<\/title>\n<meta name=\"description\" content=\"Die Lizenzierung in Therefore\u2122 eignet sich f\u00fcr Unternehmen jeder Gr\u00f6\u00dfe, von Einzelplatzumgebungen bis hin zu Unternehmenskonfigurationen.\" \/>\n<meta name=\"robots\" content=\"index, follow, max-snippet:-1, max-image-preview:large, max-video-preview:-1\" \/>\n<link rel=\"canonical\" href=\"https:\/\/therefore.net\/de\/ueber-uns\/produkte\/lizenzierung\/\" \/>\n<script type=\"application\/ld+json\" class=\"yoast-schema-graph\">{\"@context\":\"https:\\\/\\\/schema.org\",\"@graph\":[{\"@type\":\"WebPage\",\"@id\":\"https:\\\/\\\/therefore.net\\\/de\\\/ueber-uns\\\/produkte\\\/lizenzierung\\\/\",\"url\":\"https:\\\/\\\/therefore.net\\\/de\\\/ueber-uns\\\/produkte\\\/lizenzierung\\\/\",\"name\":\"Lizenzierung in Therefore\u2122\",\"isPartOf\":{\"@id\":\"https:\\\/\\\/therefore.net\\\/de\\\/#website\"},\"datePublished\":\"2022-08-03T20:58:47+00:00\",\"dateModified\":\"2023-06-02T17:45:25+00:00\",\"description\":\"Die Lizenzierung in Therefore\u2122 eignet sich f\u00fcr Unternehmen jeder Gr\u00f6\u00dfe, von Einzelplatzumgebungen bis hin zu Unternehmenskonfigurationen.\",\"breadcrumb\":{\"@id\":\"https:\\\/\\\/therefore.net\\\/de\\\/ueber-uns\\\/produkte\\\/lizenzierung\\\/#breadcrumb\"},\"inLanguage\":\"de-DE\",\"potentialAction\":[{\"@type\":\"ReadAction\",\"target\":[\"https:\\\/\\\/therefore.net\\\/de\\\/ueber-uns\\\/produkte\\\/lizenzierung\\\/\"]}]},{\"@type\":\"BreadcrumbList\",\"@id\":\"https:\\\/\\\/therefore.net\\\/de\\\/ueber-uns\\\/produkte\\\/lizenzierung\\\/#breadcrumb\",\"itemListElement\":[{\"@type\":\"ListItem\",\"position\":1,\"name\":\"Home\",\"item\":\"https:\\\/\\\/therefore.net\\\/de\\\/\"},{\"@type\":\"ListItem\",\"position\":2,\"name\":\"\u00dcber uns\",\"item\":\"https:\\\/\\\/therefore.net\\\/de\\\/ueber-uns\\\/\"},{\"@type\":\"ListItem\",\"position\":3,\"name\":\"Produkte\",\"item\":\"https:\\\/\\\/therefore.net\\\/de\\\/ueber-uns\\\/produkte\\\/\"},{\"@type\":\"ListItem\",\"position\":4,\"name\":\"Lizenzierung\"}]},{\"@type\":\"WebSite\",\"@id\":\"https:\\\/\\\/therefore.net\\\/de\\\/#website\",\"url\":\"https:\\\/\\\/therefore.net\\\/de\\\/\",\"name\":\"Therefore\",\"description\":\"\",\"publisher\":{\"@id\":\"https:\\\/\\\/therefore.net\\\/de\\\/#organization\"},\"potentialAction\":[{\"@type\":\"SearchAction\",\"target\":{\"@type\":\"EntryPoint\",\"urlTemplate\":\"https:\\\/\\\/therefore.net\\\/de\\\/?s={search_term_string}\"},\"query-input\":{\"@type\":\"PropertyValueSpecification\",\"valueRequired\":true,\"valueName\":\"search_term_string\"}}],\"inLanguage\":\"de-DE\"},{\"@type\":\"Organization\",\"@id\":\"https:\\\/\\\/therefore.net\\\/de\\\/#organization\",\"name\":\"Therefore\",\"url\":\"https:\\\/\\\/therefore.net\\\/de\\\/\",\"logo\":{\"@type\":\"ImageObject\",\"inLanguage\":\"de-DE\",\"@id\":\"https:\\\/\\\/therefore.net\\\/de\\\/#\\\/schema\\\/logo\\\/image\\\/\",\"url\":\"https:\\\/\\\/therefore.net\\\/wp\\\/..\\\/app\\\/uploads\\\/2022\\\/04\\\/logo.png\",\"contentUrl\":\"https:\\\/\\\/therefore.net\\\/wp\\\/..\\\/app\\\/uploads\\\/2022\\\/04\\\/logo.png\",\"width\":176,\"height\":48,\"caption\":\"Therefore\"},\"image\":{\"@id\":\"https:\\\/\\\/therefore.net\\\/de\\\/#\\\/schema\\\/logo\\\/image\\\/\"},\"sameAs\":[\"https:\\\/\\\/www.linkedin.com\\\/company\\\/therefore-corporation\\\/\",\"https:\\\/\\\/www.youtube.com\\\/user\\\/ThereforeTV\"]}]}<\/script>\n<!-- \/ Yoast SEO plugin. -->","yoast_head_json":{"title":"Lizenzierung in Therefore\u2122","description":"Die Lizenzierung in Therefore\u2122 eignet sich f\u00fcr Unternehmen jeder Gr\u00f6\u00dfe, von Einzelplatzumgebungen bis hin zu Unternehmenskonfigurationen.","robots":{"index":"index","follow":"follow","max-snippet":"max-snippet:-1","max-image-preview":"max-image-preview:large","max-video-preview":"max-video-preview:-1"},"canonical":"https:\/\/therefore.net\/de\/ueber-uns\/produkte\/lizenzierung\/","schema":{"@context":"https:\/\/schema.org","@graph":[{"@type":"WebPage","@id":"https:\/\/therefore.net\/de\/ueber-uns\/produkte\/lizenzierung\/","url":"https:\/\/therefore.net\/de\/ueber-uns\/produkte\/lizenzierung\/","name":"Lizenzierung in Therefore\u2122","isPartOf":{"@id":"https:\/\/therefore.net\/de\/#website"},"datePublished":"2022-08-03T20:58:47+00:00","dateModified":"2023-06-02T17:45:25+00:00","description":"Die Lizenzierung in Therefore\u2122 eignet sich f\u00fcr Unternehmen jeder Gr\u00f6\u00dfe, von Einzelplatzumgebungen bis hin zu Unternehmenskonfigurationen.","breadcrumb":{"@id":"https:\/\/therefore.net\/de\/ueber-uns\/produkte\/lizenzierung\/#breadcrumb"},"inLanguage":"de-DE","potentialAction":[{"@type":"ReadAction","target":["https:\/\/therefore.net\/de\/ueber-uns\/produkte\/lizenzierung\/"]}]},{"@type":"BreadcrumbList","@id":"https:\/\/therefore.net\/de\/ueber-uns\/produkte\/lizenzierung\/#breadcrumb","itemListElement":[{"@type":"ListItem","position":1,"name":"Home","item":"https:\/\/therefore.net\/de\/"},{"@type":"ListItem","position":2,"name":"\u00dcber uns","item":"https:\/\/therefore.net\/de\/ueber-uns\/"},{"@type":"ListItem","position":3,"name":"Produkte","item":"https:\/\/therefore.net\/de\/ueber-uns\/produkte\/"},{"@type":"ListItem","position":4,"name":"Lizenzierung"}]},{"@type":"WebSite","@id":"https:\/\/therefore.net\/de\/#website","url":"https:\/\/therefore.net\/de\/","name":"Therefore","description":"","publisher":{"@id":"https:\/\/therefore.net\/de\/#organization"},"potentialAction":[{"@type":"SearchAction","target":{"@type":"EntryPoint","urlTemplate":"https:\/\/therefore.net\/de\/?s={search_term_string}"},"query-input":{"@type":"PropertyValueSpecification","valueRequired":true,"valueName":"search_term_string"}}],"inLanguage":"de-DE"},{"@type":"Organization","@id":"https:\/\/therefore.net\/de\/#organization","name":"Therefore","url":"https:\/\/therefore.net\/de\/","logo":{"@type":"ImageObject","inLanguage":"de-DE","@id":"https:\/\/therefore.net\/de\/#\/schema\/logo\/image\/","url":"https:\/\/therefore.net\/wp\/..\/app\/uploads\/2022\/04\/logo.png","contentUrl":"https:\/\/therefore.net\/wp\/..\/app\/uploads\/2022\/04\/logo.png","width":176,"height":48,"caption":"Therefore"},"image":{"@id":"https:\/\/therefore.net\/de\/#\/schema\/logo\/image\/"},"sameAs":["https:\/\/www.linkedin.com\/company\/therefore-corporation\/","https:\/\/www.youtube.com\/user\/ThereforeTV"]}]}},"_links":{"self":[{"href":"https:\/\/therefore.net\/de\/wp-json\/wp\/v2\/pages\/3407","targetHints":{"allow":["GET"]}}],"collection":[{"href":"https:\/\/therefore.net\/de\/wp-json\/wp\/v2\/pages"}],"about":[{"href":"https:\/\/therefore.net\/de\/wp-json\/wp\/v2\/types\/page"}],"author":[{"embeddable":true,"href":"https:\/\/therefore.net\/de\/wp-json\/wp\/v2\/users\/5"}],"replies":[{"embeddable":true,"href":"https:\/\/therefore.net\/de\/wp-json\/wp\/v2\/comments?post=3407"}],"version-history":[{"count":3,"href":"https:\/\/therefore.net\/de\/wp-json\/wp\/v2\/pages\/3407\/revisions"}],"predecessor-version":[{"id":3410,"href":"https:\/\/therefore.net\/de\/wp-json\/wp\/v2\/pages\/3407\/revisions\/3410"}],"up":[{"embeddable":true,"href":"https:\/\/therefore.net\/de\/wp-json\/wp\/v2\/pages\/3345"}],"wp:attachment":[{"href":"https:\/\/therefore.net\/de\/wp-json\/wp\/v2\/media?parent=3407"}],"curies":[{"name":"wp","href":"https:\/\/api.w.org\/{rel}","templated":true}]}}