{"id":3433,"date":"2023-04-24T20:53:27","date_gmt":"2023-04-24T18:53:27","guid":{"rendered":"https:\/\/therefore.net\/impressum\/"},"modified":"2025-12-04T21:16:06","modified_gmt":"2025-12-04T20:16:06","slug":"impressum","status":"publish","type":"page","link":"https:\/\/therefore.net\/de\/impressum\/","title":{"rendered":"Impressum"},"content":{"rendered":"<div class=\"custom-block simple-paragraph\">\n    <div class=\"container\">\n        <div class=\"blog-post__content blog-post__content--wide\">\n            <div class=\"wpb_column vc_column_container vc_col-sm-9\">\n<div class=\"vc_column-inner\">\n<div class=\"wpb_wrapper\">\n<div class=\"wpb_text_column wpb_content_element margin_bottom_35\">\n<div class=\"wpb_wrapper\">\n<h1>Impressum<\/h1>\n<p>&nbsp;<\/p>\n<\/div>\n<\/div>\n<div class=\"wpb_text_column wpb_content_element vc_custom_1425884625746\">\n<div class=\"wpb_wrapper\">\n<p>Obwohl bei der Erstellung dieser Website gr\u00f6\u00dfte Sorgfalt angewendet wurde, \u00fcbernehmen der Herausgeber und der Autor keine Verantwortung f\u00fcr Fehler oder Auslassungen oder f\u00fcr Sch\u00e4den, die aus der Nutzung der Informationen auf dieser Website entstehen. Wir behalten uns das Recht vor, jederzeit und ohne vorherige Ank\u00fcndigung \u00c4nderungen an der Website vorzunehmen.<\/p>\n<p>\u00c4nderungen der technischen Daten sind ohne vorherige Ank\u00fcndigung m\u00f6glich. Alle Unternehmen und\/oder Produkte sind Marken und\/oder eingetragene Marken der jeweiligen Hersteller in den jeweiligen M\u00e4rkten.<\/p>\n<p>&nbsp;<\/p>\n<p class=\"imh-copyright\"><strong>Firma:<\/strong> Therefore Corporation GmbH<br \/>\n<strong>Unternehmensgegenstand:<\/strong> Entwicklung und Vertrieb von Informationsmanagement-Software<br \/>\n<strong>UID-Nr.:<\/strong> ATU57212206<br \/>\n<strong>Firmenbuchnummer:<\/strong> FN 237129 w<br \/>\n<strong>Firmenbuchgericht:<\/strong> Landesgericht Wiener Neustadt<br \/>\n<strong>Firmensitz:<\/strong> M\u00f6dling<br \/>\n<strong>Gesch\u00e4ftsf\u00fchrer:<\/strong> Michael\u00a0Heitz<br \/>\n<strong>Anschrift:<\/strong> Wiener Stra\u00dfe 2\/2, 2340 M\u00f6dling<br \/>\n<strong>Kontaktdaten:<\/strong> office@therefore.net, +43 2236 865 300<br \/>\nMitglied der Wirtschaftskammer \u00d6sterreich, 704 \u2013 FG Unternehmensberatung, Buchhaltung und Informationstechnologie<br \/>\n<strong>Berufsrechtliche Vorschriften:<\/strong> Gewerbeordnung (ris.bka.gv.at)<br \/>\n<strong>Aufsichtsbeh\u00f6rde\/Gewebebeh\u00f6rde:<\/strong> Bezirkshauptmannschaft M\u00f6dling<br \/>\n<strong>F\u00fcr den Inhalt der Website verantwortliche Person (Herausgeber):<\/strong> Michael\u00a0Heitz<br \/>\n<strong>Website-Host:\u00a0<\/strong>inMotion Hosting, 555 S. Independence Blvd., \u00a0Virginia Beach, \u00a0VA 23452, United States, phone +1 757-416-6575<\/p>\n<\/div>\n<\/div>\n<\/div>\n<\/div>\n<\/div>\n\n        <\/div>\n\n            <\/div>\n<\/div>\n\n","protected":false},"excerpt":{"rendered":"","protected":false},"author":5,"featured_media":0,"parent":0,"menu_order":0,"comment_status":"closed","ping_status":"closed","template":"","meta":{"_acf_changed":false,"inline_featured_image":false,"footnotes":""},"class_list":["post-3433","page","type-page","status-publish","hentry"],"acf":[],"yoast_head":"<!-- This site is optimized with the Yoast SEO plugin v27.3 - https:\/\/yoast.com\/product\/yoast-seo-wordpress\/ -->\n<title>Impressum<\/title>\n<meta name=\"description\" content=\"Impressum f\u00fcr www.therefore.net\" \/>\n<meta name=\"robots\" content=\"index, follow, max-snippet:-1, max-image-preview:large, max-video-preview:-1\" \/>\n<link rel=\"canonical\" href=\"https:\/\/therefore.net\/de\/impressum\/\" \/>\n<script type=\"application\/ld+json\" class=\"yoast-schema-graph\">{\"@context\":\"https:\\\/\\\/schema.org\",\"@graph\":[{\"@type\":\"WebPage\",\"@id\":\"https:\\\/\\\/therefore.net\\\/de\\\/impressum\\\/\",\"url\":\"https:\\\/\\\/therefore.net\\\/de\\\/impressum\\\/\",\"name\":\"Impressum\",\"isPartOf\":{\"@id\":\"https:\\\/\\\/therefore.net\\\/de\\\/#website\"},\"datePublished\":\"2023-04-24T18:53:27+00:00\",\"dateModified\":\"2025-12-04T20:16:06+00:00\",\"description\":\"Impressum f\u00fcr www.therefore.net\",\"breadcrumb\":{\"@id\":\"https:\\\/\\\/therefore.net\\\/de\\\/impressum\\\/#breadcrumb\"},\"inLanguage\":\"de-DE\",\"potentialAction\":[{\"@type\":\"ReadAction\",\"target\":[\"https:\\\/\\\/therefore.net\\\/de\\\/impressum\\\/\"]}]},{\"@type\":\"BreadcrumbList\",\"@id\":\"https:\\\/\\\/therefore.net\\\/de\\\/impressum\\\/#breadcrumb\",\"itemListElement\":[{\"@type\":\"ListItem\",\"position\":1,\"name\":\"Home\",\"item\":\"https:\\\/\\\/therefore.net\\\/de\\\/\"},{\"@type\":\"ListItem\",\"position\":2,\"name\":\"Impressum\"}]},{\"@type\":\"WebSite\",\"@id\":\"https:\\\/\\\/therefore.net\\\/de\\\/#website\",\"url\":\"https:\\\/\\\/therefore.net\\\/de\\\/\",\"name\":\"Therefore\",\"description\":\"\",\"publisher\":{\"@id\":\"https:\\\/\\\/therefore.net\\\/de\\\/#organization\"},\"potentialAction\":[{\"@type\":\"SearchAction\",\"target\":{\"@type\":\"EntryPoint\",\"urlTemplate\":\"https:\\\/\\\/therefore.net\\\/de\\\/?s={search_term_string}\"},\"query-input\":{\"@type\":\"PropertyValueSpecification\",\"valueRequired\":true,\"valueName\":\"search_term_string\"}}],\"inLanguage\":\"de-DE\"},{\"@type\":\"Organization\",\"@id\":\"https:\\\/\\\/therefore.net\\\/de\\\/#organization\",\"name\":\"Therefore\",\"url\":\"https:\\\/\\\/therefore.net\\\/de\\\/\",\"logo\":{\"@type\":\"ImageObject\",\"inLanguage\":\"de-DE\",\"@id\":\"https:\\\/\\\/therefore.net\\\/de\\\/#\\\/schema\\\/logo\\\/image\\\/\",\"url\":\"https:\\\/\\\/therefore.net\\\/wp\\\/..\\\/app\\\/uploads\\\/2022\\\/04\\\/logo.png\",\"contentUrl\":\"https:\\\/\\\/therefore.net\\\/wp\\\/..\\\/app\\\/uploads\\\/2022\\\/04\\\/logo.png\",\"width\":176,\"height\":48,\"caption\":\"Therefore\"},\"image\":{\"@id\":\"https:\\\/\\\/therefore.net\\\/de\\\/#\\\/schema\\\/logo\\\/image\\\/\"},\"sameAs\":[\"https:\\\/\\\/www.linkedin.com\\\/company\\\/therefore-corporation\\\/\",\"https:\\\/\\\/www.youtube.com\\\/user\\\/ThereforeTV\"]}]}<\/script>\n<!-- \/ Yoast SEO plugin. -->","yoast_head_json":{"title":"Impressum","description":"Impressum f\u00fcr www.therefore.net","robots":{"index":"index","follow":"follow","max-snippet":"max-snippet:-1","max-image-preview":"max-image-preview:large","max-video-preview":"max-video-preview:-1"},"canonical":"https:\/\/therefore.net\/de\/impressum\/","schema":{"@context":"https:\/\/schema.org","@graph":[{"@type":"WebPage","@id":"https:\/\/therefore.net\/de\/impressum\/","url":"https:\/\/therefore.net\/de\/impressum\/","name":"Impressum","isPartOf":{"@id":"https:\/\/therefore.net\/de\/#website"},"datePublished":"2023-04-24T18:53:27+00:00","dateModified":"2025-12-04T20:16:06+00:00","description":"Impressum f\u00fcr www.therefore.net","breadcrumb":{"@id":"https:\/\/therefore.net\/de\/impressum\/#breadcrumb"},"inLanguage":"de-DE","potentialAction":[{"@type":"ReadAction","target":["https:\/\/therefore.net\/de\/impressum\/"]}]},{"@type":"BreadcrumbList","@id":"https:\/\/therefore.net\/de\/impressum\/#breadcrumb","itemListElement":[{"@type":"ListItem","position":1,"name":"Home","item":"https:\/\/therefore.net\/de\/"},{"@type":"ListItem","position":2,"name":"Impressum"}]},{"@type":"WebSite","@id":"https:\/\/therefore.net\/de\/#website","url":"https:\/\/therefore.net\/de\/","name":"Therefore","description":"","publisher":{"@id":"https:\/\/therefore.net\/de\/#organization"},"potentialAction":[{"@type":"SearchAction","target":{"@type":"EntryPoint","urlTemplate":"https:\/\/therefore.net\/de\/?s={search_term_string}"},"query-input":{"@type":"PropertyValueSpecification","valueRequired":true,"valueName":"search_term_string"}}],"inLanguage":"de-DE"},{"@type":"Organization","@id":"https:\/\/therefore.net\/de\/#organization","name":"Therefore","url":"https:\/\/therefore.net\/de\/","logo":{"@type":"ImageObject","inLanguage":"de-DE","@id":"https:\/\/therefore.net\/de\/#\/schema\/logo\/image\/","url":"https:\/\/therefore.net\/wp\/..\/app\/uploads\/2022\/04\/logo.png","contentUrl":"https:\/\/therefore.net\/wp\/..\/app\/uploads\/2022\/04\/logo.png","width":176,"height":48,"caption":"Therefore"},"image":{"@id":"https:\/\/therefore.net\/de\/#\/schema\/logo\/image\/"},"sameAs":["https:\/\/www.linkedin.com\/company\/therefore-corporation\/","https:\/\/www.youtube.com\/user\/ThereforeTV"]}]}},"_links":{"self":[{"href":"https:\/\/therefore.net\/de\/wp-json\/wp\/v2\/pages\/3433","targetHints":{"allow":["GET"]}}],"collection":[{"href":"https:\/\/therefore.net\/de\/wp-json\/wp\/v2\/pages"}],"about":[{"href":"https:\/\/therefore.net\/de\/wp-json\/wp\/v2\/types\/page"}],"author":[{"embeddable":true,"href":"https:\/\/therefore.net\/de\/wp-json\/wp\/v2\/users\/5"}],"replies":[{"embeddable":true,"href":"https:\/\/therefore.net\/de\/wp-json\/wp\/v2\/comments?post=3433"}],"version-history":[{"count":4,"href":"https:\/\/therefore.net\/de\/wp-json\/wp\/v2\/pages\/3433\/revisions"}],"predecessor-version":[{"id":10037,"href":"https:\/\/therefore.net\/de\/wp-json\/wp\/v2\/pages\/3433\/revisions\/10037"}],"wp:attachment":[{"href":"https:\/\/therefore.net\/de\/wp-json\/wp\/v2\/media?parent=3433"}],"curies":[{"name":"wp","href":"https:\/\/api.w.org\/{rel}","templated":true}]}}