{"id":3442,"date":"2022-04-22T15:37:53","date_gmt":"2022-04-22T13:37:53","guid":{"rendered":"https:\/\/therefore.net\/karriere\/"},"modified":"2025-11-11T14:44:59","modified_gmt":"2025-11-11T13:44:59","slug":"karriere","status":"publish","type":"page","link":"https:\/\/therefore.net\/de\/karriere\/","title":{"rendered":"Karriere"},"content":{"rendered":"<section class=\"custom-block left-image-right-text-long\">\n    <div class=\"container  left-image-right-text-long__container\">\n        <div class=\"left-image-right-text-long__inner\">\n            <div class=\"left-image-right-text-long__image-wrapper\">\n                                    <img decoding=\"async\" width=\"515\" height=\"704\" src=\"https:\/\/therefore.net\/wp\/..\/app\/uploads\/2022\/04\/Why-join-Therefore.png\" class=\"attachment-full size-full\" alt=\"Draufsicht auf einen Holztisch mit mehreren offenen Laptops, Notebooks, Smartphones, Snacks, Getr\u00e4nken und H\u00e4nden, die tippen oder Ger\u00e4te benutzen, was auf eine gemeinsame Arbeits- oder Lernsitzung hindeutet.\" srcset=\"https:\/\/therefore.net\/wp\/..\/app\/uploads\/2022\/04\/Why-join-Therefore.png 515w, https:\/\/therefore.net\/wp\/..\/app\/uploads\/2022\/04\/Why-join-Therefore-219x300.png 219w\" sizes=\"(max-width: 515px) 100vw, 515px\" \/>\n                            <\/div>\n            <div class=\"left-image-right-text-long__text-wrapper\">\n                <h2 class=\"left-image-right-text-long__title\">\n                    Warum sollten Sie dem Therefore-Team beitreten?\n                <\/h2>\n                <div class=\"left-image-right-text-long__text\">\n                    <p>Bei Therefore dreht sich alles um den Menschen. Das hei\u00dft, wenn Sie zu unserem Team sto\u00dfen, denken wir daran, die Stelle an Ihre Interessen und Talente anzupassen, anstatt zu versuchen, Sie in eine vorgefertigte Position zu pressen.<\/p>\n<p>Unsere kleine, internationale Teamstruktur erm\u00f6glicht es Ihnen, von Anfang an eine wichtige Rolle im Unternehmen zu spielen. Und die Tatsache, dass wir alle gemeinsam an der gleichen gro\u00dfartigen Software arbeiten, macht Teamwork zum Kern unserer Unternehmenskultur. Von der Entwicklung \u00fcber das Marketing und den Support bis hin zum Kundendienst werden Sie Ihre Talente von Anfang an einsetzen k\u00f6nnen.<\/p>\n<p>Wir bieten viele M\u00f6glichkeiten, sich durch Schulungen, Foren und interne Mobilit\u00e4t weiterzuentwickeln. Wir unterst\u00fctzen Sie dabei, eine gesunde Work-Life-Balance zu erreichen, mit flexiblen Arbeitszeiten und Home-Office, und Sie k\u00f6nnen wirklich Urlaub machen, ohne Ihre Arbeit zu unterbrechen. Wir wachsen schnell und suchen nach Mitarbeitern, die genauso begeistert von der Verbesserung des Produkts und dem Wachstum des Unternehmens sind wie wir selbst!<\/p>\n<p>Ihr Job sollte sich so gut an Ihr Leben anpassen lassen wie Ihr Informationsmanagementsystem. Worauf warten Sie noch?<\/p>\n<p>In unserem Einstellungsprozess suchen wir nach leidenschaftlichen, neugierigen Teamplayern, die gerne lernen.<\/p>\n\n                <\/div>\n                            <\/div>\n        <\/div>\n    <\/div>\n<\/section>\n\n\n<div class=\"custom-block simple-paragraph\">\n    <div class=\"container\">\n        <div class=\"blog-post__content blog-post__content--wide\">\n            <h1 style=\"text-align: center;\">Offene Stellen sind auf unserer Seite &#8220;Careers&#8221; in englischer Sprache aufgef\u00fchrt.<\/h1>\n<p>&nbsp;<\/p>\n<h4 style=\"text-align: center;\">Bitte wechseln Sie die Sprache dieser Seite auf Englisch, um offene Stellen anzuzeigen.<\/h4>\n\n        <\/div>\n\n            <\/div>\n<\/div>\n\n","protected":false},"excerpt":{"rendered":"","protected":false},"author":1,"featured_media":0,"parent":0,"menu_order":0,"comment_status":"closed","ping_status":"closed","template":"","meta":{"_acf_changed":false,"inline_featured_image":false,"footnotes":""},"class_list":["post-3442","page","type-page","status-publish","hentry"],"acf":[],"yoast_head":"<!-- This site is optimized with the Yoast SEO plugin v27.2 - https:\/\/yoast.com\/product\/yoast-seo-wordpress\/ -->\n<title>Karriere<\/title>\n<meta name=\"description\" content=\"Bei Therefore dreht sich alles um Menschen. Das hei\u00dft, wenn Sie zu unserem Team sto\u00dfen, denken wir an Ihre Karriere, Ihre Interessen und Talente.\" \/>\n<meta name=\"robots\" content=\"index, follow, max-snippet:-1, max-image-preview:large, max-video-preview:-1\" \/>\n<link rel=\"canonical\" href=\"https:\/\/therefore.net\/de\/karriere\/\" \/>\n<script type=\"application\/ld+json\" class=\"yoast-schema-graph\">{\"@context\":\"https:\/\/schema.org\",\"@graph\":[{\"@type\":\"WebPage\",\"@id\":\"https:\/\/therefore.net\/de\/karriere\/\",\"url\":\"https:\/\/therefore.net\/de\/karriere\/\",\"name\":\"Karriere\",\"isPartOf\":{\"@id\":\"https:\/\/therefore.net\/de\/#website\"},\"datePublished\":\"2022-04-22T13:37:53+00:00\",\"dateModified\":\"2025-11-11T13:44:59+00:00\",\"description\":\"Bei Therefore dreht sich alles um Menschen. Das hei\u00dft, wenn Sie zu unserem Team sto\u00dfen, denken wir an Ihre Karriere, Ihre Interessen und Talente.\",\"breadcrumb\":{\"@id\":\"https:\/\/therefore.net\/de\/karriere\/#breadcrumb\"},\"inLanguage\":\"de-DE\",\"potentialAction\":[{\"@type\":\"ReadAction\",\"target\":[\"https:\/\/therefore.net\/de\/karriere\/\"]}]},{\"@type\":\"BreadcrumbList\",\"@id\":\"https:\/\/therefore.net\/de\/karriere\/#breadcrumb\",\"itemListElement\":[{\"@type\":\"ListItem\",\"position\":1,\"name\":\"Home\",\"item\":\"https:\/\/therefore.net\/de\/\"},{\"@type\":\"ListItem\",\"position\":2,\"name\":\"Karriere\"}]},{\"@type\":\"WebSite\",\"@id\":\"https:\/\/therefore.net\/de\/#website\",\"url\":\"https:\/\/therefore.net\/de\/\",\"name\":\"Therefore\",\"description\":\"\",\"publisher\":{\"@id\":\"https:\/\/therefore.net\/de\/#organization\"},\"potentialAction\":[{\"@type\":\"SearchAction\",\"target\":{\"@type\":\"EntryPoint\",\"urlTemplate\":\"https:\/\/therefore.net\/de\/?s={search_term_string}\"},\"query-input\":{\"@type\":\"PropertyValueSpecification\",\"valueRequired\":true,\"valueName\":\"search_term_string\"}}],\"inLanguage\":\"de-DE\"},{\"@type\":\"Organization\",\"@id\":\"https:\/\/therefore.net\/de\/#organization\",\"name\":\"Therefore\",\"url\":\"https:\/\/therefore.net\/de\/\",\"logo\":{\"@type\":\"ImageObject\",\"inLanguage\":\"de-DE\",\"@id\":\"https:\/\/therefore.net\/de\/#\/schema\/logo\/image\/\",\"url\":\"https:\/\/therefore.net\/wp\/..\/app\/uploads\/2022\/04\/logo.png\",\"contentUrl\":\"https:\/\/therefore.net\/wp\/..\/app\/uploads\/2022\/04\/logo.png\",\"width\":176,\"height\":48,\"caption\":\"Therefore\"},\"image\":{\"@id\":\"https:\/\/therefore.net\/de\/#\/schema\/logo\/image\/\"},\"sameAs\":[\"https:\/\/www.linkedin.com\/company\/therefore-corporation\/\",\"https:\/\/www.youtube.com\/user\/ThereforeTV\"]}]}<\/script>\n<!-- \/ Yoast SEO plugin. -->","yoast_head_json":{"title":"Karriere","description":"Bei Therefore dreht sich alles um Menschen. Das hei\u00dft, wenn Sie zu unserem Team sto\u00dfen, denken wir an Ihre Karriere, Ihre Interessen und Talente.","robots":{"index":"index","follow":"follow","max-snippet":"max-snippet:-1","max-image-preview":"max-image-preview:large","max-video-preview":"max-video-preview:-1"},"canonical":"https:\/\/therefore.net\/de\/karriere\/","schema":{"@context":"https:\/\/schema.org","@graph":[{"@type":"WebPage","@id":"https:\/\/therefore.net\/de\/karriere\/","url":"https:\/\/therefore.net\/de\/karriere\/","name":"Karriere","isPartOf":{"@id":"https:\/\/therefore.net\/de\/#website"},"datePublished":"2022-04-22T13:37:53+00:00","dateModified":"2025-11-11T13:44:59+00:00","description":"Bei Therefore dreht sich alles um Menschen. Das hei\u00dft, wenn Sie zu unserem Team sto\u00dfen, denken wir an Ihre Karriere, Ihre Interessen und Talente.","breadcrumb":{"@id":"https:\/\/therefore.net\/de\/karriere\/#breadcrumb"},"inLanguage":"de-DE","potentialAction":[{"@type":"ReadAction","target":["https:\/\/therefore.net\/de\/karriere\/"]}]},{"@type":"BreadcrumbList","@id":"https:\/\/therefore.net\/de\/karriere\/#breadcrumb","itemListElement":[{"@type":"ListItem","position":1,"name":"Home","item":"https:\/\/therefore.net\/de\/"},{"@type":"ListItem","position":2,"name":"Karriere"}]},{"@type":"WebSite","@id":"https:\/\/therefore.net\/de\/#website","url":"https:\/\/therefore.net\/de\/","name":"Therefore","description":"","publisher":{"@id":"https:\/\/therefore.net\/de\/#organization"},"potentialAction":[{"@type":"SearchAction","target":{"@type":"EntryPoint","urlTemplate":"https:\/\/therefore.net\/de\/?s={search_term_string}"},"query-input":{"@type":"PropertyValueSpecification","valueRequired":true,"valueName":"search_term_string"}}],"inLanguage":"de-DE"},{"@type":"Organization","@id":"https:\/\/therefore.net\/de\/#organization","name":"Therefore","url":"https:\/\/therefore.net\/de\/","logo":{"@type":"ImageObject","inLanguage":"de-DE","@id":"https:\/\/therefore.net\/de\/#\/schema\/logo\/image\/","url":"https:\/\/therefore.net\/wp\/..\/app\/uploads\/2022\/04\/logo.png","contentUrl":"https:\/\/therefore.net\/wp\/..\/app\/uploads\/2022\/04\/logo.png","width":176,"height":48,"caption":"Therefore"},"image":{"@id":"https:\/\/therefore.net\/de\/#\/schema\/logo\/image\/"},"sameAs":["https:\/\/www.linkedin.com\/company\/therefore-corporation\/","https:\/\/www.youtube.com\/user\/ThereforeTV"]}]}},"_links":{"self":[{"href":"https:\/\/therefore.net\/de\/wp-json\/wp\/v2\/pages\/3442","targetHints":{"allow":["GET"]}}],"collection":[{"href":"https:\/\/therefore.net\/de\/wp-json\/wp\/v2\/pages"}],"about":[{"href":"https:\/\/therefore.net\/de\/wp-json\/wp\/v2\/types\/page"}],"author":[{"embeddable":true,"href":"https:\/\/therefore.net\/de\/wp-json\/wp\/v2\/users\/1"}],"replies":[{"embeddable":true,"href":"https:\/\/therefore.net\/de\/wp-json\/wp\/v2\/comments?post=3442"}],"version-history":[{"count":15,"href":"https:\/\/therefore.net\/de\/wp-json\/wp\/v2\/pages\/3442\/revisions"}],"predecessor-version":[{"id":9989,"href":"https:\/\/therefore.net\/de\/wp-json\/wp\/v2\/pages\/3442\/revisions\/9989"}],"wp:attachment":[{"href":"https:\/\/therefore.net\/de\/wp-json\/wp\/v2\/media?parent=3442"}],"curies":[{"name":"wp","href":"https:\/\/api.w.org\/{rel}","templated":true}]}}