{"id":3477,"date":"2022-04-29T16:09:04","date_gmt":"2022-04-29T14:09:04","guid":{"rendered":"https:\/\/therefore.net\/ressourcen\/"},"modified":"2026-01-02T23:55:54","modified_gmt":"2026-01-02T22:55:54","slug":"ressourcen","status":"publish","type":"page","link":"https:\/\/therefore.net\/de\/ressourcen\/","title":{"rendered":"Ressourcen"},"content":{"rendered":"<section class=\"custom-block left-image-right-text-shape left-image-right-text-shape--title\">\n            <div class=\"container page-title\">\n            <h2 class=\"page-title__heading left-image-right-text-shape__title\">\n                Sie brauchen Hilfe? Dann sind Sie bei uns genau richtig.\n            <\/h2>\n        <\/div>\n        <div class=\"left-image-right-text-shape__wrapper\">\n        <div class=\"container left-image-right-text-shape__container\">\n            <div class=\"left-image-right-text-shape__inner\">\n                <div class=\"left-image-right-text-shape__image-wrapper\">\n                                            <img decoding=\"async\" width=\"610\" height=\"344\" src=\"https:\/\/therefore.net\/wp\/..\/app\/uploads\/2022\/04\/super-helpful.png\" class=\"attachment-full size-full\" alt=\"Ein gr\u00fcnes Neonschild mit der Aufschrift &quot;Super Helpful&quot; leuchtet hinter einem Glasfenster mit einem Gittermuster; im Hintergrund sind warme Gl\u00fchbirnen zu sehen.\" srcset=\"https:\/\/therefore.net\/wp\/..\/app\/uploads\/2022\/04\/super-helpful.png 610w, https:\/\/therefore.net\/wp\/..\/app\/uploads\/2022\/04\/super-helpful-300x169.png 300w\" sizes=\"(max-width: 610px) 100vw, 610px\" \/>\n                                    <\/div>\n                <div class=\"left-image-right-text-shape__text-wrapper\">\n                    <div class=\"left-image-right-text-shape__text-wrapper__text\">\n                        <div class=\"left-image-right-text-shape__text\"><p>Brauchen Sie Hilfe, um Ihr Therefore\u2122-System kennenzulernen, oder wissen Sie nicht, wo Sie anfangen sollen? Sehen Sie sich die nachstehenden Ressourcen an. Einige Ressourcen sind \u00f6ffentlich zug\u00e4nglich, w\u00e4hrend andere nur f\u00fcr unsere Vertriebspartner und die Therefore-Community zur Verf\u00fcgung stehen. Wenn Sie nicht finden k\u00f6nnen, was Sie suchen, kontaktieren Sie uns.<\/p>\n<\/div>\n                                                <a class=\"main-button main-button--secondary\" target=\"\"\n                            href=\"https:\/\/therefore.net\/de\/kontakt\/\">Kontaktieren Sie uns<\/a>\n                                            <\/div>\n                    <div class=\"left-image-right-text-shape__text-wrapper__shape\">\n                        <svg width=\"350\" height=\"172\" viewBox=\"0 0 350 172\" fill=\"none\" xmlns=\"http:\/\/www.w3.org\/2000\/svg\">\n<g clip-path=\"url(#clip0_391_84567)\">\n<path d=\"M350 3.05176e-05C350 94.993 272.993 172 178 172L0 172L1.50367e-05 -8.03937e-08L350 3.05176e-05Z\" fill=\"#1E5BFA\"\/>\n<g filter=\"url(#filter0_f_391_84567)\">\n<circle cx=\"44\" cy=\"146\" r=\"218\" fill=\"#44EDF8\" fill-opacity=\"0.56\"\/>\n<\/g>\n<\/g>\n<defs>\n<filter id=\"filter0_f_391_84567\" x=\"-474\" y=\"-372\" width=\"1036\" height=\"1036\" filterUnits=\"userSpaceOnUse\" color-interpolation-filters=\"sRGB\">\n<feFlood flood-opacity=\"0\" result=\"BackgroundImageFix\"\/>\n<feBlend mode=\"normal\" in=\"SourceGraphic\" in2=\"BackgroundImageFix\" result=\"shape\"\/>\n<feGaussianBlur stdDeviation=\"150\" result=\"effect1_foregroundBlur_391_84567\"\/>\n<\/filter>\n<clipPath id=\"clip0_391_84567\">\n<path d=\"M350 3.05176e-05C350 94.993 272.993 172 178 172L0 172L1.50367e-05 -8.03937e-08L350 3.05176e-05Z\" fill=\"white\"\/>\n<\/clipPath>\n<\/defs>\n<\/svg>\n\n                    <\/div>\n                <\/div>\n            <\/div>\n        <\/div>\n    <\/div>\n<\/section>\n\n\n<div class=\"custom-block resources-tiles-block\">\n    <div class=\"container resources-tiles-block__container\">\n                    <div class=\"resources-tiles-block__tiles\">\n                                                        <div class=\"tile-item\">\n                        <div class=\"resources-tiles-block__tile tile-item__wrapper\">\n                            <div class=\"tile-item__content\">\n                                <h3 class=\"tile-item__title\">\n                                    Allgemeine Fragen zur Verwendung oder Konfiguration von Therefore\u2122 \n                                <\/h3>\n                                <p class=\"tile-item__text\">Technische Dokumentation<\/p>\n                            <\/div>\n                            <div class=\"tile-item__cta\">\n                                                                                                            <a href=\"https:\/\/help.therefore.net\/\" target=\"\"\n                                           class=\"tile-item__link arrow-link link-green\">Zur Hilfe gehen<\/a>\n                                                                                                <\/div>\n                        <\/div>\n                    <\/div>\n                                                        <div class=\"tile-item\">\n                        <div class=\"resources-tiles-block__tile tile-item__wrapper\">\n                            <div class=\"tile-item__content\">\n                                <h3 class=\"tile-item__title\">\n                                    Technischer Support\n                                <\/h3>\n                                <p class=\"tile-item__text\">Wir arbeiten mit Canon Support-Spezialisten in der ganzen Welt zusammen, um technische Unterst\u00fctzung zu leisten.<\/p>\n                            <\/div>\n                            <div class=\"tile-item__cta\">\n                                                                                                            <a href=\"https:\/\/therefore.net\/de\/technischer-support\/\" target=\"\"\n                                           class=\"tile-item__link arrow-link link-green\">Technischer Support<\/a>\n                                                                                                <\/div>\n                        <\/div>\n                    <\/div>\n                                                        <div class=\"tile-item\">\n                        <div class=\"resources-tiles-block__tile tile-item__wrapper\">\n                            <div class=\"tile-item__content\">\n                                <h3 class=\"tile-item__title\">\n                                    Partner-Portal\n                                <\/h3>\n                                <p class=\"tile-item__text\">Das Therefore\u2122 Extranet ist ein Portal, das Canon und Canon Partnern vorbehalten ist. <\/p>\n                            <\/div>\n                            <div class=\"tile-item__cta\">\n                                                                                                            <a href=\"https:\/\/extranet.therefore.net\/  \" target=\"\"\n                                           class=\"tile-item__link arrow-link link-green\">Anmelden<\/a>\n                                                                                                <\/div>\n                        <\/div>\n                    <\/div>\n                                                        <div class=\"tile-item\">\n                        <div class=\"resources-tiles-block__tile tile-item__wrapper\">\n                            <div class=\"tile-item__content\">\n                                <h3 class=\"tile-item__title\">\n                                    eLearning\n                                <\/h3>\n                                <p class=\"tile-item__text\">Technische Produktschulungen sind f\u00fcr Canon und Canon Partner \u00fcber die eLearning-Plattform von Therefore verf\u00fcgbar.<\/p>\n                            <\/div>\n                            <div class=\"tile-item__cta\">\n                                                                                                            <a href=\"https:\/\/learn.therefore.net\/  \" target=\"_blank\"\n                                           class=\"tile-item__link arrow-link link-green\">Weiter zu eLearning<\/a>\n                                                                                                <\/div>\n                        <\/div>\n                    <\/div>\n                                                        <div class=\"tile-item\">\n                        <div class=\"resources-tiles-block__tile tile-item__wrapper\">\n                            <div class=\"tile-item__content\">\n                                <h3 class=\"tile-item__title\">\n                                    Therefore\u2122 Videos\n                                <\/h3>\n                                <p class=\"tile-item__text\">Sehen Sie sich unsere umfangreiche Sammlung von Therefore\u2122-Videos an, die ein breites Spektrum an Themen abdecken, von Webinaren \u00fcber Produktdemos bis hin zu Marketingvideos und mehr. <\/p>\n                            <\/div>\n                            <div class=\"tile-item__cta\">\n                                                                                                            <a href=\"https:\/\/www.youtube.com\/user\/ThereforeTV  \" target=\"_blank\"\n                                           class=\"tile-item__link arrow-link link-green\">Weiter zu Therefore TV<\/a>\n                                                                                                <\/div>\n                        <\/div>\n                    <\/div>\n                                                        <div class=\"tile-item\">\n                        <div class=\"resources-tiles-block__tile tile-item__wrapper\">\n                            <div class=\"tile-item__content\">\n                                <h3 class=\"tile-item__title\">\n                                    Das Neueste von Therefore\u2122\n                                <\/h3>\n                                <p class=\"tile-item__text\">Bleiben Sie auf dem Laufenden \u00fcber die neuesten Nachrichten aus der Welt von Therefore\u2122 mit unserem<\/p>\n                            <\/div>\n                            <div class=\"tile-item__cta\">\n                                                                                                            <a href=\"https:\/\/therefore.net\/blog\/\" target=\"\"\n                                           class=\"tile-item__link link-green\">Blog<\/a>\n                                                                                                                                                <a href=\"\" target=\"\"\n                                           class=\"tile-item__link link-green\"><\/a>\n                                                                                                <\/div>\n                        <\/div>\n                    <\/div>\n                            <\/div>\n            <\/div>\n<\/section>","protected":false},"excerpt":{"rendered":"","protected":false},"author":1,"featured_media":0,"parent":0,"menu_order":0,"comment_status":"closed","ping_status":"closed","template":"","meta":{"_acf_changed":false,"inline_featured_image":false,"footnotes":""},"class_list":["post-3477","page","type-page","status-publish","hentry"],"acf":[],"yoast_head":"<!-- This site is optimized with the Yoast SEO plugin v27.4 - https:\/\/yoast.com\/product\/yoast-seo-wordpress\/ -->\n<title>Ressourcen - Therefore<\/title>\n<meta name=\"description\" content=\"Brauchen Sie Hilfe, um Ihr Therefore\u2122-System kennenzulernen, oder wissen Sie nicht, wo Sie anfangen sollen? Schauen Sie sich die nachstehenden Ressourcen an.\" \/>\n<meta name=\"robots\" content=\"index, follow, max-snippet:-1, max-image-preview:large, max-video-preview:-1\" \/>\n<link rel=\"canonical\" href=\"https:\/\/therefore.net\/de\/ressourcen\/\" \/>\n<script type=\"application\/ld+json\" class=\"yoast-schema-graph\">{\"@context\":\"https:\\\/\\\/schema.org\",\"@graph\":[{\"@type\":\"WebPage\",\"@id\":\"https:\\\/\\\/therefore.net\\\/de\\\/ressourcen\\\/\",\"url\":\"https:\\\/\\\/therefore.net\\\/de\\\/ressourcen\\\/\",\"name\":\"Ressourcen - Therefore\",\"isPartOf\":{\"@id\":\"https:\\\/\\\/therefore.net\\\/de\\\/#website\"},\"datePublished\":\"2022-04-29T14:09:04+00:00\",\"dateModified\":\"2026-01-02T22:55:54+00:00\",\"description\":\"Brauchen Sie Hilfe, um Ihr Therefore\u2122-System kennenzulernen, oder wissen Sie nicht, wo Sie anfangen sollen? Schauen Sie sich die nachstehenden Ressourcen an.\",\"breadcrumb\":{\"@id\":\"https:\\\/\\\/therefore.net\\\/de\\\/ressourcen\\\/#breadcrumb\"},\"inLanguage\":\"de-DE\",\"potentialAction\":[{\"@type\":\"ReadAction\",\"target\":[\"https:\\\/\\\/therefore.net\\\/de\\\/ressourcen\\\/\"]}]},{\"@type\":\"BreadcrumbList\",\"@id\":\"https:\\\/\\\/therefore.net\\\/de\\\/ressourcen\\\/#breadcrumb\",\"itemListElement\":[{\"@type\":\"ListItem\",\"position\":1,\"name\":\"Home\",\"item\":\"https:\\\/\\\/therefore.net\\\/de\\\/\"},{\"@type\":\"ListItem\",\"position\":2,\"name\":\"Ressourcen\"}]},{\"@type\":\"WebSite\",\"@id\":\"https:\\\/\\\/therefore.net\\\/de\\\/#website\",\"url\":\"https:\\\/\\\/therefore.net\\\/de\\\/\",\"name\":\"Therefore\",\"description\":\"\",\"publisher\":{\"@id\":\"https:\\\/\\\/therefore.net\\\/de\\\/#organization\"},\"potentialAction\":[{\"@type\":\"SearchAction\",\"target\":{\"@type\":\"EntryPoint\",\"urlTemplate\":\"https:\\\/\\\/therefore.net\\\/de\\\/?s={search_term_string}\"},\"query-input\":{\"@type\":\"PropertyValueSpecification\",\"valueRequired\":true,\"valueName\":\"search_term_string\"}}],\"inLanguage\":\"de-DE\"},{\"@type\":\"Organization\",\"@id\":\"https:\\\/\\\/therefore.net\\\/de\\\/#organization\",\"name\":\"Therefore\",\"url\":\"https:\\\/\\\/therefore.net\\\/de\\\/\",\"logo\":{\"@type\":\"ImageObject\",\"inLanguage\":\"de-DE\",\"@id\":\"https:\\\/\\\/therefore.net\\\/de\\\/#\\\/schema\\\/logo\\\/image\\\/\",\"url\":\"https:\\\/\\\/therefore.net\\\/wp\\\/..\\\/app\\\/uploads\\\/2022\\\/04\\\/logo.png\",\"contentUrl\":\"https:\\\/\\\/therefore.net\\\/wp\\\/..\\\/app\\\/uploads\\\/2022\\\/04\\\/logo.png\",\"width\":176,\"height\":48,\"caption\":\"Therefore\"},\"image\":{\"@id\":\"https:\\\/\\\/therefore.net\\\/de\\\/#\\\/schema\\\/logo\\\/image\\\/\"},\"sameAs\":[\"https:\\\/\\\/www.linkedin.com\\\/company\\\/therefore-corporation\\\/\",\"https:\\\/\\\/www.youtube.com\\\/user\\\/ThereforeTV\"]}]}<\/script>\n<!-- \/ Yoast SEO plugin. -->","yoast_head_json":{"title":"Ressourcen - Therefore","description":"Brauchen Sie Hilfe, um Ihr Therefore\u2122-System kennenzulernen, oder wissen Sie nicht, wo Sie anfangen sollen? Schauen Sie sich die nachstehenden Ressourcen an.","robots":{"index":"index","follow":"follow","max-snippet":"max-snippet:-1","max-image-preview":"max-image-preview:large","max-video-preview":"max-video-preview:-1"},"canonical":"https:\/\/therefore.net\/de\/ressourcen\/","schema":{"@context":"https:\/\/schema.org","@graph":[{"@type":"WebPage","@id":"https:\/\/therefore.net\/de\/ressourcen\/","url":"https:\/\/therefore.net\/de\/ressourcen\/","name":"Ressourcen - Therefore","isPartOf":{"@id":"https:\/\/therefore.net\/de\/#website"},"datePublished":"2022-04-29T14:09:04+00:00","dateModified":"2026-01-02T22:55:54+00:00","description":"Brauchen Sie Hilfe, um Ihr Therefore\u2122-System kennenzulernen, oder wissen Sie nicht, wo Sie anfangen sollen? Schauen Sie sich die nachstehenden Ressourcen an.","breadcrumb":{"@id":"https:\/\/therefore.net\/de\/ressourcen\/#breadcrumb"},"inLanguage":"de-DE","potentialAction":[{"@type":"ReadAction","target":["https:\/\/therefore.net\/de\/ressourcen\/"]}]},{"@type":"BreadcrumbList","@id":"https:\/\/therefore.net\/de\/ressourcen\/#breadcrumb","itemListElement":[{"@type":"ListItem","position":1,"name":"Home","item":"https:\/\/therefore.net\/de\/"},{"@type":"ListItem","position":2,"name":"Ressourcen"}]},{"@type":"WebSite","@id":"https:\/\/therefore.net\/de\/#website","url":"https:\/\/therefore.net\/de\/","name":"Therefore","description":"","publisher":{"@id":"https:\/\/therefore.net\/de\/#organization"},"potentialAction":[{"@type":"SearchAction","target":{"@type":"EntryPoint","urlTemplate":"https:\/\/therefore.net\/de\/?s={search_term_string}"},"query-input":{"@type":"PropertyValueSpecification","valueRequired":true,"valueName":"search_term_string"}}],"inLanguage":"de-DE"},{"@type":"Organization","@id":"https:\/\/therefore.net\/de\/#organization","name":"Therefore","url":"https:\/\/therefore.net\/de\/","logo":{"@type":"ImageObject","inLanguage":"de-DE","@id":"https:\/\/therefore.net\/de\/#\/schema\/logo\/image\/","url":"https:\/\/therefore.net\/wp\/..\/app\/uploads\/2022\/04\/logo.png","contentUrl":"https:\/\/therefore.net\/wp\/..\/app\/uploads\/2022\/04\/logo.png","width":176,"height":48,"caption":"Therefore"},"image":{"@id":"https:\/\/therefore.net\/de\/#\/schema\/logo\/image\/"},"sameAs":["https:\/\/www.linkedin.com\/company\/therefore-corporation\/","https:\/\/www.youtube.com\/user\/ThereforeTV"]}]}},"_links":{"self":[{"href":"https:\/\/therefore.net\/de\/wp-json\/wp\/v2\/pages\/3477","targetHints":{"allow":["GET"]}}],"collection":[{"href":"https:\/\/therefore.net\/de\/wp-json\/wp\/v2\/pages"}],"about":[{"href":"https:\/\/therefore.net\/de\/wp-json\/wp\/v2\/types\/page"}],"author":[{"embeddable":true,"href":"https:\/\/therefore.net\/de\/wp-json\/wp\/v2\/users\/1"}],"replies":[{"embeddable":true,"href":"https:\/\/therefore.net\/de\/wp-json\/wp\/v2\/comments?post=3477"}],"version-history":[{"count":9,"href":"https:\/\/therefore.net\/de\/wp-json\/wp\/v2\/pages\/3477\/revisions"}],"predecessor-version":[{"id":10528,"href":"https:\/\/therefore.net\/de\/wp-json\/wp\/v2\/pages\/3477\/revisions\/10528"}],"wp:attachment":[{"href":"https:\/\/therefore.net\/de\/wp-json\/wp\/v2\/media?parent=3477"}],"curies":[{"name":"wp","href":"https:\/\/api.w.org\/{rel}","templated":true}]}}