{"id":3492,"date":"2022-08-03T22:36:53","date_gmt":"2022-08-03T20:36:53","guid":{"rendered":"https:\/\/therefore.net\/auszeichnungen-zertifizierungen\/"},"modified":"2026-01-02T23:49:13","modified_gmt":"2026-01-02T22:49:13","slug":"auszeichnungen-zertifizierungen","status":"publish","type":"page","link":"https:\/\/therefore.net\/de\/auszeichnungen-zertifizierungen\/","title":{"rendered":"Auszeichnungen\/Zertifizierungen"},"content":{"rendered":"<div class=\"custom-block simple-paragraph\">\n    <div class=\"container\">\n        <div class=\"blog-post__content blog-post__content--wide\">\n            <h2>Therefore\u2122-Software ist Tr\u00e4ger zahlreicher Auszeichnungen und Zertifizierungen im Bereich Informationsmanagement. Von Preisen f\u00fcr herausragende Plattformfunktionen bis hin zur Einhaltung internationaler Standards hat Therefore\u2122 weltweit Anerkennung und Lob erhalten.<\/h2>\n\n        <\/div>\n\n            <\/div>\n<\/div>\n\n\n\n<div class=\"custom-block simple-paragraph\">\n    <div class=\"container\">\n        <div class=\"blog-post__content blog-post__content--wide\">\n            <h1 style=\"text-align: center;\"><span style=\"color: #bed500;\"><strong>Auszeichnungen und Zertifizierungen<br \/>\n<\/strong><\/span><\/h1>\n\n        <\/div>\n\n            <\/div>\n<\/div>\n\n\n\n<div class=\"custom-block resources-tiles-block\">\n    <div class=\"container resources-tiles-block__container\">\n                    <div class=\"resources-tiles-block__tiles\">\n                                                        <div class=\"tile-item\">\n                        <div class=\"resources-tiles-block__tile tile-item__wrapper\">\n                            <div class=\"tile-item__content\">\n                                <h3 class=\"tile-item__title\">\n                                    Software Reviews ECM Award\n                                <\/h3>\n                                <p class=\"tile-item__text\">Therefore\u2122-Software hat sich einen Platz als &#8220;Leader&#8221; im Data Quadrant von SoftwareReviews verdient.<\/p>\n                            <\/div>\n                            <div class=\"tile-item__cta\">\n                                                                                                            <a href=\"https:\/\/therefore.net\/de\/auszeichnungen-zertifizierungen\/software-review-awards\/\" target=\"\"\n                                           class=\"tile-item__link arrow-link link-green\">Mehr erfahren<\/a>\n                                                                                                <\/div>\n                        <\/div>\n                    <\/div>\n                                                        <div class=\"tile-item\">\n                        <div class=\"resources-tiles-block__tile tile-item__wrapper\">\n                            <div class=\"tile-item__content\">\n                                <h3 class=\"tile-item__title\">\n                                    DataMaster GED-Preis\n                                <\/h3>\n                                <p class=\"tile-item__text\">Therefore\u2122 hat zwei Auszeichnungen von DataMaster Lab erhalten, einem unabh\u00e4ngigen franz\u00f6sischen Testlabor f\u00fcr B\u00fcromaschinen und Softwarel\u00f6sungen. <\/p>\n                            <\/div>\n                            <div class=\"tile-item__cta\">\n                                                                                                            <a href=\"https:\/\/therefore.net\/de\/auszeichnungen-zertifizierungen\/datamaster-awards\/\" target=\"\"\n                                           class=\"tile-item__link arrow-link link-green\">Mehr erfahren<\/a>\n                                                                                                <\/div>\n                        <\/div>\n                    <\/div>\n                                                        <div class=\"tile-item\">\n                        <div class=\"resources-tiles-block__tile tile-item__wrapper\">\n                            <div class=\"tile-item__content\">\n                                <h3 class=\"tile-item__title\">\n                                    Buyer&#8217;s Lab Pick Award\n                                <\/h3>\n                                <p class=\"tile-item__text\">Therefore\u2122 wurde mit mehreren Pick-Awards f\u00fcr herausragende Informationsmanagement-Plattformen geehrt.<\/p>\n                            <\/div>\n                            <div class=\"tile-item__cta\">\n                                                                                                            <a href=\"https:\/\/therefore.net\/de\/auszeichnungen-zertifizierungen\/bli-pick-award\/\" target=\"\"\n                                           class=\"tile-item__link arrow-link link-green\">Mehr erfahren<\/a>\n                                                                                                <\/div>\n                        <\/div>\n                    <\/div>\n                                                        <div class=\"tile-item\">\n                        <div class=\"resources-tiles-block__tile tile-item__wrapper\">\n                            <div class=\"tile-item__content\">\n                                <h3 class=\"tile-item__title\">\n                                    DSGVO Datenschutz-Audit\n                                <\/h3>\n                                <p class=\"tile-item__text\">Therefore\u2122 Software hat ein strenges Datenschutz-Audit durch das deutsche Beratungsunternehmen Ebner Stolz bestanden. <\/p>\n                            <\/div>\n                            <div class=\"tile-item__cta\">\n                                                                                                            <a href=\"https:\/\/therefore.net\/de\/auszeichnungen-zertifizierungen\/datenschutz-grundverordnung\/\" target=\"\"\n                                           class=\"tile-item__link arrow-link link-green\">Mehr erfahren<\/a>\n                                                                                                <\/div>\n                        <\/div>\n                    <\/div>\n                                                        <div class=\"tile-item\">\n                        <div class=\"resources-tiles-block__tile tile-item__wrapper\">\n                            <div class=\"tile-item__content\">\n                                <h3 class=\"tile-item__title\">\n                                    ASTORS Homeland Security Award\n                                <\/h3>\n                                <p class=\"tile-item__text\">Das ASTORS-Programm wurde speziell entwickelt, um herausragende L\u00f6sungen von Beh\u00f6rden und Anbietern auszuzeichnen, die den Endbenutzern in einer Vielzahl von vertikalen M\u00e4rkten f\u00fcr Beh\u00f6rden, Innere Sicherheit, Unternehmen und \u00f6ffentliche Sicherheit einen erh\u00f6hten Wert, Nutzen und Informationen bieten.<\/p>\n                            <\/div>\n                            <div class=\"tile-item__cta\">\n                                                            <\/div>\n                        <\/div>\n                    <\/div>\n                                                        <div class=\"tile-item\">\n                        <div class=\"resources-tiles-block__tile tile-item__wrapper\">\n                            <div class=\"tile-item__content\">\n                                <h3 class=\"tile-item__title\">\n                                    Zertifizierter SAP Connector\n                                <\/h3>\n                                <p class=\"tile-item__text\">Der Therefore\u2122 Connector f\u00fcr SAP NetWeaver\u00ae ist offiziell von SAP SE zertifiziert. Wir sind stolz auf unsere Partnerschaft mit SAP SE, die es uns erm\u00f6glicht, eine leistungsstarke Integration zu liefern und unseren Kunden einen gro\u00dfen Mehrwert zu bieten.<\/p>\n                            <\/div>\n                            <div class=\"tile-item__cta\">\n                                                                                                            <a href=\"https:\/\/therefore.net\/de\/auszeichnungen-zertifizierungen\/zertifizierter-sap-connector\/\" target=\"\"\n                                           class=\"tile-item__link arrow-link link-green\">Mehr erfahren<\/a>\n                                                                                                <\/div>\n                        <\/div>\n                    <\/div>\n                                                        <div class=\"tile-item\">\n                        <div class=\"resources-tiles-block__tile tile-item__wrapper\">\n                            <div class=\"tile-item__content\">\n                                <h3 class=\"tile-item__title\">\n                                    Zertifizierter NAV Connector\n                                <\/h3>\n                                <p class=\"tile-item__text\">Der Therefore\u2122 Connector f\u00fcr Dynamics NAV hat den h\u00f6chsten Standard von Microsoft f\u00fcr von Partnern entwickelte Software erf\u00fcllt und ist offiziell zertifiziert.<\/p>\n                            <\/div>\n                            <div class=\"tile-item__cta\">\n                                                                                                            <a href=\"https:\/\/therefore.net\/de\/auszeichnungen-zertifizierungen\/zertifizierter-nav-connector\/\" target=\"\"\n                                           class=\"tile-item__link arrow-link link-green\">Mehr erfahren<\/a>\n                                                                                                <\/div>\n                        <\/div>\n                    <\/div>\n                                                        <div class=\"tile-item\">\n                        <div class=\"resources-tiles-block__tile tile-item__wrapper\">\n                            <div class=\"tile-item__content\">\n                                <h3 class=\"tile-item__title\">\n                                    Sicherheitspr\u00fcfungen\n                                <\/h3>\n                                <p class=\"tile-item__text\">Therefore\u2122-Software wird regelm\u00e4\u00dfig von IO Active, dem weltweit f\u00fchrenden Unternehmen f\u00fcr Cybersicherheit, gepr\u00fcft.<\/p>\n                            <\/div>\n                            <div class=\"tile-item__cta\">\n                                                            <\/div>\n                        <\/div>\n                    <\/div>\n                            <\/div>\n            <\/div>\n<\/section>\n\n<div class=\"custom-block simple-paragraph\">\n    <div class=\"container\">\n        <div class=\"blog-post__content blog-post__content--wide\">\n            <h1 style=\"text-align: center;\"><span style=\"color: #bed500;\"><strong>Compliance<\/strong><\/span><\/h1>\n\n        <\/div>\n\n            <\/div>\n<\/div>\n\n\n\n\n<section class=\"custom-block listing-block\">\n    <div class=\"container listing-block__container\">\n                    <div class=\"listing-block__tiles\">\n                                                        <div class=\"tile-item\">\n                        <div class=\"listing-block__tile tile-item__wrapper\">\n                            <div class=\"tile-item__content\">\n                                <h3 class=\"tile-item__title\" title=\"Datenschutz-Grundverordnung (DSGVO)\">\n                                    Datenschutz-Grundverordnung (DSGVO)\n                                <\/h3>\n                                <p class=\"tile-item__text\">Die DSGVO (Datenschutz-Grundverordnung) ist eine von der Europ\u00e4ischen Kommission entworfene Verordnung zur Schaffung&hellip;<\/p>\n                            <\/div>\n                            <div class=\"tile-item__cta\">\n                                                                            <a href=\"https:\/\/therefore.net\/de\/auszeichnungen-zertifizierungen\/datenschutz-grundverordnung\/\" target=\"\"\n                                           class=\"tile-item__link arrow-link link-accent\">Mehr erfahren<\/a>\n                                                                <\/div>\n                        <\/div>\n                    <\/div>\n                                                        <div class=\"tile-item\">\n                        <div class=\"listing-block__tile tile-item__wrapper\">\n                            <div class=\"tile-item__content\">\n                                <h3 class=\"tile-item__title\" title=\"Privacy Amendment Act\">\n                                    Privacy Amendment Act\n                                <\/h3>\n                                <p class=\"tile-item__text\">Der Privacy Amendment (Notifiable Data Breaches) Act 2017 ist eine Verordnung der australischen&hellip;<\/p>\n                            <\/div>\n                            <div class=\"tile-item__cta\">\n                                                                            <a href=\"https:\/\/therefore.net\/awards-certifications\/paa\/\" target=\"\"\n                                           class=\"tile-item__link arrow-link link-accent\">Mehr erfahren<\/a>\n                                                                <\/div>\n                        <\/div>\n                    <\/div>\n                                                        <div class=\"tile-item\">\n                        <div class=\"listing-block__tile tile-item__wrapper\">\n                            <div class=\"tile-item__content\">\n                                <h3 class=\"tile-item__title\" title=\"Victorian Electronic Records Strategy (VERS)\">\n                                    Victorian Electronic Records Strategy (VERS)\n                                <\/h3>\n                                <p class=\"tile-item__text\">Die Victorian Electronic Records Strategy (VERS) ist ein Standard, der vom Public Record&hellip;<\/p>\n                            <\/div>\n                            <div class=\"tile-item__cta\">\n                                                                            <a href=\"https:\/\/therefore.net\/awards-certifications\/vers\/\" target=\"\"\n                                           class=\"tile-item__link arrow-link link-accent\">Mehr erfahren<\/a>\n                                                                <\/div>\n                        <\/div>\n                    <\/div>\n                                                        <div class=\"tile-item\">\n                        <div class=\"listing-block__tile tile-item__wrapper\">\n                            <div class=\"tile-item__content\">\n                                <h3 class=\"tile-item__title\" title=\"S\u00c4HKE2\">\n                                    S\u00c4HKE2\n                                <\/h3>\n                                <p class=\"tile-item__text\">S\u00c4HKE2 ist der von der finnischen Regierung verwendete Standard, der einen einheitlichen Rahmen&hellip;<\/p>\n                            <\/div>\n                            <div class=\"tile-item__cta\">\n                                                                            <a href=\"https:\/\/therefore.net\/awards-certifications\/sahke2\/\" target=\"\"\n                                           class=\"tile-item__link arrow-link link-accent\">Mehr erfahren<\/a>\n                                                                <\/div>\n                        <\/div>\n                    <\/div>\n                                <div class=\"tile-item tile-item--svg\">\n                    <svg width=\"255\" height=\"288\" viewBox=\"0 0 255 288\" fill=\"none\" xmlns=\"http:\/\/www.w3.org\/2000\/svg\">\n<g clip-path=\"url(#clip0_390_80369)\">\n<path d=\"M255 88C255 198.457 165.457 288 55 288L-3.05176e-05 288L-5.33982e-06 8.22477e-06L255 3.05176e-05L255 88Z\" fill=\"#1E5BFA\"\/>\n<g filter=\"url(#filter0_f_390_80369)\">\n<circle cx=\"-51\" cy=\"262\" r=\"218\" fill=\"#44EDF8\" fill-opacity=\"0.56\"\/>\n<\/g>\n<\/g>\n<defs>\n<filter id=\"filter0_f_390_80369\" x=\"-569\" y=\"-256\" width=\"1036\" height=\"1036\" filterUnits=\"userSpaceOnUse\" color-interpolation-filters=\"sRGB\">\n<feFlood flood-opacity=\"0\" result=\"BackgroundImageFix\"\/>\n<feBlend mode=\"normal\" in=\"SourceGraphic\" in2=\"BackgroundImageFix\" result=\"shape\"\/>\n<feGaussianBlur stdDeviation=\"150\" result=\"effect1_foregroundBlur_390_80369\"\/>\n<\/filter>\n<clipPath id=\"clip0_390_80369\">\n<path d=\"M255 88C255 198.457 165.457 288 55 288L-3.05176e-05 288L-5.33982e-06 8.22477e-06L255 3.05176e-05L255 88Z\" fill=\"white\"\/>\n<\/clipPath>\n<\/defs>\n<\/svg>\n\n                <\/div>\n            <\/div>\n            <\/div>\n<\/section>\n","protected":false},"excerpt":{"rendered":"","protected":false},"author":5,"featured_media":0,"parent":0,"menu_order":0,"comment_status":"closed","ping_status":"closed","template":"","meta":{"_acf_changed":false,"inline_featured_image":false,"footnotes":""},"class_list":["post-3492","page","type-page","status-publish","hentry"],"acf":[],"yoast_head":"<!-- This site is optimized with the Yoast SEO plugin v27.4 - https:\/\/yoast.com\/product\/yoast-seo-wordpress\/ -->\n<title>Auszeichnungen\/Zertifizierungen - Therefore<\/title>\n<meta name=\"description\" content=\"Therefore\u2122 Software ist Tr\u00e4ger zahlreicher Auszeichnungen und Zertifizierungen im Bereich Informationsmanagement. Von Preisen f\u00fcr herausragende Plattform\" \/>\n<meta name=\"robots\" content=\"index, follow, max-snippet:-1, max-image-preview:large, max-video-preview:-1\" \/>\n<link rel=\"canonical\" href=\"https:\/\/therefore.net\/de\/auszeichnungen-zertifizierungen\/\" \/>\n<script type=\"application\/ld+json\" class=\"yoast-schema-graph\">{\"@context\":\"https:\\\/\\\/schema.org\",\"@graph\":[{\"@type\":\"WebPage\",\"@id\":\"https:\\\/\\\/therefore.net\\\/de\\\/auszeichnungen-zertifizierungen\\\/\",\"url\":\"https:\\\/\\\/therefore.net\\\/de\\\/auszeichnungen-zertifizierungen\\\/\",\"name\":\"Auszeichnungen\\\/Zertifizierungen - Therefore\",\"isPartOf\":{\"@id\":\"https:\\\/\\\/therefore.net\\\/de\\\/#website\"},\"datePublished\":\"2022-08-03T20:36:53+00:00\",\"dateModified\":\"2026-01-02T22:49:13+00:00\",\"description\":\"Therefore\u2122 Software ist Tr\u00e4ger zahlreicher Auszeichnungen und Zertifizierungen im Bereich Informationsmanagement. Von Preisen f\u00fcr herausragende Plattform\",\"breadcrumb\":{\"@id\":\"https:\\\/\\\/therefore.net\\\/de\\\/auszeichnungen-zertifizierungen\\\/#breadcrumb\"},\"inLanguage\":\"de-DE\",\"potentialAction\":[{\"@type\":\"ReadAction\",\"target\":[\"https:\\\/\\\/therefore.net\\\/de\\\/auszeichnungen-zertifizierungen\\\/\"]}]},{\"@type\":\"BreadcrumbList\",\"@id\":\"https:\\\/\\\/therefore.net\\\/de\\\/auszeichnungen-zertifizierungen\\\/#breadcrumb\",\"itemListElement\":[{\"@type\":\"ListItem\",\"position\":1,\"name\":\"Home\",\"item\":\"https:\\\/\\\/therefore.net\\\/de\\\/\"},{\"@type\":\"ListItem\",\"position\":2,\"name\":\"Auszeichnungen\\\/Zertifizierungen\"}]},{\"@type\":\"WebSite\",\"@id\":\"https:\\\/\\\/therefore.net\\\/de\\\/#website\",\"url\":\"https:\\\/\\\/therefore.net\\\/de\\\/\",\"name\":\"Therefore\",\"description\":\"\",\"publisher\":{\"@id\":\"https:\\\/\\\/therefore.net\\\/de\\\/#organization\"},\"potentialAction\":[{\"@type\":\"SearchAction\",\"target\":{\"@type\":\"EntryPoint\",\"urlTemplate\":\"https:\\\/\\\/therefore.net\\\/de\\\/?s={search_term_string}\"},\"query-input\":{\"@type\":\"PropertyValueSpecification\",\"valueRequired\":true,\"valueName\":\"search_term_string\"}}],\"inLanguage\":\"de-DE\"},{\"@type\":\"Organization\",\"@id\":\"https:\\\/\\\/therefore.net\\\/de\\\/#organization\",\"name\":\"Therefore\",\"url\":\"https:\\\/\\\/therefore.net\\\/de\\\/\",\"logo\":{\"@type\":\"ImageObject\",\"inLanguage\":\"de-DE\",\"@id\":\"https:\\\/\\\/therefore.net\\\/de\\\/#\\\/schema\\\/logo\\\/image\\\/\",\"url\":\"https:\\\/\\\/therefore.net\\\/wp\\\/..\\\/app\\\/uploads\\\/2022\\\/04\\\/logo.png\",\"contentUrl\":\"https:\\\/\\\/therefore.net\\\/wp\\\/..\\\/app\\\/uploads\\\/2022\\\/04\\\/logo.png\",\"width\":176,\"height\":48,\"caption\":\"Therefore\"},\"image\":{\"@id\":\"https:\\\/\\\/therefore.net\\\/de\\\/#\\\/schema\\\/logo\\\/image\\\/\"},\"sameAs\":[\"https:\\\/\\\/www.linkedin.com\\\/company\\\/therefore-corporation\\\/\",\"https:\\\/\\\/www.youtube.com\\\/user\\\/ThereforeTV\"]}]}<\/script>\n<!-- \/ Yoast SEO plugin. -->","yoast_head_json":{"title":"Auszeichnungen\/Zertifizierungen - Therefore","description":"Therefore\u2122 Software ist Tr\u00e4ger zahlreicher Auszeichnungen und Zertifizierungen im Bereich Informationsmanagement. Von Preisen f\u00fcr herausragende Plattform","robots":{"index":"index","follow":"follow","max-snippet":"max-snippet:-1","max-image-preview":"max-image-preview:large","max-video-preview":"max-video-preview:-1"},"canonical":"https:\/\/therefore.net\/de\/auszeichnungen-zertifizierungen\/","schema":{"@context":"https:\/\/schema.org","@graph":[{"@type":"WebPage","@id":"https:\/\/therefore.net\/de\/auszeichnungen-zertifizierungen\/","url":"https:\/\/therefore.net\/de\/auszeichnungen-zertifizierungen\/","name":"Auszeichnungen\/Zertifizierungen - Therefore","isPartOf":{"@id":"https:\/\/therefore.net\/de\/#website"},"datePublished":"2022-08-03T20:36:53+00:00","dateModified":"2026-01-02T22:49:13+00:00","description":"Therefore\u2122 Software ist Tr\u00e4ger zahlreicher Auszeichnungen und Zertifizierungen im Bereich Informationsmanagement. Von Preisen f\u00fcr herausragende Plattform","breadcrumb":{"@id":"https:\/\/therefore.net\/de\/auszeichnungen-zertifizierungen\/#breadcrumb"},"inLanguage":"de-DE","potentialAction":[{"@type":"ReadAction","target":["https:\/\/therefore.net\/de\/auszeichnungen-zertifizierungen\/"]}]},{"@type":"BreadcrumbList","@id":"https:\/\/therefore.net\/de\/auszeichnungen-zertifizierungen\/#breadcrumb","itemListElement":[{"@type":"ListItem","position":1,"name":"Home","item":"https:\/\/therefore.net\/de\/"},{"@type":"ListItem","position":2,"name":"Auszeichnungen\/Zertifizierungen"}]},{"@type":"WebSite","@id":"https:\/\/therefore.net\/de\/#website","url":"https:\/\/therefore.net\/de\/","name":"Therefore","description":"","publisher":{"@id":"https:\/\/therefore.net\/de\/#organization"},"potentialAction":[{"@type":"SearchAction","target":{"@type":"EntryPoint","urlTemplate":"https:\/\/therefore.net\/de\/?s={search_term_string}"},"query-input":{"@type":"PropertyValueSpecification","valueRequired":true,"valueName":"search_term_string"}}],"inLanguage":"de-DE"},{"@type":"Organization","@id":"https:\/\/therefore.net\/de\/#organization","name":"Therefore","url":"https:\/\/therefore.net\/de\/","logo":{"@type":"ImageObject","inLanguage":"de-DE","@id":"https:\/\/therefore.net\/de\/#\/schema\/logo\/image\/","url":"https:\/\/therefore.net\/wp\/..\/app\/uploads\/2022\/04\/logo.png","contentUrl":"https:\/\/therefore.net\/wp\/..\/app\/uploads\/2022\/04\/logo.png","width":176,"height":48,"caption":"Therefore"},"image":{"@id":"https:\/\/therefore.net\/de\/#\/schema\/logo\/image\/"},"sameAs":["https:\/\/www.linkedin.com\/company\/therefore-corporation\/","https:\/\/www.youtube.com\/user\/ThereforeTV"]}]}},"_links":{"self":[{"href":"https:\/\/therefore.net\/de\/wp-json\/wp\/v2\/pages\/3492","targetHints":{"allow":["GET"]}}],"collection":[{"href":"https:\/\/therefore.net\/de\/wp-json\/wp\/v2\/pages"}],"about":[{"href":"https:\/\/therefore.net\/de\/wp-json\/wp\/v2\/types\/page"}],"author":[{"embeddable":true,"href":"https:\/\/therefore.net\/de\/wp-json\/wp\/v2\/users\/5"}],"replies":[{"embeddable":true,"href":"https:\/\/therefore.net\/de\/wp-json\/wp\/v2\/comments?post=3492"}],"version-history":[{"count":7,"href":"https:\/\/therefore.net\/de\/wp-json\/wp\/v2\/pages\/3492\/revisions"}],"predecessor-version":[{"id":10519,"href":"https:\/\/therefore.net\/de\/wp-json\/wp\/v2\/pages\/3492\/revisions\/10519"}],"wp:attachment":[{"href":"https:\/\/therefore.net\/de\/wp-json\/wp\/v2\/media?parent=3492"}],"curies":[{"name":"wp","href":"https:\/\/api.w.org\/{rel}","templated":true}]}}