{"id":3709,"date":"2022-05-19T10:49:23","date_gmt":"2022-05-19T08:49:23","guid":{"rendered":"https:\/\/therefore.net\/loesungen\/"},"modified":"2023-06-03T15:59:27","modified_gmt":"2023-06-03T13:59:27","slug":"loesungen","status":"publish","type":"page","link":"https:\/\/therefore.net\/de\/loesungen\/","title":{"rendered":"L\u00f6sungen"},"content":{"rendered":"\n<section class=\"custom-block listing-block\">\n    <div class=\"container listing-block__container\">\n                    <div class=\"listing-block__tiles\">\n                                                        <div class=\"tile-item\">\n                        <div class=\"listing-block__tile tile-item__wrapper\">\n                            <div class=\"tile-item__content\">\n                                <h3 class=\"tile-item__title\" title=\"Bauwesen\">\n                                    Bauwesen\n                                <\/h3>\n                                <p class=\"tile-item__text\">Der Erfolg Ihres Unternehmens h\u00e4ngt von zahlreichen Teams und Einzelpersonen ab, die alle&hellip;<\/p>\n                            <\/div>\n                            <div class=\"tile-item__cta\">\n                                                                            <a href=\"https:\/\/therefore.net\/de\/loesungen\/bauwesen\/\" target=\"_self\"\n                                           class=\"tile-item__link arrow-link link-accent\">Mehr lesen<\/a>\n                                                                <\/div>\n                        <\/div>\n                    <\/div>\n                                                        <div class=\"tile-item\">\n                        <div class=\"listing-block__tile tile-item__wrapper\">\n                            <div class=\"tile-item__content\">\n                                <h3 class=\"tile-item__title\" title=\"Bildungswesen\">\n                                    Bildungswesen\n                                <\/h3>\n                                <p class=\"tile-item__text\">Jede Schule, egal wie gro\u00df oder klein, muss verschiedene Sch\u00fcler- und Verwaltungsdaten verwalten<\/p>\n                            <\/div>\n                            <div class=\"tile-item__cta\">\n                                                                            <a href=\"https:\/\/therefore.net\/de\/loesungen\/bildungswesen\/\" target=\"_self\"\n                                           class=\"tile-item__link arrow-link link-accent\">Mehr lesen<\/a>\n                                                                <\/div>\n                        <\/div>\n                    <\/div>\n                                                        <div class=\"tile-item\">\n                        <div class=\"listing-block__tile tile-item__wrapper\">\n                            <div class=\"tile-item__content\">\n                                <h3 class=\"tile-item__title\" title=\"Finanzwesen\">\n                                    Finanzwesen\n                                <\/h3>\n                                <p class=\"tile-item__text\">Informationsmanagement ist zu einem unverzichtbaren Werkzeug f\u00fcr die Finanzbranche geworden. Sie hilft Finanzfachleuten,&hellip;<\/p>\n                            <\/div>\n                            <div class=\"tile-item__cta\">\n                                                                            <a href=\"https:\/\/therefore.net\/de\/loesungen\/finanzwesen\/\" target=\"_self\"\n                                           class=\"tile-item__link arrow-link link-accent\">Mehr lesen<\/a>\n                                                                <\/div>\n                        <\/div>\n                    <\/div>\n                                                        <div class=\"tile-item\">\n                        <div class=\"listing-block__tile tile-item__wrapper\">\n                            <div class=\"tile-item__content\">\n                                <h3 class=\"tile-item__title\" title=\"Gesundheits-wesen\">\n                                    Gesundheits-wesen\n                                <\/h3>\n                                <p class=\"tile-item__text\">Der enorme Verwaltungsaufwand der Krankenh\u00e4user f\u00fcr die Bearbeitung aller Arten von Unterlagen f\u00fchrt&hellip;<\/p>\n                            <\/div>\n                            <div class=\"tile-item__cta\">\n                                                                            <a href=\"https:\/\/therefore.net\/de\/loesungen\/gesundheitswesen\/\" target=\"_self\"\n                                           class=\"tile-item__link arrow-link link-accent\">Mehr lesen<\/a>\n                                                                <\/div>\n                        <\/div>\n                    <\/div>\n                                                        <div class=\"tile-item\">\n                        <div class=\"listing-block__tile tile-item__wrapper\">\n                            <div class=\"tile-item__content\">\n                                <h3 class=\"tile-item__title\" title=\"Immobilien\">\n                                    Immobilien\n                                <\/h3>\n                                <p class=\"tile-item__text\">Software f\u00fcr das Informationsmanagement kann der Immobilienbranche erhebliche Vorteile verschaffen, indem sie Prozesse&hellip;<\/p>\n                            <\/div>\n                            <div class=\"tile-item__cta\">\n                                                                            <a href=\"https:\/\/therefore.net\/de\/loesungen\/immobilien\/\" target=\"_self\"\n                                           class=\"tile-item__link arrow-link link-accent\">Mehr lesen<\/a>\n                                                                <\/div>\n                        <\/div>\n                    <\/div>\n                                                        <div class=\"tile-item\">\n                        <div class=\"listing-block__tile tile-item__wrapper\">\n                            <div class=\"tile-item__content\">\n                                <h3 class=\"tile-item__title\" title=\"Personalwesen\">\n                                    Personalwesen\n                                <\/h3>\n                                <p class=\"tile-item__text\">Das Informationsmanagement ist zu einem unverzichtbaren Instrument f\u00fcr Personalabteilungen geworden, das ihnen hilft,&hellip;<\/p>\n                            <\/div>\n                            <div class=\"tile-item__cta\">\n                                                                            <a href=\"https:\/\/therefore.net\/de\/loesungen\/personalwesen\/\" target=\"_self\"\n                                           class=\"tile-item__link arrow-link link-accent\">Mehr lesen<\/a>\n                                                                <\/div>\n                        <\/div>\n                    <\/div>\n                                                        <div class=\"tile-item\">\n                        <div class=\"listing-block__tile tile-item__wrapper\">\n                            <div class=\"tile-item__content\">\n                                <h3 class=\"tile-item__title\" title=\"Logistik\">\n                                    Logistik\n                                <\/h3>\n                                <p class=\"tile-item__text\">Die Verwaltung von Kundenpapieren &#8211; Bestellungen, Lieferungen, Zollformulare, Packzettel &#8211; kann eine echte&hellip;<\/p>\n                            <\/div>\n                            <div class=\"tile-item__cta\">\n                                                                            <a href=\"https:\/\/therefore.net\/de\/loesungen\/logistik\/\" target=\"_self\"\n                                           class=\"tile-item__link arrow-link link-accent\">Mehr lesen<\/a>\n                                                                <\/div>\n                        <\/div>\n                    <\/div>\n                                                        <div class=\"tile-item\">\n                        <div class=\"listing-block__tile tile-item__wrapper\">\n                            <div class=\"tile-item__content\">\n                                <h3 class=\"tile-item__title\" title=\"Produktion\">\n                                    Produktion\n                                <\/h3>\n                                <p class=\"tile-item__text\">Software f\u00fcr das Informationsmanagement ist zu einem unverzichtbaren Werkzeug f\u00fcr die Produktionsindustrie geworden.&hellip;<\/p>\n                            <\/div>\n                            <div class=\"tile-item__cta\">\n                                                                            <a href=\"https:\/\/therefore.net\/de\/loesungen\/produktion\/\" target=\"_self\"\n                                           class=\"tile-item__link arrow-link link-accent\">Mehr lesen<\/a>\n                                                                <\/div>\n                        <\/div>\n                    <\/div>\n                                                        <div class=\"tile-item\">\n                        <div class=\"listing-block__tile tile-item__wrapper\">\n                            <div class=\"tile-item__content\">\n                                <h3 class=\"tile-item__title\" title=\"Rechnungswesen\">\n                                    Rechnungswesen\n                                <\/h3>\n                                <p class=\"tile-item__text\">Die Buchhaltungsbranche ist gepr\u00e4gt von strengen Vorschriften, hartem Wettbewerb und einer unendlichen Menge&hellip;<\/p>\n                            <\/div>\n                            <div class=\"tile-item__cta\">\n                                                                            <a href=\"https:\/\/therefore.net\/de\/loesungen\/rechnungswesen\/\" target=\"_self\"\n                                           class=\"tile-item__link arrow-link link-accent\">Mehr lesen<\/a>\n                                                                <\/div>\n                        <\/div>\n                    <\/div>\n                                                        <div class=\"tile-item\">\n                        <div class=\"listing-block__tile tile-item__wrapper\">\n                            <div class=\"tile-item__content\">\n                                <h3 class=\"tile-item__title\" title=\"Rechtsabteilung\">\n                                    Rechtsabteilung\n                                <\/h3>\n                                <p class=\"tile-item__text\">Informationsmanagement-Software hat die Arbeitsweise der Rechtsbranche revolutioniert.<\/p>\n                            <\/div>\n                            <div class=\"tile-item__cta\">\n                                                                            <a href=\"https:\/\/therefore.net\/de\/loesungen\/rechtsabteilung\/\" target=\"_self\"\n                                           class=\"tile-item__link arrow-link link-accent\">Mehr lesen<\/a>\n                                                                <\/div>\n                        <\/div>\n                    <\/div>\n                                                        <div class=\"tile-item\">\n                        <div class=\"listing-block__tile tile-item__wrapper\">\n                            <div class=\"tile-item__content\">\n                                <h3 class=\"tile-item__title\" title=\"Versicherung\">\n                                    Versicherung\n                                <\/h3>\n                                <p class=\"tile-item__text\">Ohne einen guten Zugang zu Informationen kann die Bearbeitung eines Schadensfalls, die Kontaktaufnahme&hellip;<\/p>\n                            <\/div>\n                            <div class=\"tile-item__cta\">\n                                                                            <a href=\"https:\/\/therefore.net\/de\/loesungen\/versicherung\/\" target=\"_self\"\n                                           class=\"tile-item__link arrow-link link-accent\">Mehr lesen<\/a>\n                                                                <\/div>\n                        <\/div>\n                    <\/div>\n                                                        <div class=\"tile-item\">\n                        <div class=\"listing-block__tile tile-item__wrapper\">\n                            <div class=\"tile-item__content\">\n                                <h3 class=\"tile-item__title\" title=\"\u00d6ffentliche Verwaltung\">\n                                    \u00d6ffentliche Verwaltung\n                                <\/h3>\n                                <p class=\"tile-item__text\">Software f\u00fcr das Informationsmanagement kann dem \u00f6ffentlichen Dienst und der \u00f6ffentlichen Verwaltung erhebliche&hellip;<\/p>\n                            <\/div>\n                            <div class=\"tile-item__cta\">\n                                                                            <a href=\"https:\/\/therefore.net\/de\/loesungen\/oeffentliche-verwaltung\/\" target=\"_self\"\n                                           class=\"tile-item__link arrow-link link-accent\">Mehr lesen<\/a>\n                                                                <\/div>\n                        <\/div>\n                    <\/div>\n                                <div class=\"tile-item tile-item--svg\">\n                    <svg width=\"255\" height=\"288\" viewBox=\"0 0 255 288\" fill=\"none\" xmlns=\"http:\/\/www.w3.org\/2000\/svg\">\n<g clip-path=\"url(#clip0_390_80369)\">\n<path d=\"M255 88C255 198.457 165.457 288 55 288L-3.05176e-05 288L-5.33982e-06 8.22477e-06L255 3.05176e-05L255 88Z\" fill=\"#1E5BFA\"\/>\n<g filter=\"url(#filter0_f_390_80369)\">\n<circle cx=\"-51\" cy=\"262\" r=\"218\" fill=\"#44EDF8\" fill-opacity=\"0.56\"\/>\n<\/g>\n<\/g>\n<defs>\n<filter id=\"filter0_f_390_80369\" x=\"-569\" y=\"-256\" width=\"1036\" height=\"1036\" filterUnits=\"userSpaceOnUse\" color-interpolation-filters=\"sRGB\">\n<feFlood flood-opacity=\"0\" result=\"BackgroundImageFix\"\/>\n<feBlend mode=\"normal\" in=\"SourceGraphic\" in2=\"BackgroundImageFix\" result=\"shape\"\/>\n<feGaussianBlur stdDeviation=\"150\" result=\"effect1_foregroundBlur_390_80369\"\/>\n<\/filter>\n<clipPath id=\"clip0_390_80369\">\n<path d=\"M255 88C255 198.457 165.457 288 55 288L-3.05176e-05 288L-5.33982e-06 8.22477e-06L255 3.05176e-05L255 88Z\" fill=\"white\"\/>\n<\/clipPath>\n<\/defs>\n<\/svg>\n\n                <\/div>\n            <\/div>\n            <\/div>\n<\/section>\n","protected":false},"excerpt":{"rendered":"","protected":false},"author":1,"featured_media":0,"parent":0,"menu_order":0,"comment_status":"closed","ping_status":"closed","template":"","meta":{"_acf_changed":false,"inline_featured_image":false,"footnotes":""},"class_list":["post-3709","page","type-page","status-publish","hentry"],"acf":[],"yoast_head":"<!-- This site is optimized with the Yoast SEO plugin v27.4 - https:\/\/yoast.com\/product\/yoast-seo-wordpress\/ -->\n<title>Therefore\u2122 L\u00f6sungen<\/title>\n<meta name=\"description\" content=\"Therefore\u2122-L\u00f6sungen sind f\u00fcr viele verschiedene vertikale und horizontale Gesch\u00e4ftsanwendungen erh\u00e4ltlich.\" \/>\n<meta name=\"robots\" content=\"index, follow, max-snippet:-1, max-image-preview:large, max-video-preview:-1\" \/>\n<link rel=\"canonical\" href=\"https:\/\/therefore.net\/de\/loesungen\/\" \/>\n<script type=\"application\/ld+json\" class=\"yoast-schema-graph\">{\"@context\":\"https:\\\/\\\/schema.org\",\"@graph\":[{\"@type\":\"WebPage\",\"@id\":\"https:\\\/\\\/therefore.net\\\/de\\\/loesungen\\\/\",\"url\":\"https:\\\/\\\/therefore.net\\\/de\\\/loesungen\\\/\",\"name\":\"Therefore\u2122 L\u00f6sungen\",\"isPartOf\":{\"@id\":\"https:\\\/\\\/therefore.net\\\/de\\\/#website\"},\"datePublished\":\"2022-05-19T08:49:23+00:00\",\"dateModified\":\"2023-06-03T13:59:27+00:00\",\"description\":\"Therefore\u2122-L\u00f6sungen sind f\u00fcr viele verschiedene vertikale und horizontale Gesch\u00e4ftsanwendungen erh\u00e4ltlich.\",\"breadcrumb\":{\"@id\":\"https:\\\/\\\/therefore.net\\\/de\\\/loesungen\\\/#breadcrumb\"},\"inLanguage\":\"de-DE\",\"potentialAction\":[{\"@type\":\"ReadAction\",\"target\":[\"https:\\\/\\\/therefore.net\\\/de\\\/loesungen\\\/\"]}]},{\"@type\":\"BreadcrumbList\",\"@id\":\"https:\\\/\\\/therefore.net\\\/de\\\/loesungen\\\/#breadcrumb\",\"itemListElement\":[{\"@type\":\"ListItem\",\"position\":1,\"name\":\"Home\",\"item\":\"https:\\\/\\\/therefore.net\\\/de\\\/\"},{\"@type\":\"ListItem\",\"position\":2,\"name\":\"L\u00f6sungen\"}]},{\"@type\":\"WebSite\",\"@id\":\"https:\\\/\\\/therefore.net\\\/de\\\/#website\",\"url\":\"https:\\\/\\\/therefore.net\\\/de\\\/\",\"name\":\"Therefore\",\"description\":\"\",\"publisher\":{\"@id\":\"https:\\\/\\\/therefore.net\\\/de\\\/#organization\"},\"potentialAction\":[{\"@type\":\"SearchAction\",\"target\":{\"@type\":\"EntryPoint\",\"urlTemplate\":\"https:\\\/\\\/therefore.net\\\/de\\\/?s={search_term_string}\"},\"query-input\":{\"@type\":\"PropertyValueSpecification\",\"valueRequired\":true,\"valueName\":\"search_term_string\"}}],\"inLanguage\":\"de-DE\"},{\"@type\":\"Organization\",\"@id\":\"https:\\\/\\\/therefore.net\\\/de\\\/#organization\",\"name\":\"Therefore\",\"url\":\"https:\\\/\\\/therefore.net\\\/de\\\/\",\"logo\":{\"@type\":\"ImageObject\",\"inLanguage\":\"de-DE\",\"@id\":\"https:\\\/\\\/therefore.net\\\/de\\\/#\\\/schema\\\/logo\\\/image\\\/\",\"url\":\"https:\\\/\\\/therefore.net\\\/wp\\\/..\\\/app\\\/uploads\\\/2022\\\/04\\\/logo.png\",\"contentUrl\":\"https:\\\/\\\/therefore.net\\\/wp\\\/..\\\/app\\\/uploads\\\/2022\\\/04\\\/logo.png\",\"width\":176,\"height\":48,\"caption\":\"Therefore\"},\"image\":{\"@id\":\"https:\\\/\\\/therefore.net\\\/de\\\/#\\\/schema\\\/logo\\\/image\\\/\"},\"sameAs\":[\"https:\\\/\\\/www.linkedin.com\\\/company\\\/therefore-corporation\\\/\",\"https:\\\/\\\/www.youtube.com\\\/user\\\/ThereforeTV\"]}]}<\/script>\n<!-- \/ Yoast SEO plugin. -->","yoast_head_json":{"title":"Therefore\u2122 L\u00f6sungen","description":"Therefore\u2122-L\u00f6sungen sind f\u00fcr viele verschiedene vertikale und horizontale Gesch\u00e4ftsanwendungen erh\u00e4ltlich.","robots":{"index":"index","follow":"follow","max-snippet":"max-snippet:-1","max-image-preview":"max-image-preview:large","max-video-preview":"max-video-preview:-1"},"canonical":"https:\/\/therefore.net\/de\/loesungen\/","schema":{"@context":"https:\/\/schema.org","@graph":[{"@type":"WebPage","@id":"https:\/\/therefore.net\/de\/loesungen\/","url":"https:\/\/therefore.net\/de\/loesungen\/","name":"Therefore\u2122 L\u00f6sungen","isPartOf":{"@id":"https:\/\/therefore.net\/de\/#website"},"datePublished":"2022-05-19T08:49:23+00:00","dateModified":"2023-06-03T13:59:27+00:00","description":"Therefore\u2122-L\u00f6sungen sind f\u00fcr viele verschiedene vertikale und horizontale Gesch\u00e4ftsanwendungen erh\u00e4ltlich.","breadcrumb":{"@id":"https:\/\/therefore.net\/de\/loesungen\/#breadcrumb"},"inLanguage":"de-DE","potentialAction":[{"@type":"ReadAction","target":["https:\/\/therefore.net\/de\/loesungen\/"]}]},{"@type":"BreadcrumbList","@id":"https:\/\/therefore.net\/de\/loesungen\/#breadcrumb","itemListElement":[{"@type":"ListItem","position":1,"name":"Home","item":"https:\/\/therefore.net\/de\/"},{"@type":"ListItem","position":2,"name":"L\u00f6sungen"}]},{"@type":"WebSite","@id":"https:\/\/therefore.net\/de\/#website","url":"https:\/\/therefore.net\/de\/","name":"Therefore","description":"","publisher":{"@id":"https:\/\/therefore.net\/de\/#organization"},"potentialAction":[{"@type":"SearchAction","target":{"@type":"EntryPoint","urlTemplate":"https:\/\/therefore.net\/de\/?s={search_term_string}"},"query-input":{"@type":"PropertyValueSpecification","valueRequired":true,"valueName":"search_term_string"}}],"inLanguage":"de-DE"},{"@type":"Organization","@id":"https:\/\/therefore.net\/de\/#organization","name":"Therefore","url":"https:\/\/therefore.net\/de\/","logo":{"@type":"ImageObject","inLanguage":"de-DE","@id":"https:\/\/therefore.net\/de\/#\/schema\/logo\/image\/","url":"https:\/\/therefore.net\/wp\/..\/app\/uploads\/2022\/04\/logo.png","contentUrl":"https:\/\/therefore.net\/wp\/..\/app\/uploads\/2022\/04\/logo.png","width":176,"height":48,"caption":"Therefore"},"image":{"@id":"https:\/\/therefore.net\/de\/#\/schema\/logo\/image\/"},"sameAs":["https:\/\/www.linkedin.com\/company\/therefore-corporation\/","https:\/\/www.youtube.com\/user\/ThereforeTV"]}]}},"_links":{"self":[{"href":"https:\/\/therefore.net\/de\/wp-json\/wp\/v2\/pages\/3709","targetHints":{"allow":["GET"]}}],"collection":[{"href":"https:\/\/therefore.net\/de\/wp-json\/wp\/v2\/pages"}],"about":[{"href":"https:\/\/therefore.net\/de\/wp-json\/wp\/v2\/types\/page"}],"author":[{"embeddable":true,"href":"https:\/\/therefore.net\/de\/wp-json\/wp\/v2\/users\/1"}],"replies":[{"embeddable":true,"href":"https:\/\/therefore.net\/de\/wp-json\/wp\/v2\/comments?post=3709"}],"version-history":[{"count":1,"href":"https:\/\/therefore.net\/de\/wp-json\/wp\/v2\/pages\/3709\/revisions"}],"predecessor-version":[{"id":3710,"href":"https:\/\/therefore.net\/de\/wp-json\/wp\/v2\/pages\/3709\/revisions\/3710"}],"wp:attachment":[{"href":"https:\/\/therefore.net\/de\/wp-json\/wp\/v2\/media?parent=3709"}],"curies":[{"name":"wp","href":"https:\/\/api.w.org\/{rel}","templated":true}]}}