{"id":5121,"date":"2023-05-05T20:29:42","date_gmt":"2023-05-05T18:29:42","guid":{"rendered":"https:\/\/therefore.net\/auszeichnungen-zertifizierungen\/software-review-awards-2022\/"},"modified":"2025-12-23T22:46:38","modified_gmt":"2025-12-23T21:46:38","slug":"software-review-awards","status":"publish","type":"page","link":"https:\/\/therefore.net\/de\/auszeichnungen-zertifizierungen\/software-review-awards\/","title":{"rendered":"Software Review Awards"},"content":{"rendered":"<section class=\"custom-block left-image-right-text-long\">\n    <div class=\"container  left-image-right-text-long__container\">\n        <div class=\"left-image-right-text-long__inner\">\n            <div class=\"left-image-right-text-long__image-wrapper\">\n                                    <img decoding=\"async\" width=\"1410\" height=\"1030\" src=\"https:\/\/therefore.net\/wp\/..\/app\/uploads\/2025\/12\/2025-ITRG-Big-Banner-2.png\" class=\"attachment-full size-full\" alt=\"Das Bild zeigt das Therefore\u2122-Logo \u00fcber dem Slogan &quot;People Process Information&quot; und 17 blaue Info-Tech-Plaketten mit der Aufschrift &quot;Champion&quot; und &quot;Top Feature&quot;, die verdeutlichen, dass Therefore\u2122 im Jahr 2025 zahlreiche Branchenauszeichnungen gewinnt.\" srcset=\"https:\/\/therefore.net\/wp\/..\/app\/uploads\/2025\/12\/2025-ITRG-Big-Banner-2.png 1410w, https:\/\/therefore.net\/wp\/..\/app\/uploads\/2025\/12\/2025-ITRG-Big-Banner-2-300x219.png 300w, https:\/\/therefore.net\/wp\/..\/app\/uploads\/2025\/12\/2025-ITRG-Big-Banner-2-1024x748.png 1024w, https:\/\/therefore.net\/wp\/..\/app\/uploads\/2025\/12\/2025-ITRG-Big-Banner-2-768x561.png 768w\" sizes=\"(max-width: 1410px) 100vw, 1410px\" \/>\n                            <\/div>\n            <div class=\"left-image-right-text-long__text-wrapper\">\n                <h2 class=\"left-image-right-text-long__title\">\n                    Therefore\u2122 gewinnt zahlreiche ECM-Branchenauszeichnungen von SoftwareReviews\n                <\/h2>\n                <div class=\"left-image-right-text-long__text\">\n                    <p>Therefore\u2122 ist f\u00fchrend auf dem ECM-Markt, die Nr. 1 bei der Workflow-Automatisierung und umfasst 12 hoch bewertete Funktionen.<\/p>\n\n                <\/div>\n                                <a class=\"main-button main-button--secondary\" target=\"_blank\"\n                    href=\"https:\/\/www.softwarereviews.com\/products\/canon-therefore\">Sehen Sie, wie wir bewertet wurden (Englisch)<\/a>\n                            <\/div>\n        <\/div>\n    <\/div>\n<\/section>\n\n\n\n<section class=\"custom-block video-img-section video-img-section--shape \">\n    <div class=\"container video-img-section__container\">\n\n        <div class=\"video-img-section__row\">\n            <div class=\"video-img-section__media video-img-section__media\">\n                                <div class=\"video-img-section__media__item video-img-section__media__item--image\">\n                                            <img decoding=\"async\" width=\"635\" height=\"317\" src=\"https:\/\/therefore.net\/wp\/..\/app\/uploads\/2025\/12\/2025-Champion-1.png\" class=\"attachment-full size-full\" alt=\"Ein blau-goldenes Abzeichen mit der Aufschrift &quot;2025 Data Quadrant Champion, Info-Tech Research Group, Enterprise Content Management - Enterprise&quot; unterstreicht, dass Therefore\u2122 zahlreiche Branchenauszeichnungen gewinnt.\" srcset=\"https:\/\/therefore.net\/wp\/..\/app\/uploads\/2025\/12\/2025-Champion-1.png 635w, https:\/\/therefore.net\/wp\/..\/app\/uploads\/2025\/12\/2025-Champion-1-300x150.png 300w\" sizes=\"(max-width: 635px) 100vw, 635px\" \/>\n                                    <\/div>\n                            <\/div>\n\n            <div class=\"video-img-section__content\">\n                                                        <h2 class=\"video-img-section__title\">Data Quadrant Champion<\/h2>\n                \n                                    <div class=\"video-img-section__text\"><p>Therefore\u2122 geh\u00f6rt zu den am h\u00f6chsten bewerteten Anbietern von L\u00f6sungen f\u00fcr die elektronische Inhaltsverwaltung und wurde 2025 mit dem begehrten Label \u201eChampion\u201d ausgezeichnet.<\/p>\n<\/div>\n                            <\/div>\n        <\/div>\n\n\n    <\/div>\n\n<\/section>\n\n\n\n<section class=\"custom-block video-img-section video-img-section--shape video-img-section--reversed\">\n    <div class=\"container video-img-section__container\">\n\n        <div class=\"video-img-section__row\">\n            <div class=\"video-img-section__media video-img-section__media\">\n                                <div class=\"video-img-section__media__item video-img-section__media__item--image\">\n                                            <img decoding=\"async\" width=\"635\" height=\"317\" src=\"https:\/\/therefore.net\/wp\/..\/app\/uploads\/2025\/01\/Gold-Medal-2-Years-635.png\" class=\"attachment-full size-full\" alt=\"Eine Goldmedaille mit blauem Band tr\u00e4gt die Aufschrift &quot;Software Reviews Gold Medal 2 Years&quot; und darunter die Jahreszahlen &quot;2023-2024&quot;, was darauf hinweist, dass Therefore\u2122 zahlreiche Branchenauszeichnungen gewinnt.\" srcset=\"https:\/\/therefore.net\/wp\/..\/app\/uploads\/2025\/01\/Gold-Medal-2-Years-635.png 635w, https:\/\/therefore.net\/wp\/..\/app\/uploads\/2025\/01\/Gold-Medal-2-Years-635-300x150.png 300w\" sizes=\"(max-width: 635px) 100vw, 635px\" \/>\n                                    <\/div>\n                            <\/div>\n\n            <div class=\"video-img-section__content\">\n                                                        <h2 class=\"video-img-section__title\">ECM Gold Medalist 2023-2024<\/h2>\n                \n                                    <div class=\"video-img-section__text\"><p>Therefore\u2122 Informationsmanagement-Software erhielt eine GOLD-Medaille und einen Platz als &#8220;Leader&#8221; im Data Quadrant von SoftwareReviews, was darauf hinweist, dass Therefore\u2122 sowohl bei den Produktmerkmalen und der Zufriedenheit als auch bei der Qualit\u00e4t der Anbietererfahrung und -f\u00e4higkeiten herausragend ist.<\/p>\n<\/div>\n                            <\/div>\n        <\/div>\n\n\n    <\/div>\n\n<\/section>\n\n\n\n<section class=\"custom-block video-img-section video-img-section--shape \">\n    <div class=\"container video-img-section__container\">\n\n        <div class=\"video-img-section__row\">\n            <div class=\"video-img-section__media video-img-section__media\">\n                                <div class=\"video-img-section__media__item video-img-section__media__item--image\">\n                                            <img decoding=\"async\" width=\"635\" height=\"317\" src=\"https:\/\/therefore.net\/wp\/..\/app\/uploads\/2023\/05\/ECM-Leader-635x317-1.png\" class=\"attachment-full size-full\" alt=\"Ein blau-wei\u00dfes Abzeichen mit der Aufschrift &quot;Software Reviews Leader 2022&quot; und einem blauen Band mit der Aufschrift &quot;Enterprise Content Management - Enterprise&quot; hebt Therefore\u2122 gewinnt zahlreiche Branchenauszeichnungen hervor.\" srcset=\"https:\/\/therefore.net\/wp\/..\/app\/uploads\/2023\/05\/ECM-Leader-635x317-1.png 635w, https:\/\/therefore.net\/wp\/..\/app\/uploads\/2023\/05\/ECM-Leader-635x317-1-300x150.png 300w\" sizes=\"(max-width: 635px) 100vw, 635px\" \/>\n                                    <\/div>\n                            <\/div>\n\n            <div class=\"video-img-section__content\">\n                                                        <h2 class=\"video-img-section__title\">ECM Market Leader 2022-2025<\/h2>\n                \n                                    <div class=\"video-img-section__text\"><p>Therefore\u2122 Information Management wurde im Data Quadrant von SoftwareReviews als &#8220;Leader&#8221; eingestuft, was darauf hinweist, dass Therefore\u2122 sowohl bei den Produktmerkmalen und der Zufriedenheit als auch bei der Qualit\u00e4t der Anbietererfahrung und -f\u00e4higkeiten herausragend ist.<\/p>\n<\/div>\n                            <\/div>\n        <\/div>\n\n\n    <\/div>\n\n<\/section>\n\n\n\n<section class=\"custom-block video-img-section video-img-section--shape video-img-section--reversed\">\n    <div class=\"container video-img-section__container\">\n\n        <div class=\"video-img-section__row\">\n            <div class=\"video-img-section__media video-img-section__media\">\n                                <div class=\"video-img-section__media__item video-img-section__media__item--image\">\n                                            <img decoding=\"async\" width=\"635\" height=\"317\" src=\"https:\/\/therefore.net\/wp\/..\/app\/uploads\/2025\/12\/WFPA-635x317-1.png\" class=\"attachment-full size-full\" alt=\"Plakette mit der Aufschrift &quot;2025 Top Feature Info-Tech Research Group Workflow Process Automation&quot; in einem blau-gr\u00fcnen Sechseck-Design, Hervorhebung Therefore\u2122 gewinnt zahlreiche Branchenauszeichnungen.\" srcset=\"https:\/\/therefore.net\/wp\/..\/app\/uploads\/2025\/12\/WFPA-635x317-1.png 635w, https:\/\/therefore.net\/wp\/..\/app\/uploads\/2025\/12\/WFPA-635x317-1-300x150.png 300w\" sizes=\"(max-width: 635px) 100vw, 635px\" \/>\n                                    <\/div>\n                            <\/div>\n\n            <div class=\"video-img-section__content\">\n                                                        <h2 class=\"video-img-section__title\">Nr. 1 in der Workflow-Automatisierung 2022\u20132025<\/h2>\n                \n                                    <div class=\"video-img-section__text\"><p>Therefore\u2122 belegte auch Platz 1 bei der Workflow-Automatisierung, d. h. &#8220;dem Ausma\u00df und der Leichtigkeit, mit der Aktionen innerhalb des Systems so konfiguriert werden k\u00f6nnen, dass sie automatisch ausgef\u00fchrt werden.&#8221; Dies ist eine gro\u00dfartige Anerkennung f\u00fcr die Bem\u00fchungen unseres Entwicklungsteams. Die Workflow-Automatisierung ist nach wie vor ein unglaublich n\u00fctzliches Werkzeug f\u00fcr alle Branchen und Abteilungen, und wir sind stolz darauf, Ihnen weiterhin die Nummer 1 der Workflow-Automatisierung auf dem Markt zu bieten.<\/p>\n<\/div>\n                            <\/div>\n        <\/div>\n\n\n    <\/div>\n\n<\/section>\n\n\n<section class=\"custom-block whats-new-image-section\">\n    <div class=\"container whats-new-image-section__container\">\n        <div class=\"whats-new-image-section__image\">\n            <div class=\"whats-new-image-section__image-wrapper\">\n                                    <img decoding=\"async\" width=\"730\" height=\"376\" src=\"https:\/\/therefore.net\/wp\/..\/app\/uploads\/2025\/12\/2025-Features.png\" class=\"attachment-full size-full\" alt=\"F\u00fcnf blaue und gr\u00fcne Info-Tech Research Group 2025 Top Feature-Auszeichnungen f\u00fcr Webformulare, Dateifreigaben, Dokumentenmanagement, Zusammenarbeit und Fallmanagement - Therefore\u2122 gewinnt zahlreiche Branchenauszeichnungen, wobei die Funktionen unter jeder Auszeichnung aufgef\u00fchrt sind.\" srcset=\"https:\/\/therefore.net\/wp\/..\/app\/uploads\/2025\/12\/2025-Features.png 730w, https:\/\/therefore.net\/wp\/..\/app\/uploads\/2025\/12\/2025-Features-300x155.png 300w\" sizes=\"(max-width: 730px) 100vw, 730px\" \/>\n                            <\/div>\n\n                                            <h2 class=\"whats-new-image-section__image__title\">Top-bewertete Funktionen<\/h2>\n                    <\/div>\n                    <div class=\"whats-new-image-section__text\">\u2022 Automatisierung von Arbeitsabl\u00e4ufen<br \/>\r\n\u2022 Automatische\/vorlagenfreie Rechnungsbearbeitung<br \/>\r\n\u2022 Fallmanagement<br \/>\r\n\u2022 Suchfunktionen<br \/>\r\n\u2022 Webformular-Generator<br \/>\r\n\u2022 Zusammenarbeit<br \/>\r\n\u2022 Dateigenehmigungen\/elektronische Signaturen<br \/>\r\n\u2022 ECM-Dokumentenmanagement<\/div>\n            <\/div>\n<\/section>\n\n\n\n<section class=\"custom-block whats-new-image-section\">\n    <div class=\"container whats-new-image-section__container\">\n        <div class=\"whats-new-image-section__image\">\n            <div class=\"whats-new-image-section__image-wrapper\">\n                                    <img decoding=\"async\" width=\"730\" height=\"376\" src=\"https:\/\/therefore.net\/wp\/..\/app\/uploads\/2025\/12\/2025-Capabilities.png\" class=\"attachment-full size-full\" alt=\"Acht sechseckige Auszeichnungsplaketten mit der Aufschrift &quot;2025 Info-Tech Research Group&quot; und Titeln wie &quot;Best Business Value&quot; und &quot;Easiest to Integrate&quot; zeigen, wie Therefore\u2122 zahlreiche Branchenauszeichnungen gewinnt.\" srcset=\"https:\/\/therefore.net\/wp\/..\/app\/uploads\/2025\/12\/2025-Capabilities.png 730w, https:\/\/therefore.net\/wp\/..\/app\/uploads\/2025\/12\/2025-Capabilities-300x155.png 300w\" sizes=\"(max-width: 730px) 100vw, 730px\" \/>\n                            <\/div>\n\n                                            <h2 class=\"whats-new-image-section__image__title\">Top-bewertete F\u00e4higkeiten<\/h2>\n                    <\/div>\n                    <div class=\"whats-new-image-section__text\">\u2022 Bester Gesch\u00e4ftswert<br \/>\r\n\u2022 Bester Support<br \/>\r\n\u2022 Beste Schulungen<br \/>\r\n\u2022 Beste Funktionsvielfalt<br \/>\r\n\u2022 Beste Implementierung<br \/>\r\n\u2022 Einfachste Integration<br \/>\r\n\u2022 Einfachste Verwaltung<br \/>\r\n\u2022 Einfachste Anpassung<\/div>\n            <\/div>\n<\/section>\n\n\n\n<div class=\"custom-block simple-paragraph\">\n    <div class=\"container\">\n        <div class=\"blog-post__content blog-post__content--wide\">\n            <h1 style=\"text-align: center;\">92% Kundenzufriedenheitsrate<img decoding=\"async\" class=\"size-full wp-image-1722 aligncenter\" src=\"https:\/\/therefore.net\/app\/uploads\/2022\/11\/WORKFLOW-768x432-1.png\" alt=\"\" width=\"768\" height=\"432\" srcset=\"https:\/\/therefore.net\/wp\/..\/app\/uploads\/2022\/11\/WORKFLOW-768x432-1.png 768w, https:\/\/therefore.net\/wp\/..\/app\/uploads\/2022\/11\/WORKFLOW-768x432-1-300x169.png 300w\" sizes=\"(max-width: 768px) 100vw, 768px\" \/><\/h1>\n<p><\/p>\n<h1 style=\"text-align: center;\">94% planen eine Erneuerung<\/h1>\n<p><img decoding=\"async\" class=\"size-full wp-image-1723 aligncenter\" src=\"https:\/\/therefore.net\/app\/uploads\/2022\/11\/PLAN-TO-RENEW-768x432-1.png\" alt=\"\" width=\"768\" height=\"432\" srcset=\"https:\/\/therefore.net\/wp\/..\/app\/uploads\/2022\/11\/PLAN-TO-RENEW-768x432-1.png 768w, https:\/\/therefore.net\/wp\/..\/app\/uploads\/2022\/11\/PLAN-TO-RENEW-768x432-1-300x169.png 300w\" sizes=\"(max-width: 768px) 100vw, 768px\" \/><\/p>\n<h1 style=\"text-align: center;\"><\/h1>\n\n        <\/div>\n\n            <\/div>\n<\/div>\n\n\n\n<div class=\"custom-block simple-paragraph\">\n    <div class=\"container\">\n        <div class=\"blog-post__content blog-post__content--wide\">\n            <h2>Informationen \u00fcber SoftwareReviews<\/h2>\n<p>SoftwareReviews, eine Abteilung der Info-Tech Research Group, hat ihren lang erwarteten Bericht \u00fcber das ECM-Produktangebot im Jahr 2022 ver\u00f6ffentlicht. Sie untersuchten mehr als 14 verschiedene ECM-Systeme auf dem heutigen Markt und sammelten rigoros qualitative und quantitative Datenpunkte von echten Endbenutzern, Gesch\u00e4fts- und IT-Fachleuten.<\/p>\n<p>Die umfassenden Bewertungen von SoftwareReviews sind die detaillierteste Quelle f\u00fcr K\u00e4uferdaten und Einblicke in den Markt f\u00fcr Unternehmenssoftware.<\/p>\n<p>&nbsp;<\/p>\n\n        <\/div>\n\n            <\/div>\n<\/div>\n\n","protected":false},"excerpt":{"rendered":"","protected":false},"author":5,"featured_media":0,"parent":3492,"menu_order":0,"comment_status":"closed","ping_status":"closed","template":"","meta":{"_acf_changed":false,"inline_featured_image":false,"footnotes":""},"class_list":["post-5121","page","type-page","status-publish","hentry"],"acf":[],"yoast_head":"<!-- This site is optimized with the Yoast SEO plugin v27.3 - https:\/\/yoast.com\/product\/yoast-seo-wordpress\/ -->\n<title>Therefore\u2122 gewinnt zahlreiche Branchenauszeichnungen<\/title>\n<meta name=\"description\" content=\"Therefore\u2122 erh\u00e4lt zahlreiche Branchenauszeichnungen von SoftwareReviews: ECM-Marktf\u00fchrer, Nr. 1 bei der Workflow-Automatisierung und 12 am besten bewertete Funktionen.\" \/>\n<meta name=\"robots\" content=\"index, follow, max-snippet:-1, max-image-preview:large, max-video-preview:-1\" \/>\n<link rel=\"canonical\" href=\"https:\/\/therefore.net\/de\/auszeichnungen-zertifizierungen\/software-review-awards\/\" \/>\n<script type=\"application\/ld+json\" class=\"yoast-schema-graph\">{\"@context\":\"https:\\\/\\\/schema.org\",\"@graph\":[{\"@type\":\"WebPage\",\"@id\":\"https:\\\/\\\/therefore.net\\\/de\\\/auszeichnungen-zertifizierungen\\\/software-review-awards\\\/\",\"url\":\"https:\\\/\\\/therefore.net\\\/de\\\/auszeichnungen-zertifizierungen\\\/software-review-awards\\\/\",\"name\":\"Therefore\u2122 gewinnt zahlreiche Branchenauszeichnungen\",\"isPartOf\":{\"@id\":\"https:\\\/\\\/therefore.net\\\/de\\\/#website\"},\"datePublished\":\"2023-05-05T18:29:42+00:00\",\"dateModified\":\"2025-12-23T21:46:38+00:00\",\"description\":\"Therefore\u2122 erh\u00e4lt zahlreiche Branchenauszeichnungen von SoftwareReviews: ECM-Marktf\u00fchrer, Nr. 1 bei der Workflow-Automatisierung und 12 am besten bewertete Funktionen.\",\"breadcrumb\":{\"@id\":\"https:\\\/\\\/therefore.net\\\/de\\\/auszeichnungen-zertifizierungen\\\/software-review-awards\\\/#breadcrumb\"},\"inLanguage\":\"de-DE\",\"potentialAction\":[{\"@type\":\"ReadAction\",\"target\":[\"https:\\\/\\\/therefore.net\\\/de\\\/auszeichnungen-zertifizierungen\\\/software-review-awards\\\/\"]}]},{\"@type\":\"BreadcrumbList\",\"@id\":\"https:\\\/\\\/therefore.net\\\/de\\\/auszeichnungen-zertifizierungen\\\/software-review-awards\\\/#breadcrumb\",\"itemListElement\":[{\"@type\":\"ListItem\",\"position\":1,\"name\":\"Home\",\"item\":\"https:\\\/\\\/therefore.net\\\/de\\\/\"},{\"@type\":\"ListItem\",\"position\":2,\"name\":\"Auszeichnungen\\\/Zertifizierungen\",\"item\":\"https:\\\/\\\/therefore.net\\\/de\\\/auszeichnungen-zertifizierungen\\\/\"},{\"@type\":\"ListItem\",\"position\":3,\"name\":\"Software Review Awards\"}]},{\"@type\":\"WebSite\",\"@id\":\"https:\\\/\\\/therefore.net\\\/de\\\/#website\",\"url\":\"https:\\\/\\\/therefore.net\\\/de\\\/\",\"name\":\"Therefore\",\"description\":\"\",\"publisher\":{\"@id\":\"https:\\\/\\\/therefore.net\\\/de\\\/#organization\"},\"potentialAction\":[{\"@type\":\"SearchAction\",\"target\":{\"@type\":\"EntryPoint\",\"urlTemplate\":\"https:\\\/\\\/therefore.net\\\/de\\\/?s={search_term_string}\"},\"query-input\":{\"@type\":\"PropertyValueSpecification\",\"valueRequired\":true,\"valueName\":\"search_term_string\"}}],\"inLanguage\":\"de-DE\"},{\"@type\":\"Organization\",\"@id\":\"https:\\\/\\\/therefore.net\\\/de\\\/#organization\",\"name\":\"Therefore\",\"url\":\"https:\\\/\\\/therefore.net\\\/de\\\/\",\"logo\":{\"@type\":\"ImageObject\",\"inLanguage\":\"de-DE\",\"@id\":\"https:\\\/\\\/therefore.net\\\/de\\\/#\\\/schema\\\/logo\\\/image\\\/\",\"url\":\"https:\\\/\\\/therefore.net\\\/wp\\\/..\\\/app\\\/uploads\\\/2022\\\/04\\\/logo.png\",\"contentUrl\":\"https:\\\/\\\/therefore.net\\\/wp\\\/..\\\/app\\\/uploads\\\/2022\\\/04\\\/logo.png\",\"width\":176,\"height\":48,\"caption\":\"Therefore\"},\"image\":{\"@id\":\"https:\\\/\\\/therefore.net\\\/de\\\/#\\\/schema\\\/logo\\\/image\\\/\"},\"sameAs\":[\"https:\\\/\\\/www.linkedin.com\\\/company\\\/therefore-corporation\\\/\",\"https:\\\/\\\/www.youtube.com\\\/user\\\/ThereforeTV\"]}]}<\/script>\n<!-- \/ Yoast SEO plugin. -->","yoast_head_json":{"title":"Therefore\u2122 gewinnt zahlreiche Branchenauszeichnungen","description":"Therefore\u2122 erh\u00e4lt zahlreiche Branchenauszeichnungen von SoftwareReviews: ECM-Marktf\u00fchrer, Nr. 1 bei der Workflow-Automatisierung und 12 am besten bewertete Funktionen.","robots":{"index":"index","follow":"follow","max-snippet":"max-snippet:-1","max-image-preview":"max-image-preview:large","max-video-preview":"max-video-preview:-1"},"canonical":"https:\/\/therefore.net\/de\/auszeichnungen-zertifizierungen\/software-review-awards\/","schema":{"@context":"https:\/\/schema.org","@graph":[{"@type":"WebPage","@id":"https:\/\/therefore.net\/de\/auszeichnungen-zertifizierungen\/software-review-awards\/","url":"https:\/\/therefore.net\/de\/auszeichnungen-zertifizierungen\/software-review-awards\/","name":"Therefore\u2122 gewinnt zahlreiche Branchenauszeichnungen","isPartOf":{"@id":"https:\/\/therefore.net\/de\/#website"},"datePublished":"2023-05-05T18:29:42+00:00","dateModified":"2025-12-23T21:46:38+00:00","description":"Therefore\u2122 erh\u00e4lt zahlreiche Branchenauszeichnungen von SoftwareReviews: ECM-Marktf\u00fchrer, Nr. 1 bei der Workflow-Automatisierung und 12 am besten bewertete Funktionen.","breadcrumb":{"@id":"https:\/\/therefore.net\/de\/auszeichnungen-zertifizierungen\/software-review-awards\/#breadcrumb"},"inLanguage":"de-DE","potentialAction":[{"@type":"ReadAction","target":["https:\/\/therefore.net\/de\/auszeichnungen-zertifizierungen\/software-review-awards\/"]}]},{"@type":"BreadcrumbList","@id":"https:\/\/therefore.net\/de\/auszeichnungen-zertifizierungen\/software-review-awards\/#breadcrumb","itemListElement":[{"@type":"ListItem","position":1,"name":"Home","item":"https:\/\/therefore.net\/de\/"},{"@type":"ListItem","position":2,"name":"Auszeichnungen\/Zertifizierungen","item":"https:\/\/therefore.net\/de\/auszeichnungen-zertifizierungen\/"},{"@type":"ListItem","position":3,"name":"Software Review Awards"}]},{"@type":"WebSite","@id":"https:\/\/therefore.net\/de\/#website","url":"https:\/\/therefore.net\/de\/","name":"Therefore","description":"","publisher":{"@id":"https:\/\/therefore.net\/de\/#organization"},"potentialAction":[{"@type":"SearchAction","target":{"@type":"EntryPoint","urlTemplate":"https:\/\/therefore.net\/de\/?s={search_term_string}"},"query-input":{"@type":"PropertyValueSpecification","valueRequired":true,"valueName":"search_term_string"}}],"inLanguage":"de-DE"},{"@type":"Organization","@id":"https:\/\/therefore.net\/de\/#organization","name":"Therefore","url":"https:\/\/therefore.net\/de\/","logo":{"@type":"ImageObject","inLanguage":"de-DE","@id":"https:\/\/therefore.net\/de\/#\/schema\/logo\/image\/","url":"https:\/\/therefore.net\/wp\/..\/app\/uploads\/2022\/04\/logo.png","contentUrl":"https:\/\/therefore.net\/wp\/..\/app\/uploads\/2022\/04\/logo.png","width":176,"height":48,"caption":"Therefore"},"image":{"@id":"https:\/\/therefore.net\/de\/#\/schema\/logo\/image\/"},"sameAs":["https:\/\/www.linkedin.com\/company\/therefore-corporation\/","https:\/\/www.youtube.com\/user\/ThereforeTV"]}]}},"_links":{"self":[{"href":"https:\/\/therefore.net\/de\/wp-json\/wp\/v2\/pages\/5121","targetHints":{"allow":["GET"]}}],"collection":[{"href":"https:\/\/therefore.net\/de\/wp-json\/wp\/v2\/pages"}],"about":[{"href":"https:\/\/therefore.net\/de\/wp-json\/wp\/v2\/types\/page"}],"author":[{"embeddable":true,"href":"https:\/\/therefore.net\/de\/wp-json\/wp\/v2\/users\/5"}],"replies":[{"embeddable":true,"href":"https:\/\/therefore.net\/de\/wp-json\/wp\/v2\/comments?post=5121"}],"version-history":[{"count":5,"href":"https:\/\/therefore.net\/de\/wp-json\/wp\/v2\/pages\/5121\/revisions"}],"predecessor-version":[{"id":10507,"href":"https:\/\/therefore.net\/de\/wp-json\/wp\/v2\/pages\/5121\/revisions\/10507"}],"up":[{"embeddable":true,"href":"https:\/\/therefore.net\/de\/wp-json\/wp\/v2\/pages\/3492"}],"wp:attachment":[{"href":"https:\/\/therefore.net\/de\/wp-json\/wp\/v2\/media?parent=5121"}],"curies":[{"name":"wp","href":"https:\/\/api.w.org\/{rel}","templated":true}]}}