{"id":5142,"date":"2023-05-05T20:57:30","date_gmt":"2023-05-05T18:57:30","guid":{"rendered":"https:\/\/therefore.net\/auszeichnungen-zertifizierungen\/datamaster-awards\/"},"modified":"2023-06-07T04:35:12","modified_gmt":"2023-06-07T02:35:12","slug":"datamaster-awards","status":"publish","type":"page","link":"https:\/\/therefore.net\/de\/auszeichnungen-zertifizierungen\/datamaster-awards\/","title":{"rendered":"DataMaster Awards"},"content":{"rendered":"<section class=\"custom-block left-image-right-text-long\">\n    <div class=\"container  left-image-right-text-long__container\">\n        <div class=\"left-image-right-text-long__inner\">\n            <div class=\"left-image-right-text-long__image-wrapper\">\n                                    <img decoding=\"async\" width=\"1030\" height=\"687\" src=\"https:\/\/therefore.net\/wp\/..\/app\/uploads\/2022\/07\/GED-Award.png\" class=\"attachment-full size-full\" alt=\"Therefore\u2122 has won two awards by DataMaster Lab: The left gold badge honors &quot;Best Solution for HR Department Administration and Management,&quot; while the right silver and blue badge recognizes &quot;Outstanding ECM 2022 for SMB and Mid-sized.\" srcset=\"https:\/\/therefore.net\/wp\/..\/app\/uploads\/2022\/07\/GED-Award.png 1030w, https:\/\/therefore.net\/wp\/..\/app\/uploads\/2022\/07\/GED-Award-300x200.png 300w, https:\/\/therefore.net\/wp\/..\/app\/uploads\/2022\/07\/GED-Award-1024x683.png 1024w, https:\/\/therefore.net\/wp\/..\/app\/uploads\/2022\/07\/GED-Award-768x512.png 768w\" sizes=\"(max-width: 1030px) 100vw, 1030px\" \/>\n                            <\/div>\n            <div class=\"left-image-right-text-long__text-wrapper\">\n                <h2 class=\"left-image-right-text-long__title\">\n                    Therefore\u2122 gewinnt die DataMaster-Auszeichnungen f\u00fcr die beste HR-L\u00f6sung und die herausragende ECM-L\u00f6sung\n                <\/h2>\n                <div class=\"left-image-right-text-long__text\">\n                    <p>Therefore\u2122 hat zwei Auszeichnungen von DataMaster Lab, einem unabh\u00e4ngigen franz\u00f6sischen Testlabor f\u00fcr B\u00fcromaschinen und Softwarel\u00f6sungen, erhalten. Therefore\u2122-L\u00f6sungen wurden einer gr\u00fcndlichen Analyse unterzogen, zu der auch mehrt\u00e4gige praktische Tests durch DataMaster-Berater geh\u00f6rten, die f\u00fcr die Bewertung von ECM-L\u00f6sungen geschult sind.<\/p>\n\n                <\/div>\n                            <\/div>\n        <\/div>\n    <\/div>\n<\/section>\n\n\n\n<section class=\"custom-block video-img-section video-img-section--shape \">\n    <div class=\"container video-img-section__container\">\n\n        <div class=\"video-img-section__row\">\n            <div class=\"video-img-section__media video-img-section__media\">\n                                <div class=\"video-img-section__media__item video-img-section__media__item--image\">\n                                            <img decoding=\"async\" width=\"635\" height=\"317\" src=\"https:\/\/therefore.net\/wp\/..\/app\/uploads\/2023\/05\/GED-Award-635x317-1.png\" class=\"attachment-full size-full\" alt=\"Eine goldene Plakette mit dem Text &quot;DataMaster GED Award&quot; in der Mitte, umgeben von einem gr\u00fcnen Rahmen mit der Aufschrift &quot;Best Solution for HR Department Administration and Management&quot;. Therefore\u2122 gewinnt DataMaster-Auszeichnungen f\u00fcr au\u00dfergew\u00f6hnliche Leistungen.\" srcset=\"https:\/\/therefore.net\/wp\/..\/app\/uploads\/2023\/05\/GED-Award-635x317-1.png 635w, https:\/\/therefore.net\/wp\/..\/app\/uploads\/2023\/05\/GED-Award-635x317-1-300x150.png 300w\" sizes=\"(max-width: 635px) 100vw, 635px\" \/>\n                                    <\/div>\n                            <\/div>\n\n            <div class=\"video-img-section__content\">\n                                                        <h2 class=\"video-img-section__title\">Beste L\u00f6sung f\u00fcr Personalverwaltung und -management<\/h2>\n                \n                                    <div class=\"video-img-section__text\"><p>Therefore\u2122 wurde mit dem DataMaster GED Award f\u00fcr die <strong>beste L\u00f6sung f\u00fcr die Verwaltung und das Management von Personalabteilungen<\/strong> ausgezeichnet. Die Experten im DatMastera Lab sind sich einig: Therefore\u2122 ist die ECM-L\u00f6sung Nr. 1 auf dem Markt f\u00fcr HR.<\/p>\n<\/div>\n                            <\/div>\n        <\/div>\n\n\n    <\/div>\n\n<\/section>\n\n\n\n<section class=\"custom-block video-img-section video-img-section--shape video-img-section--reversed\">\n    <div class=\"container video-img-section__container\">\n\n        <div class=\"video-img-section__row\">\n            <div class=\"video-img-section__media video-img-section__media\">\n                                <div class=\"video-img-section__media__item video-img-section__media__item--image\">\n                                            <img decoding=\"async\" width=\"635\" height=\"317\" src=\"https:\/\/therefore.net\/wp\/..\/app\/uploads\/2023\/05\/GED-Award-2-635x317-1.png\" class=\"attachment-full size-full\" alt=\"Auf einer runden Plakette mit silbernem Rand steht in der Mitte &quot;GED Award&quot; und dar\u00fcber &quot;DataMaster&quot;. Am Rand steht: &quot;Outstanding ECM 2022 for SMB and Mid-Sized Therefore\u2122 gewinnt DataMaster-Auszeichnungen&quot;.\" srcset=\"https:\/\/therefore.net\/wp\/..\/app\/uploads\/2023\/05\/GED-Award-2-635x317-1.png 635w, https:\/\/therefore.net\/wp\/..\/app\/uploads\/2023\/05\/GED-Award-2-635x317-1-300x150.png 300w\" sizes=\"(max-width: 635px) 100vw, 635px\" \/>\n                                    <\/div>\n                            <\/div>\n\n            <div class=\"video-img-section__content\">\n                                                        <h2 class=\"video-img-section__title\">Beste L\u00f6sung f\u00fcr Personalverwaltung und -management<\/h2>\n                \n                                    <div class=\"video-img-section__text\"><p>Therefore\u2122 wurde au\u00dferdem mit dem DataMaster GED Award f\u00fcr <strong>herausragendes ECM 2022 f\u00fcr kleine und mittelst\u00e4ndische Unternehmen<\/strong> ausgezeichnet.<\/p>\n<\/div>\n                            <\/div>\n        <\/div>\n\n\n    <\/div>\n\n<\/section>\n\n\n<div class=\"custom-block simple-paragraph\">\n    <div class=\"container\">\n        <div class=\"blog-post__content blog-post__content--wide\">\n            <p><img decoding=\"async\" class=\"size-large wp-image-2953 aligncenter\" src=\"https:\/\/therefore.net\/app\/uploads\/2023\/05\/DataMasterCertificate-1024x722.png\" alt=\"\" width=\"1024\" height=\"722\" srcset=\"https:\/\/therefore.net\/wp\/..\/app\/uploads\/2023\/05\/DataMasterCertificate-1024x722.png 1024w, https:\/\/therefore.net\/wp\/..\/app\/uploads\/2023\/05\/DataMasterCertificate-300x211.png 300w, https:\/\/therefore.net\/wp\/..\/app\/uploads\/2023\/05\/DataMasterCertificate-768x541.png 768w, https:\/\/therefore.net\/wp\/..\/app\/uploads\/2023\/05\/DataMasterCertificate.png 1237w\" sizes=\"(max-width: 1024px) 100vw, 1024px\" \/><\/p>\n\n        <\/div>\n\n            <\/div>\n<\/div>\n\n\n\n<div class=\"custom-block simple-paragraph\">\n    <div class=\"container\">\n        <div class=\"blog-post__content blog-post__content--wide\">\n            <p><strong>Was ist GED?<\/strong><\/p>\n<p>GED ist ein franz\u00f6sisches Akronym f\u00fcr Gestion \u00e9lectronique documentaire, was im Deutschen mit elektronischem Dokumentenmanagement oder dem gebr\u00e4uchlicheren Akronym ECM (Enterprise Content Management) \u00fcbersetzt wird.<\/p>\n<p>&nbsp;<\/p>\n<p>&nbsp;<\/p>\n<p><strong>\u00dcber DataMaster Lab<\/strong><\/p>\n<p>&nbsp;<\/p>\n<p>DataMaster Lab ist ein unabh\u00e4ngiges Testlabor in der N\u00e4he von Rennes in Frankreich. Seit 2009 testen wir B\u00fcro- und Produktionsdruck- und Imaging-Ger\u00e4te in unserem eigenen Labor oder bei Herstellern und Partnern vor Ort. Wir analysieren auch verwandte Softwarel\u00f6sungen (Dokumentenerfassung, Content Services, Druckabrechnung, Follow Me, Flottenmanagement, Web-to-Print, variable Daten, Druck-ERP &#8211; usw.) sowie die einfacheren Apps, die auf vielen B\u00fcroger\u00e4ten verf\u00fcgbar sind. Unser Ziel ist es immer, die Hauptmerkmale all dieser Produkte zu identifizieren und ihre Leistung in realen Gesch\u00e4ftsszenarien zu bewerten.<\/p>\n<p>&nbsp;<\/p>\n<div class=\"wpb_text_column wpb_content_element vc_custom_1596434695844\">\n<p>Erfahren Sie mehr \u00fcber das DataMaster-Testlabor <a href=\"https:\/\/www.datamaster.fr\/DATAMASTER_Lab\/labo-benchmark_printer_benchmark_office_market_productivity_print_quality_production_printing_scan_speed_scan_file_size_duplex_print_speed_feature_test_ISO_print_productivity_ISO_IEC_24734_ISO_24735_FCOT_F-en.html\">hier<\/a>.<\/p>\n<\/div>\n\n        <\/div>\n\n            <\/div>\n<\/div>\n\n","protected":false},"excerpt":{"rendered":"","protected":false},"author":5,"featured_media":0,"parent":3492,"menu_order":0,"comment_status":"closed","ping_status":"closed","template":"","meta":{"_acf_changed":false,"inline_featured_image":false,"footnotes":""},"class_list":["post-5142","page","type-page","status-publish","hentry"],"acf":[],"yoast_head":"<!-- This site is optimized with the Yoast SEO plugin v27.2 - https:\/\/yoast.com\/product\/yoast-seo-wordpress\/ -->\n<title>Therefore\u2122 gewinnt DataMaster-Auszeichnungen<\/title>\n<meta name=\"description\" content=\"Therefore\u2122 erh\u00e4lt DataMaster-Auszeichnungen von DataMaster, einem unabh\u00e4ngigen franz\u00f6sischen Testlabor f\u00fcr B\u00fcromaschinen und Softwarel\u00f6sungen.\" \/>\n<meta name=\"robots\" content=\"index, follow, max-snippet:-1, max-image-preview:large, max-video-preview:-1\" \/>\n<link rel=\"canonical\" href=\"https:\/\/therefore.net\/de\/auszeichnungen-zertifizierungen\/datamaster-awards\/\" \/>\n<script type=\"application\/ld+json\" class=\"yoast-schema-graph\">{\"@context\":\"https:\/\/schema.org\",\"@graph\":[{\"@type\":\"WebPage\",\"@id\":\"https:\/\/therefore.net\/de\/auszeichnungen-zertifizierungen\/datamaster-awards\/\",\"url\":\"https:\/\/therefore.net\/de\/auszeichnungen-zertifizierungen\/datamaster-awards\/\",\"name\":\"Therefore\u2122 gewinnt DataMaster-Auszeichnungen\",\"isPartOf\":{\"@id\":\"https:\/\/therefore.net\/de\/#website\"},\"datePublished\":\"2023-05-05T18:57:30+00:00\",\"dateModified\":\"2023-06-07T02:35:12+00:00\",\"description\":\"Therefore\u2122 erh\u00e4lt DataMaster-Auszeichnungen von DataMaster, einem unabh\u00e4ngigen franz\u00f6sischen Testlabor f\u00fcr B\u00fcromaschinen und Softwarel\u00f6sungen.\",\"breadcrumb\":{\"@id\":\"https:\/\/therefore.net\/de\/auszeichnungen-zertifizierungen\/datamaster-awards\/#breadcrumb\"},\"inLanguage\":\"de-DE\",\"potentialAction\":[{\"@type\":\"ReadAction\",\"target\":[\"https:\/\/therefore.net\/de\/auszeichnungen-zertifizierungen\/datamaster-awards\/\"]}]},{\"@type\":\"BreadcrumbList\",\"@id\":\"https:\/\/therefore.net\/de\/auszeichnungen-zertifizierungen\/datamaster-awards\/#breadcrumb\",\"itemListElement\":[{\"@type\":\"ListItem\",\"position\":1,\"name\":\"Home\",\"item\":\"https:\/\/therefore.net\/de\/\"},{\"@type\":\"ListItem\",\"position\":2,\"name\":\"Auszeichnungen\/Zertifizierungen\",\"item\":\"https:\/\/therefore.net\/de\/auszeichnungen-zertifizierungen\/\"},{\"@type\":\"ListItem\",\"position\":3,\"name\":\"DataMaster Awards\"}]},{\"@type\":\"WebSite\",\"@id\":\"https:\/\/therefore.net\/de\/#website\",\"url\":\"https:\/\/therefore.net\/de\/\",\"name\":\"Therefore\",\"description\":\"\",\"publisher\":{\"@id\":\"https:\/\/therefore.net\/de\/#organization\"},\"potentialAction\":[{\"@type\":\"SearchAction\",\"target\":{\"@type\":\"EntryPoint\",\"urlTemplate\":\"https:\/\/therefore.net\/de\/?s={search_term_string}\"},\"query-input\":{\"@type\":\"PropertyValueSpecification\",\"valueRequired\":true,\"valueName\":\"search_term_string\"}}],\"inLanguage\":\"de-DE\"},{\"@type\":\"Organization\",\"@id\":\"https:\/\/therefore.net\/de\/#organization\",\"name\":\"Therefore\",\"url\":\"https:\/\/therefore.net\/de\/\",\"logo\":{\"@type\":\"ImageObject\",\"inLanguage\":\"de-DE\",\"@id\":\"https:\/\/therefore.net\/de\/#\/schema\/logo\/image\/\",\"url\":\"https:\/\/therefore.net\/wp\/..\/app\/uploads\/2022\/04\/logo.png\",\"contentUrl\":\"https:\/\/therefore.net\/wp\/..\/app\/uploads\/2022\/04\/logo.png\",\"width\":176,\"height\":48,\"caption\":\"Therefore\"},\"image\":{\"@id\":\"https:\/\/therefore.net\/de\/#\/schema\/logo\/image\/\"},\"sameAs\":[\"https:\/\/www.linkedin.com\/company\/therefore-corporation\/\",\"https:\/\/www.youtube.com\/user\/ThereforeTV\"]}]}<\/script>\n<!-- \/ Yoast SEO plugin. -->","yoast_head_json":{"title":"Therefore\u2122 gewinnt DataMaster-Auszeichnungen","description":"Therefore\u2122 erh\u00e4lt DataMaster-Auszeichnungen von DataMaster, einem unabh\u00e4ngigen franz\u00f6sischen Testlabor f\u00fcr B\u00fcromaschinen und Softwarel\u00f6sungen.","robots":{"index":"index","follow":"follow","max-snippet":"max-snippet:-1","max-image-preview":"max-image-preview:large","max-video-preview":"max-video-preview:-1"},"canonical":"https:\/\/therefore.net\/de\/auszeichnungen-zertifizierungen\/datamaster-awards\/","schema":{"@context":"https:\/\/schema.org","@graph":[{"@type":"WebPage","@id":"https:\/\/therefore.net\/de\/auszeichnungen-zertifizierungen\/datamaster-awards\/","url":"https:\/\/therefore.net\/de\/auszeichnungen-zertifizierungen\/datamaster-awards\/","name":"Therefore\u2122 gewinnt DataMaster-Auszeichnungen","isPartOf":{"@id":"https:\/\/therefore.net\/de\/#website"},"datePublished":"2023-05-05T18:57:30+00:00","dateModified":"2023-06-07T02:35:12+00:00","description":"Therefore\u2122 erh\u00e4lt DataMaster-Auszeichnungen von DataMaster, einem unabh\u00e4ngigen franz\u00f6sischen Testlabor f\u00fcr B\u00fcromaschinen und Softwarel\u00f6sungen.","breadcrumb":{"@id":"https:\/\/therefore.net\/de\/auszeichnungen-zertifizierungen\/datamaster-awards\/#breadcrumb"},"inLanguage":"de-DE","potentialAction":[{"@type":"ReadAction","target":["https:\/\/therefore.net\/de\/auszeichnungen-zertifizierungen\/datamaster-awards\/"]}]},{"@type":"BreadcrumbList","@id":"https:\/\/therefore.net\/de\/auszeichnungen-zertifizierungen\/datamaster-awards\/#breadcrumb","itemListElement":[{"@type":"ListItem","position":1,"name":"Home","item":"https:\/\/therefore.net\/de\/"},{"@type":"ListItem","position":2,"name":"Auszeichnungen\/Zertifizierungen","item":"https:\/\/therefore.net\/de\/auszeichnungen-zertifizierungen\/"},{"@type":"ListItem","position":3,"name":"DataMaster Awards"}]},{"@type":"WebSite","@id":"https:\/\/therefore.net\/de\/#website","url":"https:\/\/therefore.net\/de\/","name":"Therefore","description":"","publisher":{"@id":"https:\/\/therefore.net\/de\/#organization"},"potentialAction":[{"@type":"SearchAction","target":{"@type":"EntryPoint","urlTemplate":"https:\/\/therefore.net\/de\/?s={search_term_string}"},"query-input":{"@type":"PropertyValueSpecification","valueRequired":true,"valueName":"search_term_string"}}],"inLanguage":"de-DE"},{"@type":"Organization","@id":"https:\/\/therefore.net\/de\/#organization","name":"Therefore","url":"https:\/\/therefore.net\/de\/","logo":{"@type":"ImageObject","inLanguage":"de-DE","@id":"https:\/\/therefore.net\/de\/#\/schema\/logo\/image\/","url":"https:\/\/therefore.net\/wp\/..\/app\/uploads\/2022\/04\/logo.png","contentUrl":"https:\/\/therefore.net\/wp\/..\/app\/uploads\/2022\/04\/logo.png","width":176,"height":48,"caption":"Therefore"},"image":{"@id":"https:\/\/therefore.net\/de\/#\/schema\/logo\/image\/"},"sameAs":["https:\/\/www.linkedin.com\/company\/therefore-corporation\/","https:\/\/www.youtube.com\/user\/ThereforeTV"]}]}},"_links":{"self":[{"href":"https:\/\/therefore.net\/de\/wp-json\/wp\/v2\/pages\/5142","targetHints":{"allow":["GET"]}}],"collection":[{"href":"https:\/\/therefore.net\/de\/wp-json\/wp\/v2\/pages"}],"about":[{"href":"https:\/\/therefore.net\/de\/wp-json\/wp\/v2\/types\/page"}],"author":[{"embeddable":true,"href":"https:\/\/therefore.net\/de\/wp-json\/wp\/v2\/users\/5"}],"replies":[{"embeddable":true,"href":"https:\/\/therefore.net\/de\/wp-json\/wp\/v2\/comments?post=5142"}],"version-history":[{"count":3,"href":"https:\/\/therefore.net\/de\/wp-json\/wp\/v2\/pages\/5142\/revisions"}],"predecessor-version":[{"id":5145,"href":"https:\/\/therefore.net\/de\/wp-json\/wp\/v2\/pages\/5142\/revisions\/5145"}],"up":[{"embeddable":true,"href":"https:\/\/therefore.net\/de\/wp-json\/wp\/v2\/pages\/3492"}],"wp:attachment":[{"href":"https:\/\/therefore.net\/de\/wp-json\/wp\/v2\/media?parent=5142"}],"curies":[{"name":"wp","href":"https:\/\/api.w.org\/{rel}","templated":true}]}}