{"id":5184,"date":"2022-08-01T22:56:31","date_gmt":"2022-08-01T20:56:31","guid":{"rendered":"https:\/\/therefore.net\/lebenszyklus\/"},"modified":"2023-06-07T04:56:54","modified_gmt":"2023-06-07T02:56:54","slug":"lebenszyklus","status":"publish","type":"page","link":"https:\/\/therefore.net\/de\/lebenszyklus\/","title":{"rendered":"Lebenszyklus"},"content":{"rendered":"<div class=\"custom-block simple-paragraph\">\n    <div class=\"container\">\n        <div class=\"blog-post__content blog-post__content--wide\">\n            <div class=\"wpb_text_column wpb_content_element margin_bottom_35\">\n<div class=\"wpb_wrapper\">\n<h1 style=\"text-align: center;\">Therefore\u2122 Produktlebenszyklus<\/h1>\n<p>&nbsp;<\/p>\n<\/div>\n<\/div>\n<div class=\"wpb_text_column wpb_content_element vc_custom_1557307360345\">\n<div class=\"wpb_wrapper\">\n<h3><strong>Die Therefore Corporation hat es sich zur Aufgabe gemacht, Ihnen aktuelle und stabile Software, regelm\u00e4\u00dfig ver\u00f6ffentlichte neue Funktionen und hervorragenden Support zu bieten. Indem Sie Ihre Wartung auf dem neuesten Stand halten, k\u00f6nnen Sie sich den Zugang zu unserem fachkundigen technischen Support, Produktaktualisierungen, Hotfixes und neuen Funktionen sichern.<\/strong><\/h3>\n<p>&nbsp;<\/p>\n<h3><strong>Die Wartung f\u00fcr die Therefore\u2122-Software ist in Ihrem Canon Software Support (CSS)-Vertrag enthalten. Dieser gilt f\u00fcr Vor-Ort-Installationen von Therefore\u2122. CSS ist im Paket mit Therefore\u2122 Online-Abonnements enthalten.<br \/>\n<\/strong><\/h3>\n<p>&nbsp;<\/p>\n<\/div>\n<\/div>\n<div class=\"wpb_text_column wpb_content_element vc_custom_1649170047303\">\n<div class=\"wpb_wrapper\">\n<p><strong>Was ist in der Therefore\u2122-Wartung enthalten?<\/strong><\/p>\n<ul>\n<li>Technischer Support durch Canon und Therefore\u2122.<\/li>\n<li>Zugang zur neuesten Produktversion, Hilfe bei einem Produkt-Upgrade, Unterst\u00fctzung bei der Suche nach Workarounds und Zugang zu Bugfixes f\u00fcr unterst\u00fctzte Therefore\u2122-Versionen.<\/li>\n<\/ul>\n<p>&nbsp;<\/p>\n<p><strong>Was ist der Therefore\u2122-Produktlebenszyklus?<\/strong><\/p>\n<ul>\n<li>Die Software Therefore\u2122 hat eine j\u00e4hrliche Version, die mehrere neue Funktionen enth\u00e4lt. Diese Version wird nach Jahr benannt, z. B. Therefore\u2122 2022, Therefore\u2122 2023, usw.<\/li>\n<li>Sp\u00e4ter im Jahr kann eine kleinere Version, ein so genanntes Service Pack, ver\u00f6ffentlicht werden, das einige kleinere Funktionen und Verbesserungen enth\u00e4lt.<\/li>\n<li>Therefore\u2122 wird immer Hotfixes zur Behebung von Fehlern ver\u00f6ffentlichen, wenn dies erforderlich ist. Kumulative Fehlerbehebungen, bekannt als Update Rollups, werden regelm\u00e4\u00dfig ver\u00f6ffentlicht und enthalten alle vorherigen Fehlerbehebungen f\u00fcr diese Version.<\/li>\n<\/ul>\n<p>&nbsp;<\/p>\n<p><strong>Welche Software-Versionen von Therefore\u2122 werden unterst\u00fctzt?<\/strong><\/p>\n<ul>\n<li>Der Mainstream-Support wird f\u00fcr Produktversionen f\u00fcr 12 Monate nach der Ver\u00f6ffentlichung der <strong>n\u00e4chsten<\/strong> Produktversion gew\u00e4hrt.<\/li>\n<li>Danach wird ein erweiterter Support f\u00fcr weitere 12 Monate angeboten.<\/li>\n<\/ul>\n<p>F\u00fcr Kunden, die Therefore\u2122 2022 verwenden, gilt beispielsweise der Mainstream-Support bis 2024 und der erweiterte Support bis 2025.<\/p>\n<p>&nbsp;<\/p>\n<p>Kunden mit g\u00fcltigem CSS erhalten immer Unterst\u00fctzung f\u00fcr ein Upgrade auf eine neuere Produktversion. Kunden mit abgelaufenen CSS, die ihren Vertrag verl\u00e4ngern m\u00f6chten, m\u00fcssen f\u00fcr alle verpassten CSS nachzahlen.<\/p>\n<\/div>\n<p><img decoding=\"async\" class=\"alignnone wp-image-844 size-full\" src=\"https:\/\/therefore.net\/app\/uploads\/2022\/08\/life-cycle-graph.png\" alt=\"\" width=\"910\" height=\"404\" srcset=\"https:\/\/therefore.net\/wp\/..\/app\/uploads\/2022\/08\/life-cycle-graph.png 910w, https:\/\/therefore.net\/wp\/..\/app\/uploads\/2022\/08\/life-cycle-graph-300x133.png 300w, https:\/\/therefore.net\/wp\/..\/app\/uploads\/2022\/08\/life-cycle-graph-768x341.png 768w\" sizes=\"(max-width: 910px) 100vw, 910px\" \/><\/p>\n<\/div>\n\n        <\/div>\n\n            <\/div>\n<\/div>\n\n","protected":false},"excerpt":{"rendered":"","protected":false},"author":5,"featured_media":0,"parent":0,"menu_order":0,"comment_status":"closed","ping_status":"closed","template":"","meta":{"_acf_changed":false,"inline_featured_image":false,"footnotes":""},"class_list":["post-5184","page","type-page","status-publish","hentry"],"acf":[],"yoast_head":"<!-- This site is optimized with the Yoast SEO plugin v27.3 - https:\/\/yoast.com\/product\/yoast-seo-wordpress\/ -->\n<title>Produktlebenszyklus<\/title>\n<meta name=\"description\" content=\"Produktlebenszyklus - Therefore hat es sich zur Aufgabe gemacht, Ihnen aktuelle und stabile Software, regelm\u00e4\u00dfig neue Funktionen und hervorragenden Support zu bieten.\" \/>\n<meta name=\"robots\" content=\"index, follow, max-snippet:-1, max-image-preview:large, max-video-preview:-1\" \/>\n<link rel=\"canonical\" href=\"https:\/\/therefore.net\/de\/lebenszyklus\/\" \/>\n<script type=\"application\/ld+json\" class=\"yoast-schema-graph\">{\"@context\":\"https:\\\/\\\/schema.org\",\"@graph\":[{\"@type\":\"WebPage\",\"@id\":\"https:\\\/\\\/therefore.net\\\/de\\\/lebenszyklus\\\/\",\"url\":\"https:\\\/\\\/therefore.net\\\/de\\\/lebenszyklus\\\/\",\"name\":\"Produktlebenszyklus\",\"isPartOf\":{\"@id\":\"https:\\\/\\\/therefore.net\\\/de\\\/#website\"},\"datePublished\":\"2022-08-01T20:56:31+00:00\",\"dateModified\":\"2023-06-07T02:56:54+00:00\",\"description\":\"Produktlebenszyklus - Therefore hat es sich zur Aufgabe gemacht, Ihnen aktuelle und stabile Software, regelm\u00e4\u00dfig neue Funktionen und hervorragenden Support zu bieten.\",\"breadcrumb\":{\"@id\":\"https:\\\/\\\/therefore.net\\\/de\\\/lebenszyklus\\\/#breadcrumb\"},\"inLanguage\":\"de-DE\",\"potentialAction\":[{\"@type\":\"ReadAction\",\"target\":[\"https:\\\/\\\/therefore.net\\\/de\\\/lebenszyklus\\\/\"]}]},{\"@type\":\"BreadcrumbList\",\"@id\":\"https:\\\/\\\/therefore.net\\\/de\\\/lebenszyklus\\\/#breadcrumb\",\"itemListElement\":[{\"@type\":\"ListItem\",\"position\":1,\"name\":\"Home\",\"item\":\"https:\\\/\\\/therefore.net\\\/de\\\/\"},{\"@type\":\"ListItem\",\"position\":2,\"name\":\"Lebenszyklus\"}]},{\"@type\":\"WebSite\",\"@id\":\"https:\\\/\\\/therefore.net\\\/de\\\/#website\",\"url\":\"https:\\\/\\\/therefore.net\\\/de\\\/\",\"name\":\"Therefore\",\"description\":\"\",\"publisher\":{\"@id\":\"https:\\\/\\\/therefore.net\\\/de\\\/#organization\"},\"potentialAction\":[{\"@type\":\"SearchAction\",\"target\":{\"@type\":\"EntryPoint\",\"urlTemplate\":\"https:\\\/\\\/therefore.net\\\/de\\\/?s={search_term_string}\"},\"query-input\":{\"@type\":\"PropertyValueSpecification\",\"valueRequired\":true,\"valueName\":\"search_term_string\"}}],\"inLanguage\":\"de-DE\"},{\"@type\":\"Organization\",\"@id\":\"https:\\\/\\\/therefore.net\\\/de\\\/#organization\",\"name\":\"Therefore\",\"url\":\"https:\\\/\\\/therefore.net\\\/de\\\/\",\"logo\":{\"@type\":\"ImageObject\",\"inLanguage\":\"de-DE\",\"@id\":\"https:\\\/\\\/therefore.net\\\/de\\\/#\\\/schema\\\/logo\\\/image\\\/\",\"url\":\"https:\\\/\\\/therefore.net\\\/wp\\\/..\\\/app\\\/uploads\\\/2022\\\/04\\\/logo.png\",\"contentUrl\":\"https:\\\/\\\/therefore.net\\\/wp\\\/..\\\/app\\\/uploads\\\/2022\\\/04\\\/logo.png\",\"width\":176,\"height\":48,\"caption\":\"Therefore\"},\"image\":{\"@id\":\"https:\\\/\\\/therefore.net\\\/de\\\/#\\\/schema\\\/logo\\\/image\\\/\"},\"sameAs\":[\"https:\\\/\\\/www.linkedin.com\\\/company\\\/therefore-corporation\\\/\",\"https:\\\/\\\/www.youtube.com\\\/user\\\/ThereforeTV\"]}]}<\/script>\n<!-- \/ Yoast SEO plugin. -->","yoast_head_json":{"title":"Produktlebenszyklus","description":"Produktlebenszyklus - Therefore hat es sich zur Aufgabe gemacht, Ihnen aktuelle und stabile Software, regelm\u00e4\u00dfig neue Funktionen und hervorragenden Support zu bieten.","robots":{"index":"index","follow":"follow","max-snippet":"max-snippet:-1","max-image-preview":"max-image-preview:large","max-video-preview":"max-video-preview:-1"},"canonical":"https:\/\/therefore.net\/de\/lebenszyklus\/","schema":{"@context":"https:\/\/schema.org","@graph":[{"@type":"WebPage","@id":"https:\/\/therefore.net\/de\/lebenszyklus\/","url":"https:\/\/therefore.net\/de\/lebenszyklus\/","name":"Produktlebenszyklus","isPartOf":{"@id":"https:\/\/therefore.net\/de\/#website"},"datePublished":"2022-08-01T20:56:31+00:00","dateModified":"2023-06-07T02:56:54+00:00","description":"Produktlebenszyklus - Therefore hat es sich zur Aufgabe gemacht, Ihnen aktuelle und stabile Software, regelm\u00e4\u00dfig neue Funktionen und hervorragenden Support zu bieten.","breadcrumb":{"@id":"https:\/\/therefore.net\/de\/lebenszyklus\/#breadcrumb"},"inLanguage":"de-DE","potentialAction":[{"@type":"ReadAction","target":["https:\/\/therefore.net\/de\/lebenszyklus\/"]}]},{"@type":"BreadcrumbList","@id":"https:\/\/therefore.net\/de\/lebenszyklus\/#breadcrumb","itemListElement":[{"@type":"ListItem","position":1,"name":"Home","item":"https:\/\/therefore.net\/de\/"},{"@type":"ListItem","position":2,"name":"Lebenszyklus"}]},{"@type":"WebSite","@id":"https:\/\/therefore.net\/de\/#website","url":"https:\/\/therefore.net\/de\/","name":"Therefore","description":"","publisher":{"@id":"https:\/\/therefore.net\/de\/#organization"},"potentialAction":[{"@type":"SearchAction","target":{"@type":"EntryPoint","urlTemplate":"https:\/\/therefore.net\/de\/?s={search_term_string}"},"query-input":{"@type":"PropertyValueSpecification","valueRequired":true,"valueName":"search_term_string"}}],"inLanguage":"de-DE"},{"@type":"Organization","@id":"https:\/\/therefore.net\/de\/#organization","name":"Therefore","url":"https:\/\/therefore.net\/de\/","logo":{"@type":"ImageObject","inLanguage":"de-DE","@id":"https:\/\/therefore.net\/de\/#\/schema\/logo\/image\/","url":"https:\/\/therefore.net\/wp\/..\/app\/uploads\/2022\/04\/logo.png","contentUrl":"https:\/\/therefore.net\/wp\/..\/app\/uploads\/2022\/04\/logo.png","width":176,"height":48,"caption":"Therefore"},"image":{"@id":"https:\/\/therefore.net\/de\/#\/schema\/logo\/image\/"},"sameAs":["https:\/\/www.linkedin.com\/company\/therefore-corporation\/","https:\/\/www.youtube.com\/user\/ThereforeTV"]}]}},"_links":{"self":[{"href":"https:\/\/therefore.net\/de\/wp-json\/wp\/v2\/pages\/5184","targetHints":{"allow":["GET"]}}],"collection":[{"href":"https:\/\/therefore.net\/de\/wp-json\/wp\/v2\/pages"}],"about":[{"href":"https:\/\/therefore.net\/de\/wp-json\/wp\/v2\/types\/page"}],"author":[{"embeddable":true,"href":"https:\/\/therefore.net\/de\/wp-json\/wp\/v2\/users\/5"}],"replies":[{"embeddable":true,"href":"https:\/\/therefore.net\/de\/wp-json\/wp\/v2\/comments?post=5184"}],"version-history":[{"count":1,"href":"https:\/\/therefore.net\/de\/wp-json\/wp\/v2\/pages\/5184\/revisions"}],"predecessor-version":[{"id":5185,"href":"https:\/\/therefore.net\/de\/wp-json\/wp\/v2\/pages\/5184\/revisions\/5185"}],"wp:attachment":[{"href":"https:\/\/therefore.net\/de\/wp-json\/wp\/v2\/media?parent=5184"}],"curies":[{"name":"wp","href":"https:\/\/api.w.org\/{rel}","templated":true}]}}