{"id":5237,"date":"2022-08-03T23:04:47","date_gmt":"2022-08-03T21:04:47","guid":{"rendered":"https:\/\/therefore.net\/neueste-online-version\/"},"modified":"2023-06-08T02:43:52","modified_gmt":"2023-06-08T00:43:52","slug":"neueste-online-version","status":"publish","type":"page","link":"https:\/\/therefore.net\/de\/neueste-online-version\/","title":{"rendered":"Neueste Online-Version"},"content":{"rendered":"<div class=\"custom-block simple-paragraph\">\n    <div class=\"container\">\n        <div class=\"blog-post__content blog-post__content--wide\">\n            <div class=\"wpb_text_column wpb_content_element margin_bottom_35\">\n<div class=\"wpb_wrapper\">\n<h1>Therefore\u2122 Online &#8211; Der schnellste Weg zu neuen Funktionen!<\/h1>\n<\/div>\n<\/div>\n<div class=\"wpb_text_column wpb_content_element vc_custom_1544809402324\">\n<div class=\"wpb_wrapper\">\n<p>Therefore\u2122 Online-Kunden sind die ersten, die neue Funktionen und Updates f\u00fcr ihr Therefore\u2122-System erhalten. Es werden regelm\u00e4\u00dfig Updates ver\u00f6ffentlicht, die neue Funktionen und n\u00fctzliche Verbesserungen bringen, die Ihr Therefore\u2122-Erlebnis noch besser machen.<\/p>\n<p>&nbsp;<\/p>\n<\/div>\n<\/div>\n<div class=\"wpb_text_column wpb_content_element margin_bottom_35\">\n<div class=\"wpb_wrapper\">\n<h3>Therefore\u2122 Online-Nutzer k\u00f6nnen sich auf folgende regelm\u00e4\u00dfige Updates freuen:<\/h3>\n<\/div>\n<\/div>\n<div class=\"wpb_text_column wpb_content_element vc_custom_1544809891658\">\n<div class=\"wpb_wrapper\">\n<ul>\n<li>NNeue Funktionen, die auf Ihrem Input aus unserem <a href=\"https:\/\/therefore.ideas.aha.io\/\" target=\"_blank\" rel=\"noopener noreferrer\">IDEAS Portal<\/a> basieren.<\/li>\n<li>N\u00fctzliche Erg\u00e4nzungen, die bestehende Funktionen noch leistungsf\u00e4higer machen<\/li>\n<li>Verbesserungen der Benutzerfreundlichkeit und der UI<\/li>\n<\/ul>\n<p>&nbsp;<\/p>\n<p>Als Therefore\u2122 Online-Nutzer erhalten Sie all diese Verbesserungen, sobald sie verf\u00fcgbar sind. Sie m\u00fcssen nicht auf die n\u00e4chste Produktversion warten!<\/p>\n<\/div>\n<\/div>\n\n        <\/div>\n\n            <\/div>\n<\/div>\n\n\n<section class=\"custom-block video-img-section  \">\n    <div class=\"container video-img-section__container\">\n\n        <div class=\"video-img-section__row\">\n            <div class=\"video-img-section__media video-img-section__media\">\n                                <div class=\"video-img-section__media__item video-img-section__media__item--video\">\n                                            <video src=\"https:\/\/therefore.net\/wp\/..\/app\/uploads\/2022\/08\/Therefore-Online-Latest-and-Greatest.mp4\" name=\"therefore-online-latest-and-greatest-2\" controls><\/video>\n                                    <\/div>\n                            <\/div>\n\n            <div class=\"video-img-section__content\">\n                                                        <h2 class=\"video-img-section__title\">Therefore\u2122 Online &#8211; Das Neueste und Beste<\/h2>\n                \n                                    <div class=\"video-img-section__text\"><p>Entdecken Sie die Vorteile von Therefore\u2122 Online!<\/p>\n<\/div>\n                            <\/div>\n        <\/div>\n\n\n    <\/div>\n\n<\/section>\n","protected":false},"excerpt":{"rendered":"","protected":false},"author":5,"featured_media":0,"parent":0,"menu_order":0,"comment_status":"closed","ping_status":"closed","template":"","meta":{"_acf_changed":false,"inline_featured_image":false,"footnotes":""},"class_list":["post-5237","page","type-page","status-publish","hentry"],"acf":[],"yoast_head":"<!-- This site is optimized with the Yoast SEO plugin v27.4 - https:\/\/yoast.com\/product\/yoast-seo-wordpress\/ -->\n<title>Neueste Online-Version von Therefore\u2122<\/title>\n<meta name=\"description\" content=\"Neueste Online-Version von Therefore\u2122 - Therefore\u2122 Online-Kunden erhalten als erste neue Funktionen und Updates f\u00fcr ihr Therefore\u2122-System.\" \/>\n<meta name=\"robots\" content=\"index, follow, max-snippet:-1, max-image-preview:large, max-video-preview:-1\" \/>\n<link rel=\"canonical\" href=\"https:\/\/therefore.net\/de\/neueste-online-version\/\" \/>\n<script type=\"application\/ld+json\" class=\"yoast-schema-graph\">{\"@context\":\"https:\\\/\\\/schema.org\",\"@graph\":[{\"@type\":\"WebPage\",\"@id\":\"https:\\\/\\\/therefore.net\\\/de\\\/neueste-online-version\\\/\",\"url\":\"https:\\\/\\\/therefore.net\\\/de\\\/neueste-online-version\\\/\",\"name\":\"Neueste Online-Version von Therefore\u2122\",\"isPartOf\":{\"@id\":\"https:\\\/\\\/therefore.net\\\/de\\\/#website\"},\"datePublished\":\"2022-08-03T21:04:47+00:00\",\"dateModified\":\"2023-06-08T00:43:52+00:00\",\"description\":\"Neueste Online-Version von Therefore\u2122 - Therefore\u2122 Online-Kunden erhalten als erste neue Funktionen und Updates f\u00fcr ihr Therefore\u2122-System.\",\"breadcrumb\":{\"@id\":\"https:\\\/\\\/therefore.net\\\/de\\\/neueste-online-version\\\/#breadcrumb\"},\"inLanguage\":\"de-DE\",\"potentialAction\":[{\"@type\":\"ReadAction\",\"target\":[\"https:\\\/\\\/therefore.net\\\/de\\\/neueste-online-version\\\/\"]}]},{\"@type\":\"BreadcrumbList\",\"@id\":\"https:\\\/\\\/therefore.net\\\/de\\\/neueste-online-version\\\/#breadcrumb\",\"itemListElement\":[{\"@type\":\"ListItem\",\"position\":1,\"name\":\"Home\",\"item\":\"https:\\\/\\\/therefore.net\\\/de\\\/\"},{\"@type\":\"ListItem\",\"position\":2,\"name\":\"Neueste Online-Version\"}]},{\"@type\":\"WebSite\",\"@id\":\"https:\\\/\\\/therefore.net\\\/de\\\/#website\",\"url\":\"https:\\\/\\\/therefore.net\\\/de\\\/\",\"name\":\"Therefore\",\"description\":\"\",\"publisher\":{\"@id\":\"https:\\\/\\\/therefore.net\\\/de\\\/#organization\"},\"potentialAction\":[{\"@type\":\"SearchAction\",\"target\":{\"@type\":\"EntryPoint\",\"urlTemplate\":\"https:\\\/\\\/therefore.net\\\/de\\\/?s={search_term_string}\"},\"query-input\":{\"@type\":\"PropertyValueSpecification\",\"valueRequired\":true,\"valueName\":\"search_term_string\"}}],\"inLanguage\":\"de-DE\"},{\"@type\":\"Organization\",\"@id\":\"https:\\\/\\\/therefore.net\\\/de\\\/#organization\",\"name\":\"Therefore\",\"url\":\"https:\\\/\\\/therefore.net\\\/de\\\/\",\"logo\":{\"@type\":\"ImageObject\",\"inLanguage\":\"de-DE\",\"@id\":\"https:\\\/\\\/therefore.net\\\/de\\\/#\\\/schema\\\/logo\\\/image\\\/\",\"url\":\"https:\\\/\\\/therefore.net\\\/wp\\\/..\\\/app\\\/uploads\\\/2022\\\/04\\\/logo.png\",\"contentUrl\":\"https:\\\/\\\/therefore.net\\\/wp\\\/..\\\/app\\\/uploads\\\/2022\\\/04\\\/logo.png\",\"width\":176,\"height\":48,\"caption\":\"Therefore\"},\"image\":{\"@id\":\"https:\\\/\\\/therefore.net\\\/de\\\/#\\\/schema\\\/logo\\\/image\\\/\"},\"sameAs\":[\"https:\\\/\\\/www.linkedin.com\\\/company\\\/therefore-corporation\\\/\",\"https:\\\/\\\/www.youtube.com\\\/user\\\/ThereforeTV\"]}]}<\/script>\n<!-- \/ Yoast SEO plugin. -->","yoast_head_json":{"title":"Neueste Online-Version von Therefore\u2122","description":"Neueste Online-Version von Therefore\u2122 - Therefore\u2122 Online-Kunden erhalten als erste neue Funktionen und Updates f\u00fcr ihr Therefore\u2122-System.","robots":{"index":"index","follow":"follow","max-snippet":"max-snippet:-1","max-image-preview":"max-image-preview:large","max-video-preview":"max-video-preview:-1"},"canonical":"https:\/\/therefore.net\/de\/neueste-online-version\/","schema":{"@context":"https:\/\/schema.org","@graph":[{"@type":"WebPage","@id":"https:\/\/therefore.net\/de\/neueste-online-version\/","url":"https:\/\/therefore.net\/de\/neueste-online-version\/","name":"Neueste Online-Version von Therefore\u2122","isPartOf":{"@id":"https:\/\/therefore.net\/de\/#website"},"datePublished":"2022-08-03T21:04:47+00:00","dateModified":"2023-06-08T00:43:52+00:00","description":"Neueste Online-Version von Therefore\u2122 - Therefore\u2122 Online-Kunden erhalten als erste neue Funktionen und Updates f\u00fcr ihr Therefore\u2122-System.","breadcrumb":{"@id":"https:\/\/therefore.net\/de\/neueste-online-version\/#breadcrumb"},"inLanguage":"de-DE","potentialAction":[{"@type":"ReadAction","target":["https:\/\/therefore.net\/de\/neueste-online-version\/"]}]},{"@type":"BreadcrumbList","@id":"https:\/\/therefore.net\/de\/neueste-online-version\/#breadcrumb","itemListElement":[{"@type":"ListItem","position":1,"name":"Home","item":"https:\/\/therefore.net\/de\/"},{"@type":"ListItem","position":2,"name":"Neueste Online-Version"}]},{"@type":"WebSite","@id":"https:\/\/therefore.net\/de\/#website","url":"https:\/\/therefore.net\/de\/","name":"Therefore","description":"","publisher":{"@id":"https:\/\/therefore.net\/de\/#organization"},"potentialAction":[{"@type":"SearchAction","target":{"@type":"EntryPoint","urlTemplate":"https:\/\/therefore.net\/de\/?s={search_term_string}"},"query-input":{"@type":"PropertyValueSpecification","valueRequired":true,"valueName":"search_term_string"}}],"inLanguage":"de-DE"},{"@type":"Organization","@id":"https:\/\/therefore.net\/de\/#organization","name":"Therefore","url":"https:\/\/therefore.net\/de\/","logo":{"@type":"ImageObject","inLanguage":"de-DE","@id":"https:\/\/therefore.net\/de\/#\/schema\/logo\/image\/","url":"https:\/\/therefore.net\/wp\/..\/app\/uploads\/2022\/04\/logo.png","contentUrl":"https:\/\/therefore.net\/wp\/..\/app\/uploads\/2022\/04\/logo.png","width":176,"height":48,"caption":"Therefore"},"image":{"@id":"https:\/\/therefore.net\/de\/#\/schema\/logo\/image\/"},"sameAs":["https:\/\/www.linkedin.com\/company\/therefore-corporation\/","https:\/\/www.youtube.com\/user\/ThereforeTV"]}]}},"_links":{"self":[{"href":"https:\/\/therefore.net\/de\/wp-json\/wp\/v2\/pages\/5237","targetHints":{"allow":["GET"]}}],"collection":[{"href":"https:\/\/therefore.net\/de\/wp-json\/wp\/v2\/pages"}],"about":[{"href":"https:\/\/therefore.net\/de\/wp-json\/wp\/v2\/types\/page"}],"author":[{"embeddable":true,"href":"https:\/\/therefore.net\/de\/wp-json\/wp\/v2\/users\/5"}],"replies":[{"embeddable":true,"href":"https:\/\/therefore.net\/de\/wp-json\/wp\/v2\/comments?post=5237"}],"version-history":[{"count":1,"href":"https:\/\/therefore.net\/de\/wp-json\/wp\/v2\/pages\/5237\/revisions"}],"predecessor-version":[{"id":5238,"href":"https:\/\/therefore.net\/de\/wp-json\/wp\/v2\/pages\/5237\/revisions\/5238"}],"wp:attachment":[{"href":"https:\/\/therefore.net\/de\/wp-json\/wp\/v2\/media?parent=5237"}],"curies":[{"name":"wp","href":"https:\/\/api.w.org\/{rel}","templated":true}]}}