{"id":5243,"date":"2022-08-03T22:12:36","date_gmt":"2022-08-03T20:12:36","guid":{"rendered":"https:\/\/therefore.net\/auszeichnungen-zertifizierungen\/bli-pick-award\/"},"modified":"2023-06-08T03:11:05","modified_gmt":"2023-06-08T01:11:05","slug":"bli-pick-award","status":"publish","type":"page","link":"https:\/\/therefore.net\/de\/auszeichnungen-zertifizierungen\/bli-pick-award\/","title":{"rendered":"BLI Pick Award"},"content":{"rendered":"\n<section class=\"custom-block video-img-section video-img-section--shape \">\n    <div class=\"container video-img-section__container\">\n\n        <div class=\"video-img-section__row\">\n            <div class=\"video-img-section__media video-img-section__media\">\n                                <div class=\"video-img-section__media__item video-img-section__media__item--image\">\n                                            <img decoding=\"async\" width=\"920\" height=\"488\" src=\"https:\/\/therefore.net\/wp\/..\/app\/uploads\/2022\/07\/about-opt.jpg\" class=\"attachment-full size-full\" alt=\"Zwei Personen sitzen an einem gro\u00dfen Tisch, der mit Stoffmustern, Skizzen und Papieren bedeckt ist, und arbeiten in einem modernen B\u00fcro mit gro\u00dfen Fenstern gemeinsam an einem Laptop.\" srcset=\"https:\/\/therefore.net\/wp\/..\/app\/uploads\/2022\/07\/about-opt.jpg 920w, https:\/\/therefore.net\/wp\/..\/app\/uploads\/2022\/07\/about-opt-300x159.jpg 300w, https:\/\/therefore.net\/wp\/..\/app\/uploads\/2022\/07\/about-opt-768x407.jpg 768w\" sizes=\"(max-width: 920px) 100vw, 920px\" \/>\n                                    <\/div>\n                            <\/div>\n\n            <div class=\"video-img-section__content\">\n                                                        <h2 class=\"video-img-section__title\">Therefore\u2122 ist der Gewinner zahlreicher BLI Pick Awards.<\/h2>\n                \n                            <\/div>\n        <\/div>\n\n\n    <\/div>\n\n<\/section>\n\n\n<div class=\"custom-block simple-paragraph\">\n    <div class=\"container\">\n        <div class=\"blog-post__content blog-post__content--wide\">\n            <div class=\"wpb_text_column wpb_content_element margin_bottom_35\">\n<div class=\"wpb_wrapper\">\n<h1><strong>\u00dcber die BLI Pick Awards<\/strong><\/h1>\n<p>&nbsp;<\/p>\n<\/div>\n<\/div>\n<div class=\"wpb_text_column wpb_content_element vc_custom_1520324586771\">\n<div class=\"wpb_wrapper\">\n<p><strong>Mit den j\u00e4hrlich verliehenen Pick Awards f\u00fcr Dokumenten-Imaging-L\u00f6sungen zeichnet BLI die Softwareprodukte aus, die bei den einzigartigen BLI-Bewertungen am besten abgeschnitten haben.<\/strong><\/p>\n<\/div>\n<\/div>\n<div class=\"wpb_text_column wpb_content_element vc_custom_1520324702570\">\n<div class=\"wpb_wrapper\">\n<p>Die zum Test eingereichten Softwareprodukte werden einer eingehenden praktischen Pr\u00fcfung unterzogen, die sich auf die wichtigsten Attribute f\u00fcr den Zielmarkt einer L\u00f6sung konzentriert und vergleicht, wie gut das Produkt im Vergleich zu f\u00fchrenden Wettbewerbern abschneidet. Die Pick-Gewinner heben sich in Schl\u00fcsselbereichen wie Funktionsumfang, Benutzerfreundlichkeit, einfache Verwaltung, Softwareintegration und Wert von der Konkurrenz ab. Folglich ist ein BLI Pick eine hart verdiente Auszeichnung, auf die sich Eink\u00e4ufer und IT-Leiter verlassen k\u00f6nnen, um sich bei ihren Kaufentscheidungen besser orientieren zu k\u00f6nnen.<\/p>\n<\/div>\n<\/div>\n\n        <\/div>\n\n            <\/div>\n<\/div>\n\n\n\n<div class=\"custom-block simple-paragraph\">\n    <div class=\"container\">\n        <div class=\"blog-post__content blog-post__content--wide\">\n            <p><img decoding=\"async\" class=\"alignnone size-large wp-image-1122 aligncenter\" src=\"https:\/\/therefore.net\/app\/uploads\/2022\/08\/Seal-Canon-Therefore-2016-EAPICK-SEAL-W17-International-791x1024.jpg\" alt=\"\" width=\"791\" height=\"1024\" srcset=\"https:\/\/therefore.net\/wp\/..\/app\/uploads\/2022\/08\/Seal-Canon-Therefore-2016-EAPICK-SEAL-W17-International-791x1024.jpg 791w, https:\/\/therefore.net\/wp\/..\/app\/uploads\/2022\/08\/Seal-Canon-Therefore-2016-EAPICK-SEAL-W17-International-232x300.jpg 232w, https:\/\/therefore.net\/wp\/..\/app\/uploads\/2022\/08\/Seal-Canon-Therefore-2016-EAPICK-SEAL-W17-International-768x995.jpg 768w, https:\/\/therefore.net\/wp\/..\/app\/uploads\/2022\/08\/Seal-Canon-Therefore-2016-EAPICK-SEAL-W17-International-1186x1536.jpg 1186w, https:\/\/therefore.net\/wp\/..\/app\/uploads\/2022\/08\/Seal-Canon-Therefore-2016-EAPICK-SEAL-W17-International.jpg 1277w\" sizes=\"(max-width: 791px) 100vw, 791px\" \/><\/p>\n\n        <\/div>\n\n            <\/div>\n<\/div>\n\n\n\n<div class=\"custom-block simple-paragraph\">\n    <div class=\"container\">\n        <div class=\"blog-post__content blog-post__content--wide\">\n            <div class=\"wpb_text_column wpb_content_element \">\n<div class=\"wpb_wrapper\">\n<h1><strong>Therefore\u2122 wurde mit einem angesehenen Pick-Award als &#8220;Outstanding Information Management Platform&#8221; ausgezeichnet.<\/strong><\/h1>\n<p>&nbsp;<\/p>\n<\/div>\n<\/div>\n<div class=\"wpb_text_column wpb_content_element vc_custom_1520325788967\">\n<div class=\"wpb_wrapper\">\n<p>Die Analysten von BLI haben Therefore\u2122 diese Auszeichnung f\u00fcr folgende Leistungen verliehen:<\/p>\n<p>&nbsp;<\/p>\n<ul>\n<li>Leistungsstarke Automatisierung von Gesch\u00e4ftsprozessen<\/li>\n<li>Praktische eSignatur-Unterst\u00fctzung durch eine Integration mit DocuSign<\/li>\n<li>Business Intelligence-Engine und Integration mit Microsoft Power BI<\/li>\n<li>Zeitsparende Dokumentenmanagement-Funktionen, wie z. B. automatische Indizierung und eine Vielzahl von Suchfunktionen<\/li>\n<li>Zuverl\u00e4ssige Sicherheitsfunktionen, um Informationen zu sch\u00fctzen und die Einhaltung von Vorschriften zu gew\u00e4hrleisten<\/li>\n<li>On-premises und gehostete Cloud-Angebote f\u00fcr jede Unternehmensgr\u00f6\u00dfe<\/li>\n<\/ul>\n<\/div>\n<\/div>\n\n        <\/div>\n\n            <\/div>\n<\/div>\n\n\n\n\n<div style=\"height:100px\" aria-hidden=\"true\" class=\"wp-block-spacer\"><\/div>\n\n\n\n<h1 class=\"wp-block-heading has-text-align-center\">Mehr erfahren<\/h1>\n\n\n<div class=\"custom-block simple-paragraph\">\n    <div class=\"container\">\n        <div class=\"blog-post__content blog-post__content--wide\">\n            <div class=\"wpb_text_column wpb_content_element vc_custom_1520328038093\">\n<div class=\"wpb_wrapper\">\n<h2><strong>Wussten Sie schon? Therefore\u2122 hat 5 BLI Pick Awards gewonnen<\/strong><\/h2>\n<p>&nbsp;<\/p>\n<\/div>\n<\/div>\n<div class=\"wpb_text_column wpb_content_element vc_custom_1594842697486\">\n<div class=\"wpb_wrapper\">\n<p>Therefore\u2122 wurde von den Analysten von Buyers Lab mit 5 Auszeichnungen geehrt:<\/p>\n<p>&nbsp;<\/p>\n<ul>\n<li>Winter 2020 Pick f\u00fcr \u201cOutstanding Information Governance Solution\u201d<\/li>\n<li>Winter 2019 Pick f\u00fcr \u201cOutstanding Information Governance Solution\u201d<\/li>\n<li>Winter 2018 Pick f\u00fcr \u201cOutstanding SMB Information Management &amp; Workflow Solution\u201d<\/li>\n<li>Winter 2017 Pick f\u00fcr \u201cOutstanding Information Management Platform\u201d<\/li>\n<li>Summer 2015 Pick f\u00fcr \u201cOutstanding ECM Platform\u201d<\/li>\n<\/ul>\n<\/div>\n<p>&nbsp;<\/p>\n<\/div>\n\n        <\/div>\n\n            <\/div>\n<\/div>\n\n","protected":false},"excerpt":{"rendered":"<p>Mehr erfahren<\/p>\n","protected":false},"author":5,"featured_media":0,"parent":3492,"menu_order":0,"comment_status":"closed","ping_status":"closed","template":"","meta":{"_acf_changed":false,"inline_featured_image":false,"footnotes":""},"class_list":["post-5243","page","type-page","status-publish","hentry"],"acf":[],"yoast_head":"<!-- This site is optimized with the Yoast SEO plugin v27.3 - https:\/\/yoast.com\/product\/yoast-seo-wordpress\/ -->\n<title>BLI Pick Award - Therefore<\/title>\n<meta name=\"description\" content=\"Therefore\u2122 ist der Gewinner zahlreicher BLI Pick Awards.\" \/>\n<meta name=\"robots\" content=\"index, follow, max-snippet:-1, max-image-preview:large, max-video-preview:-1\" \/>\n<link rel=\"canonical\" href=\"https:\/\/therefore.net\/de\/auszeichnungen-zertifizierungen\/bli-pick-award\/\" \/>\n<script type=\"application\/ld+json\" class=\"yoast-schema-graph\">{\"@context\":\"https:\\\/\\\/schema.org\",\"@graph\":[{\"@type\":\"WebPage\",\"@id\":\"https:\\\/\\\/therefore.net\\\/de\\\/auszeichnungen-zertifizierungen\\\/bli-pick-award\\\/\",\"url\":\"https:\\\/\\\/therefore.net\\\/de\\\/auszeichnungen-zertifizierungen\\\/bli-pick-award\\\/\",\"name\":\"BLI Pick Award - Therefore\",\"isPartOf\":{\"@id\":\"https:\\\/\\\/therefore.net\\\/de\\\/#website\"},\"datePublished\":\"2022-08-03T20:12:36+00:00\",\"dateModified\":\"2023-06-08T01:11:05+00:00\",\"description\":\"Therefore\u2122 ist der Gewinner zahlreicher BLI Pick Awards.\",\"breadcrumb\":{\"@id\":\"https:\\\/\\\/therefore.net\\\/de\\\/auszeichnungen-zertifizierungen\\\/bli-pick-award\\\/#breadcrumb\"},\"inLanguage\":\"de-DE\",\"potentialAction\":[{\"@type\":\"ReadAction\",\"target\":[\"https:\\\/\\\/therefore.net\\\/de\\\/auszeichnungen-zertifizierungen\\\/bli-pick-award\\\/\"]}]},{\"@type\":\"BreadcrumbList\",\"@id\":\"https:\\\/\\\/therefore.net\\\/de\\\/auszeichnungen-zertifizierungen\\\/bli-pick-award\\\/#breadcrumb\",\"itemListElement\":[{\"@type\":\"ListItem\",\"position\":1,\"name\":\"Home\",\"item\":\"https:\\\/\\\/therefore.net\\\/de\\\/\"},{\"@type\":\"ListItem\",\"position\":2,\"name\":\"Auszeichnungen\\\/Zertifizierungen\",\"item\":\"https:\\\/\\\/therefore.net\\\/de\\\/auszeichnungen-zertifizierungen\\\/\"},{\"@type\":\"ListItem\",\"position\":3,\"name\":\"BLI Pick Award\"}]},{\"@type\":\"WebSite\",\"@id\":\"https:\\\/\\\/therefore.net\\\/de\\\/#website\",\"url\":\"https:\\\/\\\/therefore.net\\\/de\\\/\",\"name\":\"Therefore\",\"description\":\"\",\"publisher\":{\"@id\":\"https:\\\/\\\/therefore.net\\\/de\\\/#organization\"},\"potentialAction\":[{\"@type\":\"SearchAction\",\"target\":{\"@type\":\"EntryPoint\",\"urlTemplate\":\"https:\\\/\\\/therefore.net\\\/de\\\/?s={search_term_string}\"},\"query-input\":{\"@type\":\"PropertyValueSpecification\",\"valueRequired\":true,\"valueName\":\"search_term_string\"}}],\"inLanguage\":\"de-DE\"},{\"@type\":\"Organization\",\"@id\":\"https:\\\/\\\/therefore.net\\\/de\\\/#organization\",\"name\":\"Therefore\",\"url\":\"https:\\\/\\\/therefore.net\\\/de\\\/\",\"logo\":{\"@type\":\"ImageObject\",\"inLanguage\":\"de-DE\",\"@id\":\"https:\\\/\\\/therefore.net\\\/de\\\/#\\\/schema\\\/logo\\\/image\\\/\",\"url\":\"https:\\\/\\\/therefore.net\\\/wp\\\/..\\\/app\\\/uploads\\\/2022\\\/04\\\/logo.png\",\"contentUrl\":\"https:\\\/\\\/therefore.net\\\/wp\\\/..\\\/app\\\/uploads\\\/2022\\\/04\\\/logo.png\",\"width\":176,\"height\":48,\"caption\":\"Therefore\"},\"image\":{\"@id\":\"https:\\\/\\\/therefore.net\\\/de\\\/#\\\/schema\\\/logo\\\/image\\\/\"},\"sameAs\":[\"https:\\\/\\\/www.linkedin.com\\\/company\\\/therefore-corporation\\\/\",\"https:\\\/\\\/www.youtube.com\\\/user\\\/ThereforeTV\"]}]}<\/script>\n<!-- \/ Yoast SEO plugin. -->","yoast_head_json":{"title":"BLI Pick Award - Therefore","description":"Therefore\u2122 ist der Gewinner zahlreicher BLI Pick Awards.","robots":{"index":"index","follow":"follow","max-snippet":"max-snippet:-1","max-image-preview":"max-image-preview:large","max-video-preview":"max-video-preview:-1"},"canonical":"https:\/\/therefore.net\/de\/auszeichnungen-zertifizierungen\/bli-pick-award\/","schema":{"@context":"https:\/\/schema.org","@graph":[{"@type":"WebPage","@id":"https:\/\/therefore.net\/de\/auszeichnungen-zertifizierungen\/bli-pick-award\/","url":"https:\/\/therefore.net\/de\/auszeichnungen-zertifizierungen\/bli-pick-award\/","name":"BLI Pick Award - Therefore","isPartOf":{"@id":"https:\/\/therefore.net\/de\/#website"},"datePublished":"2022-08-03T20:12:36+00:00","dateModified":"2023-06-08T01:11:05+00:00","description":"Therefore\u2122 ist der Gewinner zahlreicher BLI Pick Awards.","breadcrumb":{"@id":"https:\/\/therefore.net\/de\/auszeichnungen-zertifizierungen\/bli-pick-award\/#breadcrumb"},"inLanguage":"de-DE","potentialAction":[{"@type":"ReadAction","target":["https:\/\/therefore.net\/de\/auszeichnungen-zertifizierungen\/bli-pick-award\/"]}]},{"@type":"BreadcrumbList","@id":"https:\/\/therefore.net\/de\/auszeichnungen-zertifizierungen\/bli-pick-award\/#breadcrumb","itemListElement":[{"@type":"ListItem","position":1,"name":"Home","item":"https:\/\/therefore.net\/de\/"},{"@type":"ListItem","position":2,"name":"Auszeichnungen\/Zertifizierungen","item":"https:\/\/therefore.net\/de\/auszeichnungen-zertifizierungen\/"},{"@type":"ListItem","position":3,"name":"BLI Pick Award"}]},{"@type":"WebSite","@id":"https:\/\/therefore.net\/de\/#website","url":"https:\/\/therefore.net\/de\/","name":"Therefore","description":"","publisher":{"@id":"https:\/\/therefore.net\/de\/#organization"},"potentialAction":[{"@type":"SearchAction","target":{"@type":"EntryPoint","urlTemplate":"https:\/\/therefore.net\/de\/?s={search_term_string}"},"query-input":{"@type":"PropertyValueSpecification","valueRequired":true,"valueName":"search_term_string"}}],"inLanguage":"de-DE"},{"@type":"Organization","@id":"https:\/\/therefore.net\/de\/#organization","name":"Therefore","url":"https:\/\/therefore.net\/de\/","logo":{"@type":"ImageObject","inLanguage":"de-DE","@id":"https:\/\/therefore.net\/de\/#\/schema\/logo\/image\/","url":"https:\/\/therefore.net\/wp\/..\/app\/uploads\/2022\/04\/logo.png","contentUrl":"https:\/\/therefore.net\/wp\/..\/app\/uploads\/2022\/04\/logo.png","width":176,"height":48,"caption":"Therefore"},"image":{"@id":"https:\/\/therefore.net\/de\/#\/schema\/logo\/image\/"},"sameAs":["https:\/\/www.linkedin.com\/company\/therefore-corporation\/","https:\/\/www.youtube.com\/user\/ThereforeTV"]}]}},"_links":{"self":[{"href":"https:\/\/therefore.net\/de\/wp-json\/wp\/v2\/pages\/5243","targetHints":{"allow":["GET"]}}],"collection":[{"href":"https:\/\/therefore.net\/de\/wp-json\/wp\/v2\/pages"}],"about":[{"href":"https:\/\/therefore.net\/de\/wp-json\/wp\/v2\/types\/page"}],"author":[{"embeddable":true,"href":"https:\/\/therefore.net\/de\/wp-json\/wp\/v2\/users\/5"}],"replies":[{"embeddable":true,"href":"https:\/\/therefore.net\/de\/wp-json\/wp\/v2\/comments?post=5243"}],"version-history":[{"count":5,"href":"https:\/\/therefore.net\/de\/wp-json\/wp\/v2\/pages\/5243\/revisions"}],"predecessor-version":[{"id":5250,"href":"https:\/\/therefore.net\/de\/wp-json\/wp\/v2\/pages\/5243\/revisions\/5250"}],"up":[{"embeddable":true,"href":"https:\/\/therefore.net\/de\/wp-json\/wp\/v2\/pages\/3492"}],"wp:attachment":[{"href":"https:\/\/therefore.net\/de\/wp-json\/wp\/v2\/media?parent=5243"}],"curies":[{"name":"wp","href":"https:\/\/api.w.org\/{rel}","templated":true}]}}