{"id":5251,"date":"2022-08-03T22:06:29","date_gmt":"2022-08-03T20:06:29","guid":{"rendered":"https:\/\/therefore.net\/auszeichnungen-zertifizierungen\/zertifizierter-nav-connector\/"},"modified":"2023-06-08T03:14:46","modified_gmt":"2023-06-08T01:14:46","slug":"zertifizierter-nav-connector","status":"publish","type":"page","link":"https:\/\/therefore.net\/de\/auszeichnungen-zertifizierungen\/zertifizierter-nav-connector\/","title":{"rendered":"Zertifizierter NAV Connector"},"content":{"rendered":"\n<section class=\"custom-block video-img-section video-img-section--shape \">\n    <div class=\"container video-img-section__container\">\n\n        <div class=\"video-img-section__row\">\n            <div class=\"video-img-section__media video-img-section__media\">\n                                <div class=\"video-img-section__media__item video-img-section__media__item--image\">\n                                            <img decoding=\"async\" width=\"515\" height=\"560\" src=\"https:\/\/therefore.net\/wp\/..\/app\/uploads\/2022\/04\/contact-us.png\" class=\"attachment-full size-full\" alt=\"Eine Gruppe von Menschen, die bunte Pullover tragen, legen ihre H\u00e4nde in einer Geste der Einigkeit, der Teamarbeit und der Unterst\u00fctzung zusammen.\" srcset=\"https:\/\/therefore.net\/wp\/..\/app\/uploads\/2022\/04\/contact-us.png 515w, https:\/\/therefore.net\/wp\/..\/app\/uploads\/2022\/04\/contact-us-276x300.png 276w\" sizes=\"(max-width: 515px) 100vw, 515px\" \/>\n                                    <\/div>\n                            <\/div>\n\n            <div class=\"video-img-section__content\">\n                                                        <h2 class=\"video-img-section__title\">Zertifizierter Therefore\u2122 Connector f\u00fcr Dynamics NAV<\/h2>\n                \n                            <\/div>\n        <\/div>\n\n\n    <\/div>\n\n<\/section>\n<div class=\"custom-block simple-paragraph\">\n    <div class=\"container\">\n        <div class=\"blog-post__content blog-post__content--wide\">\n            <div class=\"wpb_text_column wpb_content_element margin_bottom_35\">\n<div class=\"wpb_wrapper\">\n<h1><strong>\u00dcber den Therefore\u2122 Connector f\u00fcr Dynamics NAV<br \/>\n<\/strong><\/h1>\n<p>&nbsp;<\/p>\n<\/div>\n<\/div>\n<div class=\"wpb_text_column wpb_content_element vc_custom_1537951916102\">\n<div class=\"wpb_wrapper\">\n<p><strong>Der Therefore\u2122 Connector f\u00fcr Dynamics NAV erm\u00f6glicht die \u00dcbertragung von Daten zwischen NAV und Therefore\u2122 Systemen.<\/strong><\/p>\n<\/div>\n<\/div>\n<div class=\"wpb_text_column wpb_content_element vc_custom_1537951979538\">\n<div class=\"wpb_wrapper\">\n<p>Der Therefore\u2122 Connector f\u00fcr Microsoft Dynamics NAV erweitert die Integrationsm\u00f6glichkeiten Ihres Therefore\u2122 Systems. Der Connector erm\u00f6glicht die parallele Nutzung von Therefore\u2122 und Dynamics NAV, so dass Sie von den Vorteilen beider Systeme profitieren k\u00f6nnen. Therefore\u2122-Dokumente werden in die Dynamics NAV-Datenstruktur integriert, ebenso wie Dynamics NAV-Dokumente automatisch im Therefore\u2122-Archiv gespeichert werden.<\/p>\n<\/div>\n<\/div>\n\n        <\/div>\n\n            <\/div>\n<\/div>\n\n<div class=\"custom-block simple-paragraph\">\n    <div class=\"container\">\n        <div class=\"blog-post__content blog-post__content--wide\">\n            <p><img decoding=\"async\" class=\"alignnone size-full wp-image-1110\" src=\"https:\/\/therefore.net\/app\/uploads\/2022\/08\/MS_Dynamics_CertifiedFor_NAV_c.png\" alt=\"\" width=\"785\" height=\"512\" srcset=\"https:\/\/therefore.net\/wp\/..\/app\/uploads\/2022\/08\/MS_Dynamics_CertifiedFor_NAV_c.png 785w, https:\/\/therefore.net\/wp\/..\/app\/uploads\/2022\/08\/MS_Dynamics_CertifiedFor_NAV_c-300x196.png 300w, https:\/\/therefore.net\/wp\/..\/app\/uploads\/2022\/08\/MS_Dynamics_CertifiedFor_NAV_c-768x501.png 768w\" sizes=\"(max-width: 785px) 100vw, 785px\" \/><\/p>\n\n        <\/div>\n\n            <\/div>\n<\/div>\n\n<div class=\"custom-block simple-paragraph\">\n    <div class=\"container\">\n        <div class=\"blog-post__content blog-post__content--wide\">\n            <div class=\"wpb_text_column wpb_content_element \">\n<div class=\"wpb_wrapper\">\n<h1><strong>Die Zertifizierung ist g\u00fcltig f\u00fcr die Integration mit Microsoft Dynamics NAV<\/strong><\/h1>\n<\/div>\n<\/div>\n<div class=\"wpb_text_column wpb_content_element vc_custom_1537952450376\">\n<div class=\"wpb_wrapper\">\n<p>Lionbridge Technologies hat den Therefore\u2122 Connector f\u00fcr Dynamics NAV mit den Therefore\u2122 Business\/Enterprise Editionen zertifiziert.<\/p>\n<p>&nbsp;<\/p>\n<p>Die Zertifizierung ist seit Oktober 2016 g\u00fcltig.<\/p>\n<\/div>\n<\/div>\n\n        <\/div>\n\n            <\/div>\n<\/div>\n\n","protected":false},"excerpt":{"rendered":"","protected":false},"author":5,"featured_media":0,"parent":3492,"menu_order":0,"comment_status":"closed","ping_status":"closed","template":"","meta":{"_acf_changed":false,"inline_featured_image":false,"footnotes":""},"class_list":["post-5251","page","type-page","status-publish","hentry"],"acf":[],"yoast_head":"<!-- This site is optimized with the Yoast SEO plugin v27.3 - https:\/\/yoast.com\/product\/yoast-seo-wordpress\/ -->\n<title>Zertifizierter Dynamics NAV Connector<\/title>\n<meta name=\"description\" content=\"Der zertifizierte Dynamics NAV Connector von Therefore\u2122 erm\u00f6glicht es, Daten zwischen den Systemen NAV und Therefore\u2122 zu senden.\" \/>\n<meta name=\"robots\" content=\"index, follow, max-snippet:-1, max-image-preview:large, max-video-preview:-1\" \/>\n<link rel=\"canonical\" href=\"https:\/\/therefore.net\/de\/auszeichnungen-zertifizierungen\/zertifizierter-nav-connector\/\" \/>\n<script type=\"application\/ld+json\" class=\"yoast-schema-graph\">{\"@context\":\"https:\\\/\\\/schema.org\",\"@graph\":[{\"@type\":\"WebPage\",\"@id\":\"https:\\\/\\\/therefore.net\\\/de\\\/auszeichnungen-zertifizierungen\\\/zertifizierter-nav-connector\\\/\",\"url\":\"https:\\\/\\\/therefore.net\\\/de\\\/auszeichnungen-zertifizierungen\\\/zertifizierter-nav-connector\\\/\",\"name\":\"Zertifizierter Dynamics NAV Connector\",\"isPartOf\":{\"@id\":\"https:\\\/\\\/therefore.net\\\/de\\\/#website\"},\"datePublished\":\"2022-08-03T20:06:29+00:00\",\"dateModified\":\"2023-06-08T01:14:46+00:00\",\"description\":\"Der zertifizierte Dynamics NAV Connector von Therefore\u2122 erm\u00f6glicht es, Daten zwischen den Systemen NAV und Therefore\u2122 zu senden.\",\"breadcrumb\":{\"@id\":\"https:\\\/\\\/therefore.net\\\/de\\\/auszeichnungen-zertifizierungen\\\/zertifizierter-nav-connector\\\/#breadcrumb\"},\"inLanguage\":\"de-DE\",\"potentialAction\":[{\"@type\":\"ReadAction\",\"target\":[\"https:\\\/\\\/therefore.net\\\/de\\\/auszeichnungen-zertifizierungen\\\/zertifizierter-nav-connector\\\/\"]}]},{\"@type\":\"BreadcrumbList\",\"@id\":\"https:\\\/\\\/therefore.net\\\/de\\\/auszeichnungen-zertifizierungen\\\/zertifizierter-nav-connector\\\/#breadcrumb\",\"itemListElement\":[{\"@type\":\"ListItem\",\"position\":1,\"name\":\"Home\",\"item\":\"https:\\\/\\\/therefore.net\\\/de\\\/\"},{\"@type\":\"ListItem\",\"position\":2,\"name\":\"Auszeichnungen\\\/Zertifizierungen\",\"item\":\"https:\\\/\\\/therefore.net\\\/de\\\/auszeichnungen-zertifizierungen\\\/\"},{\"@type\":\"ListItem\",\"position\":3,\"name\":\"Zertifizierter NAV Connector\"}]},{\"@type\":\"WebSite\",\"@id\":\"https:\\\/\\\/therefore.net\\\/de\\\/#website\",\"url\":\"https:\\\/\\\/therefore.net\\\/de\\\/\",\"name\":\"Therefore\",\"description\":\"\",\"publisher\":{\"@id\":\"https:\\\/\\\/therefore.net\\\/de\\\/#organization\"},\"potentialAction\":[{\"@type\":\"SearchAction\",\"target\":{\"@type\":\"EntryPoint\",\"urlTemplate\":\"https:\\\/\\\/therefore.net\\\/de\\\/?s={search_term_string}\"},\"query-input\":{\"@type\":\"PropertyValueSpecification\",\"valueRequired\":true,\"valueName\":\"search_term_string\"}}],\"inLanguage\":\"de-DE\"},{\"@type\":\"Organization\",\"@id\":\"https:\\\/\\\/therefore.net\\\/de\\\/#organization\",\"name\":\"Therefore\",\"url\":\"https:\\\/\\\/therefore.net\\\/de\\\/\",\"logo\":{\"@type\":\"ImageObject\",\"inLanguage\":\"de-DE\",\"@id\":\"https:\\\/\\\/therefore.net\\\/de\\\/#\\\/schema\\\/logo\\\/image\\\/\",\"url\":\"https:\\\/\\\/therefore.net\\\/wp\\\/..\\\/app\\\/uploads\\\/2022\\\/04\\\/logo.png\",\"contentUrl\":\"https:\\\/\\\/therefore.net\\\/wp\\\/..\\\/app\\\/uploads\\\/2022\\\/04\\\/logo.png\",\"width\":176,\"height\":48,\"caption\":\"Therefore\"},\"image\":{\"@id\":\"https:\\\/\\\/therefore.net\\\/de\\\/#\\\/schema\\\/logo\\\/image\\\/\"},\"sameAs\":[\"https:\\\/\\\/www.linkedin.com\\\/company\\\/therefore-corporation\\\/\",\"https:\\\/\\\/www.youtube.com\\\/user\\\/ThereforeTV\"]}]}<\/script>\n<!-- \/ Yoast SEO plugin. -->","yoast_head_json":{"title":"Zertifizierter Dynamics NAV Connector","description":"Der zertifizierte Dynamics NAV Connector von Therefore\u2122 erm\u00f6glicht es, Daten zwischen den Systemen NAV und Therefore\u2122 zu senden.","robots":{"index":"index","follow":"follow","max-snippet":"max-snippet:-1","max-image-preview":"max-image-preview:large","max-video-preview":"max-video-preview:-1"},"canonical":"https:\/\/therefore.net\/de\/auszeichnungen-zertifizierungen\/zertifizierter-nav-connector\/","schema":{"@context":"https:\/\/schema.org","@graph":[{"@type":"WebPage","@id":"https:\/\/therefore.net\/de\/auszeichnungen-zertifizierungen\/zertifizierter-nav-connector\/","url":"https:\/\/therefore.net\/de\/auszeichnungen-zertifizierungen\/zertifizierter-nav-connector\/","name":"Zertifizierter Dynamics NAV Connector","isPartOf":{"@id":"https:\/\/therefore.net\/de\/#website"},"datePublished":"2022-08-03T20:06:29+00:00","dateModified":"2023-06-08T01:14:46+00:00","description":"Der zertifizierte Dynamics NAV Connector von Therefore\u2122 erm\u00f6glicht es, Daten zwischen den Systemen NAV und Therefore\u2122 zu senden.","breadcrumb":{"@id":"https:\/\/therefore.net\/de\/auszeichnungen-zertifizierungen\/zertifizierter-nav-connector\/#breadcrumb"},"inLanguage":"de-DE","potentialAction":[{"@type":"ReadAction","target":["https:\/\/therefore.net\/de\/auszeichnungen-zertifizierungen\/zertifizierter-nav-connector\/"]}]},{"@type":"BreadcrumbList","@id":"https:\/\/therefore.net\/de\/auszeichnungen-zertifizierungen\/zertifizierter-nav-connector\/#breadcrumb","itemListElement":[{"@type":"ListItem","position":1,"name":"Home","item":"https:\/\/therefore.net\/de\/"},{"@type":"ListItem","position":2,"name":"Auszeichnungen\/Zertifizierungen","item":"https:\/\/therefore.net\/de\/auszeichnungen-zertifizierungen\/"},{"@type":"ListItem","position":3,"name":"Zertifizierter NAV Connector"}]},{"@type":"WebSite","@id":"https:\/\/therefore.net\/de\/#website","url":"https:\/\/therefore.net\/de\/","name":"Therefore","description":"","publisher":{"@id":"https:\/\/therefore.net\/de\/#organization"},"potentialAction":[{"@type":"SearchAction","target":{"@type":"EntryPoint","urlTemplate":"https:\/\/therefore.net\/de\/?s={search_term_string}"},"query-input":{"@type":"PropertyValueSpecification","valueRequired":true,"valueName":"search_term_string"}}],"inLanguage":"de-DE"},{"@type":"Organization","@id":"https:\/\/therefore.net\/de\/#organization","name":"Therefore","url":"https:\/\/therefore.net\/de\/","logo":{"@type":"ImageObject","inLanguage":"de-DE","@id":"https:\/\/therefore.net\/de\/#\/schema\/logo\/image\/","url":"https:\/\/therefore.net\/wp\/..\/app\/uploads\/2022\/04\/logo.png","contentUrl":"https:\/\/therefore.net\/wp\/..\/app\/uploads\/2022\/04\/logo.png","width":176,"height":48,"caption":"Therefore"},"image":{"@id":"https:\/\/therefore.net\/de\/#\/schema\/logo\/image\/"},"sameAs":["https:\/\/www.linkedin.com\/company\/therefore-corporation\/","https:\/\/www.youtube.com\/user\/ThereforeTV"]}]}},"_links":{"self":[{"href":"https:\/\/therefore.net\/de\/wp-json\/wp\/v2\/pages\/5251","targetHints":{"allow":["GET"]}}],"collection":[{"href":"https:\/\/therefore.net\/de\/wp-json\/wp\/v2\/pages"}],"about":[{"href":"https:\/\/therefore.net\/de\/wp-json\/wp\/v2\/types\/page"}],"author":[{"embeddable":true,"href":"https:\/\/therefore.net\/de\/wp-json\/wp\/v2\/users\/5"}],"replies":[{"embeddable":true,"href":"https:\/\/therefore.net\/de\/wp-json\/wp\/v2\/comments?post=5251"}],"version-history":[{"count":1,"href":"https:\/\/therefore.net\/de\/wp-json\/wp\/v2\/pages\/5251\/revisions"}],"predecessor-version":[{"id":5252,"href":"https:\/\/therefore.net\/de\/wp-json\/wp\/v2\/pages\/5251\/revisions\/5252"}],"up":[{"embeddable":true,"href":"https:\/\/therefore.net\/de\/wp-json\/wp\/v2\/pages\/3492"}],"wp:attachment":[{"href":"https:\/\/therefore.net\/de\/wp-json\/wp\/v2\/media?parent=5251"}],"curies":[{"name":"wp","href":"https:\/\/api.w.org\/{rel}","templated":true}]}}