{"id":5255,"date":"2022-08-03T21:58:02","date_gmt":"2022-08-03T19:58:02","guid":{"rendered":"https:\/\/therefore.net\/auszeichnungen-zertifizierungen\/zertifizierter-sap-connector\/"},"modified":"2023-06-08T03:23:42","modified_gmt":"2023-06-08T01:23:42","slug":"zertifizierter-sap-connector","status":"publish","type":"page","link":"https:\/\/therefore.net\/de\/auszeichnungen-zertifizierungen\/zertifizierter-sap-connector\/","title":{"rendered":"Zertifizierter SAP Connector"},"content":{"rendered":"\n<section class=\"custom-block video-img-section video-img-section--shape \">\n    <div class=\"container video-img-section__container\">\n\n        <div class=\"video-img-section__row\">\n            <div class=\"video-img-section__media video-img-section__media\">\n                                <div class=\"video-img-section__media__item video-img-section__media__item--image\">\n                                            <img decoding=\"async\" width=\"515\" height=\"560\" src=\"https:\/\/therefore.net\/wp\/..\/app\/uploads\/2022\/04\/contact-us.png\" class=\"attachment-full size-full\" alt=\"Eine Gruppe von Menschen, die bunte Pullover tragen, legen ihre H\u00e4nde in einer Geste der Einigkeit, der Teamarbeit und der Unterst\u00fctzung zusammen.\" srcset=\"https:\/\/therefore.net\/wp\/..\/app\/uploads\/2022\/04\/contact-us.png 515w, https:\/\/therefore.net\/wp\/..\/app\/uploads\/2022\/04\/contact-us-276x300.png 276w\" sizes=\"(max-width: 515px) 100vw, 515px\" \/>\n                                    <\/div>\n                            <\/div>\n\n            <div class=\"video-img-section__content\">\n                                                        <h2 class=\"video-img-section__title\">Zertifizierter Therefore\u2122 Connector f\u00fcr SAP<\/h2>\n                \n                            <\/div>\n        <\/div>\n\n\n    <\/div>\n\n<\/section>\n<div class=\"custom-block simple-paragraph\">\n    <div class=\"container\">\n        <div class=\"blog-post__content blog-post__content--wide\">\n            <div class=\"wpb_text_column wpb_content_element margin_bottom_35\">\n<div class=\"wpb_wrapper\">\n<h1><strong>\u00dcber den Therefore\u2122 Connector f\u00fcr SAP<\/strong><\/h1>\n<p>&nbsp;<\/p>\n<\/div>\n<\/div>\n<div class=\"wpb_text_column wpb_content_element vc_custom_1537950198520\">\n<div class=\"wpb_wrapper\">\n<p><strong>Der Therefore\u2122 Connector f\u00fcr SAP erm\u00f6glicht es, Daten zwischen den Systemen SAP und Therefore\u2122 zu senden.<br \/>\n<\/strong><\/p>\n<\/div>\n<\/div>\n<div class=\"wpb_text_column wpb_content_element vc_custom_1537943461935\">\n<div class=\"wpb_wrapper\">\n<p>Der Connector basiert auf ArchiveLink und ist von SAP zertifiziert. Durch den Einsatz des Therefore\u2122-Systems in Verbindung mit SAP ist es m\u00f6glich, die Nutzung beider Systeme zu maximieren, die Sichtbarkeit und Zug\u00e4nglichkeit wichtiger Gesch\u00e4ftsdaten zu erh\u00f6hen und die langfristige Leistungsf\u00e4higkeit Ihres SAP-Systems sicherzustellen.<\/p>\n<\/div>\n<\/div>\n\n        <\/div>\n\n            <\/div>\n<\/div>\n\n<div class=\"custom-block simple-paragraph\">\n    <div class=\"container\">\n        <div class=\"blog-post__content blog-post__content--wide\">\n            <p><img decoding=\"async\" class=\"alignnone size-large wp-image-1097\" src=\"https:\/\/therefore.net\/app\/uploads\/2022\/08\/SAP_Certi_Integration_SAPS4HANA_R-1024x203.jpg\" alt=\"\" width=\"1024\" height=\"203\" srcset=\"https:\/\/therefore.net\/wp\/..\/app\/uploads\/2022\/08\/SAP_Certi_Integration_SAPS4HANA_R-1024x203.jpg 1024w, https:\/\/therefore.net\/wp\/..\/app\/uploads\/2022\/08\/SAP_Certi_Integration_SAPS4HANA_R-300x59.jpg 300w, https:\/\/therefore.net\/wp\/..\/app\/uploads\/2022\/08\/SAP_Certi_Integration_SAPS4HANA_R-768x152.jpg 768w, https:\/\/therefore.net\/wp\/..\/app\/uploads\/2022\/08\/SAP_Certi_Integration_SAPS4HANA_R.jpg 1227w\" sizes=\"(max-width: 1024px) 100vw, 1024px\" \/><\/p>\n<p>&nbsp;<\/p>\n<p>&nbsp;<\/p>\n<p><img decoding=\"async\" class=\"size-full wp-image-1093 aligncenter\" src=\"https:\/\/therefore.net\/app\/uploads\/2022\/08\/SAPCerti_Int_SAPNetW_CG10_R_pos-1024x195-1.jpg\" alt=\"\" width=\"1024\" height=\"195\" srcset=\"https:\/\/therefore.net\/wp\/..\/app\/uploads\/2022\/08\/SAPCerti_Int_SAPNetW_CG10_R_pos-1024x195-1.jpg 1024w, https:\/\/therefore.net\/wp\/..\/app\/uploads\/2022\/08\/SAPCerti_Int_SAPNetW_CG10_R_pos-1024x195-1-300x57.jpg 300w, https:\/\/therefore.net\/wp\/..\/app\/uploads\/2022\/08\/SAPCerti_Int_SAPNetW_CG10_R_pos-1024x195-1-768x146.jpg 768w\" sizes=\"(max-width: 1024px) 100vw, 1024px\" \/><\/p>\n\n        <\/div>\n\n            <\/div>\n<\/div>\n\n<div class=\"custom-block simple-paragraph\">\n    <div class=\"container\">\n        <div class=\"blog-post__content blog-post__content--wide\">\n            <div class=\"wpb_text_column wpb_content_element \">\n<div class=\"wpb_wrapper\">\n<h1><strong>Die Zertifizierung ist g\u00fcltig f\u00fcr die Integration mit SAP NetWeaver\u00ae und SAP S\/4 HANA.<\/strong><\/h1>\n<p>&nbsp;<\/p>\n<\/div>\n<\/div>\n<div class=\"wpb_text_column wpb_content_element vc_custom_1537951021912\">\n<div class=\"wpb_wrapper\">\n<p>SAP SE hat den Therefore\u2122 Connector f\u00fcr SAP mit Therefore\u2122 Business\/Enterprise Editions \u00fcber das SAP Integrationsszenario BC-AL 7.20 und S\/4-BC-AL 7.20 zertifiziert.<\/p>\n<p>Zu den zertifizierten Funktionen geh\u00f6ren:<\/p>\n<ul>\n<li>HTTP Content Server Functionality<\/li>\n<li>OLE Frontend Functionality<\/li>\n<li>Barcode BAPI<\/li>\n<\/ul>\n<\/div>\n<\/div>\n\n        <\/div>\n\n            <\/div>\n<\/div>\n\n\n<div style=\"height:100px\" aria-hidden=\"true\" class=\"wp-block-spacer\"><\/div>\n\n<h1 class=\"wp-block-heading has-text-align-center\">Mehr erfahren<\/h1>\n<div class=\"custom-block simple-paragraph\">\n    <div class=\"container\">\n        <div class=\"blog-post__content blog-post__content--wide\">\n            <div class=\"wpb_text_column wpb_content_element vc_custom_1537950666669\">\n<div class=\"wpb_wrapper\">\n<h3>Wussten Sie schon? Der Therefore\u2122 Connector f\u00fcr SAP ist seit 2012 durchgehend von der SAP SE zertifiziert worden.<\/h3>\n<p><strong>\u00a0<\/strong><\/p>\n<\/div>\n<\/div>\n<div class=\"wpb_text_column wpb_content_element vc_custom_1537950961101\">\n<div class=\"wpb_wrapper\">\n<p>Der Therefore\u2122 Connector f\u00fcr SAP ist seit 2012 zertifiziert. Die Zertifikate sind f\u00fcr 3 Jahre g\u00fcltig und werden laufend erneuert. Jede Therefore\u2122 Edition innerhalb der 3-Jahres-Spanne der Zertifizierung ist zertifiziert.<\/p>\n<p>&nbsp;<\/p>\n<p>Letzte Zertifizierungen:<\/p>\n<p>&nbsp;<\/p>\n<ul>\n<li>Juli 2021 Zertifizierung f\u00fcr die Integration mit SAP S\/4 HANA\/li>\n<li>August 2018 ertifizierung f\u00fcr die Integration mit SAP S\/4 HANA<\/li>\n<li>M\u00e4rz 2016 Zertifizierung f\u00fcr die Integration mit SAP NetWeaver<\/li>\n<li>Dezember 2012 Zertifizierung f\u00fcr die Integration mit SAP NetWeaver<\/li>\n<\/ul>\n<\/div>\n<\/div>\n\n        <\/div>\n\n            <\/div>\n<\/div>\n\n","protected":false},"excerpt":{"rendered":"<p>Mehr erfahren<\/p>\n","protected":false},"author":5,"featured_media":0,"parent":3492,"menu_order":0,"comment_status":"closed","ping_status":"closed","template":"","meta":{"_acf_changed":false,"inline_featured_image":false,"footnotes":""},"class_list":["post-5255","page","type-page","status-publish","hentry"],"acf":[],"yoast_head":"<!-- This site is optimized with the Yoast SEO plugin v27.3 - https:\/\/yoast.com\/product\/yoast-seo-wordpress\/ -->\n<title>Zertifizierter Therefore\u2122 Connector f\u00fcr SAP<\/title>\n<meta name=\"description\" content=\"Der zertifizierte Therefore\u2122 Connector f\u00fcr SAP erm\u00f6glicht es, Daten zwischen den Systemen SAP und Therefore\u2122 zu \u00fcbertragen.\" \/>\n<meta name=\"robots\" content=\"index, follow, max-snippet:-1, max-image-preview:large, max-video-preview:-1\" \/>\n<link rel=\"canonical\" href=\"https:\/\/therefore.net\/de\/auszeichnungen-zertifizierungen\/zertifizierter-sap-connector\/\" \/>\n<script type=\"application\/ld+json\" class=\"yoast-schema-graph\">{\"@context\":\"https:\\\/\\\/schema.org\",\"@graph\":[{\"@type\":\"WebPage\",\"@id\":\"https:\\\/\\\/therefore.net\\\/de\\\/auszeichnungen-zertifizierungen\\\/zertifizierter-sap-connector\\\/\",\"url\":\"https:\\\/\\\/therefore.net\\\/de\\\/auszeichnungen-zertifizierungen\\\/zertifizierter-sap-connector\\\/\",\"name\":\"Zertifizierter Therefore\u2122 Connector f\u00fcr SAP\",\"isPartOf\":{\"@id\":\"https:\\\/\\\/therefore.net\\\/de\\\/#website\"},\"datePublished\":\"2022-08-03T19:58:02+00:00\",\"dateModified\":\"2023-06-08T01:23:42+00:00\",\"description\":\"Der zertifizierte Therefore\u2122 Connector f\u00fcr SAP erm\u00f6glicht es, Daten zwischen den Systemen SAP und Therefore\u2122 zu \u00fcbertragen.\",\"breadcrumb\":{\"@id\":\"https:\\\/\\\/therefore.net\\\/de\\\/auszeichnungen-zertifizierungen\\\/zertifizierter-sap-connector\\\/#breadcrumb\"},\"inLanguage\":\"de-DE\",\"potentialAction\":[{\"@type\":\"ReadAction\",\"target\":[\"https:\\\/\\\/therefore.net\\\/de\\\/auszeichnungen-zertifizierungen\\\/zertifizierter-sap-connector\\\/\"]}]},{\"@type\":\"BreadcrumbList\",\"@id\":\"https:\\\/\\\/therefore.net\\\/de\\\/auszeichnungen-zertifizierungen\\\/zertifizierter-sap-connector\\\/#breadcrumb\",\"itemListElement\":[{\"@type\":\"ListItem\",\"position\":1,\"name\":\"Home\",\"item\":\"https:\\\/\\\/therefore.net\\\/de\\\/\"},{\"@type\":\"ListItem\",\"position\":2,\"name\":\"Auszeichnungen\\\/Zertifizierungen\",\"item\":\"https:\\\/\\\/therefore.net\\\/de\\\/auszeichnungen-zertifizierungen\\\/\"},{\"@type\":\"ListItem\",\"position\":3,\"name\":\"Zertifizierter SAP Connector\"}]},{\"@type\":\"WebSite\",\"@id\":\"https:\\\/\\\/therefore.net\\\/de\\\/#website\",\"url\":\"https:\\\/\\\/therefore.net\\\/de\\\/\",\"name\":\"Therefore\",\"description\":\"\",\"publisher\":{\"@id\":\"https:\\\/\\\/therefore.net\\\/de\\\/#organization\"},\"potentialAction\":[{\"@type\":\"SearchAction\",\"target\":{\"@type\":\"EntryPoint\",\"urlTemplate\":\"https:\\\/\\\/therefore.net\\\/de\\\/?s={search_term_string}\"},\"query-input\":{\"@type\":\"PropertyValueSpecification\",\"valueRequired\":true,\"valueName\":\"search_term_string\"}}],\"inLanguage\":\"de-DE\"},{\"@type\":\"Organization\",\"@id\":\"https:\\\/\\\/therefore.net\\\/de\\\/#organization\",\"name\":\"Therefore\",\"url\":\"https:\\\/\\\/therefore.net\\\/de\\\/\",\"logo\":{\"@type\":\"ImageObject\",\"inLanguage\":\"de-DE\",\"@id\":\"https:\\\/\\\/therefore.net\\\/de\\\/#\\\/schema\\\/logo\\\/image\\\/\",\"url\":\"https:\\\/\\\/therefore.net\\\/wp\\\/..\\\/app\\\/uploads\\\/2022\\\/04\\\/logo.png\",\"contentUrl\":\"https:\\\/\\\/therefore.net\\\/wp\\\/..\\\/app\\\/uploads\\\/2022\\\/04\\\/logo.png\",\"width\":176,\"height\":48,\"caption\":\"Therefore\"},\"image\":{\"@id\":\"https:\\\/\\\/therefore.net\\\/de\\\/#\\\/schema\\\/logo\\\/image\\\/\"},\"sameAs\":[\"https:\\\/\\\/www.linkedin.com\\\/company\\\/therefore-corporation\\\/\",\"https:\\\/\\\/www.youtube.com\\\/user\\\/ThereforeTV\"]}]}<\/script>\n<!-- \/ Yoast SEO plugin. -->","yoast_head_json":{"title":"Zertifizierter Therefore\u2122 Connector f\u00fcr SAP","description":"Der zertifizierte Therefore\u2122 Connector f\u00fcr SAP erm\u00f6glicht es, Daten zwischen den Systemen SAP und Therefore\u2122 zu \u00fcbertragen.","robots":{"index":"index","follow":"follow","max-snippet":"max-snippet:-1","max-image-preview":"max-image-preview:large","max-video-preview":"max-video-preview:-1"},"canonical":"https:\/\/therefore.net\/de\/auszeichnungen-zertifizierungen\/zertifizierter-sap-connector\/","schema":{"@context":"https:\/\/schema.org","@graph":[{"@type":"WebPage","@id":"https:\/\/therefore.net\/de\/auszeichnungen-zertifizierungen\/zertifizierter-sap-connector\/","url":"https:\/\/therefore.net\/de\/auszeichnungen-zertifizierungen\/zertifizierter-sap-connector\/","name":"Zertifizierter Therefore\u2122 Connector f\u00fcr SAP","isPartOf":{"@id":"https:\/\/therefore.net\/de\/#website"},"datePublished":"2022-08-03T19:58:02+00:00","dateModified":"2023-06-08T01:23:42+00:00","description":"Der zertifizierte Therefore\u2122 Connector f\u00fcr SAP erm\u00f6glicht es, Daten zwischen den Systemen SAP und Therefore\u2122 zu \u00fcbertragen.","breadcrumb":{"@id":"https:\/\/therefore.net\/de\/auszeichnungen-zertifizierungen\/zertifizierter-sap-connector\/#breadcrumb"},"inLanguage":"de-DE","potentialAction":[{"@type":"ReadAction","target":["https:\/\/therefore.net\/de\/auszeichnungen-zertifizierungen\/zertifizierter-sap-connector\/"]}]},{"@type":"BreadcrumbList","@id":"https:\/\/therefore.net\/de\/auszeichnungen-zertifizierungen\/zertifizierter-sap-connector\/#breadcrumb","itemListElement":[{"@type":"ListItem","position":1,"name":"Home","item":"https:\/\/therefore.net\/de\/"},{"@type":"ListItem","position":2,"name":"Auszeichnungen\/Zertifizierungen","item":"https:\/\/therefore.net\/de\/auszeichnungen-zertifizierungen\/"},{"@type":"ListItem","position":3,"name":"Zertifizierter SAP Connector"}]},{"@type":"WebSite","@id":"https:\/\/therefore.net\/de\/#website","url":"https:\/\/therefore.net\/de\/","name":"Therefore","description":"","publisher":{"@id":"https:\/\/therefore.net\/de\/#organization"},"potentialAction":[{"@type":"SearchAction","target":{"@type":"EntryPoint","urlTemplate":"https:\/\/therefore.net\/de\/?s={search_term_string}"},"query-input":{"@type":"PropertyValueSpecification","valueRequired":true,"valueName":"search_term_string"}}],"inLanguage":"de-DE"},{"@type":"Organization","@id":"https:\/\/therefore.net\/de\/#organization","name":"Therefore","url":"https:\/\/therefore.net\/de\/","logo":{"@type":"ImageObject","inLanguage":"de-DE","@id":"https:\/\/therefore.net\/de\/#\/schema\/logo\/image\/","url":"https:\/\/therefore.net\/wp\/..\/app\/uploads\/2022\/04\/logo.png","contentUrl":"https:\/\/therefore.net\/wp\/..\/app\/uploads\/2022\/04\/logo.png","width":176,"height":48,"caption":"Therefore"},"image":{"@id":"https:\/\/therefore.net\/de\/#\/schema\/logo\/image\/"},"sameAs":["https:\/\/www.linkedin.com\/company\/therefore-corporation\/","https:\/\/www.youtube.com\/user\/ThereforeTV"]}]}},"_links":{"self":[{"href":"https:\/\/therefore.net\/de\/wp-json\/wp\/v2\/pages\/5255","targetHints":{"allow":["GET"]}}],"collection":[{"href":"https:\/\/therefore.net\/de\/wp-json\/wp\/v2\/pages"}],"about":[{"href":"https:\/\/therefore.net\/de\/wp-json\/wp\/v2\/types\/page"}],"author":[{"embeddable":true,"href":"https:\/\/therefore.net\/de\/wp-json\/wp\/v2\/users\/5"}],"replies":[{"embeddable":true,"href":"https:\/\/therefore.net\/de\/wp-json\/wp\/v2\/comments?post=5255"}],"version-history":[{"count":1,"href":"https:\/\/therefore.net\/de\/wp-json\/wp\/v2\/pages\/5255\/revisions"}],"predecessor-version":[{"id":5256,"href":"https:\/\/therefore.net\/de\/wp-json\/wp\/v2\/pages\/5255\/revisions\/5256"}],"up":[{"embeddable":true,"href":"https:\/\/therefore.net\/de\/wp-json\/wp\/v2\/pages\/3492"}],"wp:attachment":[{"href":"https:\/\/therefore.net\/de\/wp-json\/wp\/v2\/media?parent=5255"}],"curies":[{"name":"wp","href":"https:\/\/api.w.org\/{rel}","templated":true}]}}