{"id":5259,"date":"2022-08-01T22:26:48","date_gmt":"2022-08-01T20:26:48","guid":{"rendered":"https:\/\/therefore.net\/dynamics-nav-connector-support\/"},"modified":"2023-06-08T03:43:28","modified_gmt":"2023-06-08T01:43:28","slug":"dynamics-nav-connector-support","status":"publish","type":"page","link":"https:\/\/therefore.net\/de\/dynamics-nav-connector-support\/","title":{"rendered":"Dynamics NAV Connector Support"},"content":{"rendered":"<div class=\"custom-block simple-paragraph\">\n    <div class=\"container\">\n        <div class=\"blog-post__content blog-post__content--wide\">\n            <h2>Dynamics NAV Connector Support<\/h2>\n\n        <\/div>\n\n            <\/div>\n<\/div>\n\n<section class=\"custom-block accordion-block\">\n    <div class=\"container  accordion-block__container\">\n        <div class=\"accordion-block__accent\">\n            <svg width=\"350\" height=\"246\" viewBox=\"0 0 350 246\" fill=\"none\" xmlns=\"http:\/\/www.w3.org\/2000\/svg\">\n<g clip-path=\"url(#clip0_266_73703)\">\n<path d=\"M0 0H350V246H200C89.5431 246 0 156.457 0 46V0Z\" fill=\"#1E5BFA\"\/>\n<g filter=\"url(#filter0_f_266_73703)\">\n<circle cx=\"74\" cy=\"187\" r=\"218\" fill=\"#44EDF8\" fill-opacity=\"0.56\"\/>\n<\/g>\n<\/g>\n<defs>\n<filter id=\"filter0_f_266_73703\" x=\"-444\" y=\"-331\" width=\"1036\" height=\"1036\" filterUnits=\"userSpaceOnUse\" color-interpolation-filters=\"sRGB\">\n<feFlood flood-opacity=\"0\" result=\"BackgroundImageFix\"\/>\n<feBlend mode=\"normal\" in=\"SourceGraphic\" in2=\"BackgroundImageFix\" result=\"shape\"\/>\n<feGaussianBlur stdDeviation=\"150\" result=\"effect1_foregroundBlur_266_73703\"\/>\n<\/filter>\n<clipPath id=\"clip0_266_73703\">\n<path d=\"M0 0H350V246H200C89.5431 246 0 156.457 0 46V0Z\" fill=\"white\"\/>\n<\/clipPath>\n<\/defs>\n<\/svg>\n\n        <\/div>\n        <div class=\"accordion-block__content\">\n            <h2 class=\"accordion-block__content__heading\">\n                \n            <\/h2>\n            <div class=\"accordion-block__items\">\n                                                <div class=\"accordion-block__items__item accordion-item\">\n                    <h3 class=\"accordion-item__title\">\n                        Produktlebenszyklus\n                        <div class=\"accordion-item__toggle\">\n                            <svg width=\"24\" height=\"24\" viewBox=\"0 0 24 24\" fill=\"none\" xmlns=\"http:\/\/www.w3.org\/2000\/svg\">\n<path fill-rule=\"evenodd\" clip-rule=\"evenodd\" d=\"M13.1943 4.11509C13.1943 3.49924 12.6951 3 12.0792 3C11.4634 3 10.9642 3.49924 10.9642 4.11509L10.9642 10.8057L4.1151 10.8057C3.49925 10.8057 3 11.3049 3 11.9208C3 12.5366 3.49924 13.0358 4.11509 13.0358H10.9642L10.9642 19.8849C10.9642 20.5008 11.4634 21 12.0792 21C12.6951 21 13.1943 20.5008 13.1943 19.8849L13.1943 13.0358H19.8849C20.5008 13.0358 21 12.5366 21 11.9208C21 11.3049 20.5008 10.8057 19.8849 10.8057L13.1943 10.8057L13.1943 4.11509Z\" fill=\"black\" fill-opacity=\"0.87\"\/>\n<\/svg>\n\n                        <\/div>\n                    <\/h3>\n                    <div class=\"accordion-item__content\">\n                        <p>Therefore Corporation ist bestrebt, stabile Software bereitzustellen und zu unterst\u00fctzen. Erfahren Sie mehr \u00fcber die Lebenszykluspolitik unserer Produkte <a href=\"https:\/\/therefore.net\/de\/lebenszyklus\/\">hier.<\/a><\/p>\n<p>&nbsp;<\/p>\n<p>Dar\u00fcber hinaus verpflichtet sich die Therefore Corporation, das Statement of Direction f\u00fcr Microsoft Dynamics NAV zu befolgen. Wenn \u00c4nderungen am Produkt vorgenommen werden, wird der Therefore\u2122 Connector f\u00fcr Microsoft Dynamics NAV aktualisiert, um sicherzustellen, dass Kunden weiterhin mit der neuesten von Microsoft ver\u00f6ffentlichten Produktversion arbeiten k\u00f6nnen.<\/p>\n\n                                            <\/div>\n                <\/div>\n                                                <div class=\"accordion-block__items__item accordion-item\">\n                    <h3 class=\"accordion-item__title\">\n                        Service Level Agreement\n                        <div class=\"accordion-item__toggle\">\n                            <svg width=\"24\" height=\"24\" viewBox=\"0 0 24 24\" fill=\"none\" xmlns=\"http:\/\/www.w3.org\/2000\/svg\">\n<path fill-rule=\"evenodd\" clip-rule=\"evenodd\" d=\"M13.1943 4.11509C13.1943 3.49924 12.6951 3 12.0792 3C11.4634 3 10.9642 3.49924 10.9642 4.11509L10.9642 10.8057L4.1151 10.8057C3.49925 10.8057 3 11.3049 3 11.9208C3 12.5366 3.49924 13.0358 4.11509 13.0358H10.9642L10.9642 19.8849C10.9642 20.5008 11.4634 21 12.0792 21C12.6951 21 13.1943 20.5008 13.1943 19.8849L13.1943 13.0358H19.8849C20.5008 13.0358 21 12.5366 21 11.9208C21 11.3049 20.5008 10.8057 19.8849 10.8057L13.1943 10.8057L13.1943 4.11509Z\" fill=\"black\" fill-opacity=\"0.87\"\/>\n<\/svg>\n\n                        <\/div>\n                    <\/h3>\n                    <div class=\"accordion-item__content\">\n                        <div class=\"vc_row wpb_row \">\n<div class=\"wpb_column vc_column_container vc_col-sm-9\">\n<div class=\"vc_column-inner\">\n<div class=\"wpb_wrapper\">\n<div class=\"wpb_text_column wpb_content_element \">\n<div class=\"wpb_wrapper\">\n<p>Solange Ihr Therefore\u2122 System unter aktiver Wartung steht (CSS), haben Sie Anspruch auf Support f\u00fcr Ihren Therefore\u2122 Connector f\u00fcr Microsoft Dynamics NAV.<\/p>\n<p>&nbsp;<\/p>\n<p>Die genauen Bedingungen Ihres Service Level Agreements sind im Servicevertrag zwischen Ihnen, dem Kunden, und Canon festgelegt. Wenden Sie sich bitte an Ihre lokale Canon Organisation, um weitere Informationen \u00fcber Support-Levels, Reaktionszeiten und Eskalationsmethoden zu erhalten.<\/p>\n<\/div>\n<\/div>\n<\/div>\n<\/div>\n<\/div>\n<\/div>\n\n                                            <\/div>\n                <\/div>\n                                                <div class=\"accordion-block__items__item accordion-item\">\n                    <h3 class=\"accordion-item__title\">\n                        Zugang zum technischen Support\n                        <div class=\"accordion-item__toggle\">\n                            <svg width=\"24\" height=\"24\" viewBox=\"0 0 24 24\" fill=\"none\" xmlns=\"http:\/\/www.w3.org\/2000\/svg\">\n<path fill-rule=\"evenodd\" clip-rule=\"evenodd\" d=\"M13.1943 4.11509C13.1943 3.49924 12.6951 3 12.0792 3C11.4634 3 10.9642 3.49924 10.9642 4.11509L10.9642 10.8057L4.1151 10.8057C3.49925 10.8057 3 11.3049 3 11.9208C3 12.5366 3.49924 13.0358 4.11509 13.0358H10.9642L10.9642 19.8849C10.9642 20.5008 11.4634 21 12.0792 21C12.6951 21 13.1943 20.5008 13.1943 19.8849L13.1943 13.0358H19.8849C20.5008 13.0358 21 12.5366 21 11.9208C21 11.3049 20.5008 10.8057 19.8849 10.8057L13.1943 10.8057L13.1943 4.11509Z\" fill=\"black\" fill-opacity=\"0.87\"\/>\n<\/svg>\n\n                        <\/div>\n                    <\/h3>\n                    <div class=\"accordion-item__content\">\n                        <p>Solange Ihr Therefore\u2122-System unter aktiver Wartung steht (CSS), haben Sie Anspruch auf Support f\u00fcr Ihren Therefore\u2122 Connector f\u00fcr Microsoft Dynamics NAV.<\/p>\n<p>&nbsp;<\/p>\n<p>Unser technisches Support-Team ist bestrebt, allen unseren Kunden Third-Level-Support zu bieten. Wir arbeiten mit Canon und Canon Partnern zusammen, um technische Fragen und Anfragen zu beantworten. Wenn Sie Support f\u00fcr Ihr Therefore\u2122-System ben\u00f6tigen, wenden Sie sich zun\u00e4chst an Ihr lokales Canon Support-Team.<\/p>\n<p>&nbsp;<\/p>\n<p>Wenn Ihr Problem nicht von Ihrem Canon-Supportteam gel\u00f6st werden kann, wird Ihr Problem an das Supportteam der Therefore Corporation weitergeleitet und gem\u00e4\u00df Ihrem individuellen Service Level Agreement bearbeitet.<\/p>\n<p>&nbsp;<\/p>\n<p><strong>Therefore Support Team<\/strong><\/p>\n<p>Email:\u00a0<a href=\"mailto:support@therefore.net\">support@therefore.net<\/a><\/p>\n<p>Telefon: +43 2236 865 300 333<\/p>\n<p>\u00d6ffnungszeiten: Monday-Friday 9:00 AM \u2013 5:00 PM CET<\/p>\n\n                                            <\/div>\n                <\/div>\n                                                <div class=\"accordion-block__items__item accordion-item\">\n                    <h3 class=\"accordion-item__title\">\n                        Support-Wissensdatenbank\n                        <div class=\"accordion-item__toggle\">\n                            <svg width=\"24\" height=\"24\" viewBox=\"0 0 24 24\" fill=\"none\" xmlns=\"http:\/\/www.w3.org\/2000\/svg\">\n<path fill-rule=\"evenodd\" clip-rule=\"evenodd\" d=\"M13.1943 4.11509C13.1943 3.49924 12.6951 3 12.0792 3C11.4634 3 10.9642 3.49924 10.9642 4.11509L10.9642 10.8057L4.1151 10.8057C3.49925 10.8057 3 11.3049 3 11.9208C3 12.5366 3.49924 13.0358 4.11509 13.0358H10.9642L10.9642 19.8849C10.9642 20.5008 11.4634 21 12.0792 21C12.6951 21 13.1943 20.5008 13.1943 19.8849L13.1943 13.0358H19.8849C20.5008 13.0358 21 12.5366 21 11.9208C21 11.3049 20.5008 10.8057 19.8849 10.8057L13.1943 10.8057L13.1943 4.11509Z\" fill=\"black\" fill-opacity=\"0.87\"\/>\n<\/svg>\n\n                        <\/div>\n                    <\/h3>\n                    <div class=\"accordion-item__content\">\n                        <p>Nachfolgend finden Sie Antworten auf h\u00e4ufig gestellte Fragen zum Therefore\u2122 Connector f\u00fcr Microsoft Dynamics NAV.<\/p>\n<p>&nbsp;<\/p>\n<p><strong>Welche Versionen von Microsoft Dynamics NAV\/Navision werden vom Connector unterst\u00fctzt?<\/strong><\/p>\n<p>Der Therefore\u2122 Connector wird f\u00fcr Navision 4.0SP2 und neue Versionen unterst\u00fctzt.<\/p>\n<p>&nbsp;<\/p>\n<p><strong>Wo kann ich die Installationsdateien (FOBs) f\u00fcr den Connector herunterladen?<\/strong><\/p>\n<p>Die Installationsdateien und die Dokumentation f\u00fcr den Konnektor k\u00f6nnen vom Therefore\u2122 FTP-Server heruntergeladen werden. Zum Herunterladen der Dateien ist ein g\u00fcltiges FTP-Konto erforderlich, das Sie beim Therefore\u2122-Support-Team erhalten k\u00f6nnen.<\/p>\n<p>&nbsp;<\/p>\n<p><strong>Kann der Konnektor mit dem RTC-Client 2009 oder nur mit dem klassischen Client verwendet werden?<\/strong><\/p>\n<p>Die Installationsdateien und die Dokumentation f\u00fcr den Konnektor k\u00f6nnen vom Therefore\u2122 FTP-Server heruntergeladen werden. Zum Herunterladen der Dateien ist ein g\u00fcltiges FTP-Konto erforderlich, das Sie beim Therefore\u2122-Support-Team erhalten k\u00f6nnen.<\/p>\n<p>&nbsp;<\/p>\n<p><strong>Beim Ausf\u00fchren einer Funktion des Konnektors wird der Fehler &#8220;Assembly not found: Therefore.Connector.Navision&#8221; angezeigt.<\/strong><\/p>\n<p>Um dies zu beheben, stellen Sie sicher, dass:<\/p>\n<p>Auf dem PC, der den Konnektor ausf\u00fchrt, ist ein Therefore\u2122-Client der Version 2015 oder neuer installiert.<br \/>\nW\u00e4hrend der Installation wird die Option &#8220;Therefore\u2122 Integrate &#8211; Microsoft Navision&#8221; zur Installation ausgew\u00e4hlt. Dadurch wird der .Net-Teil des Konnektors installiert und muss auf allen Clients und Servern, die den Konnektor verwenden, verf\u00fcgbar sein (z. B. NAS-Dienst).<\/p>\n<p>&nbsp;<\/p>\n<p><strong>Ist es m\u00f6glich, einen NAS-Dienst zu verwenden, um wiederkehrende Aufgaben des Konnektors auszuf\u00fchren, wie das Speichern ausgehender Dokumente oder die automatische Verkn\u00fcpfung von Dokumenten?<\/strong><\/p>\n<p>Der Therefore\u2122-Konnektor kann in Verbindung mit einem NAS-Dienst verwendet werden. Detaillierte Installations- und Konfigurationsanweisungen finden Sie in unserer Dokumentation.<\/p>\n<p>&nbsp;<\/p>\n<p><strong>Wenn ich auf &#8220;Konfiguration synchronisieren&#8221; klicken, wird der Fehler &#8220;Dynamische Operationen k\u00f6nnen nur in einer homogenen AppDom\u00e4ne durchgef\u00fchrt werden&#8221; angezeigt.<\/strong><\/p>\n<p>Um dies zu beheben, \u00f6ffnen Sie die Datei &#8220;Microsoft.Dynamics.Nav.Client.exe.config&#8221; im Installationsverzeichnis des RTC-Clients. Dieses befindet sich in der Regel unter &#8220;C:\\Program Files (x86)\\Microsoft Dynamics NAV\\70\\RoleTailored Client&#8221;. L\u00f6schen Sie in dieser Datei die Zeile &#8220;&lt;NetFx40_LegacySecurityPolici enabled=&#8221;true&#8221;\/&gt;&#8221; aus dem Abschnitt &lt;runtime&gt; der Konfigurationsdatei.<\/p>\n<p>&nbsp;<\/p>\n<p><strong>Beim Versuch, ausgehende Dokumente mit dem Therefore\u2122 PDF Printer automatisch als PDF zu speichern, wird die Fehlermeldung &#8220;The document could not be saved. Please contact the technical support!&#8221; angezeigt.<\/strong><\/p>\n<p>In den meisten F\u00e4llen kann dieser Fehler durch ein Upgrade auf Therefore\u2122 2016 Update 2 oder durch die Installation eines Patches behoben werden, den Sie durch Kontaktaufnahme mit dem Therefore\u2122 Support Team erhalten k\u00f6nnen.<\/p>\n\n                                            <\/div>\n                <\/div>\n                            <\/div>\n        <\/div>\n    <\/div>\n<\/section>\n","protected":false},"excerpt":{"rendered":"","protected":false},"author":5,"featured_media":0,"parent":0,"menu_order":0,"comment_status":"closed","ping_status":"closed","template":"","meta":{"_acf_changed":false,"inline_featured_image":false,"footnotes":""},"class_list":["post-5259","page","type-page","status-publish","hentry"],"acf":[],"yoast_head":"<!-- This site is optimized with the Yoast SEO plugin v27.4 - https:\/\/yoast.com\/product\/yoast-seo-wordpress\/ -->\n<title>Dynamics NAV Connector Support<\/title>\n<meta name=\"description\" content=\"Dynamics NAV Connector Support - Therefore ist bestrebt, stabile Software zu liefern und zu unterst\u00fctzen.\" \/>\n<meta name=\"robots\" content=\"index, follow, max-snippet:-1, max-image-preview:large, max-video-preview:-1\" \/>\n<link rel=\"canonical\" href=\"https:\/\/therefore.net\/de\/dynamics-nav-connector-support\/\" \/>\n<script type=\"application\/ld+json\" class=\"yoast-schema-graph\">{\"@context\":\"https:\\\/\\\/schema.org\",\"@graph\":[{\"@type\":\"WebPage\",\"@id\":\"https:\\\/\\\/therefore.net\\\/de\\\/dynamics-nav-connector-support\\\/\",\"url\":\"https:\\\/\\\/therefore.net\\\/de\\\/dynamics-nav-connector-support\\\/\",\"name\":\"Dynamics NAV Connector Support\",\"isPartOf\":{\"@id\":\"https:\\\/\\\/therefore.net\\\/de\\\/#website\"},\"datePublished\":\"2022-08-01T20:26:48+00:00\",\"dateModified\":\"2023-06-08T01:43:28+00:00\",\"description\":\"Dynamics NAV Connector Support - Therefore ist bestrebt, stabile Software zu liefern und zu unterst\u00fctzen.\",\"breadcrumb\":{\"@id\":\"https:\\\/\\\/therefore.net\\\/de\\\/dynamics-nav-connector-support\\\/#breadcrumb\"},\"inLanguage\":\"de-DE\",\"potentialAction\":[{\"@type\":\"ReadAction\",\"target\":[\"https:\\\/\\\/therefore.net\\\/de\\\/dynamics-nav-connector-support\\\/\"]}]},{\"@type\":\"BreadcrumbList\",\"@id\":\"https:\\\/\\\/therefore.net\\\/de\\\/dynamics-nav-connector-support\\\/#breadcrumb\",\"itemListElement\":[{\"@type\":\"ListItem\",\"position\":1,\"name\":\"Home\",\"item\":\"https:\\\/\\\/therefore.net\\\/de\\\/\"},{\"@type\":\"ListItem\",\"position\":2,\"name\":\"Dynamics NAV Connector Support\"}]},{\"@type\":\"WebSite\",\"@id\":\"https:\\\/\\\/therefore.net\\\/de\\\/#website\",\"url\":\"https:\\\/\\\/therefore.net\\\/de\\\/\",\"name\":\"Therefore\",\"description\":\"\",\"publisher\":{\"@id\":\"https:\\\/\\\/therefore.net\\\/de\\\/#organization\"},\"potentialAction\":[{\"@type\":\"SearchAction\",\"target\":{\"@type\":\"EntryPoint\",\"urlTemplate\":\"https:\\\/\\\/therefore.net\\\/de\\\/?s={search_term_string}\"},\"query-input\":{\"@type\":\"PropertyValueSpecification\",\"valueRequired\":true,\"valueName\":\"search_term_string\"}}],\"inLanguage\":\"de-DE\"},{\"@type\":\"Organization\",\"@id\":\"https:\\\/\\\/therefore.net\\\/de\\\/#organization\",\"name\":\"Therefore\",\"url\":\"https:\\\/\\\/therefore.net\\\/de\\\/\",\"logo\":{\"@type\":\"ImageObject\",\"inLanguage\":\"de-DE\",\"@id\":\"https:\\\/\\\/therefore.net\\\/de\\\/#\\\/schema\\\/logo\\\/image\\\/\",\"url\":\"https:\\\/\\\/therefore.net\\\/wp\\\/..\\\/app\\\/uploads\\\/2022\\\/04\\\/logo.png\",\"contentUrl\":\"https:\\\/\\\/therefore.net\\\/wp\\\/..\\\/app\\\/uploads\\\/2022\\\/04\\\/logo.png\",\"width\":176,\"height\":48,\"caption\":\"Therefore\"},\"image\":{\"@id\":\"https:\\\/\\\/therefore.net\\\/de\\\/#\\\/schema\\\/logo\\\/image\\\/\"},\"sameAs\":[\"https:\\\/\\\/www.linkedin.com\\\/company\\\/therefore-corporation\\\/\",\"https:\\\/\\\/www.youtube.com\\\/user\\\/ThereforeTV\"]}]}<\/script>\n<!-- \/ Yoast SEO plugin. -->","yoast_head_json":{"title":"Dynamics NAV Connector Support","description":"Dynamics NAV Connector Support - Therefore ist bestrebt, stabile Software zu liefern und zu unterst\u00fctzen.","robots":{"index":"index","follow":"follow","max-snippet":"max-snippet:-1","max-image-preview":"max-image-preview:large","max-video-preview":"max-video-preview:-1"},"canonical":"https:\/\/therefore.net\/de\/dynamics-nav-connector-support\/","schema":{"@context":"https:\/\/schema.org","@graph":[{"@type":"WebPage","@id":"https:\/\/therefore.net\/de\/dynamics-nav-connector-support\/","url":"https:\/\/therefore.net\/de\/dynamics-nav-connector-support\/","name":"Dynamics NAV Connector Support","isPartOf":{"@id":"https:\/\/therefore.net\/de\/#website"},"datePublished":"2022-08-01T20:26:48+00:00","dateModified":"2023-06-08T01:43:28+00:00","description":"Dynamics NAV Connector Support - Therefore ist bestrebt, stabile Software zu liefern und zu unterst\u00fctzen.","breadcrumb":{"@id":"https:\/\/therefore.net\/de\/dynamics-nav-connector-support\/#breadcrumb"},"inLanguage":"de-DE","potentialAction":[{"@type":"ReadAction","target":["https:\/\/therefore.net\/de\/dynamics-nav-connector-support\/"]}]},{"@type":"BreadcrumbList","@id":"https:\/\/therefore.net\/de\/dynamics-nav-connector-support\/#breadcrumb","itemListElement":[{"@type":"ListItem","position":1,"name":"Home","item":"https:\/\/therefore.net\/de\/"},{"@type":"ListItem","position":2,"name":"Dynamics NAV Connector Support"}]},{"@type":"WebSite","@id":"https:\/\/therefore.net\/de\/#website","url":"https:\/\/therefore.net\/de\/","name":"Therefore","description":"","publisher":{"@id":"https:\/\/therefore.net\/de\/#organization"},"potentialAction":[{"@type":"SearchAction","target":{"@type":"EntryPoint","urlTemplate":"https:\/\/therefore.net\/de\/?s={search_term_string}"},"query-input":{"@type":"PropertyValueSpecification","valueRequired":true,"valueName":"search_term_string"}}],"inLanguage":"de-DE"},{"@type":"Organization","@id":"https:\/\/therefore.net\/de\/#organization","name":"Therefore","url":"https:\/\/therefore.net\/de\/","logo":{"@type":"ImageObject","inLanguage":"de-DE","@id":"https:\/\/therefore.net\/de\/#\/schema\/logo\/image\/","url":"https:\/\/therefore.net\/wp\/..\/app\/uploads\/2022\/04\/logo.png","contentUrl":"https:\/\/therefore.net\/wp\/..\/app\/uploads\/2022\/04\/logo.png","width":176,"height":48,"caption":"Therefore"},"image":{"@id":"https:\/\/therefore.net\/de\/#\/schema\/logo\/image\/"},"sameAs":["https:\/\/www.linkedin.com\/company\/therefore-corporation\/","https:\/\/www.youtube.com\/user\/ThereforeTV"]}]}},"_links":{"self":[{"href":"https:\/\/therefore.net\/de\/wp-json\/wp\/v2\/pages\/5259","targetHints":{"allow":["GET"]}}],"collection":[{"href":"https:\/\/therefore.net\/de\/wp-json\/wp\/v2\/pages"}],"about":[{"href":"https:\/\/therefore.net\/de\/wp-json\/wp\/v2\/types\/page"}],"author":[{"embeddable":true,"href":"https:\/\/therefore.net\/de\/wp-json\/wp\/v2\/users\/5"}],"replies":[{"embeddable":true,"href":"https:\/\/therefore.net\/de\/wp-json\/wp\/v2\/comments?post=5259"}],"version-history":[{"count":1,"href":"https:\/\/therefore.net\/de\/wp-json\/wp\/v2\/pages\/5259\/revisions"}],"predecessor-version":[{"id":5260,"href":"https:\/\/therefore.net\/de\/wp-json\/wp\/v2\/pages\/5259\/revisions\/5260"}],"wp:attachment":[{"href":"https:\/\/therefore.net\/de\/wp-json\/wp\/v2\/media?parent=5259"}],"curies":[{"name":"wp","href":"https:\/\/api.w.org\/{rel}","templated":true}]}}