{"id":5283,"date":"2022-08-01T22:48:13","date_gmt":"2022-08-01T20:48:13","guid":{"rendered":"https:\/\/therefore.net\/new-to-therefore\/"},"modified":"2023-06-08T18:35:09","modified_gmt":"2023-06-08T16:35:09","slug":"new-to-therefore","status":"publish","type":"page","link":"https:\/\/therefore.net\/de\/new-to-therefore\/","title":{"rendered":"New to Therefore\u2122"},"content":{"rendered":"<section class=\"custom-block accordion-block\">\n    <div class=\"container  accordion-block__container\">\n        <div class=\"accordion-block__accent\">\n            <svg width=\"350\" height=\"246\" viewBox=\"0 0 350 246\" fill=\"none\" xmlns=\"http:\/\/www.w3.org\/2000\/svg\">\n<g clip-path=\"url(#clip0_266_73703)\">\n<path d=\"M0 0H350V246H200C89.5431 246 0 156.457 0 46V0Z\" fill=\"#1E5BFA\"\/>\n<g filter=\"url(#filter0_f_266_73703)\">\n<circle cx=\"74\" cy=\"187\" r=\"218\" fill=\"#44EDF8\" fill-opacity=\"0.56\"\/>\n<\/g>\n<\/g>\n<defs>\n<filter id=\"filter0_f_266_73703\" x=\"-444\" y=\"-331\" width=\"1036\" height=\"1036\" filterUnits=\"userSpaceOnUse\" color-interpolation-filters=\"sRGB\">\n<feFlood flood-opacity=\"0\" result=\"BackgroundImageFix\"\/>\n<feBlend mode=\"normal\" in=\"SourceGraphic\" in2=\"BackgroundImageFix\" result=\"shape\"\/>\n<feGaussianBlur stdDeviation=\"150\" result=\"effect1_foregroundBlur_266_73703\"\/>\n<\/filter>\n<clipPath id=\"clip0_266_73703\">\n<path d=\"M0 0H350V246H200C89.5431 246 0 156.457 0 46V0Z\" fill=\"white\"\/>\n<\/clipPath>\n<\/defs>\n<\/svg>\n\n        <\/div>\n        <div class=\"accordion-block__content\">\n            <h2 class=\"accordion-block__content__heading\">\n                Willkommen bei Therefore\u2122 Go\n            <\/h2>\n            <div class=\"accordion-block__items\">\n                                                <div class=\"accordion-block__items__item accordion-item\">\n                    <h3 class=\"accordion-item__title\">\n                        Wie funktioniert Therefore\u2122 Go?\n                        <div class=\"accordion-item__toggle\">\n                            <svg width=\"24\" height=\"24\" viewBox=\"0 0 24 24\" fill=\"none\" xmlns=\"http:\/\/www.w3.org\/2000\/svg\">\n<path fill-rule=\"evenodd\" clip-rule=\"evenodd\" d=\"M13.1943 4.11509C13.1943 3.49924 12.6951 3 12.0792 3C11.4634 3 10.9642 3.49924 10.9642 4.11509L10.9642 10.8057L4.1151 10.8057C3.49925 10.8057 3 11.3049 3 11.9208C3 12.5366 3.49924 13.0358 4.11509 13.0358H10.9642L10.9642 19.8849C10.9642 20.5008 11.4634 21 12.0792 21C12.6951 21 13.1943 20.5008 13.1943 19.8849L13.1943 13.0358H19.8849C20.5008 13.0358 21 12.5366 21 11.9208C21 11.3049 20.5008 10.8057 19.8849 10.8057L13.1943 10.8057L13.1943 4.11509Z\" fill=\"black\" fill-opacity=\"0.87\"\/>\n<\/svg>\n\n                        <\/div>\n                    <\/h3>\n                    <div class=\"accordion-item__content\">\n                        <p>Therefore\u2122 Go ist eine Client-App, die eine Verbindung zu Ihrem Therefore\u2122 Server herstellt, um die dort gespeicherten Daten abzurufen. Geben Sie einfach Ihre Server-Verbindungsdaten, Ihren Benutzernamen und Ihr Kennwort ein, um auf das System zuzugreifen.<\/p>\n\n                                            <\/div>\n                <\/div>\n                                                <div class=\"accordion-block__items__item accordion-item\">\n                    <h3 class=\"accordion-item__title\">\n                        Aber ich habe keinen Therefore\u2122 Server&#8230;\n                        <div class=\"accordion-item__toggle\">\n                            <svg width=\"24\" height=\"24\" viewBox=\"0 0 24 24\" fill=\"none\" xmlns=\"http:\/\/www.w3.org\/2000\/svg\">\n<path fill-rule=\"evenodd\" clip-rule=\"evenodd\" d=\"M13.1943 4.11509C13.1943 3.49924 12.6951 3 12.0792 3C11.4634 3 10.9642 3.49924 10.9642 4.11509L10.9642 10.8057L4.1151 10.8057C3.49925 10.8057 3 11.3049 3 11.9208C3 12.5366 3.49924 13.0358 4.11509 13.0358H10.9642L10.9642 19.8849C10.9642 20.5008 11.4634 21 12.0792 21C12.6951 21 13.1943 20.5008 13.1943 19.8849L13.1943 13.0358H19.8849C20.5008 13.0358 21 12.5366 21 11.9208C21 11.3049 20.5008 10.8057 19.8849 10.8057L13.1943 10.8057L13.1943 4.11509Z\" fill=\"black\" fill-opacity=\"0.87\"\/>\n<\/svg>\n\n                        <\/div>\n                    <\/h3>\n                    <div class=\"accordion-item__content\">\n                        <p>Therefore\u2122 Go muss eine Verbindung zu einem Therefore\u2122 Server herstellen, um Daten abrufen zu k\u00f6nnen. Das bedeutet, dass Ihr Unternehmen \u00fcber ein ordnungsgem\u00e4\u00df konfiguriertes Therefore\u2122-System verf\u00fcgen muss. Die App funktioniert nicht, wenn Sie keinen Server haben, mit dem Sie eine Verbindung herstellen k\u00f6nnen.<\/p>\n\n                                            <\/div>\n                <\/div>\n                                                <div class=\"accordion-block__items__item accordion-item\">\n                    <h3 class=\"accordion-item__title\">\n                        Wie erhalte ich ein Therefore\u2122-System?\n                        <div class=\"accordion-item__toggle\">\n                            <svg width=\"24\" height=\"24\" viewBox=\"0 0 24 24\" fill=\"none\" xmlns=\"http:\/\/www.w3.org\/2000\/svg\">\n<path fill-rule=\"evenodd\" clip-rule=\"evenodd\" d=\"M13.1943 4.11509C13.1943 3.49924 12.6951 3 12.0792 3C11.4634 3 10.9642 3.49924 10.9642 4.11509L10.9642 10.8057L4.1151 10.8057C3.49925 10.8057 3 11.3049 3 11.9208C3 12.5366 3.49924 13.0358 4.11509 13.0358H10.9642L10.9642 19.8849C10.9642 20.5008 11.4634 21 12.0792 21C12.6951 21 13.1943 20.5008 13.1943 19.8849L13.1943 13.0358H19.8849C20.5008 13.0358 21 12.5366 21 11.9208C21 11.3049 20.5008 10.8057 19.8849 10.8057L13.1943 10.8057L13.1943 4.11509Z\" fill=\"black\" fill-opacity=\"0.87\"\/>\n<\/svg>\n\n                        <\/div>\n                    <\/h3>\n                    <div class=\"accordion-item__content\">\n                        <p>Therefore\u2122 ist eine gro\u00dfartige L\u00f6sung f\u00fcr Unternehmen jeder Gr\u00f6\u00dfe, die eine leistungsstarke Informationsmanagementl\u00f6sung suchen! Therefore\u2122 wird ausschlie\u00dflich \u00fcber unseren Vertriebspartner Canon verkauft. Wenn Sie mehr \u00fcber die Software oder die Kaufoptionen erfahren m\u00f6chten, setzen Sie sich mit\u00a0<a href=\"http:\/\/global.canon\/en\/support\/\" target=\"_blank\" rel=\"noopener\">Ihrer lokalen Canon-Niederlassung<\/a>\u00a0in Verbindung oder kontaktieren Sie uns direkt \u00fcber\u00a0<a href=\"https:\/\/therefore.net\/contact\/\" target=\"_blank\" rel=\"noopener\">unsere Website.<\/a><\/p>\n\n                                            <\/div>\n                <\/div>\n                                                <div class=\"accordion-block__items__item accordion-item\">\n                    <h3 class=\"accordion-item__title\">\n                        Ich m\u00f6chte mehr \u00fcber Therefore\u2122 erfahren!\n                        <div class=\"accordion-item__toggle\">\n                            <svg width=\"24\" height=\"24\" viewBox=\"0 0 24 24\" fill=\"none\" xmlns=\"http:\/\/www.w3.org\/2000\/svg\">\n<path fill-rule=\"evenodd\" clip-rule=\"evenodd\" d=\"M13.1943 4.11509C13.1943 3.49924 12.6951 3 12.0792 3C11.4634 3 10.9642 3.49924 10.9642 4.11509L10.9642 10.8057L4.1151 10.8057C3.49925 10.8057 3 11.3049 3 11.9208C3 12.5366 3.49924 13.0358 4.11509 13.0358H10.9642L10.9642 19.8849C10.9642 20.5008 11.4634 21 12.0792 21C12.6951 21 13.1943 20.5008 13.1943 19.8849L13.1943 13.0358H19.8849C20.5008 13.0358 21 12.5366 21 11.9208C21 11.3049 20.5008 10.8057 19.8849 10.8057L13.1943 10.8057L13.1943 4.11509Z\" fill=\"black\" fill-opacity=\"0.87\"\/>\n<\/svg>\n\n                        <\/div>\n                    <\/h3>\n                    <div class=\"accordion-item__content\">\n                        <p>Unter\u00a0<a href=\"https:\/\/therefore.net\/de\/\">www.therefore.net<\/a>\u00a0erfahren Sie mehr \u00fcber Therefore\u2122-L\u00f6sungen, und in unserem\u00a0<a href=\"https:\/\/therefore.net\/therefore-news-blog\/\" target=\"_blank\" rel=\"noopener\">Blog<\/a>\u00a0finden Sie die neuesten Nachrichten \u00fcber Informationsmanagement, Markttrends und viele andere interessante und informative Themen!<\/p>\n\n                                            <\/div>\n                <\/div>\n                            <\/div>\n        <\/div>\n    <\/div>\n<\/section>\n","protected":false},"excerpt":{"rendered":"","protected":false},"author":5,"featured_media":0,"parent":0,"menu_order":0,"comment_status":"closed","ping_status":"closed","template":"","meta":{"_acf_changed":false,"inline_featured_image":false,"footnotes":""},"class_list":["post-5283","page","type-page","status-publish","hentry"],"acf":[],"yoast_head":"<!-- This site is optimized with the Yoast SEO plugin v27.3 - https:\/\/yoast.com\/product\/yoast-seo-wordpress\/ -->\n<title>New to Therefore\u2122 Go<\/title>\n<meta name=\"description\" content=\"Willkommen bei Therefore\u2122 Go - Auf dieser Seite wird die Therefore\u2122 Go-App Benutzern vorgestellt, die sich zum ersten Mal anmelden.\" \/>\n<meta name=\"robots\" content=\"index, follow, max-snippet:-1, max-image-preview:large, max-video-preview:-1\" \/>\n<link rel=\"canonical\" href=\"https:\/\/therefore.net\/de\/new-to-therefore\/\" \/>\n<script type=\"application\/ld+json\" class=\"yoast-schema-graph\">{\"@context\":\"https:\\\/\\\/schema.org\",\"@graph\":[{\"@type\":\"WebPage\",\"@id\":\"https:\\\/\\\/therefore.net\\\/de\\\/new-to-therefore\\\/\",\"url\":\"https:\\\/\\\/therefore.net\\\/de\\\/new-to-therefore\\\/\",\"name\":\"New to Therefore\u2122 Go\",\"isPartOf\":{\"@id\":\"https:\\\/\\\/therefore.net\\\/de\\\/#website\"},\"datePublished\":\"2022-08-01T20:48:13+00:00\",\"dateModified\":\"2023-06-08T16:35:09+00:00\",\"description\":\"Willkommen bei Therefore\u2122 Go - Auf dieser Seite wird die Therefore\u2122 Go-App Benutzern vorgestellt, die sich zum ersten Mal anmelden.\",\"breadcrumb\":{\"@id\":\"https:\\\/\\\/therefore.net\\\/de\\\/new-to-therefore\\\/#breadcrumb\"},\"inLanguage\":\"de-DE\",\"potentialAction\":[{\"@type\":\"ReadAction\",\"target\":[\"https:\\\/\\\/therefore.net\\\/de\\\/new-to-therefore\\\/\"]}]},{\"@type\":\"BreadcrumbList\",\"@id\":\"https:\\\/\\\/therefore.net\\\/de\\\/new-to-therefore\\\/#breadcrumb\",\"itemListElement\":[{\"@type\":\"ListItem\",\"position\":1,\"name\":\"Home\",\"item\":\"https:\\\/\\\/therefore.net\\\/de\\\/\"},{\"@type\":\"ListItem\",\"position\":2,\"name\":\"New to Therefore\u2122\"}]},{\"@type\":\"WebSite\",\"@id\":\"https:\\\/\\\/therefore.net\\\/de\\\/#website\",\"url\":\"https:\\\/\\\/therefore.net\\\/de\\\/\",\"name\":\"Therefore\",\"description\":\"\",\"publisher\":{\"@id\":\"https:\\\/\\\/therefore.net\\\/de\\\/#organization\"},\"potentialAction\":[{\"@type\":\"SearchAction\",\"target\":{\"@type\":\"EntryPoint\",\"urlTemplate\":\"https:\\\/\\\/therefore.net\\\/de\\\/?s={search_term_string}\"},\"query-input\":{\"@type\":\"PropertyValueSpecification\",\"valueRequired\":true,\"valueName\":\"search_term_string\"}}],\"inLanguage\":\"de-DE\"},{\"@type\":\"Organization\",\"@id\":\"https:\\\/\\\/therefore.net\\\/de\\\/#organization\",\"name\":\"Therefore\",\"url\":\"https:\\\/\\\/therefore.net\\\/de\\\/\",\"logo\":{\"@type\":\"ImageObject\",\"inLanguage\":\"de-DE\",\"@id\":\"https:\\\/\\\/therefore.net\\\/de\\\/#\\\/schema\\\/logo\\\/image\\\/\",\"url\":\"https:\\\/\\\/therefore.net\\\/wp\\\/..\\\/app\\\/uploads\\\/2022\\\/04\\\/logo.png\",\"contentUrl\":\"https:\\\/\\\/therefore.net\\\/wp\\\/..\\\/app\\\/uploads\\\/2022\\\/04\\\/logo.png\",\"width\":176,\"height\":48,\"caption\":\"Therefore\"},\"image\":{\"@id\":\"https:\\\/\\\/therefore.net\\\/de\\\/#\\\/schema\\\/logo\\\/image\\\/\"},\"sameAs\":[\"https:\\\/\\\/www.linkedin.com\\\/company\\\/therefore-corporation\\\/\",\"https:\\\/\\\/www.youtube.com\\\/user\\\/ThereforeTV\"]}]}<\/script>\n<!-- \/ Yoast SEO plugin. -->","yoast_head_json":{"title":"New to Therefore\u2122 Go","description":"Willkommen bei Therefore\u2122 Go - Auf dieser Seite wird die Therefore\u2122 Go-App Benutzern vorgestellt, die sich zum ersten Mal anmelden.","robots":{"index":"index","follow":"follow","max-snippet":"max-snippet:-1","max-image-preview":"max-image-preview:large","max-video-preview":"max-video-preview:-1"},"canonical":"https:\/\/therefore.net\/de\/new-to-therefore\/","schema":{"@context":"https:\/\/schema.org","@graph":[{"@type":"WebPage","@id":"https:\/\/therefore.net\/de\/new-to-therefore\/","url":"https:\/\/therefore.net\/de\/new-to-therefore\/","name":"New to Therefore\u2122 Go","isPartOf":{"@id":"https:\/\/therefore.net\/de\/#website"},"datePublished":"2022-08-01T20:48:13+00:00","dateModified":"2023-06-08T16:35:09+00:00","description":"Willkommen bei Therefore\u2122 Go - Auf dieser Seite wird die Therefore\u2122 Go-App Benutzern vorgestellt, die sich zum ersten Mal anmelden.","breadcrumb":{"@id":"https:\/\/therefore.net\/de\/new-to-therefore\/#breadcrumb"},"inLanguage":"de-DE","potentialAction":[{"@type":"ReadAction","target":["https:\/\/therefore.net\/de\/new-to-therefore\/"]}]},{"@type":"BreadcrumbList","@id":"https:\/\/therefore.net\/de\/new-to-therefore\/#breadcrumb","itemListElement":[{"@type":"ListItem","position":1,"name":"Home","item":"https:\/\/therefore.net\/de\/"},{"@type":"ListItem","position":2,"name":"New to Therefore\u2122"}]},{"@type":"WebSite","@id":"https:\/\/therefore.net\/de\/#website","url":"https:\/\/therefore.net\/de\/","name":"Therefore","description":"","publisher":{"@id":"https:\/\/therefore.net\/de\/#organization"},"potentialAction":[{"@type":"SearchAction","target":{"@type":"EntryPoint","urlTemplate":"https:\/\/therefore.net\/de\/?s={search_term_string}"},"query-input":{"@type":"PropertyValueSpecification","valueRequired":true,"valueName":"search_term_string"}}],"inLanguage":"de-DE"},{"@type":"Organization","@id":"https:\/\/therefore.net\/de\/#organization","name":"Therefore","url":"https:\/\/therefore.net\/de\/","logo":{"@type":"ImageObject","inLanguage":"de-DE","@id":"https:\/\/therefore.net\/de\/#\/schema\/logo\/image\/","url":"https:\/\/therefore.net\/wp\/..\/app\/uploads\/2022\/04\/logo.png","contentUrl":"https:\/\/therefore.net\/wp\/..\/app\/uploads\/2022\/04\/logo.png","width":176,"height":48,"caption":"Therefore"},"image":{"@id":"https:\/\/therefore.net\/de\/#\/schema\/logo\/image\/"},"sameAs":["https:\/\/www.linkedin.com\/company\/therefore-corporation\/","https:\/\/www.youtube.com\/user\/ThereforeTV"]}]}},"_links":{"self":[{"href":"https:\/\/therefore.net\/de\/wp-json\/wp\/v2\/pages\/5283","targetHints":{"allow":["GET"]}}],"collection":[{"href":"https:\/\/therefore.net\/de\/wp-json\/wp\/v2\/pages"}],"about":[{"href":"https:\/\/therefore.net\/de\/wp-json\/wp\/v2\/types\/page"}],"author":[{"embeddable":true,"href":"https:\/\/therefore.net\/de\/wp-json\/wp\/v2\/users\/5"}],"replies":[{"embeddable":true,"href":"https:\/\/therefore.net\/de\/wp-json\/wp\/v2\/comments?post=5283"}],"version-history":[{"count":1,"href":"https:\/\/therefore.net\/de\/wp-json\/wp\/v2\/pages\/5283\/revisions"}],"predecessor-version":[{"id":5284,"href":"https:\/\/therefore.net\/de\/wp-json\/wp\/v2\/pages\/5283\/revisions\/5284"}],"wp:attachment":[{"href":"https:\/\/therefore.net\/de\/wp-json\/wp\/v2\/media?parent=5283"}],"curies":[{"name":"wp","href":"https:\/\/api.w.org\/{rel}","templated":true}]}}