{"id":5287,"date":"2022-08-01T22:49:37","date_gmt":"2022-08-01T20:49:37","guid":{"rendered":"https:\/\/therefore.net\/support\/"},"modified":"2023-06-20T06:21:53","modified_gmt":"2023-06-20T04:21:53","slug":"bc-support","status":"publish","type":"page","link":"https:\/\/therefore.net\/de\/bc-support\/","title":{"rendered":"Support"},"content":{"rendered":"<div class=\"custom-block simple-paragraph\">\n    <div class=\"container\">\n        <div class=\"blog-post__content blog-post__content--wide\">\n            <h4><strong>Technischer Support<\/strong><\/h4>\n<p><strong>Unser technisches Support-Team ist bestrebt, allen unseren Kunden Unterst\u00fctzung zu bieten. Wir arbeiten mit Canon und Canon Partnern zusammen, um technische Fragen und Anfragen zu beantworten.<\/strong><\/p>\n<p>&nbsp;<\/p>\n<p>Sie k\u00f6nnen das Therefore Support Team unter folgender Adresse erreichen:<\/p>\n<div class=\"wpb_text_column wpb_content_element vc_custom_1617047823140\">\n<div class=\"wpb_wrapper\">\n<p>&nbsp;<\/p>\n<p>Europa: +43 2236 865300 333 &#8211; 9.00-17.00 CET (Service auf Englisch oder Deutsch verf\u00fcgbar).<br \/>\nUSA und Kanada: +1 941 358 0335 &#8211; 9.00-17.00 EST (Service nur auf Englisch verf\u00fcgbar).<br \/>\nAsien und Australien: +613 9999 9029 &#8211; 8.00-18.00 PHT (Service nur auf Englisch verf\u00fcgbar).<br \/>\nTicketverwaltung: https:\/\/support.therefore.net<\/p>\n<p>&nbsp;<\/p>\n<p>Email: <a href=\"mailto:support@therefore.net\">support@therefore.net<\/a><\/p>\n<p>&nbsp;<\/p>\n<p>\u00dcbliche Reaktionszeit: 2-3 Werktage. Bitte beachten Sie, dass Sie unter aktiver Wartung stehen m\u00fcssen, um Hilfe zu erhalten.<\/p>\n<p>&nbsp;<\/p>\n<p>Zus\u00e4tzliche Ressourcen und technische Informationen zu Therefore\u2122 finden Sie auf unseren Hilfeseiten: <a href=\"http:\/\/therefore.net\/help\">www.therefore.net\/help<\/a><\/p>\n<\/div>\n<\/div>\n\n        <\/div>\n\n            <\/div>\n<\/div>\n\n","protected":false},"excerpt":{"rendered":"","protected":false},"author":5,"featured_media":0,"parent":0,"menu_order":0,"comment_status":"closed","ping_status":"closed","template":"","meta":{"_acf_changed":false,"inline_featured_image":false,"footnotes":""},"class_list":["post-5287","page","type-page","status-publish","hentry"],"acf":[],"yoast_head":"<!-- This site is optimized with the Yoast SEO plugin v27.4 - https:\/\/yoast.com\/product\/yoast-seo-wordpress\/ -->\n<title>Therefore\u2122 Support<\/title>\n<meta name=\"description\" content=\"Notre \u00e9quipe d&#039;assistance technique s&#039;engage \u00e0 fournir une assistance \u00e0 tous nos clients. Nous travaillons avec les partenaires Canon pour r\u00e9pondre aux questions techniques.\" \/>\n<meta name=\"robots\" content=\"index, follow, max-snippet:-1, max-image-preview:large, max-video-preview:-1\" \/>\n<link rel=\"canonical\" href=\"https:\/\/therefore.net\/de\/bc-support\/\" \/>\n<script type=\"application\/ld+json\" class=\"yoast-schema-graph\">{\"@context\":\"https:\\\/\\\/schema.org\",\"@graph\":[{\"@type\":\"WebPage\",\"@id\":\"https:\\\/\\\/therefore.net\\\/de\\\/bc-support\\\/\",\"url\":\"https:\\\/\\\/therefore.net\\\/de\\\/bc-support\\\/\",\"name\":\"Therefore\u2122 Support\",\"isPartOf\":{\"@id\":\"https:\\\/\\\/therefore.net\\\/de\\\/#website\"},\"datePublished\":\"2022-08-01T20:49:37+00:00\",\"dateModified\":\"2023-06-20T04:21:53+00:00\",\"description\":\"Notre \u00e9quipe d'assistance technique s'engage \u00e0 fournir une assistance \u00e0 tous nos clients. Nous travaillons avec les partenaires Canon pour r\u00e9pondre aux questions techniques.\",\"breadcrumb\":{\"@id\":\"https:\\\/\\\/therefore.net\\\/de\\\/bc-support\\\/#breadcrumb\"},\"inLanguage\":\"de-DE\",\"potentialAction\":[{\"@type\":\"ReadAction\",\"target\":[\"https:\\\/\\\/therefore.net\\\/de\\\/bc-support\\\/\"]}]},{\"@type\":\"BreadcrumbList\",\"@id\":\"https:\\\/\\\/therefore.net\\\/de\\\/bc-support\\\/#breadcrumb\",\"itemListElement\":[{\"@type\":\"ListItem\",\"position\":1,\"name\":\"Home\",\"item\":\"https:\\\/\\\/therefore.net\\\/de\\\/\"},{\"@type\":\"ListItem\",\"position\":2,\"name\":\"Support\"}]},{\"@type\":\"WebSite\",\"@id\":\"https:\\\/\\\/therefore.net\\\/de\\\/#website\",\"url\":\"https:\\\/\\\/therefore.net\\\/de\\\/\",\"name\":\"Therefore\",\"description\":\"\",\"publisher\":{\"@id\":\"https:\\\/\\\/therefore.net\\\/de\\\/#organization\"},\"potentialAction\":[{\"@type\":\"SearchAction\",\"target\":{\"@type\":\"EntryPoint\",\"urlTemplate\":\"https:\\\/\\\/therefore.net\\\/de\\\/?s={search_term_string}\"},\"query-input\":{\"@type\":\"PropertyValueSpecification\",\"valueRequired\":true,\"valueName\":\"search_term_string\"}}],\"inLanguage\":\"de-DE\"},{\"@type\":\"Organization\",\"@id\":\"https:\\\/\\\/therefore.net\\\/de\\\/#organization\",\"name\":\"Therefore\",\"url\":\"https:\\\/\\\/therefore.net\\\/de\\\/\",\"logo\":{\"@type\":\"ImageObject\",\"inLanguage\":\"de-DE\",\"@id\":\"https:\\\/\\\/therefore.net\\\/de\\\/#\\\/schema\\\/logo\\\/image\\\/\",\"url\":\"https:\\\/\\\/therefore.net\\\/wp\\\/..\\\/app\\\/uploads\\\/2022\\\/04\\\/logo.png\",\"contentUrl\":\"https:\\\/\\\/therefore.net\\\/wp\\\/..\\\/app\\\/uploads\\\/2022\\\/04\\\/logo.png\",\"width\":176,\"height\":48,\"caption\":\"Therefore\"},\"image\":{\"@id\":\"https:\\\/\\\/therefore.net\\\/de\\\/#\\\/schema\\\/logo\\\/image\\\/\"},\"sameAs\":[\"https:\\\/\\\/www.linkedin.com\\\/company\\\/therefore-corporation\\\/\",\"https:\\\/\\\/www.youtube.com\\\/user\\\/ThereforeTV\"]}]}<\/script>\n<!-- \/ Yoast SEO plugin. -->","yoast_head_json":{"title":"Therefore\u2122 Support","description":"Notre \u00e9quipe d'assistance technique s'engage \u00e0 fournir une assistance \u00e0 tous nos clients. Nous travaillons avec les partenaires Canon pour r\u00e9pondre aux questions techniques.","robots":{"index":"index","follow":"follow","max-snippet":"max-snippet:-1","max-image-preview":"max-image-preview:large","max-video-preview":"max-video-preview:-1"},"canonical":"https:\/\/therefore.net\/de\/bc-support\/","schema":{"@context":"https:\/\/schema.org","@graph":[{"@type":"WebPage","@id":"https:\/\/therefore.net\/de\/bc-support\/","url":"https:\/\/therefore.net\/de\/bc-support\/","name":"Therefore\u2122 Support","isPartOf":{"@id":"https:\/\/therefore.net\/de\/#website"},"datePublished":"2022-08-01T20:49:37+00:00","dateModified":"2023-06-20T04:21:53+00:00","description":"Notre \u00e9quipe d'assistance technique s'engage \u00e0 fournir une assistance \u00e0 tous nos clients. Nous travaillons avec les partenaires Canon pour r\u00e9pondre aux questions techniques.","breadcrumb":{"@id":"https:\/\/therefore.net\/de\/bc-support\/#breadcrumb"},"inLanguage":"de-DE","potentialAction":[{"@type":"ReadAction","target":["https:\/\/therefore.net\/de\/bc-support\/"]}]},{"@type":"BreadcrumbList","@id":"https:\/\/therefore.net\/de\/bc-support\/#breadcrumb","itemListElement":[{"@type":"ListItem","position":1,"name":"Home","item":"https:\/\/therefore.net\/de\/"},{"@type":"ListItem","position":2,"name":"Support"}]},{"@type":"WebSite","@id":"https:\/\/therefore.net\/de\/#website","url":"https:\/\/therefore.net\/de\/","name":"Therefore","description":"","publisher":{"@id":"https:\/\/therefore.net\/de\/#organization"},"potentialAction":[{"@type":"SearchAction","target":{"@type":"EntryPoint","urlTemplate":"https:\/\/therefore.net\/de\/?s={search_term_string}"},"query-input":{"@type":"PropertyValueSpecification","valueRequired":true,"valueName":"search_term_string"}}],"inLanguage":"de-DE"},{"@type":"Organization","@id":"https:\/\/therefore.net\/de\/#organization","name":"Therefore","url":"https:\/\/therefore.net\/de\/","logo":{"@type":"ImageObject","inLanguage":"de-DE","@id":"https:\/\/therefore.net\/de\/#\/schema\/logo\/image\/","url":"https:\/\/therefore.net\/wp\/..\/app\/uploads\/2022\/04\/logo.png","contentUrl":"https:\/\/therefore.net\/wp\/..\/app\/uploads\/2022\/04\/logo.png","width":176,"height":48,"caption":"Therefore"},"image":{"@id":"https:\/\/therefore.net\/de\/#\/schema\/logo\/image\/"},"sameAs":["https:\/\/www.linkedin.com\/company\/therefore-corporation\/","https:\/\/www.youtube.com\/user\/ThereforeTV"]}]}},"_links":{"self":[{"href":"https:\/\/therefore.net\/de\/wp-json\/wp\/v2\/pages\/5287","targetHints":{"allow":["GET"]}}],"collection":[{"href":"https:\/\/therefore.net\/de\/wp-json\/wp\/v2\/pages"}],"about":[{"href":"https:\/\/therefore.net\/de\/wp-json\/wp\/v2\/types\/page"}],"author":[{"embeddable":true,"href":"https:\/\/therefore.net\/de\/wp-json\/wp\/v2\/users\/5"}],"replies":[{"embeddable":true,"href":"https:\/\/therefore.net\/de\/wp-json\/wp\/v2\/comments?post=5287"}],"version-history":[{"count":3,"href":"https:\/\/therefore.net\/de\/wp-json\/wp\/v2\/pages\/5287\/revisions"}],"predecessor-version":[{"id":5295,"href":"https:\/\/therefore.net\/de\/wp-json\/wp\/v2\/pages\/5287\/revisions\/5295"}],"wp:attachment":[{"href":"https:\/\/therefore.net\/de\/wp-json\/wp\/v2\/media?parent=5287"}],"curies":[{"name":"wp","href":"https:\/\/api.w.org\/{rel}","templated":true}]}}