{"id":5325,"date":"2022-08-03T19:59:36","date_gmt":"2022-08-03T17:59:36","guid":{"rendered":"https:\/\/therefore.net\/auszeichnungen-zertifizierungen\/vers\/"},"modified":"2023-06-08T20:27:51","modified_gmt":"2023-06-08T18:27:51","slug":"vers","status":"publish","type":"page","link":"https:\/\/therefore.net\/de\/auszeichnungen-zertifizierungen\/vers\/","title":{"rendered":"VERS"},"content":{"rendered":"\n<section class=\"custom-block video-img-section video-img-section--shape \">\n    <div class=\"container video-img-section__container\">\n\n        <div class=\"video-img-section__row\">\n            <div class=\"video-img-section__media video-img-section__media\">\n                                <div class=\"video-img-section__media__item video-img-section__media__item--image\">\n                                            <img decoding=\"async\" width=\"635\" height=\"317\" src=\"https:\/\/therefore.net\/wp\/..\/app\/uploads\/2023\/04\/vers.png\" class=\"attachment-full size-full\" alt=\"Eine Person, die eine VERS-Uhr und einen Ring tr\u00e4gt, sortiert einen mit Dokumenten und Ordnern gef\u00fcllten Aktenschrank und w\u00e4hlt mit ihren Fingern vorsichtig eine Akte aus.\" srcset=\"https:\/\/therefore.net\/wp\/..\/app\/uploads\/2023\/04\/vers.png 635w, https:\/\/therefore.net\/wp\/..\/app\/uploads\/2023\/04\/vers-300x150.png 300w\" sizes=\"(max-width: 635px) 100vw, 635px\" \/>\n                                    <\/div>\n                            <\/div>\n\n            <div class=\"video-img-section__content\">\n                                                        <h2 class=\"video-img-section__title\">Therefore\u2122 und VERS<\/h2>\n                \n                            <\/div>\n        <\/div>\n\n\n    <\/div>\n\n<\/section>\n<div class=\"custom-block simple-paragraph\">\n    <div class=\"container\">\n        <div class=\"blog-post__content blog-post__content--wide\">\n            <h1 style=\"text-align: center;\"><strong>Was ist der Standard der Victorian Electronic Records Strategy (VERS)?<\/strong><\/h1>\n<p>&nbsp;<\/p>\n<p><strong>Die Victorian Electronic Records Strategy (VERS) ist ein vom Public Record Office Victoria (PROV &#8211; Australien) festgelegter Standard, der sich mit der Erfassung, Verwaltung und Bewahrung von elektronischen Unterlagen befasst.<\/strong><\/p>\n<div class=\"wpb_text_column wpb_content_element vc_custom_1519383769254\">\n<div class=\"wpb_wrapper\">\n<p>PROV wurde durch den Victorian Public Records Act 1973 mit der Absicht gegr\u00fcndet, die Aufbewahrung, Verwaltung und Nutzung der \u00f6ffentlichen Unterlagen des Staates zu verbessern. Um die VERS-Konformit\u00e4t zu erreichen, muss ein Produkt vom Public Records Office Victoria getestet und zertifiziert werden. Aufgrund seines ganzheitlichen Testverfahrens ist VERS zum weltweiten Standard f\u00fcr die elektronische Datenaufbewahrung geworden, da es ein Standardformat f\u00fcr elektronische Aufzeichnungen vorschreibt, das sich auf eine zuverl\u00e4ssige Archivierung konzentriert.<\/p>\n<\/div>\n<\/div>\n<div class=\"column\">\n<p>&nbsp;<\/p>\n<div class=\"row\"><\/div>\n<\/div>\n\n        <\/div>\n\n            <\/div>\n<\/div>\n\n<section class=\"custom-block join-therefore\">\n    <div class=\"container\">\n        <div class=\"join-therefore__inner\">\n                        <div class=\"join-therefore__title-wrapper\">\n                                <h2 class=\"join-therefore__title\">\n                    Therefore\u2122 ist konform\n                <\/h2>\n            <\/div>\n                        <div class=\"join-therefore__text-wrapper\">\n                <p class=\"join-therefore__text\">Therefore\u2122-Software wurde als VERS-konform zertifiziert (PROS 99\/007).<\/p>\n                            <\/div>\n        <\/div>\n    <\/div>\n<\/section>\n<div class=\"custom-block simple-paragraph\">\n    <div class=\"container\">\n        <div class=\"blog-post__content blog-post__content--wide\">\n            <div class=\"wpb_text_column wpb_content_element \">\n<div class=\"wpb_wrapper\">\n<h1><strong>Wie Therefore\u2122 helfen kann<\/strong><\/h1>\n<p>&nbsp;<\/p>\n<\/div>\n<\/div>\n<div class=\"wpb_text_column wpb_content_element vc_custom_1519383799759\">\n<div class=\"wpb_wrapper\">\n<p><strong>Therefore\u2122 Software ist seit 2016 als VERS-konform (PROS 99\/007) zertifiziert und erf\u00fcllt alle f\u00fcnf Spezifikationen des Standards, darunter:<\/strong><\/p>\n<\/div>\n<\/div>\n<div class=\"wpb_text_column wpb_content_element vc_custom_1519383823667\">\n<div class=\"wpb_wrapper\">\n<ul>\n<li><strong>Spezifikation 1<\/strong> &#8211; Systemanforderungen f\u00fcr die Aufbewahrung elektronischer Unterlagen &#8211; Erf\u00fcllt die Anforderungen, die ein Aufbewahrungssystem erf\u00fcllen muss, um elektronische Unterlagen \u00fcber einen langen Zeitraum aufzubewahren.<\/li>\n<li><strong>Spezifikation 2<\/strong> &#8211; VERS-Metadatenschema &#8211; Erf\u00fcllt die Anforderungen an die Metadaten, die ein Archivierungssystem enthalten muss, um VERS-konform zu sein.<\/li>\n<li><strong>Spezifikation 3<\/strong> &#8211; VERS Standard Electronic Record Format &#8211; Erf\u00fcllt die technische Definition des VERS Encapsulated Object (VEO) Formats; das obligatorische Langzeitformat f\u00fcr Aufzeichnungen.<\/li>\n<li><strong>Spezifikation 4<\/strong> &#8211; VERS Long Term Preservation Formats &#8211; Entspricht der Liste der Datenformate, die von PROV als geeignet f\u00fcr die Darstellung von Dokumenten \u00fcber einen l\u00e4ngeren Zeitraum akzeptiert werden.<\/li>\n<li><strong>Spezifikation 5<\/strong> &#8211; Export von elektronischen Aufzeichnungen zu PROV &#8211; Entspricht der Liste der zugelassenen Medien und Mechanismen, mit denen PROV einen Export von elektronischen Aufzeichnungen akzeptiert.<\/li>\n<\/ul>\n<\/div>\n<\/div>\n<p>&nbsp;<\/p>\n<div class=\"row\"><\/div>\n\n        <\/div>\n\n            <\/div>\n<\/div>\n\n<div class=\"custom-block simple-paragraph\">\n    <div class=\"container\">\n        <div class=\"blog-post__content blog-post__content--wide\">\n            <p><img decoding=\"async\" class=\"alignnone wp-image-996 size-large\" src=\"https:\/\/therefore.net\/app\/uploads\/2022\/08\/How_TF_Helps-1024x549.png\" alt=\"\" width=\"1024\" height=\"549\" srcset=\"https:\/\/therefore.net\/wp\/..\/app\/uploads\/2022\/08\/How_TF_Helps-1024x549.png 1024w, https:\/\/therefore.net\/wp\/..\/app\/uploads\/2022\/08\/How_TF_Helps-300x161.png 300w, https:\/\/therefore.net\/wp\/..\/app\/uploads\/2022\/08\/How_TF_Helps-768x412.png 768w, https:\/\/therefore.net\/wp\/..\/app\/uploads\/2022\/08\/How_TF_Helps-1536x823.png 1536w, https:\/\/therefore.net\/wp\/..\/app\/uploads\/2022\/08\/How_TF_Helps.png 1616w\" sizes=\"(max-width: 1024px) 100vw, 1024px\" \/><\/p>\n\n        <\/div>\n\n            <\/div>\n<\/div>\n\n\n<div style=\"height:100px\" aria-hidden=\"true\" class=\"wp-block-spacer\"><\/div>\n\n<h1 class=\"wp-block-heading has-text-align-center\">Mehr erfahren<\/h1>\n<div class=\"custom-block resources-tiles-block\">\n    <div class=\"container resources-tiles-block__container\">\n                    <div class=\"resources-tiles-block__tiles\">\n                                                        <div class=\"tile-item\">\n                        <div class=\"resources-tiles-block__tile tile-item__wrapper\">\n                            <div class=\"tile-item__content\">\n                                <h3 class=\"tile-item__title\">\n                                    Public Record Office Victoria\n                                <\/h3>\n                                <p class=\"tile-item__text\">Erfahren Sie mehr \u00fcber die Geschichte der VERS-Norm und sehen Sie sich VERS-konforme Produkte an, darunter Therefore\u2122.<\/p>\n                            <\/div>\n                            <div class=\"tile-item__cta\">\n                                                                                                            <a href=\"https:\/\/www.prov.vic.gov.au\/recordkeeping-government\/a-z-topics\/vers\" target=\"\"\n                                           class=\"tile-item__link arrow-link link-green\">Was ist VERS?<\/a>\n                                                                                                <\/div>\n                        <\/div>\n                    <\/div>\n                                                        <div class=\"tile-item\">\n                        <div class=\"resources-tiles-block__tile tile-item__wrapper\">\n                            <div class=\"tile-item__content\">\n                                <h3 class=\"tile-item__title\">\n                                    Public Record Office Victoria\n                                <\/h3>\n                                <p class=\"tile-item__text\">Erfahren Sie mehr \u00fcber den VERS-Standard f\u00fcr die langfristige Verwaltung und Bewahrung digitaler Unterlagen.<\/p>\n                            <\/div>\n                            <div class=\"tile-item__cta\">\n                                                                                                            <a href=\"https:\/\/www.prov.vic.gov.au\/recordkeeping-government\/about-standards-framework-policies\/vers-standard\" target=\"\"\n                                           class=\"tile-item__link arrow-link link-green\">The VERS Standard<\/a>\n                                                                                                <\/div>\n                        <\/div>\n                    <\/div>\n                            <\/div>\n            <\/div>\n<\/section>","protected":false},"excerpt":{"rendered":"<p>Mehr erfahren<\/p>\n","protected":false},"author":5,"featured_media":0,"parent":3492,"menu_order":0,"comment_status":"closed","ping_status":"closed","template":"","meta":{"_acf_changed":false,"inline_featured_image":false,"footnotes":""},"class_list":["post-5325","page","type-page","status-publish","hentry"],"acf":[],"yoast_head":"<!-- This site is optimized with the Yoast SEO plugin v27.3 - https:\/\/yoast.com\/product\/yoast-seo-wordpress\/ -->\n<title>Therefore\u2122 und der VERS-Standard<\/title>\n<meta name=\"description\" content=\"Die Victorian Electronic Records Strategy (VERS) ist ein vom Public Record Office Victoria (PROV - Australien) aufgestellter Standard, der sich mit der Erfassung, Verwaltung und Aufbewahrung elektronischer Unterlagen befasst.\" \/>\n<meta name=\"robots\" content=\"index, follow, max-snippet:-1, max-image-preview:large, max-video-preview:-1\" \/>\n<link rel=\"canonical\" href=\"https:\/\/therefore.net\/de\/auszeichnungen-zertifizierungen\/vers\/\" \/>\n<script type=\"application\/ld+json\" class=\"yoast-schema-graph\">{\"@context\":\"https:\\\/\\\/schema.org\",\"@graph\":[{\"@type\":\"WebPage\",\"@id\":\"https:\\\/\\\/therefore.net\\\/de\\\/auszeichnungen-zertifizierungen\\\/vers\\\/\",\"url\":\"https:\\\/\\\/therefore.net\\\/de\\\/auszeichnungen-zertifizierungen\\\/vers\\\/\",\"name\":\"Therefore\u2122 und der VERS-Standard\",\"isPartOf\":{\"@id\":\"https:\\\/\\\/therefore.net\\\/de\\\/#website\"},\"datePublished\":\"2022-08-03T17:59:36+00:00\",\"dateModified\":\"2023-06-08T18:27:51+00:00\",\"description\":\"Die Victorian Electronic Records Strategy (VERS) ist ein vom Public Record Office Victoria (PROV - Australien) aufgestellter Standard, der sich mit der Erfassung, Verwaltung und Aufbewahrung elektronischer Unterlagen befasst.\",\"breadcrumb\":{\"@id\":\"https:\\\/\\\/therefore.net\\\/de\\\/auszeichnungen-zertifizierungen\\\/vers\\\/#breadcrumb\"},\"inLanguage\":\"de-DE\",\"potentialAction\":[{\"@type\":\"ReadAction\",\"target\":[\"https:\\\/\\\/therefore.net\\\/de\\\/auszeichnungen-zertifizierungen\\\/vers\\\/\"]}]},{\"@type\":\"BreadcrumbList\",\"@id\":\"https:\\\/\\\/therefore.net\\\/de\\\/auszeichnungen-zertifizierungen\\\/vers\\\/#breadcrumb\",\"itemListElement\":[{\"@type\":\"ListItem\",\"position\":1,\"name\":\"Home\",\"item\":\"https:\\\/\\\/therefore.net\\\/de\\\/\"},{\"@type\":\"ListItem\",\"position\":2,\"name\":\"Auszeichnungen\\\/Zertifizierungen\",\"item\":\"https:\\\/\\\/therefore.net\\\/de\\\/auszeichnungen-zertifizierungen\\\/\"},{\"@type\":\"ListItem\",\"position\":3,\"name\":\"VERS\"}]},{\"@type\":\"WebSite\",\"@id\":\"https:\\\/\\\/therefore.net\\\/de\\\/#website\",\"url\":\"https:\\\/\\\/therefore.net\\\/de\\\/\",\"name\":\"Therefore\",\"description\":\"\",\"publisher\":{\"@id\":\"https:\\\/\\\/therefore.net\\\/de\\\/#organization\"},\"potentialAction\":[{\"@type\":\"SearchAction\",\"target\":{\"@type\":\"EntryPoint\",\"urlTemplate\":\"https:\\\/\\\/therefore.net\\\/de\\\/?s={search_term_string}\"},\"query-input\":{\"@type\":\"PropertyValueSpecification\",\"valueRequired\":true,\"valueName\":\"search_term_string\"}}],\"inLanguage\":\"de-DE\"},{\"@type\":\"Organization\",\"@id\":\"https:\\\/\\\/therefore.net\\\/de\\\/#organization\",\"name\":\"Therefore\",\"url\":\"https:\\\/\\\/therefore.net\\\/de\\\/\",\"logo\":{\"@type\":\"ImageObject\",\"inLanguage\":\"de-DE\",\"@id\":\"https:\\\/\\\/therefore.net\\\/de\\\/#\\\/schema\\\/logo\\\/image\\\/\",\"url\":\"https:\\\/\\\/therefore.net\\\/wp\\\/..\\\/app\\\/uploads\\\/2022\\\/04\\\/logo.png\",\"contentUrl\":\"https:\\\/\\\/therefore.net\\\/wp\\\/..\\\/app\\\/uploads\\\/2022\\\/04\\\/logo.png\",\"width\":176,\"height\":48,\"caption\":\"Therefore\"},\"image\":{\"@id\":\"https:\\\/\\\/therefore.net\\\/de\\\/#\\\/schema\\\/logo\\\/image\\\/\"},\"sameAs\":[\"https:\\\/\\\/www.linkedin.com\\\/company\\\/therefore-corporation\\\/\",\"https:\\\/\\\/www.youtube.com\\\/user\\\/ThereforeTV\"]}]}<\/script>\n<!-- \/ Yoast SEO plugin. -->","yoast_head_json":{"title":"Therefore\u2122 und der VERS-Standard","description":"Die Victorian Electronic Records Strategy (VERS) ist ein vom Public Record Office Victoria (PROV - Australien) aufgestellter Standard, der sich mit der Erfassung, Verwaltung und Aufbewahrung elektronischer Unterlagen befasst.","robots":{"index":"index","follow":"follow","max-snippet":"max-snippet:-1","max-image-preview":"max-image-preview:large","max-video-preview":"max-video-preview:-1"},"canonical":"https:\/\/therefore.net\/de\/auszeichnungen-zertifizierungen\/vers\/","schema":{"@context":"https:\/\/schema.org","@graph":[{"@type":"WebPage","@id":"https:\/\/therefore.net\/de\/auszeichnungen-zertifizierungen\/vers\/","url":"https:\/\/therefore.net\/de\/auszeichnungen-zertifizierungen\/vers\/","name":"Therefore\u2122 und der VERS-Standard","isPartOf":{"@id":"https:\/\/therefore.net\/de\/#website"},"datePublished":"2022-08-03T17:59:36+00:00","dateModified":"2023-06-08T18:27:51+00:00","description":"Die Victorian Electronic Records Strategy (VERS) ist ein vom Public Record Office Victoria (PROV - Australien) aufgestellter Standard, der sich mit der Erfassung, Verwaltung und Aufbewahrung elektronischer Unterlagen befasst.","breadcrumb":{"@id":"https:\/\/therefore.net\/de\/auszeichnungen-zertifizierungen\/vers\/#breadcrumb"},"inLanguage":"de-DE","potentialAction":[{"@type":"ReadAction","target":["https:\/\/therefore.net\/de\/auszeichnungen-zertifizierungen\/vers\/"]}]},{"@type":"BreadcrumbList","@id":"https:\/\/therefore.net\/de\/auszeichnungen-zertifizierungen\/vers\/#breadcrumb","itemListElement":[{"@type":"ListItem","position":1,"name":"Home","item":"https:\/\/therefore.net\/de\/"},{"@type":"ListItem","position":2,"name":"Auszeichnungen\/Zertifizierungen","item":"https:\/\/therefore.net\/de\/auszeichnungen-zertifizierungen\/"},{"@type":"ListItem","position":3,"name":"VERS"}]},{"@type":"WebSite","@id":"https:\/\/therefore.net\/de\/#website","url":"https:\/\/therefore.net\/de\/","name":"Therefore","description":"","publisher":{"@id":"https:\/\/therefore.net\/de\/#organization"},"potentialAction":[{"@type":"SearchAction","target":{"@type":"EntryPoint","urlTemplate":"https:\/\/therefore.net\/de\/?s={search_term_string}"},"query-input":{"@type":"PropertyValueSpecification","valueRequired":true,"valueName":"search_term_string"}}],"inLanguage":"de-DE"},{"@type":"Organization","@id":"https:\/\/therefore.net\/de\/#organization","name":"Therefore","url":"https:\/\/therefore.net\/de\/","logo":{"@type":"ImageObject","inLanguage":"de-DE","@id":"https:\/\/therefore.net\/de\/#\/schema\/logo\/image\/","url":"https:\/\/therefore.net\/wp\/..\/app\/uploads\/2022\/04\/logo.png","contentUrl":"https:\/\/therefore.net\/wp\/..\/app\/uploads\/2022\/04\/logo.png","width":176,"height":48,"caption":"Therefore"},"image":{"@id":"https:\/\/therefore.net\/de\/#\/schema\/logo\/image\/"},"sameAs":["https:\/\/www.linkedin.com\/company\/therefore-corporation\/","https:\/\/www.youtube.com\/user\/ThereforeTV"]}]}},"_links":{"self":[{"href":"https:\/\/therefore.net\/de\/wp-json\/wp\/v2\/pages\/5325","targetHints":{"allow":["GET"]}}],"collection":[{"href":"https:\/\/therefore.net\/de\/wp-json\/wp\/v2\/pages"}],"about":[{"href":"https:\/\/therefore.net\/de\/wp-json\/wp\/v2\/types\/page"}],"author":[{"embeddable":true,"href":"https:\/\/therefore.net\/de\/wp-json\/wp\/v2\/users\/5"}],"replies":[{"embeddable":true,"href":"https:\/\/therefore.net\/de\/wp-json\/wp\/v2\/comments?post=5325"}],"version-history":[{"count":1,"href":"https:\/\/therefore.net\/de\/wp-json\/wp\/v2\/pages\/5325\/revisions"}],"predecessor-version":[{"id":5327,"href":"https:\/\/therefore.net\/de\/wp-json\/wp\/v2\/pages\/5325\/revisions\/5327"}],"up":[{"embeddable":true,"href":"https:\/\/therefore.net\/de\/wp-json\/wp\/v2\/pages\/3492"}],"wp:attachment":[{"href":"https:\/\/therefore.net\/de\/wp-json\/wp\/v2\/media?parent=5325"}],"curies":[{"name":"wp","href":"https:\/\/api.w.org\/{rel}","templated":true}]}}