{"id":5328,"date":"2022-08-03T20:10:59","date_gmt":"2022-08-03T18:10:59","guid":{"rendered":"https:\/\/therefore.net\/auszeichnungen-zertifizierungen\/saehke2\/"},"modified":"2023-06-08T20:31:21","modified_gmt":"2023-06-08T18:31:21","slug":"saehke2","status":"publish","type":"page","link":"https:\/\/therefore.net\/de\/auszeichnungen-zertifizierungen\/saehke2\/","title":{"rendered":"S\u00c4HKE2"},"content":{"rendered":"<div class=\"custom-block simple-paragraph\">\n    <div class=\"container\">\n        <div class=\"blog-post__content blog-post__content--wide\">\n            <h1><strong>Was ist der S\u00c4HKE2-Standard?<\/strong><\/h1>\n<p>&nbsp;<\/p>\n<div class=\"wpb_text_column wpb_content_element vc_custom_1519384857545\">\n<div class=\"wpb_wrapper\">\n<p><strong>S\u00c4HKE2 ist der von der finnischen Regierung eingesetzte Standard, der einen einheitlichen Rahmen f\u00fcr den \u00f6ffentlichen Sektor zur Entwicklung eines effizienten elektronischen Aktenverwaltungssystems vorgibt.<\/strong><\/p>\n<\/div>\n<\/div>\n<div class=\"wpb_text_column wpb_content_element vc_custom_1519384880192\">\n<div class=\"wpb_wrapper\">\n<p>\u00d6ffentliche Organisationen in Finnland sind verpflichtet, S\u00c4HKE-kompatible elektronische Aktenverwaltungssysteme zu verwenden, wenn sie beabsichtigen, dauerhafte elektronische Akten an das finnische Nationalarchiv zu \u00fcbertragen. Die S\u00c4HKE-Anforderungen beziehen sich auf Funktionen der elektronischen Aktenverwaltung wie z.B:<\/p>\n<ul>\n<li>Verwaltung des Lebenszyklus<\/li>\n<li>Kontrolle der Metadaten<\/li>\n<li>Zugriffsrechte<\/li>\n<li>Aufbewahrung und Entsorgung<\/li>\n<li>\u00dcbergabe an das finnische Nationalarchiv<\/li>\n<\/ul>\n<\/div>\n<\/div>\n\n        <\/div>\n\n            <\/div>\n<\/div>\n\n<section class=\"custom-block join-therefore\">\n    <div class=\"container\">\n        <div class=\"join-therefore__inner\">\n                        <div class=\"join-therefore__title-wrapper\">\n                                <h2 class=\"join-therefore__title\">\n                    Therefore\u2122 ist konform\n                <\/h2>\n            <\/div>\n                        <div class=\"join-therefore__text-wrapper\">\n                <p class=\"join-therefore__text\">Therefore\u2122 wurde als konform mit dem S\u00c4HKE2-Standard zertifiziert.<\/p>\n                            <\/div>\n        <\/div>\n    <\/div>\n<\/section>\n<div class=\"custom-block simple-paragraph\">\n    <div class=\"container\">\n        <div class=\"blog-post__content blog-post__content--wide\">\n            <div class=\"wpb_text_column wpb_content_element \">\n<div class=\"wpb_wrapper\">\n<h1><strong>Wie Therefore\u2122 helfen kann<br \/>\n<\/strong><\/h1>\n<p>&nbsp;<\/p>\n<\/div>\n<\/div>\n<div class=\"wpb_text_column wpb_content_element vc_custom_1519386933198\">\n<div class=\"wpb_wrapper\">\n<p>\u00d6ffentliche Organisationen in Finnland k\u00f6nnen sich darauf verlassen, dass die Informationsmanagementl\u00f6sung von Therefore\u2122 von Inspecta f\u00fcr die Erf\u00fcllung des S\u00c4HKE2-Standards zertifiziert wurde. Sie bietet die Funktionen und Einrichtungen, die sie in die Lage versetzen, ihren Verpflichtungen in \u00dcbereinstimmung mit den von der finnischen Regierung festgelegten Vorschriften nachzukommen. Die Therefore\u2122-Software erf\u00fcllt die S\u00c4HKE2-Anforderungen, indem sie es den Nutzern erm\u00f6glicht, ihre Daten in einem sicheren Repository zu kontrollieren und einen sicheren Export von Metadaten in eine XML-Datei zu erm\u00f6glichen.<\/p>\n<\/div>\n<\/div>\n\n        <\/div>\n\n            <\/div>\n<\/div>\n\n<div class=\"custom-block simple-paragraph\">\n    <div class=\"container\">\n        <div class=\"blog-post__content blog-post__content--wide\">\n            <p><img decoding=\"async\" class=\"alignnone wp-image-1014 size-large\" src=\"https:\/\/therefore.net\/app\/uploads\/2022\/08\/SAHKE2-1024x198.png\" alt=\"\" width=\"1024\" height=\"198\" srcset=\"https:\/\/therefore.net\/wp\/..\/app\/uploads\/2022\/08\/SAHKE2-1024x198.png 1024w, https:\/\/therefore.net\/wp\/..\/app\/uploads\/2022\/08\/SAHKE2-300x58.png 300w, https:\/\/therefore.net\/wp\/..\/app\/uploads\/2022\/08\/SAHKE2-768x149.png 768w, https:\/\/therefore.net\/wp\/..\/app\/uploads\/2022\/08\/SAHKE2.png 1277w\" sizes=\"(max-width: 1024px) 100vw, 1024px\" \/><\/p>\n\n        <\/div>\n\n            <\/div>\n<\/div>\n\n\n<div style=\"height:100px\" aria-hidden=\"true\" class=\"wp-block-spacer\"><\/div>\n\n<h1 class=\"wp-block-heading has-text-align-center\">Mehr erfahren<\/h1>\n<div class=\"custom-block resources-tiles-block\">\n    <div class=\"container resources-tiles-block__container\">\n                    <div class=\"resources-tiles-block__tiles\">\n                                                        <div class=\"tile-item\">\n                        <div class=\"resources-tiles-block__tile tile-item__wrapper\">\n                            <div class=\"tile-item__content\">\n                                <h3 class=\"tile-item__title\">\n                                    Zertifiziert durch Inspecta\n                                <\/h3>\n                                <p class=\"tile-item__text\">Laden Sie das von Inspecta Sertifiointi Oy ausgestellte Zertifikat herunter, das belegt, dass die L\u00f6sung die S\u00c4HKE2-Anforderungen erf\u00fcllt.<\/p>\n                            <\/div>\n                            <div class=\"tile-item__cta\">\n                                                                                                            <a href=\"https:\/\/therefore.net\/app\/uploads\/2023\/04\/SAHKE2_Certification_9625-01en.pdf\" target=\"_blank\"\n                                           class=\"tile-item__link arrow-link link-green\">Konformit\u00e4tsbescheinigung<\/a>\n                                                                                                <\/div>\n                        <\/div>\n                    <\/div>\n                                                        <div class=\"tile-item\">\n                        <div class=\"resources-tiles-block__tile tile-item__wrapper\">\n                            <div class=\"tile-item__content\">\n                                <h3 class=\"tile-item__title\">\n                                    Nationalarchiv von Finnland\n                                <\/h3>\n                                <p class=\"tile-item__text\">Erfahren Sie mehr \u00fcber die Geschichte des S\u00c4HKE2-Standards und die Rolle des finnischen Nationalarchivs.<\/p>\n                            <\/div>\n                            <div class=\"tile-item__cta\">\n                                                                                                            <a href=\"https:\/\/www.arkisto.fi\/fi\/viranomaisille\/julkishallinnon-sahkoisen-sailyttamisen-ja-asiakirjahallinnan-neuvonta-ja-konsultointipalvelu\/s%C3%A4hke2-sertifiointi\" target=\"\"\n                                           class=\"tile-item__link arrow-link link-green\">S\u00c4HKE2-Zertifizierung<\/a>\n                                                                                                <\/div>\n                        <\/div>\n                    <\/div>\n                            <\/div>\n            <\/div>\n<\/section>","protected":false},"excerpt":{"rendered":"<p>Mehr erfahren<\/p>\n","protected":false},"author":5,"featured_media":0,"parent":3492,"menu_order":0,"comment_status":"closed","ping_status":"closed","template":"","meta":{"_acf_changed":false,"inline_featured_image":false,"footnotes":""},"class_list":["post-5328","page","type-page","status-publish","hentry"],"acf":[],"yoast_head":"<!-- This site is optimized with the Yoast SEO plugin v27.4 - https:\/\/yoast.com\/product\/yoast-seo-wordpress\/ -->\n<title>S\u00c4HKE2<\/title>\n<meta name=\"description\" content=\"S\u00c4HKE2 ist der von der finnischen Regierung verwendete Standard, der einen einheitlichen Rahmen f\u00fcr den \u00f6ffentlichen Sektor vorgibt.\" \/>\n<meta name=\"robots\" content=\"index, follow, max-snippet:-1, max-image-preview:large, max-video-preview:-1\" \/>\n<link rel=\"canonical\" href=\"https:\/\/therefore.net\/de\/auszeichnungen-zertifizierungen\/saehke2\/\" \/>\n<script type=\"application\/ld+json\" class=\"yoast-schema-graph\">{\"@context\":\"https:\\\/\\\/schema.org\",\"@graph\":[{\"@type\":\"WebPage\",\"@id\":\"https:\\\/\\\/therefore.net\\\/de\\\/auszeichnungen-zertifizierungen\\\/saehke2\\\/\",\"url\":\"https:\\\/\\\/therefore.net\\\/de\\\/auszeichnungen-zertifizierungen\\\/saehke2\\\/\",\"name\":\"S\u00c4HKE2\",\"isPartOf\":{\"@id\":\"https:\\\/\\\/therefore.net\\\/de\\\/#website\"},\"datePublished\":\"2022-08-03T18:10:59+00:00\",\"dateModified\":\"2023-06-08T18:31:21+00:00\",\"description\":\"S\u00c4HKE2 ist der von der finnischen Regierung verwendete Standard, der einen einheitlichen Rahmen f\u00fcr den \u00f6ffentlichen Sektor vorgibt.\",\"breadcrumb\":{\"@id\":\"https:\\\/\\\/therefore.net\\\/de\\\/auszeichnungen-zertifizierungen\\\/saehke2\\\/#breadcrumb\"},\"inLanguage\":\"de-DE\",\"potentialAction\":[{\"@type\":\"ReadAction\",\"target\":[\"https:\\\/\\\/therefore.net\\\/de\\\/auszeichnungen-zertifizierungen\\\/saehke2\\\/\"]}]},{\"@type\":\"BreadcrumbList\",\"@id\":\"https:\\\/\\\/therefore.net\\\/de\\\/auszeichnungen-zertifizierungen\\\/saehke2\\\/#breadcrumb\",\"itemListElement\":[{\"@type\":\"ListItem\",\"position\":1,\"name\":\"Home\",\"item\":\"https:\\\/\\\/therefore.net\\\/de\\\/\"},{\"@type\":\"ListItem\",\"position\":2,\"name\":\"Auszeichnungen\\\/Zertifizierungen\",\"item\":\"https:\\\/\\\/therefore.net\\\/de\\\/auszeichnungen-zertifizierungen\\\/\"},{\"@type\":\"ListItem\",\"position\":3,\"name\":\"S\u00c4HKE2\"}]},{\"@type\":\"WebSite\",\"@id\":\"https:\\\/\\\/therefore.net\\\/de\\\/#website\",\"url\":\"https:\\\/\\\/therefore.net\\\/de\\\/\",\"name\":\"Therefore\",\"description\":\"\",\"publisher\":{\"@id\":\"https:\\\/\\\/therefore.net\\\/de\\\/#organization\"},\"potentialAction\":[{\"@type\":\"SearchAction\",\"target\":{\"@type\":\"EntryPoint\",\"urlTemplate\":\"https:\\\/\\\/therefore.net\\\/de\\\/?s={search_term_string}\"},\"query-input\":{\"@type\":\"PropertyValueSpecification\",\"valueRequired\":true,\"valueName\":\"search_term_string\"}}],\"inLanguage\":\"de-DE\"},{\"@type\":\"Organization\",\"@id\":\"https:\\\/\\\/therefore.net\\\/de\\\/#organization\",\"name\":\"Therefore\",\"url\":\"https:\\\/\\\/therefore.net\\\/de\\\/\",\"logo\":{\"@type\":\"ImageObject\",\"inLanguage\":\"de-DE\",\"@id\":\"https:\\\/\\\/therefore.net\\\/de\\\/#\\\/schema\\\/logo\\\/image\\\/\",\"url\":\"https:\\\/\\\/therefore.net\\\/wp\\\/..\\\/app\\\/uploads\\\/2022\\\/04\\\/logo.png\",\"contentUrl\":\"https:\\\/\\\/therefore.net\\\/wp\\\/..\\\/app\\\/uploads\\\/2022\\\/04\\\/logo.png\",\"width\":176,\"height\":48,\"caption\":\"Therefore\"},\"image\":{\"@id\":\"https:\\\/\\\/therefore.net\\\/de\\\/#\\\/schema\\\/logo\\\/image\\\/\"},\"sameAs\":[\"https:\\\/\\\/www.linkedin.com\\\/company\\\/therefore-corporation\\\/\",\"https:\\\/\\\/www.youtube.com\\\/user\\\/ThereforeTV\"]}]}<\/script>\n<!-- \/ Yoast SEO plugin. -->","yoast_head_json":{"title":"S\u00c4HKE2","description":"S\u00c4HKE2 ist der von der finnischen Regierung verwendete Standard, der einen einheitlichen Rahmen f\u00fcr den \u00f6ffentlichen Sektor vorgibt.","robots":{"index":"index","follow":"follow","max-snippet":"max-snippet:-1","max-image-preview":"max-image-preview:large","max-video-preview":"max-video-preview:-1"},"canonical":"https:\/\/therefore.net\/de\/auszeichnungen-zertifizierungen\/saehke2\/","schema":{"@context":"https:\/\/schema.org","@graph":[{"@type":"WebPage","@id":"https:\/\/therefore.net\/de\/auszeichnungen-zertifizierungen\/saehke2\/","url":"https:\/\/therefore.net\/de\/auszeichnungen-zertifizierungen\/saehke2\/","name":"S\u00c4HKE2","isPartOf":{"@id":"https:\/\/therefore.net\/de\/#website"},"datePublished":"2022-08-03T18:10:59+00:00","dateModified":"2023-06-08T18:31:21+00:00","description":"S\u00c4HKE2 ist der von der finnischen Regierung verwendete Standard, der einen einheitlichen Rahmen f\u00fcr den \u00f6ffentlichen Sektor vorgibt.","breadcrumb":{"@id":"https:\/\/therefore.net\/de\/auszeichnungen-zertifizierungen\/saehke2\/#breadcrumb"},"inLanguage":"de-DE","potentialAction":[{"@type":"ReadAction","target":["https:\/\/therefore.net\/de\/auszeichnungen-zertifizierungen\/saehke2\/"]}]},{"@type":"BreadcrumbList","@id":"https:\/\/therefore.net\/de\/auszeichnungen-zertifizierungen\/saehke2\/#breadcrumb","itemListElement":[{"@type":"ListItem","position":1,"name":"Home","item":"https:\/\/therefore.net\/de\/"},{"@type":"ListItem","position":2,"name":"Auszeichnungen\/Zertifizierungen","item":"https:\/\/therefore.net\/de\/auszeichnungen-zertifizierungen\/"},{"@type":"ListItem","position":3,"name":"S\u00c4HKE2"}]},{"@type":"WebSite","@id":"https:\/\/therefore.net\/de\/#website","url":"https:\/\/therefore.net\/de\/","name":"Therefore","description":"","publisher":{"@id":"https:\/\/therefore.net\/de\/#organization"},"potentialAction":[{"@type":"SearchAction","target":{"@type":"EntryPoint","urlTemplate":"https:\/\/therefore.net\/de\/?s={search_term_string}"},"query-input":{"@type":"PropertyValueSpecification","valueRequired":true,"valueName":"search_term_string"}}],"inLanguage":"de-DE"},{"@type":"Organization","@id":"https:\/\/therefore.net\/de\/#organization","name":"Therefore","url":"https:\/\/therefore.net\/de\/","logo":{"@type":"ImageObject","inLanguage":"de-DE","@id":"https:\/\/therefore.net\/de\/#\/schema\/logo\/image\/","url":"https:\/\/therefore.net\/wp\/..\/app\/uploads\/2022\/04\/logo.png","contentUrl":"https:\/\/therefore.net\/wp\/..\/app\/uploads\/2022\/04\/logo.png","width":176,"height":48,"caption":"Therefore"},"image":{"@id":"https:\/\/therefore.net\/de\/#\/schema\/logo\/image\/"},"sameAs":["https:\/\/www.linkedin.com\/company\/therefore-corporation\/","https:\/\/www.youtube.com\/user\/ThereforeTV"]}]}},"_links":{"self":[{"href":"https:\/\/therefore.net\/de\/wp-json\/wp\/v2\/pages\/5328","targetHints":{"allow":["GET"]}}],"collection":[{"href":"https:\/\/therefore.net\/de\/wp-json\/wp\/v2\/pages"}],"about":[{"href":"https:\/\/therefore.net\/de\/wp-json\/wp\/v2\/types\/page"}],"author":[{"embeddable":true,"href":"https:\/\/therefore.net\/de\/wp-json\/wp\/v2\/users\/5"}],"replies":[{"embeddable":true,"href":"https:\/\/therefore.net\/de\/wp-json\/wp\/v2\/comments?post=5328"}],"version-history":[{"count":1,"href":"https:\/\/therefore.net\/de\/wp-json\/wp\/v2\/pages\/5328\/revisions"}],"predecessor-version":[{"id":5330,"href":"https:\/\/therefore.net\/de\/wp-json\/wp\/v2\/pages\/5328\/revisions\/5330"}],"up":[{"embeddable":true,"href":"https:\/\/therefore.net\/de\/wp-json\/wp\/v2\/pages\/3492"}],"wp:attachment":[{"href":"https:\/\/therefore.net\/de\/wp-json\/wp\/v2\/media?parent=5328"}],"curies":[{"name":"wp","href":"https:\/\/api.w.org\/{rel}","templated":true}]}}