{"id":5334,"date":"2022-08-03T20:19:30","date_gmt":"2022-08-03T18:19:30","guid":{"rendered":"https:\/\/therefore.net\/auszeichnungen-zertifizierungen\/privacy-amendment-notifiable-data-breaches-act-2017\/"},"modified":"2023-06-08T20:37:52","modified_gmt":"2023-06-08T18:37:52","slug":"privacy-amendment-notifiable-data-breaches-act-2017","status":"publish","type":"page","link":"https:\/\/therefore.net\/de\/auszeichnungen-zertifizierungen\/privacy-amendment-notifiable-data-breaches-act-2017\/","title":{"rendered":"PRIVACY AMENDMENT (NOTIFIABLE DATA BREACHES) ACT 2017"},"content":{"rendered":"\n<section class=\"custom-block video-img-section video-img-section--shape \">\n    <div class=\"container video-img-section__container\">\n\n        <div class=\"video-img-section__row\">\n            <div class=\"video-img-section__media video-img-section__media\">\n                                <div class=\"video-img-section__media__item video-img-section__media__item--image\">\n                                            <img decoding=\"async\" width=\"635\" height=\"317\" src=\"https:\/\/therefore.net\/wp\/..\/app\/uploads\/2023\/04\/australia-paa.png\" class=\"attachment-full size-full\" alt=\"Das Opernhaus von Sydney, beleuchtet in der Abendd\u00e4mmerung, mit den Geb\u00e4uden und Kr\u00e4nen der Stadt im Hintergrund, spiegelt sich im ruhigen Wasser des Hafens unter einem pastellfarbenen Himmel - ein Anblick, der die Innovation perfekt einrahmt, \u00e4hnlich wie Therefore\u2122 und die PAA die Gesch\u00e4ftslandschaft von Sydney ver\u00e4ndern.\" srcset=\"https:\/\/therefore.net\/wp\/..\/app\/uploads\/2023\/04\/australia-paa.png 635w, https:\/\/therefore.net\/wp\/..\/app\/uploads\/2023\/04\/australia-paa-300x150.png 300w\" sizes=\"(max-width: 635px) 100vw, 635px\" \/>\n                                    <\/div>\n                            <\/div>\n\n            <div class=\"video-img-section__content\">\n                                                        <h2 class=\"video-img-section__title\">Therefore\u2122 und die PAA<\/h2>\n                \n                            <\/div>\n        <\/div>\n\n\n    <\/div>\n\n<\/section>\n<div class=\"custom-block simple-paragraph\">\n    <div class=\"container\">\n        <div class=\"blog-post__content blog-post__content--wide\">\n            <h1>Was ist der Privacy Amendment Act?<\/h1>\n<p>&nbsp;<\/p>\n<div class=\"wpb_text_column wpb_content_element vc_custom_1519212751801\">\n<div class=\"wpb_wrapper\">\n<p><strong>Der Privacy Amendment (Notifiable Data Breaches) Act 2017 wurde von der australischen Regierung erlassen, um den Privacy Act 1988, das urspr\u00fcngliche Gesetz zur Regelung des Umgangs mit personenbezogenen Daten, zu \u00e4ndern. Das Gesetz erweitert den Umfang des Schutzes personenbezogener Daten f\u00fcr in Australien ans\u00e4ssige Personen und gilt ab dem 22. Februar 2018 vollst\u00e4ndig.<\/strong><\/p>\n<\/div>\n<\/div>\n<div class=\"wpb_text_column wpb_content_element vc_custom_1519212778896\">\n<div class=\"wpb_wrapper\">\n<p>Die &#8220;Notifiable Data Breaches (NDB)&#8221;-Regelung f\u00fchrt die Verpflichtung ein, Personen zu benachrichtigen, deren personenbezogene Daten von einer Datenschutzverletzung betroffen sind, die wahrscheinlich zu einem Schaden f\u00fcr diejenigen f\u00fchrt, deren Daten kompromittiert wurden. Die Benachrichtigung muss Empfehlungen \u00fcber die Schritte enthalten, die Einzelpersonen als Reaktion auf die Verletzung unternehmen sollten. Auch der australische Informationsbeauftragte (Australian Information Commissioner) muss \u00fcber in Frage kommende Datenschutzverletzungen informiert werden. Beh\u00f6rden und Organisationen sind nach dem Privacy Act von 1988 und seiner \u00c4nderung von 2017 verpflichtet, Ma\u00dfnahmen zum Schutz bestimmter Kategorien personenbezogener Daten zu ergreifen, mit denen eine Person leicht identifiziert werden kann. Dazu geh\u00f6ren unter anderem australische Regierungsbeh\u00f6rden, Unternehmen und gemeinn\u00fctzige Organisationen mit einem Jahresumsatz von mindestens 3 Millionen US-Dollar, Kreditauskunfteien, Gesundheitsdienstleister und TFN-Empf\u00e4nger.<\/p>\n<\/div>\n<\/div>\n\n        <\/div>\n\n            <\/div>\n<\/div>\n\n<section class=\"custom-block join-therefore\">\n    <div class=\"container\">\n        <div class=\"join-therefore__inner\">\n                        <div class=\"join-therefore__title-wrapper\">\n                                <h2 class=\"join-therefore__title\">\n                    Therefore\u2122 und die PAA\n                <\/h2>\n            <\/div>\n                        <div class=\"join-therefore__text-wrapper\">\n                <p class=\"join-therefore__text\">Als weltweit t\u00e4tige Organisation begr\u00fc\u00dft die Therefore Corporation die neue Verordnung als einen Schritt in die richtige Richtung zur St\u00e4rkung der pers\u00f6nlichen Datenschutzrechte.<\/p>\n                            <\/div>\n        <\/div>\n    <\/div>\n<\/section>\n<div class=\"custom-block simple-paragraph\">\n    <div class=\"container\">\n        <div class=\"blog-post__content blog-post__content--wide\">\n            <div class=\"wpb_text_column wpb_content_element \">\n<div class=\"wpb_wrapper\">\n<h1><strong>Wie Therefore\u2122 helfen kann<\/strong><\/h1>\n<p>&nbsp;<\/p>\n<\/div>\n<\/div>\n<div class=\"wpb_text_column wpb_content_element vc_custom_1519212824539\">\n<div class=\"wpb_wrapper\">\n<p><strong>Das Privacy Amendment (Notifiable Data Breaches) Act 2017 erfordert von allen betroffenen Unternehmen erhebliche Anstrengungen und Investitionen in die Datensicherheit und den Datenschutz. Therefore\u2122 basiert auf den Konzepten &#8220;Privacy by Design&#8221; und &#8220;Privacy by Default&#8221; und bietet damit eine ideale L\u00f6sung f\u00fcr die Einhaltung der Vorschriften.<\/strong><\/p>\n<p>&nbsp;<\/p>\n<\/div>\n<\/div>\n<p>Die Therefore Corporation ist bestrebt, Sie bei der Einhaltung des Gesetzes zu unterst\u00fctzen, indem sie eine Informationsmanagementl\u00f6sung anbietet, mit der Sie die in Ihrem Unternehmen gespeicherten personenbezogenen Daten speichern, finden und katalogisieren und eine sicherere Datenumgebung schaffen k\u00f6nnen. Dar\u00fcber hinaus bietet Therefore\u2122 Ressourcen, die die \u00dcberwachung und Verwaltung der von Ihnen im System gespeicherten personenbezogenen Daten vereinfachen, sowie Tools, die Sie bei der Erf\u00fcllung der Berichts- und Bewertungsanforderungen der Verordnung unterst\u00fctzen.<\/p>\n<p>Angesichts des breiten Geltungsbereichs und der Art des Datenschutzgesetzes und des NDB-Systems ist es jedoch wichtig zu erkennen, dass die Einhaltung der Vorschriften \u00fcber die Software hinausgeht. Die Einhaltung der Vorschriften ist das Ergebnis einer Kombination aus soliden Datenschutzrichtlinien, Verfahren, Schulungen und Berichterstattung. Therefore\u2122 kann Ihre Organisation dabei unterst\u00fctzen, diese Ergebnisse und damit die Einhaltung der Vorschriften zu erreichen, indem es Tools bereitstellt, die es Ihnen erleichtern, die in Ihrer Organisation gespeicherten personenbezogenen Daten zu ermitteln, zu verwalten, zu sichern und dar\u00fcber zu berichten.<\/p>\n<p>Ein korrekt konfiguriertes, gewartetes und verwaltetes Therefore\u2122-System hilft Ihnen, personenbezogene Daten sicher zu handhaben und bietet mehr Schutz vor Datenschutzverletzungen, wenn es mit geeigneten organisatorischen Verfahren, Schulungen und Abl\u00e4ufen kombiniert wird.<\/p>\n\n        <\/div>\n\n            <\/div>\n<\/div>\n\n<div class=\"custom-block simple-paragraph\">\n    <div class=\"container\">\n        <div class=\"blog-post__content blog-post__content--wide\">\n            <p><img decoding=\"async\" class=\"alignnone size-large wp-image-996\" src=\"https:\/\/therefore.net\/app\/uploads\/2022\/08\/How_TF_Helps-1024x549.png\" alt=\"\" width=\"1024\" height=\"549\" srcset=\"https:\/\/therefore.net\/wp\/..\/app\/uploads\/2022\/08\/How_TF_Helps-1024x549.png 1024w, https:\/\/therefore.net\/wp\/..\/app\/uploads\/2022\/08\/How_TF_Helps-300x161.png 300w, https:\/\/therefore.net\/wp\/..\/app\/uploads\/2022\/08\/How_TF_Helps-768x412.png 768w, https:\/\/therefore.net\/wp\/..\/app\/uploads\/2022\/08\/How_TF_Helps-1536x823.png 1536w, https:\/\/therefore.net\/wp\/..\/app\/uploads\/2022\/08\/How_TF_Helps.png 1616w\" sizes=\"(max-width: 1024px) 100vw, 1024px\" \/><\/p>\n\n        <\/div>\n\n            <\/div>\n<\/div>\n\n\n<div style=\"height:100px\" aria-hidden=\"true\" class=\"wp-block-spacer\"><\/div>\n\n<h1 class=\"wp-block-heading has-text-align-center\">Mehr erfahren<\/h1>\n<div class=\"custom-block resources-tiles-block\">\n    <div class=\"container resources-tiles-block__container\">\n                    <div class=\"resources-tiles-block__tiles\">\n                                                        <div class=\"tile-item\">\n                        <div class=\"resources-tiles-block__tile tile-item__wrapper\">\n                            <div class=\"tile-item__content\">\n                                <h3 class=\"tile-item__title\">\n                                    Notifiable Data Breaches: What You Need to Know\n                                <\/h3>\n                                <p class=\"tile-item__text\">Erfahren Sie, was Sie \u00fcber den Privacy Amendment (Notifiable Data Breaches) Act 2017 wissen m\u00fcssen, wie Therefore\u2122 Ihnen helfen kann und wie Sie den Weg zur Einhaltung der Vorschriften beschreiten k\u00f6nnen.<\/p>\n                            <\/div>\n                            <div class=\"tile-item__cta\">\n                                                                                                            <a href=\"https:\/\/therefore.net\/app\/uploads\/2022\/08\/Notifiable-Data-Breaches-What-You-Need-to-Know.pdf\" target=\"\"\n                                           class=\"tile-item__link arrow-link link-green\">Anleitung herunterladen<\/a>\n                                                                                                <\/div>\n                        <\/div>\n                    <\/div>\n                            <\/div>\n            <\/div>\n<\/section>","protected":false},"excerpt":{"rendered":"<p>Mehr erfahren<\/p>\n","protected":false},"author":5,"featured_media":0,"parent":3492,"menu_order":0,"comment_status":"closed","ping_status":"closed","template":"","meta":{"_acf_changed":false,"inline_featured_image":false,"footnotes":""},"class_list":["post-5334","page","type-page","status-publish","hentry"],"acf":[],"yoast_head":"<!-- This site is optimized with the Yoast SEO plugin v27.3 - https:\/\/yoast.com\/product\/yoast-seo-wordpress\/ -->\n<title>Therefore\u2122 und die PAA<\/title>\n<meta name=\"description\" content=\"Therefore\u2122 und die PAA - Erfahren Sie, wie Therefore\u2122-L\u00f6sungen Unternehmen dabei helfen, den Australian Privacy Amendmen Act einzuhalten.\" \/>\n<meta name=\"robots\" content=\"index, follow, max-snippet:-1, max-image-preview:large, max-video-preview:-1\" \/>\n<link rel=\"canonical\" href=\"https:\/\/therefore.net\/de\/auszeichnungen-zertifizierungen\/privacy-amendment-notifiable-data-breaches-act-2017\/\" \/>\n<script type=\"application\/ld+json\" class=\"yoast-schema-graph\">{\"@context\":\"https:\\\/\\\/schema.org\",\"@graph\":[{\"@type\":\"WebPage\",\"@id\":\"https:\\\/\\\/therefore.net\\\/de\\\/auszeichnungen-zertifizierungen\\\/privacy-amendment-notifiable-data-breaches-act-2017\\\/\",\"url\":\"https:\\\/\\\/therefore.net\\\/de\\\/auszeichnungen-zertifizierungen\\\/privacy-amendment-notifiable-data-breaches-act-2017\\\/\",\"name\":\"Therefore\u2122 und die PAA\",\"isPartOf\":{\"@id\":\"https:\\\/\\\/therefore.net\\\/de\\\/#website\"},\"datePublished\":\"2022-08-03T18:19:30+00:00\",\"dateModified\":\"2023-06-08T18:37:52+00:00\",\"description\":\"Therefore\u2122 und die PAA - Erfahren Sie, wie Therefore\u2122-L\u00f6sungen Unternehmen dabei helfen, den Australian Privacy Amendmen Act einzuhalten.\",\"breadcrumb\":{\"@id\":\"https:\\\/\\\/therefore.net\\\/de\\\/auszeichnungen-zertifizierungen\\\/privacy-amendment-notifiable-data-breaches-act-2017\\\/#breadcrumb\"},\"inLanguage\":\"de-DE\",\"potentialAction\":[{\"@type\":\"ReadAction\",\"target\":[\"https:\\\/\\\/therefore.net\\\/de\\\/auszeichnungen-zertifizierungen\\\/privacy-amendment-notifiable-data-breaches-act-2017\\\/\"]}]},{\"@type\":\"BreadcrumbList\",\"@id\":\"https:\\\/\\\/therefore.net\\\/de\\\/auszeichnungen-zertifizierungen\\\/privacy-amendment-notifiable-data-breaches-act-2017\\\/#breadcrumb\",\"itemListElement\":[{\"@type\":\"ListItem\",\"position\":1,\"name\":\"Home\",\"item\":\"https:\\\/\\\/therefore.net\\\/de\\\/\"},{\"@type\":\"ListItem\",\"position\":2,\"name\":\"Auszeichnungen\\\/Zertifizierungen\",\"item\":\"https:\\\/\\\/therefore.net\\\/de\\\/auszeichnungen-zertifizierungen\\\/\"},{\"@type\":\"ListItem\",\"position\":3,\"name\":\"PRIVACY AMENDMENT (NOTIFIABLE DATA BREACHES) ACT 2017\"}]},{\"@type\":\"WebSite\",\"@id\":\"https:\\\/\\\/therefore.net\\\/de\\\/#website\",\"url\":\"https:\\\/\\\/therefore.net\\\/de\\\/\",\"name\":\"Therefore\",\"description\":\"\",\"publisher\":{\"@id\":\"https:\\\/\\\/therefore.net\\\/de\\\/#organization\"},\"potentialAction\":[{\"@type\":\"SearchAction\",\"target\":{\"@type\":\"EntryPoint\",\"urlTemplate\":\"https:\\\/\\\/therefore.net\\\/de\\\/?s={search_term_string}\"},\"query-input\":{\"@type\":\"PropertyValueSpecification\",\"valueRequired\":true,\"valueName\":\"search_term_string\"}}],\"inLanguage\":\"de-DE\"},{\"@type\":\"Organization\",\"@id\":\"https:\\\/\\\/therefore.net\\\/de\\\/#organization\",\"name\":\"Therefore\",\"url\":\"https:\\\/\\\/therefore.net\\\/de\\\/\",\"logo\":{\"@type\":\"ImageObject\",\"inLanguage\":\"de-DE\",\"@id\":\"https:\\\/\\\/therefore.net\\\/de\\\/#\\\/schema\\\/logo\\\/image\\\/\",\"url\":\"https:\\\/\\\/therefore.net\\\/wp\\\/..\\\/app\\\/uploads\\\/2022\\\/04\\\/logo.png\",\"contentUrl\":\"https:\\\/\\\/therefore.net\\\/wp\\\/..\\\/app\\\/uploads\\\/2022\\\/04\\\/logo.png\",\"width\":176,\"height\":48,\"caption\":\"Therefore\"},\"image\":{\"@id\":\"https:\\\/\\\/therefore.net\\\/de\\\/#\\\/schema\\\/logo\\\/image\\\/\"},\"sameAs\":[\"https:\\\/\\\/www.linkedin.com\\\/company\\\/therefore-corporation\\\/\",\"https:\\\/\\\/www.youtube.com\\\/user\\\/ThereforeTV\"]}]}<\/script>\n<!-- \/ Yoast SEO plugin. -->","yoast_head_json":{"title":"Therefore\u2122 und die PAA","description":"Therefore\u2122 und die PAA - Erfahren Sie, wie Therefore\u2122-L\u00f6sungen Unternehmen dabei helfen, den Australian Privacy Amendmen Act einzuhalten.","robots":{"index":"index","follow":"follow","max-snippet":"max-snippet:-1","max-image-preview":"max-image-preview:large","max-video-preview":"max-video-preview:-1"},"canonical":"https:\/\/therefore.net\/de\/auszeichnungen-zertifizierungen\/privacy-amendment-notifiable-data-breaches-act-2017\/","schema":{"@context":"https:\/\/schema.org","@graph":[{"@type":"WebPage","@id":"https:\/\/therefore.net\/de\/auszeichnungen-zertifizierungen\/privacy-amendment-notifiable-data-breaches-act-2017\/","url":"https:\/\/therefore.net\/de\/auszeichnungen-zertifizierungen\/privacy-amendment-notifiable-data-breaches-act-2017\/","name":"Therefore\u2122 und die PAA","isPartOf":{"@id":"https:\/\/therefore.net\/de\/#website"},"datePublished":"2022-08-03T18:19:30+00:00","dateModified":"2023-06-08T18:37:52+00:00","description":"Therefore\u2122 und die PAA - Erfahren Sie, wie Therefore\u2122-L\u00f6sungen Unternehmen dabei helfen, den Australian Privacy Amendmen Act einzuhalten.","breadcrumb":{"@id":"https:\/\/therefore.net\/de\/auszeichnungen-zertifizierungen\/privacy-amendment-notifiable-data-breaches-act-2017\/#breadcrumb"},"inLanguage":"de-DE","potentialAction":[{"@type":"ReadAction","target":["https:\/\/therefore.net\/de\/auszeichnungen-zertifizierungen\/privacy-amendment-notifiable-data-breaches-act-2017\/"]}]},{"@type":"BreadcrumbList","@id":"https:\/\/therefore.net\/de\/auszeichnungen-zertifizierungen\/privacy-amendment-notifiable-data-breaches-act-2017\/#breadcrumb","itemListElement":[{"@type":"ListItem","position":1,"name":"Home","item":"https:\/\/therefore.net\/de\/"},{"@type":"ListItem","position":2,"name":"Auszeichnungen\/Zertifizierungen","item":"https:\/\/therefore.net\/de\/auszeichnungen-zertifizierungen\/"},{"@type":"ListItem","position":3,"name":"PRIVACY AMENDMENT (NOTIFIABLE DATA BREACHES) ACT 2017"}]},{"@type":"WebSite","@id":"https:\/\/therefore.net\/de\/#website","url":"https:\/\/therefore.net\/de\/","name":"Therefore","description":"","publisher":{"@id":"https:\/\/therefore.net\/de\/#organization"},"potentialAction":[{"@type":"SearchAction","target":{"@type":"EntryPoint","urlTemplate":"https:\/\/therefore.net\/de\/?s={search_term_string}"},"query-input":{"@type":"PropertyValueSpecification","valueRequired":true,"valueName":"search_term_string"}}],"inLanguage":"de-DE"},{"@type":"Organization","@id":"https:\/\/therefore.net\/de\/#organization","name":"Therefore","url":"https:\/\/therefore.net\/de\/","logo":{"@type":"ImageObject","inLanguage":"de-DE","@id":"https:\/\/therefore.net\/de\/#\/schema\/logo\/image\/","url":"https:\/\/therefore.net\/wp\/..\/app\/uploads\/2022\/04\/logo.png","contentUrl":"https:\/\/therefore.net\/wp\/..\/app\/uploads\/2022\/04\/logo.png","width":176,"height":48,"caption":"Therefore"},"image":{"@id":"https:\/\/therefore.net\/de\/#\/schema\/logo\/image\/"},"sameAs":["https:\/\/www.linkedin.com\/company\/therefore-corporation\/","https:\/\/www.youtube.com\/user\/ThereforeTV"]}]}},"_links":{"self":[{"href":"https:\/\/therefore.net\/de\/wp-json\/wp\/v2\/pages\/5334","targetHints":{"allow":["GET"]}}],"collection":[{"href":"https:\/\/therefore.net\/de\/wp-json\/wp\/v2\/pages"}],"about":[{"href":"https:\/\/therefore.net\/de\/wp-json\/wp\/v2\/types\/page"}],"author":[{"embeddable":true,"href":"https:\/\/therefore.net\/de\/wp-json\/wp\/v2\/users\/5"}],"replies":[{"embeddable":true,"href":"https:\/\/therefore.net\/de\/wp-json\/wp\/v2\/comments?post=5334"}],"version-history":[{"count":1,"href":"https:\/\/therefore.net\/de\/wp-json\/wp\/v2\/pages\/5334\/revisions"}],"predecessor-version":[{"id":5336,"href":"https:\/\/therefore.net\/de\/wp-json\/wp\/v2\/pages\/5334\/revisions\/5336"}],"up":[{"embeddable":true,"href":"https:\/\/therefore.net\/de\/wp-json\/wp\/v2\/pages\/3492"}],"wp:attachment":[{"href":"https:\/\/therefore.net\/de\/wp-json\/wp\/v2\/media?parent=5334"}],"curies":[{"name":"wp","href":"https:\/\/api.w.org\/{rel}","templated":true}]}}