{"id":5340,"date":"2022-08-03T21:47:10","date_gmt":"2022-08-03T19:47:10","guid":{"rendered":"https:\/\/therefore.net\/auszeichnungen-zertifizierungen\/datenschutz-grundverordnung\/"},"modified":"2023-06-08T21:04:39","modified_gmt":"2023-06-08T19:04:39","slug":"datenschutz-grundverordnung","status":"publish","type":"page","link":"https:\/\/therefore.net\/de\/auszeichnungen-zertifizierungen\/datenschutz-grundverordnung\/","title":{"rendered":"Datenschutz-Grundverordnung"},"content":{"rendered":"\n<section class=\"custom-block video-img-section video-img-section--shape \">\n    <div class=\"container video-img-section__container\">\n\n        <div class=\"video-img-section__row\">\n            <div class=\"video-img-section__media video-img-section__media\">\n                                <div class=\"video-img-section__media__item video-img-section__media__item--image\">\n                                            <img decoding=\"async\" width=\"635\" height=\"317\" src=\"https:\/\/therefore.net\/wp\/..\/app\/uploads\/2023\/04\/gdpr-photo.png\" class=\"attachment-full size-full\" alt=\"Eine Person im Anzug h\u00e4lt ihre Hand mit einem leuchtenden Vorh\u00e4ngeschloss-Symbol, umgeben von gelben Sternen, die f\u00fcr die Europ\u00e4ische Union stehen und den Datenschutz und die Einhaltung der DSGVO symbolisieren.\" srcset=\"https:\/\/therefore.net\/wp\/..\/app\/uploads\/2023\/04\/gdpr-photo.png 635w, https:\/\/therefore.net\/wp\/..\/app\/uploads\/2023\/04\/gdpr-photo-300x150.png 300w\" sizes=\"(max-width: 635px) 100vw, 635px\" \/>\n                                    <\/div>\n                            <\/div>\n\n            <div class=\"video-img-section__content\">\n                                                        <h2 class=\"video-img-section__title\">Therefore\u2122 und die DSGVO<\/h2>\n                \n                            <\/div>\n        <\/div>\n\n\n    <\/div>\n\n<\/section>\n<div class=\"custom-block simple-paragraph\">\n    <div class=\"container\">\n        <div class=\"blog-post__content blog-post__content--wide\">\n            <div class=\"wpb_text_column wpb_content_element margin_bottom_35\">\n<div class=\"wpb_wrapper\">\n<h1><strong>Was ist die DSGVO?<\/strong><\/h1>\n<p>&nbsp;<\/p>\n<\/div>\n<\/div>\n<p><strong>Die DSGVO (<b>Datenschutz-Grundverordnung<\/b>) ist eine Verordnung, die von der Europ\u00e4ischen Kommission entworfen wurde, um ein einheitliches Mandat f\u00fcr jeden EU\/EWR-Mitgliedsstaat zum Schutz personenbezogener Daten, die sich im Besitz einer Organisation befinden, im Falle einer Datenverletzung zu schaffen.<\/strong><\/p>\n<p>Das derzeitige, in der gesamten Europ\u00e4ischen Union (EU) und dem Europ\u00e4ischen Wirtschaftsraum (EWR) geltende Regelwerk geht auf eine 1995 in Auftrag gegebene Richtlinie zur\u00fcck, die im nationalen Kontext der einzelnen EU-\/EWR-Mitgliedstaaten ausgelegt und gestaltet werden sollte. Bei dem neuen Gesetz handelt es sich nicht um eine Richtlinie, sondern um eine Verordnung, die vorschreibt, dass sich alle EU-\/EWR-L\u00e4nder an dasselbe einheitliche Gesetz in der gesamten Union halten, auch wenn es in den einzelnen nationalen Kontexten noch minimale Abweichungen geben kann. Die DSGVO soll die Datenschutzgesetze in der gesamten Europ\u00e4ischen Union angleichen und die personenbezogenen Daten der Einwohner im In- und Ausland sch\u00fctzen. Als weltweit t\u00e4tiges Unternehmen begr\u00fc\u00dft die Therefore Corporation die neue Verordnung als einen Schritt in die richtige Richtung zur St\u00e4rkung der pers\u00f6nlichen Datenschutzrechte.<\/p>\n<p>&nbsp;<\/p>\n\n        <\/div>\n\n            <\/div>\n<\/div>\n\n<section class=\"custom-block join-therefore\">\n    <div class=\"container\">\n        <div class=\"join-therefore__inner\">\n                        <div class=\"join-therefore__title-wrapper\">\n                                <h2 class=\"join-therefore__title\">\n                    Therefore\u2122 und die DSGVO\n                <\/h2>\n            <\/div>\n                        <div class=\"join-therefore__text-wrapper\">\n                <p class=\"join-therefore__text\">Als weltweit t\u00e4tige Organisation begr\u00fc\u00dft die Therefore Corporation die neue Verordnung als einen Schritt in die richtige Richtung zur St\u00e4rkung der pers\u00f6nlichen Datenschutzrechte.<\/p>\n                            <\/div>\n        <\/div>\n    <\/div>\n<\/section>\n<div class=\"custom-block simple-paragraph\">\n    <div class=\"container\">\n        <div class=\"blog-post__content blog-post__content--wide\">\n            <p><img decoding=\"async\" class=\"alignnone wp-image-1043 size-large\" src=\"https:\/\/therefore.net\/app\/uploads\/2022\/08\/GDPR_Compliant_EbnerStolz-1024x434.png\" alt=\"\" width=\"1024\" height=\"434\" srcset=\"https:\/\/therefore.net\/wp\/..\/app\/uploads\/2022\/08\/GDPR_Compliant_EbnerStolz-1024x434.png 1024w, https:\/\/therefore.net\/wp\/..\/app\/uploads\/2022\/08\/GDPR_Compliant_EbnerStolz-300x127.png 300w, https:\/\/therefore.net\/wp\/..\/app\/uploads\/2022\/08\/GDPR_Compliant_EbnerStolz-768x325.png 768w, https:\/\/therefore.net\/wp\/..\/app\/uploads\/2022\/08\/GDPR_Compliant_EbnerStolz.png 1178w\" sizes=\"(max-width: 1024px) 100vw, 1024px\" \/><\/p>\n\n        <\/div>\n\n            <\/div>\n<\/div>\n\n<div class=\"custom-block simple-paragraph\">\n    <div class=\"container\">\n        <div class=\"blog-post__content blog-post__content--wide\">\n            <h3 style=\"text-align: left;\">Therefore\u2122 software hat ein strenges Datenschutz-Audit durch das Beratungsunternehmen Ebner Stolz, eine der gr\u00f6\u00dften unabh\u00e4ngigen mittelst\u00e4ndischen Beratungsgesellschaften in Deutschland, bestanden.<\/h3>\n<p>&nbsp;<\/p>\n<h3 style=\"text-align: left;\">Laut dem leitenden Pr\u00fcfer von Ebner Stolz,<\/h3>\n<p>&nbsp;<\/p>\n<h2><span style=\"color: #bed500;\">&#8220;Wir haben festgestellt, dass Therefore den Konzepten &#8216;Privacy by Design&#8217; und &#8216;Privacy by Default&#8217; folgt und es den Anwendern somit erm\u00f6glicht, die Anforderungen der DSGVO in Bezug auf das Daten- und Dokumentenmanagement zu erf\u00fcllen.&#8221;<\/span><\/h2>\n<p>&nbsp;<\/p>\n<h3>Die Softwarel\u00f6sungen von Therefore\u2122 wurden verifiziert und zertifiziert, um ein effektives Datenmanagement in \u00dcbereinstimmung mit den Bestimmungen der DSGVO zu erm\u00f6glichen.<\/h3>\n\n        <\/div>\n\n            <\/div>\n<\/div>\n\n\n<section class=\"custom-block video-img-section video-img-section--shape \">\n    <div class=\"container video-img-section__container\">\n\n        <div class=\"video-img-section__row\">\n            <div class=\"video-img-section__media video-img-section__media\">\n                                <div class=\"video-img-section__media__item video-img-section__media__item--video\">\n                                            <video src=\"https:\/\/therefore.net\/wp\/..\/app\/uploads\/2022\/08\/GDPR-Marketing.mp4\" name=\"gdpr-marketing-2\" controls><\/video>\n                                    <\/div>\n                            <\/div>\n\n            <div class=\"video-img-section__content\">\n                                                        <h2 class=\"video-img-section__title\">Therefore\u2122 f\u00fcr die Einhaltung der DSGVO<\/h2>\n                \n                                    <div class=\"video-img-section__text\"><p>Die DSGVO (Datenschutz-Grundverordnung) ist eine Verordnung, die von der Europ\u00e4ischen Kommission entworfen wurde, um ein einheitliches Mandat f\u00fcr jeden EU\/EWR-Mitgliedsstaat zum Schutz personenbezogener Daten, die sich im Besitz einer Organisation befinden, im Falle einer Datenverletzung zu schaffen. Sehen Sie sich dieses Video an, um zu erfahren, wie Therefore\u2122 Ihre Organisation bei der Einhaltung der DSGVO unterst\u00fctzt.<\/p>\n<\/div>\n                            <\/div>\n        <\/div>\n\n\n    <\/div>\n\n<\/section>\n<div class=\"custom-block simple-paragraph\">\n    <div class=\"container\">\n        <div class=\"blog-post__content blog-post__content--wide\">\n            <div class=\"wpb_text_column wpb_content_element \">\n<div class=\"wpb_wrapper\">\n<h1><strong>Wie Therefore\u2122 helfen kann<br \/>\n<\/strong><\/h1>\n<p>&nbsp;<\/p>\n<\/div>\n<\/div>\n<div class=\"wpb_text_column wpb_content_element vc_custom_1515143974070\">\n<div class=\"wpb_wrapper\">\n<p><strong>Die DSGVO ist eine komplexe Verordnung, die von jedem betroffenen Unternehmen erhebliche Anstrengungen und Investitionen in die Datensicherheit und den Datenschutz erfordert.<\/strong><\/p>\n<\/div>\n<\/div>\n<div class=\"wpb_text_column wpb_content_element vc_custom_1515143853508\">\n<div class=\"wpb_wrapper\">\n<p>Die Therefore Corporation m\u00f6chte Sie bei der Einhaltung der DSGVO unterst\u00fctzen, indem sie eine Informationsmanagementl\u00f6sung anbietet, mit der Sie die in Ihrem Unternehmen gespeicherten personenbezogenen Daten speichern, finden und katalogisieren und eine sicherere Datenumgebung schaffen k\u00f6nnen. Dar\u00fcber hinaus bietet Therefore\u2122 Ressourcen, die die \u00dcberwachung und Verwaltung der von Ihnen im System gespeicherten personenbezogenen Daten vereinfachen, und stellt Tools bereit, die Ihnen helfen, die Berichts- und Bewertungsanforderungen der DSGVO zu erf\u00fcllen.<\/p>\n<\/div>\n<\/div>\n<p>Angesichts des breiten Geltungsbereichs und der Art der DSGVO ist es jedoch wichtig zu erkennen, dass die Einhaltung der DSGVO \u00fcber Software hinausgeht. Die Einhaltung ist das Ergebnis einer Kombination aus soliden Datenschutzrichtlinien, Verfahren, Schulungen und Berichten. Therefore\u2122 kann Ihr Unternehmen dabei unterst\u00fctzen, diese Ergebnisse und damit die Einhaltung der DSGVO zu erreichen, indem es Tools bereitstellt, die es Ihnen erleichtern, die in Ihrem Unternehmen gespeicherten personenbezogenen Daten zu ermitteln, zu verwalten, zu sichern und dar\u00fcber Bericht zu erstatten.<\/p>\n<p>Ein korrekt konfiguriertes, gewartetes und verwaltetes Therefore\u2122-System hilft Ihnen, personenbezogene Daten sicher zu handhaben und bietet mehr Schutz vor Datenschutzverletzungen, wenn es mit geeigneten organisatorischen Verfahren, Schulungen und Abl\u00e4ufen kombiniert wird.<\/p>\n<p>&nbsp;<\/p>\n\n        <\/div>\n\n            <\/div>\n<\/div>\n\n<div class=\"custom-block simple-paragraph\">\n    <div class=\"container\">\n        <div class=\"blog-post__content blog-post__content--wide\">\n            <p><img decoding=\"async\" class=\"alignnone size-large wp-image-996\" src=\"https:\/\/therefore.net\/app\/uploads\/2022\/08\/How_TF_Helps-1024x549.png\" alt=\"\" width=\"1024\" height=\"549\" srcset=\"https:\/\/therefore.net\/wp\/..\/app\/uploads\/2022\/08\/How_TF_Helps-1024x549.png 1024w, https:\/\/therefore.net\/wp\/..\/app\/uploads\/2022\/08\/How_TF_Helps-300x161.png 300w, https:\/\/therefore.net\/wp\/..\/app\/uploads\/2022\/08\/How_TF_Helps-768x412.png 768w, https:\/\/therefore.net\/wp\/..\/app\/uploads\/2022\/08\/How_TF_Helps-1536x823.png 1536w, https:\/\/therefore.net\/wp\/..\/app\/uploads\/2022\/08\/How_TF_Helps.png 1616w\" sizes=\"(max-width: 1024px) 100vw, 1024px\" \/><\/p>\n\n        <\/div>\n\n            <\/div>\n<\/div>\n\n\n<div style=\"height:100px\" aria-hidden=\"true\" class=\"wp-block-spacer\"><\/div>\n\n<h1 class=\"wp-block-heading has-text-align-center\">Mehr erfahren<\/h1>\n<div class=\"custom-block resources-tiles-block\">\n    <div class=\"container resources-tiles-block__container\">\n                    <div class=\"resources-tiles-block__tiles\">\n                                                        <div class=\"tile-item\">\n                        <div class=\"resources-tiles-block__tile tile-item__wrapper\">\n                            <div class=\"tile-item__content\">\n                                <h3 class=\"tile-item__title\">\n                                    What the GDPR Means for You!\n                                <\/h3>\n                                <p class=\"tile-item__text\">Erfahren Sie, was die DSGVO f\u00fcr Ihr Unternehmen bedeutet, wie Therefore\u2122 Ihnen helfen kann und wie Sie den Weg zur Einhaltung der Vorschriften einschlagen k\u00f6nnen.<\/p>\n                            <\/div>\n                            <div class=\"tile-item__cta\">\n                                                                                                            <a href=\"https:\/\/therefore.net\/app\/uploads\/2022\/08\/GDPR-White-Paper_v02.pdf\" target=\"\"\n                                           class=\"tile-item__link arrow-link link-green\">Anleitung herunterladen<\/a>\n                                                                                                <\/div>\n                        <\/div>\n                    <\/div>\n                                                        <div class=\"tile-item\">\n                        <div class=\"resources-tiles-block__tile tile-item__wrapper\">\n                            <div class=\"tile-item__content\">\n                                <h3 class=\"tile-item__title\">\n                                    Demading Privacy! European GDPR Takes on the World\n                                <\/h3>\n                                <p class=\"tile-item__text\">In unserem Blogbeitrag erfahren Sie mehr \u00fcber die Bereitschaft zur DSGVO!<\/p>\n                            <\/div>\n                            <div class=\"tile-item__cta\">\n                                                                                                            <a href=\"https:\/\/therefore.net\/gdpr-strengthens-privacy-laws\/\" target=\"\"\n                                           class=\"tile-item__link arrow-link link-green\">Mehr lesen<\/a>\n                                                                                                <\/div>\n                        <\/div>\n                    <\/div>\n                                                        <div class=\"tile-item\">\n                        <div class=\"resources-tiles-block__tile tile-item__wrapper\">\n                            <div class=\"tile-item__content\">\n                                <h3 class=\"tile-item__title\">\n                                    Therefore Corporation Announces GDPR Readiness\n                                <\/h3>\n                                <p class=\"tile-item__text\">Laden Sie die neueste Pressemitteilung herunter: Therefore\u2122 erf\u00fcllt die Anforderungen der DSGVO<\/p>\n                            <\/div>\n                            <div class=\"tile-item__cta\">\n                                                                                                            <a href=\"https:\/\/therefore.net\/app\/uploads\/2022\/08\/Therefore-Press-Release-GDPR.pdf\" target=\"\"\n                                           class=\"tile-item__link arrow-link link-green\">Herunterladen<\/a>\n                                                                                                <\/div>\n                        <\/div>\n                    <\/div>\n                            <\/div>\n            <\/div>\n<\/section>","protected":false},"excerpt":{"rendered":"<p>Mehr erfahren<\/p>\n","protected":false},"author":5,"featured_media":0,"parent":3492,"menu_order":0,"comment_status":"closed","ping_status":"closed","template":"","meta":{"_acf_changed":false,"inline_featured_image":false,"footnotes":""},"class_list":["post-5340","page","type-page","status-publish","hentry"],"acf":[],"yoast_head":"<!-- This site is optimized with the Yoast SEO plugin v27.2 - https:\/\/yoast.com\/product\/yoast-seo-wordpress\/ -->\n<title>Therefore\u2122 und die DSGVO<\/title>\n<meta name=\"description\" content=\"Die Softwarel\u00f6sungen von Therefore\u2122 wurden gepr\u00fcft und zertifiziert, um eine effektive Datenverwaltung gem\u00e4\u00df den Bestimmungen der DSGVO zu erm\u00f6glichen.\" \/>\n<meta name=\"robots\" content=\"index, follow, max-snippet:-1, max-image-preview:large, max-video-preview:-1\" \/>\n<link rel=\"canonical\" href=\"https:\/\/therefore.net\/de\/auszeichnungen-zertifizierungen\/datenschutz-grundverordnung\/\" \/>\n<script type=\"application\/ld+json\" class=\"yoast-schema-graph\">{\"@context\":\"https:\/\/schema.org\",\"@graph\":[{\"@type\":\"WebPage\",\"@id\":\"https:\/\/therefore.net\/de\/auszeichnungen-zertifizierungen\/datenschutz-grundverordnung\/\",\"url\":\"https:\/\/therefore.net\/de\/auszeichnungen-zertifizierungen\/datenschutz-grundverordnung\/\",\"name\":\"Therefore\u2122 und die DSGVO\",\"isPartOf\":{\"@id\":\"https:\/\/therefore.net\/de\/#website\"},\"datePublished\":\"2022-08-03T19:47:10+00:00\",\"dateModified\":\"2023-06-08T19:04:39+00:00\",\"description\":\"Die Softwarel\u00f6sungen von Therefore\u2122 wurden gepr\u00fcft und zertifiziert, um eine effektive Datenverwaltung gem\u00e4\u00df den Bestimmungen der DSGVO zu erm\u00f6glichen.\",\"breadcrumb\":{\"@id\":\"https:\/\/therefore.net\/de\/auszeichnungen-zertifizierungen\/datenschutz-grundverordnung\/#breadcrumb\"},\"inLanguage\":\"de-DE\",\"potentialAction\":[{\"@type\":\"ReadAction\",\"target\":[\"https:\/\/therefore.net\/de\/auszeichnungen-zertifizierungen\/datenschutz-grundverordnung\/\"]}]},{\"@type\":\"BreadcrumbList\",\"@id\":\"https:\/\/therefore.net\/de\/auszeichnungen-zertifizierungen\/datenschutz-grundverordnung\/#breadcrumb\",\"itemListElement\":[{\"@type\":\"ListItem\",\"position\":1,\"name\":\"Home\",\"item\":\"https:\/\/therefore.net\/de\/\"},{\"@type\":\"ListItem\",\"position\":2,\"name\":\"Auszeichnungen\/Zertifizierungen\",\"item\":\"https:\/\/therefore.net\/de\/auszeichnungen-zertifizierungen\/\"},{\"@type\":\"ListItem\",\"position\":3,\"name\":\"Datenschutz-Grundverordnung\"}]},{\"@type\":\"WebSite\",\"@id\":\"https:\/\/therefore.net\/de\/#website\",\"url\":\"https:\/\/therefore.net\/de\/\",\"name\":\"Therefore\",\"description\":\"\",\"publisher\":{\"@id\":\"https:\/\/therefore.net\/de\/#organization\"},\"potentialAction\":[{\"@type\":\"SearchAction\",\"target\":{\"@type\":\"EntryPoint\",\"urlTemplate\":\"https:\/\/therefore.net\/de\/?s={search_term_string}\"},\"query-input\":{\"@type\":\"PropertyValueSpecification\",\"valueRequired\":true,\"valueName\":\"search_term_string\"}}],\"inLanguage\":\"de-DE\"},{\"@type\":\"Organization\",\"@id\":\"https:\/\/therefore.net\/de\/#organization\",\"name\":\"Therefore\",\"url\":\"https:\/\/therefore.net\/de\/\",\"logo\":{\"@type\":\"ImageObject\",\"inLanguage\":\"de-DE\",\"@id\":\"https:\/\/therefore.net\/de\/#\/schema\/logo\/image\/\",\"url\":\"https:\/\/therefore.net\/wp\/..\/app\/uploads\/2022\/04\/logo.png\",\"contentUrl\":\"https:\/\/therefore.net\/wp\/..\/app\/uploads\/2022\/04\/logo.png\",\"width\":176,\"height\":48,\"caption\":\"Therefore\"},\"image\":{\"@id\":\"https:\/\/therefore.net\/de\/#\/schema\/logo\/image\/\"},\"sameAs\":[\"https:\/\/www.linkedin.com\/company\/therefore-corporation\/\",\"https:\/\/www.youtube.com\/user\/ThereforeTV\"]}]}<\/script>\n<!-- \/ Yoast SEO plugin. -->","yoast_head_json":{"title":"Therefore\u2122 und die DSGVO","description":"Die Softwarel\u00f6sungen von Therefore\u2122 wurden gepr\u00fcft und zertifiziert, um eine effektive Datenverwaltung gem\u00e4\u00df den Bestimmungen der DSGVO zu erm\u00f6glichen.","robots":{"index":"index","follow":"follow","max-snippet":"max-snippet:-1","max-image-preview":"max-image-preview:large","max-video-preview":"max-video-preview:-1"},"canonical":"https:\/\/therefore.net\/de\/auszeichnungen-zertifizierungen\/datenschutz-grundverordnung\/","schema":{"@context":"https:\/\/schema.org","@graph":[{"@type":"WebPage","@id":"https:\/\/therefore.net\/de\/auszeichnungen-zertifizierungen\/datenschutz-grundverordnung\/","url":"https:\/\/therefore.net\/de\/auszeichnungen-zertifizierungen\/datenschutz-grundverordnung\/","name":"Therefore\u2122 und die DSGVO","isPartOf":{"@id":"https:\/\/therefore.net\/de\/#website"},"datePublished":"2022-08-03T19:47:10+00:00","dateModified":"2023-06-08T19:04:39+00:00","description":"Die Softwarel\u00f6sungen von Therefore\u2122 wurden gepr\u00fcft und zertifiziert, um eine effektive Datenverwaltung gem\u00e4\u00df den Bestimmungen der DSGVO zu erm\u00f6glichen.","breadcrumb":{"@id":"https:\/\/therefore.net\/de\/auszeichnungen-zertifizierungen\/datenschutz-grundverordnung\/#breadcrumb"},"inLanguage":"de-DE","potentialAction":[{"@type":"ReadAction","target":["https:\/\/therefore.net\/de\/auszeichnungen-zertifizierungen\/datenschutz-grundverordnung\/"]}]},{"@type":"BreadcrumbList","@id":"https:\/\/therefore.net\/de\/auszeichnungen-zertifizierungen\/datenschutz-grundverordnung\/#breadcrumb","itemListElement":[{"@type":"ListItem","position":1,"name":"Home","item":"https:\/\/therefore.net\/de\/"},{"@type":"ListItem","position":2,"name":"Auszeichnungen\/Zertifizierungen","item":"https:\/\/therefore.net\/de\/auszeichnungen-zertifizierungen\/"},{"@type":"ListItem","position":3,"name":"Datenschutz-Grundverordnung"}]},{"@type":"WebSite","@id":"https:\/\/therefore.net\/de\/#website","url":"https:\/\/therefore.net\/de\/","name":"Therefore","description":"","publisher":{"@id":"https:\/\/therefore.net\/de\/#organization"},"potentialAction":[{"@type":"SearchAction","target":{"@type":"EntryPoint","urlTemplate":"https:\/\/therefore.net\/de\/?s={search_term_string}"},"query-input":{"@type":"PropertyValueSpecification","valueRequired":true,"valueName":"search_term_string"}}],"inLanguage":"de-DE"},{"@type":"Organization","@id":"https:\/\/therefore.net\/de\/#organization","name":"Therefore","url":"https:\/\/therefore.net\/de\/","logo":{"@type":"ImageObject","inLanguage":"de-DE","@id":"https:\/\/therefore.net\/de\/#\/schema\/logo\/image\/","url":"https:\/\/therefore.net\/wp\/..\/app\/uploads\/2022\/04\/logo.png","contentUrl":"https:\/\/therefore.net\/wp\/..\/app\/uploads\/2022\/04\/logo.png","width":176,"height":48,"caption":"Therefore"},"image":{"@id":"https:\/\/therefore.net\/de\/#\/schema\/logo\/image\/"},"sameAs":["https:\/\/www.linkedin.com\/company\/therefore-corporation\/","https:\/\/www.youtube.com\/user\/ThereforeTV"]}]}},"_links":{"self":[{"href":"https:\/\/therefore.net\/de\/wp-json\/wp\/v2\/pages\/5340","targetHints":{"allow":["GET"]}}],"collection":[{"href":"https:\/\/therefore.net\/de\/wp-json\/wp\/v2\/pages"}],"about":[{"href":"https:\/\/therefore.net\/de\/wp-json\/wp\/v2\/types\/page"}],"author":[{"embeddable":true,"href":"https:\/\/therefore.net\/de\/wp-json\/wp\/v2\/users\/5"}],"replies":[{"embeddable":true,"href":"https:\/\/therefore.net\/de\/wp-json\/wp\/v2\/comments?post=5340"}],"version-history":[{"count":1,"href":"https:\/\/therefore.net\/de\/wp-json\/wp\/v2\/pages\/5340\/revisions"}],"predecessor-version":[{"id":5342,"href":"https:\/\/therefore.net\/de\/wp-json\/wp\/v2\/pages\/5340\/revisions\/5342"}],"up":[{"embeddable":true,"href":"https:\/\/therefore.net\/de\/wp-json\/wp\/v2\/pages\/3492"}],"wp:attachment":[{"href":"https:\/\/therefore.net\/de\/wp-json\/wp\/v2\/media?parent=5340"}],"curies":[{"name":"wp","href":"https:\/\/api.w.org\/{rel}","templated":true}]}}