{"id":5826,"date":"2023-06-20T05:42:05","date_gmt":"2023-06-20T03:42:05","guid":{"rendered":"https:\/\/therefore.net\/technischer-support\/"},"modified":"2023-07-11T14:25:09","modified_gmt":"2023-07-11T12:25:09","slug":"technischer-support","status":"publish","type":"page","link":"https:\/\/therefore.net\/de\/technischer-support\/","title":{"rendered":"Technischer Support"},"content":{"rendered":"<section class=\"custom-block benefits-left-image about-us-top-block\">\n    <div class=\"container  benefits-left-image__container\">\n        <div class=\"benefits-left-image__inner\">\n            <div class=\"benefits-left-image__image-wrapper \">\n                                    <img decoding=\"async\" width=\"1600\" height=\"1300\" src=\"https:\/\/therefore.net\/wp\/..\/app\/uploads\/2023\/06\/Technical-Support-1.png\" class=\"attachment-full size-full\" alt=\"Eine Frau mit lockigem Haar, die ein blaues Hemd und ein Headset tr\u00e4gt, l\u00e4chelt, w\u00e4hrend sie an ihrem Computer technische Unterst\u00fctzung leistet. Sie tr\u00e4gt ein Namensschild mit der Aufschrift &quot;Deshalb&quot;. Im Hintergrund ist ein helles, modernes B\u00fcro zu sehen.\" srcset=\"https:\/\/therefore.net\/wp\/..\/app\/uploads\/2023\/06\/Technical-Support-1.png 1600w, https:\/\/therefore.net\/wp\/..\/app\/uploads\/2023\/06\/Technical-Support-1-300x244.png 300w, https:\/\/therefore.net\/wp\/..\/app\/uploads\/2023\/06\/Technical-Support-1-1024x832.png 1024w, https:\/\/therefore.net\/wp\/..\/app\/uploads\/2023\/06\/Technical-Support-1-768x624.png 768w, https:\/\/therefore.net\/wp\/..\/app\/uploads\/2023\/06\/Technical-Support-1-1536x1248.png 1536w\" sizes=\"(max-width: 1600px) 100vw, 1600px\" \/>\n                            <\/div>\n            <div class=\"benefits-left-image__text-wrapper\">\n                                \n                    <div class=\"benefits-left-image__paragraph-wrapper\">\n                                                <h2 class=\"benefits-left-image__title\">\n                            Therefore\u2122 Technischer Support\n                        <\/h2>\n                        <div class=\"benefits-left-image__text\"><p>Unser technisches Support-Team ist bestrebt, unseren Kunden Unterst\u00fctzung zu bieten. Wir arbeiten mit Partner-H\u00e4ndlern zusammen, um technische Fragen zu beantworten.<\/p>\n<\/div>\n                    <\/div>\n\n                \n                    <div class=\"benefits-left-image__paragraph-wrapper\">\n                                                <h2 class=\"benefits-left-image__title\">\n                            Technischen Support anfordern\n                        <\/h2>\n                        <div class=\"benefits-left-image__text\"><p>Unser Support-Team bietet Third-Level-Support f\u00fcr Therefore\u2122-Softwarel\u00f6sungen. Das bedeutet, dass es eingreift, wenn Probleme von den Supporttechnikern des lokalen H\u00e4ndlers eskaliert werden.<\/p>\n<p>&nbsp;<\/p>\n<p><strong>Weitere Informationen finden Sie in den FAQ unten.<\/strong><\/p>\n<\/div>\n                    <\/div>\n\n                                \n                            <\/div>\n        <\/div>\n    <\/div>\n<\/section>\n\n\n<section class=\"custom-block accordion-block\">\n    <div class=\"container  accordion-block__container\">\n        <div class=\"accordion-block__accent\">\n            <svg width=\"350\" height=\"246\" viewBox=\"0 0 350 246\" fill=\"none\" xmlns=\"http:\/\/www.w3.org\/2000\/svg\">\n<g clip-path=\"url(#clip0_266_73703)\">\n<path d=\"M0 0H350V246H200C89.5431 246 0 156.457 0 46V0Z\" fill=\"#1E5BFA\"\/>\n<g filter=\"url(#filter0_f_266_73703)\">\n<circle cx=\"74\" cy=\"187\" r=\"218\" fill=\"#44EDF8\" fill-opacity=\"0.56\"\/>\n<\/g>\n<\/g>\n<defs>\n<filter id=\"filter0_f_266_73703\" x=\"-444\" y=\"-331\" width=\"1036\" height=\"1036\" filterUnits=\"userSpaceOnUse\" color-interpolation-filters=\"sRGB\">\n<feFlood flood-opacity=\"0\" result=\"BackgroundImageFix\"\/>\n<feBlend mode=\"normal\" in=\"SourceGraphic\" in2=\"BackgroundImageFix\" result=\"shape\"\/>\n<feGaussianBlur stdDeviation=\"150\" result=\"effect1_foregroundBlur_266_73703\"\/>\n<\/filter>\n<clipPath id=\"clip0_266_73703\">\n<path d=\"M0 0H350V246H200C89.5431 246 0 156.457 0 46V0Z\" fill=\"white\"\/>\n<\/clipPath>\n<\/defs>\n<\/svg>\n\n        <\/div>\n        <div class=\"accordion-block__content\">\n            <h2 class=\"accordion-block__content__heading\">\n                H\u00e4ufig gestellte Fragen (FAQs)\n            <\/h2>\n            <div class=\"accordion-block__items\">\n                                                <div class=\"accordion-block__items__item accordion-item\">\n                    <h3 class=\"accordion-item__title\">\n                        Wer kann technischen Support f\u00fcr Therefore\u2122-Software leisten?\n                        <div class=\"accordion-item__toggle\">\n                            <svg width=\"24\" height=\"24\" viewBox=\"0 0 24 24\" fill=\"none\" xmlns=\"http:\/\/www.w3.org\/2000\/svg\">\n<path fill-rule=\"evenodd\" clip-rule=\"evenodd\" d=\"M13.1943 4.11509C13.1943 3.49924 12.6951 3 12.0792 3C11.4634 3 10.9642 3.49924 10.9642 4.11509L10.9642 10.8057L4.1151 10.8057C3.49925 10.8057 3 11.3049 3 11.9208C3 12.5366 3.49924 13.0358 4.11509 13.0358H10.9642L10.9642 19.8849C10.9642 20.5008 11.4634 21 12.0792 21C12.6951 21 13.1943 20.5008 13.1943 19.8849L13.1943 13.0358H19.8849C20.5008 13.0358 21 12.5366 21 11.9208C21 11.3049 20.5008 10.8057 19.8849 10.8057L13.1943 10.8057L13.1943 4.11509Z\" fill=\"black\" fill-opacity=\"0.87\"\/>\n<\/svg>\n\n                        <\/div>\n                    <\/h3>\n                    <div class=\"accordion-item__content\">\n                        <p>Die erste Anlaufstelle f\u00fcr den Support ist Ihr lokaler Systemadministrator. Dies ist in der Regel jemand in Ihrer IT-Abteilung, der f\u00fcr die Verwaltung des Therefore\u2122-Systems Ihres Unternehmens zust\u00e4ndig ist.<\/p>\n<p>Viele einfache Probleme k\u00f6nnen auch durch Nachschlagen in der technischen Dokumentation von Therefore\u2122 gel\u00f6st werden.<\/p>\n\n                                                    <div class=\"button-wrapper\">\n                                <a class=\"main-button main-button--green main-button--with-arrow main-button--special\" target=\"_blank\"\n                                   href=\"https:\/\/therefore.net\/help\">Technische Dokumentation anzeigen<\/a>\n                            <\/div>\n                                            <\/div>\n                <\/div>\n                                                <div class=\"accordion-block__items__item accordion-item\">\n                    <h3 class=\"accordion-item__title\">\n                        Ich wei\u00df nicht, wer der Systemadministrator ist &#8211; ODER &#8211; ich bin der Systemadministrator, brauche aber trotzdem Hilfe.\n                        <div class=\"accordion-item__toggle\">\n                            <svg width=\"24\" height=\"24\" viewBox=\"0 0 24 24\" fill=\"none\" xmlns=\"http:\/\/www.w3.org\/2000\/svg\">\n<path fill-rule=\"evenodd\" clip-rule=\"evenodd\" d=\"M13.1943 4.11509C13.1943 3.49924 12.6951 3 12.0792 3C11.4634 3 10.9642 3.49924 10.9642 4.11509L10.9642 10.8057L4.1151 10.8057C3.49925 10.8057 3 11.3049 3 11.9208C3 12.5366 3.49924 13.0358 4.11509 13.0358H10.9642L10.9642 19.8849C10.9642 20.5008 11.4634 21 12.0792 21C12.6951 21 13.1943 20.5008 13.1943 19.8849L13.1943 13.0358H19.8849C20.5008 13.0358 21 12.5366 21 11.9208C21 11.3049 20.5008 10.8057 19.8849 10.8057L13.1943 10.8057L13.1943 4.11509Z\" fill=\"black\" fill-opacity=\"0.87\"\/>\n<\/svg>\n\n                        <\/div>\n                    <\/h3>\n                    <div class=\"accordion-item__content\">\n                        <p>Wenn Ihr Unternehmen keinen internen Systemadministrator hat, ist es sehr wahrscheinlich, dass jemand von einem Partner-H\u00e4ndler Ihr Therefore\u2122-System verwaltet. Bitte setzen Sie sich mit der Person oder Organisation in Verbindung, die Therefore\u2122 in Ihrem Unternehmen verkauft oder implementiert hat.<\/p>\n<p>Wenn Sie der Systemadministrator sind und Hilfe ben\u00f6tigen, ist Ihr n\u00e4chster Ansprechpartner das technische Support-Team Ihres lokalen H\u00e4ndler- oder Partnerteams.<\/p>\n<p>Sie wissen nicht, wo Sie anfangen sollen? Klicken Sie auf den unten stehenden Link, um die globale Support-Seite von Canon aufzurufen. W\u00e4hlen Sie Ihre Region und Ihr Land aus, um Informationen \u00fcber Ihr lokales Canon Team zu erhalten.<\/p>\n\n                                                    <div class=\"button-wrapper\">\n                                <a class=\"main-button main-button--green main-button--with-arrow main-button--special\" target=\"_blank\"\n                                   href=\"https:\/\/global.canon\/en\/support\/\">Canon Global Support<\/a>\n                            <\/div>\n                                            <\/div>\n                <\/div>\n                                                <div class=\"accordion-block__items__item accordion-item\">\n                    <h3 class=\"accordion-item__title\">\n                        Ich habe niemanden beim H\u00e4ndler-Partner, an den ich mich wenden kann &#8211; ODER &#8211; die Person, an die ich mich wende, antwortet nicht auf meine Anfragen.\n                        <div class=\"accordion-item__toggle\">\n                            <svg width=\"24\" height=\"24\" viewBox=\"0 0 24 24\" fill=\"none\" xmlns=\"http:\/\/www.w3.org\/2000\/svg\">\n<path fill-rule=\"evenodd\" clip-rule=\"evenodd\" d=\"M13.1943 4.11509C13.1943 3.49924 12.6951 3 12.0792 3C11.4634 3 10.9642 3.49924 10.9642 4.11509L10.9642 10.8057L4.1151 10.8057C3.49925 10.8057 3 11.3049 3 11.9208C3 12.5366 3.49924 13.0358 4.11509 13.0358H10.9642L10.9642 19.8849C10.9642 20.5008 11.4634 21 12.0792 21C12.6951 21 13.1943 20.5008 13.1943 19.8849L13.1943 13.0358H19.8849C20.5008 13.0358 21 12.5366 21 11.9208C21 11.3049 20.5008 10.8057 19.8849 10.8057L13.1943 10.8057L13.1943 4.11509Z\" fill=\"black\" fill-opacity=\"0.87\"\/>\n<\/svg>\n\n                        <\/div>\n                    <\/h3>\n                    <div class=\"accordion-item__content\">\n                        <p>Es tut uns leid zu h\u00f6ren, dass Sie auf Schwierigkeiten sto\u00dfen. Wenn Sie Probleme haben, technischen Support von Ihrer lokalen Partnerorganisation zu erhalten, wenden Sie sich bitte an das Support-Team von Therefore. In einer solchen Situation werden wir mit Ihnen zusammenarbeiten, um Ihnen zu helfen, die geeigneten lokalen Ressourcen zu finden, die technische Unterst\u00fctzung leisten k\u00f6nnen. Seien Sie versichert, dass Ihre lokalen Support-Techniker immer auf die Unterst\u00fctzung von Therefore\u2122-Experten aus der ganzen Welt zur\u00fcckgreifen k\u00f6nnen, um Sie zu unterst\u00fctzen.<\/p>\n<p>Sie k\u00f6nnen das Support-Team von Therefore per E-mail erreichen:<\/p>\n<p>support@therefore.net<\/p>\n\n                                            <\/div>\n                <\/div>\n                                                <div class=\"accordion-block__items__item accordion-item\">\n                    <h3 class=\"accordion-item__title\">\n                        Kann ich mich direkt an das Support-Team von Therefore wenden?\n                        <div class=\"accordion-item__toggle\">\n                            <svg width=\"24\" height=\"24\" viewBox=\"0 0 24 24\" fill=\"none\" xmlns=\"http:\/\/www.w3.org\/2000\/svg\">\n<path fill-rule=\"evenodd\" clip-rule=\"evenodd\" d=\"M13.1943 4.11509C13.1943 3.49924 12.6951 3 12.0792 3C11.4634 3 10.9642 3.49924 10.9642 4.11509L10.9642 10.8057L4.1151 10.8057C3.49925 10.8057 3 11.3049 3 11.9208C3 12.5366 3.49924 13.0358 4.11509 13.0358H10.9642L10.9642 19.8849C10.9642 20.5008 11.4634 21 12.0792 21C12.6951 21 13.1943 20.5008 13.1943 19.8849L13.1943 13.0358H19.8849C20.5008 13.0358 21 12.5366 21 11.9208C21 11.3049 20.5008 10.8057 19.8849 10.8057L13.1943 10.8057L13.1943 4.11509Z\" fill=\"black\" fill-opacity=\"0.87\"\/>\n<\/svg>\n\n                        <\/div>\n                    <\/h3>\n                    <div class=\"accordion-item__content\">\n                        <p>Das Therefore-Team ist sehr darum bem\u00fcht, allen, die technische Unterst\u00fctzung ben\u00f6tigen, diese zu gew\u00e4hren. Die kommerziellen Vereinbarungen unserer Kunden mit ihren lokalen Wiederverk\u00e4ufern oder Partnerorganisationen sehen jedoch vor, dass alle Fragen zum technischen Support an den Systemadministrator (First-Level) oder das Support-Team des Wiederverk\u00e4ufers (Second-Level) gerichtet werden m\u00fcssen. Die Support-Teams der Wiederverk\u00e4ufer k\u00f6nnen komplexe Probleme, die Expertenwissen erfordern, an das Support-Team von Therefore (dritte Ebene) weiterleiten.<\/p>\n\n                                            <\/div>\n                <\/div>\n                            <\/div>\n        <\/div>\n    <\/div>\n<\/section>\n","protected":false},"excerpt":{"rendered":"","protected":false},"author":5,"featured_media":0,"parent":0,"menu_order":0,"comment_status":"closed","ping_status":"closed","template":"","meta":{"_acf_changed":false,"inline_featured_image":false,"footnotes":""},"class_list":["post-5826","page","type-page","status-publish","hentry"],"acf":[],"yoast_head":"<!-- This site is optimized with the Yoast SEO plugin v27.4 - https:\/\/yoast.com\/product\/yoast-seo-wordpress\/ -->\n<title>Technischer Support<\/title>\n<meta name=\"description\" content=\"Technische Unterst\u00fctzung f\u00fcr Ihr Therefore\u2122-System. Erfahren Sie mehr dar\u00fcber, wie Sie sich mit den technischen Experten von Therefore in Verbindung setzen k\u00f6nnen.\" \/>\n<meta name=\"robots\" content=\"index, follow, max-snippet:-1, max-image-preview:large, max-video-preview:-1\" \/>\n<link rel=\"canonical\" href=\"https:\/\/therefore.net\/de\/technischer-support\/\" \/>\n<script type=\"application\/ld+json\" class=\"yoast-schema-graph\">{\"@context\":\"https:\\\/\\\/schema.org\",\"@graph\":[{\"@type\":\"WebPage\",\"@id\":\"https:\\\/\\\/therefore.net\\\/de\\\/technischer-support\\\/\",\"url\":\"https:\\\/\\\/therefore.net\\\/de\\\/technischer-support\\\/\",\"name\":\"Technischer Support\",\"isPartOf\":{\"@id\":\"https:\\\/\\\/therefore.net\\\/de\\\/#website\"},\"datePublished\":\"2023-06-20T03:42:05+00:00\",\"dateModified\":\"2023-07-11T12:25:09+00:00\",\"description\":\"Technische Unterst\u00fctzung f\u00fcr Ihr Therefore\u2122-System. Erfahren Sie mehr dar\u00fcber, wie Sie sich mit den technischen Experten von Therefore in Verbindung setzen k\u00f6nnen.\",\"breadcrumb\":{\"@id\":\"https:\\\/\\\/therefore.net\\\/de\\\/technischer-support\\\/#breadcrumb\"},\"inLanguage\":\"de-DE\",\"potentialAction\":[{\"@type\":\"ReadAction\",\"target\":[\"https:\\\/\\\/therefore.net\\\/de\\\/technischer-support\\\/\"]}]},{\"@type\":\"BreadcrumbList\",\"@id\":\"https:\\\/\\\/therefore.net\\\/de\\\/technischer-support\\\/#breadcrumb\",\"itemListElement\":[{\"@type\":\"ListItem\",\"position\":1,\"name\":\"Home\",\"item\":\"https:\\\/\\\/therefore.net\\\/de\\\/\"},{\"@type\":\"ListItem\",\"position\":2,\"name\":\"Technischer Support\"}]},{\"@type\":\"WebSite\",\"@id\":\"https:\\\/\\\/therefore.net\\\/de\\\/#website\",\"url\":\"https:\\\/\\\/therefore.net\\\/de\\\/\",\"name\":\"Therefore\",\"description\":\"\",\"publisher\":{\"@id\":\"https:\\\/\\\/therefore.net\\\/de\\\/#organization\"},\"potentialAction\":[{\"@type\":\"SearchAction\",\"target\":{\"@type\":\"EntryPoint\",\"urlTemplate\":\"https:\\\/\\\/therefore.net\\\/de\\\/?s={search_term_string}\"},\"query-input\":{\"@type\":\"PropertyValueSpecification\",\"valueRequired\":true,\"valueName\":\"search_term_string\"}}],\"inLanguage\":\"de-DE\"},{\"@type\":\"Organization\",\"@id\":\"https:\\\/\\\/therefore.net\\\/de\\\/#organization\",\"name\":\"Therefore\",\"url\":\"https:\\\/\\\/therefore.net\\\/de\\\/\",\"logo\":{\"@type\":\"ImageObject\",\"inLanguage\":\"de-DE\",\"@id\":\"https:\\\/\\\/therefore.net\\\/de\\\/#\\\/schema\\\/logo\\\/image\\\/\",\"url\":\"https:\\\/\\\/therefore.net\\\/wp\\\/..\\\/app\\\/uploads\\\/2022\\\/04\\\/logo.png\",\"contentUrl\":\"https:\\\/\\\/therefore.net\\\/wp\\\/..\\\/app\\\/uploads\\\/2022\\\/04\\\/logo.png\",\"width\":176,\"height\":48,\"caption\":\"Therefore\"},\"image\":{\"@id\":\"https:\\\/\\\/therefore.net\\\/de\\\/#\\\/schema\\\/logo\\\/image\\\/\"},\"sameAs\":[\"https:\\\/\\\/www.linkedin.com\\\/company\\\/therefore-corporation\\\/\",\"https:\\\/\\\/www.youtube.com\\\/user\\\/ThereforeTV\"]}]}<\/script>\n<!-- \/ Yoast SEO plugin. -->","yoast_head_json":{"title":"Technischer Support","description":"Technische Unterst\u00fctzung f\u00fcr Ihr Therefore\u2122-System. Erfahren Sie mehr dar\u00fcber, wie Sie sich mit den technischen Experten von Therefore in Verbindung setzen k\u00f6nnen.","robots":{"index":"index","follow":"follow","max-snippet":"max-snippet:-1","max-image-preview":"max-image-preview:large","max-video-preview":"max-video-preview:-1"},"canonical":"https:\/\/therefore.net\/de\/technischer-support\/","schema":{"@context":"https:\/\/schema.org","@graph":[{"@type":"WebPage","@id":"https:\/\/therefore.net\/de\/technischer-support\/","url":"https:\/\/therefore.net\/de\/technischer-support\/","name":"Technischer Support","isPartOf":{"@id":"https:\/\/therefore.net\/de\/#website"},"datePublished":"2023-06-20T03:42:05+00:00","dateModified":"2023-07-11T12:25:09+00:00","description":"Technische Unterst\u00fctzung f\u00fcr Ihr Therefore\u2122-System. Erfahren Sie mehr dar\u00fcber, wie Sie sich mit den technischen Experten von Therefore in Verbindung setzen k\u00f6nnen.","breadcrumb":{"@id":"https:\/\/therefore.net\/de\/technischer-support\/#breadcrumb"},"inLanguage":"de-DE","potentialAction":[{"@type":"ReadAction","target":["https:\/\/therefore.net\/de\/technischer-support\/"]}]},{"@type":"BreadcrumbList","@id":"https:\/\/therefore.net\/de\/technischer-support\/#breadcrumb","itemListElement":[{"@type":"ListItem","position":1,"name":"Home","item":"https:\/\/therefore.net\/de\/"},{"@type":"ListItem","position":2,"name":"Technischer Support"}]},{"@type":"WebSite","@id":"https:\/\/therefore.net\/de\/#website","url":"https:\/\/therefore.net\/de\/","name":"Therefore","description":"","publisher":{"@id":"https:\/\/therefore.net\/de\/#organization"},"potentialAction":[{"@type":"SearchAction","target":{"@type":"EntryPoint","urlTemplate":"https:\/\/therefore.net\/de\/?s={search_term_string}"},"query-input":{"@type":"PropertyValueSpecification","valueRequired":true,"valueName":"search_term_string"}}],"inLanguage":"de-DE"},{"@type":"Organization","@id":"https:\/\/therefore.net\/de\/#organization","name":"Therefore","url":"https:\/\/therefore.net\/de\/","logo":{"@type":"ImageObject","inLanguage":"de-DE","@id":"https:\/\/therefore.net\/de\/#\/schema\/logo\/image\/","url":"https:\/\/therefore.net\/wp\/..\/app\/uploads\/2022\/04\/logo.png","contentUrl":"https:\/\/therefore.net\/wp\/..\/app\/uploads\/2022\/04\/logo.png","width":176,"height":48,"caption":"Therefore"},"image":{"@id":"https:\/\/therefore.net\/de\/#\/schema\/logo\/image\/"},"sameAs":["https:\/\/www.linkedin.com\/company\/therefore-corporation\/","https:\/\/www.youtube.com\/user\/ThereforeTV"]}]}},"_links":{"self":[{"href":"https:\/\/therefore.net\/de\/wp-json\/wp\/v2\/pages\/5826","targetHints":{"allow":["GET"]}}],"collection":[{"href":"https:\/\/therefore.net\/de\/wp-json\/wp\/v2\/pages"}],"about":[{"href":"https:\/\/therefore.net\/de\/wp-json\/wp\/v2\/types\/page"}],"author":[{"embeddable":true,"href":"https:\/\/therefore.net\/de\/wp-json\/wp\/v2\/users\/5"}],"replies":[{"embeddable":true,"href":"https:\/\/therefore.net\/de\/wp-json\/wp\/v2\/comments?post=5826"}],"version-history":[{"count":5,"href":"https:\/\/therefore.net\/de\/wp-json\/wp\/v2\/pages\/5826\/revisions"}],"predecessor-version":[{"id":5930,"href":"https:\/\/therefore.net\/de\/wp-json\/wp\/v2\/pages\/5826\/revisions\/5930"}],"wp:attachment":[{"href":"https:\/\/therefore.net\/de\/wp-json\/wp\/v2\/media?parent=5826"}],"curies":[{"name":"wp","href":"https:\/\/api.w.org\/{rel}","templated":true}]}}