{"id":656,"date":"2022-05-31T10:51:25","date_gmt":"2022-05-31T08:51:25","guid":{"rendered":"https:\/\/therefore.net\/?page_id=656"},"modified":"2023-06-02T23:59:19","modified_gmt":"2023-06-02T21:59:19","slug":"funktionen","status":"publish","type":"page","link":"https:\/\/therefore.net\/de\/funktionen\/","title":{"rendered":"Funktionen"},"content":{"rendered":"\n<section class=\"custom-block listing-block\">\n    <div class=\"container listing-block__container\">\n                    <div class=\"listing-block__tiles\">\n                                                        <div class=\"tile-item\">\n                        <div class=\"listing-block__tile tile-item__wrapper\">\n                            <div class=\"tile-item__content\">\n                                <h3 class=\"tile-item__title\" title=\"Archivierung\">\n                                    Archivierung\n                                <\/h3>\n                                <p class=\"tile-item__text\">Informationsmanagement-Software hat die Art und Weise, wie Unternehmen Dokumente erfassen und verwalten, revolutioniert.<\/p>\n                            <\/div>\n                            <div class=\"tile-item__cta\">\n                                                                            <a href=\"https:\/\/therefore.net\/de\/funktionen\/archivierung\/\" target=\"_self\"\n                                           class=\"tile-item__link arrow-link link-accent\">Mehr lesen<\/a>\n                                                                <\/div>\n                        <\/div>\n                    <\/div>\n                                                        <div class=\"tile-item\">\n                        <div class=\"listing-block__tile tile-item__wrapper\">\n                            <div class=\"tile-item__content\">\n                                <h3 class=\"tile-item__title\" title=\"Akten-Management\">\n                                    Akten-Management\n                                <\/h3>\n                                <p class=\"tile-item__text\">Die Rationalisierung und Automatisierung der Verwaltung komplexer Akten und Projekte ist f\u00fcr viele&hellip;<\/p>\n                            <\/div>\n                            <div class=\"tile-item__cta\">\n                                                                            <a href=\"https:\/\/therefore.net\/de\/funktionen\/aktenverwaltung\/\" target=\"_self\"\n                                           class=\"tile-item__link arrow-link link-accent\">Mehr lesen<\/a>\n                                                                <\/div>\n                        <\/div>\n                    <\/div>\n                                                        <div class=\"tile-item\">\n                        <div class=\"listing-block__tile tile-item__wrapper\">\n                            <div class=\"tile-item__content\">\n                                <h3 class=\"tile-item__title\" title=\"eForms\">\n                                    eForms\n                                <\/h3>\n                                <p class=\"tile-item__text\">Mit der M\u00f6glichkeit, Formulare elektronisch zu erstellen, einzureichen und zu verarbeiten, k\u00f6nnen Unternehmen&hellip;<\/p>\n                            <\/div>\n                            <div class=\"tile-item__cta\">\n                                                                            <a href=\"https:\/\/therefore.net\/de\/funktionen\/eforms\/\" target=\"_self\"\n                                           class=\"tile-item__link arrow-link link-accent\">Mehr lesen<\/a>\n                                                                <\/div>\n                        <\/div>\n                    <\/div>\n                                                        <div class=\"tile-item\">\n                        <div class=\"listing-block__tile tile-item__wrapper\">\n                            <div class=\"tile-item__content\">\n                                <h3 class=\"tile-item__title\" title=\"Erfassung\">\n                                    Erfassung\n                                <\/h3>\n                                <p class=\"tile-item__text\">Alle Unternehmen haben mit mehr Daten zu tun als je zuvor. Sie brauchen&hellip;<\/p>\n                            <\/div>\n                            <div class=\"tile-item__cta\">\n                                                                            <a href=\"https:\/\/therefore.net\/de\/funktionen\/erfassung\/\" target=\"_self\"\n                                           class=\"tile-item__link arrow-link link-accent\">Mehr lesen<\/a>\n                                                                <\/div>\n                        <\/div>\n                    <\/div>\n                                                        <div class=\"tile-item\">\n                        <div class=\"listing-block__tile tile-item__wrapper\">\n                            <div class=\"tile-item__content\">\n                                <h3 class=\"tile-item__title\" title=\"Zusammenarbeit\">\n                                    Zusammenarbeit\n                                <\/h3>\n                                <p class=\"tile-item__text\">Die Zusammenarbeit mit anderen ist Teil fast jeder Arbeit, aber sie ist sicher&hellip;<\/p>\n                            <\/div>\n                            <div class=\"tile-item__cta\">\n                                                                            <a href=\"https:\/\/therefore.net\/de\/funktionen\/zusammenarbeit\/\" target=\"_self\"\n                                           class=\"tile-item__link arrow-link link-accent\">Mehr lesen<\/a>\n                                                                <\/div>\n                        <\/div>\n                    <\/div>\n                                                        <div class=\"tile-item\">\n                        <div class=\"listing-block__tile tile-item__wrapper\">\n                            <div class=\"tile-item__content\">\n                                <h3 class=\"tile-item__title\" title=\"E-mail\">\n                                    E-mail\n                                <\/h3>\n                                <p class=\"tile-item__text\">E-Mail ist ein unverzichtbares Kommunikationsmittel f\u00fcr Unternehmen.<\/p>\n                            <\/div>\n                            <div class=\"tile-item__cta\">\n                                                                            <a href=\"https:\/\/therefore.net\/de\/funktionen\/e-mail\/\" target=\"_self\"\n                                           class=\"tile-item__link arrow-link link-accent\">Mehr lesen<\/a>\n                                                                <\/div>\n                        <\/div>\n                    <\/div>\n                                                        <div class=\"tile-item\">\n                        <div class=\"listing-block__tile tile-item__wrapper\">\n                            <div class=\"tile-item__content\">\n                                <h3 class=\"tile-item__title\" title=\"eSignaturen\">\n                                    eSignaturen\n                                <\/h3>\n                                <p class=\"tile-item__text\">eSignaturen k\u00f6nnen die Prozesse zur Unterzeichnung von Dokumenten vereinfachen und beschleunigen und gleichzeitig&hellip;<\/p>\n                            <\/div>\n                            <div class=\"tile-item__cta\">\n                                                                            <a href=\"https:\/\/therefore.net\/de\/funktionen\/esignaturen\/\" target=\"_self\"\n                                           class=\"tile-item__link arrow-link link-accent\">Mehr lesen<\/a>\n                                                                <\/div>\n                        <\/div>\n                    <\/div>\n                                                        <div class=\"tile-item\">\n                        <div class=\"listing-block__tile tile-item__wrapper\">\n                            <div class=\"tile-item__content\">\n                                <h3 class=\"tile-item__title\" title=\"Integration\">\n                                    Integration\n                                <\/h3>\n                                <p class=\"tile-item__text\">In der Welt von Big Data hilft Ihnen die Integration, die L\u00fccke zu&hellip;<\/p>\n                            <\/div>\n                            <div class=\"tile-item__cta\">\n                                                                            <a href=\"https:\/\/therefore.net\/de\/funktionen\/integration\/\" target=\"_self\"\n                                           class=\"tile-item__link arrow-link link-accent\">Mehr lesen<\/a>\n                                                                <\/div>\n                        <\/div>\n                    <\/div>\n                                                        <div class=\"tile-item\">\n                        <div class=\"listing-block__tile tile-item__wrapper\">\n                            <div class=\"tile-item__content\">\n                                <h3 class=\"tile-item__title\" title=\"Mobilit\u00e4t\">\n                                    Mobilit\u00e4t\n                                <\/h3>\n                                <p class=\"tile-item__text\">Flexibilit\u00e4t und Reaktionsf\u00e4higkeit sind f\u00fcr Unternehmen in der heutigen schnelllebigen und sich st\u00e4ndig&hellip;<\/p>\n                            <\/div>\n                            <div class=\"tile-item__cta\">\n                                                                            <a href=\"https:\/\/therefore.net\/de\/funktionen\/mobilitaet\/\" target=\"_self\"\n                                           class=\"tile-item__link arrow-link link-accent\">Mehr lesen<\/a>\n                                                                <\/div>\n                        <\/div>\n                    <\/div>\n                                                        <div class=\"tile-item\">\n                        <div class=\"listing-block__tile tile-item__wrapper\">\n                            <div class=\"tile-item__content\">\n                                <h3 class=\"tile-item__title\" title=\"Portal\">\n                                    Portal\n                                <\/h3>\n                                <p class=\"tile-item__text\">Ein Kundenportal bietet verschiedene Vorteile f\u00fcr Unternehmen, wie z. B. die Verbesserung der&hellip;<\/p>\n                            <\/div>\n                            <div class=\"tile-item__cta\">\n                                                                            <a href=\"https:\/\/therefore.net\/de\/funktionen\/portal\/\" target=\"_self\"\n                                           class=\"tile-item__link arrow-link link-accent\">Mehr lesen<\/a>\n                                                                <\/div>\n                        <\/div>\n                    <\/div>\n                                                        <div class=\"tile-item\">\n                        <div class=\"listing-block__tile tile-item__wrapper\">\n                            <div class=\"tile-item__content\">\n                                <h3 class=\"tile-item__title\" title=\"Reporting\">\n                                    Reporting\n                                <\/h3>\n                                <p class=\"tile-item__text\">Unternehmen und Organisationen, die keine datengest\u00fctzte Entscheidungsfindung betreiben, laufen Gefahr, hinter ihre Konkurrenten&hellip;<\/p>\n                            <\/div>\n                            <div class=\"tile-item__cta\">\n                                                                            <a href=\"https:\/\/therefore.net\/de\/funktionen\/berichterstattung\/\" target=\"_self\"\n                                           class=\"tile-item__link arrow-link link-accent\">Mehr lesen<\/a>\n                                                                <\/div>\n                        <\/div>\n                    <\/div>\n                                                        <div class=\"tile-item\">\n                        <div class=\"listing-block__tile tile-item__wrapper\">\n                            <div class=\"tile-item__content\">\n                                <h3 class=\"tile-item__title\" title=\"Skalierbarkeit\">\n                                    Skalierbarkeit\n                                <\/h3>\n                                <p class=\"tile-item__text\">Skalierbarkeit ist ein Schl\u00fcsselfaktor f\u00fcr den langfristigen Erfolg Ihrer Informationsmanagementl\u00f6sung.<\/p>\n                            <\/div>\n                            <div class=\"tile-item__cta\">\n                                                                            <a href=\"https:\/\/therefore.net\/de\/funktionen\/skalierbarkeit\/\" target=\"_self\"\n                                           class=\"tile-item__link arrow-link link-accent\">Mehr lesen<\/a>\n                                                                <\/div>\n                        <\/div>\n                    <\/div>\n                                                        <div class=\"tile-item\">\n                        <div class=\"listing-block__tile tile-item__wrapper\">\n                            <div class=\"tile-item__content\">\n                                <h3 class=\"tile-item__title\" title=\"Workflow\">\n                                    Workflow\n                                <\/h3>\n                                <p class=\"tile-item__text\">Automatisierung ist keine Wahl mehr &#8211; sie ist eine Notwendigkeit.<\/p>\n                            <\/div>\n                            <div class=\"tile-item__cta\">\n                                                                            <a href=\"https:\/\/therefore.net\/de\/funktionen\/workflow\/\" target=\"_self\"\n                                           class=\"tile-item__link arrow-link link-accent\">Mehr lesen<\/a>\n                                                                <\/div>\n                        <\/div>\n                    <\/div>\n                                                        <div class=\"tile-item\">\n                        <div class=\"listing-block__tile tile-item__wrapper\">\n                            <div class=\"tile-item__content\">\n                                <h3 class=\"tile-item__title\" title=\"Sicherheit\">\n                                    Sicherheit\n                                <\/h3>\n                                <p class=\"tile-item__text\">Die Sicherheit Ihrer Daten ist ein zentraler Grundsatz der Therefore\u2122-Software.<\/p>\n                            <\/div>\n                            <div class=\"tile-item__cta\">\n                                                                            <a href=\"https:\/\/therefore.net\/de\/funktionen\/sicherheit\/\" target=\"_self\"\n                                           class=\"tile-item__link arrow-link link-accent\">Mehr lesen<\/a>\n                                                                <\/div>\n                        <\/div>\n                    <\/div>\n                                <div class=\"tile-item tile-item--svg\">\n                    <svg width=\"255\" height=\"288\" viewBox=\"0 0 255 288\" fill=\"none\" xmlns=\"http:\/\/www.w3.org\/2000\/svg\">\n<g clip-path=\"url(#clip0_390_80369)\">\n<path d=\"M255 88C255 198.457 165.457 288 55 288L-3.05176e-05 288L-5.33982e-06 8.22477e-06L255 3.05176e-05L255 88Z\" fill=\"#1E5BFA\"\/>\n<g filter=\"url(#filter0_f_390_80369)\">\n<circle cx=\"-51\" cy=\"262\" r=\"218\" fill=\"#44EDF8\" fill-opacity=\"0.56\"\/>\n<\/g>\n<\/g>\n<defs>\n<filter id=\"filter0_f_390_80369\" x=\"-569\" y=\"-256\" width=\"1036\" height=\"1036\" filterUnits=\"userSpaceOnUse\" color-interpolation-filters=\"sRGB\">\n<feFlood flood-opacity=\"0\" result=\"BackgroundImageFix\"\/>\n<feBlend mode=\"normal\" in=\"SourceGraphic\" in2=\"BackgroundImageFix\" result=\"shape\"\/>\n<feGaussianBlur stdDeviation=\"150\" result=\"effect1_foregroundBlur_390_80369\"\/>\n<\/filter>\n<clipPath id=\"clip0_390_80369\">\n<path d=\"M255 88C255 198.457 165.457 288 55 288L-3.05176e-05 288L-5.33982e-06 8.22477e-06L255 3.05176e-05L255 88Z\" fill=\"white\"\/>\n<\/clipPath>\n<\/defs>\n<\/svg>\n\n                <\/div>\n            <\/div>\n            <\/div>\n<\/section>\n","protected":false},"excerpt":{"rendered":"","protected":false},"author":5,"featured_media":0,"parent":0,"menu_order":0,"comment_status":"closed","ping_status":"closed","template":"","meta":{"_acf_changed":false,"inline_featured_image":false,"footnotes":""},"class_list":["post-656","page","type-page","status-publish","hentry"],"acf":[],"yoast_head":"<!-- This site is optimized with the Yoast SEO plugin v27.3 - https:\/\/yoast.com\/product\/yoast-seo-wordpress\/ -->\n<title>Funktionen und F\u00e4higkeiten<\/title>\n<meta name=\"description\" content=\"Therefore\u2122 Software verf\u00fcgt \u00fcber zahlreiche Funktionen und F\u00e4higkeiten, die sie zu einer hervorragenden L\u00f6sung f\u00fcr das Informationsmanagement machen.\" \/>\n<meta name=\"robots\" content=\"index, follow, max-snippet:-1, max-image-preview:large, max-video-preview:-1\" \/>\n<link rel=\"canonical\" href=\"https:\/\/therefore.net\/de\/funktionen\/\" \/>\n<script type=\"application\/ld+json\" class=\"yoast-schema-graph\">{\"@context\":\"https:\\\/\\\/schema.org\",\"@graph\":[{\"@type\":\"WebPage\",\"@id\":\"https:\\\/\\\/therefore.net\\\/de\\\/funktionen\\\/\",\"url\":\"https:\\\/\\\/therefore.net\\\/de\\\/funktionen\\\/\",\"name\":\"Funktionen und F\u00e4higkeiten\",\"isPartOf\":{\"@id\":\"https:\\\/\\\/therefore.net\\\/de\\\/#website\"},\"datePublished\":\"2022-05-31T08:51:25+00:00\",\"dateModified\":\"2023-06-02T21:59:19+00:00\",\"description\":\"Therefore\u2122 Software verf\u00fcgt \u00fcber zahlreiche Funktionen und F\u00e4higkeiten, die sie zu einer hervorragenden L\u00f6sung f\u00fcr das Informationsmanagement machen.\",\"breadcrumb\":{\"@id\":\"https:\\\/\\\/therefore.net\\\/de\\\/funktionen\\\/#breadcrumb\"},\"inLanguage\":\"de-DE\",\"potentialAction\":[{\"@type\":\"ReadAction\",\"target\":[\"https:\\\/\\\/therefore.net\\\/de\\\/funktionen\\\/\"]}]},{\"@type\":\"BreadcrumbList\",\"@id\":\"https:\\\/\\\/therefore.net\\\/de\\\/funktionen\\\/#breadcrumb\",\"itemListElement\":[{\"@type\":\"ListItem\",\"position\":1,\"name\":\"Home\",\"item\":\"https:\\\/\\\/therefore.net\\\/de\\\/\"},{\"@type\":\"ListItem\",\"position\":2,\"name\":\"Funktionen\"}]},{\"@type\":\"WebSite\",\"@id\":\"https:\\\/\\\/therefore.net\\\/de\\\/#website\",\"url\":\"https:\\\/\\\/therefore.net\\\/de\\\/\",\"name\":\"Therefore\",\"description\":\"\",\"publisher\":{\"@id\":\"https:\\\/\\\/therefore.net\\\/de\\\/#organization\"},\"potentialAction\":[{\"@type\":\"SearchAction\",\"target\":{\"@type\":\"EntryPoint\",\"urlTemplate\":\"https:\\\/\\\/therefore.net\\\/de\\\/?s={search_term_string}\"},\"query-input\":{\"@type\":\"PropertyValueSpecification\",\"valueRequired\":true,\"valueName\":\"search_term_string\"}}],\"inLanguage\":\"de-DE\"},{\"@type\":\"Organization\",\"@id\":\"https:\\\/\\\/therefore.net\\\/de\\\/#organization\",\"name\":\"Therefore\",\"url\":\"https:\\\/\\\/therefore.net\\\/de\\\/\",\"logo\":{\"@type\":\"ImageObject\",\"inLanguage\":\"de-DE\",\"@id\":\"https:\\\/\\\/therefore.net\\\/de\\\/#\\\/schema\\\/logo\\\/image\\\/\",\"url\":\"https:\\\/\\\/therefore.net\\\/wp\\\/..\\\/app\\\/uploads\\\/2022\\\/04\\\/logo.png\",\"contentUrl\":\"https:\\\/\\\/therefore.net\\\/wp\\\/..\\\/app\\\/uploads\\\/2022\\\/04\\\/logo.png\",\"width\":176,\"height\":48,\"caption\":\"Therefore\"},\"image\":{\"@id\":\"https:\\\/\\\/therefore.net\\\/de\\\/#\\\/schema\\\/logo\\\/image\\\/\"},\"sameAs\":[\"https:\\\/\\\/www.linkedin.com\\\/company\\\/therefore-corporation\\\/\",\"https:\\\/\\\/www.youtube.com\\\/user\\\/ThereforeTV\"]}]}<\/script>\n<!-- \/ Yoast SEO plugin. -->","yoast_head_json":{"title":"Funktionen und F\u00e4higkeiten","description":"Therefore\u2122 Software verf\u00fcgt \u00fcber zahlreiche Funktionen und F\u00e4higkeiten, die sie zu einer hervorragenden L\u00f6sung f\u00fcr das Informationsmanagement machen.","robots":{"index":"index","follow":"follow","max-snippet":"max-snippet:-1","max-image-preview":"max-image-preview:large","max-video-preview":"max-video-preview:-1"},"canonical":"https:\/\/therefore.net\/de\/funktionen\/","schema":{"@context":"https:\/\/schema.org","@graph":[{"@type":"WebPage","@id":"https:\/\/therefore.net\/de\/funktionen\/","url":"https:\/\/therefore.net\/de\/funktionen\/","name":"Funktionen und F\u00e4higkeiten","isPartOf":{"@id":"https:\/\/therefore.net\/de\/#website"},"datePublished":"2022-05-31T08:51:25+00:00","dateModified":"2023-06-02T21:59:19+00:00","description":"Therefore\u2122 Software verf\u00fcgt \u00fcber zahlreiche Funktionen und F\u00e4higkeiten, die sie zu einer hervorragenden L\u00f6sung f\u00fcr das Informationsmanagement machen.","breadcrumb":{"@id":"https:\/\/therefore.net\/de\/funktionen\/#breadcrumb"},"inLanguage":"de-DE","potentialAction":[{"@type":"ReadAction","target":["https:\/\/therefore.net\/de\/funktionen\/"]}]},{"@type":"BreadcrumbList","@id":"https:\/\/therefore.net\/de\/funktionen\/#breadcrumb","itemListElement":[{"@type":"ListItem","position":1,"name":"Home","item":"https:\/\/therefore.net\/de\/"},{"@type":"ListItem","position":2,"name":"Funktionen"}]},{"@type":"WebSite","@id":"https:\/\/therefore.net\/de\/#website","url":"https:\/\/therefore.net\/de\/","name":"Therefore","description":"","publisher":{"@id":"https:\/\/therefore.net\/de\/#organization"},"potentialAction":[{"@type":"SearchAction","target":{"@type":"EntryPoint","urlTemplate":"https:\/\/therefore.net\/de\/?s={search_term_string}"},"query-input":{"@type":"PropertyValueSpecification","valueRequired":true,"valueName":"search_term_string"}}],"inLanguage":"de-DE"},{"@type":"Organization","@id":"https:\/\/therefore.net\/de\/#organization","name":"Therefore","url":"https:\/\/therefore.net\/de\/","logo":{"@type":"ImageObject","inLanguage":"de-DE","@id":"https:\/\/therefore.net\/de\/#\/schema\/logo\/image\/","url":"https:\/\/therefore.net\/wp\/..\/app\/uploads\/2022\/04\/logo.png","contentUrl":"https:\/\/therefore.net\/wp\/..\/app\/uploads\/2022\/04\/logo.png","width":176,"height":48,"caption":"Therefore"},"image":{"@id":"https:\/\/therefore.net\/de\/#\/schema\/logo\/image\/"},"sameAs":["https:\/\/www.linkedin.com\/company\/therefore-corporation\/","https:\/\/www.youtube.com\/user\/ThereforeTV"]}]}},"_links":{"self":[{"href":"https:\/\/therefore.net\/de\/wp-json\/wp\/v2\/pages\/656","targetHints":{"allow":["GET"]}}],"collection":[{"href":"https:\/\/therefore.net\/de\/wp-json\/wp\/v2\/pages"}],"about":[{"href":"https:\/\/therefore.net\/de\/wp-json\/wp\/v2\/types\/page"}],"author":[{"embeddable":true,"href":"https:\/\/therefore.net\/de\/wp-json\/wp\/v2\/users\/5"}],"replies":[{"embeddable":true,"href":"https:\/\/therefore.net\/de\/wp-json\/wp\/v2\/comments?post=656"}],"version-history":[{"count":5,"href":"https:\/\/therefore.net\/de\/wp-json\/wp\/v2\/pages\/656\/revisions"}],"predecessor-version":[{"id":3593,"href":"https:\/\/therefore.net\/de\/wp-json\/wp\/v2\/pages\/656\/revisions\/3593"}],"wp:attachment":[{"href":"https:\/\/therefore.net\/de\/wp-json\/wp\/v2\/media?parent=656"}],"curies":[{"name":"wp","href":"https:\/\/api.w.org\/{rel}","templated":true}]}}