{"id":6948,"date":"2023-09-29T22:41:09","date_gmt":"2023-09-29T20:41:09","guid":{"rendered":"https:\/\/therefore.net\/neuer-web-client\/"},"modified":"2024-02-06T00:53:11","modified_gmt":"2024-02-05T23:53:11","slug":"neuer-web-client","status":"publish","type":"page","link":"https:\/\/therefore.net\/de\/neuer-web-client\/","title":{"rendered":"Neuer Web-Client"},"content":{"rendered":"<section class=\"custom-block benefits-left-image about-us-top-block\">\n    <div class=\"container  benefits-left-image__container\">\n        <div class=\"benefits-left-image__inner\">\n            <div class=\"benefits-left-image__image-wrapper \">\n                                    <img decoding=\"async\" width=\"1600\" height=\"1300\" src=\"https:\/\/therefore.net\/wp\/..\/app\/uploads\/2023\/10\/New-Web-Client-1.png\" class=\"attachment-full size-full\" alt=\"Screenshot eines Dateiverwaltungssystems mit einer Ordnerstruktur auf der linken Seite und einer Dateisuchschnittstelle auf der rechten Seite, mit Optionen f\u00fcr die einfache und erweiterte Suche und sichtbaren Schnellsuchkategorien.\" srcset=\"https:\/\/therefore.net\/wp\/..\/app\/uploads\/2023\/10\/New-Web-Client-1.png 1600w, https:\/\/therefore.net\/wp\/..\/app\/uploads\/2023\/10\/New-Web-Client-1-300x244.png 300w, https:\/\/therefore.net\/wp\/..\/app\/uploads\/2023\/10\/New-Web-Client-1-1024x832.png 1024w, https:\/\/therefore.net\/wp\/..\/app\/uploads\/2023\/10\/New-Web-Client-1-768x624.png 768w, https:\/\/therefore.net\/wp\/..\/app\/uploads\/2023\/10\/New-Web-Client-1-1536x1248.png 1536w\" sizes=\"(max-width: 1600px) 100vw, 1600px\" \/>\n                            <\/div>\n            <div class=\"benefits-left-image__text-wrapper\">\n                                \n                    <div class=\"benefits-left-image__paragraph-wrapper\">\n                                                <h2 class=\"benefits-left-image__title\">\n                            Willkommen beim neuen Therefore\u2122 Web-Client!\n                        <\/h2>\n                        <div class=\"benefits-left-image__text\"><p>Der Therefore\u2122 Dynamic Web Viewer wurde von Grund auf neu entwickelt, wodurch er leistungsf\u00e4higer, schneller und einfacher zu bedienen ist als je zuvor.<br \/>\nAuf dieser Seite finden Sie Informationen \u00fcber den neuen Web-Client und Antworten auf h\u00e4ufig gestellte Fragen.<\/p>\n<\/div>\n                    <\/div>\n\n                \n                    <div class=\"benefits-left-image__paragraph-wrapper\">\n                                                <h2 class=\"benefits-left-image__title\">\n                            Was ist der neue Web-Client und warum sollte ich wechseln?\n                        <\/h2>\n                        <div class=\"benefits-left-image__text\"><p>Der neue Web-Client ist ein Redesign des Therefore\u2122 Dynamic Web Viewer. Der neue Web-Client \u00e4hnelt funktional dieser Plattform, bietet Ihnen aber eine bessere Benutzererfahrung und eine h\u00f6here Leistung.<\/p>\n<p>M\u00f6glicherweise verwenden Sie derzeit den Classic Web Client, auch bekannt als Therefore\u2122 Web Access. Diese Methode des Zugriffs auf Therefore\u2122 wird weiterhin unterst\u00fctzt, wird aber bald durch unser neues Web-Erlebnis ersetzt werden.<\/p>\n<\/div>\n                    <\/div>\n\n                                \n                            <\/div>\n        <\/div>\n    <\/div>\n<\/section>\n\n\n<div class=\"custom-block simple-paragraph\">\n    <div class=\"container\">\n        <div class=\"blog-post__content blog-post__content--wide\">\n            <h1 style=\"text-align: center;\">Was macht den neuen Web-Client besser?<\/h1>\n\n        <\/div>\n\n            <\/div>\n<\/div>\n\n\n\n<section class=\"custom-block benefits-save-time\">\n    <div class=\"container benefits-save-time__container\">\n        <div class=\"benefits-save-time__inner\">\n            <div class=\"benefits-save-time__left\">\n                <div class=\"benefits-save-time__image-wrapper\">\n                                            <img decoding=\"async\" width=\"1030\" height=\"1120\" src=\"https:\/\/therefore.net\/wp\/..\/app\/uploads\/2023\/10\/Classic-Web-Client-vs-New.png\" class=\"attachment-full size-full\" alt=\"Zwei Screenshots vergleichen Ordnerstrukturen: links ein klassischer Ordnerbaum mit beschrifteten Unterordnern, rechts eine moderne Oberfl\u00e4che mit blauen Ordnersymbolen, die beide einen Ordner mit Mitarbeitervertr\u00e4gen hervorheben.\" srcset=\"https:\/\/therefore.net\/wp\/..\/app\/uploads\/2023\/10\/Classic-Web-Client-vs-New.png 1030w, https:\/\/therefore.net\/wp\/..\/app\/uploads\/2023\/10\/Classic-Web-Client-vs-New-276x300.png 276w, https:\/\/therefore.net\/wp\/..\/app\/uploads\/2023\/10\/Classic-Web-Client-vs-New-942x1024.png 942w, https:\/\/therefore.net\/wp\/..\/app\/uploads\/2023\/10\/Classic-Web-Client-vs-New-768x835.png 768w\" sizes=\"(max-width: 1030px) 100vw, 1030px\" \/>\n                                    <\/div>\n            <\/div>\n\n            <div class=\"benefits-save-time__text-wrapper\">\n                <h2 class=\"benefits-save-time__title\">\n                    Unser neuer Web-Client im Vergleich zum klassischen Web-Client:\n                <\/h2>\n                                <ul class=\"benefits-save-time__bullets\">\n                                        <li class=\"benefits-save-time__bullets__item\">Modernere und intuitivere Benutzeroberfl\u00e4che<\/li>\n                                        <li class=\"benefits-save-time__bullets__item\">Deutlich schneller bei allen Benutzeraktionen<\/li>\n                                        <li class=\"benefits-save-time__bullets__item\">Enth\u00e4lt verbesserte Suchfunktionen<\/li>\n                                        <li class=\"benefits-save-time__bullets__item\">Bietet Benutzer-Dashboards und bessere Datentransparenz<\/li>\n                                        <li class=\"benefits-save-time__bullets__item\">Wird als zentrale Therefore\u2122-Benutzeroberfl\u00e4che weiter entwickelt<\/li>\n                                    <\/ul>\n                            <\/div>\n        <\/div>\n    <\/div>\n<\/section>\n\n\n<section class=\"custom-block accordion-block\">\n    <div class=\"container  accordion-block__container\">\n        <div class=\"accordion-block__accent\">\n            <svg width=\"350\" height=\"246\" viewBox=\"0 0 350 246\" fill=\"none\" xmlns=\"http:\/\/www.w3.org\/2000\/svg\">\n<g clip-path=\"url(#clip0_266_73703)\">\n<path d=\"M0 0H350V246H200C89.5431 246 0 156.457 0 46V0Z\" fill=\"#1E5BFA\"\/>\n<g filter=\"url(#filter0_f_266_73703)\">\n<circle cx=\"74\" cy=\"187\" r=\"218\" fill=\"#44EDF8\" fill-opacity=\"0.56\"\/>\n<\/g>\n<\/g>\n<defs>\n<filter id=\"filter0_f_266_73703\" x=\"-444\" y=\"-331\" width=\"1036\" height=\"1036\" filterUnits=\"userSpaceOnUse\" color-interpolation-filters=\"sRGB\">\n<feFlood flood-opacity=\"0\" result=\"BackgroundImageFix\"\/>\n<feBlend mode=\"normal\" in=\"SourceGraphic\" in2=\"BackgroundImageFix\" result=\"shape\"\/>\n<feGaussianBlur stdDeviation=\"150\" result=\"effect1_foregroundBlur_266_73703\"\/>\n<\/filter>\n<clipPath id=\"clip0_266_73703\">\n<path d=\"M0 0H350V246H200C89.5431 246 0 156.457 0 46V0Z\" fill=\"white\"\/>\n<\/clipPath>\n<\/defs>\n<\/svg>\n\n        <\/div>\n        <div class=\"accordion-block__content\">\n            <h2 class=\"accordion-block__content__heading\">\n                H\u00e4ufig gestellte Fragen\n            <\/h2>\n            <div class=\"accordion-block__items\">\n                                                <div class=\"accordion-block__items__item accordion-item\">\n                    <h3 class=\"accordion-item__title\">\n                        Kann ich den Classic Web Client weiterhin verwenden?\n                        <div class=\"accordion-item__toggle\">\n                            <svg width=\"24\" height=\"24\" viewBox=\"0 0 24 24\" fill=\"none\" xmlns=\"http:\/\/www.w3.org\/2000\/svg\">\n<path fill-rule=\"evenodd\" clip-rule=\"evenodd\" d=\"M13.1943 4.11509C13.1943 3.49924 12.6951 3 12.0792 3C11.4634 3 10.9642 3.49924 10.9642 4.11509L10.9642 10.8057L4.1151 10.8057C3.49925 10.8057 3 11.3049 3 11.9208C3 12.5366 3.49924 13.0358 4.11509 13.0358H10.9642L10.9642 19.8849C10.9642 20.5008 11.4634 21 12.0792 21C12.6951 21 13.1943 20.5008 13.1943 19.8849L13.1943 13.0358H19.8849C20.5008 13.0358 21 12.5366 21 11.9208C21 11.3049 20.5008 10.8057 19.8849 10.8057L13.1943 10.8057L13.1943 4.11509Z\" fill=\"black\" fill-opacity=\"0.87\"\/>\n<\/svg>\n\n                        <\/div>\n                    <\/h3>\n                    <div class=\"accordion-item__content\">\n                        <p>Ja, Sie k\u00f6nnen den Classic Web Client vorerst weiter verwenden. Irgendwann wird der Classic Web Client auslaufen und von Therefore\u2122 entfernt werden. Dennoch empfehlen wir Ihnen, so bald wie m\u00f6glich auf den neuen Web-Client umzusteigen, da dieser eine bessere Leistung und Benutzerfreundlichkeit bietet.<\/p>\n\n                                            <\/div>\n                <\/div>\n                                                <div class=\"accordion-block__items__item accordion-item\">\n                    <h3 class=\"accordion-item__title\">\n                        Kann ich wieder zum klassischen Web-Client wechseln, wenn ich den neuen Web-Client verwendet habe?\n                        <div class=\"accordion-item__toggle\">\n                            <svg width=\"24\" height=\"24\" viewBox=\"0 0 24 24\" fill=\"none\" xmlns=\"http:\/\/www.w3.org\/2000\/svg\">\n<path fill-rule=\"evenodd\" clip-rule=\"evenodd\" d=\"M13.1943 4.11509C13.1943 3.49924 12.6951 3 12.0792 3C11.4634 3 10.9642 3.49924 10.9642 4.11509L10.9642 10.8057L4.1151 10.8057C3.49925 10.8057 3 11.3049 3 11.9208C3 12.5366 3.49924 13.0358 4.11509 13.0358H10.9642L10.9642 19.8849C10.9642 20.5008 11.4634 21 12.0792 21C12.6951 21 13.1943 20.5008 13.1943 19.8849L13.1943 13.0358H19.8849C20.5008 13.0358 21 12.5366 21 11.9208C21 11.3049 20.5008 10.8057 19.8849 10.8057L13.1943 10.8057L13.1943 4.11509Z\" fill=\"black\" fill-opacity=\"0.87\"\/>\n<\/svg>\n\n                        <\/div>\n                    <\/h3>\n                    <div class=\"accordion-item__content\">\n                        <p>Ja. Solange der Classic Web Client unterst\u00fctzt wird, k\u00f6nnen Sie zwischen den beiden Benutzeroberfl\u00e4chen wechseln. Sobald der Classic Web Client eingestellt wird, k\u00f6nnen Sie nicht mehr wechseln.<\/p>\n\n                                            <\/div>\n                <\/div>\n                                                <div class=\"accordion-block__items__item accordion-item\">\n                    <h3 class=\"accordion-item__title\">\n                        Welche Unterschiede gibt es zwischen den beiden Webclients?\n                        <div class=\"accordion-item__toggle\">\n                            <svg width=\"24\" height=\"24\" viewBox=\"0 0 24 24\" fill=\"none\" xmlns=\"http:\/\/www.w3.org\/2000\/svg\">\n<path fill-rule=\"evenodd\" clip-rule=\"evenodd\" d=\"M13.1943 4.11509C13.1943 3.49924 12.6951 3 12.0792 3C11.4634 3 10.9642 3.49924 10.9642 4.11509L10.9642 10.8057L4.1151 10.8057C3.49925 10.8057 3 11.3049 3 11.9208C3 12.5366 3.49924 13.0358 4.11509 13.0358H10.9642L10.9642 19.8849C10.9642 20.5008 11.4634 21 12.0792 21C12.6951 21 13.1943 20.5008 13.1943 19.8849L13.1943 13.0358H19.8849C20.5008 13.0358 21 12.5366 21 11.9208C21 11.3049 20.5008 10.8057 19.8849 10.8057L13.1943 10.8057L13.1943 4.11509Z\" fill=\"black\" fill-opacity=\"0.87\"\/>\n<\/svg>\n\n                        <\/div>\n                    <\/h3>\n                    <div class=\"accordion-item__content\">\n                        <p>Ab Oktober 2023 sind die folgenden Merkmale und Funktionen des klassischen Webclients im neuen Webclient NICHT verf\u00fcgbar. Diese Liste wird aktualisiert, sobald dem neuen Web-Client weitere Funktionen hinzugef\u00fcgt werden.<\/p>\n<p>&nbsp;<\/p>\n<p><strong>View &amp; Search<\/strong><\/p>\n<p>\u2022 Personal saved searches<\/p>\n<p>\u2022 Reordering files within a document<\/p>\n<p>\u2022 Changing the file name of a file within a document<\/p>\n<p>\u2022 Combined full-text and index data searches<\/p>\n<p>\u2022 Advanced search parameters for full-text search<\/p>\n<p>\u2022 Add and modify annotations<\/p>\n<p>&nbsp;<\/p>\n<p><strong>Hit-list<\/strong><\/p>\n<p>\u2022 Edit index data<\/p>\n<p>\u2022 Linking documents<\/p>\n<p>\u2022 Multiple selection<\/p>\n<p>\u2022 Copy and paste<\/p>\n<p>&nbsp;<\/p>\n<p><strong>Workflow<\/strong><\/p>\n<p>\u2022 Delegation<\/p>\n<p>\u2022 History<\/p>\n<p>\u2022 Re-routing tasks<\/p>\n<p>&nbsp;<\/p>\n<p><strong>General<\/strong><\/p>\n<p>\u2022 Managing security on categories, documents, etc.<\/p>\n<p>\u2022 Creating cases on the fly<\/p>\n<p>\u2022 Setting out-of-office<\/p>\n<p>\u2022 Collaboration with external parties<\/p>\n<p>\u2022 Auto-append<\/p>\n<p>\u2022 Document sharing<\/p>\n<p>\u2022 Recycle bin<\/p>\n<p>\u2022 Information on storage usage<\/p>\n<p>&nbsp;<\/p>\n<p><strong>Customization<\/strong><\/p>\n<p>\u2022 UI: logo, colors, etc.<\/p>\n<p>\u2022 Add-ins, callbacks<\/p>\n\n                                            <\/div>\n                <\/div>\n                            <\/div>\n        <\/div>\n    <\/div>\n<\/section>\n","protected":false},"excerpt":{"rendered":"","protected":false},"author":5,"featured_media":0,"parent":0,"menu_order":0,"comment_status":"closed","ping_status":"closed","template":"","meta":{"_acf_changed":false,"inline_featured_image":false,"footnotes":""},"class_list":["post-6948","page","type-page","status-publish","hentry"],"acf":[],"yoast_head":"<!-- This site is optimized with the Yoast SEO plugin v27.2 - https:\/\/yoast.com\/product\/yoast-seo-wordpress\/ -->\n<title>Neuer Web-Client - Therefore<\/title>\n<meta name=\"robots\" content=\"index, follow, max-snippet:-1, max-image-preview:large, max-video-preview:-1\" \/>\n<link rel=\"canonical\" href=\"https:\/\/therefore.net\/de\/neuer-web-client\/\" \/>\n<script type=\"application\/ld+json\" class=\"yoast-schema-graph\">{\"@context\":\"https:\/\/schema.org\",\"@graph\":[{\"@type\":\"WebPage\",\"@id\":\"https:\/\/therefore.net\/de\/neuer-web-client\/\",\"url\":\"https:\/\/therefore.net\/de\/neuer-web-client\/\",\"name\":\"Neuer Web-Client - Therefore\",\"isPartOf\":{\"@id\":\"https:\/\/therefore.net\/de\/#website\"},\"datePublished\":\"2023-09-29T20:41:09+00:00\",\"dateModified\":\"2024-02-05T23:53:11+00:00\",\"breadcrumb\":{\"@id\":\"https:\/\/therefore.net\/de\/neuer-web-client\/#breadcrumb\"},\"inLanguage\":\"de-DE\",\"potentialAction\":[{\"@type\":\"ReadAction\",\"target\":[\"https:\/\/therefore.net\/de\/neuer-web-client\/\"]}]},{\"@type\":\"BreadcrumbList\",\"@id\":\"https:\/\/therefore.net\/de\/neuer-web-client\/#breadcrumb\",\"itemListElement\":[{\"@type\":\"ListItem\",\"position\":1,\"name\":\"Home\",\"item\":\"https:\/\/therefore.net\/de\/\"},{\"@type\":\"ListItem\",\"position\":2,\"name\":\"Neuer Web-Client\"}]},{\"@type\":\"WebSite\",\"@id\":\"https:\/\/therefore.net\/de\/#website\",\"url\":\"https:\/\/therefore.net\/de\/\",\"name\":\"Therefore\",\"description\":\"\",\"publisher\":{\"@id\":\"https:\/\/therefore.net\/de\/#organization\"},\"potentialAction\":[{\"@type\":\"SearchAction\",\"target\":{\"@type\":\"EntryPoint\",\"urlTemplate\":\"https:\/\/therefore.net\/de\/?s={search_term_string}\"},\"query-input\":{\"@type\":\"PropertyValueSpecification\",\"valueRequired\":true,\"valueName\":\"search_term_string\"}}],\"inLanguage\":\"de-DE\"},{\"@type\":\"Organization\",\"@id\":\"https:\/\/therefore.net\/de\/#organization\",\"name\":\"Therefore\",\"url\":\"https:\/\/therefore.net\/de\/\",\"logo\":{\"@type\":\"ImageObject\",\"inLanguage\":\"de-DE\",\"@id\":\"https:\/\/therefore.net\/de\/#\/schema\/logo\/image\/\",\"url\":\"https:\/\/therefore.net\/wp\/..\/app\/uploads\/2022\/04\/logo.png\",\"contentUrl\":\"https:\/\/therefore.net\/wp\/..\/app\/uploads\/2022\/04\/logo.png\",\"width\":176,\"height\":48,\"caption\":\"Therefore\"},\"image\":{\"@id\":\"https:\/\/therefore.net\/de\/#\/schema\/logo\/image\/\"},\"sameAs\":[\"https:\/\/www.linkedin.com\/company\/therefore-corporation\/\",\"https:\/\/www.youtube.com\/user\/ThereforeTV\"]}]}<\/script>\n<!-- \/ Yoast SEO plugin. -->","yoast_head_json":{"title":"Neuer Web-Client - Therefore","robots":{"index":"index","follow":"follow","max-snippet":"max-snippet:-1","max-image-preview":"max-image-preview:large","max-video-preview":"max-video-preview:-1"},"canonical":"https:\/\/therefore.net\/de\/neuer-web-client\/","schema":{"@context":"https:\/\/schema.org","@graph":[{"@type":"WebPage","@id":"https:\/\/therefore.net\/de\/neuer-web-client\/","url":"https:\/\/therefore.net\/de\/neuer-web-client\/","name":"Neuer Web-Client - Therefore","isPartOf":{"@id":"https:\/\/therefore.net\/de\/#website"},"datePublished":"2023-09-29T20:41:09+00:00","dateModified":"2024-02-05T23:53:11+00:00","breadcrumb":{"@id":"https:\/\/therefore.net\/de\/neuer-web-client\/#breadcrumb"},"inLanguage":"de-DE","potentialAction":[{"@type":"ReadAction","target":["https:\/\/therefore.net\/de\/neuer-web-client\/"]}]},{"@type":"BreadcrumbList","@id":"https:\/\/therefore.net\/de\/neuer-web-client\/#breadcrumb","itemListElement":[{"@type":"ListItem","position":1,"name":"Home","item":"https:\/\/therefore.net\/de\/"},{"@type":"ListItem","position":2,"name":"Neuer Web-Client"}]},{"@type":"WebSite","@id":"https:\/\/therefore.net\/de\/#website","url":"https:\/\/therefore.net\/de\/","name":"Therefore","description":"","publisher":{"@id":"https:\/\/therefore.net\/de\/#organization"},"potentialAction":[{"@type":"SearchAction","target":{"@type":"EntryPoint","urlTemplate":"https:\/\/therefore.net\/de\/?s={search_term_string}"},"query-input":{"@type":"PropertyValueSpecification","valueRequired":true,"valueName":"search_term_string"}}],"inLanguage":"de-DE"},{"@type":"Organization","@id":"https:\/\/therefore.net\/de\/#organization","name":"Therefore","url":"https:\/\/therefore.net\/de\/","logo":{"@type":"ImageObject","inLanguage":"de-DE","@id":"https:\/\/therefore.net\/de\/#\/schema\/logo\/image\/","url":"https:\/\/therefore.net\/wp\/..\/app\/uploads\/2022\/04\/logo.png","contentUrl":"https:\/\/therefore.net\/wp\/..\/app\/uploads\/2022\/04\/logo.png","width":176,"height":48,"caption":"Therefore"},"image":{"@id":"https:\/\/therefore.net\/de\/#\/schema\/logo\/image\/"},"sameAs":["https:\/\/www.linkedin.com\/company\/therefore-corporation\/","https:\/\/www.youtube.com\/user\/ThereforeTV"]}]}},"_links":{"self":[{"href":"https:\/\/therefore.net\/de\/wp-json\/wp\/v2\/pages\/6948","targetHints":{"allow":["GET"]}}],"collection":[{"href":"https:\/\/therefore.net\/de\/wp-json\/wp\/v2\/pages"}],"about":[{"href":"https:\/\/therefore.net\/de\/wp-json\/wp\/v2\/types\/page"}],"author":[{"embeddable":true,"href":"https:\/\/therefore.net\/de\/wp-json\/wp\/v2\/users\/5"}],"replies":[{"embeddable":true,"href":"https:\/\/therefore.net\/de\/wp-json\/wp\/v2\/comments?post=6948"}],"version-history":[{"count":3,"href":"https:\/\/therefore.net\/de\/wp-json\/wp\/v2\/pages\/6948\/revisions"}],"predecessor-version":[{"id":6952,"href":"https:\/\/therefore.net\/de\/wp-json\/wp\/v2\/pages\/6948\/revisions\/6952"}],"wp:attachment":[{"href":"https:\/\/therefore.net\/de\/wp-json\/wp\/v2\/media?parent=6948"}],"curies":[{"name":"wp","href":"https:\/\/api.w.org\/{rel}","templated":true}]}}