{"id":9256,"date":"2025-02-14T22:20:26","date_gmt":"2025-02-14T21:20:26","guid":{"rendered":"https:\/\/therefore.net\/prepaid-abgelaufen\/"},"modified":"2025-03-05T20:21:15","modified_gmt":"2025-03-05T19:21:15","slug":"prepaid-abgelaufen","status":"publish","type":"page","link":"https:\/\/therefore.net\/de\/prepaid-abgelaufen\/","title":{"rendered":"Prepaid Abgelaufen"},"content":{"rendered":"<div class=\"custom-block simple-paragraph\">\n    <div class=\"container\">\n        <div class=\"blog-post__content blog-post__content--wide\">\n            <h1>Bleiben Sie mit Ihrem Therefore\u2122-Abonnement auf dem Laufenden!<\/h1>\n<p>&nbsp;<\/p>\n<h3>Ist Ihr Therefore\u2122-Abonnement abgelaufen? Zeit f\u00fcr eine Erneuerung!<\/h3>\n<p>&nbsp;<\/p>\n<h4>Wie kann ich mein Therefore\u2122-Abonnement verl\u00e4ngern?<\/h4>\n<p>Wenn Sie Ihren Support-Vertrag verl\u00e4ngern m\u00f6chten, wenden Sie sich bitte an Ihren lokalen H\u00e4ndler. Dabei kann es sich um eine Canon Niederlassung oder einen anderen autorisierten Wiederverk\u00e4ufer handeln. In der Regel handelt es sich dabei um das Unternehmen, das Therefore\u2122 in Ihrem Unternehmen verkauft oder implementiert hat. Wenn Sie nicht wissen, wer das ist, k\u00f6nnen Sie sich gerne \u00fcber unser Kontaktformular mit uns in Verbindung setzen. Wir k\u00f6nnen es f\u00fcr Sie herausfinden.<\/p>\n<p>&nbsp;<\/p>\n<p><strong>Hei\u00dft das, dass meine Daten gel\u00f6scht worden sind?<\/strong><\/p>\n<p>Auch wenn Ihr Abonnement ausgelaufen ist, werden Ihre Daten nicht sofort gel\u00f6scht.<\/p>\n<p>Wenn Sie Therefore\u2122 Online nutzen, h\u00e4ngt es von Ihrem Vertrag ab, wie lange es dauert, bis Ihre Daten aus unseren Systemen gel\u00f6scht werden. In der Regel gibt es eine Nachfrist, die es Ihnen erm\u00f6glicht, Ihr Abonnement zu verl\u00e4ngern\/zu reaktivieren.<\/p>\n<p>Wenn Sie Therefore\u2122 On-Premises mit einem Abonnement nutzen, werden Ihre Daten nicht gel\u00f6scht, da sie sich auf Ihrem Server befinden. Wenn Sie Ihr Therefore\u2122-Abonnement jedoch auslaufen lassen, wird Ihr System nicht mehr funktionieren. Wir empfehlen dringend, Ihr Abonnement so bald wie m\u00f6glich zu erneuern.<\/p>\n<p>&nbsp;<\/p>\n<p>&nbsp;<\/p>\n\n        <\/div>\n\n            <\/div>\n<\/div>\n\n","protected":false},"excerpt":{"rendered":"","protected":false},"author":5,"featured_media":0,"parent":0,"menu_order":0,"comment_status":"closed","ping_status":"closed","template":"","meta":{"_acf_changed":false,"inline_featured_image":false,"footnotes":""},"class_list":["post-9256","page","type-page","status-publish","hentry"],"acf":[],"yoast_head":"<!-- This site is optimized with the Yoast SEO plugin v27.3 - https:\/\/yoast.com\/product\/yoast-seo-wordpress\/ -->\n<title>Software-Wartung<\/title>\n<meta name=\"description\" content=\"Mit der Software-Wartung bleiben Sie auf dem neuesten Stand der Produktaktualisierung und haben Anspruch auf technischen Support.\" \/>\n<meta name=\"robots\" content=\"index, follow, max-snippet:-1, max-image-preview:large, max-video-preview:-1\" \/>\n<link rel=\"canonical\" href=\"https:\/\/therefore.net\/de\/prepaid-abgelaufen\/\" \/>\n<script type=\"application\/ld+json\" class=\"yoast-schema-graph\">{\"@context\":\"https:\\\/\\\/schema.org\",\"@graph\":[{\"@type\":\"WebPage\",\"@id\":\"https:\\\/\\\/therefore.net\\\/de\\\/prepaid-abgelaufen\\\/\",\"url\":\"https:\\\/\\\/therefore.net\\\/de\\\/prepaid-abgelaufen\\\/\",\"name\":\"Software-Wartung\",\"isPartOf\":{\"@id\":\"https:\\\/\\\/therefore.net\\\/de\\\/#website\"},\"datePublished\":\"2025-02-14T21:20:26+00:00\",\"dateModified\":\"2025-03-05T19:21:15+00:00\",\"description\":\"Mit der Software-Wartung bleiben Sie auf dem neuesten Stand der Produktaktualisierung und haben Anspruch auf technischen Support.\",\"breadcrumb\":{\"@id\":\"https:\\\/\\\/therefore.net\\\/de\\\/prepaid-abgelaufen\\\/#breadcrumb\"},\"inLanguage\":\"de-DE\",\"potentialAction\":[{\"@type\":\"ReadAction\",\"target\":[\"https:\\\/\\\/therefore.net\\\/de\\\/prepaid-abgelaufen\\\/\"]}]},{\"@type\":\"BreadcrumbList\",\"@id\":\"https:\\\/\\\/therefore.net\\\/de\\\/prepaid-abgelaufen\\\/#breadcrumb\",\"itemListElement\":[{\"@type\":\"ListItem\",\"position\":1,\"name\":\"Home\",\"item\":\"https:\\\/\\\/therefore.net\\\/de\\\/\"},{\"@type\":\"ListItem\",\"position\":2,\"name\":\"Prepaid Abgelaufen\"}]},{\"@type\":\"WebSite\",\"@id\":\"https:\\\/\\\/therefore.net\\\/de\\\/#website\",\"url\":\"https:\\\/\\\/therefore.net\\\/de\\\/\",\"name\":\"Therefore\",\"description\":\"\",\"publisher\":{\"@id\":\"https:\\\/\\\/therefore.net\\\/de\\\/#organization\"},\"potentialAction\":[{\"@type\":\"SearchAction\",\"target\":{\"@type\":\"EntryPoint\",\"urlTemplate\":\"https:\\\/\\\/therefore.net\\\/de\\\/?s={search_term_string}\"},\"query-input\":{\"@type\":\"PropertyValueSpecification\",\"valueRequired\":true,\"valueName\":\"search_term_string\"}}],\"inLanguage\":\"de-DE\"},{\"@type\":\"Organization\",\"@id\":\"https:\\\/\\\/therefore.net\\\/de\\\/#organization\",\"name\":\"Therefore\",\"url\":\"https:\\\/\\\/therefore.net\\\/de\\\/\",\"logo\":{\"@type\":\"ImageObject\",\"inLanguage\":\"de-DE\",\"@id\":\"https:\\\/\\\/therefore.net\\\/de\\\/#\\\/schema\\\/logo\\\/image\\\/\",\"url\":\"https:\\\/\\\/therefore.net\\\/wp\\\/..\\\/app\\\/uploads\\\/2022\\\/04\\\/logo.png\",\"contentUrl\":\"https:\\\/\\\/therefore.net\\\/wp\\\/..\\\/app\\\/uploads\\\/2022\\\/04\\\/logo.png\",\"width\":176,\"height\":48,\"caption\":\"Therefore\"},\"image\":{\"@id\":\"https:\\\/\\\/therefore.net\\\/de\\\/#\\\/schema\\\/logo\\\/image\\\/\"},\"sameAs\":[\"https:\\\/\\\/www.linkedin.com\\\/company\\\/therefore-corporation\\\/\",\"https:\\\/\\\/www.youtube.com\\\/user\\\/ThereforeTV\"]}]}<\/script>\n<!-- \/ Yoast SEO plugin. -->","yoast_head_json":{"title":"Software-Wartung","description":"Mit der Software-Wartung bleiben Sie auf dem neuesten Stand der Produktaktualisierung und haben Anspruch auf technischen Support.","robots":{"index":"index","follow":"follow","max-snippet":"max-snippet:-1","max-image-preview":"max-image-preview:large","max-video-preview":"max-video-preview:-1"},"canonical":"https:\/\/therefore.net\/de\/prepaid-abgelaufen\/","schema":{"@context":"https:\/\/schema.org","@graph":[{"@type":"WebPage","@id":"https:\/\/therefore.net\/de\/prepaid-abgelaufen\/","url":"https:\/\/therefore.net\/de\/prepaid-abgelaufen\/","name":"Software-Wartung","isPartOf":{"@id":"https:\/\/therefore.net\/de\/#website"},"datePublished":"2025-02-14T21:20:26+00:00","dateModified":"2025-03-05T19:21:15+00:00","description":"Mit der Software-Wartung bleiben Sie auf dem neuesten Stand der Produktaktualisierung und haben Anspruch auf technischen Support.","breadcrumb":{"@id":"https:\/\/therefore.net\/de\/prepaid-abgelaufen\/#breadcrumb"},"inLanguage":"de-DE","potentialAction":[{"@type":"ReadAction","target":["https:\/\/therefore.net\/de\/prepaid-abgelaufen\/"]}]},{"@type":"BreadcrumbList","@id":"https:\/\/therefore.net\/de\/prepaid-abgelaufen\/#breadcrumb","itemListElement":[{"@type":"ListItem","position":1,"name":"Home","item":"https:\/\/therefore.net\/de\/"},{"@type":"ListItem","position":2,"name":"Prepaid Abgelaufen"}]},{"@type":"WebSite","@id":"https:\/\/therefore.net\/de\/#website","url":"https:\/\/therefore.net\/de\/","name":"Therefore","description":"","publisher":{"@id":"https:\/\/therefore.net\/de\/#organization"},"potentialAction":[{"@type":"SearchAction","target":{"@type":"EntryPoint","urlTemplate":"https:\/\/therefore.net\/de\/?s={search_term_string}"},"query-input":{"@type":"PropertyValueSpecification","valueRequired":true,"valueName":"search_term_string"}}],"inLanguage":"de-DE"},{"@type":"Organization","@id":"https:\/\/therefore.net\/de\/#organization","name":"Therefore","url":"https:\/\/therefore.net\/de\/","logo":{"@type":"ImageObject","inLanguage":"de-DE","@id":"https:\/\/therefore.net\/de\/#\/schema\/logo\/image\/","url":"https:\/\/therefore.net\/wp\/..\/app\/uploads\/2022\/04\/logo.png","contentUrl":"https:\/\/therefore.net\/wp\/..\/app\/uploads\/2022\/04\/logo.png","width":176,"height":48,"caption":"Therefore"},"image":{"@id":"https:\/\/therefore.net\/de\/#\/schema\/logo\/image\/"},"sameAs":["https:\/\/www.linkedin.com\/company\/therefore-corporation\/","https:\/\/www.youtube.com\/user\/ThereforeTV"]}]}},"_links":{"self":[{"href":"https:\/\/therefore.net\/de\/wp-json\/wp\/v2\/pages\/9256","targetHints":{"allow":["GET"]}}],"collection":[{"href":"https:\/\/therefore.net\/de\/wp-json\/wp\/v2\/pages"}],"about":[{"href":"https:\/\/therefore.net\/de\/wp-json\/wp\/v2\/types\/page"}],"author":[{"embeddable":true,"href":"https:\/\/therefore.net\/de\/wp-json\/wp\/v2\/users\/5"}],"replies":[{"embeddable":true,"href":"https:\/\/therefore.net\/de\/wp-json\/wp\/v2\/comments?post=9256"}],"version-history":[{"count":1,"href":"https:\/\/therefore.net\/de\/wp-json\/wp\/v2\/pages\/9256\/revisions"}],"predecessor-version":[{"id":9257,"href":"https:\/\/therefore.net\/de\/wp-json\/wp\/v2\/pages\/9256\/revisions\/9257"}],"wp:attachment":[{"href":"https:\/\/therefore.net\/de\/wp-json\/wp\/v2\/media?parent=9256"}],"curies":[{"name":"wp","href":"https:\/\/api.w.org\/{rel}","templated":true}]}}