{"id":9113,"date":"2022-04-29T16:09:04","date_gmt":"2022-04-29T14:09:04","guid":{"rendered":"https:\/\/therefore.net\/recursos\/"},"modified":"2026-01-02T23:56:22","modified_gmt":"2026-01-02T22:56:22","slug":"recursos","status":"publish","type":"page","link":"https:\/\/therefore.net\/es\/recursos\/","title":{"rendered":"Recursos"},"content":{"rendered":"<section class=\"custom-block left-image-right-text-shape left-image-right-text-shape--title\">\n            <div class=\"container page-title\">\n            <h2 class=\"page-title__heading left-image-right-text-shape__title\">\n                \u00bfNecesita ayuda? Ha venido al lugar adecuado.\n            <\/h2>\n        <\/div>\n        <div class=\"left-image-right-text-shape__wrapper\">\n        <div class=\"container left-image-right-text-shape__container\">\n            <div class=\"left-image-right-text-shape__inner\">\n                <div class=\"left-image-right-text-shape__image-wrapper\">\n                                            <img decoding=\"async\" width=\"610\" height=\"344\" src=\"https:\/\/therefore.net\/wp\/..\/app\/uploads\/2022\/04\/super-helpful.png\" class=\"attachment-full size-full\" alt=\"Un letrero de ne\u00f3n verde en el interior de un edificio reza &quot;Super\u00fatil&quot; detr\u00e1s de unos grandes cristales, con unas c\u00e1lidas luces colgantes visibles al fondo.\" srcset=\"https:\/\/therefore.net\/wp\/..\/app\/uploads\/2022\/04\/super-helpful.png 610w, https:\/\/therefore.net\/wp\/..\/app\/uploads\/2022\/04\/super-helpful-300x169.png 300w\" sizes=\"(max-width: 610px) 100vw, 610px\" \/>\n                                    <\/div>\n                <div class=\"left-image-right-text-shape__text-wrapper\">\n                    <div class=\"left-image-right-text-shape__text-wrapper__text\">\n                        <div class=\"left-image-right-text-shape__text\"><p>\u00bfNecesita ayuda para conocer su sistema Therefore\u2122 o no sabe por d\u00f3nde empezar? Consulte los siguientes recursos. Algunos recursos est\u00e1n a disposici\u00f3n del p\u00fablico, mientras que otros solo est\u00e1n disponibles para nuestros socios distribuidores y la comunidad Therefore. Si no encuentra lo que busca, p\u00f3ngase en contacto con nosotros.<\/p>\n<\/div>\n                                                <a class=\"main-button main-button--secondary\" target=\"\"\n                            href=\"https:\/\/therefore.net\/es\/contacto\/\">Contacto<\/a>\n                                            <\/div>\n                    <div class=\"left-image-right-text-shape__text-wrapper__shape\">\n                        <svg width=\"350\" height=\"172\" viewBox=\"0 0 350 172\" fill=\"none\" xmlns=\"http:\/\/www.w3.org\/2000\/svg\">\n<g clip-path=\"url(#clip0_391_84567)\">\n<path d=\"M350 3.05176e-05C350 94.993 272.993 172 178 172L0 172L1.50367e-05 -8.03937e-08L350 3.05176e-05Z\" fill=\"#1E5BFA\"\/>\n<g filter=\"url(#filter0_f_391_84567)\">\n<circle cx=\"44\" cy=\"146\" r=\"218\" fill=\"#44EDF8\" fill-opacity=\"0.56\"\/>\n<\/g>\n<\/g>\n<defs>\n<filter id=\"filter0_f_391_84567\" x=\"-474\" y=\"-372\" width=\"1036\" height=\"1036\" filterUnits=\"userSpaceOnUse\" color-interpolation-filters=\"sRGB\">\n<feFlood flood-opacity=\"0\" result=\"BackgroundImageFix\"\/>\n<feBlend mode=\"normal\" in=\"SourceGraphic\" in2=\"BackgroundImageFix\" result=\"shape\"\/>\n<feGaussianBlur stdDeviation=\"150\" result=\"effect1_foregroundBlur_391_84567\"\/>\n<\/filter>\n<clipPath id=\"clip0_391_84567\">\n<path d=\"M350 3.05176e-05C350 94.993 272.993 172 178 172L0 172L1.50367e-05 -8.03937e-08L350 3.05176e-05Z\" fill=\"white\"\/>\n<\/clipPath>\n<\/defs>\n<\/svg>\n\n                    <\/div>\n                <\/div>\n            <\/div>\n        <\/div>\n    <\/div>\n<\/section>\n\n\n<div class=\"custom-block resources-tiles-block\">\n    <div class=\"container resources-tiles-block__container\">\n                    <div class=\"resources-tiles-block__tiles\">\n                                                        <div class=\"tile-item\">\n                        <div class=\"resources-tiles-block__tile tile-item__wrapper\">\n                            <div class=\"tile-item__content\">\n                                <h3 class=\"tile-item__title\">\n                                    Preguntas generales sobre el uso o la configuraci\u00f3n de Therefore\u2122\n                                <\/h3>\n                                <p class=\"tile-item__text\">Documentaci\u00f3n t\u00e9cnica<\/p>\n                            <\/div>\n                            <div class=\"tile-item__cta\">\n                                                                                                            <a href=\"https:\/\/help.therefore.net\/\" target=\"\"\n                                           class=\"tile-item__link arrow-link link-green\">Conectarse<\/a>\n                                                                                                <\/div>\n                        <\/div>\n                    <\/div>\n                                                        <div class=\"tile-item\">\n                        <div class=\"resources-tiles-block__tile tile-item__wrapper\">\n                            <div class=\"tile-item__content\">\n                                <h3 class=\"tile-item__title\">\n                                    Asistencia t\u00e9cnica\n                                <\/h3>\n                                <p class=\"tile-item__text\">Trabajamos con especialistas de asistencia de Canon en todo el mundo para proporcionar asistencia t\u00e9cnica.<\/p>\n                            <\/div>\n                            <div class=\"tile-item__cta\">\n                                                                                                            <a href=\"https:\/\/therefore.net\/technical-support\/\" target=\"\"\n                                           class=\"tile-item__link arrow-link link-green\">M\u00e1s informaci\u00f3n<\/a>\n                                                                                                <\/div>\n                        <\/div>\n                    <\/div>\n                                                        <div class=\"tile-item\">\n                        <div class=\"resources-tiles-block__tile tile-item__wrapper\">\n                            <div class=\"tile-item__content\">\n                                <h3 class=\"tile-item__title\">\n                                    Partner Portal\n                                <\/h3>\n                                <p class=\"tile-item__text\">Therefore\u2122 Extranet es un portal reservado a Canon y a los socios de Canon. <\/p>\n                            <\/div>\n                            <div class=\"tile-item__cta\">\n                                                                                                            <a href=\"https:\/\/extranet.therefore.net\/%20%20\" target=\"\"\n                                           class=\"tile-item__link arrow-link link-green\">Conectarse<\/a>\n                                                                                                <\/div>\n                        <\/div>\n                    <\/div>\n                                                        <div class=\"tile-item\">\n                        <div class=\"resources-tiles-block__tile tile-item__wrapper\">\n                            <div class=\"tile-item__content\">\n                                <h3 class=\"tile-item__title\">\n                                    Formaci\u00f3n\n                                <\/h3>\n                                <p class=\"tile-item__text\">La formaci\u00f3n t\u00e9cnica sobre productos est\u00e1 disponible para Canon y los socios de Canon a trav\u00e9s de la plataforma eLearning Therefore<\/p>\n                            <\/div>\n                            <div class=\"tile-item__cta\">\n                                                                                                            <a href=\"https:\/\/learn.therefore.net\/%20%20\" target=\"_blank\"\n                                           class=\"tile-item__link arrow-link link-green\">Conectarse<\/a>\n                                                                                                <\/div>\n                        <\/div>\n                    <\/div>\n                                                        <div class=\"tile-item\">\n                        <div class=\"resources-tiles-block__tile tile-item__wrapper\">\n                            <div class=\"tile-item__content\">\n                                <h3 class=\"tile-item__title\">\n                                    Therefore\u2122 V\u00eddeos\n                                <\/h3>\n                                <p class=\"tile-item__text\">Echa un vistazo a nuestra extensa biblioteca de v\u00eddeos de Therefore\u2122, que abarca una amplia gama de temas, desde seminarios web hasta demostraciones de productos, v\u00eddeos de marketing y mucho m\u00e1s. <\/p>\n                            <\/div>\n                            <div class=\"tile-item__cta\">\n                                                                                                            <a href=\"https:\/\/www.youtube.com\/user\/ThereforeTV%20%20\" target=\"_blank\"\n                                           class=\"tile-item__link arrow-link link-green\">Ir a Therefore TV<\/a>\n                                                                                                <\/div>\n                        <\/div>\n                    <\/div>\n                                                        <div class=\"tile-item\">\n                        <div class=\"resources-tiles-block__tile tile-item__wrapper\">\n                            <div class=\"tile-item__content\">\n                                <h3 class=\"tile-item__title\">\n                                    Lo \u00faltimo de Therefore\u2122\n                                <\/h3>\n                                <p class=\"tile-item__text\">Mant\u00e9ngase al d\u00eda de las \u00faltimas noticias del mundo de Therefore\u2122 consultando nuestro<\/p>\n                            <\/div>\n                            <div class=\"tile-item__cta\">\n                                                                                                            <a href=\"https:\/\/therefore.net\/blog\/\" target=\"\"\n                                           class=\"tile-item__link link-green\">Blog<\/a>\n                                                                                                                                                <a href=\"\" target=\"\"\n                                           class=\"tile-item__link link-green\"><\/a>\n                                                                                                <\/div>\n                        <\/div>\n                    <\/div>\n                            <\/div>\n            <\/div>\n<\/section>","protected":false},"excerpt":{"rendered":"","protected":false},"author":1,"featured_media":0,"parent":0,"menu_order":0,"comment_status":"closed","ping_status":"closed","template":"","meta":{"_acf_changed":false,"inline_featured_image":false,"footnotes":""},"class_list":["post-9113","page","type-page","status-publish","hentry"],"acf":[],"yoast_head":"<!-- This site is optimized with the Yoast SEO plugin v27.3 - https:\/\/yoast.com\/product\/yoast-seo-wordpress\/ -->\n<title>Recursos - Therefore<\/title>\n<meta name=\"description\" content=\"\u00bfNecesita ayuda para conocer su sistema Therefore\u2122 o no sabe por d\u00f3nde empezar? Consulte los siguientes recursos.\" \/>\n<meta name=\"robots\" content=\"index, follow, max-snippet:-1, max-image-preview:large, max-video-preview:-1\" \/>\n<link rel=\"canonical\" href=\"https:\/\/therefore.net\/es\/recursos\/\" \/>\n<script type=\"application\/ld+json\" class=\"yoast-schema-graph\">{\"@context\":\"https:\\\/\\\/schema.org\",\"@graph\":[{\"@type\":\"WebPage\",\"@id\":\"https:\\\/\\\/therefore.net\\\/es\\\/recursos\\\/\",\"url\":\"https:\\\/\\\/therefore.net\\\/es\\\/recursos\\\/\",\"name\":\"Recursos - Therefore\",\"isPartOf\":{\"@id\":\"https:\\\/\\\/therefore.net\\\/es\\\/#website\"},\"datePublished\":\"2022-04-29T14:09:04+00:00\",\"dateModified\":\"2026-01-02T22:56:22+00:00\",\"description\":\"\u00bfNecesita ayuda para conocer su sistema Therefore\u2122 o no sabe por d\u00f3nde empezar? Consulte los siguientes recursos.\",\"breadcrumb\":{\"@id\":\"https:\\\/\\\/therefore.net\\\/es\\\/recursos\\\/#breadcrumb\"},\"inLanguage\":\"es-ES\",\"potentialAction\":[{\"@type\":\"ReadAction\",\"target\":[\"https:\\\/\\\/therefore.net\\\/es\\\/recursos\\\/\"]}]},{\"@type\":\"BreadcrumbList\",\"@id\":\"https:\\\/\\\/therefore.net\\\/es\\\/recursos\\\/#breadcrumb\",\"itemListElement\":[{\"@type\":\"ListItem\",\"position\":1,\"name\":\"Home\",\"item\":\"https:\\\/\\\/therefore.net\\\/es\\\/\"},{\"@type\":\"ListItem\",\"position\":2,\"name\":\"Recursos\"}]},{\"@type\":\"WebSite\",\"@id\":\"https:\\\/\\\/therefore.net\\\/es\\\/#website\",\"url\":\"https:\\\/\\\/therefore.net\\\/es\\\/\",\"name\":\"Therefore\",\"description\":\"\",\"publisher\":{\"@id\":\"https:\\\/\\\/therefore.net\\\/es\\\/#organization\"},\"potentialAction\":[{\"@type\":\"SearchAction\",\"target\":{\"@type\":\"EntryPoint\",\"urlTemplate\":\"https:\\\/\\\/therefore.net\\\/es\\\/?s={search_term_string}\"},\"query-input\":{\"@type\":\"PropertyValueSpecification\",\"valueRequired\":true,\"valueName\":\"search_term_string\"}}],\"inLanguage\":\"es-ES\"},{\"@type\":\"Organization\",\"@id\":\"https:\\\/\\\/therefore.net\\\/es\\\/#organization\",\"name\":\"Therefore\",\"url\":\"https:\\\/\\\/therefore.net\\\/es\\\/\",\"logo\":{\"@type\":\"ImageObject\",\"inLanguage\":\"es-ES\",\"@id\":\"https:\\\/\\\/therefore.net\\\/es\\\/#\\\/schema\\\/logo\\\/image\\\/\",\"url\":\"https:\\\/\\\/therefore.net\\\/wp\\\/..\\\/app\\\/uploads\\\/2022\\\/04\\\/logo.png\",\"contentUrl\":\"https:\\\/\\\/therefore.net\\\/wp\\\/..\\\/app\\\/uploads\\\/2022\\\/04\\\/logo.png\",\"width\":176,\"height\":48,\"caption\":\"Therefore\"},\"image\":{\"@id\":\"https:\\\/\\\/therefore.net\\\/es\\\/#\\\/schema\\\/logo\\\/image\\\/\"},\"sameAs\":[\"https:\\\/\\\/www.linkedin.com\\\/company\\\/therefore-corporation\\\/\",\"https:\\\/\\\/www.youtube.com\\\/user\\\/ThereforeTV\"]}]}<\/script>\n<!-- \/ Yoast SEO plugin. -->","yoast_head_json":{"title":"Recursos - Therefore","description":"\u00bfNecesita ayuda para conocer su sistema Therefore\u2122 o no sabe por d\u00f3nde empezar? Consulte los siguientes recursos.","robots":{"index":"index","follow":"follow","max-snippet":"max-snippet:-1","max-image-preview":"max-image-preview:large","max-video-preview":"max-video-preview:-1"},"canonical":"https:\/\/therefore.net\/es\/recursos\/","schema":{"@context":"https:\/\/schema.org","@graph":[{"@type":"WebPage","@id":"https:\/\/therefore.net\/es\/recursos\/","url":"https:\/\/therefore.net\/es\/recursos\/","name":"Recursos - Therefore","isPartOf":{"@id":"https:\/\/therefore.net\/es\/#website"},"datePublished":"2022-04-29T14:09:04+00:00","dateModified":"2026-01-02T22:56:22+00:00","description":"\u00bfNecesita ayuda para conocer su sistema Therefore\u2122 o no sabe por d\u00f3nde empezar? Consulte los siguientes recursos.","breadcrumb":{"@id":"https:\/\/therefore.net\/es\/recursos\/#breadcrumb"},"inLanguage":"es-ES","potentialAction":[{"@type":"ReadAction","target":["https:\/\/therefore.net\/es\/recursos\/"]}]},{"@type":"BreadcrumbList","@id":"https:\/\/therefore.net\/es\/recursos\/#breadcrumb","itemListElement":[{"@type":"ListItem","position":1,"name":"Home","item":"https:\/\/therefore.net\/es\/"},{"@type":"ListItem","position":2,"name":"Recursos"}]},{"@type":"WebSite","@id":"https:\/\/therefore.net\/es\/#website","url":"https:\/\/therefore.net\/es\/","name":"Therefore","description":"","publisher":{"@id":"https:\/\/therefore.net\/es\/#organization"},"potentialAction":[{"@type":"SearchAction","target":{"@type":"EntryPoint","urlTemplate":"https:\/\/therefore.net\/es\/?s={search_term_string}"},"query-input":{"@type":"PropertyValueSpecification","valueRequired":true,"valueName":"search_term_string"}}],"inLanguage":"es-ES"},{"@type":"Organization","@id":"https:\/\/therefore.net\/es\/#organization","name":"Therefore","url":"https:\/\/therefore.net\/es\/","logo":{"@type":"ImageObject","inLanguage":"es-ES","@id":"https:\/\/therefore.net\/es\/#\/schema\/logo\/image\/","url":"https:\/\/therefore.net\/wp\/..\/app\/uploads\/2022\/04\/logo.png","contentUrl":"https:\/\/therefore.net\/wp\/..\/app\/uploads\/2022\/04\/logo.png","width":176,"height":48,"caption":"Therefore"},"image":{"@id":"https:\/\/therefore.net\/es\/#\/schema\/logo\/image\/"},"sameAs":["https:\/\/www.linkedin.com\/company\/therefore-corporation\/","https:\/\/www.youtube.com\/user\/ThereforeTV"]}]}},"_links":{"self":[{"href":"https:\/\/therefore.net\/es\/wp-json\/wp\/v2\/pages\/9113","targetHints":{"allow":["GET"]}}],"collection":[{"href":"https:\/\/therefore.net\/es\/wp-json\/wp\/v2\/pages"}],"about":[{"href":"https:\/\/therefore.net\/es\/wp-json\/wp\/v2\/types\/page"}],"author":[{"embeddable":true,"href":"https:\/\/therefore.net\/es\/wp-json\/wp\/v2\/users\/1"}],"replies":[{"embeddable":true,"href":"https:\/\/therefore.net\/es\/wp-json\/wp\/v2\/comments?post=9113"}],"version-history":[{"count":6,"href":"https:\/\/therefore.net\/es\/wp-json\/wp\/v2\/pages\/9113\/revisions"}],"predecessor-version":[{"id":10529,"href":"https:\/\/therefore.net\/es\/wp-json\/wp\/v2\/pages\/9113\/revisions\/10529"}],"wp:attachment":[{"href":"https:\/\/therefore.net\/es\/wp-json\/wp\/v2\/media?parent=9113"}],"curies":[{"name":"wp","href":"https:\/\/api.w.org\/{rel}","templated":true}]}}