{"id":9118,"date":"2022-06-01T09:21:35","date_gmt":"2022-06-01T07:21:35","guid":{"rendered":"https:\/\/therefore.net\/acerca-de-nosotros\/"},"modified":"2025-12-04T22:32:36","modified_gmt":"2025-12-04T21:32:36","slug":"acerca-de-nosotros","status":"publish","type":"page","link":"https:\/\/therefore.net\/es\/acerca-de-nosotros\/","title":{"rendered":"Acerca de nosotros"},"content":{"rendered":"<section class=\"custom-block benefits-left-image about-us-top-block\">\n    <div class=\"container  benefits-left-image__container\">\n        <div class=\"benefits-left-image__inner\">\n            <div class=\"benefits-left-image__image-wrapper \">\n                                    <img decoding=\"async\" width=\"1600\" height=\"1300\" src=\"https:\/\/therefore.net\/wp\/..\/app\/uploads\/2023\/03\/1600x1300-6.png\" class=\"attachment-full size-full\" alt=\"Five people in casual clothes sit and stand around desks in a modern office, smiling at the camera. Some have coffee cups, and computer monitors and office chairs are visible in the background.\" srcset=\"https:\/\/therefore.net\/wp\/..\/app\/uploads\/2023\/03\/1600x1300-6.png 1600w, https:\/\/therefore.net\/wp\/..\/app\/uploads\/2023\/03\/1600x1300-6-300x244.png 300w, https:\/\/therefore.net\/wp\/..\/app\/uploads\/2023\/03\/1600x1300-6-1024x832.png 1024w, https:\/\/therefore.net\/wp\/..\/app\/uploads\/2023\/03\/1600x1300-6-768x624.png 768w, https:\/\/therefore.net\/wp\/..\/app\/uploads\/2023\/03\/1600x1300-6-1536x1248.png 1536w\" sizes=\"(max-width: 1600px) 100vw, 1600px\" \/>\n                            <\/div>\n            <div class=\"benefits-left-image__text-wrapper\">\n                                \n                    <div class=\"benefits-left-image__paragraph-wrapper\">\n                                                <h2 class=\"benefits-left-image__title\">\n                            Qui\u00e9nes somos\n                        <\/h2>\n                        <div class=\"benefits-left-image__text\"><p>Tenemos nuestra sede en la bella Austria y nos apasiona crear tecnolog\u00eda para las personas. Hoy en d\u00eda, la piedra angular de nuestro desarrollo es nuestro compromiso de escuchar a nuestros clientes. Contamos con el respaldo de los inversores Canon y Equity 51 y somos una empresa din\u00e1mica en tiempo real.<\/p>\n<\/div>\n                    <\/div>\n\n                \n                    <div class=\"benefits-left-image__paragraph-wrapper\">\n                                                <h2 class=\"benefits-left-image__title\">\n                            A qu\u00e9 nos dedicamos\n                        <\/h2>\n                        <div class=\"benefits-left-image__text\"><div class=\"wpb_text_column wpb_content_element \">\n<div class=\"wpb_wrapper\">\n<p>Therefore Corporation ofrece software de gesti\u00f3n de la informaci\u00f3n para empresas de todos los tama\u00f1os, sectores y departamentos. Nuestras soluciones ayudan a aumentar la seguridad, hacer m\u00e1s accesibles los documentos, aumentar la visibilidad de los cambios y ayudar a los empleados a ser m\u00e1s eficientes y productivos.<\/p>\n<p>&nbsp;<\/p>\n<p>Ofrecemos una amplia gama de herramientas para lograr estos objetivos, que van desde un m\u00f3dulo de flujo de trabajo flexible, hasta la integraci\u00f3n con sus sistemas existentes, la gesti\u00f3n de casos, el acceso m\u00f3vil y las herramientas de captura.<\/p>\n<\/div>\n<\/div>\n<\/div>\n                    <\/div>\n\n                                \n                                    <a class=\"benefits-left-image__link main-button\" href=\"https:\/\/therefore.net\/es\/acerca-de-nosotros\/productos\/\" target=\"\">Nuestros productos<\/a>\n                            <\/div>\n        <\/div>\n    <\/div>\n<\/section>\n\n\n<section class=\"custom-block our-team accordion-item\">\n    <div class=\"container our-team__container\">\n                                <h2 class=\"our-team__title\">Nuestro equipo directivo<\/h2>\n        \n                <div class=\"our-team__members our-team__members--visible\">\n                            <div class=\"our-team__member\">\n    <div class=\"our-team__member__person\">\n        <div class=\"our-team__member__image-wrapper\">\n            <img decoding=\"async\" src=\"https:\/\/therefore.net\/wp\/..\/app\/uploads\/2025\/12\/Michael-Heitz-CEO-150x150.png\" alt=\"Michael&#x20;Heitz\" loading=\"lazy\">\n        <\/div>\n        <div class=\"our-team__member__signature\">\n                            <span class=\"our-team__member__name\">Michael Heitz<\/span>\n                                        <span class=\"our-team__member__position\">Chief Executive Officer<\/span>\n                    <\/div>\n    <\/div>\n    <p class=\"our-team__member__text\">\n        Michael Heitz es un l\u00edder empresarial global apasionado por crear empresas que unan tecnolog\u00eda, personas y objetivos. Como director ejecutivo de Therefore, se centra en generar un impacto duradero a trav\u00e9s de la innovaci\u00f3n y experiencias excepcionales para los clientes. \n    <\/p>\n<\/div>\n                            <div class=\"our-team__member our-team__member--reversed\">\n    <div class=\"our-team__member__person\">\n        <div class=\"our-team__member__image-wrapper\">\n            <img decoding=\"async\" src=\"https:\/\/therefore.net\/wp\/..\/app\/uploads\/2022\/06\/about-us-stephan-barth-150x150.png\" alt=\"Stephan&#x20;Barth\" loading=\"lazy\">\n        <\/div>\n        <div class=\"our-team__member__signature\">\n                            <span class=\"our-team__member__name\">Stephan Barth<\/span>\n                                        <span class=\"our-team__member__position\">Chief Technical Officer<\/span>\n                    <\/div>\n    <\/div>\n    <p class=\"our-team__member__text\">\n        Stephan Barth cuenta con m\u00e1s de 20 a\u00f1os de experiencia en el desarrollo de software de gesti\u00f3n de la informaci\u00f3n y ha desempe\u00f1ado un papel fundamental en el desarrollo de la empresa desde sus inicios. Stephan es responsable del desarrollo y la implantaci\u00f3n globales del software de gesti\u00f3n de la informaci\u00f3n Therefore\u2122.\n    <\/p>\n<\/div>\n                    <\/div>\n                \n    <\/div>\n<\/section>\n\n\n<section class=\"custom-block join-therefore\">\n    <div class=\"container\">\n        <div class=\"join-therefore__inner\">\n                        <div class=\"join-therefore__title-wrapper\">\n                                <h4 class=\"join-therefore__title\">\n                    \u00a1\u00danase a nuestro equipo!\n                <\/h4>\n            <\/div>\n                        <div class=\"join-therefore__text-wrapper\">\n                <p class=\"join-therefore__text\">En Therefore, todo gira en torno a las personas. Esto significa que, cuando te unes a nuestro equipo, pensamos en adaptar el trabajo a tus intereses y talentos en lugar de intentar meterte con calzador en un puesto preempaquetado.<\/p>\n                                    <a href=\"https:\/\/therefore.net\/career\/\" class=\"main-button main-button--with-arrow main-button--white\" target=\"\">Estamos contratando<\/a>\n                            <\/div>\n        <\/div>\n    <\/div>\n<\/section>\n\n\n\n<section class=\"custom-block video-img-section video-img-section--shape \">\n    <div class=\"container video-img-section__container\">\n\n        <div class=\"video-img-section__row\">\n            <div class=\"video-img-section__media video-img-section__media\">\n                                <div class=\"video-img-section__media__item video-img-section__media__item--video\">\n                                            <video src=\"https:\/\/therefore.net\/wp\/..\/app\/uploads\/2025\/02\/What-is-Therefore-1-minute-ES.mp4\" name=\"what-is-therefore-1-minute-es\" controls><\/video>\n                                    <\/div>\n                            <\/div>\n\n            <div class=\"video-img-section__content\">\n                                                        <h2 class=\"video-img-section__title\">\u00bfQu\u00e9 es Therefore\u2122?<\/h2>\n                \n                                    <div class=\"video-img-section__text\"><p><strong>En pocas palabras, el software Therefore\u2122 le ofrece un control total de su informaci\u00f3n. La planificaci\u00f3n del \u00e9xito depende de disponer de la informaci\u00f3n adecuada en el momento oportuno.<\/strong><\/p>\n<p>M\u00e1s informaci\u00f3n en nuestra p\u00e1gina <a href=\"https:\/\/therefore.net\/es\/acerca-de-nosotros\/productos\/\">Productos<\/a>.<\/p>\n<\/div>\n                            <\/div>\n        <\/div>\n\n\n    <\/div>\n\n<\/section>\n","protected":false},"excerpt":{"rendered":"","protected":false},"author":1,"featured_media":0,"parent":0,"menu_order":0,"comment_status":"closed","ping_status":"closed","template":"","meta":{"_acf_changed":false,"inline_featured_image":false,"footnotes":""},"class_list":["post-9118","page","type-page","status-publish","hentry"],"acf":[],"yoast_head":"<!-- This site is optimized with the Yoast SEO plugin v27.3 - https:\/\/yoast.com\/product\/yoast-seo-wordpress\/ -->\n<title>Acerca de nosotros - Therefore<\/title>\n<meta name=\"description\" content=\"Acerca de Therefore: Therefore Corporation ofrece software de gesti\u00f3n de la informaci\u00f3n para empresas de todos los tama\u00f1os, sectores y departamentos.\" \/>\n<meta name=\"robots\" content=\"index, follow, max-snippet:-1, max-image-preview:large, max-video-preview:-1\" \/>\n<link rel=\"canonical\" href=\"https:\/\/therefore.net\/es\/acerca-de-nosotros\/\" \/>\n<script type=\"application\/ld+json\" class=\"yoast-schema-graph\">{\"@context\":\"https:\\\/\\\/schema.org\",\"@graph\":[{\"@type\":\"WebPage\",\"@id\":\"https:\\\/\\\/therefore.net\\\/es\\\/acerca-de-nosotros\\\/\",\"url\":\"https:\\\/\\\/therefore.net\\\/es\\\/acerca-de-nosotros\\\/\",\"name\":\"Acerca de nosotros - Therefore\",\"isPartOf\":{\"@id\":\"https:\\\/\\\/therefore.net\\\/es\\\/#website\"},\"datePublished\":\"2022-06-01T07:21:35+00:00\",\"dateModified\":\"2025-12-04T21:32:36+00:00\",\"description\":\"Acerca de Therefore: Therefore Corporation ofrece software de gesti\u00f3n de la informaci\u00f3n para empresas de todos los tama\u00f1os, sectores y departamentos.\",\"breadcrumb\":{\"@id\":\"https:\\\/\\\/therefore.net\\\/es\\\/acerca-de-nosotros\\\/#breadcrumb\"},\"inLanguage\":\"es-ES\",\"potentialAction\":[{\"@type\":\"ReadAction\",\"target\":[\"https:\\\/\\\/therefore.net\\\/es\\\/acerca-de-nosotros\\\/\"]}]},{\"@type\":\"BreadcrumbList\",\"@id\":\"https:\\\/\\\/therefore.net\\\/es\\\/acerca-de-nosotros\\\/#breadcrumb\",\"itemListElement\":[{\"@type\":\"ListItem\",\"position\":1,\"name\":\"Home\",\"item\":\"https:\\\/\\\/therefore.net\\\/es\\\/\"},{\"@type\":\"ListItem\",\"position\":2,\"name\":\"Acerca de nosotros\"}]},{\"@type\":\"WebSite\",\"@id\":\"https:\\\/\\\/therefore.net\\\/es\\\/#website\",\"url\":\"https:\\\/\\\/therefore.net\\\/es\\\/\",\"name\":\"Therefore\",\"description\":\"\",\"publisher\":{\"@id\":\"https:\\\/\\\/therefore.net\\\/es\\\/#organization\"},\"potentialAction\":[{\"@type\":\"SearchAction\",\"target\":{\"@type\":\"EntryPoint\",\"urlTemplate\":\"https:\\\/\\\/therefore.net\\\/es\\\/?s={search_term_string}\"},\"query-input\":{\"@type\":\"PropertyValueSpecification\",\"valueRequired\":true,\"valueName\":\"search_term_string\"}}],\"inLanguage\":\"es-ES\"},{\"@type\":\"Organization\",\"@id\":\"https:\\\/\\\/therefore.net\\\/es\\\/#organization\",\"name\":\"Therefore\",\"url\":\"https:\\\/\\\/therefore.net\\\/es\\\/\",\"logo\":{\"@type\":\"ImageObject\",\"inLanguage\":\"es-ES\",\"@id\":\"https:\\\/\\\/therefore.net\\\/es\\\/#\\\/schema\\\/logo\\\/image\\\/\",\"url\":\"https:\\\/\\\/therefore.net\\\/wp\\\/..\\\/app\\\/uploads\\\/2022\\\/04\\\/logo.png\",\"contentUrl\":\"https:\\\/\\\/therefore.net\\\/wp\\\/..\\\/app\\\/uploads\\\/2022\\\/04\\\/logo.png\",\"width\":176,\"height\":48,\"caption\":\"Therefore\"},\"image\":{\"@id\":\"https:\\\/\\\/therefore.net\\\/es\\\/#\\\/schema\\\/logo\\\/image\\\/\"},\"sameAs\":[\"https:\\\/\\\/www.linkedin.com\\\/company\\\/therefore-corporation\\\/\",\"https:\\\/\\\/www.youtube.com\\\/user\\\/ThereforeTV\"]}]}<\/script>\n<!-- \/ Yoast SEO plugin. -->","yoast_head_json":{"title":"Acerca de nosotros - Therefore","description":"Acerca de Therefore: Therefore Corporation ofrece software de gesti\u00f3n de la informaci\u00f3n para empresas de todos los tama\u00f1os, sectores y departamentos.","robots":{"index":"index","follow":"follow","max-snippet":"max-snippet:-1","max-image-preview":"max-image-preview:large","max-video-preview":"max-video-preview:-1"},"canonical":"https:\/\/therefore.net\/es\/acerca-de-nosotros\/","schema":{"@context":"https:\/\/schema.org","@graph":[{"@type":"WebPage","@id":"https:\/\/therefore.net\/es\/acerca-de-nosotros\/","url":"https:\/\/therefore.net\/es\/acerca-de-nosotros\/","name":"Acerca de nosotros - Therefore","isPartOf":{"@id":"https:\/\/therefore.net\/es\/#website"},"datePublished":"2022-06-01T07:21:35+00:00","dateModified":"2025-12-04T21:32:36+00:00","description":"Acerca de Therefore: Therefore Corporation ofrece software de gesti\u00f3n de la informaci\u00f3n para empresas de todos los tama\u00f1os, sectores y departamentos.","breadcrumb":{"@id":"https:\/\/therefore.net\/es\/acerca-de-nosotros\/#breadcrumb"},"inLanguage":"es-ES","potentialAction":[{"@type":"ReadAction","target":["https:\/\/therefore.net\/es\/acerca-de-nosotros\/"]}]},{"@type":"BreadcrumbList","@id":"https:\/\/therefore.net\/es\/acerca-de-nosotros\/#breadcrumb","itemListElement":[{"@type":"ListItem","position":1,"name":"Home","item":"https:\/\/therefore.net\/es\/"},{"@type":"ListItem","position":2,"name":"Acerca de nosotros"}]},{"@type":"WebSite","@id":"https:\/\/therefore.net\/es\/#website","url":"https:\/\/therefore.net\/es\/","name":"Therefore","description":"","publisher":{"@id":"https:\/\/therefore.net\/es\/#organization"},"potentialAction":[{"@type":"SearchAction","target":{"@type":"EntryPoint","urlTemplate":"https:\/\/therefore.net\/es\/?s={search_term_string}"},"query-input":{"@type":"PropertyValueSpecification","valueRequired":true,"valueName":"search_term_string"}}],"inLanguage":"es-ES"},{"@type":"Organization","@id":"https:\/\/therefore.net\/es\/#organization","name":"Therefore","url":"https:\/\/therefore.net\/es\/","logo":{"@type":"ImageObject","inLanguage":"es-ES","@id":"https:\/\/therefore.net\/es\/#\/schema\/logo\/image\/","url":"https:\/\/therefore.net\/wp\/..\/app\/uploads\/2022\/04\/logo.png","contentUrl":"https:\/\/therefore.net\/wp\/..\/app\/uploads\/2022\/04\/logo.png","width":176,"height":48,"caption":"Therefore"},"image":{"@id":"https:\/\/therefore.net\/es\/#\/schema\/logo\/image\/"},"sameAs":["https:\/\/www.linkedin.com\/company\/therefore-corporation\/","https:\/\/www.youtube.com\/user\/ThereforeTV"]}]}},"_links":{"self":[{"href":"https:\/\/therefore.net\/es\/wp-json\/wp\/v2\/pages\/9118","targetHints":{"allow":["GET"]}}],"collection":[{"href":"https:\/\/therefore.net\/es\/wp-json\/wp\/v2\/pages"}],"about":[{"href":"https:\/\/therefore.net\/es\/wp-json\/wp\/v2\/types\/page"}],"author":[{"embeddable":true,"href":"https:\/\/therefore.net\/es\/wp-json\/wp\/v2\/users\/1"}],"replies":[{"embeddable":true,"href":"https:\/\/therefore.net\/es\/wp-json\/wp\/v2\/comments?post=9118"}],"version-history":[{"count":4,"href":"https:\/\/therefore.net\/es\/wp-json\/wp\/v2\/pages\/9118\/revisions"}],"predecessor-version":[{"id":10042,"href":"https:\/\/therefore.net\/es\/wp-json\/wp\/v2\/pages\/9118\/revisions\/10042"}],"wp:attachment":[{"href":"https:\/\/therefore.net\/es\/wp-json\/wp\/v2\/media?parent=9118"}],"curies":[{"name":"wp","href":"https:\/\/api.w.org\/{rel}","templated":true}]}}