{"id":9122,"date":"2022-05-19T10:49:23","date_gmt":"2022-05-19T08:49:23","guid":{"rendered":"https:\/\/therefore.net\/soluciones\/"},"modified":"2025-02-20T18:29:15","modified_gmt":"2025-02-20T17:29:15","slug":"soluciones","status":"publish","type":"page","link":"https:\/\/therefore.net\/es\/soluciones\/","title":{"rendered":"Soluciones"},"content":{"rendered":"\n<section class=\"custom-block listing-block\">\n    <div class=\"container listing-block__container\">\n                    <div class=\"listing-block__tiles\">\n                                                        <div class=\"tile-item\">\n                        <div class=\"listing-block__tile tile-item__wrapper\">\n                            <div class=\"tile-item__content\">\n                                <h3 class=\"tile-item__title\" title=\"Contabilidad\">\n                                    Contabilidad\n                                <\/h3>\n                                <p class=\"tile-item__text\">El sector de la contabilidad est\u00e1 plagado de normativas estrictas, una dura competencia&hellip;<\/p>\n                            <\/div>\n                            <div class=\"tile-item__cta\">\n                                                                            <a href=\"https:\/\/therefore.net\/es\/solutions\/contabilidad\/\" target=\"_self\"\n                                           class=\"tile-item__link arrow-link link-accent\">Leer m\u00e1s<\/a>\n                                                                <\/div>\n                        <\/div>\n                    <\/div>\n                                                        <div class=\"tile-item\">\n                        <div class=\"listing-block__tile tile-item__wrapper\">\n                            <div class=\"tile-item__content\">\n                                <h3 class=\"tile-item__title\" title=\"Construcci\u00f3n\">\n                                    Construcci\u00f3n\n                                <\/h3>\n                                <p class=\"tile-item__text\">El \u00e9xito de sus obras depende de numerosos equipos y personas, cada uno&hellip;<\/p>\n                            <\/div>\n                            <div class=\"tile-item__cta\">\n                                                                            <a href=\"https:\/\/therefore.net\/es\/solutions\/construccion\/\" target=\"_self\"\n                                           class=\"tile-item__link arrow-link link-accent\">Leer m\u00e1s<\/a>\n                                                                <\/div>\n                        <\/div>\n                    <\/div>\n                                                        <div class=\"tile-item\">\n                        <div class=\"listing-block__tile tile-item__wrapper\">\n                            <div class=\"tile-item__content\">\n                                <h3 class=\"tile-item__title\" title=\"Educaci\u00f3n\">\n                                    Educaci\u00f3n\n                                <\/h3>\n                                <p class=\"tile-item__text\">Todos los centros escolares, por grandes o peque\u00f1os que sean, necesitan gestionar diversos&hellip;<\/p>\n                            <\/div>\n                            <div class=\"tile-item__cta\">\n                                                                            <a href=\"https:\/\/therefore.net\/es\/solutions\/educacion\/\" target=\"_self\"\n                                           class=\"tile-item__link arrow-link link-accent\">Leer m\u00e1s<\/a>\n                                                                <\/div>\n                        <\/div>\n                    <\/div>\n                                                        <div class=\"tile-item\">\n                        <div class=\"listing-block__tile tile-item__wrapper\">\n                            <div class=\"tile-item__content\">\n                                <h3 class=\"tile-item__title\" title=\"Finanzas\">\n                                    Finanzas\n                                <\/h3>\n                                <p class=\"tile-item__text\">El software de gesti\u00f3n de la informaci\u00f3n se ha convertido en una herramienta&hellip;<\/p>\n                            <\/div>\n                            <div class=\"tile-item__cta\">\n                                                                            <a href=\"https:\/\/therefore.net\/es\/solutions\/finanzas\/\" target=\"_self\"\n                                           class=\"tile-item__link arrow-link link-accent\">Leer m\u00e1s<\/a>\n                                                                <\/div>\n                        <\/div>\n                    <\/div>\n                                                        <div class=\"tile-item\">\n                        <div class=\"listing-block__tile tile-item__wrapper\">\n                            <div class=\"tile-item__content\">\n                                <h3 class=\"tile-item__title\" title=\"Sanidad\">\n                                    Sanidad\n                                <\/h3>\n                                <p class=\"tile-item__text\">La enorme carga administrativa que supone para los hospitales gestionar todo tipo de&hellip;<\/p>\n                            <\/div>\n                            <div class=\"tile-item__cta\">\n                                                                            <a href=\"https:\/\/therefore.net\/es\/solutions\/sanidad\/\" target=\"_self\"\n                                           class=\"tile-item__link arrow-link link-accent\">Leer m\u00e1s<\/a>\n                                                                <\/div>\n                        <\/div>\n                    <\/div>\n                                                        <div class=\"tile-item\">\n                        <div class=\"listing-block__tile tile-item__wrapper\">\n                            <div class=\"tile-item__content\">\n                                <h3 class=\"tile-item__title\" title=\"Recursos Humanos\">\n                                    Recursos Humanos\n                                <\/h3>\n                                <p class=\"tile-item__text\">El software de gesti\u00f3n de la informaci\u00f3n se ha convertido en una herramienta&hellip;<\/p>\n                            <\/div>\n                            <div class=\"tile-item__cta\">\n                                                                            <a href=\"https:\/\/therefore.net\/es\/solutions\/recursos-humanos\/\" target=\"_self\"\n                                           class=\"tile-item__link arrow-link link-accent\">Leer m\u00e1s<\/a>\n                                                                <\/div>\n                        <\/div>\n                    <\/div>\n                                                        <div class=\"tile-item\">\n                        <div class=\"listing-block__tile tile-item__wrapper\">\n                            <div class=\"tile-item__content\">\n                                <h3 class=\"tile-item__title\" title=\"Seguros\">\n                                    Seguros\n                                <\/h3>\n                                <p class=\"tile-item__text\">Sin un buen acceso a la informaci\u00f3n, tramitar un siniestro, ponerse en contacto&hellip;<\/p>\n                            <\/div>\n                            <div class=\"tile-item__cta\">\n                                                                            <a href=\"https:\/\/therefore.net\/es\/solutions\/seguros\/\" target=\"_self\"\n                                           class=\"tile-item__link arrow-link link-accent\">Leer m\u00e1s<\/a>\n                                                                <\/div>\n                        <\/div>\n                    <\/div>\n                                                        <div class=\"tile-item\">\n                        <div class=\"listing-block__tile tile-item__wrapper\">\n                            <div class=\"tile-item__content\">\n                                <h3 class=\"tile-item__title\" title=\"Aviso jur\u00eddico\">\n                                    Aviso jur\u00eddico\n                                <\/h3>\n                                <p class=\"tile-item__text\">Los programas inform\u00e1ticos de gesti\u00f3n de la informaci\u00f3n han revolucionado el funcionamiento del&hellip;<\/p>\n                            <\/div>\n                            <div class=\"tile-item__cta\">\n                                                                            <a href=\"https:\/\/therefore.net\/es\/solutions\/aviso-juridico\/\" target=\"_self\"\n                                           class=\"tile-item__link arrow-link link-accent\">Leer m\u00e1s<\/a>\n                                                                <\/div>\n                        <\/div>\n                    <\/div>\n                                                        <div class=\"tile-item\">\n                        <div class=\"listing-block__tile tile-item__wrapper\">\n                            <div class=\"tile-item__content\">\n                                <h3 class=\"tile-item__title\" title=\"Log\u00edstica\">\n                                    Log\u00edstica\n                                <\/h3>\n                                <p class=\"tile-item__text\">Gestionar el papeleo de los clientes -pedidos, entregas, formularios de aduanas, albaranes- puede&hellip;<\/p>\n                            <\/div>\n                            <div class=\"tile-item__cta\">\n                                                                            <a href=\"https:\/\/therefore.net\/es\/solutions\/logistica\/\" target=\"_self\"\n                                           class=\"tile-item__link arrow-link link-accent\">Leer m\u00e1s<\/a>\n                                                                <\/div>\n                        <\/div>\n                    <\/div>\n                                                        <div class=\"tile-item\">\n                        <div class=\"listing-block__tile tile-item__wrapper\">\n                            <div class=\"tile-item__content\">\n                                <h3 class=\"tile-item__title\" title=\"Fabricaci\u00f3n\">\n                                    Fabricaci\u00f3n\n                                <\/h3>\n                                <p class=\"tile-item__text\">El software de gesti\u00f3n de la informaci\u00f3n se ha convertido en una herramienta&hellip;<\/p>\n                            <\/div>\n                            <div class=\"tile-item__cta\">\n                                                                            <a href=\"https:\/\/therefore.net\/es\/solutions\/fabricacion\/\" target=\"_self\"\n                                           class=\"tile-item__link arrow-link link-accent\">Leer m\u00e1s<\/a>\n                                                                <\/div>\n                        <\/div>\n                    <\/div>\n                                                        <div class=\"tile-item\">\n                        <div class=\"listing-block__tile tile-item__wrapper\">\n                            <div class=\"tile-item__content\">\n                                <h3 class=\"tile-item__title\" title=\"Gesti\u00f3n inmobiliaria\">\n                                    Gesti\u00f3n inmobiliaria\n                                <\/h3>\n                                <p class=\"tile-item__text\">El software de gesti\u00f3n de la informaci\u00f3n puede aportar importantes beneficios al sector&hellip;<\/p>\n                            <\/div>\n                            <div class=\"tile-item__cta\">\n                                                                            <a href=\"https:\/\/therefore.net\/es\/solutions\/gestion-inmobiliaria\/\" target=\"_self\"\n                                           class=\"tile-item__link arrow-link link-accent\">Leer m\u00e1s<\/a>\n                                                                <\/div>\n                        <\/div>\n                    <\/div>\n                                                        <div class=\"tile-item\">\n                        <div class=\"listing-block__tile tile-item__wrapper\">\n                            <div class=\"tile-item__content\">\n                                <h3 class=\"tile-item__title\" title=\"Administraci\u00f3n P\u00fablica\">\n                                    Administraci\u00f3n P\u00fablica\n                                <\/h3>\n                                <p class=\"tile-item__text\">El software de gesti\u00f3n de la informaci\u00f3n puede ofrecer importantes ventajas al sector&hellip;<\/p>\n                            <\/div>\n                            <div class=\"tile-item__cta\">\n                                                                            <a href=\"https:\/\/therefore.net\/es\/solutions\/administracion-publica\/\" target=\"_self\"\n                                           class=\"tile-item__link arrow-link link-accent\">Leer m\u00e1s<\/a>\n                                                                <\/div>\n                        <\/div>\n                    <\/div>\n                                <div class=\"tile-item tile-item--svg\">\n                    <svg width=\"255\" height=\"288\" viewBox=\"0 0 255 288\" fill=\"none\" xmlns=\"http:\/\/www.w3.org\/2000\/svg\">\n<g clip-path=\"url(#clip0_390_80369)\">\n<path d=\"M255 88C255 198.457 165.457 288 55 288L-3.05176e-05 288L-5.33982e-06 8.22477e-06L255 3.05176e-05L255 88Z\" fill=\"#1E5BFA\"\/>\n<g filter=\"url(#filter0_f_390_80369)\">\n<circle cx=\"-51\" cy=\"262\" r=\"218\" fill=\"#44EDF8\" fill-opacity=\"0.56\"\/>\n<\/g>\n<\/g>\n<defs>\n<filter id=\"filter0_f_390_80369\" x=\"-569\" y=\"-256\" width=\"1036\" height=\"1036\" filterUnits=\"userSpaceOnUse\" color-interpolation-filters=\"sRGB\">\n<feFlood flood-opacity=\"0\" result=\"BackgroundImageFix\"\/>\n<feBlend mode=\"normal\" in=\"SourceGraphic\" in2=\"BackgroundImageFix\" result=\"shape\"\/>\n<feGaussianBlur stdDeviation=\"150\" result=\"effect1_foregroundBlur_390_80369\"\/>\n<\/filter>\n<clipPath id=\"clip0_390_80369\">\n<path d=\"M255 88C255 198.457 165.457 288 55 288L-3.05176e-05 288L-5.33982e-06 8.22477e-06L255 3.05176e-05L255 88Z\" fill=\"white\"\/>\n<\/clipPath>\n<\/defs>\n<\/svg>\n\n                <\/div>\n            <\/div>\n            <\/div>\n<\/section>\n","protected":false},"excerpt":{"rendered":"","protected":false},"author":1,"featured_media":0,"parent":0,"menu_order":0,"comment_status":"closed","ping_status":"closed","template":"","meta":{"_acf_changed":false,"inline_featured_image":false,"footnotes":""},"class_list":["post-9122","page","type-page","status-publish","hentry"],"acf":[],"yoast_head":"<!-- This site is optimized with the Yoast SEO plugin v27.3 - https:\/\/yoast.com\/product\/yoast-seo-wordpress\/ -->\n<title>Soluciones Therefore\u2122<\/title>\n<meta name=\"description\" content=\"Las soluciones Therefore\u2122 est\u00e1n disponibles para muchas aplicaciones empresariales verticales y horizontales diferentes.\" \/>\n<meta name=\"robots\" content=\"index, follow, max-snippet:-1, max-image-preview:large, max-video-preview:-1\" \/>\n<link rel=\"canonical\" href=\"https:\/\/therefore.net\/es\/soluciones\/\" \/>\n<script type=\"application\/ld+json\" class=\"yoast-schema-graph\">{\"@context\":\"https:\\\/\\\/schema.org\",\"@graph\":[{\"@type\":\"WebPage\",\"@id\":\"https:\\\/\\\/therefore.net\\\/es\\\/soluciones\\\/\",\"url\":\"https:\\\/\\\/therefore.net\\\/es\\\/soluciones\\\/\",\"name\":\"Soluciones Therefore\u2122\",\"isPartOf\":{\"@id\":\"https:\\\/\\\/therefore.net\\\/es\\\/#website\"},\"datePublished\":\"2022-05-19T08:49:23+00:00\",\"dateModified\":\"2025-02-20T17:29:15+00:00\",\"description\":\"Las soluciones Therefore\u2122 est\u00e1n disponibles para muchas aplicaciones empresariales verticales y horizontales diferentes.\",\"breadcrumb\":{\"@id\":\"https:\\\/\\\/therefore.net\\\/es\\\/soluciones\\\/#breadcrumb\"},\"inLanguage\":\"es-ES\",\"potentialAction\":[{\"@type\":\"ReadAction\",\"target\":[\"https:\\\/\\\/therefore.net\\\/es\\\/soluciones\\\/\"]}]},{\"@type\":\"BreadcrumbList\",\"@id\":\"https:\\\/\\\/therefore.net\\\/es\\\/soluciones\\\/#breadcrumb\",\"itemListElement\":[{\"@type\":\"ListItem\",\"position\":1,\"name\":\"Home\",\"item\":\"https:\\\/\\\/therefore.net\\\/es\\\/\"},{\"@type\":\"ListItem\",\"position\":2,\"name\":\"Soluciones\"}]},{\"@type\":\"WebSite\",\"@id\":\"https:\\\/\\\/therefore.net\\\/es\\\/#website\",\"url\":\"https:\\\/\\\/therefore.net\\\/es\\\/\",\"name\":\"Therefore\",\"description\":\"\",\"publisher\":{\"@id\":\"https:\\\/\\\/therefore.net\\\/es\\\/#organization\"},\"potentialAction\":[{\"@type\":\"SearchAction\",\"target\":{\"@type\":\"EntryPoint\",\"urlTemplate\":\"https:\\\/\\\/therefore.net\\\/es\\\/?s={search_term_string}\"},\"query-input\":{\"@type\":\"PropertyValueSpecification\",\"valueRequired\":true,\"valueName\":\"search_term_string\"}}],\"inLanguage\":\"es-ES\"},{\"@type\":\"Organization\",\"@id\":\"https:\\\/\\\/therefore.net\\\/es\\\/#organization\",\"name\":\"Therefore\",\"url\":\"https:\\\/\\\/therefore.net\\\/es\\\/\",\"logo\":{\"@type\":\"ImageObject\",\"inLanguage\":\"es-ES\",\"@id\":\"https:\\\/\\\/therefore.net\\\/es\\\/#\\\/schema\\\/logo\\\/image\\\/\",\"url\":\"https:\\\/\\\/therefore.net\\\/wp\\\/..\\\/app\\\/uploads\\\/2022\\\/04\\\/logo.png\",\"contentUrl\":\"https:\\\/\\\/therefore.net\\\/wp\\\/..\\\/app\\\/uploads\\\/2022\\\/04\\\/logo.png\",\"width\":176,\"height\":48,\"caption\":\"Therefore\"},\"image\":{\"@id\":\"https:\\\/\\\/therefore.net\\\/es\\\/#\\\/schema\\\/logo\\\/image\\\/\"},\"sameAs\":[\"https:\\\/\\\/www.linkedin.com\\\/company\\\/therefore-corporation\\\/\",\"https:\\\/\\\/www.youtube.com\\\/user\\\/ThereforeTV\"]}]}<\/script>\n<!-- \/ Yoast SEO plugin. -->","yoast_head_json":{"title":"Soluciones Therefore\u2122","description":"Las soluciones Therefore\u2122 est\u00e1n disponibles para muchas aplicaciones empresariales verticales y horizontales diferentes.","robots":{"index":"index","follow":"follow","max-snippet":"max-snippet:-1","max-image-preview":"max-image-preview:large","max-video-preview":"max-video-preview:-1"},"canonical":"https:\/\/therefore.net\/es\/soluciones\/","schema":{"@context":"https:\/\/schema.org","@graph":[{"@type":"WebPage","@id":"https:\/\/therefore.net\/es\/soluciones\/","url":"https:\/\/therefore.net\/es\/soluciones\/","name":"Soluciones Therefore\u2122","isPartOf":{"@id":"https:\/\/therefore.net\/es\/#website"},"datePublished":"2022-05-19T08:49:23+00:00","dateModified":"2025-02-20T17:29:15+00:00","description":"Las soluciones Therefore\u2122 est\u00e1n disponibles para muchas aplicaciones empresariales verticales y horizontales diferentes.","breadcrumb":{"@id":"https:\/\/therefore.net\/es\/soluciones\/#breadcrumb"},"inLanguage":"es-ES","potentialAction":[{"@type":"ReadAction","target":["https:\/\/therefore.net\/es\/soluciones\/"]}]},{"@type":"BreadcrumbList","@id":"https:\/\/therefore.net\/es\/soluciones\/#breadcrumb","itemListElement":[{"@type":"ListItem","position":1,"name":"Home","item":"https:\/\/therefore.net\/es\/"},{"@type":"ListItem","position":2,"name":"Soluciones"}]},{"@type":"WebSite","@id":"https:\/\/therefore.net\/es\/#website","url":"https:\/\/therefore.net\/es\/","name":"Therefore","description":"","publisher":{"@id":"https:\/\/therefore.net\/es\/#organization"},"potentialAction":[{"@type":"SearchAction","target":{"@type":"EntryPoint","urlTemplate":"https:\/\/therefore.net\/es\/?s={search_term_string}"},"query-input":{"@type":"PropertyValueSpecification","valueRequired":true,"valueName":"search_term_string"}}],"inLanguage":"es-ES"},{"@type":"Organization","@id":"https:\/\/therefore.net\/es\/#organization","name":"Therefore","url":"https:\/\/therefore.net\/es\/","logo":{"@type":"ImageObject","inLanguage":"es-ES","@id":"https:\/\/therefore.net\/es\/#\/schema\/logo\/image\/","url":"https:\/\/therefore.net\/wp\/..\/app\/uploads\/2022\/04\/logo.png","contentUrl":"https:\/\/therefore.net\/wp\/..\/app\/uploads\/2022\/04\/logo.png","width":176,"height":48,"caption":"Therefore"},"image":{"@id":"https:\/\/therefore.net\/es\/#\/schema\/logo\/image\/"},"sameAs":["https:\/\/www.linkedin.com\/company\/therefore-corporation\/","https:\/\/www.youtube.com\/user\/ThereforeTV"]}]}},"_links":{"self":[{"href":"https:\/\/therefore.net\/es\/wp-json\/wp\/v2\/pages\/9122","targetHints":{"allow":["GET"]}}],"collection":[{"href":"https:\/\/therefore.net\/es\/wp-json\/wp\/v2\/pages"}],"about":[{"href":"https:\/\/therefore.net\/es\/wp-json\/wp\/v2\/types\/page"}],"author":[{"embeddable":true,"href":"https:\/\/therefore.net\/es\/wp-json\/wp\/v2\/users\/1"}],"replies":[{"embeddable":true,"href":"https:\/\/therefore.net\/es\/wp-json\/wp\/v2\/comments?post=9122"}],"version-history":[{"count":1,"href":"https:\/\/therefore.net\/es\/wp-json\/wp\/v2\/pages\/9122\/revisions"}],"predecessor-version":[{"id":9123,"href":"https:\/\/therefore.net\/es\/wp-json\/wp\/v2\/pages\/9122\/revisions\/9123"}],"wp:attachment":[{"href":"https:\/\/therefore.net\/es\/wp-json\/wp\/v2\/media?parent=9122"}],"curies":[{"name":"wp","href":"https:\/\/api.w.org\/{rel}","templated":true}]}}