{"id":9124,"date":"2022-05-31T10:51:25","date_gmt":"2022-05-31T08:51:25","guid":{"rendered":"https:\/\/therefore.net\/funciones\/"},"modified":"2025-02-20T18:31:35","modified_gmt":"2025-02-20T17:31:35","slug":"funciones","status":"publish","type":"page","link":"https:\/\/therefore.net\/es\/funciones\/","title":{"rendered":"Funciones"},"content":{"rendered":"\n<section class=\"custom-block listing-block\">\n    <div class=\"container listing-block__container\">\n                    <div class=\"listing-block__tiles\">\n                                                        <div class=\"tile-item\">\n                        <div class=\"listing-block__tile tile-item__wrapper\">\n                            <div class=\"tile-item__content\">\n                                <h3 class=\"tile-item__title\" title=\"Archivar\">\n                                    Archivar\n                                <\/h3>\n                                <p class=\"tile-item__text\">El software de gesti\u00f3n de la informaci\u00f3n ha revolucionado la forma en que&hellip;<\/p>\n                            <\/div>\n                            <div class=\"tile-item__cta\">\n                                                                            <a href=\"https:\/\/therefore.net\/es\/capabilities\/archivar\/\" target=\"_self\"\n                                           class=\"tile-item__link arrow-link link-accent\">Leer m\u00e1s<\/a>\n                                                                <\/div>\n                        <\/div>\n                    <\/div>\n                                                        <div class=\"tile-item\">\n                        <div class=\"listing-block__tile tile-item__wrapper\">\n                            <div class=\"tile-item__content\">\n                                <h3 class=\"tile-item__title\" title=\"Gesti\u00f3n de expedientes\">\n                                    Gesti\u00f3n de expedientes\n                                <\/h3>\n                                <p class=\"tile-item__text\">Racionalizar y automatizar la gesti\u00f3n de expedientes y proyectos complejos es muy importante&hellip;<\/p>\n                            <\/div>\n                            <div class=\"tile-item__cta\">\n                                                                            <a href=\"https:\/\/therefore.net\/es\/capabilities\/gestion-de-expedientes\/\" target=\"_self\"\n                                           class=\"tile-item__link arrow-link link-accent\">Leer m\u00e1s<\/a>\n                                                                <\/div>\n                        <\/div>\n                    <\/div>\n                                                        <div class=\"tile-item\">\n                        <div class=\"listing-block__tile tile-item__wrapper\">\n                            <div class=\"tile-item__content\">\n                                <h3 class=\"tile-item__title\" title=\"Capturar\">\n                                    Capturar\n                                <\/h3>\n                                <p class=\"tile-item__text\">Todas las organizaciones manejan m\u00e1s datos que nunca. Necesitan una soluci\u00f3n que les&hellip;<\/p>\n                            <\/div>\n                            <div class=\"tile-item__cta\">\n                                                                            <a href=\"https:\/\/therefore.net\/es\/capabilities\/capturar\/\" target=\"_self\"\n                                           class=\"tile-item__link arrow-link link-accent\">Leer m\u00e1s<\/a>\n                                                                <\/div>\n                        <\/div>\n                    <\/div>\n                                                        <div class=\"tile-item\">\n                        <div class=\"listing-block__tile tile-item__wrapper\">\n                            <div class=\"tile-item__content\">\n                                <h3 class=\"tile-item__title\" title=\"Colaboraci\u00f3n\">\n                                    Colaboraci\u00f3n\n                                <\/h3>\n                                <p class=\"tile-item__text\">Colaborar con los dem\u00e1s forma parte de casi todos los trabajos, pero no&hellip;<\/p>\n                            <\/div>\n                            <div class=\"tile-item__cta\">\n                                                                            <a href=\"https:\/\/therefore.net\/es\/capabilities\/colaboracion\/\" target=\"_self\"\n                                           class=\"tile-item__link arrow-link link-accent\">Leer m\u00e1s<\/a>\n                                                                <\/div>\n                        <\/div>\n                    <\/div>\n                                                        <div class=\"tile-item\">\n                        <div class=\"listing-block__tile tile-item__wrapper\">\n                            <div class=\"tile-item__content\">\n                                <h3 class=\"tile-item__title\" title=\"Formularios electr\u00f3nicos\">\n                                    Formularios electr\u00f3nicos\n                                <\/h3>\n                                <p class=\"tile-item__text\">Con la capacidad de crear, enviar y procesar formularios electr\u00f3nicamente, las organizaciones pueden&hellip;<\/p>\n                            <\/div>\n                            <div class=\"tile-item__cta\">\n                                                                            <a href=\"https:\/\/therefore.net\/es\/capabilities\/formularios-electronicos\/\" target=\"_self\"\n                                           class=\"tile-item__link arrow-link link-accent\">Leer m\u00e1s<\/a>\n                                                                <\/div>\n                        <\/div>\n                    <\/div>\n                                                        <div class=\"tile-item\">\n                        <div class=\"listing-block__tile tile-item__wrapper\">\n                            <div class=\"tile-item__content\">\n                                <h3 class=\"tile-item__title\" title=\"Correo electr\u00f3nico\">\n                                    Correo electr\u00f3nico\n                                <\/h3>\n                                <p class=\"tile-item__text\">El correo electr\u00f3nico es una herramienta de comunicaci\u00f3n indispensable para las empresas.<\/p>\n                            <\/div>\n                            <div class=\"tile-item__cta\">\n                                                                            <a href=\"https:\/\/therefore.net\/es\/capabilities\/correo-electronico\/\" target=\"_self\"\n                                           class=\"tile-item__link arrow-link link-accent\">Leer m\u00e1s<\/a>\n                                                                <\/div>\n                        <\/div>\n                    <\/div>\n                                                        <div class=\"tile-item\">\n                        <div class=\"listing-block__tile tile-item__wrapper\">\n                            <div class=\"tile-item__content\">\n                                <h3 class=\"tile-item__title\" title=\"Firmas electr\u00f3nicas\">\n                                    Firmas electr\u00f3nicas\n                                <\/h3>\n                                <p class=\"tile-item__text\">Las firmas electr\u00f3nicas pueden simplificar y agilizar los procesos de firma de documentos,&hellip;<\/p>\n                            <\/div>\n                            <div class=\"tile-item__cta\">\n                                                                            <a href=\"https:\/\/therefore.net\/es\/capabilities\/firmas-electronicas\/\" target=\"_self\"\n                                           class=\"tile-item__link arrow-link link-accent\">Leer m\u00e1s<\/a>\n                                                                <\/div>\n                        <\/div>\n                    <\/div>\n                                                        <div class=\"tile-item\">\n                        <div class=\"listing-block__tile tile-item__wrapper\">\n                            <div class=\"tile-item__content\">\n                                <h3 class=\"tile-item__title\" title=\"Integraci\u00f3n\">\n                                    Integraci\u00f3n\n                                <\/h3>\n                                <p class=\"tile-item__text\">En el mundo de los macrodatos, la integraci\u00f3n ayuda a salvar las distancias.<\/p>\n                            <\/div>\n                            <div class=\"tile-item__cta\">\n                                                                            <a href=\"https:\/\/therefore.net\/es\/capabilities\/integracion\/\" target=\"_self\"\n                                           class=\"tile-item__link arrow-link link-accent\">Leer m\u00e1s<\/a>\n                                                                <\/div>\n                        <\/div>\n                    <\/div>\n                                                        <div class=\"tile-item\">\n                        <div class=\"listing-block__tile tile-item__wrapper\">\n                            <div class=\"tile-item__content\">\n                                <h3 class=\"tile-item__title\" title=\"Movilidad\">\n                                    Movilidad\n                                <\/h3>\n                                <p class=\"tile-item__text\">La flexibilidad y la capacidad de reacci\u00f3n son fundamentales para las empresas en&hellip;<\/p>\n                            <\/div>\n                            <div class=\"tile-item__cta\">\n                                                                            <a href=\"https:\/\/therefore.net\/es\/capabilities\/movilidad\/\" target=\"_self\"\n                                           class=\"tile-item__link arrow-link link-accent\">Leer m\u00e1s<\/a>\n                                                                <\/div>\n                        <\/div>\n                    <\/div>\n                                                        <div class=\"tile-item\">\n                        <div class=\"listing-block__tile tile-item__wrapper\">\n                            <div class=\"tile-item__content\">\n                                <h3 class=\"tile-item__title\" title=\"Portal\">\n                                    Portal\n                                <\/h3>\n                                <p class=\"tile-item__text\">Un portal de clientes ofrece varias ventajas a las empresas, como mejorar el&hellip;<\/p>\n                            <\/div>\n                            <div class=\"tile-item__cta\">\n                                                                            <a href=\"https:\/\/therefore.net\/es\/capabilities\/portal\/\" target=\"_self\"\n                                           class=\"tile-item__link arrow-link link-accent\">Leer m\u00e1s<\/a>\n                                                                <\/div>\n                        <\/div>\n                    <\/div>\n                                                        <div class=\"tile-item\">\n                        <div class=\"listing-block__tile tile-item__wrapper\">\n                            <div class=\"tile-item__content\">\n                                <h3 class=\"tile-item__title\" title=\"Informes\">\n                                    Informes\n                                <\/h3>\n                                <p class=\"tile-item__text\">Las empresas y organizaciones que no adoptan la toma de decisiones basada en&hellip;<\/p>\n                            <\/div>\n                            <div class=\"tile-item__cta\">\n                                                                            <a href=\"https:\/\/therefore.net\/es\/capabilities\/informes\/\" target=\"_self\"\n                                           class=\"tile-item__link arrow-link link-accent\">Leer m\u00e1s<\/a>\n                                                                <\/div>\n                        <\/div>\n                    <\/div>\n                                                        <div class=\"tile-item\">\n                        <div class=\"listing-block__tile tile-item__wrapper\">\n                            <div class=\"tile-item__content\">\n                                <h3 class=\"tile-item__title\" title=\"Escalabilidad\">\n                                    Escalabilidad\n                                <\/h3>\n                                <p class=\"tile-item__text\">La escalabilidad es un factor clave para garantizar el \u00e9xito a largo plazo&hellip;<\/p>\n                            <\/div>\n                            <div class=\"tile-item__cta\">\n                                                                            <a href=\"https:\/\/therefore.net\/es\/capabilities\/escalabilidad\/\" target=\"_self\"\n                                           class=\"tile-item__link arrow-link link-accent\">Leer m\u00e1s<\/a>\n                                                                <\/div>\n                        <\/div>\n                    <\/div>\n                                                        <div class=\"tile-item\">\n                        <div class=\"listing-block__tile tile-item__wrapper\">\n                            <div class=\"tile-item__content\">\n                                <h3 class=\"tile-item__title\" title=\"Seguridad\">\n                                    Seguridad\n                                <\/h3>\n                                <p class=\"tile-item__text\">Garantizar la seguridad de su informaci\u00f3n es un principio b\u00e1sico del software Therefore\u2122.<\/p>\n                            <\/div>\n                            <div class=\"tile-item__cta\">\n                                                                            <a href=\"https:\/\/therefore.net\/es\/capabilities\/seguridad\/\" target=\"_self\"\n                                           class=\"tile-item__link arrow-link link-accent\">Leer m\u00e1s<\/a>\n                                                                <\/div>\n                        <\/div>\n                    <\/div>\n                                                        <div class=\"tile-item\">\n                        <div class=\"listing-block__tile tile-item__wrapper\">\n                            <div class=\"tile-item__content\">\n                                <h3 class=\"tile-item__title\" title=\"Flujo de trabajo\">\n                                    Flujo de trabajo\n                                <\/h3>\n                                <p class=\"tile-item__text\">La automatizaci\u00f3n ya no es una opci\u00f3n, es una necesidad.<\/p>\n                            <\/div>\n                            <div class=\"tile-item__cta\">\n                                                                            <a href=\"https:\/\/therefore.net\/es\/capabilities\/flujo-de-trabajo\/\" target=\"_self\"\n                                           class=\"tile-item__link arrow-link link-accent\">Leer m\u00e1s<\/a>\n                                                                <\/div>\n                        <\/div>\n                    <\/div>\n                                <div class=\"tile-item tile-item--svg\">\n                    <svg width=\"255\" height=\"288\" viewBox=\"0 0 255 288\" fill=\"none\" xmlns=\"http:\/\/www.w3.org\/2000\/svg\">\n<g clip-path=\"url(#clip0_390_80369)\">\n<path d=\"M255 88C255 198.457 165.457 288 55 288L-3.05176e-05 288L-5.33982e-06 8.22477e-06L255 3.05176e-05L255 88Z\" fill=\"#1E5BFA\"\/>\n<g filter=\"url(#filter0_f_390_80369)\">\n<circle cx=\"-51\" cy=\"262\" r=\"218\" fill=\"#44EDF8\" fill-opacity=\"0.56\"\/>\n<\/g>\n<\/g>\n<defs>\n<filter id=\"filter0_f_390_80369\" x=\"-569\" y=\"-256\" width=\"1036\" height=\"1036\" filterUnits=\"userSpaceOnUse\" color-interpolation-filters=\"sRGB\">\n<feFlood flood-opacity=\"0\" result=\"BackgroundImageFix\"\/>\n<feBlend mode=\"normal\" in=\"SourceGraphic\" in2=\"BackgroundImageFix\" result=\"shape\"\/>\n<feGaussianBlur stdDeviation=\"150\" result=\"effect1_foregroundBlur_390_80369\"\/>\n<\/filter>\n<clipPath id=\"clip0_390_80369\">\n<path d=\"M255 88C255 198.457 165.457 288 55 288L-3.05176e-05 288L-5.33982e-06 8.22477e-06L255 3.05176e-05L255 88Z\" fill=\"white\"\/>\n<\/clipPath>\n<\/defs>\n<\/svg>\n\n                <\/div>\n            <\/div>\n            <\/div>\n<\/section>\n","protected":false},"excerpt":{"rendered":"","protected":false},"author":5,"featured_media":0,"parent":0,"menu_order":0,"comment_status":"closed","ping_status":"closed","template":"","meta":{"_acf_changed":false,"inline_featured_image":false,"footnotes":""},"class_list":["post-9124","page","type-page","status-publish","hentry"],"acf":[],"yoast_head":"<!-- This site is optimized with the Yoast SEO plugin v27.2 - https:\/\/yoast.com\/product\/yoast-seo-wordpress\/ -->\n<title>Funciones y capacidades<\/title>\n<meta name=\"description\" content=\"El software Therefore\u2122 cuenta con numerosas funciones y capacidades que lo convierten en una excelente soluci\u00f3n de gesti\u00f3n de la informaci\u00f3n.\" \/>\n<meta name=\"robots\" content=\"index, follow, max-snippet:-1, max-image-preview:large, max-video-preview:-1\" \/>\n<link rel=\"canonical\" href=\"https:\/\/therefore.net\/es\/funciones\/\" \/>\n<script type=\"application\/ld+json\" class=\"yoast-schema-graph\">{\"@context\":\"https:\/\/schema.org\",\"@graph\":[{\"@type\":\"WebPage\",\"@id\":\"https:\/\/therefore.net\/es\/funciones\/\",\"url\":\"https:\/\/therefore.net\/es\/funciones\/\",\"name\":\"Funciones y capacidades\",\"isPartOf\":{\"@id\":\"https:\/\/therefore.net\/es\/#website\"},\"datePublished\":\"2022-05-31T08:51:25+00:00\",\"dateModified\":\"2025-02-20T17:31:35+00:00\",\"description\":\"El software Therefore\u2122 cuenta con numerosas funciones y capacidades que lo convierten en una excelente soluci\u00f3n de gesti\u00f3n de la informaci\u00f3n.\",\"breadcrumb\":{\"@id\":\"https:\/\/therefore.net\/es\/funciones\/#breadcrumb\"},\"inLanguage\":\"es-ES\",\"potentialAction\":[{\"@type\":\"ReadAction\",\"target\":[\"https:\/\/therefore.net\/es\/funciones\/\"]}]},{\"@type\":\"BreadcrumbList\",\"@id\":\"https:\/\/therefore.net\/es\/funciones\/#breadcrumb\",\"itemListElement\":[{\"@type\":\"ListItem\",\"position\":1,\"name\":\"Home\",\"item\":\"https:\/\/therefore.net\/es\/\"},{\"@type\":\"ListItem\",\"position\":2,\"name\":\"Funciones\"}]},{\"@type\":\"WebSite\",\"@id\":\"https:\/\/therefore.net\/es\/#website\",\"url\":\"https:\/\/therefore.net\/es\/\",\"name\":\"Therefore\",\"description\":\"\",\"publisher\":{\"@id\":\"https:\/\/therefore.net\/es\/#organization\"},\"potentialAction\":[{\"@type\":\"SearchAction\",\"target\":{\"@type\":\"EntryPoint\",\"urlTemplate\":\"https:\/\/therefore.net\/es\/?s={search_term_string}\"},\"query-input\":{\"@type\":\"PropertyValueSpecification\",\"valueRequired\":true,\"valueName\":\"search_term_string\"}}],\"inLanguage\":\"es-ES\"},{\"@type\":\"Organization\",\"@id\":\"https:\/\/therefore.net\/es\/#organization\",\"name\":\"Therefore\",\"url\":\"https:\/\/therefore.net\/es\/\",\"logo\":{\"@type\":\"ImageObject\",\"inLanguage\":\"es-ES\",\"@id\":\"https:\/\/therefore.net\/es\/#\/schema\/logo\/image\/\",\"url\":\"https:\/\/therefore.net\/wp\/..\/app\/uploads\/2022\/04\/logo.png\",\"contentUrl\":\"https:\/\/therefore.net\/wp\/..\/app\/uploads\/2022\/04\/logo.png\",\"width\":176,\"height\":48,\"caption\":\"Therefore\"},\"image\":{\"@id\":\"https:\/\/therefore.net\/es\/#\/schema\/logo\/image\/\"},\"sameAs\":[\"https:\/\/www.linkedin.com\/company\/therefore-corporation\/\",\"https:\/\/www.youtube.com\/user\/ThereforeTV\"]}]}<\/script>\n<!-- \/ Yoast SEO plugin. -->","yoast_head_json":{"title":"Funciones y capacidades","description":"El software Therefore\u2122 cuenta con numerosas funciones y capacidades que lo convierten en una excelente soluci\u00f3n de gesti\u00f3n de la informaci\u00f3n.","robots":{"index":"index","follow":"follow","max-snippet":"max-snippet:-1","max-image-preview":"max-image-preview:large","max-video-preview":"max-video-preview:-1"},"canonical":"https:\/\/therefore.net\/es\/funciones\/","schema":{"@context":"https:\/\/schema.org","@graph":[{"@type":"WebPage","@id":"https:\/\/therefore.net\/es\/funciones\/","url":"https:\/\/therefore.net\/es\/funciones\/","name":"Funciones y capacidades","isPartOf":{"@id":"https:\/\/therefore.net\/es\/#website"},"datePublished":"2022-05-31T08:51:25+00:00","dateModified":"2025-02-20T17:31:35+00:00","description":"El software Therefore\u2122 cuenta con numerosas funciones y capacidades que lo convierten en una excelente soluci\u00f3n de gesti\u00f3n de la informaci\u00f3n.","breadcrumb":{"@id":"https:\/\/therefore.net\/es\/funciones\/#breadcrumb"},"inLanguage":"es-ES","potentialAction":[{"@type":"ReadAction","target":["https:\/\/therefore.net\/es\/funciones\/"]}]},{"@type":"BreadcrumbList","@id":"https:\/\/therefore.net\/es\/funciones\/#breadcrumb","itemListElement":[{"@type":"ListItem","position":1,"name":"Home","item":"https:\/\/therefore.net\/es\/"},{"@type":"ListItem","position":2,"name":"Funciones"}]},{"@type":"WebSite","@id":"https:\/\/therefore.net\/es\/#website","url":"https:\/\/therefore.net\/es\/","name":"Therefore","description":"","publisher":{"@id":"https:\/\/therefore.net\/es\/#organization"},"potentialAction":[{"@type":"SearchAction","target":{"@type":"EntryPoint","urlTemplate":"https:\/\/therefore.net\/es\/?s={search_term_string}"},"query-input":{"@type":"PropertyValueSpecification","valueRequired":true,"valueName":"search_term_string"}}],"inLanguage":"es-ES"},{"@type":"Organization","@id":"https:\/\/therefore.net\/es\/#organization","name":"Therefore","url":"https:\/\/therefore.net\/es\/","logo":{"@type":"ImageObject","inLanguage":"es-ES","@id":"https:\/\/therefore.net\/es\/#\/schema\/logo\/image\/","url":"https:\/\/therefore.net\/wp\/..\/app\/uploads\/2022\/04\/logo.png","contentUrl":"https:\/\/therefore.net\/wp\/..\/app\/uploads\/2022\/04\/logo.png","width":176,"height":48,"caption":"Therefore"},"image":{"@id":"https:\/\/therefore.net\/es\/#\/schema\/logo\/image\/"},"sameAs":["https:\/\/www.linkedin.com\/company\/therefore-corporation\/","https:\/\/www.youtube.com\/user\/ThereforeTV"]}]}},"_links":{"self":[{"href":"https:\/\/therefore.net\/es\/wp-json\/wp\/v2\/pages\/9124","targetHints":{"allow":["GET"]}}],"collection":[{"href":"https:\/\/therefore.net\/es\/wp-json\/wp\/v2\/pages"}],"about":[{"href":"https:\/\/therefore.net\/es\/wp-json\/wp\/v2\/types\/page"}],"author":[{"embeddable":true,"href":"https:\/\/therefore.net\/es\/wp-json\/wp\/v2\/users\/5"}],"replies":[{"embeddable":true,"href":"https:\/\/therefore.net\/es\/wp-json\/wp\/v2\/comments?post=9124"}],"version-history":[{"count":1,"href":"https:\/\/therefore.net\/es\/wp-json\/wp\/v2\/pages\/9124\/revisions"}],"predecessor-version":[{"id":9125,"href":"https:\/\/therefore.net\/es\/wp-json\/wp\/v2\/pages\/9124\/revisions\/9125"}],"wp:attachment":[{"href":"https:\/\/therefore.net\/es\/wp-json\/wp\/v2\/media?parent=9124"}],"curies":[{"name":"wp","href":"https:\/\/api.w.org\/{rel}","templated":true}]}}