{"id":9126,"date":"2022-07-29T23:14:05","date_gmt":"2022-07-29T21:14:05","guid":{"rendered":"https:\/\/therefore.net\/acerca-de-nosotros\/productos\/"},"modified":"2025-03-06T15:09:05","modified_gmt":"2025-03-06T14:09:05","slug":"productos","status":"publish","type":"page","link":"https:\/\/therefore.net\/es\/acerca-de-nosotros\/productos\/","title":{"rendered":"Productos"},"content":{"rendered":"<div class=\"custom-block simple-paragraph\">\n    <div class=\"container\">\n        <div class=\"blog-post__content blog-post__content--wide\">\n            <h1 style=\"text-align: center;\">Gesti\u00f3n de la informaci\u00f3n con Therefore\u2122<\/h1>\n\n        <\/div>\n\n            <\/div>\n<\/div>\n\n\n\n\n<section class=\"custom-block video-img-section  \">\n    <div class=\"container video-img-section__container\">\n\n        <div class=\"video-img-section__row\">\n            <div class=\"video-img-section__media video-img-section__media\">\n                                <div class=\"video-img-section__media__item video-img-section__media__item--video\">\n                                            <video src=\"https:\/\/therefore.net\/wp\/..\/app\/uploads\/2025\/02\/What-is-Therefore-1-minute-ES.mp4\" name=\"what-is-therefore-1-minute-es\" controls><\/video>\n                                    <\/div>\n                            <\/div>\n\n            <div class=\"video-img-section__content\">\n                                                        <h2 class=\"video-img-section__title\">\u00bfQu\u00e9 es Therefore\u2122?<\/h2>\n                \n                                    <div class=\"video-img-section__text\"><p><strong>En pocas palabras, el software Therefore\u2122 le ofrece un control total de su informaci\u00f3n. La planificaci\u00f3n del \u00e9xito depende de disponer de la informaci\u00f3n adecuada en el momento oportuno.<\/strong><\/p>\n<\/div>\n                            <\/div>\n        <\/div>\n\n\n    <\/div>\n\n<\/section>\n\n\n<section class=\"custom-block our-team accordion-item\">\n    <div class=\"container our-team__container\">\n                                <h2 class=\"our-team__title\">Con Therefore\u2122, puede:<\/h2>\n        \n                <div class=\"our-team__members our-team__members--visible\">\n                            <div class=\"our-team__member\">\n    <div class=\"our-team__member__person\">\n        <div class=\"our-team__member__image-wrapper\">\n            <img decoding=\"async\" src=\"https:\/\/therefore.net\/wp\/..\/app\/uploads\/2023\/04\/sol-icon-capture.png\" alt=\"Capturar\" loading=\"lazy\">\n        <\/div>\n        <div class=\"our-team__member__signature\">\n                            <span class=\"our-team__member__name\">Capturar<\/span>\n                                <\/div>\n    <\/div>\n    <p class=\"our-team__member__text\">\n        Capture la informaci\u00f3n de su empresa, independientemente de su formato. Importe e indexe con facilidad. Organice la informaci\u00f3n en un repositorio basado en metadatos y encu\u00e9ntrela f\u00e1cilmente m\u00e1s tarde.\n    <\/p>\n<\/div>\n                            <div class=\"our-team__member our-team__member--reversed\">\n    <div class=\"our-team__member__person\">\n        <div class=\"our-team__member__image-wrapper\">\n            <img decoding=\"async\" src=\"https:\/\/therefore.net\/wp\/..\/app\/uploads\/2023\/04\/sol-icon-archiving.png\" alt=\"Proteger\" loading=\"lazy\">\n        <\/div>\n        <div class=\"our-team__member__signature\">\n                            <span class=\"our-team__member__name\">Proteger<\/span>\n                                <\/div>\n    <\/div>\n    <p class=\"our-team__member__text\">\n        La seguridad de los datos y la informaci\u00f3n es fundamental para las operaciones de su empresa. Therefore\u2122 le proporciona las herramientas necesarias para garantizar que solo el personal autorizado pueda acceder a su informaci\u00f3n, que est\u00e9 a salvo de amenazas externas y que se realicen copias de seguridad seguras. \n    <\/p>\n<\/div>\n                    <\/div>\n                            <div class=\"our-team__members our-team__members--hidden accordion-item__content\">\n                                    <div class=\"our-team__member\">\n    <div class=\"our-team__member__person\">\n        <div class=\"our-team__member__image-wrapper\">\n            <img decoding=\"async\" src=\"https:\/\/therefore.net\/wp\/..\/app\/uploads\/2023\/04\/sol-icon-case.png\" alt=\"Acceder\" loading=\"lazy\">\n        <\/div>\n        <div class=\"our-team__member__signature\">\n                            <span class=\"our-team__member__name\">Acceder<\/span>\n                                <\/div>\n    <\/div>\n    <p class=\"our-team__member__text\">\n        Su informaci\u00f3n necesita moverse con usted. Con Therefore\u2122, siempre puede acceder a su informaci\u00f3n, incluso cuando viaja o trabaja a distancia.\n    <\/p>\n<\/div>\n                                    <div class=\"our-team__member our-team__member--reversed\">\n    <div class=\"our-team__member__person\">\n        <div class=\"our-team__member__image-wrapper\">\n            <img decoding=\"async\" src=\"https:\/\/therefore.net\/wp\/..\/app\/uploads\/2023\/04\/sol-icon-workflow.png\" alt=\"Automatizar\" loading=\"lazy\">\n        <\/div>\n        <div class=\"our-team__member__signature\">\n                            <span class=\"our-team__member__name\">Automatizar<\/span>\n                                <\/div>\n    <\/div>\n    <p class=\"our-team__member__text\">\n        Agilice las operaciones y aumente la productividad automatizando sus procedimientos empresariales b\u00e1sicos. Gane en eficiencia, visibilidad y coherencia.\n    <\/p>\n<\/div>\n                                    <div class=\"our-team__member\">\n    <div class=\"our-team__member__person\">\n        <div class=\"our-team__member__image-wrapper\">\n            <img decoding=\"async\" src=\"https:\/\/therefore.net\/wp\/..\/app\/uploads\/2023\/04\/Analytics.png\" alt=\"Analizar\" loading=\"lazy\">\n        <\/div>\n        <div class=\"our-team__member__signature\">\n                            <span class=\"our-team__member__name\">Analizar<\/span>\n                                <\/div>\n    <\/div>\n    <p class=\"our-team__member__text\">\n        La informaci\u00f3n anal\u00edtica es vital para el \u00e9xito de su empresa. Mant\u00e9ngase al tanto de las m\u00e9tricas m\u00e1s valiosas para usted y reaccione inmediatamente a los cambios en el rendimiento o las operaciones.\n    <\/p>\n<\/div>\n                            <\/div>\n\n            <div class=\"our-team__button-wrapper\">\n                <button class=\"main-button our-team__button accordion-item__title\"\n                   data-expand-text=\"Ver m\u00e1s\"\n                   data-hide-text=\"Ver menos\"\n                   title=\"Toggle members visibility\"\n                ><\/button>\n            <\/div>\n\n        \n    <\/div>\n<\/section>\n\n\n<section class=\"custom-block webinars\">\n    <div class=\"container\">\n        <div class=\"webinars__inner\">\n                        <div class=\"webinars__image-wrapper\">\n                <img decoding=\"async\" width=\"680\" height=\"500\" src=\"https:\/\/therefore.net\/wp\/..\/app\/uploads\/2023\/05\/Awards-1.png\" class=\"attachment-full size-full\" alt=\"Trofeo geom\u00e9trico dorado con la palabra &quot;Therefore&quot; en letras grises en negrita, dos puntos verdes y la frase &quot;People Process Information Producto&quot; debajo, todo ello sobre una base negra y dorada.\" srcset=\"https:\/\/therefore.net\/wp\/..\/app\/uploads\/2023\/05\/Awards-1.png 680w, https:\/\/therefore.net\/wp\/..\/app\/uploads\/2023\/05\/Awards-1-300x221.png 300w\" sizes=\"(max-width: 680px) 100vw, 680px\" \/>\n            <\/div>\n                        <div class=\"webinars__text-wrapper\">\n                <h2 class=\"webinars__title\">\n                    Soluciones premiadas\n                <\/h2>\n                <p class=\"webinars__text\">El software Therefore\u2122 ha recibido numerosos premios y certificaciones en gesti\u00f3n de la informaci\u00f3n. Desde premios por las extraordinarias capacidades de la plataforma hasta el cumplimiento de normas internacionales, Therefore\u2122 ha recibido reconocimiento y elogios en todo el mundo.<\/p>\n                                    <a href=\"https:\/\/therefore.net\/es\/premios-certificaciones\/\" class=\"main-button main-button--with-arrow main-button--white\" target=\"\">Consulte nuestra vitrina de trofeos<\/a>\n                            <\/div>\n        <\/div>\n    <\/div>\n<\/section>\n\n\n<div class=\"custom-block simple-paragraph\">\n    <div class=\"container\">\n        <div class=\"blog-post__content blog-post__content--wide\">\n            <h1 style=\"text-align: center;\">Therefore\u2122 ofrece soluciones tanto en la nube como in situ.<\/h1>\n<h3 style=\"text-align: center;\">\u00bfCu\u00e1l le conviene m\u00e1s?<\/h3>\n\n        <\/div>\n\n            <\/div>\n<\/div>\n\n\n\n<section class=\"custom-block left-image-right-text\">\n    <div class=\"container  left-image-right-text__container\">\n        <div class=\"left-image-right-text__inner\">\n            <div class=\"left-image-right-text__image-wrapper\">\n                                    <img fetchpriority=\"high\" decoding=\"async\" width=\"1410\" height=\"600\" src=\"https:\/\/therefore.net\/wp\/..\/app\/uploads\/2023\/04\/ThereforeOnline.png\" class=\"attachment-full size-full\" alt=\"La palabra &quot;Por tanto&quot; en negrita gris, con las dos \u00faltimas letras &quot;o&quot; que parecen nubes, introduce el nombre de Producto; debajo aparece la palabra &quot;online&quot; en min\u00fasculas gris m\u00e1s claro.\" loading=\"eager\" srcset=\"https:\/\/therefore.net\/wp\/..\/app\/uploads\/2023\/04\/ThereforeOnline.png 1410w, https:\/\/therefore.net\/wp\/..\/app\/uploads\/2023\/04\/ThereforeOnline-300x128.png 300w, https:\/\/therefore.net\/wp\/..\/app\/uploads\/2023\/04\/ThereforeOnline-1024x436.png 1024w, https:\/\/therefore.net\/wp\/..\/app\/uploads\/2023\/04\/ThereforeOnline-768x327.png 768w\" sizes=\"(max-width: 1410px) 100vw, 1410px\" \/>\n                            <\/div>\n            <div class=\"left-image-right-text__text-wrapper\">\n                <h2 class=\"left-image-right-text__title\">\n                    Therefore\u2122 Online\n                <\/h2>\n                <div class=\"left-image-right-text__text\"><span class=\"ILfuVd\" lang=\"en\"><span class=\"hgKElc\">La elecci\u00f3n inteligente para empresas de todos los tama\u00f1os que buscan una soluci\u00f3n en la nube escalable que ofrezca una potente gesti\u00f3n de la informaci\u00f3n a un coste predecible.<\/span><\/span><\/div>\n                                <a class=\"main-button main-button--with-arrow\" target=\"\"\n                    href=\"https:\/\/therefore.net\/es\/acerca-de-nosotros\/productos\/therefore-online\/\">M\u00e1s informaci\u00f3n sobre Therefore\u2122 Online<\/a>\n                            <\/div>\n        <\/div>\n    <\/div>\n<\/section>\n\n\n<section class=\"custom-block left-image-right-text\">\n    <div class=\"container  left-image-right-text__container\">\n        <div class=\"left-image-right-text__inner\">\n            <div class=\"left-image-right-text__image-wrapper\">\n                                    <img decoding=\"async\" width=\"1410\" height=\"600\" src=\"https:\/\/therefore.net\/wp\/..\/app\/uploads\/2023\/04\/ThereforeOnPremises.png\" class=\"attachment-full size-full\" alt=\"El logotipo de &quot;Therefore on-premises Producto&quot; incluye &quot;Therefore&quot; en min\u00fasculas grises. Las dos &quot;o&quot; de &quot;fore&quot; y los dos puntos debajo de &quot;premises&quot; est\u00e1n resaltados en verde brillante para darle un aspecto moderno y cohesivo.\" loading=\"eager\" srcset=\"https:\/\/therefore.net\/wp\/..\/app\/uploads\/2023\/04\/ThereforeOnPremises.png 1410w, https:\/\/therefore.net\/wp\/..\/app\/uploads\/2023\/04\/ThereforeOnPremises-300x128.png 300w, https:\/\/therefore.net\/wp\/..\/app\/uploads\/2023\/04\/ThereforeOnPremises-1024x436.png 1024w, https:\/\/therefore.net\/wp\/..\/app\/uploads\/2023\/04\/ThereforeOnPremises-768x327.png 768w\" sizes=\"(max-width: 1410px) 100vw, 1410px\" \/>\n                            <\/div>\n            <div class=\"left-image-right-text__text-wrapper\">\n                <h2 class=\"left-image-right-text__title\">\n                    Therefore\u2122 On-Premises\n                <\/h2>\n                <div class=\"left-image-right-text__text\"><span class=\"ILfuVd\" lang=\"en\"><span class=\"hgKElc\">La mejor soluci\u00f3n para la integraci\u00f3n sin concesiones de una potente gesti\u00f3n de la informaci\u00f3n en la pila de TI existente de su organizaci\u00f3n. Totalmente personalizable de la A a la Z, un despliegue in situ pone toda la potencia de Therefore\u2122 en sus manos.<br \/>\r\n<\/span><\/span><\/div>\n                                <a class=\"main-button main-button--with-arrow\" target=\"\"\n                    href=\"https:\/\/therefore.net\/es\/acerca-de-nosotros\/productos\/therefore-on-premises-in-situ\/\">M\u00e1s informaci\u00f3n sobre Therefore\u2122 On-Premises<\/a>\n                            <\/div>\n        <\/div>\n    <\/div>\n<\/section>\n","protected":false},"excerpt":{"rendered":"","protected":false},"author":1,"featured_media":0,"parent":9118,"menu_order":0,"comment_status":"closed","ping_status":"closed","template":"","meta":{"_acf_changed":false,"inline_featured_image":false,"footnotes":""},"class_list":["post-9126","page","type-page","status-publish","hentry"],"acf":[],"yoast_head":"<!-- This site is optimized with the Yoast SEO plugin v27.2 - https:\/\/yoast.com\/product\/yoast-seo-wordpress\/ -->\n<title>Producto - Therefore\u2122 Information Management<\/title>\n<meta name=\"description\" content=\"En pocas palabras, el producto Therefore\u2122 le ofrece un control total de su informaci\u00f3n. El \u00e9xito depende de disponer de la informaci\u00f3n en el momento adecuado.\" \/>\n<meta name=\"robots\" content=\"index, follow, max-snippet:-1, max-image-preview:large, max-video-preview:-1\" \/>\n<link rel=\"canonical\" href=\"https:\/\/therefore.net\/es\/acerca-de-nosotros\/productos\/\" \/>\n<script type=\"application\/ld+json\" class=\"yoast-schema-graph\">{\"@context\":\"https:\/\/schema.org\",\"@graph\":[{\"@type\":\"WebPage\",\"@id\":\"https:\/\/therefore.net\/es\/acerca-de-nosotros\/productos\/\",\"url\":\"https:\/\/therefore.net\/es\/acerca-de-nosotros\/productos\/\",\"name\":\"Producto - Therefore\u2122 Information Management\",\"isPartOf\":{\"@id\":\"https:\/\/therefore.net\/es\/#website\"},\"datePublished\":\"2022-07-29T21:14:05+00:00\",\"dateModified\":\"2025-03-06T14:09:05+00:00\",\"description\":\"En pocas palabras, el producto Therefore\u2122 le ofrece un control total de su informaci\u00f3n. El \u00e9xito depende de disponer de la informaci\u00f3n en el momento adecuado.\",\"breadcrumb\":{\"@id\":\"https:\/\/therefore.net\/es\/acerca-de-nosotros\/productos\/#breadcrumb\"},\"inLanguage\":\"es-ES\",\"potentialAction\":[{\"@type\":\"ReadAction\",\"target\":[\"https:\/\/therefore.net\/es\/acerca-de-nosotros\/productos\/\"]}]},{\"@type\":\"BreadcrumbList\",\"@id\":\"https:\/\/therefore.net\/es\/acerca-de-nosotros\/productos\/#breadcrumb\",\"itemListElement\":[{\"@type\":\"ListItem\",\"position\":1,\"name\":\"Home\",\"item\":\"https:\/\/therefore.net\/es\/\"},{\"@type\":\"ListItem\",\"position\":2,\"name\":\"Acerca de nosotros\",\"item\":\"https:\/\/therefore.net\/es\/acerca-de-nosotros\/\"},{\"@type\":\"ListItem\",\"position\":3,\"name\":\"Productos\"}]},{\"@type\":\"WebSite\",\"@id\":\"https:\/\/therefore.net\/es\/#website\",\"url\":\"https:\/\/therefore.net\/es\/\",\"name\":\"Therefore\",\"description\":\"\",\"publisher\":{\"@id\":\"https:\/\/therefore.net\/es\/#organization\"},\"potentialAction\":[{\"@type\":\"SearchAction\",\"target\":{\"@type\":\"EntryPoint\",\"urlTemplate\":\"https:\/\/therefore.net\/es\/?s={search_term_string}\"},\"query-input\":{\"@type\":\"PropertyValueSpecification\",\"valueRequired\":true,\"valueName\":\"search_term_string\"}}],\"inLanguage\":\"es-ES\"},{\"@type\":\"Organization\",\"@id\":\"https:\/\/therefore.net\/es\/#organization\",\"name\":\"Therefore\",\"url\":\"https:\/\/therefore.net\/es\/\",\"logo\":{\"@type\":\"ImageObject\",\"inLanguage\":\"es-ES\",\"@id\":\"https:\/\/therefore.net\/es\/#\/schema\/logo\/image\/\",\"url\":\"https:\/\/therefore.net\/wp\/..\/app\/uploads\/2022\/04\/logo.png\",\"contentUrl\":\"https:\/\/therefore.net\/wp\/..\/app\/uploads\/2022\/04\/logo.png\",\"width\":176,\"height\":48,\"caption\":\"Therefore\"},\"image\":{\"@id\":\"https:\/\/therefore.net\/es\/#\/schema\/logo\/image\/\"},\"sameAs\":[\"https:\/\/www.linkedin.com\/company\/therefore-corporation\/\",\"https:\/\/www.youtube.com\/user\/ThereforeTV\"]}]}<\/script>\n<!-- \/ Yoast SEO plugin. -->","yoast_head_json":{"title":"Producto - Therefore\u2122 Information Management","description":"En pocas palabras, el producto Therefore\u2122 le ofrece un control total de su informaci\u00f3n. El \u00e9xito depende de disponer de la informaci\u00f3n en el momento adecuado.","robots":{"index":"index","follow":"follow","max-snippet":"max-snippet:-1","max-image-preview":"max-image-preview:large","max-video-preview":"max-video-preview:-1"},"canonical":"https:\/\/therefore.net\/es\/acerca-de-nosotros\/productos\/","schema":{"@context":"https:\/\/schema.org","@graph":[{"@type":"WebPage","@id":"https:\/\/therefore.net\/es\/acerca-de-nosotros\/productos\/","url":"https:\/\/therefore.net\/es\/acerca-de-nosotros\/productos\/","name":"Producto - Therefore\u2122 Information Management","isPartOf":{"@id":"https:\/\/therefore.net\/es\/#website"},"datePublished":"2022-07-29T21:14:05+00:00","dateModified":"2025-03-06T14:09:05+00:00","description":"En pocas palabras, el producto Therefore\u2122 le ofrece un control total de su informaci\u00f3n. El \u00e9xito depende de disponer de la informaci\u00f3n en el momento adecuado.","breadcrumb":{"@id":"https:\/\/therefore.net\/es\/acerca-de-nosotros\/productos\/#breadcrumb"},"inLanguage":"es-ES","potentialAction":[{"@type":"ReadAction","target":["https:\/\/therefore.net\/es\/acerca-de-nosotros\/productos\/"]}]},{"@type":"BreadcrumbList","@id":"https:\/\/therefore.net\/es\/acerca-de-nosotros\/productos\/#breadcrumb","itemListElement":[{"@type":"ListItem","position":1,"name":"Home","item":"https:\/\/therefore.net\/es\/"},{"@type":"ListItem","position":2,"name":"Acerca de nosotros","item":"https:\/\/therefore.net\/es\/acerca-de-nosotros\/"},{"@type":"ListItem","position":3,"name":"Productos"}]},{"@type":"WebSite","@id":"https:\/\/therefore.net\/es\/#website","url":"https:\/\/therefore.net\/es\/","name":"Therefore","description":"","publisher":{"@id":"https:\/\/therefore.net\/es\/#organization"},"potentialAction":[{"@type":"SearchAction","target":{"@type":"EntryPoint","urlTemplate":"https:\/\/therefore.net\/es\/?s={search_term_string}"},"query-input":{"@type":"PropertyValueSpecification","valueRequired":true,"valueName":"search_term_string"}}],"inLanguage":"es-ES"},{"@type":"Organization","@id":"https:\/\/therefore.net\/es\/#organization","name":"Therefore","url":"https:\/\/therefore.net\/es\/","logo":{"@type":"ImageObject","inLanguage":"es-ES","@id":"https:\/\/therefore.net\/es\/#\/schema\/logo\/image\/","url":"https:\/\/therefore.net\/wp\/..\/app\/uploads\/2022\/04\/logo.png","contentUrl":"https:\/\/therefore.net\/wp\/..\/app\/uploads\/2022\/04\/logo.png","width":176,"height":48,"caption":"Therefore"},"image":{"@id":"https:\/\/therefore.net\/es\/#\/schema\/logo\/image\/"},"sameAs":["https:\/\/www.linkedin.com\/company\/therefore-corporation\/","https:\/\/www.youtube.com\/user\/ThereforeTV"]}]}},"_links":{"self":[{"href":"https:\/\/therefore.net\/es\/wp-json\/wp\/v2\/pages\/9126","targetHints":{"allow":["GET"]}}],"collection":[{"href":"https:\/\/therefore.net\/es\/wp-json\/wp\/v2\/pages"}],"about":[{"href":"https:\/\/therefore.net\/es\/wp-json\/wp\/v2\/types\/page"}],"author":[{"embeddable":true,"href":"https:\/\/therefore.net\/es\/wp-json\/wp\/v2\/users\/1"}],"replies":[{"embeddable":true,"href":"https:\/\/therefore.net\/es\/wp-json\/wp\/v2\/comments?post=9126"}],"version-history":[{"count":3,"href":"https:\/\/therefore.net\/es\/wp-json\/wp\/v2\/pages\/9126\/revisions"}],"predecessor-version":[{"id":9325,"href":"https:\/\/therefore.net\/es\/wp-json\/wp\/v2\/pages\/9126\/revisions\/9325"}],"up":[{"embeddable":true,"href":"https:\/\/therefore.net\/es\/wp-json\/wp\/v2\/pages\/9118"}],"wp:attachment":[{"href":"https:\/\/therefore.net\/es\/wp-json\/wp\/v2\/media?parent=9126"}],"curies":[{"name":"wp","href":"https:\/\/api.w.org\/{rel}","templated":true}]}}