{"id":9246,"date":"2023-04-24T20:53:27","date_gmt":"2023-04-24T18:53:27","guid":{"rendered":"https:\/\/therefore.net\/aviso-legal\/"},"modified":"2025-12-04T21:16:31","modified_gmt":"2025-12-04T20:16:31","slug":"aviso-legal","status":"publish","type":"page","link":"https:\/\/therefore.net\/es\/aviso-legal\/","title":{"rendered":"Aviso legal"},"content":{"rendered":"<div class=\"custom-block simple-paragraph\">\n    <div class=\"container\">\n        <div class=\"blog-post__content blog-post__content--wide\">\n            <div class=\"wpb_column vc_column_container vc_col-sm-9\">\n<div class=\"vc_column-inner\">\n<div class=\"wpb_wrapper\">\n<div class=\"wpb_text_column wpb_content_element margin_bottom_35\">\n<div class=\"wpb_wrapper\">\n<h1>Aviso legal<\/h1>\n<p>&nbsp;<\/p>\n<\/div>\n<\/div>\n<div class=\"wpb_text_column wpb_content_element vc_custom_1425884625746\">\n<div class=\"wpb_wrapper\">\n<p>Aunque se ha puesto el m\u00e1ximo cuidado en la preparaci\u00f3n de este sitio web, el editor y el autor no asumen responsabilidad alguna por errores u omisiones ni por da\u00f1os derivados del uso de la informaci\u00f3n contenida en este sitio web. Nos reservamos el derecho a realizar cambios en el sitio web en cualquier momento y sin previo aviso.<\/p>\n<p>Las especificaciones t\u00e9cnicas est\u00e1n sujetas a cambios sin previo aviso. Todas las empresas y\/o productos son marcas comerciales y\/o marcas registradas de sus respectivos fabricantes en sus respectivos mercados.<\/p>\n<p>&nbsp;<\/p>\n<p class=\"imh-copyright\"><strong>Empresa<\/strong>: Therefore Corporation GmbH<br \/>\n<strong>Objeto social:<\/strong> Desarrollo y distribuci\u00f3n de software de gesti\u00f3n de la informaci\u00f3n<br \/>\n<strong>UID-Nr.:<\/strong> ATU57212206<br \/>\n<strong>N\u00famero de registro comercial:<\/strong>\u00a0FN 237129 w<br \/>\n<strong>Competencia de los tribunales de comercio:<\/strong>\u00a0Landesgericht Wiener Neustadt<br \/>\n<strong>Sede central:<\/strong> M\u00f6dling<br \/>\n<strong>Director:<\/strong> Michael\u00a0Heitz<br \/>\n<strong>Direcci\u00f3n:<\/strong> Wiener Stra\u00dfe 2\/2, 2340 M\u00f6dling<br \/>\n<strong>Contacto:<\/strong> office@therefore.net, +43 2236 865 300<br \/>\nMiembro de la C\u00e1mara de Comercio Austriaca, 704 &#8211; FG Consultor\u00eda, Contabilidad y Tecnolog\u00eda de la Informaci\u00f3n<br \/>\n<strong>Derecho reglamentario:\u00a0<\/strong>Gewerbeordnung (ris.bka.gv.at)<br \/>\n<strong>Autoridad reguladora:<\/strong> Bezirkshauptmannschaft M\u00f6dling<br \/>\n<strong>Editor del sitio web:<\/strong> Michael\u00a0Heitz<br \/>\n<strong>Alojamiento web: <\/strong>inMotion Hosting, 555 S. Independence Blvd., \u00a0Virginia Beach, \u00a0VA 23452, United States, phone +1 757-416-6575<\/p>\n<\/div>\n<\/div>\n<\/div>\n<\/div>\n<\/div>\n\n        <\/div>\n\n            <\/div>\n<\/div>\n\n","protected":false},"excerpt":{"rendered":"","protected":false},"author":5,"featured_media":0,"parent":0,"menu_order":0,"comment_status":"closed","ping_status":"closed","template":"","meta":{"_acf_changed":false,"inline_featured_image":false,"footnotes":""},"class_list":["post-9246","page","type-page","status-publish","hentry"],"acf":[],"yoast_head":"<!-- This site is optimized with the Yoast SEO plugin v27.2 - https:\/\/yoast.com\/product\/yoast-seo-wordpress\/ -->\n<title>Legal Notice<\/title>\n<meta name=\"description\" content=\"Aviso legal para www.therefore.net\" \/>\n<meta name=\"robots\" content=\"index, follow, max-snippet:-1, max-image-preview:large, max-video-preview:-1\" \/>\n<link rel=\"canonical\" href=\"https:\/\/therefore.net\/es\/aviso-legal\/\" \/>\n<script type=\"application\/ld+json\" class=\"yoast-schema-graph\">{\"@context\":\"https:\/\/schema.org\",\"@graph\":[{\"@type\":\"WebPage\",\"@id\":\"https:\/\/therefore.net\/es\/aviso-legal\/\",\"url\":\"https:\/\/therefore.net\/es\/aviso-legal\/\",\"name\":\"Legal Notice\",\"isPartOf\":{\"@id\":\"https:\/\/therefore.net\/es\/#website\"},\"datePublished\":\"2023-04-24T18:53:27+00:00\",\"dateModified\":\"2025-12-04T20:16:31+00:00\",\"description\":\"Aviso legal para www.therefore.net\",\"breadcrumb\":{\"@id\":\"https:\/\/therefore.net\/es\/aviso-legal\/#breadcrumb\"},\"inLanguage\":\"es-ES\",\"potentialAction\":[{\"@type\":\"ReadAction\",\"target\":[\"https:\/\/therefore.net\/es\/aviso-legal\/\"]}]},{\"@type\":\"BreadcrumbList\",\"@id\":\"https:\/\/therefore.net\/es\/aviso-legal\/#breadcrumb\",\"itemListElement\":[{\"@type\":\"ListItem\",\"position\":1,\"name\":\"Home\",\"item\":\"https:\/\/therefore.net\/es\/\"},{\"@type\":\"ListItem\",\"position\":2,\"name\":\"Aviso legal\"}]},{\"@type\":\"WebSite\",\"@id\":\"https:\/\/therefore.net\/es\/#website\",\"url\":\"https:\/\/therefore.net\/es\/\",\"name\":\"Therefore\",\"description\":\"\",\"publisher\":{\"@id\":\"https:\/\/therefore.net\/es\/#organization\"},\"potentialAction\":[{\"@type\":\"SearchAction\",\"target\":{\"@type\":\"EntryPoint\",\"urlTemplate\":\"https:\/\/therefore.net\/es\/?s={search_term_string}\"},\"query-input\":{\"@type\":\"PropertyValueSpecification\",\"valueRequired\":true,\"valueName\":\"search_term_string\"}}],\"inLanguage\":\"es-ES\"},{\"@type\":\"Organization\",\"@id\":\"https:\/\/therefore.net\/es\/#organization\",\"name\":\"Therefore\",\"url\":\"https:\/\/therefore.net\/es\/\",\"logo\":{\"@type\":\"ImageObject\",\"inLanguage\":\"es-ES\",\"@id\":\"https:\/\/therefore.net\/es\/#\/schema\/logo\/image\/\",\"url\":\"https:\/\/therefore.net\/wp\/..\/app\/uploads\/2022\/04\/logo.png\",\"contentUrl\":\"https:\/\/therefore.net\/wp\/..\/app\/uploads\/2022\/04\/logo.png\",\"width\":176,\"height\":48,\"caption\":\"Therefore\"},\"image\":{\"@id\":\"https:\/\/therefore.net\/es\/#\/schema\/logo\/image\/\"},\"sameAs\":[\"https:\/\/www.linkedin.com\/company\/therefore-corporation\/\",\"https:\/\/www.youtube.com\/user\/ThereforeTV\"]}]}<\/script>\n<!-- \/ Yoast SEO plugin. -->","yoast_head_json":{"title":"Legal Notice","description":"Aviso legal para www.therefore.net","robots":{"index":"index","follow":"follow","max-snippet":"max-snippet:-1","max-image-preview":"max-image-preview:large","max-video-preview":"max-video-preview:-1"},"canonical":"https:\/\/therefore.net\/es\/aviso-legal\/","schema":{"@context":"https:\/\/schema.org","@graph":[{"@type":"WebPage","@id":"https:\/\/therefore.net\/es\/aviso-legal\/","url":"https:\/\/therefore.net\/es\/aviso-legal\/","name":"Legal Notice","isPartOf":{"@id":"https:\/\/therefore.net\/es\/#website"},"datePublished":"2023-04-24T18:53:27+00:00","dateModified":"2025-12-04T20:16:31+00:00","description":"Aviso legal para www.therefore.net","breadcrumb":{"@id":"https:\/\/therefore.net\/es\/aviso-legal\/#breadcrumb"},"inLanguage":"es-ES","potentialAction":[{"@type":"ReadAction","target":["https:\/\/therefore.net\/es\/aviso-legal\/"]}]},{"@type":"BreadcrumbList","@id":"https:\/\/therefore.net\/es\/aviso-legal\/#breadcrumb","itemListElement":[{"@type":"ListItem","position":1,"name":"Home","item":"https:\/\/therefore.net\/es\/"},{"@type":"ListItem","position":2,"name":"Aviso legal"}]},{"@type":"WebSite","@id":"https:\/\/therefore.net\/es\/#website","url":"https:\/\/therefore.net\/es\/","name":"Therefore","description":"","publisher":{"@id":"https:\/\/therefore.net\/es\/#organization"},"potentialAction":[{"@type":"SearchAction","target":{"@type":"EntryPoint","urlTemplate":"https:\/\/therefore.net\/es\/?s={search_term_string}"},"query-input":{"@type":"PropertyValueSpecification","valueRequired":true,"valueName":"search_term_string"}}],"inLanguage":"es-ES"},{"@type":"Organization","@id":"https:\/\/therefore.net\/es\/#organization","name":"Therefore","url":"https:\/\/therefore.net\/es\/","logo":{"@type":"ImageObject","inLanguage":"es-ES","@id":"https:\/\/therefore.net\/es\/#\/schema\/logo\/image\/","url":"https:\/\/therefore.net\/wp\/..\/app\/uploads\/2022\/04\/logo.png","contentUrl":"https:\/\/therefore.net\/wp\/..\/app\/uploads\/2022\/04\/logo.png","width":176,"height":48,"caption":"Therefore"},"image":{"@id":"https:\/\/therefore.net\/es\/#\/schema\/logo\/image\/"},"sameAs":["https:\/\/www.linkedin.com\/company\/therefore-corporation\/","https:\/\/www.youtube.com\/user\/ThereforeTV"]}]}},"_links":{"self":[{"href":"https:\/\/therefore.net\/es\/wp-json\/wp\/v2\/pages\/9246","targetHints":{"allow":["GET"]}}],"collection":[{"href":"https:\/\/therefore.net\/es\/wp-json\/wp\/v2\/pages"}],"about":[{"href":"https:\/\/therefore.net\/es\/wp-json\/wp\/v2\/types\/page"}],"author":[{"embeddable":true,"href":"https:\/\/therefore.net\/es\/wp-json\/wp\/v2\/users\/5"}],"replies":[{"embeddable":true,"href":"https:\/\/therefore.net\/es\/wp-json\/wp\/v2\/comments?post=9246"}],"version-history":[{"count":2,"href":"https:\/\/therefore.net\/es\/wp-json\/wp\/v2\/pages\/9246\/revisions"}],"predecessor-version":[{"id":10038,"href":"https:\/\/therefore.net\/es\/wp-json\/wp\/v2\/pages\/9246\/revisions\/10038"}],"wp:attachment":[{"href":"https:\/\/therefore.net\/es\/wp-json\/wp\/v2\/media?parent=9246"}],"curies":[{"name":"wp","href":"https:\/\/api.w.org\/{rel}","templated":true}]}}