{"id":9248,"date":"2022-04-09T14:47:26","date_gmt":"2022-04-09T12:47:26","guid":{"rendered":"https:\/\/therefore.net\/politica-de-privacidad\/"},"modified":"2025-03-05T17:57:59","modified_gmt":"2025-03-05T16:57:59","slug":"politica-de-privacidad","status":"publish","type":"page","link":"https:\/\/therefore.net\/es\/politica-de-privacidad\/","title":{"rendered":"Pol\u00edtica de privacidad"},"content":{"rendered":"<div class=\"custom-block simple-paragraph\">\n    <div class=\"container\">\n        <div class=\"blog-post__content blog-post__content--wide\">\n            <div class=\"wpb_column vc_column_container vc_col-sm-3\">\n<div class=\"vc_column-inner\">\n<div class=\"wpb_wrapper\">\n<div class=\"wpb_single_image wpb_content_element vc_align_left wpb_animate_when_almost_visible wpb_appear appear wpb_start_animation animated\">\n<div class=\"wpb_wrapper\">\n<div class=\"vc_single_image-wrapper vc_box_border_grey\">\n<div class=\"vc_column-inner\">\n<div class=\"wpb_wrapper\">\n<div class=\"wpb_text_column wpb_content_element margin_bottom_35\">\n<div class=\"wpb_wrapper\">\n<h1>Respetamos su derecho a la privacidad<\/h1>\n<div class=\"wpb_text_column wpb_content_element vc_custom_1527490288774\">\n<div class=\"wpb_wrapper\">\n<p>&nbsp;<\/p>\n<p><strong>Pol\u00edtica de privacidad<\/strong><br \/>\nEsperamos que la siguiente declaraci\u00f3n le ayude a entender c\u00f3mo Therefore Corporation recopila, utiliza y protege la informaci\u00f3n personal que usted nos proporciona en nuestro sitio y aplicaci\u00f3n m\u00f3vil. Tenga en cuenta que si hace clic en cualquier enlace externo, se aplicar\u00e1n las pol\u00edticas de privacidad de estos sitios y no son responsabilidad de Therefore Corporation.<\/p>\n<p>&nbsp;<\/p>\n<p><strong>Therefore\u2122 Aplicaci\u00f3n m\u00f3vil<\/strong><br \/>\nEsta aplicaci\u00f3n no comparte informaci\u00f3n personal con terceros ni comparte informaci\u00f3n sobre ti.<\/p>\n<p>La app puede acceder a la c\u00e1mara o al sistema de archivos de tu dispositivo cuando t\u00fa, el usuario, lo inicies.<\/p>\n<p>Su informaci\u00f3n no ser\u00e1 vendida, intercambiada, transferida o entregada a ninguna otra empresa por ning\u00fan motivo, sin su consentimiento, salvo con el prop\u00f3sito expreso de entregar el producto adquirido o el servicio solicitado.<\/p>\n<p>&nbsp;<\/p>\n<p>Pol\u00edtica de privacidad del sitio web<br \/>\nNo utilizamos ninguno de los datos personales recogidos al navegar por nuestro sitio web, www.therefore.net. No rastreamos ninguna informaci\u00f3n personal identificable de los visitantes o usuarios del sitio web.<\/p>\n<p>Se requiere informaci\u00f3n personal espec\u00edfica al utilizar nuestros formularios de contacto. Esta informaci\u00f3n se utiliza \u00fanicamente para responder a la solicitud de contacto y para ning\u00fan otro fin.<\/p>\n<p>&nbsp;<\/p>\n<p><strong>Pol\u00edtica de privacidad del bolet\u00edn de noticias<\/strong><\/p>\n<p>Utilizamos la informaci\u00f3n que nos proporciona al suscribirse a nuestros boletines para mantenernos en contacto con usted y proporcionarle actualizaciones y material de marketing. Puede cambiar de opini\u00f3n en cualquier momento haciendo clic en el enlace para darse de baja que aparece en el pie de p\u00e1gina de cualquier correo electr\u00f3nico que reciba de nosotros, o poni\u00e9ndose en contacto con nosotros en media@therefore.net. De acuerdo con el Reglamento General de Protecci\u00f3n de Datos, sus datos ser\u00e1n estrictamente confidenciales. Nunca venderemos, comercializaremos ni transferiremos sus datos a terceros por ning\u00fan motivo. Al suscribirse, acepta que procesemos su informaci\u00f3n de acuerdo con estas condiciones.<\/p>\n<p>&nbsp;<\/p>\n<p><strong>Cambios en nuestra pol\u00edtica de privacidad<\/strong><br \/>\nSi se suscribe a nuestro bolet\u00edn, le informaremos inmediatamente de cualquier cambio en nuestra pol\u00edtica de privacidad o en la forma en que utilizamos sus datos. Consulte este documento para conocer la versi\u00f3n m\u00e1s reciente.<\/p>\n<p>Si tiene alguna pregunta sobre esta pol\u00edtica, p\u00f3ngase en contacto con webmaster@therefore.net.<\/p>\n<\/div>\n<\/div>\n<\/div>\n<\/div>\n<\/div>\n<\/div>\n<\/div>\n<\/div>\n<\/div>\n<\/div>\n<\/div>\n<\/div>\n\n        <\/div>\n\n            <\/div>\n<\/div>\n\n","protected":false},"excerpt":{"rendered":"","protected":false},"author":1,"featured_media":0,"parent":0,"menu_order":0,"comment_status":"closed","ping_status":"open","template":"","meta":{"_acf_changed":false,"inline_featured_image":false,"footnotes":""},"class_list":["post-9248","page","type-page","status-publish","hentry"],"acf":[],"yoast_head":"<!-- This site is optimized with the Yoast SEO plugin v27.3 - https:\/\/yoast.com\/product\/yoast-seo-wordpress\/ -->\n<title>Pol\u00edtica de privacidad - Therefore<\/title>\n<meta name=\"description\" content=\"Nuestra pol\u00edtica de privacidad le ayudar\u00e1 a entender c\u00f3mo Therefore Corporation recopila, utiliza y protege la informaci\u00f3n personal que nos proporciona en nuestro sitio web y aplicaci\u00f3n m\u00f3vil.\" \/>\n<meta name=\"robots\" content=\"index, follow, max-snippet:-1, max-image-preview:large, max-video-preview:-1\" \/>\n<link rel=\"canonical\" href=\"https:\/\/therefore.net\/es\/politica-de-privacidad\/\" \/>\n<script type=\"application\/ld+json\" class=\"yoast-schema-graph\">{\"@context\":\"https:\\\/\\\/schema.org\",\"@graph\":[{\"@type\":\"WebPage\",\"@id\":\"https:\\\/\\\/therefore.net\\\/es\\\/politica-de-privacidad\\\/\",\"url\":\"https:\\\/\\\/therefore.net\\\/es\\\/politica-de-privacidad\\\/\",\"name\":\"Pol\u00edtica de privacidad - Therefore\",\"isPartOf\":{\"@id\":\"https:\\\/\\\/therefore.net\\\/es\\\/#website\"},\"datePublished\":\"2022-04-09T12:47:26+00:00\",\"dateModified\":\"2025-03-05T16:57:59+00:00\",\"description\":\"Nuestra pol\u00edtica de privacidad le ayudar\u00e1 a entender c\u00f3mo Therefore Corporation recopila, utiliza y protege la informaci\u00f3n personal que nos proporciona en nuestro sitio web y aplicaci\u00f3n m\u00f3vil.\",\"breadcrumb\":{\"@id\":\"https:\\\/\\\/therefore.net\\\/es\\\/politica-de-privacidad\\\/#breadcrumb\"},\"inLanguage\":\"es-ES\",\"potentialAction\":[{\"@type\":\"ReadAction\",\"target\":[\"https:\\\/\\\/therefore.net\\\/es\\\/politica-de-privacidad\\\/\"]}]},{\"@type\":\"BreadcrumbList\",\"@id\":\"https:\\\/\\\/therefore.net\\\/es\\\/politica-de-privacidad\\\/#breadcrumb\",\"itemListElement\":[{\"@type\":\"ListItem\",\"position\":1,\"name\":\"Home\",\"item\":\"https:\\\/\\\/therefore.net\\\/es\\\/\"},{\"@type\":\"ListItem\",\"position\":2,\"name\":\"Pol\u00edtica de privacidad\"}]},{\"@type\":\"WebSite\",\"@id\":\"https:\\\/\\\/therefore.net\\\/es\\\/#website\",\"url\":\"https:\\\/\\\/therefore.net\\\/es\\\/\",\"name\":\"Therefore\",\"description\":\"\",\"publisher\":{\"@id\":\"https:\\\/\\\/therefore.net\\\/es\\\/#organization\"},\"potentialAction\":[{\"@type\":\"SearchAction\",\"target\":{\"@type\":\"EntryPoint\",\"urlTemplate\":\"https:\\\/\\\/therefore.net\\\/es\\\/?s={search_term_string}\"},\"query-input\":{\"@type\":\"PropertyValueSpecification\",\"valueRequired\":true,\"valueName\":\"search_term_string\"}}],\"inLanguage\":\"es-ES\"},{\"@type\":\"Organization\",\"@id\":\"https:\\\/\\\/therefore.net\\\/es\\\/#organization\",\"name\":\"Therefore\",\"url\":\"https:\\\/\\\/therefore.net\\\/es\\\/\",\"logo\":{\"@type\":\"ImageObject\",\"inLanguage\":\"es-ES\",\"@id\":\"https:\\\/\\\/therefore.net\\\/es\\\/#\\\/schema\\\/logo\\\/image\\\/\",\"url\":\"https:\\\/\\\/therefore.net\\\/wp\\\/..\\\/app\\\/uploads\\\/2022\\\/04\\\/logo.png\",\"contentUrl\":\"https:\\\/\\\/therefore.net\\\/wp\\\/..\\\/app\\\/uploads\\\/2022\\\/04\\\/logo.png\",\"width\":176,\"height\":48,\"caption\":\"Therefore\"},\"image\":{\"@id\":\"https:\\\/\\\/therefore.net\\\/es\\\/#\\\/schema\\\/logo\\\/image\\\/\"},\"sameAs\":[\"https:\\\/\\\/www.linkedin.com\\\/company\\\/therefore-corporation\\\/\",\"https:\\\/\\\/www.youtube.com\\\/user\\\/ThereforeTV\"]}]}<\/script>\n<!-- \/ Yoast SEO plugin. -->","yoast_head_json":{"title":"Pol\u00edtica de privacidad - Therefore","description":"Nuestra pol\u00edtica de privacidad le ayudar\u00e1 a entender c\u00f3mo Therefore Corporation recopila, utiliza y protege la informaci\u00f3n personal que nos proporciona en nuestro sitio web y aplicaci\u00f3n m\u00f3vil.","robots":{"index":"index","follow":"follow","max-snippet":"max-snippet:-1","max-image-preview":"max-image-preview:large","max-video-preview":"max-video-preview:-1"},"canonical":"https:\/\/therefore.net\/es\/politica-de-privacidad\/","schema":{"@context":"https:\/\/schema.org","@graph":[{"@type":"WebPage","@id":"https:\/\/therefore.net\/es\/politica-de-privacidad\/","url":"https:\/\/therefore.net\/es\/politica-de-privacidad\/","name":"Pol\u00edtica de privacidad - Therefore","isPartOf":{"@id":"https:\/\/therefore.net\/es\/#website"},"datePublished":"2022-04-09T12:47:26+00:00","dateModified":"2025-03-05T16:57:59+00:00","description":"Nuestra pol\u00edtica de privacidad le ayudar\u00e1 a entender c\u00f3mo Therefore Corporation recopila, utiliza y protege la informaci\u00f3n personal que nos proporciona en nuestro sitio web y aplicaci\u00f3n m\u00f3vil.","breadcrumb":{"@id":"https:\/\/therefore.net\/es\/politica-de-privacidad\/#breadcrumb"},"inLanguage":"es-ES","potentialAction":[{"@type":"ReadAction","target":["https:\/\/therefore.net\/es\/politica-de-privacidad\/"]}]},{"@type":"BreadcrumbList","@id":"https:\/\/therefore.net\/es\/politica-de-privacidad\/#breadcrumb","itemListElement":[{"@type":"ListItem","position":1,"name":"Home","item":"https:\/\/therefore.net\/es\/"},{"@type":"ListItem","position":2,"name":"Pol\u00edtica de privacidad"}]},{"@type":"WebSite","@id":"https:\/\/therefore.net\/es\/#website","url":"https:\/\/therefore.net\/es\/","name":"Therefore","description":"","publisher":{"@id":"https:\/\/therefore.net\/es\/#organization"},"potentialAction":[{"@type":"SearchAction","target":{"@type":"EntryPoint","urlTemplate":"https:\/\/therefore.net\/es\/?s={search_term_string}"},"query-input":{"@type":"PropertyValueSpecification","valueRequired":true,"valueName":"search_term_string"}}],"inLanguage":"es-ES"},{"@type":"Organization","@id":"https:\/\/therefore.net\/es\/#organization","name":"Therefore","url":"https:\/\/therefore.net\/es\/","logo":{"@type":"ImageObject","inLanguage":"es-ES","@id":"https:\/\/therefore.net\/es\/#\/schema\/logo\/image\/","url":"https:\/\/therefore.net\/wp\/..\/app\/uploads\/2022\/04\/logo.png","contentUrl":"https:\/\/therefore.net\/wp\/..\/app\/uploads\/2022\/04\/logo.png","width":176,"height":48,"caption":"Therefore"},"image":{"@id":"https:\/\/therefore.net\/es\/#\/schema\/logo\/image\/"},"sameAs":["https:\/\/www.linkedin.com\/company\/therefore-corporation\/","https:\/\/www.youtube.com\/user\/ThereforeTV"]}]}},"_links":{"self":[{"href":"https:\/\/therefore.net\/es\/wp-json\/wp\/v2\/pages\/9248","targetHints":{"allow":["GET"]}}],"collection":[{"href":"https:\/\/therefore.net\/es\/wp-json\/wp\/v2\/pages"}],"about":[{"href":"https:\/\/therefore.net\/es\/wp-json\/wp\/v2\/types\/page"}],"author":[{"embeddable":true,"href":"https:\/\/therefore.net\/es\/wp-json\/wp\/v2\/users\/1"}],"replies":[{"embeddable":true,"href":"https:\/\/therefore.net\/es\/wp-json\/wp\/v2\/comments?post=9248"}],"version-history":[{"count":1,"href":"https:\/\/therefore.net\/es\/wp-json\/wp\/v2\/pages\/9248\/revisions"}],"predecessor-version":[{"id":9249,"href":"https:\/\/therefore.net\/es\/wp-json\/wp\/v2\/pages\/9248\/revisions\/9249"}],"wp:attachment":[{"href":"https:\/\/therefore.net\/es\/wp-json\/wp\/v2\/media?parent=9248"}],"curies":[{"name":"wp","href":"https:\/\/api.w.org\/{rel}","templated":true}]}}