{"id":9254,"date":"2025-02-14T22:20:26","date_gmt":"2025-02-14T21:20:26","guid":{"rendered":"https:\/\/therefore.net\/prepago-caducado\/"},"modified":"2025-03-05T20:18:45","modified_gmt":"2025-03-05T19:18:45","slug":"prepago-caducado","status":"publish","type":"page","link":"https:\/\/therefore.net\/es\/prepago-caducado\/","title":{"rendered":"Prepago Caducado"},"content":{"rendered":"<div class=\"custom-block simple-paragraph\">\n    <div class=\"container\">\n        <div class=\"blog-post__content blog-post__content--wide\">\n            <h1>\u00a1Mant\u00e9ngase al d\u00eda con su suscripci\u00f3n a Therefore\u2122!<\/h1>\n<p>&nbsp;<\/p>\n<h3>\u00bfHa caducado su suscripci\u00f3n a Therefore\u2122? \u00a1Es hora de renovarla!<\/h3>\n<p>&nbsp;<\/p>\n<p><strong>\u00bfC\u00f3mo renuevo mi suscripci\u00f3n a Therefore\u2122?<\/strong><\/p>\n<p>Si desea renovar su contrato de asistencia, p\u00f3ngase en contacto con su distribuidor local. Puede tratarse de una oficina de Canon o de otro distribuidor autorizado. Por lo general, se trata de la empresa que vendi\u00f3 o implant\u00f3 Therefore\u2122 en su organizaci\u00f3n. Si no sabe qui\u00e9n es, no dude en ponerse en contacto con nosotros a trav\u00e9s de nuestro formulario de contacto. Podemos buscarlo por usted.<\/p>\n<p>&nbsp;<\/p>\n<p>&nbsp;<\/p>\n<p><strong>\u00bfSignifica esto que mis datos se han borrado?<\/strong><\/p>\n<p>Aunque tu suscripci\u00f3n haya caducado, tus datos no se eliminan inmediatamente.<\/p>\n<p>Si utilizas Therefore\u2122 Online, el tiempo que transcurre hasta que tus datos se eliminan de nuestros sistemas viene determinado por tu contrato. Por lo general, existe un periodo de gracia que te permite renovar\/reactivar tu suscripci\u00f3n.<\/p>\n<p>Si utiliza Therefore\u2122 On-Premises con una suscripci\u00f3n, sus datos no se eliminan porque est\u00e1n en su servidor. Sin embargo, si deja que caduque su suscripci\u00f3n a Therefore\u2122, su sistema dejar\u00e1 de funcionar. Le recomendamos encarecidamente que renueve su suscripci\u00f3n lo antes posible.<\/p>\n<p>&nbsp;<\/p>\n<p>&nbsp;<\/p>\n\n        <\/div>\n\n            <\/div>\n<\/div>\n\n","protected":false},"excerpt":{"rendered":"","protected":false},"author":5,"featured_media":0,"parent":0,"menu_order":0,"comment_status":"closed","ping_status":"closed","template":"","meta":{"_acf_changed":false,"inline_featured_image":false,"footnotes":""},"class_list":["post-9254","page","type-page","status-publish","hentry"],"acf":[],"yoast_head":"<!-- This site is optimized with the Yoast SEO plugin v27.3 - https:\/\/yoast.com\/product\/yoast-seo-wordpress\/ -->\n<title>Mantenimiento de software<\/title>\n<meta name=\"description\" content=\"El mantenimiento del software le permite estar al d\u00eda de las \u00faltimas actualizaciones del producto y le da derecho a asistencia t\u00e9cnica.\" \/>\n<meta name=\"robots\" content=\"index, follow, max-snippet:-1, max-image-preview:large, max-video-preview:-1\" \/>\n<link rel=\"canonical\" href=\"https:\/\/therefore.net\/es\/prepago-caducado\/\" \/>\n<script type=\"application\/ld+json\" class=\"yoast-schema-graph\">{\"@context\":\"https:\\\/\\\/schema.org\",\"@graph\":[{\"@type\":\"WebPage\",\"@id\":\"https:\\\/\\\/therefore.net\\\/es\\\/prepago-caducado\\\/\",\"url\":\"https:\\\/\\\/therefore.net\\\/es\\\/prepago-caducado\\\/\",\"name\":\"Mantenimiento de software\",\"isPartOf\":{\"@id\":\"https:\\\/\\\/therefore.net\\\/es\\\/#website\"},\"datePublished\":\"2025-02-14T21:20:26+00:00\",\"dateModified\":\"2025-03-05T19:18:45+00:00\",\"description\":\"El mantenimiento del software le permite estar al d\u00eda de las \u00faltimas actualizaciones del producto y le da derecho a asistencia t\u00e9cnica.\",\"breadcrumb\":{\"@id\":\"https:\\\/\\\/therefore.net\\\/es\\\/prepago-caducado\\\/#breadcrumb\"},\"inLanguage\":\"es-ES\",\"potentialAction\":[{\"@type\":\"ReadAction\",\"target\":[\"https:\\\/\\\/therefore.net\\\/es\\\/prepago-caducado\\\/\"]}]},{\"@type\":\"BreadcrumbList\",\"@id\":\"https:\\\/\\\/therefore.net\\\/es\\\/prepago-caducado\\\/#breadcrumb\",\"itemListElement\":[{\"@type\":\"ListItem\",\"position\":1,\"name\":\"Home\",\"item\":\"https:\\\/\\\/therefore.net\\\/es\\\/\"},{\"@type\":\"ListItem\",\"position\":2,\"name\":\"Prepago Caducado\"}]},{\"@type\":\"WebSite\",\"@id\":\"https:\\\/\\\/therefore.net\\\/es\\\/#website\",\"url\":\"https:\\\/\\\/therefore.net\\\/es\\\/\",\"name\":\"Therefore\",\"description\":\"\",\"publisher\":{\"@id\":\"https:\\\/\\\/therefore.net\\\/es\\\/#organization\"},\"potentialAction\":[{\"@type\":\"SearchAction\",\"target\":{\"@type\":\"EntryPoint\",\"urlTemplate\":\"https:\\\/\\\/therefore.net\\\/es\\\/?s={search_term_string}\"},\"query-input\":{\"@type\":\"PropertyValueSpecification\",\"valueRequired\":true,\"valueName\":\"search_term_string\"}}],\"inLanguage\":\"es-ES\"},{\"@type\":\"Organization\",\"@id\":\"https:\\\/\\\/therefore.net\\\/es\\\/#organization\",\"name\":\"Therefore\",\"url\":\"https:\\\/\\\/therefore.net\\\/es\\\/\",\"logo\":{\"@type\":\"ImageObject\",\"inLanguage\":\"es-ES\",\"@id\":\"https:\\\/\\\/therefore.net\\\/es\\\/#\\\/schema\\\/logo\\\/image\\\/\",\"url\":\"https:\\\/\\\/therefore.net\\\/wp\\\/..\\\/app\\\/uploads\\\/2022\\\/04\\\/logo.png\",\"contentUrl\":\"https:\\\/\\\/therefore.net\\\/wp\\\/..\\\/app\\\/uploads\\\/2022\\\/04\\\/logo.png\",\"width\":176,\"height\":48,\"caption\":\"Therefore\"},\"image\":{\"@id\":\"https:\\\/\\\/therefore.net\\\/es\\\/#\\\/schema\\\/logo\\\/image\\\/\"},\"sameAs\":[\"https:\\\/\\\/www.linkedin.com\\\/company\\\/therefore-corporation\\\/\",\"https:\\\/\\\/www.youtube.com\\\/user\\\/ThereforeTV\"]}]}<\/script>\n<!-- \/ Yoast SEO plugin. -->","yoast_head_json":{"title":"Mantenimiento de software","description":"El mantenimiento del software le permite estar al d\u00eda de las \u00faltimas actualizaciones del producto y le da derecho a asistencia t\u00e9cnica.","robots":{"index":"index","follow":"follow","max-snippet":"max-snippet:-1","max-image-preview":"max-image-preview:large","max-video-preview":"max-video-preview:-1"},"canonical":"https:\/\/therefore.net\/es\/prepago-caducado\/","schema":{"@context":"https:\/\/schema.org","@graph":[{"@type":"WebPage","@id":"https:\/\/therefore.net\/es\/prepago-caducado\/","url":"https:\/\/therefore.net\/es\/prepago-caducado\/","name":"Mantenimiento de software","isPartOf":{"@id":"https:\/\/therefore.net\/es\/#website"},"datePublished":"2025-02-14T21:20:26+00:00","dateModified":"2025-03-05T19:18:45+00:00","description":"El mantenimiento del software le permite estar al d\u00eda de las \u00faltimas actualizaciones del producto y le da derecho a asistencia t\u00e9cnica.","breadcrumb":{"@id":"https:\/\/therefore.net\/es\/prepago-caducado\/#breadcrumb"},"inLanguage":"es-ES","potentialAction":[{"@type":"ReadAction","target":["https:\/\/therefore.net\/es\/prepago-caducado\/"]}]},{"@type":"BreadcrumbList","@id":"https:\/\/therefore.net\/es\/prepago-caducado\/#breadcrumb","itemListElement":[{"@type":"ListItem","position":1,"name":"Home","item":"https:\/\/therefore.net\/es\/"},{"@type":"ListItem","position":2,"name":"Prepago Caducado"}]},{"@type":"WebSite","@id":"https:\/\/therefore.net\/es\/#website","url":"https:\/\/therefore.net\/es\/","name":"Therefore","description":"","publisher":{"@id":"https:\/\/therefore.net\/es\/#organization"},"potentialAction":[{"@type":"SearchAction","target":{"@type":"EntryPoint","urlTemplate":"https:\/\/therefore.net\/es\/?s={search_term_string}"},"query-input":{"@type":"PropertyValueSpecification","valueRequired":true,"valueName":"search_term_string"}}],"inLanguage":"es-ES"},{"@type":"Organization","@id":"https:\/\/therefore.net\/es\/#organization","name":"Therefore","url":"https:\/\/therefore.net\/es\/","logo":{"@type":"ImageObject","inLanguage":"es-ES","@id":"https:\/\/therefore.net\/es\/#\/schema\/logo\/image\/","url":"https:\/\/therefore.net\/wp\/..\/app\/uploads\/2022\/04\/logo.png","contentUrl":"https:\/\/therefore.net\/wp\/..\/app\/uploads\/2022\/04\/logo.png","width":176,"height":48,"caption":"Therefore"},"image":{"@id":"https:\/\/therefore.net\/es\/#\/schema\/logo\/image\/"},"sameAs":["https:\/\/www.linkedin.com\/company\/therefore-corporation\/","https:\/\/www.youtube.com\/user\/ThereforeTV"]}]}},"_links":{"self":[{"href":"https:\/\/therefore.net\/es\/wp-json\/wp\/v2\/pages\/9254","targetHints":{"allow":["GET"]}}],"collection":[{"href":"https:\/\/therefore.net\/es\/wp-json\/wp\/v2\/pages"}],"about":[{"href":"https:\/\/therefore.net\/es\/wp-json\/wp\/v2\/types\/page"}],"author":[{"embeddable":true,"href":"https:\/\/therefore.net\/es\/wp-json\/wp\/v2\/users\/5"}],"replies":[{"embeddable":true,"href":"https:\/\/therefore.net\/es\/wp-json\/wp\/v2\/comments?post=9254"}],"version-history":[{"count":1,"href":"https:\/\/therefore.net\/es\/wp-json\/wp\/v2\/pages\/9254\/revisions"}],"predecessor-version":[{"id":9255,"href":"https:\/\/therefore.net\/es\/wp-json\/wp\/v2\/pages\/9254\/revisions\/9255"}],"wp:attachment":[{"href":"https:\/\/therefore.net\/es\/wp-json\/wp\/v2\/media?parent=9254"}],"curies":[{"name":"wp","href":"https:\/\/api.w.org\/{rel}","templated":true}]}}