{"id":9264,"date":"2023-06-20T05:42:05","date_gmt":"2023-06-20T03:42:05","guid":{"rendered":"https:\/\/therefore.net\/asistencia-tecnica\/"},"modified":"2025-03-05T20:39:19","modified_gmt":"2025-03-05T19:39:19","slug":"asistencia-tecnica","status":"publish","type":"page","link":"https:\/\/therefore.net\/es\/asistencia-tecnica\/","title":{"rendered":"Asistencia t\u00e9cnica"},"content":{"rendered":"<section class=\"custom-block benefits-left-image about-us-top-block\">\n    <div class=\"container  benefits-left-image__container\">\n        <div class=\"benefits-left-image__inner\">\n            <div class=\"benefits-left-image__image-wrapper \">\n                                    <img decoding=\"async\" width=\"1600\" height=\"1300\" src=\"https:\/\/therefore.net\/wp\/..\/app\/uploads\/2023\/06\/Technical-Support-1.png\" class=\"attachment-full size-full\" alt=\"Una mujer con auriculares y mirando un ordenador, dispuesta a prestar asistencia t\u00e9cnica con profesionalidad y esmero.\" srcset=\"https:\/\/therefore.net\/wp\/..\/app\/uploads\/2023\/06\/Technical-Support-1.png 1600w, https:\/\/therefore.net\/wp\/..\/app\/uploads\/2023\/06\/Technical-Support-1-300x244.png 300w, https:\/\/therefore.net\/wp\/..\/app\/uploads\/2023\/06\/Technical-Support-1-1024x832.png 1024w, https:\/\/therefore.net\/wp\/..\/app\/uploads\/2023\/06\/Technical-Support-1-768x624.png 768w, https:\/\/therefore.net\/wp\/..\/app\/uploads\/2023\/06\/Technical-Support-1-1536x1248.png 1536w\" sizes=\"(max-width: 1600px) 100vw, 1600px\" \/>\n                            <\/div>\n            <div class=\"benefits-left-image__text-wrapper\">\n                                \n                    <div class=\"benefits-left-image__paragraph-wrapper\">\n                                                <h2 class=\"benefits-left-image__title\">\n                            Asistencia t\u00e9cnica\n                        <\/h2>\n                        <div class=\"benefits-left-image__text\"><p>Nuestro equipo de asistencia t\u00e9cnica se compromete a prestar apoyo a nuestros clientes. Colaboramos con distribuidores asociados para responder a preguntas y solicitudes t\u00e9cnicas.<\/p>\n<\/div>\n                    <\/div>\n\n                \n                    <div class=\"benefits-left-image__paragraph-wrapper\">\n                                                <h2 class=\"benefits-left-image__title\">\n                            C\u00f3mo solicitar ayuda\n                        <\/h2>\n                        <div class=\"benefits-left-image__text\"><p>Nuestro equipo de asistencia ofrece asistencia de tercer nivel para las soluciones de software de Therefore\u2122. Esto significa que intervienen cuando los t\u00e9cnicos de soporte del distribuidor local les plantean problemas.<\/p>\n<p>&nbsp;<\/p>\n<p><strong>Consulte las preguntas frecuentes a continuaci\u00f3n para obtener m\u00e1s informaci\u00f3n.<\/strong><\/p>\n<\/div>\n                    <\/div>\n\n                                \n                            <\/div>\n        <\/div>\n    <\/div>\n<\/section>\n\n\n<section class=\"custom-block accordion-block\">\n    <div class=\"container  accordion-block__container\">\n        <div class=\"accordion-block__accent\">\n            <svg width=\"350\" height=\"246\" viewBox=\"0 0 350 246\" fill=\"none\" xmlns=\"http:\/\/www.w3.org\/2000\/svg\">\n<g clip-path=\"url(#clip0_266_73703)\">\n<path d=\"M0 0H350V246H200C89.5431 246 0 156.457 0 46V0Z\" fill=\"#1E5BFA\"\/>\n<g filter=\"url(#filter0_f_266_73703)\">\n<circle cx=\"74\" cy=\"187\" r=\"218\" fill=\"#44EDF8\" fill-opacity=\"0.56\"\/>\n<\/g>\n<\/g>\n<defs>\n<filter id=\"filter0_f_266_73703\" x=\"-444\" y=\"-331\" width=\"1036\" height=\"1036\" filterUnits=\"userSpaceOnUse\" color-interpolation-filters=\"sRGB\">\n<feFlood flood-opacity=\"0\" result=\"BackgroundImageFix\"\/>\n<feBlend mode=\"normal\" in=\"SourceGraphic\" in2=\"BackgroundImageFix\" result=\"shape\"\/>\n<feGaussianBlur stdDeviation=\"150\" result=\"effect1_foregroundBlur_266_73703\"\/>\n<\/filter>\n<clipPath id=\"clip0_266_73703\">\n<path d=\"M0 0H350V246H200C89.5431 246 0 156.457 0 46V0Z\" fill=\"white\"\/>\n<\/clipPath>\n<\/defs>\n<\/svg>\n\n        <\/div>\n        <div class=\"accordion-block__content\">\n            <h2 class=\"accordion-block__content__heading\">\n                Preguntas frecuentes\n            <\/h2>\n            <div class=\"accordion-block__items\">\n                                                <div class=\"accordion-block__items__item accordion-item\">\n                    <h3 class=\"accordion-item__title\">\n                        \u00bfQui\u00e9n puede proporcionar asistencia t\u00e9cnica para el software Therefore\u2122?\n                        <div class=\"accordion-item__toggle\">\n                            <svg width=\"24\" height=\"24\" viewBox=\"0 0 24 24\" fill=\"none\" xmlns=\"http:\/\/www.w3.org\/2000\/svg\">\n<path fill-rule=\"evenodd\" clip-rule=\"evenodd\" d=\"M13.1943 4.11509C13.1943 3.49924 12.6951 3 12.0792 3C11.4634 3 10.9642 3.49924 10.9642 4.11509L10.9642 10.8057L4.1151 10.8057C3.49925 10.8057 3 11.3049 3 11.9208C3 12.5366 3.49924 13.0358 4.11509 13.0358H10.9642L10.9642 19.8849C10.9642 20.5008 11.4634 21 12.0792 21C12.6951 21 13.1943 20.5008 13.1943 19.8849L13.1943 13.0358H19.8849C20.5008 13.0358 21 12.5366 21 11.9208C21 11.3049 20.5008 10.8057 19.8849 10.8057L13.1943 10.8057L13.1943 4.11509Z\" fill=\"black\" fill-opacity=\"0.87\"\/>\n<\/svg>\n\n                        <\/div>\n                    <\/h3>\n                    <div class=\"accordion-item__content\">\n                        <p>La primera l\u00ednea de asistencia ser\u00e1 el administrador local del sistema. Por lo general, se trata de una persona del departamento de TI responsable de gestionar el sistema Therefore\u2122 de su empresa.<\/p>\n<p>Muchos problemas sencillos tambi\u00e9n pueden resolverse consultando la documentaci\u00f3n t\u00e9cnica de Therefore\u2122.<\/p>\n\n                                                    <div class=\"button-wrapper\">\n                                <a class=\"main-button main-button--green main-button--with-arrow main-button--special\" target=\"_blank\"\n                                   href=\"https:\/\/therefore.net\/help\">Ver documentaci\u00f3n t\u00e9cnica<\/a>\n                            <\/div>\n                                            <\/div>\n                <\/div>\n                                                <div class=\"accordion-block__items__item accordion-item\">\n                    <h3 class=\"accordion-item__title\">\n                        No s\u00e9 qui\u00e9n es el administrador del sistema -O- soy el administrador del sistema pero a\u00fan as\u00ed necesito ayuda.\n                        <div class=\"accordion-item__toggle\">\n                            <svg width=\"24\" height=\"24\" viewBox=\"0 0 24 24\" fill=\"none\" xmlns=\"http:\/\/www.w3.org\/2000\/svg\">\n<path fill-rule=\"evenodd\" clip-rule=\"evenodd\" d=\"M13.1943 4.11509C13.1943 3.49924 12.6951 3 12.0792 3C11.4634 3 10.9642 3.49924 10.9642 4.11509L10.9642 10.8057L4.1151 10.8057C3.49925 10.8057 3 11.3049 3 11.9208C3 12.5366 3.49924 13.0358 4.11509 13.0358H10.9642L10.9642 19.8849C10.9642 20.5008 11.4634 21 12.0792 21C12.6951 21 13.1943 20.5008 13.1943 19.8849L13.1943 13.0358H19.8849C20.5008 13.0358 21 12.5366 21 11.9208C21 11.3049 20.5008 10.8057 19.8849 10.8057L13.1943 10.8057L13.1943 4.11509Z\" fill=\"black\" fill-opacity=\"0.87\"\/>\n<\/svg>\n\n                        <\/div>\n                    <\/h3>\n                    <div class=\"accordion-item__content\">\n                        <p>Si su organizaci\u00f3n no dispone de un administrador de sistemas interno, es muy probable que alguien de un distribuidor de Therefore\u2122 gestione su sistema Therefore\u2122. P\u00f3ngase en contacto con la persona u organizaci\u00f3n que vendi\u00f3 o implant\u00f3 Therefore\u2122 en su organizaci\u00f3n.<\/p>\n<p>Si usted es el administrador del sistema y necesita ayuda, su siguiente punto de contacto es el equipo de asistencia t\u00e9cnica del equipo de su socio distribuidor local.<\/p>\n<p>\u00bfNo est\u00e1 seguro de por d\u00f3nde empezar? Haga clic en el siguiente enlace para ver la p\u00e1gina de asistencia global de Canon. Seleccione su regi\u00f3n y pa\u00eds para obtener informaci\u00f3n sobre su equipo local de Canon.<\/p>\n\n                                                    <div class=\"button-wrapper\">\n                                <a class=\"main-button main-button--green main-button--with-arrow main-button--special\" target=\"_blank\"\n                                   href=\"https:\/\/global.canon\/en\/support\/\">Asistencia global de Canon<\/a>\n                            <\/div>\n                                            <\/div>\n                <\/div>\n                                                <div class=\"accordion-block__items__item accordion-item\">\n                    <h3 class=\"accordion-item__title\">\n                        No tengo a nadie en un socio distribuidor con quien pueda ponerme en contacto -O- la persona con la que estoy contactando no responde a mis peticiones.\n                        <div class=\"accordion-item__toggle\">\n                            <svg width=\"24\" height=\"24\" viewBox=\"0 0 24 24\" fill=\"none\" xmlns=\"http:\/\/www.w3.org\/2000\/svg\">\n<path fill-rule=\"evenodd\" clip-rule=\"evenodd\" d=\"M13.1943 4.11509C13.1943 3.49924 12.6951 3 12.0792 3C11.4634 3 10.9642 3.49924 10.9642 4.11509L10.9642 10.8057L4.1151 10.8057C3.49925 10.8057 3 11.3049 3 11.9208C3 12.5366 3.49924 13.0358 4.11509 13.0358H10.9642L10.9642 19.8849C10.9642 20.5008 11.4634 21 12.0792 21C12.6951 21 13.1943 20.5008 13.1943 19.8849L13.1943 13.0358H19.8849C20.5008 13.0358 21 12.5366 21 11.9208C21 11.3049 20.5008 10.8057 19.8849 10.8057L13.1943 10.8057L13.1943 4.11509Z\" fill=\"black\" fill-opacity=\"0.87\"\/>\n<\/svg>\n\n                        <\/div>\n                    <\/h3>\n                    <div class=\"accordion-item__content\">\n                        <p>Lamentamos que est\u00e9 experimentando dificultades. Si tiene problemas para obtener asistencia t\u00e9cnica de su organizaci\u00f3n de distribuci\u00f3n local, p\u00f3ngase en contacto con el equipo de asistencia de Therefore. En este tipo de situaciones, trabajaremos con usted para ayudarle a encontrar los recursos locales adecuados que puedan proporcionarle asistencia t\u00e9cnica. Tenga la seguridad de que sus t\u00e9cnicos de soporte locales siempre contar\u00e1n con el respaldo de los expertos de Therefore\u2122 de todo el mundo para ayudarle.<\/p>\n<p>Puede ponerse en contacto con el equipo de asistencia de Therefore en <a href=\"mailto:support@therefore.net\">support@therefore.net<\/a><\/p>\n<p>&nbsp;<\/p>\n\n                                            <\/div>\n                <\/div>\n                                                <div class=\"accordion-block__items__item accordion-item\">\n                    <h3 class=\"accordion-item__title\">\n                        \u00bfPuedo obtener ayuda directamente del equipo de asistencia de Therefore?\n                        <div class=\"accordion-item__toggle\">\n                            <svg width=\"24\" height=\"24\" viewBox=\"0 0 24 24\" fill=\"none\" xmlns=\"http:\/\/www.w3.org\/2000\/svg\">\n<path fill-rule=\"evenodd\" clip-rule=\"evenodd\" d=\"M13.1943 4.11509C13.1943 3.49924 12.6951 3 12.0792 3C11.4634 3 10.9642 3.49924 10.9642 4.11509L10.9642 10.8057L4.1151 10.8057C3.49925 10.8057 3 11.3049 3 11.9208C3 12.5366 3.49924 13.0358 4.11509 13.0358H10.9642L10.9642 19.8849C10.9642 20.5008 11.4634 21 12.0792 21C12.6951 21 13.1943 20.5008 13.1943 19.8849L13.1943 13.0358H19.8849C20.5008 13.0358 21 12.5366 21 11.9208C21 11.3049 20.5008 10.8057 19.8849 10.8057L13.1943 10.8057L13.1943 4.11509Z\" fill=\"black\" fill-opacity=\"0.87\"\/>\n<\/svg>\n\n                        <\/div>\n                    <\/h3>\n                    <div class=\"accordion-item__content\">\n                        <p>El equipo de Therefore est\u00e1 altamente comprometido con la prestaci\u00f3n de asistencia t\u00e9cnica a todos aquellos que la necesiten. Sin embargo, los acuerdos comerciales de nuestros clientes con su revendedor local u organizaci\u00f3n asociada exigen que todas las preguntas de asistencia t\u00e9cnica se dirijan a su administrador de sistemas (primer nivel) o al equipo de asistencia del revendedor (segundo nivel). Los equipos de asistencia al revendedor pueden derivar cuestiones complejas que requieran conocimientos especializados al equipo de asistencia de Therefore (tercer nivel).<\/p>\n<p>No podemos atender directamente las solicitudes de asistencia de primer nivel de los clientes.<\/p>\n\n                                            <\/div>\n                <\/div>\n                            <\/div>\n        <\/div>\n    <\/div>\n<\/section>\n","protected":false},"excerpt":{"rendered":"","protected":false},"author":5,"featured_media":0,"parent":0,"menu_order":0,"comment_status":"closed","ping_status":"closed","template":"","meta":{"_acf_changed":false,"inline_featured_image":false,"footnotes":""},"class_list":["post-9264","page","type-page","status-publish","hentry"],"acf":[],"yoast_head":"<!-- This site is optimized with the Yoast SEO plugin v27.4 - https:\/\/yoast.com\/product\/yoast-seo-wordpress\/ -->\n<title>Asistencia t\u00e9cnica<\/title>\n<meta name=\"description\" content=\"Asistencia t\u00e9cnica para su sistema Therefore\u2122. M\u00e1s informaci\u00f3n sobre c\u00f3mo ponerse en contacto con los expertos t\u00e9cnicos de Therefore.\" \/>\n<meta name=\"robots\" content=\"index, follow, max-snippet:-1, max-image-preview:large, max-video-preview:-1\" \/>\n<link rel=\"canonical\" href=\"https:\/\/therefore.net\/es\/asistencia-tecnica\/\" \/>\n<script type=\"application\/ld+json\" class=\"yoast-schema-graph\">{\"@context\":\"https:\\\/\\\/schema.org\",\"@graph\":[{\"@type\":\"WebPage\",\"@id\":\"https:\\\/\\\/therefore.net\\\/es\\\/asistencia-tecnica\\\/\",\"url\":\"https:\\\/\\\/therefore.net\\\/es\\\/asistencia-tecnica\\\/\",\"name\":\"Asistencia t\u00e9cnica\",\"isPartOf\":{\"@id\":\"https:\\\/\\\/therefore.net\\\/es\\\/#website\"},\"datePublished\":\"2023-06-20T03:42:05+00:00\",\"dateModified\":\"2025-03-05T19:39:19+00:00\",\"description\":\"Asistencia t\u00e9cnica para su sistema Therefore\u2122. M\u00e1s informaci\u00f3n sobre c\u00f3mo ponerse en contacto con los expertos t\u00e9cnicos de Therefore.\",\"breadcrumb\":{\"@id\":\"https:\\\/\\\/therefore.net\\\/es\\\/asistencia-tecnica\\\/#breadcrumb\"},\"inLanguage\":\"es-ES\",\"potentialAction\":[{\"@type\":\"ReadAction\",\"target\":[\"https:\\\/\\\/therefore.net\\\/es\\\/asistencia-tecnica\\\/\"]}]},{\"@type\":\"BreadcrumbList\",\"@id\":\"https:\\\/\\\/therefore.net\\\/es\\\/asistencia-tecnica\\\/#breadcrumb\",\"itemListElement\":[{\"@type\":\"ListItem\",\"position\":1,\"name\":\"Home\",\"item\":\"https:\\\/\\\/therefore.net\\\/es\\\/\"},{\"@type\":\"ListItem\",\"position\":2,\"name\":\"Asistencia t\u00e9cnica\"}]},{\"@type\":\"WebSite\",\"@id\":\"https:\\\/\\\/therefore.net\\\/es\\\/#website\",\"url\":\"https:\\\/\\\/therefore.net\\\/es\\\/\",\"name\":\"Therefore\",\"description\":\"\",\"publisher\":{\"@id\":\"https:\\\/\\\/therefore.net\\\/es\\\/#organization\"},\"potentialAction\":[{\"@type\":\"SearchAction\",\"target\":{\"@type\":\"EntryPoint\",\"urlTemplate\":\"https:\\\/\\\/therefore.net\\\/es\\\/?s={search_term_string}\"},\"query-input\":{\"@type\":\"PropertyValueSpecification\",\"valueRequired\":true,\"valueName\":\"search_term_string\"}}],\"inLanguage\":\"es-ES\"},{\"@type\":\"Organization\",\"@id\":\"https:\\\/\\\/therefore.net\\\/es\\\/#organization\",\"name\":\"Therefore\",\"url\":\"https:\\\/\\\/therefore.net\\\/es\\\/\",\"logo\":{\"@type\":\"ImageObject\",\"inLanguage\":\"es-ES\",\"@id\":\"https:\\\/\\\/therefore.net\\\/es\\\/#\\\/schema\\\/logo\\\/image\\\/\",\"url\":\"https:\\\/\\\/therefore.net\\\/wp\\\/..\\\/app\\\/uploads\\\/2022\\\/04\\\/logo.png\",\"contentUrl\":\"https:\\\/\\\/therefore.net\\\/wp\\\/..\\\/app\\\/uploads\\\/2022\\\/04\\\/logo.png\",\"width\":176,\"height\":48,\"caption\":\"Therefore\"},\"image\":{\"@id\":\"https:\\\/\\\/therefore.net\\\/es\\\/#\\\/schema\\\/logo\\\/image\\\/\"},\"sameAs\":[\"https:\\\/\\\/www.linkedin.com\\\/company\\\/therefore-corporation\\\/\",\"https:\\\/\\\/www.youtube.com\\\/user\\\/ThereforeTV\"]}]}<\/script>\n<!-- \/ Yoast SEO plugin. -->","yoast_head_json":{"title":"Asistencia t\u00e9cnica","description":"Asistencia t\u00e9cnica para su sistema Therefore\u2122. M\u00e1s informaci\u00f3n sobre c\u00f3mo ponerse en contacto con los expertos t\u00e9cnicos de Therefore.","robots":{"index":"index","follow":"follow","max-snippet":"max-snippet:-1","max-image-preview":"max-image-preview:large","max-video-preview":"max-video-preview:-1"},"canonical":"https:\/\/therefore.net\/es\/asistencia-tecnica\/","schema":{"@context":"https:\/\/schema.org","@graph":[{"@type":"WebPage","@id":"https:\/\/therefore.net\/es\/asistencia-tecnica\/","url":"https:\/\/therefore.net\/es\/asistencia-tecnica\/","name":"Asistencia t\u00e9cnica","isPartOf":{"@id":"https:\/\/therefore.net\/es\/#website"},"datePublished":"2023-06-20T03:42:05+00:00","dateModified":"2025-03-05T19:39:19+00:00","description":"Asistencia t\u00e9cnica para su sistema Therefore\u2122. M\u00e1s informaci\u00f3n sobre c\u00f3mo ponerse en contacto con los expertos t\u00e9cnicos de Therefore.","breadcrumb":{"@id":"https:\/\/therefore.net\/es\/asistencia-tecnica\/#breadcrumb"},"inLanguage":"es-ES","potentialAction":[{"@type":"ReadAction","target":["https:\/\/therefore.net\/es\/asistencia-tecnica\/"]}]},{"@type":"BreadcrumbList","@id":"https:\/\/therefore.net\/es\/asistencia-tecnica\/#breadcrumb","itemListElement":[{"@type":"ListItem","position":1,"name":"Home","item":"https:\/\/therefore.net\/es\/"},{"@type":"ListItem","position":2,"name":"Asistencia t\u00e9cnica"}]},{"@type":"WebSite","@id":"https:\/\/therefore.net\/es\/#website","url":"https:\/\/therefore.net\/es\/","name":"Therefore","description":"","publisher":{"@id":"https:\/\/therefore.net\/es\/#organization"},"potentialAction":[{"@type":"SearchAction","target":{"@type":"EntryPoint","urlTemplate":"https:\/\/therefore.net\/es\/?s={search_term_string}"},"query-input":{"@type":"PropertyValueSpecification","valueRequired":true,"valueName":"search_term_string"}}],"inLanguage":"es-ES"},{"@type":"Organization","@id":"https:\/\/therefore.net\/es\/#organization","name":"Therefore","url":"https:\/\/therefore.net\/es\/","logo":{"@type":"ImageObject","inLanguage":"es-ES","@id":"https:\/\/therefore.net\/es\/#\/schema\/logo\/image\/","url":"https:\/\/therefore.net\/wp\/..\/app\/uploads\/2022\/04\/logo.png","contentUrl":"https:\/\/therefore.net\/wp\/..\/app\/uploads\/2022\/04\/logo.png","width":176,"height":48,"caption":"Therefore"},"image":{"@id":"https:\/\/therefore.net\/es\/#\/schema\/logo\/image\/"},"sameAs":["https:\/\/www.linkedin.com\/company\/therefore-corporation\/","https:\/\/www.youtube.com\/user\/ThereforeTV"]}]}},"_links":{"self":[{"href":"https:\/\/therefore.net\/es\/wp-json\/wp\/v2\/pages\/9264","targetHints":{"allow":["GET"]}}],"collection":[{"href":"https:\/\/therefore.net\/es\/wp-json\/wp\/v2\/pages"}],"about":[{"href":"https:\/\/therefore.net\/es\/wp-json\/wp\/v2\/types\/page"}],"author":[{"embeddable":true,"href":"https:\/\/therefore.net\/es\/wp-json\/wp\/v2\/users\/5"}],"replies":[{"embeddable":true,"href":"https:\/\/therefore.net\/es\/wp-json\/wp\/v2\/comments?post=9264"}],"version-history":[{"count":2,"href":"https:\/\/therefore.net\/es\/wp-json\/wp\/v2\/pages\/9264\/revisions"}],"predecessor-version":[{"id":9267,"href":"https:\/\/therefore.net\/es\/wp-json\/wp\/v2\/pages\/9264\/revisions\/9267"}],"wp:attachment":[{"href":"https:\/\/therefore.net\/es\/wp-json\/wp\/v2\/media?parent=9264"}],"curies":[{"name":"wp","href":"https:\/\/api.w.org\/{rel}","templated":true}]}}