{"id":9268,"date":"2023-05-05T15:31:51","date_gmt":"2023-05-05T13:31:51","guid":{"rendered":"https:\/\/therefore.net\/acerca-de-nosotros\/productos\/therefore-on-premises-in-situ\/"},"modified":"2025-03-05T20:50:22","modified_gmt":"2025-03-05T19:50:22","slug":"therefore-on-premises-in-situ","status":"publish","type":"page","link":"https:\/\/therefore.net\/es\/acerca-de-nosotros\/productos\/therefore-on-premises-in-situ\/","title":{"rendered":"Therefore\u2122 On-Premises (in situ)"},"content":{"rendered":"<div class=\"custom-block simple-paragraph\">\n    <div class=\"container\">\n        <div class=\"blog-post__content blog-post__content--wide\">\n            <h1 style=\"text-align: center;\"><span class=\"ILfuVd\" lang=\"en\"><span class=\"hgKElc\">Integraci\u00f3n sin compromiso de una potente gesti\u00f3n de la informaci\u00f3n en la pila de TI existente de su organizaci\u00f3n.<\/span><\/span><\/h1>\n<p><img decoding=\"async\" class=\"size-large wp-image-2261 aligncenter\" src=\"https:\/\/therefore.net\/wp\/..\/app\/uploads\/2023\/04\/ThereforeOnPremises-1024x436.png\" alt=\"\" width=\"1024\" height=\"436\" srcset=\"https:\/\/therefore.net\/wp\/..\/app\/uploads\/2023\/04\/ThereforeOnPremises-1024x436.png 1024w, https:\/\/therefore.net\/wp\/..\/app\/uploads\/2023\/04\/ThereforeOnPremises-300x128.png 300w, https:\/\/therefore.net\/wp\/..\/app\/uploads\/2023\/04\/ThereforeOnPremises-768x327.png 768w, https:\/\/therefore.net\/wp\/..\/app\/uploads\/2023\/04\/ThereforeOnPremises.png 1410w\" sizes=\"(max-width: 1024px) 100vw, 1024px\" \/><\/p>\n\n        <\/div>\n\n            <\/div>\n<\/div>\n\n\n\n<section class=\"custom-block our-team accordion-item\">\n    <div class=\"container our-team__container\">\n                                <h2 class=\"our-team__title\">Ventajas<\/h2>\n        \n                <div class=\"our-team__members our-team__members--visible\">\n                            <div class=\"our-team__member\">\n    <div class=\"our-team__member__person\">\n        <div class=\"our-team__member__image-wrapper\">\n            <img decoding=\"async\" src=\"https:\/\/therefore.net\/wp\/..\/app\/uploads\/2023\/05\/Improved-Security-150x150.png\" alt=\"Seguridad&#x20;a&#x20;su&#x20;medida\" loading=\"lazy\">\n        <\/div>\n        <div class=\"our-team__member__signature\">\n                            <span class=\"our-team__member__name\">Seguridad a su medida<\/span>\n                                <\/div>\n    <\/div>\n    <p class=\"our-team__member__text\">\n        Tome el control total sobre la seguridad de su informaci\u00f3n. Utilice los conocimientos especializados de su equipo inform\u00e1tico sobre las necesidades de su empresa para configurar cortafuegos, controles de acceso y otras medidas de seguridad que garanticen la confidencialidad, integridad y disponibilidad de sus datos.\n    <\/p>\n<\/div>\n                            <div class=\"our-team__member our-team__member--reversed\">\n    <div class=\"our-team__member__person\">\n        <div class=\"our-team__member__image-wrapper\">\n            <img decoding=\"async\" src=\"https:\/\/therefore.net\/wp\/..\/app\/uploads\/2023\/05\/Customization-150x150.png\" alt=\"Personalizaci&#x00F3;n\" loading=\"lazy\">\n        <\/div>\n        <div class=\"our-team__member__signature\">\n                            <span class=\"our-team__member__name\">Personalizaci\u00f3n<\/span>\n                                <\/div>\n    <\/div>\n    <p class=\"our-team__member__text\">\n        Therefore\u2122 est\u00e1 abierto a la integraci\u00f3n. Una implementaci\u00f3n local le ofrece la posibilidad de utilizar conectores est\u00e1ndar para la integraci\u00f3n con sistemas de terceros, pero tambi\u00e9n le permite aprovechar toda la potencia de la API de Therefore\u2122. Traiga a sus expertos: el cielo es el l\u00edmite.\n    <\/p>\n<\/div>\n                    <\/div>\n                            <div class=\"our-team__members our-team__members--hidden accordion-item__content\">\n                                    <div class=\"our-team__member\">\n    <div class=\"our-team__member__person\">\n        <div class=\"our-team__member__image-wrapper\">\n            <img decoding=\"async\" src=\"https:\/\/therefore.net\/wp\/..\/app\/uploads\/2023\/05\/Performance-150x150.png\" alt=\"Rendimiento\" loading=\"lazy\">\n        <\/div>\n        <div class=\"our-team__member__signature\">\n                            <span class=\"our-team__member__name\">Rendimiento<\/span>\n                                <\/div>\n    <\/div>\n    <p class=\"our-team__member__text\">\n        Con una implantaci\u00f3n local, usted elige el hardware exacto que alimenta su soluci\u00f3n Therefore\u2122. Esto no solo le permite elegir la configuraci\u00f3n que mejor se adapte a sus necesidades, sino tambi\u00e9n optimizar el rendimiento del sistema para adaptarlo a sus requisitos o ampliarlo seg\u00fan sea necesario.\n    <\/p>\n<\/div>\n                                    <div class=\"our-team__member our-team__member--reversed\">\n    <div class=\"our-team__member__person\">\n        <div class=\"our-team__member__image-wrapper\">\n            <img decoding=\"async\" src=\"https:\/\/therefore.net\/wp\/..\/app\/uploads\/2023\/05\/Compliance-150x150.png\" alt=\"Conformidad\" loading=\"lazy\">\n        <\/div>\n        <div class=\"our-team__member__signature\">\n                            <span class=\"our-team__member__name\">Conformidad<\/span>\n                                <\/div>\n    <\/div>\n    <p class=\"our-team__member__text\">\n        Una implantaci\u00f3n local es una gran opci\u00f3n para pa\u00edses o sectores con requisitos espec\u00edficos de cumplimiento de almacenamiento de datos. Si debe almacenar los datos en una ubicaci\u00f3n espec\u00edfica, ya sea su propio entorno de TI o una regi\u00f3n concreta, Therefore\u2122 On-Premises le ofrece la flexibilidad de elegir. \n    <\/p>\n<\/div>\n                                    <div class=\"our-team__member\">\n    <div class=\"our-team__member__person\">\n        <div class=\"our-team__member__image-wrapper\">\n            <img decoding=\"async\" src=\"https:\/\/therefore.net\/wp\/..\/app\/uploads\/2023\/05\/ROI-150x150.png\" alt=\"Retorno&#x20;de&#x20;la&#x20;inversi&#x00F3;n&#x20;predecible\" loading=\"lazy\">\n        <\/div>\n        <div class=\"our-team__member__signature\">\n                            <span class=\"our-team__member__name\">Retorno de la inversi\u00f3n predecible<\/span>\n                                <\/div>\n    <\/div>\n    <p class=\"our-team__member__text\">\n        A largo plazo, Therefore\u2122 On-Premises puede ser la soluci\u00f3n m\u00e1s rentable para su empresa. Gracias a una mayor inversi\u00f3n de capital inicial, puede evitar las cuotas de suscripci\u00f3n continuas. La amortizaci\u00f3n del coste del hardware y la infraestructura a lo largo de un periodo m\u00e1s prolongado tambi\u00e9n puede reducir el coste total de propiedad y acelerar el retorno de la inversi\u00f3n. Therefore\u2122 ofrece muchas opciones para ahorrarle tiempo y dinero.\n    <\/p>\n<\/div>\n                            <\/div>\n\n            <div class=\"our-team__button-wrapper\">\n                <button class=\"main-button our-team__button accordion-item__title\"\n                   data-expand-text=\"Ver m\u00e1s\"\n                   data-hide-text=\"Ver menos\"\n                   title=\"Toggle members visibility\"\n                ><\/button>\n            <\/div>\n\n        \n    <\/div>\n<\/section>\n\n\n<section class=\"custom-block webinars\">\n    <div class=\"container\">\n        <div class=\"webinars__inner\">\n                        <div class=\"webinars__image-wrapper\">\n                <img decoding=\"async\" width=\"680\" height=\"500\" src=\"https:\/\/therefore.net\/wp\/..\/app\/uploads\/2023\/05\/TFO-Application.png\" class=\"attachment-full size-full\" alt=\"Un sencillo icono blanco muestra un ordenador port\u00e1til con la pantalla abierta, una ventana de navegador web encima y un s\u00edmbolo de engranaje en el centro, que representa los ajustes de Therefore\u2122 Online o la configuraci\u00f3n del sistema.\" srcset=\"https:\/\/therefore.net\/wp\/..\/app\/uploads\/2023\/05\/TFO-Application.png 680w, https:\/\/therefore.net\/wp\/..\/app\/uploads\/2023\/05\/TFO-Application-300x221.png 300w\" sizes=\"(max-width: 680px) 100vw, 680px\" \/>\n            <\/div>\n                        <div class=\"webinars__text-wrapper\">\n                <h2 class=\"webinars__title\">\n                    S\u00f3lida plataforma de servicios\n                <\/h2>\n                <p class=\"webinars__text\">Therefore\u2122 On-Premises es una soluci\u00f3n de gesti\u00f3n de la informaci\u00f3n con todas las funciones que pone un software de \u00faltima generaci\u00f3n directamente en sus manos.<\/p>\n                            <\/div>\n        <\/div>\n    <\/div>\n<\/section>\n\n\n<section class=\"custom-block benefits-save-money\">\n    <div class=\"container benefits-save-money__container\">\n        <div class=\"benefits-save-money__inner\">\n\n            <div class=\"benefits-save-money__text-wrapper\">\n                <h2 class=\"benefits-save-money__title\">\n                    Licencias\n                <\/h2>\n                                    <div class=\"benefits-save-money__text\"><p>Therefore\u2122 On-Premises est\u00e1 disponible en varias ediciones para adaptarse exactamente a sus necesidades. Las ediciones b\u00e1sicas, como <strong>Workgroup<\/strong> y <strong>Essentials<\/strong>, ofrecen un potente conjunto de funciones a las organizaciones m\u00e1s peque\u00f1as, mientras que las ediciones <strong>Business<\/strong> y <strong>Enterprise<\/strong> de nivel superior le proporcionan toda la potencia que Therefore\u2122 puede ofrecer.<\/p>\n<p>&nbsp;<\/p>\n<p>Las ediciones <strong>Workgroup<\/strong> y <strong>Essentials<\/strong> pueden ampliarse sin problemas a <strong>Business\/Enterprise<\/strong> con un simple cambio de licencia, liberando todo el potencial de su sistema Therefore\u2122.<\/p>\n<\/div>\n                \n            <\/div>\n\n            <div class=\"benefits-save-money__image-wrapper\">\n                                    <img decoding=\"async\" width=\"1410\" height=\"880\" src=\"https:\/\/therefore.net\/wp\/..\/app\/uploads\/2023\/03\/1410x880-5.png\" class=\"attachment-full size-full\" alt=\"Three young people work in a casual office space; one listens to headphones while looking at a phone, another types on a laptop, and the third writes in a notebook, all near large windows with greenery outside.\" srcset=\"https:\/\/therefore.net\/wp\/..\/app\/uploads\/2023\/03\/1410x880-5.png 1410w, https:\/\/therefore.net\/wp\/..\/app\/uploads\/2023\/03\/1410x880-5-300x187.png 300w, https:\/\/therefore.net\/wp\/..\/app\/uploads\/2023\/03\/1410x880-5-1024x639.png 1024w, https:\/\/therefore.net\/wp\/..\/app\/uploads\/2023\/03\/1410x880-5-768x479.png 768w\" sizes=\"(max-width: 1410px) 100vw, 1410px\" \/>\n                                                    <div class=\"benefits-save-money__link-wrapper\">\n                        <a class=\"main-button main-button--with-arrow\" target=\"\"\n                           href=\"https:\/\/therefore.net\/aboutus\/product\/licensing\/\">M\u00e1s informaci\u00f3n sobre licencias de usuario<\/a>\n                    <\/div>\n\n                            <\/div>\n\n        <\/div>\n    <\/div>\n<\/section>\n\n\n<section class=\"custom-block benefits-left-image \">\n    <div class=\"container  benefits-left-image__container\">\n        <div class=\"benefits-left-image__inner\">\n            <div class=\"benefits-left-image__image-wrapper \">\n                                    <img decoding=\"async\" width=\"1220\" height=\"1630\" src=\"https:\/\/therefore.net\/wp\/..\/app\/uploads\/2023\/05\/Small-Business.png\" class=\"attachment-full size-full\" alt=\"Una mujer con el pelo rizado y gafas est\u00e1 sentada en una mesa de una oficina moderna, mirando papeles mientras trabaja en su port\u00e1til con Therefore\u2122 On-Premises (in situ). Parece concentrada y viste una camisa de rayas.\" srcset=\"https:\/\/therefore.net\/wp\/..\/app\/uploads\/2023\/05\/Small-Business.png 1220w, https:\/\/therefore.net\/wp\/..\/app\/uploads\/2023\/05\/Small-Business-225x300.png 225w, https:\/\/therefore.net\/wp\/..\/app\/uploads\/2023\/05\/Small-Business-766x1024.png 766w, https:\/\/therefore.net\/wp\/..\/app\/uploads\/2023\/05\/Small-Business-768x1026.png 768w, https:\/\/therefore.net\/wp\/..\/app\/uploads\/2023\/05\/Small-Business-1150x1536.png 1150w\" sizes=\"(max-width: 1220px) 100vw, 1220px\" \/>\n                            <\/div>\n            <div class=\"benefits-left-image__text-wrapper\">\n                                \n                    <div class=\"benefits-left-image__paragraph-wrapper\">\n                                                <h2 class=\"benefits-left-image__title\">\n                            Workgroup Edition\n                        <\/h2>\n                        <div class=\"benefits-left-image__text\"><p><strong>Workgroup<\/strong> es una edici\u00f3n m\u00e1s peque\u00f1a y sencilla Therefore\u2122 est\u00e1 dise\u00f1ada para su uso como repositorio en peque\u00f1as empresas. La licencia de servidor est\u00e1 incluida y pueden adquirirse licencias de usuario nominativas en paquetes de 5. El sistema admite 50 licencias en total.<\/p>\n<p>Esta edici\u00f3n est\u00e1 disponible en: <strong>EMEA, Am\u00e9rica y Asia.<\/strong><\/p>\n<\/div>\n                    <\/div>\n\n                \n                    <div class=\"benefits-left-image__paragraph-wrapper\">\n                                                <h2 class=\"benefits-left-image__title\">\n                            Essentials Edition\n                        <\/h2>\n                        <div class=\"benefits-left-image__text\"><p><strong>Essentials<\/strong> incluye todo lo de Workgroup, y adem\u00e1s:<\/p>\n<p>\u2022 Flujo de trabajo<\/p>\n<p>\u2022 Usuarios simult\u00e1neos<\/p>\n<p>Esta edici\u00f3n est\u00e1 disponible en: <strong>Am\u00e9rica, Asia, Australia.<\/strong><\/p>\n<\/div>\n                    <\/div>\n\n                                \n                            <\/div>\n        <\/div>\n    <\/div>\n<\/section>\n\n\n<section class=\"custom-block benefits-save-money\">\n    <div class=\"container benefits-save-money__container\">\n        <div class=\"benefits-save-money__inner\">\n\n            <div class=\"benefits-save-money__text-wrapper\">\n                <h2 class=\"benefits-save-money__title\">\n                    Business\/Enterprise Edition\n                <\/h2>\n                                    <div class=\"benefits-save-money__text\"><p><strong>Business\/Enterprise<\/strong> es la versi\u00f3n definitiva de Therefore\u2122 On-Premises. Esta edici\u00f3n incluye todas las funciones del producto y admite todas las <a href=\"https:\/\/therefore.net\/es\/capabilities\/integracion\/\">licencias de conectores<\/a>. Se puede a\u00f1adir un n\u00famero ilimitado de licencias de usuario, en la cantidad que se desee. Se pueden adquirir varias licencias de servidor para transformar esta edici\u00f3n de Therefore\u2122 en un sistema multiservidor.<\/p>\n<\/div>\n                \n            <\/div>\n\n            <div class=\"benefits-save-money__image-wrapper\">\n                                    <img decoding=\"async\" width=\"1410\" height=\"1060\" src=\"https:\/\/therefore.net\/wp\/..\/app\/uploads\/2023\/05\/CityOfficeBuilding.png\" class=\"attachment-full size-full\" alt=\"Los modernos rascacielos de cristal se alzan sobre un cielo azul, reflejando la luz. Un puente peatonal curvado con paneles de cristal conecta los edificios en el bullicioso paisaje urbano, simbolizando la innovaci\u00f3n del mismo modo que las soluciones Therefore\u2122 On-Premises (in situ) conectan los sistemas empresariales.\" srcset=\"https:\/\/therefore.net\/wp\/..\/app\/uploads\/2023\/05\/CityOfficeBuilding.png 1410w, https:\/\/therefore.net\/wp\/..\/app\/uploads\/2023\/05\/CityOfficeBuilding-300x226.png 300w, https:\/\/therefore.net\/wp\/..\/app\/uploads\/2023\/05\/CityOfficeBuilding-1024x770.png 1024w, https:\/\/therefore.net\/wp\/..\/app\/uploads\/2023\/05\/CityOfficeBuilding-768x577.png 768w\" sizes=\"(max-width: 1410px) 100vw, 1410px\" \/>\n                                                    <div class=\"benefits-save-money__link-wrapper\">\n                        <a class=\"main-button main-button--with-arrow\" target=\"\"\n                           href=\"https:\/\/therefore.net\/case-studies\/\">Descubra casos de \u00e9xito de clientes<\/a>\n                    <\/div>\n\n                            <\/div>\n\n        <\/div>\n    <\/div>\n<\/section>\n\n\n<section class=\"custom-block webinars\">\n    <div class=\"container\">\n        <div class=\"webinars__inner\">\n                        <div class=\"webinars__image-wrapper\">\n                <img decoding=\"async\" width=\"680\" height=\"500\" src=\"https:\/\/therefore.net\/wp\/..\/app\/uploads\/2023\/05\/Data-Management.png\" class=\"attachment-full size-full\" alt=\"Iconos con contorno blanco sobre fondo gris claro que muestran dos engranajes, un gr\u00e1fico circular y un gr\u00e1fico de barras, que representan conceptos de an\u00e1lisis de datos, procesos y rendimiento empresarial en Therefore\u2122 Online.\" srcset=\"https:\/\/therefore.net\/wp\/..\/app\/uploads\/2023\/05\/Data-Management.png 680w, https:\/\/therefore.net\/wp\/..\/app\/uploads\/2023\/05\/Data-Management-300x221.png 300w\" sizes=\"(max-width: 680px) 100vw, 680px\" \/>\n            <\/div>\n                        <div class=\"webinars__text-wrapper\">\n                <h2 class=\"webinars__title\">\n                    Gesti\u00f3n de datos\n                <\/h2>\n                <p class=\"webinars__text\">Therefore\u2122 ofrece las herramientas necesarias para ayudarte a gestionar, proteger y realizar copias de seguridad de tus datos.<\/p>\n                                    <a href=\"https:\/\/therefore.net\/es\/capabilities\/seguridad\/\" class=\"main-button main-button--with-arrow main-button--white\" target=\"\">M\u00e1s informaci\u00f3n sobre la seguridad<\/a>\n                            <\/div>\n        <\/div>\n    <\/div>\n<\/section>\n","protected":false},"excerpt":{"rendered":"","protected":false},"author":5,"featured_media":0,"parent":9126,"menu_order":0,"comment_status":"closed","ping_status":"closed","template":"","meta":{"_acf_changed":false,"inline_featured_image":false,"footnotes":""},"class_list":["post-9268","page","type-page","status-publish","hentry"],"acf":[],"yoast_head":"<!-- This site is optimized with the Yoast SEO plugin v27.4 - https:\/\/yoast.com\/product\/yoast-seo-wordpress\/ -->\n<title>Therefore\u2122 On-Premises (in situ)<\/title>\n<meta name=\"description\" content=\"Therefore\u2122 On-Premises: integraci\u00f3n sin concesiones de una potente gesti\u00f3n de la informaci\u00f3n en la pila de TI existente de su organizaci\u00f3n.\" \/>\n<meta name=\"robots\" content=\"index, follow, max-snippet:-1, max-image-preview:large, max-video-preview:-1\" \/>\n<link rel=\"canonical\" href=\"https:\/\/therefore.net\/es\/acerca-de-nosotros\/productos\/therefore-on-premises-in-situ\/\" \/>\n<script type=\"application\/ld+json\" class=\"yoast-schema-graph\">{\"@context\":\"https:\\\/\\\/schema.org\",\"@graph\":[{\"@type\":\"WebPage\",\"@id\":\"https:\\\/\\\/therefore.net\\\/es\\\/acerca-de-nosotros\\\/productos\\\/therefore-on-premises-in-situ\\\/\",\"url\":\"https:\\\/\\\/therefore.net\\\/es\\\/acerca-de-nosotros\\\/productos\\\/therefore-on-premises-in-situ\\\/\",\"name\":\"Therefore\u2122 On-Premises (in situ)\",\"isPartOf\":{\"@id\":\"https:\\\/\\\/therefore.net\\\/es\\\/#website\"},\"datePublished\":\"2023-05-05T13:31:51+00:00\",\"dateModified\":\"2025-03-05T19:50:22+00:00\",\"description\":\"Therefore\u2122 On-Premises: integraci\u00f3n sin concesiones de una potente gesti\u00f3n de la informaci\u00f3n en la pila de TI existente de su organizaci\u00f3n.\",\"breadcrumb\":{\"@id\":\"https:\\\/\\\/therefore.net\\\/es\\\/acerca-de-nosotros\\\/productos\\\/therefore-on-premises-in-situ\\\/#breadcrumb\"},\"inLanguage\":\"es-ES\",\"potentialAction\":[{\"@type\":\"ReadAction\",\"target\":[\"https:\\\/\\\/therefore.net\\\/es\\\/acerca-de-nosotros\\\/productos\\\/therefore-on-premises-in-situ\\\/\"]}]},{\"@type\":\"BreadcrumbList\",\"@id\":\"https:\\\/\\\/therefore.net\\\/es\\\/acerca-de-nosotros\\\/productos\\\/therefore-on-premises-in-situ\\\/#breadcrumb\",\"itemListElement\":[{\"@type\":\"ListItem\",\"position\":1,\"name\":\"Home\",\"item\":\"https:\\\/\\\/therefore.net\\\/es\\\/\"},{\"@type\":\"ListItem\",\"position\":2,\"name\":\"Acerca de nosotros\",\"item\":\"https:\\\/\\\/therefore.net\\\/es\\\/acerca-de-nosotros\\\/\"},{\"@type\":\"ListItem\",\"position\":3,\"name\":\"Productos\",\"item\":\"https:\\\/\\\/therefore.net\\\/es\\\/acerca-de-nosotros\\\/productos\\\/\"},{\"@type\":\"ListItem\",\"position\":4,\"name\":\"Therefore\u2122 On-Premises (in situ)\"}]},{\"@type\":\"WebSite\",\"@id\":\"https:\\\/\\\/therefore.net\\\/es\\\/#website\",\"url\":\"https:\\\/\\\/therefore.net\\\/es\\\/\",\"name\":\"Therefore\",\"description\":\"\",\"publisher\":{\"@id\":\"https:\\\/\\\/therefore.net\\\/es\\\/#organization\"},\"potentialAction\":[{\"@type\":\"SearchAction\",\"target\":{\"@type\":\"EntryPoint\",\"urlTemplate\":\"https:\\\/\\\/therefore.net\\\/es\\\/?s={search_term_string}\"},\"query-input\":{\"@type\":\"PropertyValueSpecification\",\"valueRequired\":true,\"valueName\":\"search_term_string\"}}],\"inLanguage\":\"es-ES\"},{\"@type\":\"Organization\",\"@id\":\"https:\\\/\\\/therefore.net\\\/es\\\/#organization\",\"name\":\"Therefore\",\"url\":\"https:\\\/\\\/therefore.net\\\/es\\\/\",\"logo\":{\"@type\":\"ImageObject\",\"inLanguage\":\"es-ES\",\"@id\":\"https:\\\/\\\/therefore.net\\\/es\\\/#\\\/schema\\\/logo\\\/image\\\/\",\"url\":\"https:\\\/\\\/therefore.net\\\/wp\\\/..\\\/app\\\/uploads\\\/2022\\\/04\\\/logo.png\",\"contentUrl\":\"https:\\\/\\\/therefore.net\\\/wp\\\/..\\\/app\\\/uploads\\\/2022\\\/04\\\/logo.png\",\"width\":176,\"height\":48,\"caption\":\"Therefore\"},\"image\":{\"@id\":\"https:\\\/\\\/therefore.net\\\/es\\\/#\\\/schema\\\/logo\\\/image\\\/\"},\"sameAs\":[\"https:\\\/\\\/www.linkedin.com\\\/company\\\/therefore-corporation\\\/\",\"https:\\\/\\\/www.youtube.com\\\/user\\\/ThereforeTV\"]}]}<\/script>\n<!-- \/ Yoast SEO plugin. -->","yoast_head_json":{"title":"Therefore\u2122 On-Premises (in situ)","description":"Therefore\u2122 On-Premises: integraci\u00f3n sin concesiones de una potente gesti\u00f3n de la informaci\u00f3n en la pila de TI existente de su organizaci\u00f3n.","robots":{"index":"index","follow":"follow","max-snippet":"max-snippet:-1","max-image-preview":"max-image-preview:large","max-video-preview":"max-video-preview:-1"},"canonical":"https:\/\/therefore.net\/es\/acerca-de-nosotros\/productos\/therefore-on-premises-in-situ\/","schema":{"@context":"https:\/\/schema.org","@graph":[{"@type":"WebPage","@id":"https:\/\/therefore.net\/es\/acerca-de-nosotros\/productos\/therefore-on-premises-in-situ\/","url":"https:\/\/therefore.net\/es\/acerca-de-nosotros\/productos\/therefore-on-premises-in-situ\/","name":"Therefore\u2122 On-Premises (in situ)","isPartOf":{"@id":"https:\/\/therefore.net\/es\/#website"},"datePublished":"2023-05-05T13:31:51+00:00","dateModified":"2025-03-05T19:50:22+00:00","description":"Therefore\u2122 On-Premises: integraci\u00f3n sin concesiones de una potente gesti\u00f3n de la informaci\u00f3n en la pila de TI existente de su organizaci\u00f3n.","breadcrumb":{"@id":"https:\/\/therefore.net\/es\/acerca-de-nosotros\/productos\/therefore-on-premises-in-situ\/#breadcrumb"},"inLanguage":"es-ES","potentialAction":[{"@type":"ReadAction","target":["https:\/\/therefore.net\/es\/acerca-de-nosotros\/productos\/therefore-on-premises-in-situ\/"]}]},{"@type":"BreadcrumbList","@id":"https:\/\/therefore.net\/es\/acerca-de-nosotros\/productos\/therefore-on-premises-in-situ\/#breadcrumb","itemListElement":[{"@type":"ListItem","position":1,"name":"Home","item":"https:\/\/therefore.net\/es\/"},{"@type":"ListItem","position":2,"name":"Acerca de nosotros","item":"https:\/\/therefore.net\/es\/acerca-de-nosotros\/"},{"@type":"ListItem","position":3,"name":"Productos","item":"https:\/\/therefore.net\/es\/acerca-de-nosotros\/productos\/"},{"@type":"ListItem","position":4,"name":"Therefore\u2122 On-Premises (in situ)"}]},{"@type":"WebSite","@id":"https:\/\/therefore.net\/es\/#website","url":"https:\/\/therefore.net\/es\/","name":"Therefore","description":"","publisher":{"@id":"https:\/\/therefore.net\/es\/#organization"},"potentialAction":[{"@type":"SearchAction","target":{"@type":"EntryPoint","urlTemplate":"https:\/\/therefore.net\/es\/?s={search_term_string}"},"query-input":{"@type":"PropertyValueSpecification","valueRequired":true,"valueName":"search_term_string"}}],"inLanguage":"es-ES"},{"@type":"Organization","@id":"https:\/\/therefore.net\/es\/#organization","name":"Therefore","url":"https:\/\/therefore.net\/es\/","logo":{"@type":"ImageObject","inLanguage":"es-ES","@id":"https:\/\/therefore.net\/es\/#\/schema\/logo\/image\/","url":"https:\/\/therefore.net\/wp\/..\/app\/uploads\/2022\/04\/logo.png","contentUrl":"https:\/\/therefore.net\/wp\/..\/app\/uploads\/2022\/04\/logo.png","width":176,"height":48,"caption":"Therefore"},"image":{"@id":"https:\/\/therefore.net\/es\/#\/schema\/logo\/image\/"},"sameAs":["https:\/\/www.linkedin.com\/company\/therefore-corporation\/","https:\/\/www.youtube.com\/user\/ThereforeTV"]}]}},"_links":{"self":[{"href":"https:\/\/therefore.net\/es\/wp-json\/wp\/v2\/pages\/9268","targetHints":{"allow":["GET"]}}],"collection":[{"href":"https:\/\/therefore.net\/es\/wp-json\/wp\/v2\/pages"}],"about":[{"href":"https:\/\/therefore.net\/es\/wp-json\/wp\/v2\/types\/page"}],"author":[{"embeddable":true,"href":"https:\/\/therefore.net\/es\/wp-json\/wp\/v2\/users\/5"}],"replies":[{"embeddable":true,"href":"https:\/\/therefore.net\/es\/wp-json\/wp\/v2\/comments?post=9268"}],"version-history":[{"count":2,"href":"https:\/\/therefore.net\/es\/wp-json\/wp\/v2\/pages\/9268\/revisions"}],"predecessor-version":[{"id":9271,"href":"https:\/\/therefore.net\/es\/wp-json\/wp\/v2\/pages\/9268\/revisions\/9271"}],"up":[{"embeddable":true,"href":"https:\/\/therefore.net\/es\/wp-json\/wp\/v2\/pages\/9126"}],"wp:attachment":[{"href":"https:\/\/therefore.net\/es\/wp-json\/wp\/v2\/media?parent=9268"}],"curies":[{"name":"wp","href":"https:\/\/api.w.org\/{rel}","templated":true}]}}