{"id":9282,"date":"2022-08-03T22:36:53","date_gmt":"2022-08-03T20:36:53","guid":{"rendered":"https:\/\/therefore.net\/premios-certificaciones\/"},"modified":"2026-01-02T23:52:50","modified_gmt":"2026-01-02T22:52:50","slug":"premios-certificaciones","status":"publish","type":"page","link":"https:\/\/therefore.net\/es\/premios-certificaciones\/","title":{"rendered":"Premios\/Certificaciones"},"content":{"rendered":"<div class=\"custom-block simple-paragraph\">\n    <div class=\"container\">\n        <div class=\"blog-post__content blog-post__content--wide\">\n            <h2>El software Therefore\u2122 ha recibido numerosos premios y certificaciones en gesti\u00f3n de la informaci\u00f3n. Desde premios por las extraordinarias capacidades de la plataforma hasta el cumplimiento de normas internacionales, Therefore\u2122 ha recibido reconocimiento y elogios en todo el mundo.<\/h2>\n\n        <\/div>\n\n            <\/div>\n<\/div>\n\n\n\n<div class=\"custom-block simple-paragraph\">\n    <div class=\"container\">\n        <div class=\"blog-post__content blog-post__content--wide\">\n            <h1 style=\"text-align: center;\"><span style=\"color: #bed500;\"><strong>Premios y certificaciones<br \/>\n<\/strong><\/span><\/h1>\n\n        <\/div>\n\n            <\/div>\n<\/div>\n\n\n\n<div class=\"custom-block resources-tiles-block\">\n    <div class=\"container resources-tiles-block__container\">\n                    <div class=\"resources-tiles-block__tiles\">\n                                                        <div class=\"tile-item\">\n                        <div class=\"resources-tiles-block__tile tile-item__wrapper\">\n                            <div class=\"tile-item__content\">\n                                <h3 class=\"tile-item__title\">\n                                    Premio Software Reviews ECM\n                                <\/h3>\n                                <p class=\"tile-item__text\">El software de gesti\u00f3n de la informaci\u00f3n Therefore\u2122 obtuvo un puesto como \u00abL\u00edder\u00bb en el Cuadrante de Datos de SoftwareReviews.<\/p>\n                            <\/div>\n                            <div class=\"tile-item__cta\">\n                                                                                                            <a href=\"https:\/\/therefore.net\/es\/premios-certificaciones\/premios-software-review\/\" target=\"\"\n                                           class=\"tile-item__link arrow-link link-green\">M\u00e1s informaci\u00f3n<\/a>\n                                                                                                <\/div>\n                        <\/div>\n                    <\/div>\n                                                        <div class=\"tile-item\">\n                        <div class=\"resources-tiles-block__tile tile-item__wrapper\">\n                            <div class=\"tile-item__content\">\n                                <h3 class=\"tile-item__title\">\n                                    Premio DataMaster GED\n                                <\/h3>\n                                <p class=\"tile-item__text\">Therefore\u2122 ha ganado dos premios de DataMaster Lab, un laboratorio de pruebas franc\u00e9s independiente para m\u00e1quinas de oficina y soluciones de software. <\/p>\n                            <\/div>\n                            <div class=\"tile-item__cta\">\n                                                                                                            <a href=\"https:\/\/therefore.net\/es\/premios-certificaciones\/premios-datamaster\/\" target=\"\"\n                                           class=\"tile-item__link arrow-link link-green\">M\u00e1s informaci\u00f3n<\/a>\n                                                                                                <\/div>\n                        <\/div>\n                    <\/div>\n                                                        <div class=\"tile-item\">\n                        <div class=\"resources-tiles-block__tile tile-item__wrapper\">\n                            <div class=\"tile-item__content\">\n                                <h3 class=\"tile-item__title\">\n                                    Premio Buyer&#8217;s Lab Pick\n                                <\/h3>\n                                <p class=\"tile-item__text\">Therefore\u2122 ha sido galardonada con varios premios Pick a la mejor plataforma de gesti\u00f3n de la informaci\u00f3n.<\/p>\n                            <\/div>\n                            <div class=\"tile-item__cta\">\n                                                                                                            <a href=\"https:\/\/therefore.net\/es\/premios-certificaciones\/premio-bli-pick\/\" target=\"\"\n                                           class=\"tile-item__link arrow-link link-green\">M\u00e1s informaci\u00f3n<\/a>\n                                                                                                <\/div>\n                        <\/div>\n                    <\/div>\n                                                        <div class=\"tile-item\">\n                        <div class=\"resources-tiles-block__tile tile-item__wrapper\">\n                            <div class=\"tile-item__content\">\n                                <h3 class=\"tile-item__title\">\n                                    Auditor\u00eda de protecci\u00f3n de datos del RGPD\n                                <\/h3>\n                                <p class=\"tile-item__text\">El software Therefore\u2122 ha superado una rigurosa auditor\u00eda de protecci\u00f3n de datos realizada por la consultora alemana Ebner Stolz. <\/p>\n                            <\/div>\n                            <div class=\"tile-item__cta\">\n                                                                                                            <a href=\"https:\/\/therefore.net\/es\/premios-certificaciones\/reglamento-general-de-proteccion-de-datos\/\" target=\"\"\n                                           class=\"tile-item__link arrow-link link-green\">M\u00e1s informaci\u00f3n<\/a>\n                                                                                                <\/div>\n                        <\/div>\n                    <\/div>\n                                                        <div class=\"tile-item\">\n                        <div class=\"resources-tiles-block__tile tile-item__wrapper\">\n                            <div class=\"tile-item__content\">\n                                <h3 class=\"tile-item__title\">\n                                    Premio ASTORS Homeland Security\n                                <\/h3>\n                                <p class=\"tile-item__text\">El programa \u00abASTORS\u00bb se ha dise\u00f1ado espec\u00edficamente para distinguir las soluciones gubernamentales y de proveedores que aportan m\u00e1s valor, beneficios e inteligencia a los usuarios finales en diversos mercados verticales de la Administraci\u00f3n, la seguridad nacional, las empresas y la seguridad p\u00fablica.<\/p>\n                            <\/div>\n                            <div class=\"tile-item__cta\">\n                                                            <\/div>\n                        <\/div>\n                    <\/div>\n                                                        <div class=\"tile-item\">\n                        <div class=\"resources-tiles-block__tile tile-item__wrapper\">\n                            <div class=\"tile-item__content\">\n                                <h3 class=\"tile-item__title\">\n                                    Conector SAP certificado\n                                <\/h3>\n                                <p class=\"tile-item__text\">Therefore\u2122 Connector for SAP NetWeaver\u00ae cuenta con la certificaci\u00f3n oficial de SAP SE. Estamos orgullosos de nuestra colaboraci\u00f3n con SAP SE, que nos permite ofrecer una potente integraci\u00f3n y un gran valor a\u00f1adido a nuestros clientes.<\/p>\n                            <\/div>\n                            <div class=\"tile-item__cta\">\n                                                                                                            <a href=\"https:\/\/therefore.net\/es\/premios-certificaciones\/conector-therefore-certificado-para-sap\/\" target=\"\"\n                                           class=\"tile-item__link arrow-link link-green\">M\u00e1s informaci\u00f3n<\/a>\n                                                                                                <\/div>\n                        <\/div>\n                    <\/div>\n                                                        <div class=\"tile-item\">\n                        <div class=\"resources-tiles-block__tile tile-item__wrapper\">\n                            <div class=\"tile-item__content\">\n                                <h3 class=\"tile-item__title\">\n                                    Conector NAV certificado\n                                <\/h3>\n                                <p class=\"tile-item__text\">Therefore\u2122 Connector for Dynamics NAV ha cumplido el est\u00e1ndar m\u00e1s exigente de Microsoft para software desarrollado por socios y cuenta con certificaci\u00f3n oficial.<\/p>\n                            <\/div>\n                            <div class=\"tile-item__cta\">\n                                                                                                            <a href=\"https:\/\/therefore.net\/es\/premios-certificaciones\/conector-nav-certificado\/\" target=\"\"\n                                           class=\"tile-item__link arrow-link link-green\">M\u00e1s informaci\u00f3n<\/a>\n                                                                                                <\/div>\n                        <\/div>\n                    <\/div>\n                                                        <div class=\"tile-item\">\n                        <div class=\"resources-tiles-block__tile tile-item__wrapper\">\n                            <div class=\"tile-item__content\">\n                                <h3 class=\"tile-item__title\">\n                                    Pruebas de seguridad\n                                <\/h3>\n                                <p class=\"tile-item__text\">Therefore\u2122 software es auditado peri\u00f3dicamente por IO Active, l\u00edder mundial en ciberseguridad.<\/p>\n                            <\/div>\n                            <div class=\"tile-item__cta\">\n                                                            <\/div>\n                        <\/div>\n                    <\/div>\n                            <\/div>\n            <\/div>\n<\/section>\n\n<div class=\"custom-block simple-paragraph\">\n    <div class=\"container\">\n        <div class=\"blog-post__content blog-post__content--wide\">\n            <h1 style=\"text-align: center;\"><span style=\"color: #bed500;\"><strong>Conformidad<\/strong><\/span><\/h1>\n\n        <\/div>\n\n            <\/div>\n<\/div>\n\n\n\n\n<section class=\"custom-block listing-block\">\n    <div class=\"container listing-block__container\">\n                    <div class=\"listing-block__tiles\">\n                                                        <div class=\"tile-item\">\n                        <div class=\"listing-block__tile tile-item__wrapper\">\n                            <div class=\"tile-item__content\">\n                                <h3 class=\"tile-item__title\" title=\"Reglamento general de protecci\u00f3n de datos (RGPD)\">\n                                    Reglamento general de protecci\u00f3n de datos (RGPD)\n                                <\/h3>\n                                <p class=\"tile-item__text\">El RGPD (Reglamento General de Protecci\u00f3n de Datos) es un reglamento dise\u00f1ado por&hellip;<\/p>\n                            <\/div>\n                            <div class=\"tile-item__cta\">\n                                                                            <a href=\"https:\/\/therefore.net\/es\/premios-certificaciones\/reglamento-general-de-proteccion-de-datos\/\" target=\"\"\n                                           class=\"tile-item__link arrow-link link-accent\">M\u00e1s informaci\u00f3n<\/a>\n                                                                <\/div>\n                        <\/div>\n                    <\/div>\n                                                        <div class=\"tile-item\">\n                        <div class=\"listing-block__tile tile-item__wrapper\">\n                            <div class=\"tile-item__content\">\n                                <h3 class=\"tile-item__title\" title=\"Privacy Amendment Act\">\n                                    Privacy Amendment Act\n                                <\/h3>\n                                <p class=\"tile-item__text\">La Privacy Amendment (Notifiable Data Breaches) Act 2017 es una normativa dise\u00f1ada por&hellip;<\/p>\n                            <\/div>\n                            <div class=\"tile-item__cta\">\n                                                                            <a href=\"https:\/\/therefore.net\/awards-certifications\/paa\/\" target=\"\"\n                                           class=\"tile-item__link arrow-link link-accent\">M\u00e1s informaci\u00f3n<\/a>\n                                                                <\/div>\n                        <\/div>\n                    <\/div>\n                                                        <div class=\"tile-item\">\n                        <div class=\"listing-block__tile tile-item__wrapper\">\n                            <div class=\"tile-item__content\">\n                                <h3 class=\"tile-item__title\" title=\"Victorian Electronic Records Strategy (VERS)\">\n                                    Victorian Electronic Records Strategy (VERS)\n                                <\/h3>\n                                <p class=\"tile-item__text\">La Victorian Electronic Records Strategy (VERS) es una norma establecida por la Public&hellip;<\/p>\n                            <\/div>\n                            <div class=\"tile-item__cta\">\n                                                                            <a href=\"https:\/\/therefore.net\/awards-certifications\/vers\/\" target=\"\"\n                                           class=\"tile-item__link arrow-link link-accent\">M\u00e1s informaci\u00f3n<\/a>\n                                                                <\/div>\n                        <\/div>\n                    <\/div>\n                                <div class=\"tile-item tile-item--svg\">\n                    <svg width=\"255\" height=\"288\" viewBox=\"0 0 255 288\" fill=\"none\" xmlns=\"http:\/\/www.w3.org\/2000\/svg\">\n<g clip-path=\"url(#clip0_390_80369)\">\n<path d=\"M255 88C255 198.457 165.457 288 55 288L-3.05176e-05 288L-5.33982e-06 8.22477e-06L255 3.05176e-05L255 88Z\" fill=\"#1E5BFA\"\/>\n<g filter=\"url(#filter0_f_390_80369)\">\n<circle cx=\"-51\" cy=\"262\" r=\"218\" fill=\"#44EDF8\" fill-opacity=\"0.56\"\/>\n<\/g>\n<\/g>\n<defs>\n<filter id=\"filter0_f_390_80369\" x=\"-569\" y=\"-256\" width=\"1036\" height=\"1036\" filterUnits=\"userSpaceOnUse\" color-interpolation-filters=\"sRGB\">\n<feFlood flood-opacity=\"0\" result=\"BackgroundImageFix\"\/>\n<feBlend mode=\"normal\" in=\"SourceGraphic\" in2=\"BackgroundImageFix\" result=\"shape\"\/>\n<feGaussianBlur stdDeviation=\"150\" result=\"effect1_foregroundBlur_390_80369\"\/>\n<\/filter>\n<clipPath id=\"clip0_390_80369\">\n<path d=\"M255 88C255 198.457 165.457 288 55 288L-3.05176e-05 288L-5.33982e-06 8.22477e-06L255 3.05176e-05L255 88Z\" fill=\"white\"\/>\n<\/clipPath>\n<\/defs>\n<\/svg>\n\n                <\/div>\n            <\/div>\n            <\/div>\n<\/section>\n","protected":false},"excerpt":{"rendered":"","protected":false},"author":5,"featured_media":0,"parent":0,"menu_order":0,"comment_status":"closed","ping_status":"closed","template":"","meta":{"_acf_changed":false,"inline_featured_image":false,"footnotes":""},"class_list":["post-9282","page","type-page","status-publish","hentry"],"acf":[],"yoast_head":"<!-- This site is optimized with the Yoast SEO plugin v27.2 - https:\/\/yoast.com\/product\/yoast-seo-wordpress\/ -->\n<title>Premios\/Certificaciones - Therefore<\/title>\n<meta name=\"description\" content=\"Therefore\u2122 software ha recibido numerosos premios y certificaciones en gesti\u00f3n de la informaci\u00f3n. Desde premios a la plataforma m\u00e1s destacada\" \/>\n<meta name=\"robots\" content=\"index, follow, max-snippet:-1, max-image-preview:large, max-video-preview:-1\" \/>\n<link rel=\"canonical\" href=\"https:\/\/therefore.net\/es\/premios-certificaciones\/\" \/>\n<script type=\"application\/ld+json\" class=\"yoast-schema-graph\">{\"@context\":\"https:\/\/schema.org\",\"@graph\":[{\"@type\":\"WebPage\",\"@id\":\"https:\/\/therefore.net\/es\/premios-certificaciones\/\",\"url\":\"https:\/\/therefore.net\/es\/premios-certificaciones\/\",\"name\":\"Premios\/Certificaciones - Therefore\",\"isPartOf\":{\"@id\":\"https:\/\/therefore.net\/es\/#website\"},\"datePublished\":\"2022-08-03T20:36:53+00:00\",\"dateModified\":\"2026-01-02T22:52:50+00:00\",\"description\":\"Therefore\u2122 software ha recibido numerosos premios y certificaciones en gesti\u00f3n de la informaci\u00f3n. Desde premios a la plataforma m\u00e1s destacada\",\"breadcrumb\":{\"@id\":\"https:\/\/therefore.net\/es\/premios-certificaciones\/#breadcrumb\"},\"inLanguage\":\"es-ES\",\"potentialAction\":[{\"@type\":\"ReadAction\",\"target\":[\"https:\/\/therefore.net\/es\/premios-certificaciones\/\"]}]},{\"@type\":\"BreadcrumbList\",\"@id\":\"https:\/\/therefore.net\/es\/premios-certificaciones\/#breadcrumb\",\"itemListElement\":[{\"@type\":\"ListItem\",\"position\":1,\"name\":\"Home\",\"item\":\"https:\/\/therefore.net\/es\/\"},{\"@type\":\"ListItem\",\"position\":2,\"name\":\"Premios\/Certificaciones\"}]},{\"@type\":\"WebSite\",\"@id\":\"https:\/\/therefore.net\/es\/#website\",\"url\":\"https:\/\/therefore.net\/es\/\",\"name\":\"Therefore\",\"description\":\"\",\"publisher\":{\"@id\":\"https:\/\/therefore.net\/es\/#organization\"},\"potentialAction\":[{\"@type\":\"SearchAction\",\"target\":{\"@type\":\"EntryPoint\",\"urlTemplate\":\"https:\/\/therefore.net\/es\/?s={search_term_string}\"},\"query-input\":{\"@type\":\"PropertyValueSpecification\",\"valueRequired\":true,\"valueName\":\"search_term_string\"}}],\"inLanguage\":\"es-ES\"},{\"@type\":\"Organization\",\"@id\":\"https:\/\/therefore.net\/es\/#organization\",\"name\":\"Therefore\",\"url\":\"https:\/\/therefore.net\/es\/\",\"logo\":{\"@type\":\"ImageObject\",\"inLanguage\":\"es-ES\",\"@id\":\"https:\/\/therefore.net\/es\/#\/schema\/logo\/image\/\",\"url\":\"https:\/\/therefore.net\/wp\/..\/app\/uploads\/2022\/04\/logo.png\",\"contentUrl\":\"https:\/\/therefore.net\/wp\/..\/app\/uploads\/2022\/04\/logo.png\",\"width\":176,\"height\":48,\"caption\":\"Therefore\"},\"image\":{\"@id\":\"https:\/\/therefore.net\/es\/#\/schema\/logo\/image\/\"},\"sameAs\":[\"https:\/\/www.linkedin.com\/company\/therefore-corporation\/\",\"https:\/\/www.youtube.com\/user\/ThereforeTV\"]}]}<\/script>\n<!-- \/ Yoast SEO plugin. -->","yoast_head_json":{"title":"Premios\/Certificaciones - Therefore","description":"Therefore\u2122 software ha recibido numerosos premios y certificaciones en gesti\u00f3n de la informaci\u00f3n. Desde premios a la plataforma m\u00e1s destacada","robots":{"index":"index","follow":"follow","max-snippet":"max-snippet:-1","max-image-preview":"max-image-preview:large","max-video-preview":"max-video-preview:-1"},"canonical":"https:\/\/therefore.net\/es\/premios-certificaciones\/","schema":{"@context":"https:\/\/schema.org","@graph":[{"@type":"WebPage","@id":"https:\/\/therefore.net\/es\/premios-certificaciones\/","url":"https:\/\/therefore.net\/es\/premios-certificaciones\/","name":"Premios\/Certificaciones - Therefore","isPartOf":{"@id":"https:\/\/therefore.net\/es\/#website"},"datePublished":"2022-08-03T20:36:53+00:00","dateModified":"2026-01-02T22:52:50+00:00","description":"Therefore\u2122 software ha recibido numerosos premios y certificaciones en gesti\u00f3n de la informaci\u00f3n. Desde premios a la plataforma m\u00e1s destacada","breadcrumb":{"@id":"https:\/\/therefore.net\/es\/premios-certificaciones\/#breadcrumb"},"inLanguage":"es-ES","potentialAction":[{"@type":"ReadAction","target":["https:\/\/therefore.net\/es\/premios-certificaciones\/"]}]},{"@type":"BreadcrumbList","@id":"https:\/\/therefore.net\/es\/premios-certificaciones\/#breadcrumb","itemListElement":[{"@type":"ListItem","position":1,"name":"Home","item":"https:\/\/therefore.net\/es\/"},{"@type":"ListItem","position":2,"name":"Premios\/Certificaciones"}]},{"@type":"WebSite","@id":"https:\/\/therefore.net\/es\/#website","url":"https:\/\/therefore.net\/es\/","name":"Therefore","description":"","publisher":{"@id":"https:\/\/therefore.net\/es\/#organization"},"potentialAction":[{"@type":"SearchAction","target":{"@type":"EntryPoint","urlTemplate":"https:\/\/therefore.net\/es\/?s={search_term_string}"},"query-input":{"@type":"PropertyValueSpecification","valueRequired":true,"valueName":"search_term_string"}}],"inLanguage":"es-ES"},{"@type":"Organization","@id":"https:\/\/therefore.net\/es\/#organization","name":"Therefore","url":"https:\/\/therefore.net\/es\/","logo":{"@type":"ImageObject","inLanguage":"es-ES","@id":"https:\/\/therefore.net\/es\/#\/schema\/logo\/image\/","url":"https:\/\/therefore.net\/wp\/..\/app\/uploads\/2022\/04\/logo.png","contentUrl":"https:\/\/therefore.net\/wp\/..\/app\/uploads\/2022\/04\/logo.png","width":176,"height":48,"caption":"Therefore"},"image":{"@id":"https:\/\/therefore.net\/es\/#\/schema\/logo\/image\/"},"sameAs":["https:\/\/www.linkedin.com\/company\/therefore-corporation\/","https:\/\/www.youtube.com\/user\/ThereforeTV"]}]}},"_links":{"self":[{"href":"https:\/\/therefore.net\/es\/wp-json\/wp\/v2\/pages\/9282","targetHints":{"allow":["GET"]}}],"collection":[{"href":"https:\/\/therefore.net\/es\/wp-json\/wp\/v2\/pages"}],"about":[{"href":"https:\/\/therefore.net\/es\/wp-json\/wp\/v2\/types\/page"}],"author":[{"embeddable":true,"href":"https:\/\/therefore.net\/es\/wp-json\/wp\/v2\/users\/5"}],"replies":[{"embeddable":true,"href":"https:\/\/therefore.net\/es\/wp-json\/wp\/v2\/comments?post=9282"}],"version-history":[{"count":6,"href":"https:\/\/therefore.net\/es\/wp-json\/wp\/v2\/pages\/9282\/revisions"}],"predecessor-version":[{"id":10525,"href":"https:\/\/therefore.net\/es\/wp-json\/wp\/v2\/pages\/9282\/revisions\/10525"}],"wp:attachment":[{"href":"https:\/\/therefore.net\/es\/wp-json\/wp\/v2\/media?parent=9282"}],"curies":[{"name":"wp","href":"https:\/\/api.w.org\/{rel}","templated":true}]}}