{"id":9288,"date":"2023-04-04T19:36:17","date_gmt":"2023-04-04T17:36:17","guid":{"rendered":"https:\/\/therefore.net\/seminarios-web\/"},"modified":"2025-03-06T13:35:02","modified_gmt":"2025-03-06T12:35:02","slug":"seminarios-web","status":"publish","type":"page","link":"https:\/\/therefore.net\/es\/seminarios-web\/","title":{"rendered":"Seminarios web"},"content":{"rendered":"<section class=\"custom-block left-image-right-text\">\n    <div class=\"container  left-image-right-text__container\">\n        <div class=\"left-image-right-text__inner\">\n            <div class=\"left-image-right-text__image-wrapper\">\n                                    <img fetchpriority=\"high\" decoding=\"async\" width=\"1410\" height=\"880\" src=\"https:\/\/therefore.net\/wp\/..\/app\/uploads\/2023\/09\/Untitled-design-4.png\" class=\"attachment-full size-full\" alt=\"Un port\u00e1til sobre un escritorio blanco muestra una diapositiva de un seminario web titulada &quot;El poder de Therefore Workflow&quot; con fotos de dos ponentes. El escritorio contiene materiales de arte, una planta y un maniqu\u00ed de madera.\" loading=\"eager\" srcset=\"https:\/\/therefore.net\/wp\/..\/app\/uploads\/2023\/09\/Untitled-design-4.png 1410w, https:\/\/therefore.net\/wp\/..\/app\/uploads\/2023\/09\/Untitled-design-4-300x187.png 300w, https:\/\/therefore.net\/wp\/..\/app\/uploads\/2023\/09\/Untitled-design-4-1024x639.png 1024w, https:\/\/therefore.net\/wp\/..\/app\/uploads\/2023\/09\/Untitled-design-4-768x479.png 768w\" sizes=\"(max-width: 1410px) 100vw, 1410px\" \/>\n                            <\/div>\n            <div class=\"left-image-right-text__text-wrapper\">\n                <h2 class=\"left-image-right-text__title\">\n                    Therefore\u2122 Webinar Series\n                <\/h2>\n                <div class=\"left-image-right-text__text\"><div class=\"wpb_column vc_column_container vc_col-sm-9\"><br \/>\r\n<div class=\"vc_column-inner\"><br \/>\r\n<div class=\"wpb_wrapper\"><br \/>\r\n<div class=\"wpb_text_column wpb_content_element margin_bottom_35\"><br \/>\r\n<div class=\"wpb_wrapper\"><br \/>\r\n<br \/>\r\n\u00bfLe interesa obtener m\u00e1s informaci\u00f3n sobre Therefore\u2122? Participe en nuestros seminarios web gratuitos programados peri\u00f3dicamente para ver c\u00f3mo las soluciones de gesti\u00f3n de la informaci\u00f3n de Therefore\u2122 pueden ayudar a su organizaci\u00f3n.<br \/>\r\n<br \/>\r\n<\/div><br \/>\r\n<\/div><br \/>\r\n<\/div><br \/>\r\n<\/div><br \/>\r\n<\/div><\/div>\n                            <\/div>\n        <\/div>\n    <\/div>\n<\/section>\n\n\n<div class=\"custom-block simple-paragraph\">\n    <div class=\"container\">\n        <div class=\"blog-post__content blog-post__content--wide\">\n            <h3 style=\"text-align: center;\">Para ver los pr\u00f3ximos seminarios web en ingl\u00e9s, cambie el idioma de esta p\u00e1gina a ingl\u00e9s.<\/h3>\n\n        <\/div>\n\n            <\/div>\n<\/div>\n\n\n\n<div class=\"custom-block simple-paragraph\">\n    <div class=\"container\">\n        <div class=\"blog-post__content blog-post__content--wide\">\n            <h1 style=\"text-align: center;\">\u00daltimos seminarios en l\u00ednea<\/h1>\n\n        <\/div>\n\n            <\/div>\n<\/div>\n\n\n\n<section class=\"custom-block hero-slider\">\n    <div class=\"hero-slider swiper-container\" data-timer=\"5000\">\n        <div class=\"swiper-wrapper swiper-wrapper--p-t\">\n                                                        <div class=\"swiper-slide\" data-swiper-autoplay=\"5000\">\n                    <div class=\"container hero-slider__container\">\n                        <div class=\"hero-slider__slide\">\n                            <div class=\"hero-slider__slide-left\">\n                                <h2 class=\"hero-slider__title\">\n                                    Therefore\u2122 Admin Power\n                                <\/h2>\n                                <p class=\"hero-slider__text text-light\">\n                                    Este seminario web abarca las tareas y funciones administrativas que cubren todo el \u00e1mbito del sistema Therefore\u2122, centr\u00e1ndose en proporcionar consejos y trucos pr\u00e1cticos a quienes ya tienen experiencia con las tareas administrativas b\u00e1sicas.\n                                <\/p>\n                                                                <a class=\"main-button main-button--with-arrow\" target=\"_blank\"\n                                    href=\"https:\/\/www.youtube.com\/watch?v=9jwN_aFVOu0\">View webinar<\/a>\n                                                            <\/div>\n                                                        <div class=\"hero-slider__slide-right\">\n                                <img decoding=\"async\" width=\"1600\" height=\"1300\" src=\"https:\/\/therefore.net\/wp\/..\/app\/uploads\/2024\/10\/Admin-Power-Cover-Small.png\" class=\"attachment-full size-full\" alt=\"Banner para &quot;Therefore Webinars: Therefore Admin Power&quot; con un peque\u00f1o retrato de una mujer sonriente llamada Jennifer Schmitt. El fondo tiene sutiles patrones hexagonales.\" loading=\"eager\" srcset=\"https:\/\/therefore.net\/wp\/..\/app\/uploads\/2024\/10\/Admin-Power-Cover-Small.png 1600w, https:\/\/therefore.net\/wp\/..\/app\/uploads\/2024\/10\/Admin-Power-Cover-Small-300x244.png 300w, https:\/\/therefore.net\/wp\/..\/app\/uploads\/2024\/10\/Admin-Power-Cover-Small-1024x832.png 1024w, https:\/\/therefore.net\/wp\/..\/app\/uploads\/2024\/10\/Admin-Power-Cover-Small-768x624.png 768w, https:\/\/therefore.net\/wp\/..\/app\/uploads\/2024\/10\/Admin-Power-Cover-Small-1536x1248.png 1536w\" sizes=\"(max-width: 1600px) 100vw, 1600px\" \/>\n                            <\/div>\n                                                    <\/div>\n                    <\/div>\n                <\/div>\n                                            <div class=\"swiper-slide\" data-swiper-autoplay=\"5000\">\n                    <div class=\"container hero-slider__container\">\n                        <div class=\"hero-slider__slide\">\n                            <div class=\"hero-slider__slide-left\">\n                                <h2 class=\"hero-slider__title\">\n                                    The Power of Therefore\u2122 Workflow\n                                <\/h2>\n                                <p class=\"hero-slider__text text-light\">\n                                    Nuestro seminario web sobre La potencia de Therefore\u2122 Workflow profundiza en c\u00f3mo Therefore\u2122 Workflow puede ayudar a su empresa.\n                                <\/p>\n                                                                <a class=\"main-button main-button--with-arrow\" target=\"_blank\"\n                                    href=\"https:\/\/www.youtube.com\/watch?v=sYQyXoDJ9Dc\">View webinar<\/a>\n                                                            <\/div>\n                                                        <div class=\"hero-slider__slide-right\">\n                                <img decoding=\"async\" width=\"1600\" height=\"1300\" src=\"https:\/\/therefore.net\/wp\/..\/app\/uploads\/2024\/10\/Workflow-Cover-Small.png\" class=\"attachment-full size-full\" alt=\"Imagen promocional de Therefore Webinars con el texto &quot;The Power of Therefore Workflow&quot;, fotos de Cono Fusco y Jennifer Schmitt, y un distintivo &quot;Top Rated Software Reviews&quot; en la esquina superior derecha.\" loading=\"eager\" srcset=\"https:\/\/therefore.net\/wp\/..\/app\/uploads\/2024\/10\/Workflow-Cover-Small.png 1600w, https:\/\/therefore.net\/wp\/..\/app\/uploads\/2024\/10\/Workflow-Cover-Small-300x244.png 300w, https:\/\/therefore.net\/wp\/..\/app\/uploads\/2024\/10\/Workflow-Cover-Small-1024x832.png 1024w, https:\/\/therefore.net\/wp\/..\/app\/uploads\/2024\/10\/Workflow-Cover-Small-768x624.png 768w, https:\/\/therefore.net\/wp\/..\/app\/uploads\/2024\/10\/Workflow-Cover-Small-1536x1248.png 1536w\" sizes=\"(max-width: 1600px) 100vw, 1600px\" \/>\n                            <\/div>\n                                                    <\/div>\n                    <\/div>\n                <\/div>\n                                            <div class=\"swiper-slide\" data-swiper-autoplay=\"5000\">\n                    <div class=\"container hero-slider__container\">\n                        <div class=\"hero-slider__slide\">\n                            <div class=\"hero-slider__slide-left\">\n                                <h2 class=\"hero-slider__title\">\n                                    Therefore\u2122 eForms Basics\n                                <\/h2>\n                                <p class=\"hero-slider__text text-light\">\n                                    Aprenda a utilizar Therefore\u2122 eForms, config\u00farelos desde cero y comp\u00e1rtalos con usuarios de dentro o fuera de su organizaci\u00f3n.\n                                <\/p>\n                                                                <a class=\"main-button main-button--with-arrow\" target=\"_blank\"\n                                    href=\"https:\/\/www.youtube.com\/watch?v=Y6QbLfeRX3Q\">View webinar<\/a>\n                                                            <\/div>\n                                                        <div class=\"hero-slider__slide-right\">\n                                <img decoding=\"async\" width=\"1600\" height=\"1300\" src=\"https:\/\/therefore.net\/wp\/..\/app\/uploads\/2024\/10\/eForms-Cover-Small.png\" class=\"attachment-full size-full\" alt=\"Gr\u00e1fico promocional para &quot;Por lo tanto Webinars: eForms Basics Webinar&quot; que ofrece un headshot de una mujer sonriente etiquetada Jennifer Schmitt, con un fondo blanco y patrones hexagonales ligeros.\" loading=\"eager\" srcset=\"https:\/\/therefore.net\/wp\/..\/app\/uploads\/2024\/10\/eForms-Cover-Small.png 1600w, https:\/\/therefore.net\/wp\/..\/app\/uploads\/2024\/10\/eForms-Cover-Small-300x244.png 300w, https:\/\/therefore.net\/wp\/..\/app\/uploads\/2024\/10\/eForms-Cover-Small-1024x832.png 1024w, https:\/\/therefore.net\/wp\/..\/app\/uploads\/2024\/10\/eForms-Cover-Small-768x624.png 768w, https:\/\/therefore.net\/wp\/..\/app\/uploads\/2024\/10\/eForms-Cover-Small-1536x1248.png 1536w\" sizes=\"(max-width: 1600px) 100vw, 1600px\" \/>\n                            <\/div>\n                                                    <\/div>\n                    <\/div>\n                <\/div>\n                                            <div class=\"swiper-slide\" data-swiper-autoplay=\"5000\">\n                    <div class=\"container hero-slider__container\">\n                        <div class=\"hero-slider__slide\">\n                            <div class=\"hero-slider__slide-left\">\n                                <h2 class=\"hero-slider__title\">\n                                    Information Security with Therefore\u2122\n                                <\/h2>\n                                <p class=\"hero-slider__text text-light\">\n                                    La seguridad es la piedra angular de cualquier estrategia de gesti\u00f3n de la informaci\u00f3n. En este seminario web veremos c\u00f3mo Therefore\u2122 le ayuda a mantener su informaci\u00f3n segura. \n                                <\/p>\n                                                                <a class=\"main-button main-button--with-arrow\" target=\"_blank\"\n                                    href=\"https:\/\/www.youtube.com\/watch?v=MeHLHH4RVXo\">View webinar<\/a>\n                                                            <\/div>\n                                                        <div class=\"hero-slider__slide-right\">\n                                <img decoding=\"async\" width=\"1600\" height=\"1300\" src=\"https:\/\/therefore.net\/wp\/..\/app\/uploads\/2024\/10\/Security-Cover-Small.png\" class=\"attachment-full size-full\" alt=\"Banner promocional de un seminario web de Therefore titulado &quot;Information Security with Therefore\u2122&quot; en el que aparece una peque\u00f1a foto de un hombre etiquetado como Cono Fusco, Head of Digital Pre-Sales &amp; Engagement.\" loading=\"eager\" srcset=\"https:\/\/therefore.net\/wp\/..\/app\/uploads\/2024\/10\/Security-Cover-Small.png 1600w, https:\/\/therefore.net\/wp\/..\/app\/uploads\/2024\/10\/Security-Cover-Small-300x244.png 300w, https:\/\/therefore.net\/wp\/..\/app\/uploads\/2024\/10\/Security-Cover-Small-1024x832.png 1024w, https:\/\/therefore.net\/wp\/..\/app\/uploads\/2024\/10\/Security-Cover-Small-768x624.png 768w, https:\/\/therefore.net\/wp\/..\/app\/uploads\/2024\/10\/Security-Cover-Small-1536x1248.png 1536w\" sizes=\"(max-width: 1600px) 100vw, 1600px\" \/>\n                            <\/div>\n                                                    <\/div>\n                    <\/div>\n                <\/div>\n                                <\/div>\n        <div class=\"swiper-pagination\"><\/div>\n    <\/div>\n<\/section>\n","protected":false},"excerpt":{"rendered":"","protected":false},"author":5,"featured_media":0,"parent":0,"menu_order":0,"comment_status":"closed","ping_status":"closed","template":"","meta":{"_acf_changed":false,"inline_featured_image":false,"footnotes":""},"class_list":["post-9288","page","type-page","status-publish","hentry"],"acf":[],"yoast_head":"<!-- This site is optimized with the Yoast SEO plugin v27.4 - https:\/\/yoast.com\/product\/yoast-seo-wordpress\/ -->\n<title>Serie de seminarios web Therefore<\/title>\n<meta name=\"description\" content=\"\u00danase a nuestra serie de seminarios web gratuitos programados peri\u00f3dicamente para ver c\u00f3mo las soluciones de gesti\u00f3n de la informaci\u00f3n de Therefore\u2122 pueden ayudar a su organizaci\u00f3n.\" \/>\n<meta name=\"robots\" content=\"index, follow, max-snippet:-1, max-image-preview:large, max-video-preview:-1\" \/>\n<link rel=\"canonical\" href=\"https:\/\/therefore.net\/es\/seminarios-web\/\" \/>\n<script type=\"application\/ld+json\" class=\"yoast-schema-graph\">{\"@context\":\"https:\\\/\\\/schema.org\",\"@graph\":[{\"@type\":\"WebPage\",\"@id\":\"https:\\\/\\\/therefore.net\\\/es\\\/seminarios-web\\\/\",\"url\":\"https:\\\/\\\/therefore.net\\\/es\\\/seminarios-web\\\/\",\"name\":\"Serie de seminarios web Therefore\",\"isPartOf\":{\"@id\":\"https:\\\/\\\/therefore.net\\\/es\\\/#website\"},\"datePublished\":\"2023-04-04T17:36:17+00:00\",\"dateModified\":\"2025-03-06T12:35:02+00:00\",\"description\":\"\u00danase a nuestra serie de seminarios web gratuitos programados peri\u00f3dicamente para ver c\u00f3mo las soluciones de gesti\u00f3n de la informaci\u00f3n de Therefore\u2122 pueden ayudar a su organizaci\u00f3n.\",\"breadcrumb\":{\"@id\":\"https:\\\/\\\/therefore.net\\\/es\\\/seminarios-web\\\/#breadcrumb\"},\"inLanguage\":\"es-ES\",\"potentialAction\":[{\"@type\":\"ReadAction\",\"target\":[\"https:\\\/\\\/therefore.net\\\/es\\\/seminarios-web\\\/\"]}]},{\"@type\":\"BreadcrumbList\",\"@id\":\"https:\\\/\\\/therefore.net\\\/es\\\/seminarios-web\\\/#breadcrumb\",\"itemListElement\":[{\"@type\":\"ListItem\",\"position\":1,\"name\":\"Home\",\"item\":\"https:\\\/\\\/therefore.net\\\/es\\\/\"},{\"@type\":\"ListItem\",\"position\":2,\"name\":\"Seminarios web\"}]},{\"@type\":\"WebSite\",\"@id\":\"https:\\\/\\\/therefore.net\\\/es\\\/#website\",\"url\":\"https:\\\/\\\/therefore.net\\\/es\\\/\",\"name\":\"Therefore\",\"description\":\"\",\"publisher\":{\"@id\":\"https:\\\/\\\/therefore.net\\\/es\\\/#organization\"},\"potentialAction\":[{\"@type\":\"SearchAction\",\"target\":{\"@type\":\"EntryPoint\",\"urlTemplate\":\"https:\\\/\\\/therefore.net\\\/es\\\/?s={search_term_string}\"},\"query-input\":{\"@type\":\"PropertyValueSpecification\",\"valueRequired\":true,\"valueName\":\"search_term_string\"}}],\"inLanguage\":\"es-ES\"},{\"@type\":\"Organization\",\"@id\":\"https:\\\/\\\/therefore.net\\\/es\\\/#organization\",\"name\":\"Therefore\",\"url\":\"https:\\\/\\\/therefore.net\\\/es\\\/\",\"logo\":{\"@type\":\"ImageObject\",\"inLanguage\":\"es-ES\",\"@id\":\"https:\\\/\\\/therefore.net\\\/es\\\/#\\\/schema\\\/logo\\\/image\\\/\",\"url\":\"https:\\\/\\\/therefore.net\\\/wp\\\/..\\\/app\\\/uploads\\\/2022\\\/04\\\/logo.png\",\"contentUrl\":\"https:\\\/\\\/therefore.net\\\/wp\\\/..\\\/app\\\/uploads\\\/2022\\\/04\\\/logo.png\",\"width\":176,\"height\":48,\"caption\":\"Therefore\"},\"image\":{\"@id\":\"https:\\\/\\\/therefore.net\\\/es\\\/#\\\/schema\\\/logo\\\/image\\\/\"},\"sameAs\":[\"https:\\\/\\\/www.linkedin.com\\\/company\\\/therefore-corporation\\\/\",\"https:\\\/\\\/www.youtube.com\\\/user\\\/ThereforeTV\"]}]}<\/script>\n<!-- \/ Yoast SEO plugin. -->","yoast_head_json":{"title":"Serie de seminarios web Therefore","description":"\u00danase a nuestra serie de seminarios web gratuitos programados peri\u00f3dicamente para ver c\u00f3mo las soluciones de gesti\u00f3n de la informaci\u00f3n de Therefore\u2122 pueden ayudar a su organizaci\u00f3n.","robots":{"index":"index","follow":"follow","max-snippet":"max-snippet:-1","max-image-preview":"max-image-preview:large","max-video-preview":"max-video-preview:-1"},"canonical":"https:\/\/therefore.net\/es\/seminarios-web\/","schema":{"@context":"https:\/\/schema.org","@graph":[{"@type":"WebPage","@id":"https:\/\/therefore.net\/es\/seminarios-web\/","url":"https:\/\/therefore.net\/es\/seminarios-web\/","name":"Serie de seminarios web Therefore","isPartOf":{"@id":"https:\/\/therefore.net\/es\/#website"},"datePublished":"2023-04-04T17:36:17+00:00","dateModified":"2025-03-06T12:35:02+00:00","description":"\u00danase a nuestra serie de seminarios web gratuitos programados peri\u00f3dicamente para ver c\u00f3mo las soluciones de gesti\u00f3n de la informaci\u00f3n de Therefore\u2122 pueden ayudar a su organizaci\u00f3n.","breadcrumb":{"@id":"https:\/\/therefore.net\/es\/seminarios-web\/#breadcrumb"},"inLanguage":"es-ES","potentialAction":[{"@type":"ReadAction","target":["https:\/\/therefore.net\/es\/seminarios-web\/"]}]},{"@type":"BreadcrumbList","@id":"https:\/\/therefore.net\/es\/seminarios-web\/#breadcrumb","itemListElement":[{"@type":"ListItem","position":1,"name":"Home","item":"https:\/\/therefore.net\/es\/"},{"@type":"ListItem","position":2,"name":"Seminarios web"}]},{"@type":"WebSite","@id":"https:\/\/therefore.net\/es\/#website","url":"https:\/\/therefore.net\/es\/","name":"Therefore","description":"","publisher":{"@id":"https:\/\/therefore.net\/es\/#organization"},"potentialAction":[{"@type":"SearchAction","target":{"@type":"EntryPoint","urlTemplate":"https:\/\/therefore.net\/es\/?s={search_term_string}"},"query-input":{"@type":"PropertyValueSpecification","valueRequired":true,"valueName":"search_term_string"}}],"inLanguage":"es-ES"},{"@type":"Organization","@id":"https:\/\/therefore.net\/es\/#organization","name":"Therefore","url":"https:\/\/therefore.net\/es\/","logo":{"@type":"ImageObject","inLanguage":"es-ES","@id":"https:\/\/therefore.net\/es\/#\/schema\/logo\/image\/","url":"https:\/\/therefore.net\/wp\/..\/app\/uploads\/2022\/04\/logo.png","contentUrl":"https:\/\/therefore.net\/wp\/..\/app\/uploads\/2022\/04\/logo.png","width":176,"height":48,"caption":"Therefore"},"image":{"@id":"https:\/\/therefore.net\/es\/#\/schema\/logo\/image\/"},"sameAs":["https:\/\/www.linkedin.com\/company\/therefore-corporation\/","https:\/\/www.youtube.com\/user\/ThereforeTV"]}]}},"_links":{"self":[{"href":"https:\/\/therefore.net\/es\/wp-json\/wp\/v2\/pages\/9288","targetHints":{"allow":["GET"]}}],"collection":[{"href":"https:\/\/therefore.net\/es\/wp-json\/wp\/v2\/pages"}],"about":[{"href":"https:\/\/therefore.net\/es\/wp-json\/wp\/v2\/types\/page"}],"author":[{"embeddable":true,"href":"https:\/\/therefore.net\/es\/wp-json\/wp\/v2\/users\/5"}],"replies":[{"embeddable":true,"href":"https:\/\/therefore.net\/es\/wp-json\/wp\/v2\/comments?post=9288"}],"version-history":[{"count":2,"href":"https:\/\/therefore.net\/es\/wp-json\/wp\/v2\/pages\/9288\/revisions"}],"predecessor-version":[{"id":9291,"href":"https:\/\/therefore.net\/es\/wp-json\/wp\/v2\/pages\/9288\/revisions\/9291"}],"wp:attachment":[{"href":"https:\/\/therefore.net\/es\/wp-json\/wp\/v2\/media?parent=9288"}],"curies":[{"name":"wp","href":"https:\/\/api.w.org\/{rel}","templated":true}]}}