{"id":9293,"date":"2023-05-05T20:57:30","date_gmt":"2023-05-05T18:57:30","guid":{"rendered":"https:\/\/therefore.net\/premios-certificaciones\/premios-datamaster\/"},"modified":"2025-03-06T13:59:23","modified_gmt":"2025-03-06T12:59:23","slug":"premios-datamaster","status":"publish","type":"page","link":"https:\/\/therefore.net\/es\/premios-certificaciones\/premios-datamaster\/","title":{"rendered":"Premios DataMaster"},"content":{"rendered":"<section class=\"custom-block left-image-right-text-long\">\n    <div class=\"container  left-image-right-text-long__container\">\n        <div class=\"left-image-right-text-long__inner\">\n            <div class=\"left-image-right-text-long__image-wrapper\">\n                                    <img decoding=\"async\" width=\"1030\" height=\"687\" src=\"https:\/\/therefore.net\/wp\/..\/app\/uploads\/2022\/07\/GED-Award.png\" class=\"attachment-full size-full\" alt=\"Therefore\u2122 has won two awards by DataMaster Lab: The left gold badge honors &quot;Best Solution for HR Department Administration and Management,&quot; while the right silver and blue badge recognizes &quot;Outstanding ECM 2022 for SMB and Mid-sized.\" srcset=\"https:\/\/therefore.net\/wp\/..\/app\/uploads\/2022\/07\/GED-Award.png 1030w, https:\/\/therefore.net\/wp\/..\/app\/uploads\/2022\/07\/GED-Award-300x200.png 300w, https:\/\/therefore.net\/wp\/..\/app\/uploads\/2022\/07\/GED-Award-1024x683.png 1024w, https:\/\/therefore.net\/wp\/..\/app\/uploads\/2022\/07\/GED-Award-768x512.png 768w\" sizes=\"(max-width: 1030px) 100vw, 1030px\" \/>\n                            <\/div>\n            <div class=\"left-image-right-text-long__text-wrapper\">\n                <h2 class=\"left-image-right-text-long__title\">\n                    Therefore\u2122 gana los premios DataMaster a la mejor soluci\u00f3n de RRHH y a la soluci\u00f3n ECM m\u00e1s destacada<br \/>\r\n\n                <\/h2>\n                <div class=\"left-image-right-text-long__text\">\n                    <p>Therefore\u2122 ha ganado dos premios de DataMaster Lab, un laboratorio de pruebas franc\u00e9s independiente para m\u00e1quinas de oficina y soluciones de software. Las soluciones Therefore\u2122 se sometieron a un exhaustivo an\u00e1lisis que incluy\u00f3 pruebas pr\u00e1cticas durante varios d\u00edas realizadas por consultores de DataMaster formados en la evaluaci\u00f3n de soluciones ECM.<\/p>\n\n                <\/div>\n                            <\/div>\n        <\/div>\n    <\/div>\n<\/section>\n\n\n\n<section class=\"custom-block video-img-section video-img-section--shape \">\n    <div class=\"container video-img-section__container\">\n\n        <div class=\"video-img-section__row\">\n            <div class=\"video-img-section__media video-img-section__media\">\n                                <div class=\"video-img-section__media__item video-img-section__media__item--image\">\n                                            <img decoding=\"async\" width=\"635\" height=\"317\" src=\"https:\/\/therefore.net\/wp\/..\/app\/uploads\/2023\/05\/GED-Award-635x317-1.png\" class=\"attachment-full size-full\" alt=\"Una insignia circular dorada con &quot;DataMaster GED AWARD&quot; en el centro. En el anillo exterior se lee &quot;MEJOR SOLUCI\u00d3N PARA LA ADMINISTRACI\u00d3N Y GESTI\u00d3N DEL DEPARTAMENTO DE RRHH&quot; en la parte superior y &quot;THEREFORE\u2122 GANA LOS PREMIOS DATAMASTER&quot; en la parte inferior.\" srcset=\"https:\/\/therefore.net\/wp\/..\/app\/uploads\/2023\/05\/GED-Award-635x317-1.png 635w, https:\/\/therefore.net\/wp\/..\/app\/uploads\/2023\/05\/GED-Award-635x317-1-300x150.png 300w\" sizes=\"(max-width: 635px) 100vw, 635px\" \/>\n                                    <\/div>\n                            <\/div>\n\n            <div class=\"video-img-section__content\">\n                                                        <h2 class=\"video-img-section__title\">La mejor soluci\u00f3n para la administraci\u00f3n y gesti\u00f3n de RRHH<\/h2>\n                \n                                    <div class=\"video-img-section__text\"><p>Therefore\u2122 gan\u00f3 el premio DataMaster GED a <strong>la mejor soluci\u00f3n para la administraci\u00f3n y gesti\u00f3n de departamentos de RRHH<\/strong>. Todos los expertos de DatMastera Lab est\u00e1n de acuerdo: Therefore\u2122 es la soluci\u00f3n ECM n\u00ba 1 del mercado para RRHH.<\/p>\n<\/div>\n                            <\/div>\n        <\/div>\n\n\n    <\/div>\n\n<\/section>\n\n\n\n<section class=\"custom-block video-img-section video-img-section--shape video-img-section--reversed\">\n    <div class=\"container video-img-section__container\">\n\n        <div class=\"video-img-section__row\">\n            <div class=\"video-img-section__media video-img-section__media\">\n                                <div class=\"video-img-section__media__item video-img-section__media__item--image\">\n                                            <img decoding=\"async\" width=\"635\" height=\"317\" src=\"https:\/\/therefore.net\/wp\/..\/app\/uploads\/2023\/05\/GED-Award-2-635x317-1.png\" class=\"attachment-full size-full\" alt=\"Insignia circular en la que se lee &quot;Outstanding ECM 2022 for SMB and Mid-Sized&quot; y &quot;Therefore\u2122 gana los premios DataMaster&quot;. El texto central dice &quot;DataMaster GED Award&quot; sobre fondo azul con borde gris.\" srcset=\"https:\/\/therefore.net\/wp\/..\/app\/uploads\/2023\/05\/GED-Award-2-635x317-1.png 635w, https:\/\/therefore.net\/wp\/..\/app\/uploads\/2023\/05\/GED-Award-2-635x317-1-300x150.png 300w\" sizes=\"(max-width: 635px) 100vw, 635px\" \/>\n                                    <\/div>\n                            <\/div>\n\n            <div class=\"video-img-section__content\">\n                                                        <h2 class=\"video-img-section__title\">ECM excepcional para peque\u00f1as y medianas empresas<\/h2>\n                \n                                    <div class=\"video-img-section__text\"><p>Therefore\u2122 tambi\u00e9n gan\u00f3 el premio DataMaster GED al ECM 2022 m\u00e1s destacado para peque\u00f1as y medianas empresas.<\/p>\n<\/div>\n                            <\/div>\n        <\/div>\n\n\n    <\/div>\n\n<\/section>\n\n\n<div class=\"custom-block simple-paragraph\">\n    <div class=\"container\">\n        <div class=\"blog-post__content blog-post__content--wide\">\n            <p><img decoding=\"async\" class=\"size-large wp-image-2951 aligncenter\" src=\"https:\/\/therefore.net\/wp\/..\/app\/uploads\/2023\/05\/DataMasterCertificate-1024x722.png\" alt=\"\" width=\"1024\" height=\"722\" srcset=\"https:\/\/therefore.net\/wp\/..\/app\/uploads\/2023\/05\/DataMasterCertificate-1024x722.png 1024w, https:\/\/therefore.net\/wp\/..\/app\/uploads\/2023\/05\/DataMasterCertificate-300x211.png 300w, https:\/\/therefore.net\/wp\/..\/app\/uploads\/2023\/05\/DataMasterCertificate-768x541.png 768w, https:\/\/therefore.net\/wp\/..\/app\/uploads\/2023\/05\/DataMasterCertificate.png 1237w\" sizes=\"(max-width: 1024px) 100vw, 1024px\" \/><\/p>\n\n        <\/div>\n\n            <\/div>\n<\/div>\n\n\n\n<div class=\"custom-block simple-paragraph\">\n    <div class=\"container\">\n        <div class=\"blog-post__content blog-post__content--wide\">\n            <div class=\"wpb_text_column wpb_content_element vc_custom_1596434695844\">\n<p><strong>\u00bfQu\u00e9 es GED?<\/strong><\/p>\n<p>GED es el acr\u00f3nimo franc\u00e9s de Gestion \u00e9lectronique documentaire, traducido como gesti\u00f3n electr\u00f3nica de documentos en espa\u00f1ol, o el acr\u00f3nimo m\u00e1s com\u00fanmente utilizado ECM.<\/p>\n<p>&nbsp;<\/p>\n<p><strong>Acerca de DataMaster Lab<\/strong><\/p>\n<p>DataMaster Lab es un laboratorio de pruebas independiente con sede cerca de Rennes (Francia). Llevamos probando equipos de impresi\u00f3n y tratamiento de im\u00e1genes de oficina y producci\u00f3n en nuestro propio laboratorio, o en las instalaciones de fabricantes o socios, desde 2009. Tambi\u00e9n analizamos soluciones de software relacionadas (captura de documentos, servicios de contenidos, contabilidad de impresi\u00f3n, follow me, gesti\u00f3n de flotas, web to print, datos variables, ERP de impresi\u00f3n, etc.), as\u00ed como las aplicaciones m\u00e1s sencillas disponibles en muchos equipos de oficina. Nuestro objetivo siempre es identificar las principales caracter\u00edsticas de todos estos productos y evaluar su rendimiento en situaciones empresariales reales.<\/p>\n<p>Obtenga m\u00e1s informaci\u00f3n sobre el laboratorio de pruebas de DataMaster\u00a0<a href=\"https:\/\/www.datamaster.fr\/DATAMASTER_Lab\/labo-benchmark_printer_benchmark_office_market_productivity_print_quality_production_printing_scan_speed_scan_file_size_duplex_print_speed_feature_test_ISO_print_productivity_ISO_IEC_24734_ISO_24735_FCOT_F-en.html\">aqui<\/a>.<\/p>\n<\/div>\n\n        <\/div>\n\n            <\/div>\n<\/div>\n\n","protected":false},"excerpt":{"rendered":"","protected":false},"author":5,"featured_media":0,"parent":9282,"menu_order":0,"comment_status":"closed","ping_status":"closed","template":"","meta":{"_acf_changed":false,"inline_featured_image":false,"footnotes":""},"class_list":["post-9293","page","type-page","status-publish","hentry"],"acf":[],"yoast_head":"<!-- This site is optimized with the Yoast SEO plugin v27.2 - https:\/\/yoast.com\/product\/yoast-seo-wordpress\/ -->\n<title>Therefore\u2122 gana los premios DataMaster<\/title>\n<meta name=\"description\" content=\"Therefore\u2122 gana los premios DataMaster de DataMaster, un laboratorio de pruebas franc\u00e9s independiente para m\u00e1quinas de oficina y soluciones de software.\" \/>\n<meta name=\"robots\" content=\"index, follow, max-snippet:-1, max-image-preview:large, max-video-preview:-1\" \/>\n<link rel=\"canonical\" href=\"https:\/\/therefore.net\/es\/premios-certificaciones\/premios-datamaster\/\" \/>\n<script type=\"application\/ld+json\" class=\"yoast-schema-graph\">{\"@context\":\"https:\/\/schema.org\",\"@graph\":[{\"@type\":\"WebPage\",\"@id\":\"https:\/\/therefore.net\/es\/premios-certificaciones\/premios-datamaster\/\",\"url\":\"https:\/\/therefore.net\/es\/premios-certificaciones\/premios-datamaster\/\",\"name\":\"Therefore\u2122 gana los premios DataMaster\",\"isPartOf\":{\"@id\":\"https:\/\/therefore.net\/es\/#website\"},\"datePublished\":\"2023-05-05T18:57:30+00:00\",\"dateModified\":\"2025-03-06T12:59:23+00:00\",\"description\":\"Therefore\u2122 gana los premios DataMaster de DataMaster, un laboratorio de pruebas franc\u00e9s independiente para m\u00e1quinas de oficina y soluciones de software.\",\"breadcrumb\":{\"@id\":\"https:\/\/therefore.net\/es\/premios-certificaciones\/premios-datamaster\/#breadcrumb\"},\"inLanguage\":\"es-ES\",\"potentialAction\":[{\"@type\":\"ReadAction\",\"target\":[\"https:\/\/therefore.net\/es\/premios-certificaciones\/premios-datamaster\/\"]}]},{\"@type\":\"BreadcrumbList\",\"@id\":\"https:\/\/therefore.net\/es\/premios-certificaciones\/premios-datamaster\/#breadcrumb\",\"itemListElement\":[{\"@type\":\"ListItem\",\"position\":1,\"name\":\"Home\",\"item\":\"https:\/\/therefore.net\/es\/\"},{\"@type\":\"ListItem\",\"position\":2,\"name\":\"Premios\/Certificaciones\",\"item\":\"https:\/\/therefore.net\/es\/premios-certificaciones\/\"},{\"@type\":\"ListItem\",\"position\":3,\"name\":\"Premios DataMaster\"}]},{\"@type\":\"WebSite\",\"@id\":\"https:\/\/therefore.net\/es\/#website\",\"url\":\"https:\/\/therefore.net\/es\/\",\"name\":\"Therefore\",\"description\":\"\",\"publisher\":{\"@id\":\"https:\/\/therefore.net\/es\/#organization\"},\"potentialAction\":[{\"@type\":\"SearchAction\",\"target\":{\"@type\":\"EntryPoint\",\"urlTemplate\":\"https:\/\/therefore.net\/es\/?s={search_term_string}\"},\"query-input\":{\"@type\":\"PropertyValueSpecification\",\"valueRequired\":true,\"valueName\":\"search_term_string\"}}],\"inLanguage\":\"es-ES\"},{\"@type\":\"Organization\",\"@id\":\"https:\/\/therefore.net\/es\/#organization\",\"name\":\"Therefore\",\"url\":\"https:\/\/therefore.net\/es\/\",\"logo\":{\"@type\":\"ImageObject\",\"inLanguage\":\"es-ES\",\"@id\":\"https:\/\/therefore.net\/es\/#\/schema\/logo\/image\/\",\"url\":\"https:\/\/therefore.net\/wp\/..\/app\/uploads\/2022\/04\/logo.png\",\"contentUrl\":\"https:\/\/therefore.net\/wp\/..\/app\/uploads\/2022\/04\/logo.png\",\"width\":176,\"height\":48,\"caption\":\"Therefore\"},\"image\":{\"@id\":\"https:\/\/therefore.net\/es\/#\/schema\/logo\/image\/\"},\"sameAs\":[\"https:\/\/www.linkedin.com\/company\/therefore-corporation\/\",\"https:\/\/www.youtube.com\/user\/ThereforeTV\"]}]}<\/script>\n<!-- \/ Yoast SEO plugin. -->","yoast_head_json":{"title":"Therefore\u2122 gana los premios DataMaster","description":"Therefore\u2122 gana los premios DataMaster de DataMaster, un laboratorio de pruebas franc\u00e9s independiente para m\u00e1quinas de oficina y soluciones de software.","robots":{"index":"index","follow":"follow","max-snippet":"max-snippet:-1","max-image-preview":"max-image-preview:large","max-video-preview":"max-video-preview:-1"},"canonical":"https:\/\/therefore.net\/es\/premios-certificaciones\/premios-datamaster\/","schema":{"@context":"https:\/\/schema.org","@graph":[{"@type":"WebPage","@id":"https:\/\/therefore.net\/es\/premios-certificaciones\/premios-datamaster\/","url":"https:\/\/therefore.net\/es\/premios-certificaciones\/premios-datamaster\/","name":"Therefore\u2122 gana los premios DataMaster","isPartOf":{"@id":"https:\/\/therefore.net\/es\/#website"},"datePublished":"2023-05-05T18:57:30+00:00","dateModified":"2025-03-06T12:59:23+00:00","description":"Therefore\u2122 gana los premios DataMaster de DataMaster, un laboratorio de pruebas franc\u00e9s independiente para m\u00e1quinas de oficina y soluciones de software.","breadcrumb":{"@id":"https:\/\/therefore.net\/es\/premios-certificaciones\/premios-datamaster\/#breadcrumb"},"inLanguage":"es-ES","potentialAction":[{"@type":"ReadAction","target":["https:\/\/therefore.net\/es\/premios-certificaciones\/premios-datamaster\/"]}]},{"@type":"BreadcrumbList","@id":"https:\/\/therefore.net\/es\/premios-certificaciones\/premios-datamaster\/#breadcrumb","itemListElement":[{"@type":"ListItem","position":1,"name":"Home","item":"https:\/\/therefore.net\/es\/"},{"@type":"ListItem","position":2,"name":"Premios\/Certificaciones","item":"https:\/\/therefore.net\/es\/premios-certificaciones\/"},{"@type":"ListItem","position":3,"name":"Premios DataMaster"}]},{"@type":"WebSite","@id":"https:\/\/therefore.net\/es\/#website","url":"https:\/\/therefore.net\/es\/","name":"Therefore","description":"","publisher":{"@id":"https:\/\/therefore.net\/es\/#organization"},"potentialAction":[{"@type":"SearchAction","target":{"@type":"EntryPoint","urlTemplate":"https:\/\/therefore.net\/es\/?s={search_term_string}"},"query-input":{"@type":"PropertyValueSpecification","valueRequired":true,"valueName":"search_term_string"}}],"inLanguage":"es-ES"},{"@type":"Organization","@id":"https:\/\/therefore.net\/es\/#organization","name":"Therefore","url":"https:\/\/therefore.net\/es\/","logo":{"@type":"ImageObject","inLanguage":"es-ES","@id":"https:\/\/therefore.net\/es\/#\/schema\/logo\/image\/","url":"https:\/\/therefore.net\/wp\/..\/app\/uploads\/2022\/04\/logo.png","contentUrl":"https:\/\/therefore.net\/wp\/..\/app\/uploads\/2022\/04\/logo.png","width":176,"height":48,"caption":"Therefore"},"image":{"@id":"https:\/\/therefore.net\/es\/#\/schema\/logo\/image\/"},"sameAs":["https:\/\/www.linkedin.com\/company\/therefore-corporation\/","https:\/\/www.youtube.com\/user\/ThereforeTV"]}]}},"_links":{"self":[{"href":"https:\/\/therefore.net\/es\/wp-json\/wp\/v2\/pages\/9293","targetHints":{"allow":["GET"]}}],"collection":[{"href":"https:\/\/therefore.net\/es\/wp-json\/wp\/v2\/pages"}],"about":[{"href":"https:\/\/therefore.net\/es\/wp-json\/wp\/v2\/types\/page"}],"author":[{"embeddable":true,"href":"https:\/\/therefore.net\/es\/wp-json\/wp\/v2\/users\/5"}],"replies":[{"embeddable":true,"href":"https:\/\/therefore.net\/es\/wp-json\/wp\/v2\/comments?post=9293"}],"version-history":[{"count":3,"href":"https:\/\/therefore.net\/es\/wp-json\/wp\/v2\/pages\/9293\/revisions"}],"predecessor-version":[{"id":9298,"href":"https:\/\/therefore.net\/es\/wp-json\/wp\/v2\/pages\/9293\/revisions\/9298"}],"up":[{"embeddable":true,"href":"https:\/\/therefore.net\/es\/wp-json\/wp\/v2\/pages\/9282"}],"wp:attachment":[{"href":"https:\/\/therefore.net\/es\/wp-json\/wp\/v2\/media?parent=9293"}],"curies":[{"name":"wp","href":"https:\/\/api.w.org\/{rel}","templated":true}]}}