{"id":9299,"date":"2022-08-03T22:12:36","date_gmt":"2022-08-03T20:12:36","guid":{"rendered":"https:\/\/therefore.net\/premios-certificaciones\/premio-bli-pick\/"},"modified":"2025-03-06T14:05:38","modified_gmt":"2025-03-06T13:05:38","slug":"premio-bli-pick","status":"publish","type":"page","link":"https:\/\/therefore.net\/es\/premios-certificaciones\/premio-bli-pick\/","title":{"rendered":"Premio BLI Pick"},"content":{"rendered":"\n<section class=\"custom-block video-img-section video-img-section--shape \">\n    <div class=\"container video-img-section__container\">\n\n        <div class=\"video-img-section__row\">\n            <div class=\"video-img-section__media video-img-section__media\">\n                                <div class=\"video-img-section__media__item video-img-section__media__item--image\">\n                                            <img decoding=\"async\" width=\"920\" height=\"488\" src=\"https:\/\/therefore.net\/wp\/..\/app\/uploads\/2022\/07\/about-opt.jpg\" class=\"attachment-full size-full\" alt=\"Dos personas sentadas ante una gran mesa cubierta de muestras de telas, papeles y materiales de dise\u00f1o, trabajan juntas en un ordenador port\u00e1til en una moderna oficina con grandes ventanales.\" srcset=\"https:\/\/therefore.net\/wp\/..\/app\/uploads\/2022\/07\/about-opt.jpg 920w, https:\/\/therefore.net\/wp\/..\/app\/uploads\/2022\/07\/about-opt-300x159.jpg 300w, https:\/\/therefore.net\/wp\/..\/app\/uploads\/2022\/07\/about-opt-768x407.jpg 768w\" sizes=\"(max-width: 920px) 100vw, 920px\" \/>\n                                    <\/div>\n                            <\/div>\n\n            <div class=\"video-img-section__content\">\n                                                        <h2 class=\"video-img-section__title\">Therefore\u2122 es el ganador de numerosos premios BLI Pick<\/h2>\n                \n                            <\/div>\n        <\/div>\n\n\n    <\/div>\n\n<\/section>\n<div class=\"custom-block simple-paragraph\">\n    <div class=\"container\">\n        <div class=\"blog-post__content blog-post__content--wide\">\n            <div class=\"wpb_text_column wpb_content_element margin_bottom_35\">\n<div class=\"wpb_wrapper\">\n<h1><strong>Acerca de los premios Pick de BLI<\/strong><\/h1>\n<p>&nbsp;<\/p>\n<\/div>\n<\/div>\n<div class=\"wpb_text_column wpb_content_element vc_custom_1520324586771\">\n<div class=\"wpb_wrapper\">\n<p><strong>Con sus premios anuales Pick a las soluciones de tratamiento de im\u00e1genes documentales, BLI otorga un reconocimiento especial a los productos de software que han obtenido los resultados m\u00e1s sobresalientes en las evaluaciones exclusivas de BLI.<\/strong><\/p>\n<\/div>\n<\/div>\n<div class=\"wpb_text_column wpb_content_element vc_custom_1520324702570\">\n<div class=\"wpb_wrapper\">\n<p>Los productos de software enviados para su evaluaci\u00f3n se someten a una revisi\u00f3n pr\u00e1ctica en profundidad que se centra en los atributos clave para el mercado objetivo de una soluci\u00f3n y compara el rendimiento del producto con el de los principales competidores. Los ganadores superan a la competencia en aspectos clave como el conjunto de funciones, la facilidad de uso, la facilidad de administraci\u00f3n, la integraci\u00f3n de software y el valor. En consecuencia, un BLI Pick es un galard\u00f3n ganado a pulso en el que los compradores y directores de TI pueden confiar para orientarse mejor en sus decisiones de adquisici\u00f3n.<\/p>\n<\/div>\n<\/div>\n\n        <\/div>\n\n            <\/div>\n<\/div>\n\n<div class=\"custom-block simple-paragraph\">\n    <div class=\"container\">\n        <div class=\"blog-post__content blog-post__content--wide\">\n            <p><img decoding=\"async\" class=\"alignnone size-large wp-image-1120 aligncenter\" src=\"https:\/\/therefore.net\/wp\/..\/app\/uploads\/2022\/08\/Seal-Canon-Therefore-2016-EAPICK-SEAL-W17-International-791x1024.jpg\" alt=\"\" width=\"791\" height=\"1024\" srcset=\"https:\/\/therefore.net\/wp\/..\/app\/uploads\/2022\/08\/Seal-Canon-Therefore-2016-EAPICK-SEAL-W17-International-791x1024.jpg 791w, https:\/\/therefore.net\/wp\/..\/app\/uploads\/2022\/08\/Seal-Canon-Therefore-2016-EAPICK-SEAL-W17-International-232x300.jpg 232w, https:\/\/therefore.net\/wp\/..\/app\/uploads\/2022\/08\/Seal-Canon-Therefore-2016-EAPICK-SEAL-W17-International-768x995.jpg 768w, https:\/\/therefore.net\/wp\/..\/app\/uploads\/2022\/08\/Seal-Canon-Therefore-2016-EAPICK-SEAL-W17-International-1186x1536.jpg 1186w, https:\/\/therefore.net\/wp\/..\/app\/uploads\/2022\/08\/Seal-Canon-Therefore-2016-EAPICK-SEAL-W17-International.jpg 1277w\" sizes=\"(max-width: 791px) 100vw, 791px\" \/><\/p>\n\n        <\/div>\n\n            <\/div>\n<\/div>\n\n<div class=\"custom-block simple-paragraph\">\n    <div class=\"container\">\n        <div class=\"blog-post__content blog-post__content--wide\">\n            <div class=\"wpb_text_column wpb_content_element \">\n<div class=\"wpb_wrapper\">\n<h1><strong>Therefore\u2122 ha sido galardonada con un prestigioso premio Pick como \u00abPlataforma destacada de gesti\u00f3n de la informaci\u00f3n\u00bb.<\/strong><\/h1>\n<p>&nbsp;<\/p>\n<\/div>\n<\/div>\n<div class=\"wpb_text_column wpb_content_element vc_custom_1520325788967\">\n<div class=\"wpb_wrapper\">\n<p>Los analistas de BLI han concedido a Therefore\u2122 este galard\u00f3n gracias a su:<\/p>\n<p>&nbsp;<\/p>\n<ul>\n<li>Potente motor de automatizaci\u00f3n de procesos empresariales<\/li>\n<li>C\u00f3modo soporte de firma electr\u00f3nica a trav\u00e9s de una integraci\u00f3n con DocuSign<\/li>\n<li>Motor de inteligencia empresarial e integraci\u00f3n con Microsoft Power BI<\/li>\n<li>Funciones de gesti\u00f3n de documentos que ahorran tiempo, como la indexaci\u00f3n automatizada y una gran cantidad de funciones de b\u00fasqueda<\/li>\n<li>Funciones de seguridad blindadas para mantener la informaci\u00f3n segura y cumplir la normativa.<\/li>\n<li>Ofertas locales y alojadas en la nube para adaptarse al tama\u00f1o de cualquier organizaci\u00f3n<\/li>\n<\/ul>\n<\/div>\n<\/div>\n\n        <\/div>\n\n            <\/div>\n<\/div>\n\n\n<div style=\"height:100px\" aria-hidden=\"true\" class=\"wp-block-spacer\"><\/div>\n\n<h1 class=\"wp-block-heading has-text-align-center\">M\u00e1s informaci\u00f3n<\/h1>\n<div class=\"custom-block simple-paragraph\">\n    <div class=\"container\">\n        <div class=\"blog-post__content blog-post__content--wide\">\n            <div class=\"wpb_text_column wpb_content_element vc_custom_1520328038093\">\n<div class=\"wpb_wrapper\">\n<h2><strong>\u00bfSab\u00eda que? Therefore\u2122 ha ganado 5 premios BLI Pick<\/strong><\/h2>\n<p>&nbsp;<\/p>\n<\/div>\n<\/div>\n<div class=\"wpb_text_column wpb_content_element vc_custom_1594842697486\">\n<div class=\"wpb_wrapper\">\n<p>Therefore\u2122 ha sido galardonada con 5 premios por los analistas de Buyers Lab:<\/p>\n<p>&nbsp;<\/p>\n<ul>\n<li>Winter 2020 Pick por \u00abSoluci\u00f3n destacada de gobierno de la informaci\u00f3n\u00bb<\/li>\n<li>Winter 2019 Pick por \u00abSoluci\u00f3n destacada de gobierno de la informaci\u00f3n\u00bb<\/li>\n<li>Winter 2018 Pick por \u00abSoluci\u00f3n destacada de gesti\u00f3n de la informaci\u00f3n y flujos de trabajo para pymes\u00bb<\/li>\n<li>Selecci\u00f3n de invierno de 2017 por \u00abPlataforma de gesti\u00f3n de la informaci\u00f3n destacada\u00bb<\/li>\n<li>Selecci\u00f3n del verano de 2015 por \u00abPlataforma ECM destacada\u00bb<\/li>\n<\/ul>\n<\/div>\n<p>&nbsp;<\/p>\n<\/div>\n\n        <\/div>\n\n            <\/div>\n<\/div>\n\n","protected":false},"excerpt":{"rendered":"<p>M\u00e1s informaci\u00f3n<\/p>\n","protected":false},"author":5,"featured_media":0,"parent":9282,"menu_order":0,"comment_status":"closed","ping_status":"closed","template":"","meta":{"_acf_changed":false,"inline_featured_image":false,"footnotes":""},"class_list":["post-9299","page","type-page","status-publish","hentry"],"acf":[],"yoast_head":"<!-- This site is optimized with the Yoast SEO plugin v27.2 - https:\/\/yoast.com\/product\/yoast-seo-wordpress\/ -->\n<title>Premio BLI Pick - Therefore<\/title>\n<meta name=\"description\" content=\"Therefore\u2122 ha ganado numerosos premios BLI Pick.\" \/>\n<meta name=\"robots\" content=\"index, follow, max-snippet:-1, max-image-preview:large, max-video-preview:-1\" \/>\n<link rel=\"canonical\" href=\"https:\/\/therefore.net\/es\/premios-certificaciones\/premio-bli-pick\/\" \/>\n<script type=\"application\/ld+json\" class=\"yoast-schema-graph\">{\"@context\":\"https:\/\/schema.org\",\"@graph\":[{\"@type\":\"WebPage\",\"@id\":\"https:\/\/therefore.net\/es\/premios-certificaciones\/premio-bli-pick\/\",\"url\":\"https:\/\/therefore.net\/es\/premios-certificaciones\/premio-bli-pick\/\",\"name\":\"Premio BLI Pick - Therefore\",\"isPartOf\":{\"@id\":\"https:\/\/therefore.net\/es\/#website\"},\"datePublished\":\"2022-08-03T20:12:36+00:00\",\"dateModified\":\"2025-03-06T13:05:38+00:00\",\"description\":\"Therefore\u2122 ha ganado numerosos premios BLI Pick.\",\"breadcrumb\":{\"@id\":\"https:\/\/therefore.net\/es\/premios-certificaciones\/premio-bli-pick\/#breadcrumb\"},\"inLanguage\":\"es-ES\",\"potentialAction\":[{\"@type\":\"ReadAction\",\"target\":[\"https:\/\/therefore.net\/es\/premios-certificaciones\/premio-bli-pick\/\"]}]},{\"@type\":\"BreadcrumbList\",\"@id\":\"https:\/\/therefore.net\/es\/premios-certificaciones\/premio-bli-pick\/#breadcrumb\",\"itemListElement\":[{\"@type\":\"ListItem\",\"position\":1,\"name\":\"Home\",\"item\":\"https:\/\/therefore.net\/es\/\"},{\"@type\":\"ListItem\",\"position\":2,\"name\":\"Premios\/Certificaciones\",\"item\":\"https:\/\/therefore.net\/es\/premios-certificaciones\/\"},{\"@type\":\"ListItem\",\"position\":3,\"name\":\"Premio BLI Pick\"}]},{\"@type\":\"WebSite\",\"@id\":\"https:\/\/therefore.net\/es\/#website\",\"url\":\"https:\/\/therefore.net\/es\/\",\"name\":\"Therefore\",\"description\":\"\",\"publisher\":{\"@id\":\"https:\/\/therefore.net\/es\/#organization\"},\"potentialAction\":[{\"@type\":\"SearchAction\",\"target\":{\"@type\":\"EntryPoint\",\"urlTemplate\":\"https:\/\/therefore.net\/es\/?s={search_term_string}\"},\"query-input\":{\"@type\":\"PropertyValueSpecification\",\"valueRequired\":true,\"valueName\":\"search_term_string\"}}],\"inLanguage\":\"es-ES\"},{\"@type\":\"Organization\",\"@id\":\"https:\/\/therefore.net\/es\/#organization\",\"name\":\"Therefore\",\"url\":\"https:\/\/therefore.net\/es\/\",\"logo\":{\"@type\":\"ImageObject\",\"inLanguage\":\"es-ES\",\"@id\":\"https:\/\/therefore.net\/es\/#\/schema\/logo\/image\/\",\"url\":\"https:\/\/therefore.net\/wp\/..\/app\/uploads\/2022\/04\/logo.png\",\"contentUrl\":\"https:\/\/therefore.net\/wp\/..\/app\/uploads\/2022\/04\/logo.png\",\"width\":176,\"height\":48,\"caption\":\"Therefore\"},\"image\":{\"@id\":\"https:\/\/therefore.net\/es\/#\/schema\/logo\/image\/\"},\"sameAs\":[\"https:\/\/www.linkedin.com\/company\/therefore-corporation\/\",\"https:\/\/www.youtube.com\/user\/ThereforeTV\"]}]}<\/script>\n<!-- \/ Yoast SEO plugin. -->","yoast_head_json":{"title":"Premio BLI Pick - Therefore","description":"Therefore\u2122 ha ganado numerosos premios BLI Pick.","robots":{"index":"index","follow":"follow","max-snippet":"max-snippet:-1","max-image-preview":"max-image-preview:large","max-video-preview":"max-video-preview:-1"},"canonical":"https:\/\/therefore.net\/es\/premios-certificaciones\/premio-bli-pick\/","schema":{"@context":"https:\/\/schema.org","@graph":[{"@type":"WebPage","@id":"https:\/\/therefore.net\/es\/premios-certificaciones\/premio-bli-pick\/","url":"https:\/\/therefore.net\/es\/premios-certificaciones\/premio-bli-pick\/","name":"Premio BLI Pick - Therefore","isPartOf":{"@id":"https:\/\/therefore.net\/es\/#website"},"datePublished":"2022-08-03T20:12:36+00:00","dateModified":"2025-03-06T13:05:38+00:00","description":"Therefore\u2122 ha ganado numerosos premios BLI Pick.","breadcrumb":{"@id":"https:\/\/therefore.net\/es\/premios-certificaciones\/premio-bli-pick\/#breadcrumb"},"inLanguage":"es-ES","potentialAction":[{"@type":"ReadAction","target":["https:\/\/therefore.net\/es\/premios-certificaciones\/premio-bli-pick\/"]}]},{"@type":"BreadcrumbList","@id":"https:\/\/therefore.net\/es\/premios-certificaciones\/premio-bli-pick\/#breadcrumb","itemListElement":[{"@type":"ListItem","position":1,"name":"Home","item":"https:\/\/therefore.net\/es\/"},{"@type":"ListItem","position":2,"name":"Premios\/Certificaciones","item":"https:\/\/therefore.net\/es\/premios-certificaciones\/"},{"@type":"ListItem","position":3,"name":"Premio BLI Pick"}]},{"@type":"WebSite","@id":"https:\/\/therefore.net\/es\/#website","url":"https:\/\/therefore.net\/es\/","name":"Therefore","description":"","publisher":{"@id":"https:\/\/therefore.net\/es\/#organization"},"potentialAction":[{"@type":"SearchAction","target":{"@type":"EntryPoint","urlTemplate":"https:\/\/therefore.net\/es\/?s={search_term_string}"},"query-input":{"@type":"PropertyValueSpecification","valueRequired":true,"valueName":"search_term_string"}}],"inLanguage":"es-ES"},{"@type":"Organization","@id":"https:\/\/therefore.net\/es\/#organization","name":"Therefore","url":"https:\/\/therefore.net\/es\/","logo":{"@type":"ImageObject","inLanguage":"es-ES","@id":"https:\/\/therefore.net\/es\/#\/schema\/logo\/image\/","url":"https:\/\/therefore.net\/wp\/..\/app\/uploads\/2022\/04\/logo.png","contentUrl":"https:\/\/therefore.net\/wp\/..\/app\/uploads\/2022\/04\/logo.png","width":176,"height":48,"caption":"Therefore"},"image":{"@id":"https:\/\/therefore.net\/es\/#\/schema\/logo\/image\/"},"sameAs":["https:\/\/www.linkedin.com\/company\/therefore-corporation\/","https:\/\/www.youtube.com\/user\/ThereforeTV"]}]}},"_links":{"self":[{"href":"https:\/\/therefore.net\/es\/wp-json\/wp\/v2\/pages\/9299","targetHints":{"allow":["GET"]}}],"collection":[{"href":"https:\/\/therefore.net\/es\/wp-json\/wp\/v2\/pages"}],"about":[{"href":"https:\/\/therefore.net\/es\/wp-json\/wp\/v2\/types\/page"}],"author":[{"embeddable":true,"href":"https:\/\/therefore.net\/es\/wp-json\/wp\/v2\/users\/5"}],"replies":[{"embeddable":true,"href":"https:\/\/therefore.net\/es\/wp-json\/wp\/v2\/comments?post=9299"}],"version-history":[{"count":1,"href":"https:\/\/therefore.net\/es\/wp-json\/wp\/v2\/pages\/9299\/revisions"}],"predecessor-version":[{"id":9300,"href":"https:\/\/therefore.net\/es\/wp-json\/wp\/v2\/pages\/9299\/revisions\/9300"}],"up":[{"embeddable":true,"href":"https:\/\/therefore.net\/es\/wp-json\/wp\/v2\/pages\/9282"}],"wp:attachment":[{"href":"https:\/\/therefore.net\/es\/wp-json\/wp\/v2\/media?parent=9299"}],"curies":[{"name":"wp","href":"https:\/\/api.w.org\/{rel}","templated":true}]}}