{"id":9301,"date":"2023-05-05T20:29:42","date_gmt":"2023-05-05T18:29:42","guid":{"rendered":"https:\/\/therefore.net\/premios-certificaciones\/premios-software-review\/"},"modified":"2025-12-23T22:49:15","modified_gmt":"2025-12-23T21:49:15","slug":"premios-software-review","status":"publish","type":"page","link":"https:\/\/therefore.net\/es\/premios-certificaciones\/premios-software-review\/","title":{"rendered":"Premios Software Review"},"content":{"rendered":"<section class=\"custom-block left-image-right-text-long\">\n    <div class=\"container  left-image-right-text-long__container\">\n        <div class=\"left-image-right-text-long__inner\">\n            <div class=\"left-image-right-text-long__image-wrapper\">\n                                    <img decoding=\"async\" width=\"1200\" height=\"900\" src=\"https:\/\/therefore.net\/wp\/..\/app\/uploads\/2025\/01\/Blog-Post.png\" class=\"attachment-full size-full\" alt=\"Imagen que muestra el logotipo de Therefore con el texto &quot;People Process Information&quot; y una colecci\u00f3n de insignias de Software Reviews, incluidos varios premios &quot;Top Rated&quot; y una prominente insignia dorada &quot;Gold Medal 2023-2024&quot;.\" srcset=\"https:\/\/therefore.net\/wp\/..\/app\/uploads\/2025\/01\/Blog-Post.png 1200w, https:\/\/therefore.net\/wp\/..\/app\/uploads\/2025\/01\/Blog-Post-300x225.png 300w, https:\/\/therefore.net\/wp\/..\/app\/uploads\/2025\/01\/Blog-Post-1024x768.png 1024w, https:\/\/therefore.net\/wp\/..\/app\/uploads\/2025\/01\/Blog-Post-768x576.png 768w\" sizes=\"(max-width: 1200px) 100vw, 1200px\" \/>\n                            <\/div>\n            <div class=\"left-image-right-text-long__text-wrapper\">\n                <h2 class=\"left-image-right-text-long__title\">\n                    Therefore\u2122 gana numerosos premios del sector ECM de SoftwareReviews <br \/>\r\n\n                <\/h2>\n                <div class=\"left-image-right-text-long__text\">\n                    <p>Therefore\u2122 es l\u00edder del mercado de ECM, n\u00ba 1 en automatizaci\u00f3n de flujos de trabajo, e incluye muchas funciones de primera categor\u00eda.<\/p>\n\n                <\/div>\n                                <a class=\"main-button main-button--secondary\" target=\"_blank\"\n                    href=\"https:\/\/www.softwarereviews.com\/products\/canon-therefore\">Vea nuestra clasificaci\u00f3n<\/a>\n                            <\/div>\n        <\/div>\n    <\/div>\n<\/section>\n\n\n\n<section class=\"custom-block video-img-section video-img-section--shape video-img-section--reversed\">\n    <div class=\"container video-img-section__container\">\n\n        <div class=\"video-img-section__row\">\n            <div class=\"video-img-section__media video-img-section__media\">\n                                <div class=\"video-img-section__media__item video-img-section__media__item--image\">\n                                            <img decoding=\"async\" width=\"635\" height=\"317\" src=\"https:\/\/therefore.net\/wp\/..\/app\/uploads\/2025\/01\/Gold-Medal-2-Years-635.png\" class=\"attachment-full size-full\" alt=\"Una insignia de medalla de oro con &quot;Software Reviews GOLD MEDAL 2 Years&quot; en ella, y &quot;2023-2024&quot; en la parte inferior, rodeada por una cinta azul, destaca c\u00f3mo Therefore\u2122 gana numerosos premios del sector por su excelencia.\" srcset=\"https:\/\/therefore.net\/wp\/..\/app\/uploads\/2025\/01\/Gold-Medal-2-Years-635.png 635w, https:\/\/therefore.net\/wp\/..\/app\/uploads\/2025\/01\/Gold-Medal-2-Years-635-300x150.png 300w\" sizes=\"(max-width: 635px) 100vw, 635px\" \/>\n                                    <\/div>\n                            <\/div>\n\n            <div class=\"video-img-section__content\">\n                                                        <h2 class=\"video-img-section__title\">Medallista de Oro ECM 2023-2024<\/h2>\n                \n                                    <div class=\"video-img-section__text\"><p>El software de gesti\u00f3n de la informaci\u00f3n Therefore\u2122 obtuvo una medalla de ORO y un puesto como \u00abL\u00edder\u00bb en el Cuadrante de Datos de SoftwareReviews, lo que indica que Therefore\u2122 destaca por ofrecer tanto caracter\u00edsticas y satisfacci\u00f3n del producto COMO experiencia y capacidades de calidad del proveedor.<\/p>\n<\/div>\n                            <\/div>\n        <\/div>\n\n\n    <\/div>\n\n<\/section>\n\n\n\n<section class=\"custom-block video-img-section video-img-section--shape \">\n    <div class=\"container video-img-section__container\">\n\n        <div class=\"video-img-section__row\">\n            <div class=\"video-img-section__media video-img-section__media\">\n                                <div class=\"video-img-section__media__item video-img-section__media__item--image\">\n                                            <img decoding=\"async\" width=\"635\" height=\"317\" src=\"https:\/\/therefore.net\/wp\/..\/app\/uploads\/2023\/05\/ECM-Leader-635x317-1.png\" class=\"attachment-full size-full\" alt=\"Una insignia azul y plateada reza &quot;Software Reviews Leader 2022&quot;, con una cinta debajo que indica &quot;Enterprise Content Management - Enterprise&quot;, que refleja c\u00f3mo Therefore\u2122 gana numerosos premios del sector.\" srcset=\"https:\/\/therefore.net\/wp\/..\/app\/uploads\/2023\/05\/ECM-Leader-635x317-1.png 635w, https:\/\/therefore.net\/wp\/..\/app\/uploads\/2023\/05\/ECM-Leader-635x317-1-300x150.png 300w\" sizes=\"(max-width: 635px) 100vw, 635px\" \/>\n                                    <\/div>\n                            <\/div>\n\n            <div class=\"video-img-section__content\">\n                                                        <h2 class=\"video-img-section__title\">L\u00edder del mercado ECM 2022-2024<\/h2>\n                \n                                    <div class=\"video-img-section__text\"><p>El software de gesti\u00f3n de la informaci\u00f3n Therefore\u2122 se ha ganado un puesto como \u00abL\u00edder\u00bb en el Cuadrante de Datos de SoftwareReviews durante 3 a\u00f1os consecutivos, lo que indica que Therefore\u2122 destaca por ofrecer tanto caracter\u00edsticas y satisfacci\u00f3n del producto COMO experiencia y capacidades de calidad del proveedor.<\/p>\n<\/div>\n                            <\/div>\n        <\/div>\n\n\n    <\/div>\n\n<\/section>\n\n\n\n<section class=\"custom-block video-img-section video-img-section--shape video-img-section--reversed\">\n    <div class=\"container video-img-section__container\">\n\n        <div class=\"video-img-section__row\">\n            <div class=\"video-img-section__media video-img-section__media\">\n                                <div class=\"video-img-section__media__item video-img-section__media__item--image\">\n                                            <img decoding=\"async\" width=\"635\" height=\"317\" src=\"https:\/\/therefore.net\/wp\/..\/app\/uploads\/2025\/01\/Workflow-2024-635.png\" class=\"attachment-full size-full\" alt=\"Una insignia de premio verde y azul que dice &quot;2024 Software Reviews Top Rated Feature&quot; con &quot;Workflow Process Automation&quot; en una cinta azul en la parte inferior, destacando c\u00f3mo Therefore\u2122 gana numerosos premios del sector.\" srcset=\"https:\/\/therefore.net\/wp\/..\/app\/uploads\/2025\/01\/Workflow-2024-635.png 635w, https:\/\/therefore.net\/wp\/..\/app\/uploads\/2025\/01\/Workflow-2024-635-300x150.png 300w\" sizes=\"(max-width: 635px) 100vw, 635px\" \/>\n                                    <\/div>\n                            <\/div>\n\n            <div class=\"video-img-section__content\">\n                                                        <h2 class=\"video-img-section__title\">#N\u00ba 1 en automatizaci\u00f3n de flujos de trabajo 2022-2024<\/h2>\n                \n                                    <div class=\"video-img-section__text\"><p>Therefore\u2122 tambi\u00e9n ocup\u00f3 el puesto n\u00ba 1 en automatizaci\u00f3n de flujos de trabajo, o \u00abel grado y la facilidad con que se pueden configurar las acciones dentro del sistema para que se realicen autom\u00e1ticamente.\u00bb Este es un gran reconocimiento a los esfuerzos de nuestro equipo de desarrollo. La automatizaci\u00f3n de flujos de trabajo sigue siendo una herramienta incre\u00edblemente \u00fatil en todos los sectores y departamentos, y estamos orgullosos de seguir ofreci\u00e9ndole la automatizaci\u00f3n de flujos de trabajo n\u00ba 1 del mercado.<\/p>\n<\/div>\n                            <\/div>\n        <\/div>\n\n\n    <\/div>\n\n<\/section>\n\n\n<section class=\"custom-block whats-new-image-section\">\n    <div class=\"container whats-new-image-section__container\">\n        <div class=\"whats-new-image-section__image\">\n            <div class=\"whats-new-image-section__image-wrapper\">\n                                    <img decoding=\"async\" width=\"1030\" height=\"687\" src=\"https:\/\/therefore.net\/wp\/..\/app\/uploads\/2023\/04\/SRCategories.png\" class=\"attachment-full size-full\" alt=\"Image showing several blue and green award badges for Therefore\u2122, which scores top marks in 12 categories, including &quot;Software Reviews Leader 2022&quot; for Enterprise Content Management and multiple &quot;Top Rated Feature&quot; awards for workflow, file conversion, usability, and search.\" srcset=\"https:\/\/therefore.net\/wp\/..\/app\/uploads\/2023\/04\/SRCategories.png 1030w, https:\/\/therefore.net\/wp\/..\/app\/uploads\/2023\/04\/SRCategories-300x200.png 300w, https:\/\/therefore.net\/wp\/..\/app\/uploads\/2023\/04\/SRCategories-1024x683.png 1024w, https:\/\/therefore.net\/wp\/..\/app\/uploads\/2023\/04\/SRCategories-768x512.png 768w\" sizes=\"(max-width: 1030px) 100vw, 1030px\" \/>\n                            <\/div>\n\n                                            <h2 class=\"whats-new-image-section__image__title\">Funciones mejor valoradas<\/h2>\n                    <\/div>\n                    <div class=\"whats-new-image-section__text\">Therefore\u2122 tambi\u00e9n ocup\u00f3 un lugar destacado en las siguientes categor\u00edas:<br \/>\r\n<br \/>\r\n\u2022 Conversi\u00f3n de archivos &#8211; #2<br \/>\r\n\u2022 Calidad de las funciones &#8211; #2<br \/>\r\n\u2022 Gesti\u00f3n de metadatos &#8211; n\u00ba 3<br \/>\r\n\u2022 Capacidad de b\u00fasqueda &#8211; n\u00ba 3<\/div>\n            <\/div>\n<\/section>\n\n\n\n<div class=\"custom-block simple-paragraph\">\n    <div class=\"container\">\n        <div class=\"blog-post__content blog-post__content--wide\">\n            <h1 style=\"text-align: center;\">92% de satisfacci\u00f3n del cliente<br \/>\n<img decoding=\"async\" class=\"size-full wp-image-1722 aligncenter\" src=\"https:\/\/therefore.net\/app\/uploads\/2022\/11\/WORKFLOW-768x432-1.png\" alt=\"\" width=\"768\" height=\"432\" srcset=\"https:\/\/therefore.net\/wp\/..\/app\/uploads\/2022\/11\/WORKFLOW-768x432-1.png 768w, https:\/\/therefore.net\/wp\/..\/app\/uploads\/2022\/11\/WORKFLOW-768x432-1-300x169.png 300w\" sizes=\"(max-width: 768px) 100vw, 768px\" \/><\/h1>\n<h1 style=\"text-align: center;\">94% Tiene previsto renovar<\/h1>\n<p><img decoding=\"async\" class=\"size-full wp-image-1723 aligncenter\" src=\"https:\/\/therefore.net\/app\/uploads\/2022\/11\/PLAN-TO-RENEW-768x432-1.png\" alt=\"\" width=\"768\" height=\"432\" srcset=\"https:\/\/therefore.net\/wp\/..\/app\/uploads\/2022\/11\/PLAN-TO-RENEW-768x432-1.png 768w, https:\/\/therefore.net\/wp\/..\/app\/uploads\/2022\/11\/PLAN-TO-RENEW-768x432-1-300x169.png 300w\" sizes=\"(max-width: 768px) 100vw, 768px\" \/><\/p>\n<h1 style=\"text-align: center;\"><\/h1>\n\n        <\/div>\n\n            <\/div>\n<\/div>\n\n\n\n<div class=\"custom-block simple-paragraph\">\n    <div class=\"container\">\n        <div class=\"blog-post__content blog-post__content--wide\">\n            <h2>Acerca de SoftwareReviews<\/h2>\n<p>SoftwareReviews, una divisi\u00f3n de Info-Tech Research Group, ha publicado su esperada revisi\u00f3n 2022 de la oferta de productos de la industria ECM. Han analizado m\u00e1s de 14 sistemas ECM diferentes del mercado actual y han recopilado rigurosamente datos cualitativos y cuantitativos de usuarios finales reales, empresas y profesionales de TI.<\/p>\n<p>Las \u00abrevisiones exhaustivas de SoftwareReviews son la fuente m\u00e1s profunda de datos y puntos de vista de los compradores para el mercado de software empresarial.\u00bb<\/p>\n\n        <\/div>\n\n            <\/div>\n<\/div>\n\n","protected":false},"excerpt":{"rendered":"","protected":false},"author":5,"featured_media":0,"parent":9282,"menu_order":0,"comment_status":"closed","ping_status":"closed","template":"","meta":{"_acf_changed":false,"inline_featured_image":false,"footnotes":""},"class_list":["post-9301","page","type-page","status-publish","hentry"],"acf":[],"yoast_head":"<!-- This site is optimized with the Yoast SEO plugin v27.2 - https:\/\/yoast.com\/product\/yoast-seo-wordpress\/ -->\n<title>Therefore\u2122 gana numerosos premios del sector<\/title>\n<meta name=\"description\" content=\"Therefore\u2122 gana numerosos premios del sector de SoftwareReviews: L\u00edder del mercado ECM, n\u00ba 1 en automatizaci\u00f3n de flujos de trabajo y 12 funciones mejor valoradas.\" \/>\n<meta name=\"robots\" content=\"index, follow, max-snippet:-1, max-image-preview:large, max-video-preview:-1\" \/>\n<link rel=\"canonical\" href=\"https:\/\/therefore.net\/es\/premios-certificaciones\/premios-software-review\/\" \/>\n<script type=\"application\/ld+json\" class=\"yoast-schema-graph\">{\"@context\":\"https:\/\/schema.org\",\"@graph\":[{\"@type\":\"WebPage\",\"@id\":\"https:\/\/therefore.net\/es\/premios-certificaciones\/premios-software-review\/\",\"url\":\"https:\/\/therefore.net\/es\/premios-certificaciones\/premios-software-review\/\",\"name\":\"Therefore\u2122 gana numerosos premios del sector\",\"isPartOf\":{\"@id\":\"https:\/\/therefore.net\/es\/#website\"},\"datePublished\":\"2023-05-05T18:29:42+00:00\",\"dateModified\":\"2025-12-23T21:49:15+00:00\",\"description\":\"Therefore\u2122 gana numerosos premios del sector de SoftwareReviews: L\u00edder del mercado ECM, n\u00ba 1 en automatizaci\u00f3n de flujos de trabajo y 12 funciones mejor valoradas.\",\"breadcrumb\":{\"@id\":\"https:\/\/therefore.net\/es\/premios-certificaciones\/premios-software-review\/#breadcrumb\"},\"inLanguage\":\"es-ES\",\"potentialAction\":[{\"@type\":\"ReadAction\",\"target\":[\"https:\/\/therefore.net\/es\/premios-certificaciones\/premios-software-review\/\"]}]},{\"@type\":\"BreadcrumbList\",\"@id\":\"https:\/\/therefore.net\/es\/premios-certificaciones\/premios-software-review\/#breadcrumb\",\"itemListElement\":[{\"@type\":\"ListItem\",\"position\":1,\"name\":\"Home\",\"item\":\"https:\/\/therefore.net\/es\/\"},{\"@type\":\"ListItem\",\"position\":2,\"name\":\"Premios\/Certificaciones\",\"item\":\"https:\/\/therefore.net\/es\/premios-certificaciones\/\"},{\"@type\":\"ListItem\",\"position\":3,\"name\":\"Premios Software Review\"}]},{\"@type\":\"WebSite\",\"@id\":\"https:\/\/therefore.net\/es\/#website\",\"url\":\"https:\/\/therefore.net\/es\/\",\"name\":\"Therefore\",\"description\":\"\",\"publisher\":{\"@id\":\"https:\/\/therefore.net\/es\/#organization\"},\"potentialAction\":[{\"@type\":\"SearchAction\",\"target\":{\"@type\":\"EntryPoint\",\"urlTemplate\":\"https:\/\/therefore.net\/es\/?s={search_term_string}\"},\"query-input\":{\"@type\":\"PropertyValueSpecification\",\"valueRequired\":true,\"valueName\":\"search_term_string\"}}],\"inLanguage\":\"es-ES\"},{\"@type\":\"Organization\",\"@id\":\"https:\/\/therefore.net\/es\/#organization\",\"name\":\"Therefore\",\"url\":\"https:\/\/therefore.net\/es\/\",\"logo\":{\"@type\":\"ImageObject\",\"inLanguage\":\"es-ES\",\"@id\":\"https:\/\/therefore.net\/es\/#\/schema\/logo\/image\/\",\"url\":\"https:\/\/therefore.net\/wp\/..\/app\/uploads\/2022\/04\/logo.png\",\"contentUrl\":\"https:\/\/therefore.net\/wp\/..\/app\/uploads\/2022\/04\/logo.png\",\"width\":176,\"height\":48,\"caption\":\"Therefore\"},\"image\":{\"@id\":\"https:\/\/therefore.net\/es\/#\/schema\/logo\/image\/\"},\"sameAs\":[\"https:\/\/www.linkedin.com\/company\/therefore-corporation\/\",\"https:\/\/www.youtube.com\/user\/ThereforeTV\"]}]}<\/script>\n<!-- \/ Yoast SEO plugin. -->","yoast_head_json":{"title":"Therefore\u2122 gana numerosos premios del sector","description":"Therefore\u2122 gana numerosos premios del sector de SoftwareReviews: L\u00edder del mercado ECM, n\u00ba 1 en automatizaci\u00f3n de flujos de trabajo y 12 funciones mejor valoradas.","robots":{"index":"index","follow":"follow","max-snippet":"max-snippet:-1","max-image-preview":"max-image-preview:large","max-video-preview":"max-video-preview:-1"},"canonical":"https:\/\/therefore.net\/es\/premios-certificaciones\/premios-software-review\/","schema":{"@context":"https:\/\/schema.org","@graph":[{"@type":"WebPage","@id":"https:\/\/therefore.net\/es\/premios-certificaciones\/premios-software-review\/","url":"https:\/\/therefore.net\/es\/premios-certificaciones\/premios-software-review\/","name":"Therefore\u2122 gana numerosos premios del sector","isPartOf":{"@id":"https:\/\/therefore.net\/es\/#website"},"datePublished":"2023-05-05T18:29:42+00:00","dateModified":"2025-12-23T21:49:15+00:00","description":"Therefore\u2122 gana numerosos premios del sector de SoftwareReviews: L\u00edder del mercado ECM, n\u00ba 1 en automatizaci\u00f3n de flujos de trabajo y 12 funciones mejor valoradas.","breadcrumb":{"@id":"https:\/\/therefore.net\/es\/premios-certificaciones\/premios-software-review\/#breadcrumb"},"inLanguage":"es-ES","potentialAction":[{"@type":"ReadAction","target":["https:\/\/therefore.net\/es\/premios-certificaciones\/premios-software-review\/"]}]},{"@type":"BreadcrumbList","@id":"https:\/\/therefore.net\/es\/premios-certificaciones\/premios-software-review\/#breadcrumb","itemListElement":[{"@type":"ListItem","position":1,"name":"Home","item":"https:\/\/therefore.net\/es\/"},{"@type":"ListItem","position":2,"name":"Premios\/Certificaciones","item":"https:\/\/therefore.net\/es\/premios-certificaciones\/"},{"@type":"ListItem","position":3,"name":"Premios Software Review"}]},{"@type":"WebSite","@id":"https:\/\/therefore.net\/es\/#website","url":"https:\/\/therefore.net\/es\/","name":"Therefore","description":"","publisher":{"@id":"https:\/\/therefore.net\/es\/#organization"},"potentialAction":[{"@type":"SearchAction","target":{"@type":"EntryPoint","urlTemplate":"https:\/\/therefore.net\/es\/?s={search_term_string}"},"query-input":{"@type":"PropertyValueSpecification","valueRequired":true,"valueName":"search_term_string"}}],"inLanguage":"es-ES"},{"@type":"Organization","@id":"https:\/\/therefore.net\/es\/#organization","name":"Therefore","url":"https:\/\/therefore.net\/es\/","logo":{"@type":"ImageObject","inLanguage":"es-ES","@id":"https:\/\/therefore.net\/es\/#\/schema\/logo\/image\/","url":"https:\/\/therefore.net\/wp\/..\/app\/uploads\/2022\/04\/logo.png","contentUrl":"https:\/\/therefore.net\/wp\/..\/app\/uploads\/2022\/04\/logo.png","width":176,"height":48,"caption":"Therefore"},"image":{"@id":"https:\/\/therefore.net\/es\/#\/schema\/logo\/image\/"},"sameAs":["https:\/\/www.linkedin.com\/company\/therefore-corporation\/","https:\/\/www.youtube.com\/user\/ThereforeTV"]}]}},"_links":{"self":[{"href":"https:\/\/therefore.net\/es\/wp-json\/wp\/v2\/pages\/9301","targetHints":{"allow":["GET"]}}],"collection":[{"href":"https:\/\/therefore.net\/es\/wp-json\/wp\/v2\/pages"}],"about":[{"href":"https:\/\/therefore.net\/es\/wp-json\/wp\/v2\/types\/page"}],"author":[{"embeddable":true,"href":"https:\/\/therefore.net\/es\/wp-json\/wp\/v2\/users\/5"}],"replies":[{"embeddable":true,"href":"https:\/\/therefore.net\/es\/wp-json\/wp\/v2\/comments?post=9301"}],"version-history":[{"count":2,"href":"https:\/\/therefore.net\/es\/wp-json\/wp\/v2\/pages\/9301\/revisions"}],"predecessor-version":[{"id":9304,"href":"https:\/\/therefore.net\/es\/wp-json\/wp\/v2\/pages\/9301\/revisions\/9304"}],"up":[{"embeddable":true,"href":"https:\/\/therefore.net\/es\/wp-json\/wp\/v2\/pages\/9282"}],"wp:attachment":[{"href":"https:\/\/therefore.net\/es\/wp-json\/wp\/v2\/media?parent=9301"}],"curies":[{"name":"wp","href":"https:\/\/api.w.org\/{rel}","templated":true}]}}