{"id":9305,"date":"2022-08-03T21:47:10","date_gmt":"2022-08-03T19:47:10","guid":{"rendered":"https:\/\/therefore.net\/premios-certificaciones\/reglamento-general-de-proteccion-de-datos\/"},"modified":"2025-03-06T15:30:19","modified_gmt":"2025-03-06T14:30:19","slug":"reglamento-general-de-proteccion-de-datos","status":"publish","type":"page","link":"https:\/\/therefore.net\/es\/premios-certificaciones\/reglamento-general-de-proteccion-de-datos\/","title":{"rendered":"Reglamento general de protecci\u00f3n de datos"},"content":{"rendered":"\n<section class=\"custom-block video-img-section video-img-section--shape \">\n    <div class=\"container video-img-section__container\">\n\n        <div class=\"video-img-section__row\">\n            <div class=\"video-img-section__media video-img-section__media\">\n                                <div class=\"video-img-section__media__item video-img-section__media__item--image\">\n                                            <img decoding=\"async\" width=\"635\" height=\"317\" src=\"https:\/\/therefore.net\/wp\/..\/app\/uploads\/2023\/04\/gdpr-photo.png\" class=\"attachment-full size-full\" alt=\"Una persona trajeada extiende la mano, sobre la que flota el icono de un candado digital rodeado de estrellas amarillas, s\u00edmbolo de la protecci\u00f3n de datos y del RGPD de la Uni\u00f3n Europea.\" srcset=\"https:\/\/therefore.net\/wp\/..\/app\/uploads\/2023\/04\/gdpr-photo.png 635w, https:\/\/therefore.net\/wp\/..\/app\/uploads\/2023\/04\/gdpr-photo-300x150.png 300w\" sizes=\"(max-width: 635px) 100vw, 635px\" \/>\n                                    <\/div>\n                            <\/div>\n\n            <div class=\"video-img-section__content\">\n                                                        <h2 class=\"video-img-section__title\">Therefore\u2122 y el RGPD<\/h2>\n                \n                            <\/div>\n        <\/div>\n\n\n    <\/div>\n\n<\/section>\n\n\n<div class=\"custom-block simple-paragraph\">\n    <div class=\"container\">\n        <div class=\"blog-post__content blog-post__content--wide\">\n            <h1>\u00bfQu\u00e9 es el RGPD?<\/h1>\n<p>&nbsp;<\/p>\n<p><strong>El RGPD (Reglamento General de Protecci\u00f3n de Datos) es un reglamento dise\u00f1ado por la Comisi\u00f3n Europea para crear un mandato uniforme para todos los Estados miembros de la UE y el EEE sobre la protecci\u00f3n de los datos personales en poder de una organizaci\u00f3n en caso de violaci\u00f3n de datos.<\/strong><\/p>\n<p>El actual conjunto de reglamentos que se encuentran en toda la Uni\u00f3n Europea (UE) y el Espacio Econ\u00f3mico Europeo (EEE) se deriva de una directiva que se encarg\u00f3 en 1995 y fue dise\u00f1ada para ser interpretada y formada dentro de los contextos nacionales de cada uno de los estados miembros de la UE\/EEE. La nueva ley no es una directiva, sino un reglamento que obliga a todos los pa\u00edses de la UE\/EEE a adherirse a la misma ley uniforme en toda la uni\u00f3n, aunque todav\u00eda puede existir un nivel m\u00ednimo de variaci\u00f3n dentro de los contextos nacionales localizados. El GDPR tiene por objeto alinear las leyes de privacidad en toda la Uni\u00f3n Europea y proteger los datos personales de sus residentes en el pa\u00eds y en el extranjero. Como organizaci\u00f3n activa en todo el mundo, Therefore Corporation acoge con satisfacci\u00f3n el nuevo reglamento como un paso en la direcci\u00f3n correcta hacia el fortalecimiento de los derechos de privacidad personal.<\/p>\n\n        <\/div>\n\n            <\/div>\n<\/div>\n\n\n\n<section class=\"custom-block join-therefore\">\n    <div class=\"container\">\n        <div class=\"join-therefore__inner\">\n                        <div class=\"join-therefore__title-wrapper\">\n                                <h2 class=\"join-therefore__title\">\n                    Therefore\u2122 y el RGPD\n                <\/h2>\n            <\/div>\n                        <div class=\"join-therefore__text-wrapper\">\n                <p class=\"join-therefore__text\">Como organizaci\u00f3n activa en todo el mundo, Therefore Corporation acoge con satisfacci\u00f3n la nueva normativa como un paso en la direcci\u00f3n correcta hacia el fortalecimiento de los derechos de privacidad personal.<\/p>\n                            <\/div>\n        <\/div>\n    <\/div>\n<\/section>\n\n\n<div class=\"custom-block simple-paragraph\">\n    <div class=\"container\">\n        <div class=\"blog-post__content blog-post__content--wide\">\n            <p><img decoding=\"async\" class=\"alignnone wp-image-1041 size-large\" src=\"https:\/\/therefore.net\/wp\/..\/app\/uploads\/2022\/08\/GDPR_Compliant_EbnerStolz-1024x434.png\" alt=\"\" width=\"1024\" height=\"434\" srcset=\"https:\/\/therefore.net\/wp\/..\/app\/uploads\/2022\/08\/GDPR_Compliant_EbnerStolz-1024x434.png 1024w, https:\/\/therefore.net\/wp\/..\/app\/uploads\/2022\/08\/GDPR_Compliant_EbnerStolz-300x127.png 300w, https:\/\/therefore.net\/wp\/..\/app\/uploads\/2022\/08\/GDPR_Compliant_EbnerStolz-768x325.png 768w, https:\/\/therefore.net\/wp\/..\/app\/uploads\/2022\/08\/GDPR_Compliant_EbnerStolz.png 1178w\" sizes=\"(max-width: 1024px) 100vw, 1024px\" \/><\/p>\n\n        <\/div>\n\n            <\/div>\n<\/div>\n\n\n\n<div class=\"custom-block simple-paragraph\">\n    <div class=\"container\">\n        <div class=\"blog-post__content blog-post__content--wide\">\n            <h3 style=\"text-align: left;\">El software Therefore\u2122 ha superado una rigurosa auditor\u00eda de protecci\u00f3n de datos realizada por la consultora Ebner Stolz, una de las mayores consultoras independientes de tama\u00f1o medio de Alemania.<\/h3>\n<p>&nbsp;<\/p>\n<h3 style=\"text-align: left;\">Seg\u00fan el auditor principal de Ebner Stolz,<\/h3>\n<p>&nbsp;<\/p>\n<h2><span style=\"color: #bed500;\">\u00abHemos comprobado que Therefore sigue los conceptos de \u00abPrivacidad por dise\u00f1o\u00bb y \u00abPrivacidad por defecto\u00bb, permitiendo as\u00ed a los usuarios cumplir los requisitos del GDPR en lo que respecta a la gesti\u00f3n de datos y documentos.\u00bb<\/span><\/h2>\n<p>&nbsp;<\/p>\n<h3>Las soluciones de software Therefore\u2122 han sido verificadas y certificadas para permitir una gesti\u00f3n eficaz de los datos de acuerdo con la normativa GDPR.<\/h3>\n\n        <\/div>\n\n            <\/div>\n<\/div>\n\n\n\n\n<section class=\"custom-block video-img-section video-img-section--shape \">\n    <div class=\"container video-img-section__container\">\n\n        <div class=\"video-img-section__row\">\n            <div class=\"video-img-section__media video-img-section__media\">\n                                <div class=\"video-img-section__media__item video-img-section__media__item--video\">\n                                            <video src=\"https:\/\/therefore.net\/wp\/..\/app\/uploads\/2022\/08\/GDPR-Marketing.mp4\" name=\"gdpr-marketing-2\" controls><\/video>\n                                    <\/div>\n                            <\/div>\n\n            <div class=\"video-img-section__content\">\n                                                        <h2 class=\"video-img-section__title\">Therefore\u2122 para el cumplimiento del RGPD<\/h2>\n                \n                                    <div class=\"video-img-section__text\"><p>El Reglamento General de Protecci\u00f3n de Datos (RGPD) es un reglamento dise\u00f1ado por la Comisi\u00f3n Europea para crear un mandato uniforme para todos los Estados miembros de la UE y el EEE sobre la protecci\u00f3n de los datos personales en poder de una organizaci\u00f3n en caso de violaci\u00f3n de datos. Vea este v\u00eddeo para comprobar c\u00f3mo Therefore\u2122 ayuda a su organizaci\u00f3n a cumplir el RGPD.<\/p>\n<\/div>\n                            <\/div>\n        <\/div>\n\n\n    <\/div>\n\n<\/section>\n\n\n<div class=\"custom-block simple-paragraph\">\n    <div class=\"container\">\n        <div class=\"blog-post__content blog-post__content--wide\">\n            <div class=\"wpb_text_column wpb_content_element \">\n<div class=\"wpb_wrapper\">\n<h1><strong>C\u00f3mo puede ayudar Therefore\u2122<\/strong><\/h1>\n<p>&nbsp;<\/p>\n<\/div>\n<\/div>\n<div class=\"wpb_text_column wpb_content_element vc_custom_1515143974070\">\n<div class=\"wpb_wrapper\">\n<p><strong>El RGPD es una normativa compleja que requiere un esfuerzo y una inversi\u00f3n significativos en seguridad y protecci\u00f3n de datos por parte de cualquier entidad afectada.<\/strong><\/p>\n<\/div>\n<\/div>\n<p>Therefore Corporation se esfuerza por ayudarle a lograr el cumplimiento del RGPD ofreci\u00e9ndole una soluci\u00f3n de gesti\u00f3n de la informaci\u00f3n que le permite almacenar, encontrar y catalogar los datos personales conservados por su organizaci\u00f3n y crear un entorno de datos m\u00e1s seguro. Adem\u00e1s, Therefore\u2122 ofrece recursos que simplifican el seguimiento y la gesti\u00f3n de los datos personales que conserva dentro del sistema, y proporciona herramientas para ayudarle a cumplir los requisitos de informaci\u00f3n y evaluaci\u00f3n del RGPD.<\/p>\n<p>Sin embargo, bas\u00e1ndonos en el amplio alcance y la naturaleza del RGPD, es importante reconocer que el cumplimiento del RGPD va m\u00e1s all\u00e1 del software. El cumplimiento es el resultado de una combinaci\u00f3n de pol\u00edticas s\u00f3lidas de protecci\u00f3n de datos, procedimientos, formaci\u00f3n e informes. Therefore\u2122 puede ayudar a su organizaci\u00f3n a lograr estos resultados, y por lo tanto el cumplimiento del GDPR, proporcionando herramientas que facilitan el descubrimiento, la gesti\u00f3n, la seguridad y la presentaci\u00f3n de informes sobre los datos personales que conserva su organizaci\u00f3n.<\/p>\n<p>Un sistema Therefore\u2122 correctamente configurado, mantenido y administrado le ayuda a gestionar de forma segura la informaci\u00f3n personal y a proporcionar m\u00e1s protecci\u00f3n contra las violaciones de datos cuando se combina con procedimientos, formaci\u00f3n y operaciones organizativas adecuados.<\/p>\n<p>&nbsp;<\/p>\n\n        <\/div>\n\n            <\/div>\n<\/div>\n\n\n\n<div class=\"custom-block simple-paragraph\">\n    <div class=\"container\">\n        <div class=\"blog-post__content blog-post__content--wide\">\n            <p><img decoding=\"async\" class=\"alignnone size-large wp-image-994\" src=\"https:\/\/therefore.net\/wp\/..\/app\/uploads\/2022\/08\/How_TF_Helps-1024x549.png\" alt=\"\" width=\"1024\" height=\"549\" srcset=\"https:\/\/therefore.net\/wp\/..\/app\/uploads\/2022\/08\/How_TF_Helps-1024x549.png 1024w, https:\/\/therefore.net\/wp\/..\/app\/uploads\/2022\/08\/How_TF_Helps-300x161.png 300w, https:\/\/therefore.net\/wp\/..\/app\/uploads\/2022\/08\/How_TF_Helps-768x412.png 768w, https:\/\/therefore.net\/wp\/..\/app\/uploads\/2022\/08\/How_TF_Helps-1536x823.png 1536w, https:\/\/therefore.net\/wp\/..\/app\/uploads\/2022\/08\/How_TF_Helps.png 1616w\" sizes=\"(max-width: 1024px) 100vw, 1024px\" \/><\/p>\n\n        <\/div>\n\n            <\/div>\n<\/div>\n\n\n\n\n<div style=\"height:100px\" aria-hidden=\"true\" class=\"wp-block-spacer\"><\/div>\n\n\n\n<h1 class=\"wp-block-heading has-text-align-center\">M\u00e1s informaci\u00f3n<\/h1>\n\n\n<div class=\"custom-block resources-tiles-block\">\n    <div class=\"container resources-tiles-block__container\">\n                    <div class=\"resources-tiles-block__tiles\">\n                                                        <div class=\"tile-item\">\n                        <div class=\"resources-tiles-block__tile tile-item__wrapper\">\n                            <div class=\"tile-item__content\">\n                                <h3 class=\"tile-item__title\">\n                                    Qu\u00e9 significa el RGPD para usted\n                                <\/h3>\n                                <p class=\"tile-item__text\">Descubra qu\u00e9 significa el RGPD para su organizaci\u00f3n, c\u00f3mo puede ayudarle Therefore\u2122 y c\u00f3mo iniciar el camino hacia el cumplimiento.<\/p>\n                            <\/div>\n                            <div class=\"tile-item__cta\">\n                                                                                                            <a href=\"https:\/\/therefore.net\/app\/uploads\/2022\/08\/GDPR-White-Paper_v02.pdf\" target=\"\"\n                                           class=\"tile-item__link arrow-link link-green\">Descargar gu\u00eda<\/a>\n                                                                                                <\/div>\n                        <\/div>\n                    <\/div>\n                                                        <div class=\"tile-item\">\n                        <div class=\"resources-tiles-block__tile tile-item__wrapper\">\n                            <div class=\"tile-item__content\">\n                                <h3 class=\"tile-item__title\">\n                                    \u00a1Exigiendo privacidad! El GDPR europeo conquista el mundo\n                                <\/h3>\n                                <p class=\"tile-item__text\">Consulte nuestra entrada de blog para obtener m\u00e1s informaci\u00f3n sobre la preparaci\u00f3n para el RGPD.<\/p>\n                            <\/div>\n                            <div class=\"tile-item__cta\">\n                                                                                                            <a href=\"https:\/\/therefore.net\/gdpr-strengthens-privacy-laws\/\" target=\"\"\n                                           class=\"tile-item__link arrow-link link-green\">Leer m\u00e1s<\/a>\n                                                                                                <\/div>\n                        <\/div>\n                    <\/div>\n                                                        <div class=\"tile-item\">\n                        <div class=\"resources-tiles-block__tile tile-item__wrapper\">\n                            <div class=\"tile-item__content\">\n                                <h3 class=\"tile-item__title\">\n                                    Therefore Corporation anuncia que est\u00e1 preparada para el RGPD\n                                <\/h3>\n                                <p class=\"tile-item__text\">Descargue el \u00faltimo comunicado de prensa: Therefore\u2122 cumple los requisitos del RGPD<\/p>\n                            <\/div>\n                            <div class=\"tile-item__cta\">\n                                                                                                            <a href=\"https:\/\/therefore.net\/app\/uploads\/2022\/08\/Therefore-Press-Release-GDPR.pdf\" target=\"\"\n                                           class=\"tile-item__link arrow-link link-green\">Descargar<\/a>\n                                                                                                <\/div>\n                        <\/div>\n                    <\/div>\n                            <\/div>\n            <\/div>\n<\/section>","protected":false},"excerpt":{"rendered":"<p>M\u00e1s informaci\u00f3n<\/p>\n","protected":false},"author":5,"featured_media":0,"parent":9282,"menu_order":0,"comment_status":"closed","ping_status":"closed","template":"","meta":{"_acf_changed":false,"inline_featured_image":false,"footnotes":""},"class_list":["post-9305","page","type-page","status-publish","hentry"],"acf":[],"yoast_head":"<!-- This site is optimized with the Yoast SEO plugin v27.2 - https:\/\/yoast.com\/product\/yoast-seo-wordpress\/ -->\n<title>Therefore\u2122 y el RGPD<\/title>\n<meta name=\"description\" content=\"Las soluciones de software de Therefore\u2122 han sido verificadas y certificadas para permitir una gesti\u00f3n eficaz de los datos de acuerdo con la normativa GDPR.\" \/>\n<meta name=\"robots\" content=\"index, follow, max-snippet:-1, max-image-preview:large, max-video-preview:-1\" \/>\n<link rel=\"canonical\" href=\"https:\/\/therefore.net\/es\/premios-certificaciones\/reglamento-general-de-proteccion-de-datos\/\" \/>\n<script type=\"application\/ld+json\" class=\"yoast-schema-graph\">{\"@context\":\"https:\/\/schema.org\",\"@graph\":[{\"@type\":\"WebPage\",\"@id\":\"https:\/\/therefore.net\/es\/premios-certificaciones\/reglamento-general-de-proteccion-de-datos\/\",\"url\":\"https:\/\/therefore.net\/es\/premios-certificaciones\/reglamento-general-de-proteccion-de-datos\/\",\"name\":\"Therefore\u2122 y el RGPD\",\"isPartOf\":{\"@id\":\"https:\/\/therefore.net\/es\/#website\"},\"datePublished\":\"2022-08-03T19:47:10+00:00\",\"dateModified\":\"2025-03-06T14:30:19+00:00\",\"description\":\"Las soluciones de software de Therefore\u2122 han sido verificadas y certificadas para permitir una gesti\u00f3n eficaz de los datos de acuerdo con la normativa GDPR.\",\"breadcrumb\":{\"@id\":\"https:\/\/therefore.net\/es\/premios-certificaciones\/reglamento-general-de-proteccion-de-datos\/#breadcrumb\"},\"inLanguage\":\"es-ES\",\"potentialAction\":[{\"@type\":\"ReadAction\",\"target\":[\"https:\/\/therefore.net\/es\/premios-certificaciones\/reglamento-general-de-proteccion-de-datos\/\"]}]},{\"@type\":\"BreadcrumbList\",\"@id\":\"https:\/\/therefore.net\/es\/premios-certificaciones\/reglamento-general-de-proteccion-de-datos\/#breadcrumb\",\"itemListElement\":[{\"@type\":\"ListItem\",\"position\":1,\"name\":\"Home\",\"item\":\"https:\/\/therefore.net\/es\/\"},{\"@type\":\"ListItem\",\"position\":2,\"name\":\"Premios\/Certificaciones\",\"item\":\"https:\/\/therefore.net\/es\/premios-certificaciones\/\"},{\"@type\":\"ListItem\",\"position\":3,\"name\":\"Reglamento general de protecci\u00f3n de datos\"}]},{\"@type\":\"WebSite\",\"@id\":\"https:\/\/therefore.net\/es\/#website\",\"url\":\"https:\/\/therefore.net\/es\/\",\"name\":\"Therefore\",\"description\":\"\",\"publisher\":{\"@id\":\"https:\/\/therefore.net\/es\/#organization\"},\"potentialAction\":[{\"@type\":\"SearchAction\",\"target\":{\"@type\":\"EntryPoint\",\"urlTemplate\":\"https:\/\/therefore.net\/es\/?s={search_term_string}\"},\"query-input\":{\"@type\":\"PropertyValueSpecification\",\"valueRequired\":true,\"valueName\":\"search_term_string\"}}],\"inLanguage\":\"es-ES\"},{\"@type\":\"Organization\",\"@id\":\"https:\/\/therefore.net\/es\/#organization\",\"name\":\"Therefore\",\"url\":\"https:\/\/therefore.net\/es\/\",\"logo\":{\"@type\":\"ImageObject\",\"inLanguage\":\"es-ES\",\"@id\":\"https:\/\/therefore.net\/es\/#\/schema\/logo\/image\/\",\"url\":\"https:\/\/therefore.net\/wp\/..\/app\/uploads\/2022\/04\/logo.png\",\"contentUrl\":\"https:\/\/therefore.net\/wp\/..\/app\/uploads\/2022\/04\/logo.png\",\"width\":176,\"height\":48,\"caption\":\"Therefore\"},\"image\":{\"@id\":\"https:\/\/therefore.net\/es\/#\/schema\/logo\/image\/\"},\"sameAs\":[\"https:\/\/www.linkedin.com\/company\/therefore-corporation\/\",\"https:\/\/www.youtube.com\/user\/ThereforeTV\"]}]}<\/script>\n<!-- \/ Yoast SEO plugin. -->","yoast_head_json":{"title":"Therefore\u2122 y el RGPD","description":"Las soluciones de software de Therefore\u2122 han sido verificadas y certificadas para permitir una gesti\u00f3n eficaz de los datos de acuerdo con la normativa GDPR.","robots":{"index":"index","follow":"follow","max-snippet":"max-snippet:-1","max-image-preview":"max-image-preview:large","max-video-preview":"max-video-preview:-1"},"canonical":"https:\/\/therefore.net\/es\/premios-certificaciones\/reglamento-general-de-proteccion-de-datos\/","schema":{"@context":"https:\/\/schema.org","@graph":[{"@type":"WebPage","@id":"https:\/\/therefore.net\/es\/premios-certificaciones\/reglamento-general-de-proteccion-de-datos\/","url":"https:\/\/therefore.net\/es\/premios-certificaciones\/reglamento-general-de-proteccion-de-datos\/","name":"Therefore\u2122 y el RGPD","isPartOf":{"@id":"https:\/\/therefore.net\/es\/#website"},"datePublished":"2022-08-03T19:47:10+00:00","dateModified":"2025-03-06T14:30:19+00:00","description":"Las soluciones de software de Therefore\u2122 han sido verificadas y certificadas para permitir una gesti\u00f3n eficaz de los datos de acuerdo con la normativa GDPR.","breadcrumb":{"@id":"https:\/\/therefore.net\/es\/premios-certificaciones\/reglamento-general-de-proteccion-de-datos\/#breadcrumb"},"inLanguage":"es-ES","potentialAction":[{"@type":"ReadAction","target":["https:\/\/therefore.net\/es\/premios-certificaciones\/reglamento-general-de-proteccion-de-datos\/"]}]},{"@type":"BreadcrumbList","@id":"https:\/\/therefore.net\/es\/premios-certificaciones\/reglamento-general-de-proteccion-de-datos\/#breadcrumb","itemListElement":[{"@type":"ListItem","position":1,"name":"Home","item":"https:\/\/therefore.net\/es\/"},{"@type":"ListItem","position":2,"name":"Premios\/Certificaciones","item":"https:\/\/therefore.net\/es\/premios-certificaciones\/"},{"@type":"ListItem","position":3,"name":"Reglamento general de protecci\u00f3n de datos"}]},{"@type":"WebSite","@id":"https:\/\/therefore.net\/es\/#website","url":"https:\/\/therefore.net\/es\/","name":"Therefore","description":"","publisher":{"@id":"https:\/\/therefore.net\/es\/#organization"},"potentialAction":[{"@type":"SearchAction","target":{"@type":"EntryPoint","urlTemplate":"https:\/\/therefore.net\/es\/?s={search_term_string}"},"query-input":{"@type":"PropertyValueSpecification","valueRequired":true,"valueName":"search_term_string"}}],"inLanguage":"es-ES"},{"@type":"Organization","@id":"https:\/\/therefore.net\/es\/#organization","name":"Therefore","url":"https:\/\/therefore.net\/es\/","logo":{"@type":"ImageObject","inLanguage":"es-ES","@id":"https:\/\/therefore.net\/es\/#\/schema\/logo\/image\/","url":"https:\/\/therefore.net\/wp\/..\/app\/uploads\/2022\/04\/logo.png","contentUrl":"https:\/\/therefore.net\/wp\/..\/app\/uploads\/2022\/04\/logo.png","width":176,"height":48,"caption":"Therefore"},"image":{"@id":"https:\/\/therefore.net\/es\/#\/schema\/logo\/image\/"},"sameAs":["https:\/\/www.linkedin.com\/company\/therefore-corporation\/","https:\/\/www.youtube.com\/user\/ThereforeTV"]}]}},"_links":{"self":[{"href":"https:\/\/therefore.net\/es\/wp-json\/wp\/v2\/pages\/9305","targetHints":{"allow":["GET"]}}],"collection":[{"href":"https:\/\/therefore.net\/es\/wp-json\/wp\/v2\/pages"}],"about":[{"href":"https:\/\/therefore.net\/es\/wp-json\/wp\/v2\/types\/page"}],"author":[{"embeddable":true,"href":"https:\/\/therefore.net\/es\/wp-json\/wp\/v2\/users\/5"}],"replies":[{"embeddable":true,"href":"https:\/\/therefore.net\/es\/wp-json\/wp\/v2\/comments?post=9305"}],"version-history":[{"count":3,"href":"https:\/\/therefore.net\/es\/wp-json\/wp\/v2\/pages\/9305\/revisions"}],"predecessor-version":[{"id":9336,"href":"https:\/\/therefore.net\/es\/wp-json\/wp\/v2\/pages\/9305\/revisions\/9336"}],"up":[{"embeddable":true,"href":"https:\/\/therefore.net\/es\/wp-json\/wp\/v2\/pages\/9282"}],"wp:attachment":[{"href":"https:\/\/therefore.net\/es\/wp-json\/wp\/v2\/media?parent=9305"}],"curies":[{"name":"wp","href":"https:\/\/api.w.org\/{rel}","templated":true}]}}