{"id":9309,"date":"2022-08-03T22:06:29","date_gmt":"2022-08-03T20:06:29","guid":{"rendered":"https:\/\/therefore.net\/premios-certificaciones\/conector-nav-certificado\/"},"modified":"2025-03-06T14:16:46","modified_gmt":"2025-03-06T13:16:46","slug":"conector-nav-certificado","status":"publish","type":"page","link":"https:\/\/therefore.net\/es\/premios-certificaciones\/conector-nav-certificado\/","title":{"rendered":"Conector NAV certificado"},"content":{"rendered":"\n<section class=\"custom-block video-img-section video-img-section--shape \">\n    <div class=\"container video-img-section__container\">\n\n        <div class=\"video-img-section__row\">\n            <div class=\"video-img-section__media video-img-section__media\">\n                                <div class=\"video-img-section__media__item video-img-section__media__item--image\">\n                                            <img decoding=\"async\" width=\"515\" height=\"560\" src=\"https:\/\/therefore.net\/wp\/..\/app\/uploads\/2022\/04\/contact-us.png\" class=\"attachment-full size-full\" alt=\"Un grupo de personas con jers\u00e9is de colores apilan sus manos en el centro, simbolizando la unidad y el trabajo en equipo.\" srcset=\"https:\/\/therefore.net\/wp\/..\/app\/uploads\/2022\/04\/contact-us.png 515w, https:\/\/therefore.net\/wp\/..\/app\/uploads\/2022\/04\/contact-us-276x300.png 276w\" sizes=\"(max-width: 515px) 100vw, 515px\" \/>\n                                    <\/div>\n                            <\/div>\n\n            <div class=\"video-img-section__content\">\n                                                        <h2 class=\"video-img-section__title\">Conector Therefore\u2122 certificado para Dynamics NAV<\/h2>\n                \n                            <\/div>\n        <\/div>\n\n\n    <\/div>\n\n<\/section>\n<div class=\"custom-block simple-paragraph\">\n    <div class=\"container\">\n        <div class=\"blog-post__content blog-post__content--wide\">\n            <div class=\"wpb_text_column wpb_content_element margin_bottom_35\">\n<div class=\"wpb_wrapper\">\n<h1><strong>Acerca de Therefore\u2122 Connector para Dynamics NAV<\/strong><\/h1>\n<p>&nbsp;<\/p>\n<\/div>\n<\/div>\n<p><strong>Therefore\u2122 Connector para Dynamics NAV permite enviar datos entre los sistemas NAV y Therefore\u2122.<\/strong><\/p>\n<p>Therefore\u2122 Connector para Microsoft Dynamics NAV ampl\u00eda las capacidades de integraci\u00f3n de su sistema Therefore\u2122. El conector permite el uso paralelo de Therefore\u2122 y Dynamics NAV, lo que le permite disfrutar de las ventajas de ambos sistemas. Los documentos de Therefore\u2122 se incorporan a la estructura de datos de Dynamics NAV, al igual que los documentos de Dynamics NAV se guardan autom\u00e1ticamente en el archivo de Therefore\u2122.<\/p>\n<p>&nbsp;<\/p>\n\n        <\/div>\n\n            <\/div>\n<\/div>\n\n<div class=\"custom-block simple-paragraph\">\n    <div class=\"container\">\n        <div class=\"blog-post__content blog-post__content--wide\">\n            <p><img decoding=\"async\" class=\"alignnone size-full wp-image-1108\" src=\"https:\/\/therefore.net\/wp\/..\/app\/uploads\/2022\/08\/MS_Dynamics_CertifiedFor_NAV_c.png\" alt=\"\" width=\"785\" height=\"512\" srcset=\"https:\/\/therefore.net\/wp\/..\/app\/uploads\/2022\/08\/MS_Dynamics_CertifiedFor_NAV_c.png 785w, https:\/\/therefore.net\/wp\/..\/app\/uploads\/2022\/08\/MS_Dynamics_CertifiedFor_NAV_c-300x196.png 300w, https:\/\/therefore.net\/wp\/..\/app\/uploads\/2022\/08\/MS_Dynamics_CertifiedFor_NAV_c-768x501.png 768w\" sizes=\"(max-width: 785px) 100vw, 785px\" \/><\/p>\n\n        <\/div>\n\n            <\/div>\n<\/div>\n\n<div class=\"custom-block simple-paragraph\">\n    <div class=\"container\">\n        <div class=\"blog-post__content blog-post__content--wide\">\n            <div class=\"wpb_text_column wpb_content_element \">\n<div class=\"wpb_wrapper\">\n<h1><strong>La certificaci\u00f3n es v\u00e1lida para la integraci\u00f3n con Microsoft Dynamics NAV<\/strong><\/h1>\n<\/div>\n<\/div>\n<div class=\"wpb_text_column wpb_content_element vc_custom_1537952450376\">\n<div class=\"wpb_wrapper\">\n<p>Lionbridge Technologies ha certificado Therefore\u2122 Connector para Dynamics NAV con Therefore\u2122 Business\/Enterprise Editions.<\/p>\n<p>&nbsp;<\/p>\n<p>La certificaci\u00f3n es v\u00e1lida desde octubre de 2016.<\/p>\n<\/div>\n<\/div>\n\n        <\/div>\n\n            <\/div>\n<\/div>\n\n","protected":false},"excerpt":{"rendered":"","protected":false},"author":5,"featured_media":0,"parent":9282,"menu_order":0,"comment_status":"closed","ping_status":"closed","template":"","meta":{"_acf_changed":false,"inline_featured_image":false,"footnotes":""},"class_list":["post-9309","page","type-page","status-publish","hentry"],"acf":[],"yoast_head":"<!-- This site is optimized with the Yoast SEO plugin v27.3 - https:\/\/yoast.com\/product\/yoast-seo-wordpress\/ -->\n<title>Conector certificado de Dynamics NAV<\/title>\n<meta name=\"description\" content=\"El conector certificado para Dynamics NAV de Therefore\u2122 permite enviar datos entre los sistemas NAV y Therefore\u2122.\" \/>\n<meta name=\"robots\" content=\"index, follow, max-snippet:-1, max-image-preview:large, max-video-preview:-1\" \/>\n<link rel=\"canonical\" href=\"https:\/\/therefore.net\/es\/premios-certificaciones\/conector-nav-certificado\/\" \/>\n<script type=\"application\/ld+json\" class=\"yoast-schema-graph\">{\"@context\":\"https:\\\/\\\/schema.org\",\"@graph\":[{\"@type\":\"WebPage\",\"@id\":\"https:\\\/\\\/therefore.net\\\/es\\\/premios-certificaciones\\\/conector-nav-certificado\\\/\",\"url\":\"https:\\\/\\\/therefore.net\\\/es\\\/premios-certificaciones\\\/conector-nav-certificado\\\/\",\"name\":\"Conector certificado de Dynamics NAV\",\"isPartOf\":{\"@id\":\"https:\\\/\\\/therefore.net\\\/es\\\/#website\"},\"datePublished\":\"2022-08-03T20:06:29+00:00\",\"dateModified\":\"2025-03-06T13:16:46+00:00\",\"description\":\"El conector certificado para Dynamics NAV de Therefore\u2122 permite enviar datos entre los sistemas NAV y Therefore\u2122.\",\"breadcrumb\":{\"@id\":\"https:\\\/\\\/therefore.net\\\/es\\\/premios-certificaciones\\\/conector-nav-certificado\\\/#breadcrumb\"},\"inLanguage\":\"es-ES\",\"potentialAction\":[{\"@type\":\"ReadAction\",\"target\":[\"https:\\\/\\\/therefore.net\\\/es\\\/premios-certificaciones\\\/conector-nav-certificado\\\/\"]}]},{\"@type\":\"BreadcrumbList\",\"@id\":\"https:\\\/\\\/therefore.net\\\/es\\\/premios-certificaciones\\\/conector-nav-certificado\\\/#breadcrumb\",\"itemListElement\":[{\"@type\":\"ListItem\",\"position\":1,\"name\":\"Home\",\"item\":\"https:\\\/\\\/therefore.net\\\/es\\\/\"},{\"@type\":\"ListItem\",\"position\":2,\"name\":\"Premios\\\/Certificaciones\",\"item\":\"https:\\\/\\\/therefore.net\\\/es\\\/premios-certificaciones\\\/\"},{\"@type\":\"ListItem\",\"position\":3,\"name\":\"Conector NAV certificado\"}]},{\"@type\":\"WebSite\",\"@id\":\"https:\\\/\\\/therefore.net\\\/es\\\/#website\",\"url\":\"https:\\\/\\\/therefore.net\\\/es\\\/\",\"name\":\"Therefore\",\"description\":\"\",\"publisher\":{\"@id\":\"https:\\\/\\\/therefore.net\\\/es\\\/#organization\"},\"potentialAction\":[{\"@type\":\"SearchAction\",\"target\":{\"@type\":\"EntryPoint\",\"urlTemplate\":\"https:\\\/\\\/therefore.net\\\/es\\\/?s={search_term_string}\"},\"query-input\":{\"@type\":\"PropertyValueSpecification\",\"valueRequired\":true,\"valueName\":\"search_term_string\"}}],\"inLanguage\":\"es-ES\"},{\"@type\":\"Organization\",\"@id\":\"https:\\\/\\\/therefore.net\\\/es\\\/#organization\",\"name\":\"Therefore\",\"url\":\"https:\\\/\\\/therefore.net\\\/es\\\/\",\"logo\":{\"@type\":\"ImageObject\",\"inLanguage\":\"es-ES\",\"@id\":\"https:\\\/\\\/therefore.net\\\/es\\\/#\\\/schema\\\/logo\\\/image\\\/\",\"url\":\"https:\\\/\\\/therefore.net\\\/wp\\\/..\\\/app\\\/uploads\\\/2022\\\/04\\\/logo.png\",\"contentUrl\":\"https:\\\/\\\/therefore.net\\\/wp\\\/..\\\/app\\\/uploads\\\/2022\\\/04\\\/logo.png\",\"width\":176,\"height\":48,\"caption\":\"Therefore\"},\"image\":{\"@id\":\"https:\\\/\\\/therefore.net\\\/es\\\/#\\\/schema\\\/logo\\\/image\\\/\"},\"sameAs\":[\"https:\\\/\\\/www.linkedin.com\\\/company\\\/therefore-corporation\\\/\",\"https:\\\/\\\/www.youtube.com\\\/user\\\/ThereforeTV\"]}]}<\/script>\n<!-- \/ Yoast SEO plugin. -->","yoast_head_json":{"title":"Conector certificado de Dynamics NAV","description":"El conector certificado para Dynamics NAV de Therefore\u2122 permite enviar datos entre los sistemas NAV y Therefore\u2122.","robots":{"index":"index","follow":"follow","max-snippet":"max-snippet:-1","max-image-preview":"max-image-preview:large","max-video-preview":"max-video-preview:-1"},"canonical":"https:\/\/therefore.net\/es\/premios-certificaciones\/conector-nav-certificado\/","schema":{"@context":"https:\/\/schema.org","@graph":[{"@type":"WebPage","@id":"https:\/\/therefore.net\/es\/premios-certificaciones\/conector-nav-certificado\/","url":"https:\/\/therefore.net\/es\/premios-certificaciones\/conector-nav-certificado\/","name":"Conector certificado de Dynamics NAV","isPartOf":{"@id":"https:\/\/therefore.net\/es\/#website"},"datePublished":"2022-08-03T20:06:29+00:00","dateModified":"2025-03-06T13:16:46+00:00","description":"El conector certificado para Dynamics NAV de Therefore\u2122 permite enviar datos entre los sistemas NAV y Therefore\u2122.","breadcrumb":{"@id":"https:\/\/therefore.net\/es\/premios-certificaciones\/conector-nav-certificado\/#breadcrumb"},"inLanguage":"es-ES","potentialAction":[{"@type":"ReadAction","target":["https:\/\/therefore.net\/es\/premios-certificaciones\/conector-nav-certificado\/"]}]},{"@type":"BreadcrumbList","@id":"https:\/\/therefore.net\/es\/premios-certificaciones\/conector-nav-certificado\/#breadcrumb","itemListElement":[{"@type":"ListItem","position":1,"name":"Home","item":"https:\/\/therefore.net\/es\/"},{"@type":"ListItem","position":2,"name":"Premios\/Certificaciones","item":"https:\/\/therefore.net\/es\/premios-certificaciones\/"},{"@type":"ListItem","position":3,"name":"Conector NAV certificado"}]},{"@type":"WebSite","@id":"https:\/\/therefore.net\/es\/#website","url":"https:\/\/therefore.net\/es\/","name":"Therefore","description":"","publisher":{"@id":"https:\/\/therefore.net\/es\/#organization"},"potentialAction":[{"@type":"SearchAction","target":{"@type":"EntryPoint","urlTemplate":"https:\/\/therefore.net\/es\/?s={search_term_string}"},"query-input":{"@type":"PropertyValueSpecification","valueRequired":true,"valueName":"search_term_string"}}],"inLanguage":"es-ES"},{"@type":"Organization","@id":"https:\/\/therefore.net\/es\/#organization","name":"Therefore","url":"https:\/\/therefore.net\/es\/","logo":{"@type":"ImageObject","inLanguage":"es-ES","@id":"https:\/\/therefore.net\/es\/#\/schema\/logo\/image\/","url":"https:\/\/therefore.net\/wp\/..\/app\/uploads\/2022\/04\/logo.png","contentUrl":"https:\/\/therefore.net\/wp\/..\/app\/uploads\/2022\/04\/logo.png","width":176,"height":48,"caption":"Therefore"},"image":{"@id":"https:\/\/therefore.net\/es\/#\/schema\/logo\/image\/"},"sameAs":["https:\/\/www.linkedin.com\/company\/therefore-corporation\/","https:\/\/www.youtube.com\/user\/ThereforeTV"]}]}},"_links":{"self":[{"href":"https:\/\/therefore.net\/es\/wp-json\/wp\/v2\/pages\/9309","targetHints":{"allow":["GET"]}}],"collection":[{"href":"https:\/\/therefore.net\/es\/wp-json\/wp\/v2\/pages"}],"about":[{"href":"https:\/\/therefore.net\/es\/wp-json\/wp\/v2\/types\/page"}],"author":[{"embeddable":true,"href":"https:\/\/therefore.net\/es\/wp-json\/wp\/v2\/users\/5"}],"replies":[{"embeddable":true,"href":"https:\/\/therefore.net\/es\/wp-json\/wp\/v2\/comments?post=9309"}],"version-history":[{"count":1,"href":"https:\/\/therefore.net\/es\/wp-json\/wp\/v2\/pages\/9309\/revisions"}],"predecessor-version":[{"id":9310,"href":"https:\/\/therefore.net\/es\/wp-json\/wp\/v2\/pages\/9309\/revisions\/9310"}],"up":[{"embeddable":true,"href":"https:\/\/therefore.net\/es\/wp-json\/wp\/v2\/pages\/9282"}],"wp:attachment":[{"href":"https:\/\/therefore.net\/es\/wp-json\/wp\/v2\/media?parent=9309"}],"curies":[{"name":"wp","href":"https:\/\/api.w.org\/{rel}","templated":true}]}}