{"id":9311,"date":"2022-08-03T21:58:02","date_gmt":"2022-08-03T19:58:02","guid":{"rendered":"https:\/\/therefore.net\/premios-certificaciones\/conector-therefore-certificado-para-sap\/"},"modified":"2025-03-06T14:19:41","modified_gmt":"2025-03-06T13:19:41","slug":"conector-therefore-certificado-para-sap","status":"publish","type":"page","link":"https:\/\/therefore.net\/es\/premios-certificaciones\/conector-therefore-certificado-para-sap\/","title":{"rendered":"Conector Therefore\u2122 certificado para SAP"},"content":{"rendered":"\n<section class=\"custom-block video-img-section video-img-section--shape \">\n    <div class=\"container video-img-section__container\">\n\n        <div class=\"video-img-section__row\">\n            <div class=\"video-img-section__media video-img-section__media\">\n                                <div class=\"video-img-section__media__item video-img-section__media__item--image\">\n                                            <img decoding=\"async\" width=\"515\" height=\"560\" src=\"https:\/\/therefore.net\/wp\/..\/app\/uploads\/2022\/04\/contact-us.png\" class=\"attachment-full size-full\" alt=\"Un grupo de personas con jers\u00e9is de colores apilan sus manos en el centro, simbolizando la unidad y el trabajo en equipo.\" srcset=\"https:\/\/therefore.net\/wp\/..\/app\/uploads\/2022\/04\/contact-us.png 515w, https:\/\/therefore.net\/wp\/..\/app\/uploads\/2022\/04\/contact-us-276x300.png 276w\" sizes=\"(max-width: 515px) 100vw, 515px\" \/>\n                                    <\/div>\n                            <\/div>\n\n            <div class=\"video-img-section__content\">\n                                                        <h2 class=\"video-img-section__title\">Conector Therefore\u2122 certificado para SAP<\/h2>\n                \n                            <\/div>\n        <\/div>\n\n\n    <\/div>\n\n<\/section>\n<div class=\"custom-block simple-paragraph\">\n    <div class=\"container\">\n        <div class=\"blog-post__content blog-post__content--wide\">\n            <h1>Acerca de Therefore\u2122 Connector para SAP<\/h1>\n<p>&nbsp;<\/p>\n<p><strong>Therefore\u2122 Connector para SAP permite enviar datos entre los sistemas SAP y Therefore\u2122.<\/strong><\/p>\n<p>El conector se basa en ArchiveLink y est\u00e1 certificado por SAP. Al utilizar el sistema Therefore\u2122 junto con SAP, es posible maximizar el uso de ambos sistemas, aumentar la visibilidad y accesibilidad de los datos empresariales clave y garantizar el rendimiento a largo plazo de su sistema SAP.<\/p>\n\n        <\/div>\n\n            <\/div>\n<\/div>\n\n<div class=\"custom-block simple-paragraph\">\n    <div class=\"container\">\n        <div class=\"blog-post__content blog-post__content--wide\">\n            <p><img decoding=\"async\" class=\"alignnone size-large wp-image-1095\" src=\"https:\/\/therefore.net\/wp\/..\/app\/uploads\/2022\/08\/SAP_Certi_Integration_SAPS4HANA_R-1024x203.jpg\" alt=\"\" width=\"1024\" height=\"203\" srcset=\"https:\/\/therefore.net\/wp\/..\/app\/uploads\/2022\/08\/SAP_Certi_Integration_SAPS4HANA_R-1024x203.jpg 1024w, https:\/\/therefore.net\/wp\/..\/app\/uploads\/2022\/08\/SAP_Certi_Integration_SAPS4HANA_R-300x59.jpg 300w, https:\/\/therefore.net\/wp\/..\/app\/uploads\/2022\/08\/SAP_Certi_Integration_SAPS4HANA_R-768x152.jpg 768w, https:\/\/therefore.net\/wp\/..\/app\/uploads\/2022\/08\/SAP_Certi_Integration_SAPS4HANA_R.jpg 1227w\" sizes=\"(max-width: 1024px) 100vw, 1024px\" \/><\/p>\n<p>&nbsp;<\/p>\n<p>&nbsp;<\/p>\n<p><img decoding=\"async\" class=\"size-full wp-image-1091 aligncenter\" src=\"https:\/\/therefore.net\/wp\/..\/app\/uploads\/2022\/08\/SAPCerti_Int_SAPNetW_CG10_R_pos-1024x195-1.jpg\" alt=\"\" width=\"1024\" height=\"195\" srcset=\"https:\/\/therefore.net\/wp\/..\/app\/uploads\/2022\/08\/SAPCerti_Int_SAPNetW_CG10_R_pos-1024x195-1.jpg 1024w, https:\/\/therefore.net\/wp\/..\/app\/uploads\/2022\/08\/SAPCerti_Int_SAPNetW_CG10_R_pos-1024x195-1-300x57.jpg 300w, https:\/\/therefore.net\/wp\/..\/app\/uploads\/2022\/08\/SAPCerti_Int_SAPNetW_CG10_R_pos-1024x195-1-768x146.jpg 768w\" sizes=\"(max-width: 1024px) 100vw, 1024px\" \/><\/p>\n\n        <\/div>\n\n            <\/div>\n<\/div>\n\n<div class=\"custom-block simple-paragraph\">\n    <div class=\"container\">\n        <div class=\"blog-post__content blog-post__content--wide\">\n            <div class=\"wpb_text_column wpb_content_element \">\n<div class=\"wpb_wrapper\">\n<h1><strong>La certificaci\u00f3n es v\u00e1lida para la integraci\u00f3n con SAP NetWeaver\u00ae y SAP S\/4 HANA.<\/strong><\/h1>\n<p>&nbsp;<\/p>\n<\/div>\n<\/div>\n<div class=\"wpb_text_column wpb_content_element vc_custom_1537951021912\">\n<div class=\"wpb_wrapper\">\n<p>SAP SE ha certificado Therefore\u2122 Connector para SAP con Therefore\u2122 Business\/Enterprise Editions a trav\u00e9s del escenario de integraci\u00f3n SAP BC-AL 7.20 y S\/4-BC-AL 7.20.<\/p>\n<p>Las funciones certificadas incluyen:<\/p>\n<ul>\n<li>HTTP Content Server Functionality<\/li>\n<li>OLE Frontend Functionality<\/li>\n<li>Barcode BAPI<\/li>\n<\/ul>\n<\/div>\n<\/div>\n\n        <\/div>\n\n            <\/div>\n<\/div>\n\n\n<div style=\"height:100px\" aria-hidden=\"true\" class=\"wp-block-spacer\"><\/div>\n\n<h1 class=\"wp-block-heading has-text-align-center\">M\u00e1s informaci\u00f3n<\/h1>\n<div class=\"custom-block simple-paragraph\">\n    <div class=\"container\">\n        <div class=\"blog-post__content blog-post__content--wide\">\n            <div class=\"wpb_text_column wpb_content_element vc_custom_1537950666669\">\n<div class=\"wpb_wrapper\">\n<h3>\u00bfSab\u00eda que? Therefore\u2122 Connector for SAP cuenta con la certificaci\u00f3n continua de SAP SE desde 2012.<\/h3>\n<p><strong>\u00a0<\/strong><\/p>\n<\/div>\n<\/div>\n<div class=\"wpb_text_column wpb_content_element vc_custom_1537950961101\">\n<div class=\"wpb_wrapper\">\n<p>Therefore\u2122 Connector for SAP est\u00e1 certificado desde 2012. Los certificados son v\u00e1lidos durante 3 a\u00f1os y se renuevan continuamente. Cada edici\u00f3n de Therefore\u2122 dentro del periodo de 3 a\u00f1os de la certificaci\u00f3n est\u00e1 certificada.<\/p>\n<p>&nbsp;<\/p>\n<p>\u00daltimas certificaciones:<\/p>\n<p>&nbsp;<\/p>\n<ul>\n<li>Julio de 2021 Certificaci\u00f3n para la integraci\u00f3n con SAP S\/4 HANA<\/li>\n<li>Agosto de 2018 Certificaci\u00f3n para la Integraci\u00f3n con SAP S\/4 HANA<\/li>\n<li>Marzo de 2016 Certificaci\u00f3n para la integraci\u00f3n con SAP NetWeaver<\/li>\n<li>Diciembre 2012 Certificaci\u00f3n para la Integraci\u00f3n con SAP NetWeaver<\/li>\n<\/ul>\n<\/div>\n<\/div>\n\n        <\/div>\n\n            <\/div>\n<\/div>\n\n","protected":false},"excerpt":{"rendered":"<p>M\u00e1s informaci\u00f3n<\/p>\n","protected":false},"author":5,"featured_media":0,"parent":9282,"menu_order":0,"comment_status":"closed","ping_status":"closed","template":"","meta":{"_acf_changed":false,"inline_featured_image":false,"footnotes":""},"class_list":["post-9311","page","type-page","status-publish","hentry"],"acf":[],"yoast_head":"<!-- This site is optimized with the Yoast SEO plugin v27.4 - https:\/\/yoast.com\/product\/yoast-seo-wordpress\/ -->\n<title>Conector Therefore\u2122 certificado para SAP<\/title>\n<meta name=\"description\" content=\"El conector Therefore\u2122 Connector for SAP certificado por Therefore\u2122 permite enviar datos entre los sistemas SAP y Therefore\u2122.\" \/>\n<meta name=\"robots\" content=\"index, follow, max-snippet:-1, max-image-preview:large, max-video-preview:-1\" \/>\n<link rel=\"canonical\" href=\"https:\/\/therefore.net\/es\/premios-certificaciones\/conector-therefore-certificado-para-sap\/\" \/>\n<script type=\"application\/ld+json\" class=\"yoast-schema-graph\">{\"@context\":\"https:\\\/\\\/schema.org\",\"@graph\":[{\"@type\":\"WebPage\",\"@id\":\"https:\\\/\\\/therefore.net\\\/es\\\/premios-certificaciones\\\/conector-therefore-certificado-para-sap\\\/\",\"url\":\"https:\\\/\\\/therefore.net\\\/es\\\/premios-certificaciones\\\/conector-therefore-certificado-para-sap\\\/\",\"name\":\"Conector Therefore\u2122 certificado para SAP\",\"isPartOf\":{\"@id\":\"https:\\\/\\\/therefore.net\\\/es\\\/#website\"},\"datePublished\":\"2022-08-03T19:58:02+00:00\",\"dateModified\":\"2025-03-06T13:19:41+00:00\",\"description\":\"El conector Therefore\u2122 Connector for SAP certificado por Therefore\u2122 permite enviar datos entre los sistemas SAP y Therefore\u2122.\",\"breadcrumb\":{\"@id\":\"https:\\\/\\\/therefore.net\\\/es\\\/premios-certificaciones\\\/conector-therefore-certificado-para-sap\\\/#breadcrumb\"},\"inLanguage\":\"es-ES\",\"potentialAction\":[{\"@type\":\"ReadAction\",\"target\":[\"https:\\\/\\\/therefore.net\\\/es\\\/premios-certificaciones\\\/conector-therefore-certificado-para-sap\\\/\"]}]},{\"@type\":\"BreadcrumbList\",\"@id\":\"https:\\\/\\\/therefore.net\\\/es\\\/premios-certificaciones\\\/conector-therefore-certificado-para-sap\\\/#breadcrumb\",\"itemListElement\":[{\"@type\":\"ListItem\",\"position\":1,\"name\":\"Home\",\"item\":\"https:\\\/\\\/therefore.net\\\/es\\\/\"},{\"@type\":\"ListItem\",\"position\":2,\"name\":\"Premios\\\/Certificaciones\",\"item\":\"https:\\\/\\\/therefore.net\\\/es\\\/premios-certificaciones\\\/\"},{\"@type\":\"ListItem\",\"position\":3,\"name\":\"Conector Therefore\u2122 certificado para SAP\"}]},{\"@type\":\"WebSite\",\"@id\":\"https:\\\/\\\/therefore.net\\\/es\\\/#website\",\"url\":\"https:\\\/\\\/therefore.net\\\/es\\\/\",\"name\":\"Therefore\",\"description\":\"\",\"publisher\":{\"@id\":\"https:\\\/\\\/therefore.net\\\/es\\\/#organization\"},\"potentialAction\":[{\"@type\":\"SearchAction\",\"target\":{\"@type\":\"EntryPoint\",\"urlTemplate\":\"https:\\\/\\\/therefore.net\\\/es\\\/?s={search_term_string}\"},\"query-input\":{\"@type\":\"PropertyValueSpecification\",\"valueRequired\":true,\"valueName\":\"search_term_string\"}}],\"inLanguage\":\"es-ES\"},{\"@type\":\"Organization\",\"@id\":\"https:\\\/\\\/therefore.net\\\/es\\\/#organization\",\"name\":\"Therefore\",\"url\":\"https:\\\/\\\/therefore.net\\\/es\\\/\",\"logo\":{\"@type\":\"ImageObject\",\"inLanguage\":\"es-ES\",\"@id\":\"https:\\\/\\\/therefore.net\\\/es\\\/#\\\/schema\\\/logo\\\/image\\\/\",\"url\":\"https:\\\/\\\/therefore.net\\\/wp\\\/..\\\/app\\\/uploads\\\/2022\\\/04\\\/logo.png\",\"contentUrl\":\"https:\\\/\\\/therefore.net\\\/wp\\\/..\\\/app\\\/uploads\\\/2022\\\/04\\\/logo.png\",\"width\":176,\"height\":48,\"caption\":\"Therefore\"},\"image\":{\"@id\":\"https:\\\/\\\/therefore.net\\\/es\\\/#\\\/schema\\\/logo\\\/image\\\/\"},\"sameAs\":[\"https:\\\/\\\/www.linkedin.com\\\/company\\\/therefore-corporation\\\/\",\"https:\\\/\\\/www.youtube.com\\\/user\\\/ThereforeTV\"]}]}<\/script>\n<!-- \/ Yoast SEO plugin. -->","yoast_head_json":{"title":"Conector Therefore\u2122 certificado para SAP","description":"El conector Therefore\u2122 Connector for SAP certificado por Therefore\u2122 permite enviar datos entre los sistemas SAP y Therefore\u2122.","robots":{"index":"index","follow":"follow","max-snippet":"max-snippet:-1","max-image-preview":"max-image-preview:large","max-video-preview":"max-video-preview:-1"},"canonical":"https:\/\/therefore.net\/es\/premios-certificaciones\/conector-therefore-certificado-para-sap\/","schema":{"@context":"https:\/\/schema.org","@graph":[{"@type":"WebPage","@id":"https:\/\/therefore.net\/es\/premios-certificaciones\/conector-therefore-certificado-para-sap\/","url":"https:\/\/therefore.net\/es\/premios-certificaciones\/conector-therefore-certificado-para-sap\/","name":"Conector Therefore\u2122 certificado para SAP","isPartOf":{"@id":"https:\/\/therefore.net\/es\/#website"},"datePublished":"2022-08-03T19:58:02+00:00","dateModified":"2025-03-06T13:19:41+00:00","description":"El conector Therefore\u2122 Connector for SAP certificado por Therefore\u2122 permite enviar datos entre los sistemas SAP y Therefore\u2122.","breadcrumb":{"@id":"https:\/\/therefore.net\/es\/premios-certificaciones\/conector-therefore-certificado-para-sap\/#breadcrumb"},"inLanguage":"es-ES","potentialAction":[{"@type":"ReadAction","target":["https:\/\/therefore.net\/es\/premios-certificaciones\/conector-therefore-certificado-para-sap\/"]}]},{"@type":"BreadcrumbList","@id":"https:\/\/therefore.net\/es\/premios-certificaciones\/conector-therefore-certificado-para-sap\/#breadcrumb","itemListElement":[{"@type":"ListItem","position":1,"name":"Home","item":"https:\/\/therefore.net\/es\/"},{"@type":"ListItem","position":2,"name":"Premios\/Certificaciones","item":"https:\/\/therefore.net\/es\/premios-certificaciones\/"},{"@type":"ListItem","position":3,"name":"Conector Therefore\u2122 certificado para SAP"}]},{"@type":"WebSite","@id":"https:\/\/therefore.net\/es\/#website","url":"https:\/\/therefore.net\/es\/","name":"Therefore","description":"","publisher":{"@id":"https:\/\/therefore.net\/es\/#organization"},"potentialAction":[{"@type":"SearchAction","target":{"@type":"EntryPoint","urlTemplate":"https:\/\/therefore.net\/es\/?s={search_term_string}"},"query-input":{"@type":"PropertyValueSpecification","valueRequired":true,"valueName":"search_term_string"}}],"inLanguage":"es-ES"},{"@type":"Organization","@id":"https:\/\/therefore.net\/es\/#organization","name":"Therefore","url":"https:\/\/therefore.net\/es\/","logo":{"@type":"ImageObject","inLanguage":"es-ES","@id":"https:\/\/therefore.net\/es\/#\/schema\/logo\/image\/","url":"https:\/\/therefore.net\/wp\/..\/app\/uploads\/2022\/04\/logo.png","contentUrl":"https:\/\/therefore.net\/wp\/..\/app\/uploads\/2022\/04\/logo.png","width":176,"height":48,"caption":"Therefore"},"image":{"@id":"https:\/\/therefore.net\/es\/#\/schema\/logo\/image\/"},"sameAs":["https:\/\/www.linkedin.com\/company\/therefore-corporation\/","https:\/\/www.youtube.com\/user\/ThereforeTV"]}]}},"_links":{"self":[{"href":"https:\/\/therefore.net\/es\/wp-json\/wp\/v2\/pages\/9311","targetHints":{"allow":["GET"]}}],"collection":[{"href":"https:\/\/therefore.net\/es\/wp-json\/wp\/v2\/pages"}],"about":[{"href":"https:\/\/therefore.net\/es\/wp-json\/wp\/v2\/types\/page"}],"author":[{"embeddable":true,"href":"https:\/\/therefore.net\/es\/wp-json\/wp\/v2\/users\/5"}],"replies":[{"embeddable":true,"href":"https:\/\/therefore.net\/es\/wp-json\/wp\/v2\/comments?post=9311"}],"version-history":[{"count":1,"href":"https:\/\/therefore.net\/es\/wp-json\/wp\/v2\/pages\/9311\/revisions"}],"predecessor-version":[{"id":9312,"href":"https:\/\/therefore.net\/es\/wp-json\/wp\/v2\/pages\/9311\/revisions\/9312"}],"up":[{"embeddable":true,"href":"https:\/\/therefore.net\/es\/wp-json\/wp\/v2\/pages\/9282"}],"wp:attachment":[{"href":"https:\/\/therefore.net\/es\/wp-json\/wp\/v2\/media?parent=9311"}],"curies":[{"name":"wp","href":"https:\/\/api.w.org\/{rel}","templated":true}]}}