{"id":9313,"date":"2022-08-01T22:26:48","date_gmt":"2022-08-01T20:26:48","guid":{"rendered":"https:\/\/therefore.net\/soporte-de-dynamics-nav-connector\/"},"modified":"2025-03-06T14:26:07","modified_gmt":"2025-03-06T13:26:07","slug":"soporte-de-dynamics-nav-connector","status":"publish","type":"page","link":"https:\/\/therefore.net\/es\/soporte-de-dynamics-nav-connector\/","title":{"rendered":"Soporte de Dynamics NAV Connector"},"content":{"rendered":"<div class=\"custom-block simple-paragraph\">\n    <div class=\"container\">\n        <div class=\"blog-post__content blog-post__content--wide\">\n            <h2>Asistencia t\u00e9cnica para el conector de Dynamics NAV<\/h2>\n\n        <\/div>\n\n            <\/div>\n<\/div>\n\n\n\n<section class=\"custom-block accordion-block\">\n    <div class=\"container  accordion-block__container\">\n        <div class=\"accordion-block__accent\">\n            <svg width=\"350\" height=\"246\" viewBox=\"0 0 350 246\" fill=\"none\" xmlns=\"http:\/\/www.w3.org\/2000\/svg\">\n<g clip-path=\"url(#clip0_266_73703)\">\n<path d=\"M0 0H350V246H200C89.5431 246 0 156.457 0 46V0Z\" fill=\"#1E5BFA\"\/>\n<g filter=\"url(#filter0_f_266_73703)\">\n<circle cx=\"74\" cy=\"187\" r=\"218\" fill=\"#44EDF8\" fill-opacity=\"0.56\"\/>\n<\/g>\n<\/g>\n<defs>\n<filter id=\"filter0_f_266_73703\" x=\"-444\" y=\"-331\" width=\"1036\" height=\"1036\" filterUnits=\"userSpaceOnUse\" color-interpolation-filters=\"sRGB\">\n<feFlood flood-opacity=\"0\" result=\"BackgroundImageFix\"\/>\n<feBlend mode=\"normal\" in=\"SourceGraphic\" in2=\"BackgroundImageFix\" result=\"shape\"\/>\n<feGaussianBlur stdDeviation=\"150\" result=\"effect1_foregroundBlur_266_73703\"\/>\n<\/filter>\n<clipPath id=\"clip0_266_73703\">\n<path d=\"M0 0H350V246H200C89.5431 246 0 156.457 0 46V0Z\" fill=\"white\"\/>\n<\/clipPath>\n<\/defs>\n<\/svg>\n\n        <\/div>\n        <div class=\"accordion-block__content\">\n            <h2 class=\"accordion-block__content__heading\">\n                \n            <\/h2>\n            <div class=\"accordion-block__items\">\n                                                <div class=\"accordion-block__items__item accordion-item\">\n                    <h3 class=\"accordion-item__title\">\n                        Ciclo de vida del producto\n                        <div class=\"accordion-item__toggle\">\n                            <svg width=\"24\" height=\"24\" viewBox=\"0 0 24 24\" fill=\"none\" xmlns=\"http:\/\/www.w3.org\/2000\/svg\">\n<path fill-rule=\"evenodd\" clip-rule=\"evenodd\" d=\"M13.1943 4.11509C13.1943 3.49924 12.6951 3 12.0792 3C11.4634 3 10.9642 3.49924 10.9642 4.11509L10.9642 10.8057L4.1151 10.8057C3.49925 10.8057 3 11.3049 3 11.9208C3 12.5366 3.49924 13.0358 4.11509 13.0358H10.9642L10.9642 19.8849C10.9642 20.5008 11.4634 21 12.0792 21C12.6951 21 13.1943 20.5008 13.1943 19.8849L13.1943 13.0358H19.8849C20.5008 13.0358 21 12.5366 21 11.9208C21 11.3049 20.5008 10.8057 19.8849 10.8057L13.1943 10.8057L13.1943 4.11509Z\" fill=\"black\" fill-opacity=\"0.87\"\/>\n<\/svg>\n\n                        <\/div>\n                    <\/h3>\n                    <div class=\"accordion-item__content\">\n                        <p>Therefore Corporation se dedica a proporcionar y dar soporte a software estable. M\u00e1s informaci\u00f3n sobre la pol\u00edtica de ciclo de vida de nuestros productos\u00a0<a href=\"https:\/\/therefore.net\/life-cycle\/\">aqu\u00ed.<\/a><\/p>\n<p>&nbsp;<\/p>\n<p>Adem\u00e1s, Therefore Corporation se dedica a seguir la Declaraci\u00f3n de direcci\u00f3n de Microsoft Dynamics NAV. A medida que se realicen cambios en el producto, Therefore\u2122 Connector para Microsoft Dynamics NAV se actualizar\u00e1 para garantizar que los clientes puedan seguir trabajando con la \u00faltima versi\u00f3n del producto publicada por Microsoft.<\/p>\n\n                                            <\/div>\n                <\/div>\n                                                <div class=\"accordion-block__items__item accordion-item\">\n                    <h3 class=\"accordion-item__title\">\n                        Service Level Agreement (Acuerdo sobre el nivel de servicio)\n                        <div class=\"accordion-item__toggle\">\n                            <svg width=\"24\" height=\"24\" viewBox=\"0 0 24 24\" fill=\"none\" xmlns=\"http:\/\/www.w3.org\/2000\/svg\">\n<path fill-rule=\"evenodd\" clip-rule=\"evenodd\" d=\"M13.1943 4.11509C13.1943 3.49924 12.6951 3 12.0792 3C11.4634 3 10.9642 3.49924 10.9642 4.11509L10.9642 10.8057L4.1151 10.8057C3.49925 10.8057 3 11.3049 3 11.9208C3 12.5366 3.49924 13.0358 4.11509 13.0358H10.9642L10.9642 19.8849C10.9642 20.5008 11.4634 21 12.0792 21C12.6951 21 13.1943 20.5008 13.1943 19.8849L13.1943 13.0358H19.8849C20.5008 13.0358 21 12.5366 21 11.9208C21 11.3049 20.5008 10.8057 19.8849 10.8057L13.1943 10.8057L13.1943 4.11509Z\" fill=\"black\" fill-opacity=\"0.87\"\/>\n<\/svg>\n\n                        <\/div>\n                    <\/h3>\n                    <div class=\"accordion-item__content\">\n                        <div class=\"vc_row wpb_row \">\n<div class=\"wpb_column vc_column_container vc_col-sm-9\">\n<div class=\"vc_column-inner\">\n<div class=\"wpb_wrapper\">\n<div class=\"wpb_text_column wpb_content_element \">\n<div class=\"wpb_wrapper\">\n<p>Mientras su sistema Therefore\u2122 est\u00e9 en mantenimiento activo (CSS), podr\u00e1 recibir asistencia para Therefore\u2122 Connector para Microsoft Dynamics NAV.<\/p>\n<p>&nbsp;<\/p>\n<p>Los t\u00e9rminos exactos de su acuerdo de nivel de servicio se describen en el contrato de servicio entre usted, el cliente, y Canon. P\u00f3ngase en contacto con su organizaci\u00f3n local de Canon para obtener m\u00e1s informaci\u00f3n sobre los niveles de asistencia, los tiempos de respuesta y los m\u00e9todos de escalado.<\/p>\n<\/div>\n<\/div>\n<\/div>\n<\/div>\n<\/div>\n<\/div>\n\n                                            <\/div>\n                <\/div>\n                                                <div class=\"accordion-block__items__item accordion-item\">\n                    <h3 class=\"accordion-item__title\">\n                        C\u00f3mo recibir asistencia\n                        <div class=\"accordion-item__toggle\">\n                            <svg width=\"24\" height=\"24\" viewBox=\"0 0 24 24\" fill=\"none\" xmlns=\"http:\/\/www.w3.org\/2000\/svg\">\n<path fill-rule=\"evenodd\" clip-rule=\"evenodd\" d=\"M13.1943 4.11509C13.1943 3.49924 12.6951 3 12.0792 3C11.4634 3 10.9642 3.49924 10.9642 4.11509L10.9642 10.8057L4.1151 10.8057C3.49925 10.8057 3 11.3049 3 11.9208C3 12.5366 3.49924 13.0358 4.11509 13.0358H10.9642L10.9642 19.8849C10.9642 20.5008 11.4634 21 12.0792 21C12.6951 21 13.1943 20.5008 13.1943 19.8849L13.1943 13.0358H19.8849C20.5008 13.0358 21 12.5366 21 11.9208C21 11.3049 20.5008 10.8057 19.8849 10.8057L13.1943 10.8057L13.1943 4.11509Z\" fill=\"black\" fill-opacity=\"0.87\"\/>\n<\/svg>\n\n                        <\/div>\n                    <\/h3>\n                    <div class=\"accordion-item__content\">\n                        <p>Mientras su sistema Therefore\u2122 est\u00e9 en mantenimiento activo (CSS), podr\u00e1 recibir asistencia para Therefore\u2122 Connector para Microsoft Dynamics NAV.<\/p>\n<p>&nbsp;<\/p>\n<p>Nuestro equipo de asistencia t\u00e9cnica se compromete a proporcionar asistencia de tercer nivel a todos nuestros clientes. Trabajamos junto con Canon y los partners de Canon para responder a preguntas y solicitudes t\u00e9cnicas. Si necesita asistencia para su sistema Therefore\u2122, el primer paso es ponerse en contacto con su equipo de asistencia local de Canon.<\/p>\n<p>&nbsp;<\/p>\n<p>Si su problema no puede ser resuelto por su equipo de asistencia de Canon, su problema se derivar\u00e1 al equipo de asistencia de Therefore Corporation y se procesar\u00e1 de acuerdo con su acuerdo de nivel de servicio individual.<\/p>\n<p>&nbsp;<\/p>\n<p>Equipo de asistencia de Therefore:<\/p>\n<p>&nbsp;<\/p>\n<p><strong>Therefore Support Team<\/strong><\/p>\n<p>Correo electr\u00f3nico: <a href=\"mailto:support@therefore.net\">support@therefore.net<\/a><\/p>\n<p>Tel\u00e9fono: +43 2236 865 300 333<\/p>\n<p>Horario de atenci\u00f3n: Lunes-viernes 9:00 &#8211; 17:00 CET<\/p>\n\n                                            <\/div>\n                <\/div>\n                                                <div class=\"accordion-block__items__item accordion-item\">\n                    <h3 class=\"accordion-item__title\">\n                        Base de datos de conocimientos (en ingl\u00e9s)\n                        <div class=\"accordion-item__toggle\">\n                            <svg width=\"24\" height=\"24\" viewBox=\"0 0 24 24\" fill=\"none\" xmlns=\"http:\/\/www.w3.org\/2000\/svg\">\n<path fill-rule=\"evenodd\" clip-rule=\"evenodd\" d=\"M13.1943 4.11509C13.1943 3.49924 12.6951 3 12.0792 3C11.4634 3 10.9642 3.49924 10.9642 4.11509L10.9642 10.8057L4.1151 10.8057C3.49925 10.8057 3 11.3049 3 11.9208C3 12.5366 3.49924 13.0358 4.11509 13.0358H10.9642L10.9642 19.8849C10.9642 20.5008 11.4634 21 12.0792 21C12.6951 21 13.1943 20.5008 13.1943 19.8849L13.1943 13.0358H19.8849C20.5008 13.0358 21 12.5366 21 11.9208C21 11.3049 20.5008 10.8057 19.8849 10.8057L13.1943 10.8057L13.1943 4.11509Z\" fill=\"black\" fill-opacity=\"0.87\"\/>\n<\/svg>\n\n                        <\/div>\n                    <\/h3>\n                    <div class=\"accordion-item__content\">\n                        <div class=\"wpb_text_column wpb_content_element vc_custom_1473671842943\">\n<div class=\"wpb_wrapper\">\n<p>Below you will find answers to frequently asked questions on the Therefore\u2122 Connector for Microsoft Dynamics NAV.<\/p>\n<\/div>\n<\/div>\n<div class=\"wpb_text_column wpb_content_element vc_custom_1473671855810\">\n<div class=\"wpb_wrapper\">\n<p><strong>Which versions of the Microsoft Dynamics NAV\/Navision does the connector support?<\/strong><\/p>\n<\/div>\n<\/div>\n<div class=\"wpb_text_column wpb_content_element vc_custom_1473671864614\">\n<div class=\"wpb_wrapper\">\n<p>The Therefore\u2122 Connector is supported for Navision 4.0SP2 and new versions.<\/p>\n<\/div>\n<\/div>\n<div class=\"wpb_text_column wpb_content_element vc_custom_1473671873869\">\n<div class=\"wpb_wrapper\">\n<p><strong>Where can I download the installation files (FOBs) for the connector?<br \/>\n<\/strong><\/p>\n<\/div>\n<\/div>\n<div class=\"wpb_text_column wpb_content_element vc_custom_1473671890380\">\n<div class=\"wpb_wrapper\">\n<p>The installation files and documentation for the connector can be downloaded from the Therefore\u2122 FTP server. A valid FTP account is required to download files; this can be obtained by contacting the Therefore\u2122 Support Team.<\/p>\n<\/div>\n<\/div>\n<div class=\"wpb_text_column wpb_content_element vc_custom_1473671901643\">\n<div class=\"wpb_wrapper\">\n<p><strong>Can the connector be used with the 2009 RTC client or only the classic client?<\/strong><\/p>\n<\/div>\n<\/div>\n<div class=\"wpb_text_column wpb_content_element vc_custom_1473671911291\">\n<div class=\"wpb_wrapper\">\n<p>The installation files and documentation for the connector can be downloaded from the Therefore\u2122 FTP server. A valid FTP account is required to download files; this can be obtained by contacting the Therefore\u2122 Support Team.<\/p>\n<\/div>\n<\/div>\n<div class=\"wpb_text_column wpb_content_element vc_custom_1473671925193\">\n<div class=\"wpb_wrapper\">\n<p><strong>When executing any function of the connector, the error \u201cAssembly not found: Therefore.Connector.Navision\u201d is displayed.<br \/>\n<\/strong><\/p>\n<\/div>\n<\/div>\n<div class=\"wpb_text_column wpb_content_element vc_custom_1473671939403\">\n<div class=\"wpb_wrapper\">\n<p>To fix this, make sure that:<\/p>\n<ol>\n<li>\u00a0A Therefore\u2122 client version 2015 or newer is installed on the PC executing the connector.<\/li>\n<li>During installation, the option\u201dTherefore\u2122 Integrate \u2013 Microsoft Navision\u201d is selected to be installed. This installs the .Net part of the connector and needs to be available on all clients and servers using the connector (e.g. NAS Service).<\/li>\n<\/ol>\n<\/div>\n<\/div>\n<div class=\"wpb_text_column wpb_content_element vc_custom_1473671949587\">\n<div class=\"wpb_wrapper\">\n<p><strong>Is it possible to use an NAS service to execute recurring tasks of the connector, like saving outgoing documents or automatic document linking?<\/strong><\/p>\n<\/div>\n<\/div>\n<div class=\"wpb_text_column wpb_content_element vc_custom_1473671962154\">\n<div class=\"wpb_wrapper\">\n<p>The Therefore\u2122 connector can be used in conjunction with an NAS service. Refer to our documentation for detailed installation and configuration instructions.<\/p>\n<\/div>\n<\/div>\n<div class=\"wpb_text_column wpb_content_element vc_custom_1473671972916\">\n<div class=\"wpb_wrapper\">\n<p><strong>When clicking \u201cSynchronize Configuration\u201d, the error \u201cDynamic operations can only be performed in homogenous AppDomain\u201d is displayed.<br \/>\n<\/strong><\/p>\n<\/div>\n<\/div>\n<div class=\"wpb_text_column wpb_content_element vc_custom_1473671981382\">\n<div class=\"wpb_wrapper\">\n<p>To fix this, open the file\u00a0<em>\u201cMicrosoft.Dynamics.Nav.Client.exe.config\u201d<\/em>\u00a0in the RTC client installation directory. This can be usually found at\u00a0<em>\u201cC:\\Program Files (x86)\\Microsoft Dynamics NAV\\70\\RoleTailored Client\u201d<\/em>. In this file, delete the line\u00a0<em>\u201c&lt;NetFx40_LegacySecurityPolici enabled=\u201dtrue\u201d\/&gt;\u201d<\/em>\u00a0from the\u00a0<em>&lt;runtime&gt;<\/em>\u00a0section of the configuration file.<\/p>\n<\/div>\n<\/div>\n<div class=\"wpb_text_column wpb_content_element vc_custom_1473671993733\">\n<div class=\"wpb_wrapper\">\n<p><strong>When trying to automatically save outgoing documents as PDF using the Therefore\u2122 PDF Printer, the error message \u201cThe document could not be saved. Please contact the technical support!\u201d is displayed.<br \/>\n<\/strong><\/p>\n<\/div>\n<\/div>\n<div class=\"wpb_text_column wpb_content_element vc_custom_1473672002089\">\n<div class=\"wpb_wrapper\">\n<p>In most cases, this error can be solved by upgrading to Therefore\u2122 2016 Update 2 or installing a patch that can be received by contacting the Therefore\u2122 Support Team.<\/p>\n<\/div>\n<\/div>\n\n                                            <\/div>\n                <\/div>\n                            <\/div>\n        <\/div>\n    <\/div>\n<\/section>\n","protected":false},"excerpt":{"rendered":"","protected":false},"author":5,"featured_media":0,"parent":0,"menu_order":0,"comment_status":"closed","ping_status":"closed","template":"","meta":{"_acf_changed":false,"inline_featured_image":false,"footnotes":""},"class_list":["post-9313","page","type-page","status-publish","hentry"],"acf":[],"yoast_head":"<!-- This site is optimized with the Yoast SEO plugin v27.4 - https:\/\/yoast.com\/product\/yoast-seo-wordpress\/ -->\n<title>Soporte de Dynamics NAV Connector<\/title>\n<meta name=\"description\" content=\"Dynamics NAV Connector Support - Therefore se dedica a proporcionar y apoyar el software estable. Conozca la pol\u00edtica de ciclo de vida de nuestro producto aqu\u00ed.\" \/>\n<meta name=\"robots\" content=\"index, follow, max-snippet:-1, max-image-preview:large, max-video-preview:-1\" \/>\n<link rel=\"canonical\" href=\"https:\/\/therefore.net\/es\/soporte-de-dynamics-nav-connector\/\" \/>\n<script type=\"application\/ld+json\" class=\"yoast-schema-graph\">{\"@context\":\"https:\\\/\\\/schema.org\",\"@graph\":[{\"@type\":\"WebPage\",\"@id\":\"https:\\\/\\\/therefore.net\\\/es\\\/soporte-de-dynamics-nav-connector\\\/\",\"url\":\"https:\\\/\\\/therefore.net\\\/es\\\/soporte-de-dynamics-nav-connector\\\/\",\"name\":\"Soporte de Dynamics NAV Connector\",\"isPartOf\":{\"@id\":\"https:\\\/\\\/therefore.net\\\/es\\\/#website\"},\"datePublished\":\"2022-08-01T20:26:48+00:00\",\"dateModified\":\"2025-03-06T13:26:07+00:00\",\"description\":\"Dynamics NAV Connector Support - Therefore se dedica a proporcionar y apoyar el software estable. Conozca la pol\u00edtica de ciclo de vida de nuestro producto aqu\u00ed.\",\"breadcrumb\":{\"@id\":\"https:\\\/\\\/therefore.net\\\/es\\\/soporte-de-dynamics-nav-connector\\\/#breadcrumb\"},\"inLanguage\":\"es-ES\",\"potentialAction\":[{\"@type\":\"ReadAction\",\"target\":[\"https:\\\/\\\/therefore.net\\\/es\\\/soporte-de-dynamics-nav-connector\\\/\"]}]},{\"@type\":\"BreadcrumbList\",\"@id\":\"https:\\\/\\\/therefore.net\\\/es\\\/soporte-de-dynamics-nav-connector\\\/#breadcrumb\",\"itemListElement\":[{\"@type\":\"ListItem\",\"position\":1,\"name\":\"Home\",\"item\":\"https:\\\/\\\/therefore.net\\\/es\\\/\"},{\"@type\":\"ListItem\",\"position\":2,\"name\":\"Soporte de Dynamics NAV Connector\"}]},{\"@type\":\"WebSite\",\"@id\":\"https:\\\/\\\/therefore.net\\\/es\\\/#website\",\"url\":\"https:\\\/\\\/therefore.net\\\/es\\\/\",\"name\":\"Therefore\",\"description\":\"\",\"publisher\":{\"@id\":\"https:\\\/\\\/therefore.net\\\/es\\\/#organization\"},\"potentialAction\":[{\"@type\":\"SearchAction\",\"target\":{\"@type\":\"EntryPoint\",\"urlTemplate\":\"https:\\\/\\\/therefore.net\\\/es\\\/?s={search_term_string}\"},\"query-input\":{\"@type\":\"PropertyValueSpecification\",\"valueRequired\":true,\"valueName\":\"search_term_string\"}}],\"inLanguage\":\"es-ES\"},{\"@type\":\"Organization\",\"@id\":\"https:\\\/\\\/therefore.net\\\/es\\\/#organization\",\"name\":\"Therefore\",\"url\":\"https:\\\/\\\/therefore.net\\\/es\\\/\",\"logo\":{\"@type\":\"ImageObject\",\"inLanguage\":\"es-ES\",\"@id\":\"https:\\\/\\\/therefore.net\\\/es\\\/#\\\/schema\\\/logo\\\/image\\\/\",\"url\":\"https:\\\/\\\/therefore.net\\\/wp\\\/..\\\/app\\\/uploads\\\/2022\\\/04\\\/logo.png\",\"contentUrl\":\"https:\\\/\\\/therefore.net\\\/wp\\\/..\\\/app\\\/uploads\\\/2022\\\/04\\\/logo.png\",\"width\":176,\"height\":48,\"caption\":\"Therefore\"},\"image\":{\"@id\":\"https:\\\/\\\/therefore.net\\\/es\\\/#\\\/schema\\\/logo\\\/image\\\/\"},\"sameAs\":[\"https:\\\/\\\/www.linkedin.com\\\/company\\\/therefore-corporation\\\/\",\"https:\\\/\\\/www.youtube.com\\\/user\\\/ThereforeTV\"]}]}<\/script>\n<!-- \/ Yoast SEO plugin. -->","yoast_head_json":{"title":"Soporte de Dynamics NAV Connector","description":"Dynamics NAV Connector Support - Therefore se dedica a proporcionar y apoyar el software estable. Conozca la pol\u00edtica de ciclo de vida de nuestro producto aqu\u00ed.","robots":{"index":"index","follow":"follow","max-snippet":"max-snippet:-1","max-image-preview":"max-image-preview:large","max-video-preview":"max-video-preview:-1"},"canonical":"https:\/\/therefore.net\/es\/soporte-de-dynamics-nav-connector\/","schema":{"@context":"https:\/\/schema.org","@graph":[{"@type":"WebPage","@id":"https:\/\/therefore.net\/es\/soporte-de-dynamics-nav-connector\/","url":"https:\/\/therefore.net\/es\/soporte-de-dynamics-nav-connector\/","name":"Soporte de Dynamics NAV Connector","isPartOf":{"@id":"https:\/\/therefore.net\/es\/#website"},"datePublished":"2022-08-01T20:26:48+00:00","dateModified":"2025-03-06T13:26:07+00:00","description":"Dynamics NAV Connector Support - Therefore se dedica a proporcionar y apoyar el software estable. Conozca la pol\u00edtica de ciclo de vida de nuestro producto aqu\u00ed.","breadcrumb":{"@id":"https:\/\/therefore.net\/es\/soporte-de-dynamics-nav-connector\/#breadcrumb"},"inLanguage":"es-ES","potentialAction":[{"@type":"ReadAction","target":["https:\/\/therefore.net\/es\/soporte-de-dynamics-nav-connector\/"]}]},{"@type":"BreadcrumbList","@id":"https:\/\/therefore.net\/es\/soporte-de-dynamics-nav-connector\/#breadcrumb","itemListElement":[{"@type":"ListItem","position":1,"name":"Home","item":"https:\/\/therefore.net\/es\/"},{"@type":"ListItem","position":2,"name":"Soporte de Dynamics NAV Connector"}]},{"@type":"WebSite","@id":"https:\/\/therefore.net\/es\/#website","url":"https:\/\/therefore.net\/es\/","name":"Therefore","description":"","publisher":{"@id":"https:\/\/therefore.net\/es\/#organization"},"potentialAction":[{"@type":"SearchAction","target":{"@type":"EntryPoint","urlTemplate":"https:\/\/therefore.net\/es\/?s={search_term_string}"},"query-input":{"@type":"PropertyValueSpecification","valueRequired":true,"valueName":"search_term_string"}}],"inLanguage":"es-ES"},{"@type":"Organization","@id":"https:\/\/therefore.net\/es\/#organization","name":"Therefore","url":"https:\/\/therefore.net\/es\/","logo":{"@type":"ImageObject","inLanguage":"es-ES","@id":"https:\/\/therefore.net\/es\/#\/schema\/logo\/image\/","url":"https:\/\/therefore.net\/wp\/..\/app\/uploads\/2022\/04\/logo.png","contentUrl":"https:\/\/therefore.net\/wp\/..\/app\/uploads\/2022\/04\/logo.png","width":176,"height":48,"caption":"Therefore"},"image":{"@id":"https:\/\/therefore.net\/es\/#\/schema\/logo\/image\/"},"sameAs":["https:\/\/www.linkedin.com\/company\/therefore-corporation\/","https:\/\/www.youtube.com\/user\/ThereforeTV"]}]}},"_links":{"self":[{"href":"https:\/\/therefore.net\/es\/wp-json\/wp\/v2\/pages\/9313","targetHints":{"allow":["GET"]}}],"collection":[{"href":"https:\/\/therefore.net\/es\/wp-json\/wp\/v2\/pages"}],"about":[{"href":"https:\/\/therefore.net\/es\/wp-json\/wp\/v2\/types\/page"}],"author":[{"embeddable":true,"href":"https:\/\/therefore.net\/es\/wp-json\/wp\/v2\/users\/5"}],"replies":[{"embeddable":true,"href":"https:\/\/therefore.net\/es\/wp-json\/wp\/v2\/comments?post=9313"}],"version-history":[{"count":3,"href":"https:\/\/therefore.net\/es\/wp-json\/wp\/v2\/pages\/9313\/revisions"}],"predecessor-version":[{"id":9318,"href":"https:\/\/therefore.net\/es\/wp-json\/wp\/v2\/pages\/9313\/revisions\/9318"}],"wp:attachment":[{"href":"https:\/\/therefore.net\/es\/wp-json\/wp\/v2\/media?parent=9313"}],"curies":[{"name":"wp","href":"https:\/\/api.w.org\/{rel}","templated":true}]}}