{"id":9319,"date":"2022-08-03T22:58:47","date_gmt":"2022-08-03T20:58:47","guid":{"rendered":"https:\/\/therefore.net\/acerca-de-nosotros\/productos\/licencias\/"},"modified":"2025-03-06T14:30:21","modified_gmt":"2025-03-06T13:30:21","slug":"licencias","status":"publish","type":"page","link":"https:\/\/therefore.net\/es\/acerca-de-nosotros\/productos\/licencias\/","title":{"rendered":"Licencias"},"content":{"rendered":"<section class=\"custom-block left-image-right-text-long\">\n    <div class=\"container  left-image-right-text-long__container\">\n        <div class=\"left-image-right-text-long__inner\">\n            <div class=\"left-image-right-text-long__image-wrapper\">\n                                    <img decoding=\"async\" width=\"1410\" height=\"880\" src=\"https:\/\/therefore.net\/wp\/..\/app\/uploads\/2023\/03\/1410x880-1.png\" class=\"attachment-full size-full\" alt=\"A diverse group of six colleagues gather around a laptop in a bright office, smiling and engaged in a collaborative discussion about Licensing in Therefore\u2122.\" srcset=\"https:\/\/therefore.net\/wp\/..\/app\/uploads\/2023\/03\/1410x880-1.png 1410w, https:\/\/therefore.net\/wp\/..\/app\/uploads\/2023\/03\/1410x880-1-300x187.png 300w, https:\/\/therefore.net\/wp\/..\/app\/uploads\/2023\/03\/1410x880-1-1024x639.png 1024w, https:\/\/therefore.net\/wp\/..\/app\/uploads\/2023\/03\/1410x880-1-768x479.png 768w\" sizes=\"(max-width: 1410px) 100vw, 1410px\" \/>\n                            <\/div>\n            <div class=\"left-image-right-text-long__text-wrapper\">\n                <h2 class=\"left-image-right-text-long__title\">\n                    Licensias en Therefore\u2122<br \/>\r\n\n                <\/h2>\n                <div class=\"left-image-right-text-long__text\">\n                    <p>Therefore\u2122 es para empresas de todos los tama\u00f1os, desde entornos de un solo usuario hasta configuraciones empresariales con miles de usuarios y numerosos servidores.<\/p>\n\n                <\/div>\n                            <\/div>\n        <\/div>\n    <\/div>\n<\/section>\n\n\n<div class=\"custom-block simple-paragraph\">\n    <div class=\"container\">\n        <div class=\"blog-post__content blog-post__content--wide\">\n            <h1 style=\"text-align: left;\"><span style=\"color: #bed500;\"><strong>Licencias de usuario<\/strong><\/span><\/h1>\n<p>Ofrecemos 3 tipos de licencias de usuario para cubrir todas las necesidades de su empresa:<\/p>\n\n        <\/div>\n\n            <\/div>\n<\/div>\n\n\n\n<section class=\"custom-block bullet-shape \">\n    <div class=\"container bullet-shape__container\">\n                        <h1 class=\"bullet-shape__title\">Types of User Licenses<\/h1>\n        <div class=\"bullet-shape__row\">\n                    <ul class=\"bullet-shape__items bullet-shape__items--left\">\n                                    <li><p><strong>Licencias de usuario designado<\/strong><\/p>\n<\/li>\n                                    <li><p><strong>Licencias de usuario simult\u00e1neas<\/strong><\/p>\n<\/li>\n                                    <li><p><strong>Licencias de usuario de s\u00f3lo lectura<\/strong><\/p>\n<\/li>\n                            <\/ul>\n        \n                    <ul class=\"bullet-shape__items bullet-shape__items--right\">\n                                    <li><p>Las licencias <strong>designadas<\/strong> est\u00e1n vinculadas a un \u00fanico usuario que accede con frecuencia al sistema Therefore\u2122.<\/p>\n<\/li>\n                                    <li><p>Las licencias <strong>simult\u00e1neas<\/strong> pertenecen a un grupo de licencias al que pueden acceder numerosos usuarios. En cuanto el usuario cierra sesi\u00f3n en Therefore\u2122, la licencia se devuelve al grupo de licencias y otro usuario puede acceder al sistema Therefore\u2122 utilizando el mismo punto de licencia.<\/p>\n<\/li>\n                                    <li><p>Las licencias de <strong>s\u00f3lo lectura<\/strong> proporcionan acceso de s\u00f3lo lectura a usuarios designados. Las licencias de s\u00f3lo lectura forman parte de un grupo de licencias. Cuando un usuario de s\u00f3lo lectura cierra sesi\u00f3n en Therefore\u2122, otro usuario de s\u00f3lo lectura puede iniciar sesi\u00f3n en el sistema utilizando el mismo punto de licencia.<\/p>\n<\/li>\n                            <\/ul>\n            <\/div>\n    <\/div>\n<\/section>\n\n\n<div class=\"custom-block simple-paragraph\">\n    <div class=\"container\">\n        <div class=\"blog-post__content blog-post__content--wide\">\n            <h1 style=\"text-align: left;\"><span style=\"color: #bed500;\"><strong>Aplicaciones cliente<\/strong><\/span><\/h1>\n<p>Todas las versiones de Therefore\u2122 incluyen numerosos m\u00f3dulos y funciones nada m\u00e1s sacarlo de la caja sin coste adicional. Existen licencias adicionales para la captura de documentos y la integraci\u00f3n con sistemas de terceros.<\/p>\n\n        <\/div>\n\n            <\/div>\n<\/div>\n\n\n\n<section class=\"custom-block view-pages-process\">\n    <div class=\"container view-pages-process__container\">\n        \n                <div class=\"view-pages-process__steps\">\n                        <div class=\"view-pages-process__step\">\n                <div class=\"view-pages-process__step__inner\">\n                    <div class=\"view-pages-process__step__content\">\n                        \n                                                                                <h4 class=\"view-pages-process__step__subtitle\">Therefore\u2122 Navigator<\/h4>\n                        \n                                                    <dv class=\"view-pages-process__step__text\"><p>Therefore\u2122 Navigator es el punto de partida para buscar, editar y procesar documentos. Las b\u00fasquedas pueden ejecutarse utilizando varios m\u00e9todos en funci\u00f3n de las preferencias del usuario.<\/p>\n<\/dv>\n                                            <\/div>\n                <\/div>\n\n            <\/div>\n                        <div class=\"view-pages-process__step\">\n                <div class=\"view-pages-process__step__inner\">\n                    <div class=\"view-pages-process__step__content\">\n                        \n                                                                                <h4 class=\"view-pages-process__step__subtitle\">Therefore\u2122 Viewer<\/h4>\n                        \n                                                    <dv class=\"view-pages-process__step__text\"><p>Una vez encontrado el documento deseado, Therefore\u2122 Viewer permite visualizar m\u00e1s de 400 tipos de documentos, incluso cuando la aplicaci\u00f3n correspondiente no est\u00e1 instalada en el PC del usuario. Therefore\u2122 Viewer facilita la colaboraci\u00f3n gracias a una funci\u00f3n de registro de entrada y salida que impide que varios usuarios realicen cambios simult\u00e1neos en un documento. Por supuesto, mientras una persona edita un documento, los dem\u00e1s pueden seguir vi\u00e9ndolo.<\/p>\n<\/dv>\n                                            <\/div>\n                <\/div>\n\n            <\/div>\n                        <div class=\"view-pages-process__step\">\n                <div class=\"view-pages-process__step__inner\">\n                    <div class=\"view-pages-process__step__content\">\n                        \n                                                                                <h4 class=\"view-pages-process__step__subtitle\">Therefore\u2122 Case Manager<\/h4>\n                        \n                                                    <dv class=\"view-pages-process__step__text\"><p>El gestor de expedientes de Therefore\u2122 permite gestionar grupos de documentos relacionados de forma colectiva, en lugar de almacenarlos y gestionarlos individualmente. El gestor de casos permite vincular varias categor\u00edas de Therefore\u2122 bajo un encabezado de caso e incorporarlas juntas en flujos de trabajo y pol\u00edticas de retenci\u00f3n.<\/p>\n<\/dv>\n                                            <\/div>\n                <\/div>\n\n            <\/div>\n                        <div class=\"view-pages-process__step\">\n                <div class=\"view-pages-process__step__inner\">\n                    <div class=\"view-pages-process__step__content\">\n                        \n                                                                                <h4 class=\"view-pages-process__step__subtitle\">Therefore\u2122 Web Access<\/h4>\n                        \n                                                    <dv class=\"view-pages-process__step__text\"><p>El acceso web de Therefore\u2122 permite a los usuarios acceder al repositorio de Therefore\u2122 mediante un navegador web. No es necesaria ninguna instalaci\u00f3n. Todos los navegadores modernos (Edge, Firefox, Chrome, Safari) son compatibles.<\/p>\n<\/dv>\n                                            <\/div>\n                <\/div>\n\n            <\/div>\n                        <div class=\"view-pages-process__step\">\n                <div class=\"view-pages-process__step__inner\">\n                    <div class=\"view-pages-process__step__content\">\n                        \n                                                                                <h4 class=\"view-pages-process__step__subtitle\">Therefore\u2122 Go App<\/h4>\n                        \n                                                    <dv class=\"view-pages-process__step__text\"><p>Therefore\u2122 Go es la aplicaci\u00f3n oficial de Therefore\u2122 que permite a los usuarios buscar, ver y editar documentos almacenados en Therefore\u2122 en dispositivos m\u00f3viles. Se pueden hacer fotos con la aplicaci\u00f3n y guardarlas directamente en Therefore\u2122, as\u00ed como aprobar y procesar tareas de flujo de trabajo. La aplicaci\u00f3n m\u00f3vil est\u00e1 disponible para iOS y Android sin coste adicional.<\/p>\n<\/dv>\n                                            <\/div>\n                <\/div>\n\n            <\/div>\n                        <div class=\"view-pages-process__step\">\n                <div class=\"view-pages-process__step__inner\">\n                    <div class=\"view-pages-process__step__content\">\n                        \n                                                                                <h4 class=\"view-pages-process__step__subtitle\">Therefore\u2122 Portal<\/h4>\n                        \n                                                    <dv class=\"view-pages-process__step__text\"><p>Therefore\u2122 Portal est\u00e1 dise\u00f1ado para ofrecer a los usuarios externos acceso de solo lectura al repositorio de Therefore\u2122. La compra de esta licencia de conector adicional proporciona a un n\u00famero ilimitado de usuarios acceso de solo lectura a los documentos definidos por el administrador del sistema.<\/p>\n<\/dv>\n                                            <\/div>\n                <\/div>\n\n            <\/div>\n                    <\/div>\n        \n    <\/div>\n<\/section>\n\n\n<section class=\"custom-block benefits-left-image about-us-top-block\">\n    <div class=\"container  benefits-left-image__container\">\n        <div class=\"benefits-left-image__inner\">\n            <div class=\"benefits-left-image__image-wrapper \">\n                                    <img decoding=\"async\" width=\"1600\" height=\"1300\" src=\"https:\/\/therefore.net\/wp\/..\/app\/uploads\/2023\/03\/1600x1300-6.png\" class=\"attachment-full size-full\" alt=\"Five people in casual clothes sit and stand around desks in a modern office, smiling at the camera. Some have coffee cups, and computer monitors and office chairs are visible in the background.\" srcset=\"https:\/\/therefore.net\/wp\/..\/app\/uploads\/2023\/03\/1600x1300-6.png 1600w, https:\/\/therefore.net\/wp\/..\/app\/uploads\/2023\/03\/1600x1300-6-300x244.png 300w, https:\/\/therefore.net\/wp\/..\/app\/uploads\/2023\/03\/1600x1300-6-1024x832.png 1024w, https:\/\/therefore.net\/wp\/..\/app\/uploads\/2023\/03\/1600x1300-6-768x624.png 768w, https:\/\/therefore.net\/wp\/..\/app\/uploads\/2023\/03\/1600x1300-6-1536x1248.png 1536w\" sizes=\"(max-width: 1600px) 100vw, 1600px\" \/>\n                            <\/div>\n            <div class=\"benefits-left-image__text-wrapper\">\n                                \n                    <div class=\"benefits-left-image__paragraph-wrapper\">\n                                                <h2 class=\"benefits-left-image__title\">\n                            Licencias adicionales de captura\n                        <\/h2>\n                        <div class=\"benefits-left-image__text\"><ul>\n<li>Therefore\u2122 Content Connector<\/li>\n<li>Therefore\u2122 Capture Client<\/li>\n<li>Therefore\u2122 MFP Application<\/li>\n<\/ul>\n<\/div>\n                    <\/div>\n\n                \n                    <div class=\"benefits-left-image__paragraph-wrapper\">\n                                                <h2 class=\"benefits-left-image__title\">\n                            Licencias adicionales para software de terceros\n                        <\/h2>\n                        <div class=\"benefits-left-image__text\"><ul>\n<li>Therefore\u2122 Connector para SAP<\/li>\n<li>Therefore\u2122 Connector para Microsoft Dynamics 365 Business Central y Dynamics NAV<\/li>\n<li>Therefore\u2122 Connector para Microsoft Exchange<\/li>\n<li>Therefore\u2122 Connector para Microsoft SharePoint<\/li>\n<li>Therefore\u2122 Universal Connector<\/li>\n<\/ul>\n<\/div>\n                    <\/div>\n\n                                \n                            <\/div>\n        <\/div>\n    <\/div>\n<\/section>\n","protected":false},"excerpt":{"rendered":"","protected":false},"author":5,"featured_media":0,"parent":9126,"menu_order":0,"comment_status":"closed","ping_status":"closed","template":"","meta":{"_acf_changed":false,"inline_featured_image":false,"footnotes":""},"class_list":["post-9319","page","type-page","status-publish","hentry"],"acf":[],"yoast_head":"<!-- This site is optimized with the Yoast SEO plugin v27.3 - https:\/\/yoast.com\/product\/yoast-seo-wordpress\/ -->\n<title>Licencias en Therefore\u2122.<\/title>\n<meta name=\"description\" content=\"Las licencias de Therefore\u2122 son perfectas para empresas de todos los tama\u00f1os, desde entornos de un solo usuario hasta configuraciones empresariales.\" \/>\n<meta name=\"robots\" content=\"index, follow, max-snippet:-1, max-image-preview:large, max-video-preview:-1\" \/>\n<link rel=\"canonical\" href=\"https:\/\/therefore.net\/es\/acerca-de-nosotros\/productos\/licencias\/\" \/>\n<script type=\"application\/ld+json\" class=\"yoast-schema-graph\">{\"@context\":\"https:\\\/\\\/schema.org\",\"@graph\":[{\"@type\":\"WebPage\",\"@id\":\"https:\\\/\\\/therefore.net\\\/es\\\/acerca-de-nosotros\\\/productos\\\/licencias\\\/\",\"url\":\"https:\\\/\\\/therefore.net\\\/es\\\/acerca-de-nosotros\\\/productos\\\/licencias\\\/\",\"name\":\"Licencias en Therefore\u2122.\",\"isPartOf\":{\"@id\":\"https:\\\/\\\/therefore.net\\\/es\\\/#website\"},\"datePublished\":\"2022-08-03T20:58:47+00:00\",\"dateModified\":\"2025-03-06T13:30:21+00:00\",\"description\":\"Las licencias de Therefore\u2122 son perfectas para empresas de todos los tama\u00f1os, desde entornos de un solo usuario hasta configuraciones empresariales.\",\"breadcrumb\":{\"@id\":\"https:\\\/\\\/therefore.net\\\/es\\\/acerca-de-nosotros\\\/productos\\\/licencias\\\/#breadcrumb\"},\"inLanguage\":\"es-ES\",\"potentialAction\":[{\"@type\":\"ReadAction\",\"target\":[\"https:\\\/\\\/therefore.net\\\/es\\\/acerca-de-nosotros\\\/productos\\\/licencias\\\/\"]}]},{\"@type\":\"BreadcrumbList\",\"@id\":\"https:\\\/\\\/therefore.net\\\/es\\\/acerca-de-nosotros\\\/productos\\\/licencias\\\/#breadcrumb\",\"itemListElement\":[{\"@type\":\"ListItem\",\"position\":1,\"name\":\"Home\",\"item\":\"https:\\\/\\\/therefore.net\\\/es\\\/\"},{\"@type\":\"ListItem\",\"position\":2,\"name\":\"Acerca de nosotros\",\"item\":\"https:\\\/\\\/therefore.net\\\/es\\\/acerca-de-nosotros\\\/\"},{\"@type\":\"ListItem\",\"position\":3,\"name\":\"Productos\",\"item\":\"https:\\\/\\\/therefore.net\\\/es\\\/acerca-de-nosotros\\\/productos\\\/\"},{\"@type\":\"ListItem\",\"position\":4,\"name\":\"Licencias\"}]},{\"@type\":\"WebSite\",\"@id\":\"https:\\\/\\\/therefore.net\\\/es\\\/#website\",\"url\":\"https:\\\/\\\/therefore.net\\\/es\\\/\",\"name\":\"Therefore\",\"description\":\"\",\"publisher\":{\"@id\":\"https:\\\/\\\/therefore.net\\\/es\\\/#organization\"},\"potentialAction\":[{\"@type\":\"SearchAction\",\"target\":{\"@type\":\"EntryPoint\",\"urlTemplate\":\"https:\\\/\\\/therefore.net\\\/es\\\/?s={search_term_string}\"},\"query-input\":{\"@type\":\"PropertyValueSpecification\",\"valueRequired\":true,\"valueName\":\"search_term_string\"}}],\"inLanguage\":\"es-ES\"},{\"@type\":\"Organization\",\"@id\":\"https:\\\/\\\/therefore.net\\\/es\\\/#organization\",\"name\":\"Therefore\",\"url\":\"https:\\\/\\\/therefore.net\\\/es\\\/\",\"logo\":{\"@type\":\"ImageObject\",\"inLanguage\":\"es-ES\",\"@id\":\"https:\\\/\\\/therefore.net\\\/es\\\/#\\\/schema\\\/logo\\\/image\\\/\",\"url\":\"https:\\\/\\\/therefore.net\\\/wp\\\/..\\\/app\\\/uploads\\\/2022\\\/04\\\/logo.png\",\"contentUrl\":\"https:\\\/\\\/therefore.net\\\/wp\\\/..\\\/app\\\/uploads\\\/2022\\\/04\\\/logo.png\",\"width\":176,\"height\":48,\"caption\":\"Therefore\"},\"image\":{\"@id\":\"https:\\\/\\\/therefore.net\\\/es\\\/#\\\/schema\\\/logo\\\/image\\\/\"},\"sameAs\":[\"https:\\\/\\\/www.linkedin.com\\\/company\\\/therefore-corporation\\\/\",\"https:\\\/\\\/www.youtube.com\\\/user\\\/ThereforeTV\"]}]}<\/script>\n<!-- \/ Yoast SEO plugin. -->","yoast_head_json":{"title":"Licencias en Therefore\u2122.","description":"Las licencias de Therefore\u2122 son perfectas para empresas de todos los tama\u00f1os, desde entornos de un solo usuario hasta configuraciones empresariales.","robots":{"index":"index","follow":"follow","max-snippet":"max-snippet:-1","max-image-preview":"max-image-preview:large","max-video-preview":"max-video-preview:-1"},"canonical":"https:\/\/therefore.net\/es\/acerca-de-nosotros\/productos\/licencias\/","schema":{"@context":"https:\/\/schema.org","@graph":[{"@type":"WebPage","@id":"https:\/\/therefore.net\/es\/acerca-de-nosotros\/productos\/licencias\/","url":"https:\/\/therefore.net\/es\/acerca-de-nosotros\/productos\/licencias\/","name":"Licencias en Therefore\u2122.","isPartOf":{"@id":"https:\/\/therefore.net\/es\/#website"},"datePublished":"2022-08-03T20:58:47+00:00","dateModified":"2025-03-06T13:30:21+00:00","description":"Las licencias de Therefore\u2122 son perfectas para empresas de todos los tama\u00f1os, desde entornos de un solo usuario hasta configuraciones empresariales.","breadcrumb":{"@id":"https:\/\/therefore.net\/es\/acerca-de-nosotros\/productos\/licencias\/#breadcrumb"},"inLanguage":"es-ES","potentialAction":[{"@type":"ReadAction","target":["https:\/\/therefore.net\/es\/acerca-de-nosotros\/productos\/licencias\/"]}]},{"@type":"BreadcrumbList","@id":"https:\/\/therefore.net\/es\/acerca-de-nosotros\/productos\/licencias\/#breadcrumb","itemListElement":[{"@type":"ListItem","position":1,"name":"Home","item":"https:\/\/therefore.net\/es\/"},{"@type":"ListItem","position":2,"name":"Acerca de nosotros","item":"https:\/\/therefore.net\/es\/acerca-de-nosotros\/"},{"@type":"ListItem","position":3,"name":"Productos","item":"https:\/\/therefore.net\/es\/acerca-de-nosotros\/productos\/"},{"@type":"ListItem","position":4,"name":"Licencias"}]},{"@type":"WebSite","@id":"https:\/\/therefore.net\/es\/#website","url":"https:\/\/therefore.net\/es\/","name":"Therefore","description":"","publisher":{"@id":"https:\/\/therefore.net\/es\/#organization"},"potentialAction":[{"@type":"SearchAction","target":{"@type":"EntryPoint","urlTemplate":"https:\/\/therefore.net\/es\/?s={search_term_string}"},"query-input":{"@type":"PropertyValueSpecification","valueRequired":true,"valueName":"search_term_string"}}],"inLanguage":"es-ES"},{"@type":"Organization","@id":"https:\/\/therefore.net\/es\/#organization","name":"Therefore","url":"https:\/\/therefore.net\/es\/","logo":{"@type":"ImageObject","inLanguage":"es-ES","@id":"https:\/\/therefore.net\/es\/#\/schema\/logo\/image\/","url":"https:\/\/therefore.net\/wp\/..\/app\/uploads\/2022\/04\/logo.png","contentUrl":"https:\/\/therefore.net\/wp\/..\/app\/uploads\/2022\/04\/logo.png","width":176,"height":48,"caption":"Therefore"},"image":{"@id":"https:\/\/therefore.net\/es\/#\/schema\/logo\/image\/"},"sameAs":["https:\/\/www.linkedin.com\/company\/therefore-corporation\/","https:\/\/www.youtube.com\/user\/ThereforeTV"]}]}},"_links":{"self":[{"href":"https:\/\/therefore.net\/es\/wp-json\/wp\/v2\/pages\/9319","targetHints":{"allow":["GET"]}}],"collection":[{"href":"https:\/\/therefore.net\/es\/wp-json\/wp\/v2\/pages"}],"about":[{"href":"https:\/\/therefore.net\/es\/wp-json\/wp\/v2\/types\/page"}],"author":[{"embeddable":true,"href":"https:\/\/therefore.net\/es\/wp-json\/wp\/v2\/users\/5"}],"replies":[{"embeddable":true,"href":"https:\/\/therefore.net\/es\/wp-json\/wp\/v2\/comments?post=9319"}],"version-history":[{"count":2,"href":"https:\/\/therefore.net\/es\/wp-json\/wp\/v2\/pages\/9319\/revisions"}],"predecessor-version":[{"id":9321,"href":"https:\/\/therefore.net\/es\/wp-json\/wp\/v2\/pages\/9319\/revisions\/9321"}],"up":[{"embeddable":true,"href":"https:\/\/therefore.net\/es\/wp-json\/wp\/v2\/pages\/9126"}],"wp:attachment":[{"href":"https:\/\/therefore.net\/es\/wp-json\/wp\/v2\/media?parent=9319"}],"curies":[{"name":"wp","href":"https:\/\/api.w.org\/{rel}","templated":true}]}}