{"id":3311,"date":"2022-06-01T09:21:35","date_gmt":"2022-06-01T07:21:35","guid":{"rendered":"https:\/\/therefore.net\/?page_id=3311"},"modified":"2025-12-04T22:29:49","modified_gmt":"2025-12-04T21:29:49","slug":"a-propos-de-nous","status":"publish","type":"page","link":"https:\/\/therefore.net\/fr\/a-propos-de-nous\/","title":{"rendered":"A propos de nous"},"content":{"rendered":"<section class=\"custom-block benefits-left-image about-us-top-block\">\n    <div class=\"container  benefits-left-image__container\">\n        <div class=\"benefits-left-image__inner\">\n            <div class=\"benefits-left-image__image-wrapper \">\n                                    <img decoding=\"async\" width=\"1600\" height=\"1300\" src=\"https:\/\/therefore.net\/wp\/..\/app\/uploads\/2023\/03\/1600x1300-6.png\" class=\"attachment-full size-full\" alt=\"Five people in casual clothes sit and stand around desks in a modern office, smiling at the camera. Some have coffee cups, and computer monitors and office chairs are visible in the background.\" srcset=\"https:\/\/therefore.net\/wp\/..\/app\/uploads\/2023\/03\/1600x1300-6.png 1600w, https:\/\/therefore.net\/wp\/..\/app\/uploads\/2023\/03\/1600x1300-6-300x244.png 300w, https:\/\/therefore.net\/wp\/..\/app\/uploads\/2023\/03\/1600x1300-6-1024x832.png 1024w, https:\/\/therefore.net\/wp\/..\/app\/uploads\/2023\/03\/1600x1300-6-768x624.png 768w, https:\/\/therefore.net\/wp\/..\/app\/uploads\/2023\/03\/1600x1300-6-1536x1248.png 1536w\" sizes=\"(max-width: 1600px) 100vw, 1600px\" \/>\n                            <\/div>\n            <div class=\"benefits-left-image__text-wrapper\">\n                                \n                    <div class=\"benefits-left-image__paragraph-wrapper\">\n                                                <h2 class=\"benefits-left-image__title\">\n                            Qui sommes-nous ?\n                        <\/h2>\n                        <div class=\"benefits-left-image__text\"><p>Nous sommes bas\u00e9s dans la belle Autriche et nous sommes passionn\u00e9s par la cr\u00e9ation de technologies pour les gens. La pierre angulaire de notre d\u00e9veloppement est notre engagement \u00e0 \u00e9couter nos clients. Nous sommes soutenus par les investisseurs Canon et Equity 51 et nous sommes une entreprise dynamique.<\/p>\n<\/div>\n                    <\/div>\n\n                \n                    <div class=\"benefits-left-image__paragraph-wrapper\">\n                                                <h2 class=\"benefits-left-image__title\">\n                            Nos activit\u00e9s\n                        <\/h2>\n                        <div class=\"benefits-left-image__text\"><div class=\"wpb_text_column wpb_content_element \">\n<div class=\"wpb_wrapper\">\n<p>Therefore Corporation fournit des logiciels de gestion de l&#8217;information aux entreprises de toutes tailles, dans tous les secteurs d&#8217;activit\u00e9 et tous les d\u00e9partements. Nos solutions permettent de renforcer la s\u00e9curit\u00e9, de rendre les documents plus accessibles, d&#8217;accro\u00eetre la visibilit\u00e9 des changements et d&#8217;aider les employ\u00e9s \u00e0 devenir plus efficaces et productifs.<\/p>\n<p>&nbsp;<\/p>\n<p>Nous proposons une large gamme d&#8217;outils pour atteindre ces objectifs, allant d&#8217;un module de flux de travail flexible \u00e0 l&#8217;int\u00e9gration avec vos syst\u00e8mes existants, en passant par la gestion de cas, l&#8217;acc\u00e8s mobile et les outils de capture.<\/p>\n<\/div>\n<\/div>\n<\/div>\n                    <\/div>\n\n                                \n                                    <a class=\"benefits-left-image__link main-button\" href=\"https:\/\/therefore.net\/fr\/a-propos-de-nous\/produits\/\" target=\"\">Notre produit<\/a>\n                            <\/div>\n        <\/div>\n    <\/div>\n<\/section>\n\n\n<section class=\"custom-block our-team accordion-item\">\n    <div class=\"container our-team__container\">\n                                <h2 class=\"our-team__title\">Notre \u00e9quipe de gestion<\/h2>\n        \n                <div class=\"our-team__members our-team__members--visible\">\n                            <div class=\"our-team__member\">\n    <div class=\"our-team__member__person\">\n        <div class=\"our-team__member__image-wrapper\">\n            <img decoding=\"async\" src=\"https:\/\/therefore.net\/wp\/..\/app\/uploads\/2025\/12\/Michael-Heitz-CEO-150x150.png\" alt=\"Michael&#x20;Heitz\" loading=\"lazy\">\n        <\/div>\n        <div class=\"our-team__member__signature\">\n                            <span class=\"our-team__member__name\">Michael Heitz<\/span>\n                                        <span class=\"our-team__member__position\">Chief Executive Officer<\/span>\n                    <\/div>\n    <\/div>\n    <p class=\"our-team__member__text\">\n        Michael Heitz est un chef d&#8217;entreprise international passionn\u00e9 par la cr\u00e9ation d&#8217;entreprises qui allient technologie, ressources humaines et objectifs. En tant que PDG de Therefore, il s&#8217;attache \u00e0 cr\u00e9er un impact durable gr\u00e2ce \u00e0 l&#8217;innovation et \u00e0 une exp\u00e9rience client exceptionnelle. \n    <\/p>\n<\/div>\n                            <div class=\"our-team__member our-team__member--reversed\">\n    <div class=\"our-team__member__person\">\n        <div class=\"our-team__member__image-wrapper\">\n            <img decoding=\"async\" src=\"https:\/\/therefore.net\/wp\/..\/app\/uploads\/2022\/06\/about-us-stephan-barth-150x150.png\" alt=\"Stephan&#x20;Barth\" loading=\"lazy\">\n        <\/div>\n        <div class=\"our-team__member__signature\">\n                            <span class=\"our-team__member__name\">Stephan Barth<\/span>\n                                        <span class=\"our-team__member__position\">Chief Technical Officer<\/span>\n                    <\/div>\n    <\/div>\n    <p class=\"our-team__member__text\">\n        Stephan Barth a plus de 20 ans d&#8217;exp\u00e9rience dans le d\u00e9veloppement de logiciels de gestion de l&#8217;information et a jou\u00e9 un r\u00f4le majeur dans le d\u00e9veloppement de l&#8217;entreprise depuis sa cr\u00e9ation. Stephan est responsable de l&#8217;ensemble du d\u00e9veloppement et de la mise en \u0153uvre du logiciel de gestion de l&#8217;information Therefore\u2122.\n    <\/p>\n<\/div>\n                    <\/div>\n                \n    <\/div>\n<\/section>\n\n\n<section class=\"custom-block join-therefore\">\n    <div class=\"container\">\n        <div class=\"join-therefore__inner\">\n                        <div class=\"join-therefore__title-wrapper\">\n                                <h4 class=\"join-therefore__title\">\n                    Rejoindre notre \u00e9quipe !\n                <\/h4>\n            <\/div>\n                        <div class=\"join-therefore__text-wrapper\">\n                <p class=\"join-therefore__text\">Chez Therefore, tout tourne autour des personnes. Cela signifie que lorsque vous rejoignez notre \u00e9quipe, nous pensons \u00e0 adapter le poste \u00e0 vos int\u00e9r\u00eats et \u00e0 vos talents plut\u00f4t que d&#8217;essayer de vous enfermer dans un poste tout fait.<\/p>\n                                    <a href=\"https:\/\/therefore.net\/fr\/carrieres\/\" class=\"main-button main-button--with-arrow main-button--white\" target=\"\">Notre \u00e9quipe s&#8217;agrandit<\/a>\n                            <\/div>\n        <\/div>\n    <\/div>\n<\/section>\n\n\n\n<section class=\"custom-block video-img-section video-img-section--shape \">\n    <div class=\"container video-img-section__container\">\n\n        <div class=\"video-img-section__row\">\n            <div class=\"video-img-section__media video-img-section__media\">\n                                <div class=\"video-img-section__media__item video-img-section__media__item--video\">\n                                            <video src=\"https:\/\/therefore.net\/wp\/..\/app\/uploads\/2023\/06\/WhatIsTf-4min-Site-FR.mp4\" name=\"whatistf-4min-site-fr\" controls><\/video>\n                                    <\/div>\n                            <\/div>\n\n            <div class=\"video-img-section__content\">\n                                                        <h2 class=\"video-img-section__title\">Qu&#8217;est-ce que Therefore\u2122 ?<\/h2>\n                \n                                    <div class=\"video-img-section__text\"><p>Le logiciel Therefore\u2122 vous donne le contr\u00f4le total de vos informations. La planification de la r\u00e9ussite repose sur la possession des bonnes informations au bon moment &#8211; laissez-nous vous aider \u00e0 r\u00e9ussir.<\/p>\n<p>Pour en savoir plus, consultez notre page <span style=\"text-decoration: underline;\"><a href=\"https:\/\/therefore.net\/fr\/a-propos-de-nous\/produits\/\"><strong>Produits<\/strong><\/a><\/span>.<\/p>\n<\/div>\n                            <\/div>\n        <\/div>\n\n\n    <\/div>\n\n<\/section>\n\n\n\n<section class=\"custom-block news-blog\">\n    <div class=\"container news-blog__container\">\n                                <h2 class=\"news-blog__title\">Therefore\u2122 News &#038; Blog<\/h2>\n        \n        <div class=\"news-blog__posts\">\n            <svg width=\"420\" height=\"302\" viewBox=\"0 0 420 302\" fill=\"none\" xmlns=\"http:\/\/www.w3.org\/2000\/svg\">\n<g clip-path=\"url(#clip0_545_85937)\">\n<path d=\"M420 302L-3.05176e-05 302L-4.1159e-06 -6.19999e-06L220 1.3033e-05C330.457 2.26895e-05 420 89.5431 420 200L420 302Z\" fill=\"#1E5BFA\"\/>\n<g filter=\"url(#filter0_f_545_85937)\">\n<circle cx=\"74\" cy=\"187\" r=\"218\" fill=\"#44EDF8\" fill-opacity=\"0.56\"\/>\n<\/g>\n<\/g>\n<defs>\n<filter id=\"filter0_f_545_85937\" x=\"-444\" y=\"-331\" width=\"1036\" height=\"1036\" filterUnits=\"userSpaceOnUse\" color-interpolation-filters=\"sRGB\">\n<feFlood flood-opacity=\"0\" result=\"BackgroundImageFix\"\/>\n<feBlend mode=\"normal\" in=\"SourceGraphic\" in2=\"BackgroundImageFix\" result=\"shape\"\/>\n<feGaussianBlur stdDeviation=\"150\" result=\"effect1_foregroundBlur_545_85937\"\/>\n<\/filter>\n<clipPath id=\"clip0_545_85937\">\n<path d=\"M420 302L-3.05176e-05 302L-4.1159e-06 -6.19999e-06L220 1.3033e-05C330.457 2.26895e-05 420 89.5431 420 200L420 302Z\" fill=\"white\"\/>\n<\/clipPath>\n<\/defs>\n<\/svg>\n\n                            <div class=\"news-blog__post\">\n    <div class=\"news-blog__post__image\">\n        <img decoding=\"async\" width=\"800\" height=\"600\" src=\"https:\/\/therefore.net\/wp\/..\/app\/uploads\/2024\/12\/Update.png\" class=\"attachment-full size-full wp-post-image\" alt=\"Le mot &quot;UPDATE&quot; est \u00e9crit en grandes lettres blanches \u00e0 la craie sur un tableau noir, surmont\u00e9 d&#039;un dessin d&#039;horloge simple, avec deux aiguilles et des marques de tic-tac sugg\u00e9rant le passage du temps.\" srcset=\"https:\/\/therefore.net\/wp\/..\/app\/uploads\/2024\/12\/Update.png 800w, https:\/\/therefore.net\/wp\/..\/app\/uploads\/2024\/12\/Update-300x225.png 300w, https:\/\/therefore.net\/wp\/..\/app\/uploads\/2024\/12\/Update-768x576.png 768w\" sizes=\"(max-width: 800px) 100vw, 800px\" \/>\n    <\/div>\n    <div class=\"news-blog__post__content\">\n        <span class=\"news-blog__post__date\">04 February 2026 by Cono Fusco<\/span>\n        <h3 class=\"news-blog__post__title\">Mise \u00e0 niveau des fonctionnalit\u00e9s pour Therefore\u2122 Online<\/h3>\n        <p class=\"news-blog__post__excerpt\"><\/p>\n        <a class=\"arrow-link link-accent news-blog__post__link\" href=\"https:\/\/therefore.net\/fr\/blog\/mise-a-niveau-des-fonctionnalites-pour-therefore-online-34-1\/\" target=\"_self\">En savoir plus<\/a>\n    <\/div>\n<\/div>\n                            <div class=\"news-blog__post\">\n    <div class=\"news-blog__post__image\">\n        <img decoding=\"async\" width=\"800\" height=\"600\" src=\"https:\/\/therefore.net\/wp\/..\/app\/uploads\/2026\/02\/Copilot-Connector-Update.png\" class=\"attachment-full size-full wp-post-image\" alt=\"Fond abstrait avec le texte Therefore\u2122 Connector for Microsoft Copilot au-dessus d&#039;un logo avec trois cercles orange reli\u00e9s par des lignes noires et une ic\u00f4ne bleue. Le mot &quot;UPDATE&quot; appara\u00eet en lettres grasses sous le logo.\" srcset=\"https:\/\/therefore.net\/wp\/..\/app\/uploads\/2026\/02\/Copilot-Connector-Update.png 800w, https:\/\/therefore.net\/wp\/..\/app\/uploads\/2026\/02\/Copilot-Connector-Update-300x225.png 300w, https:\/\/therefore.net\/wp\/..\/app\/uploads\/2026\/02\/Copilot-Connector-Update-768x576.png 768w\" sizes=\"(max-width: 800px) 100vw, 800px\" \/>\n    <\/div>\n    <div class=\"news-blog__post__content\">\n        <span class=\"news-blog__post__date\">03 February 2026 by Cono Fusco<\/span>\n        <h3 class=\"news-blog__post__title\">Mise \u00e0 jour du connecteur Copilot<\/h3>\n        <p class=\"news-blog__post__excerpt\"><\/p>\n        <a class=\"arrow-link link-accent news-blog__post__link\" href=\"https:\/\/therefore.net\/fr\/blog\/mise-a-jour-du-connecteur-copilot\/\" target=\"_self\">En savoir plus<\/a>\n    <\/div>\n<\/div>\n                    <\/div>\n\n                    <div class=\"case-studies-block__footer\">\n                <p class=\"case-studies-block__footer-text\">Pour vous tenir au courant des derni\u00e8res nouvelles du monde de Therefore\u2122, consultez notre blog (en anglais) !<\/p>\n                <a href=\"https:\/\/therefore.net\/blog\/\" class=\"round-arrow-button\"><\/a>\n            <\/div>\n        \n    <\/div>\n<\/section>\n","protected":false},"excerpt":{"rendered":"","protected":false},"author":5,"featured_media":0,"parent":0,"menu_order":0,"comment_status":"closed","ping_status":"closed","template":"","meta":{"_acf_changed":false,"inline_featured_image":false,"footnotes":""},"class_list":["post-3311","page","type-page","status-publish","hentry"],"acf":[],"yoast_head":"<!-- This site is optimized with the Yoast SEO plugin v27.3 - https:\/\/yoast.com\/product\/yoast-seo-wordpress\/ -->\n<title>A propos de nous - Therefore<\/title>\n<meta name=\"robots\" content=\"index, follow, max-snippet:-1, max-image-preview:large, max-video-preview:-1\" \/>\n<link rel=\"canonical\" href=\"https:\/\/therefore.net\/fr\/a-propos-de-nous\/\" \/>\n<script type=\"application\/ld+json\" class=\"yoast-schema-graph\">{\"@context\":\"https:\\\/\\\/schema.org\",\"@graph\":[{\"@type\":\"WebPage\",\"@id\":\"https:\\\/\\\/therefore.net\\\/fr\\\/a-propos-de-nous\\\/\",\"url\":\"https:\\\/\\\/therefore.net\\\/fr\\\/a-propos-de-nous\\\/\",\"name\":\"A propos de nous - Therefore\",\"isPartOf\":{\"@id\":\"https:\\\/\\\/therefore.net\\\/fr\\\/#website\"},\"datePublished\":\"2022-06-01T07:21:35+00:00\",\"dateModified\":\"2025-12-04T21:29:49+00:00\",\"breadcrumb\":{\"@id\":\"https:\\\/\\\/therefore.net\\\/fr\\\/a-propos-de-nous\\\/#breadcrumb\"},\"inLanguage\":\"fr-FR\",\"potentialAction\":[{\"@type\":\"ReadAction\",\"target\":[\"https:\\\/\\\/therefore.net\\\/fr\\\/a-propos-de-nous\\\/\"]}]},{\"@type\":\"BreadcrumbList\",\"@id\":\"https:\\\/\\\/therefore.net\\\/fr\\\/a-propos-de-nous\\\/#breadcrumb\",\"itemListElement\":[{\"@type\":\"ListItem\",\"position\":1,\"name\":\"Home\",\"item\":\"https:\\\/\\\/therefore.net\\\/fr\\\/\"},{\"@type\":\"ListItem\",\"position\":2,\"name\":\"A propos de nous\"}]},{\"@type\":\"WebSite\",\"@id\":\"https:\\\/\\\/therefore.net\\\/fr\\\/#website\",\"url\":\"https:\\\/\\\/therefore.net\\\/fr\\\/\",\"name\":\"Therefore\",\"description\":\"\",\"publisher\":{\"@id\":\"https:\\\/\\\/therefore.net\\\/fr\\\/#organization\"},\"potentialAction\":[{\"@type\":\"SearchAction\",\"target\":{\"@type\":\"EntryPoint\",\"urlTemplate\":\"https:\\\/\\\/therefore.net\\\/fr\\\/?s={search_term_string}\"},\"query-input\":{\"@type\":\"PropertyValueSpecification\",\"valueRequired\":true,\"valueName\":\"search_term_string\"}}],\"inLanguage\":\"fr-FR\"},{\"@type\":\"Organization\",\"@id\":\"https:\\\/\\\/therefore.net\\\/fr\\\/#organization\",\"name\":\"Therefore\",\"url\":\"https:\\\/\\\/therefore.net\\\/fr\\\/\",\"logo\":{\"@type\":\"ImageObject\",\"inLanguage\":\"fr-FR\",\"@id\":\"https:\\\/\\\/therefore.net\\\/fr\\\/#\\\/schema\\\/logo\\\/image\\\/\",\"url\":\"https:\\\/\\\/therefore.net\\\/wp\\\/..\\\/app\\\/uploads\\\/2022\\\/04\\\/logo.png\",\"contentUrl\":\"https:\\\/\\\/therefore.net\\\/wp\\\/..\\\/app\\\/uploads\\\/2022\\\/04\\\/logo.png\",\"width\":176,\"height\":48,\"caption\":\"Therefore\"},\"image\":{\"@id\":\"https:\\\/\\\/therefore.net\\\/fr\\\/#\\\/schema\\\/logo\\\/image\\\/\"},\"sameAs\":[\"https:\\\/\\\/www.linkedin.com\\\/company\\\/therefore-corporation\\\/\",\"https:\\\/\\\/www.youtube.com\\\/user\\\/ThereforeTV\"]}]}<\/script>\n<!-- \/ Yoast SEO plugin. -->","yoast_head_json":{"title":"A propos de nous - Therefore","robots":{"index":"index","follow":"follow","max-snippet":"max-snippet:-1","max-image-preview":"max-image-preview:large","max-video-preview":"max-video-preview:-1"},"canonical":"https:\/\/therefore.net\/fr\/a-propos-de-nous\/","schema":{"@context":"https:\/\/schema.org","@graph":[{"@type":"WebPage","@id":"https:\/\/therefore.net\/fr\/a-propos-de-nous\/","url":"https:\/\/therefore.net\/fr\/a-propos-de-nous\/","name":"A propos de nous - Therefore","isPartOf":{"@id":"https:\/\/therefore.net\/fr\/#website"},"datePublished":"2022-06-01T07:21:35+00:00","dateModified":"2025-12-04T21:29:49+00:00","breadcrumb":{"@id":"https:\/\/therefore.net\/fr\/a-propos-de-nous\/#breadcrumb"},"inLanguage":"fr-FR","potentialAction":[{"@type":"ReadAction","target":["https:\/\/therefore.net\/fr\/a-propos-de-nous\/"]}]},{"@type":"BreadcrumbList","@id":"https:\/\/therefore.net\/fr\/a-propos-de-nous\/#breadcrumb","itemListElement":[{"@type":"ListItem","position":1,"name":"Home","item":"https:\/\/therefore.net\/fr\/"},{"@type":"ListItem","position":2,"name":"A propos de nous"}]},{"@type":"WebSite","@id":"https:\/\/therefore.net\/fr\/#website","url":"https:\/\/therefore.net\/fr\/","name":"Therefore","description":"","publisher":{"@id":"https:\/\/therefore.net\/fr\/#organization"},"potentialAction":[{"@type":"SearchAction","target":{"@type":"EntryPoint","urlTemplate":"https:\/\/therefore.net\/fr\/?s={search_term_string}"},"query-input":{"@type":"PropertyValueSpecification","valueRequired":true,"valueName":"search_term_string"}}],"inLanguage":"fr-FR"},{"@type":"Organization","@id":"https:\/\/therefore.net\/fr\/#organization","name":"Therefore","url":"https:\/\/therefore.net\/fr\/","logo":{"@type":"ImageObject","inLanguage":"fr-FR","@id":"https:\/\/therefore.net\/fr\/#\/schema\/logo\/image\/","url":"https:\/\/therefore.net\/wp\/..\/app\/uploads\/2022\/04\/logo.png","contentUrl":"https:\/\/therefore.net\/wp\/..\/app\/uploads\/2022\/04\/logo.png","width":176,"height":48,"caption":"Therefore"},"image":{"@id":"https:\/\/therefore.net\/fr\/#\/schema\/logo\/image\/"},"sameAs":["https:\/\/www.linkedin.com\/company\/therefore-corporation\/","https:\/\/www.youtube.com\/user\/ThereforeTV"]}]}},"_links":{"self":[{"href":"https:\/\/therefore.net\/fr\/wp-json\/wp\/v2\/pages\/3311","targetHints":{"allow":["GET"]}}],"collection":[{"href":"https:\/\/therefore.net\/fr\/wp-json\/wp\/v2\/pages"}],"about":[{"href":"https:\/\/therefore.net\/fr\/wp-json\/wp\/v2\/types\/page"}],"author":[{"embeddable":true,"href":"https:\/\/therefore.net\/fr\/wp-json\/wp\/v2\/users\/5"}],"replies":[{"embeddable":true,"href":"https:\/\/therefore.net\/fr\/wp-json\/wp\/v2\/comments?post=3311"}],"version-history":[{"count":11,"href":"https:\/\/therefore.net\/fr\/wp-json\/wp\/v2\/pages\/3311\/revisions"}],"predecessor-version":[{"id":10040,"href":"https:\/\/therefore.net\/fr\/wp-json\/wp\/v2\/pages\/3311\/revisions\/10040"}],"wp:attachment":[{"href":"https:\/\/therefore.net\/fr\/wp-json\/wp\/v2\/media?parent=3311"}],"curies":[{"name":"wp","href":"https:\/\/api.w.org\/{rel}","templated":true}]}}